{"id":1430,"date":"2019-10-17T04:29:13","date_gmt":"2019-10-17T04:29:13","guid":{"rendered":"https:\/\/bayareacrisisnursery.org\/?page_id=1430"},"modified":"2026-01-08T20:40:20","modified_gmt":"2026-01-08T20:40:20","slug":"holiday-toy-drive","status":"publish","type":"page","link":"https:\/\/bayareacrisisnursery.org\/de\/other-ways-to-give\/holiday-toy-drive\/","title":{"rendered":"Weihnachtsspielzeug Drive"},"content":{"rendered":"<div id=\"cs-content\" class=\"cs-content\"><div class=\"x-section e1430-e1 m13q-0 m13q-1 m13q-2\"><div class=\"x-container marginless-columns e1430-e2 m13q-5\"><div class=\"x-column x-sm x-1-1 e1430-e3 m13q-6\"><img decoding=\"async\"  class=\"x-img x-img-none\"  src=\"https:\/\/bayareacrisisnursery.org\/wp-content\/uploads\/2022\/09\/Adopt-a-Family-Banner.png\" alt=\"Support BACN Piggy Bank\"><\/div><\/div><\/div><div class=\"x-section e1430-e5 m13q-0 m13q-1 m13q-2\"><div class=\"x-container marginless-columns e1430-e6 m13q-5\"><div class=\"x-column x-sm x-1-1 e1430-e7 m13q-6\"><h2  class=\"h-custom-headline h3\" ><span>Adoptiere eine Familie f\u00fcr die Feiertage<\/span><\/h2><\/div><\/div><div class=\"x-container marginless-columns e1430-e9 m13q-5\"><div class=\"x-column x-sm x-1-1 e1430-e10 m13q-6\"><div class=\"x-content-area e1430-e11 m13q-7\"><p>Vielen Dank f\u00fcr Ihr Interesse, eine unserer Familien f\u00fcr die Feiertage zu adoptieren! Die Adopt-a-Family-Spielzeugaktion der Bay Area Crisis Nursery bietet Weihnachtsgeschenke f\u00fcr Kinder, die im letzten Jahr bei uns im Kindergarten waren \u2013 und deren Geschwister und Eltern! Die Adoption eines Kindes oder einer Familie w\u00e4hrend der Ferien kann in Ihrer ganzen Familie ein Gef\u00fchl des Gebens wecken. Der Sponsor einer Familie kann eine Einzelperson, eine Familie, eine Gruppe von Personen, Vereine und Organisationen, kirchliche Gruppen sein \u2013 und sowohl kleine als auch gro\u00dfe Unternehmen haben sich unserer Weihnachtsspielaktion \u201eAdopt-a-Family\u201c angeschlossen. Viele Unterst\u00fctzer finden die Erfahrung so erf\u00fcllend, dass sie es zu einer j\u00e4hrlichen Tradition machen, die die wahre Bedeutung der Jahreszeit zeigt, indem sie Jahr f\u00fcr Jahr Geschenke machen und Mitgef\u00fchl f\u00fcr andere zeigen.<\/p>\n<h3>Wie es funktioniert<\/h3>\n<ul>\n<li><b><\/b>Complete the Interest Form below to let us know that you would like to adopt-a-family and how many individuals you would like to sponsor. We ask that sponsors budget about $150 per individual that they adopt.<\/li>\n<\/ul>\n<ul>\n<li><b>Wir senden Ihnen eine detaillierte Wunschliste zu<\/b> f\u00fcr jede Person in der Familie. Wir beginnen am 1. November mit dem Sammeln von Wunschlisten von unseren Familien und werden sie ab November f\u00fcr Sponsoren bereithalten.<\/li>\n<\/ul>\n<ul>\n<li><b>Einkaufen gehen!<\/b> Wir m\u00f6chten, dass die W\u00fcnsche unserer Kinder in Erf\u00fcllung gehen, und bitten Sponsoren, ihr Bestes zu geben, um die gew\u00fcnschten Geschenke und Geschenkgutscheine f\u00fcr Lebensmittelgesch\u00e4fte bereitzustellen, damit Familien ein sch\u00f6nes Festtagsessen zubereiten k\u00f6nnen. Wir akzeptieren keine gebrauchten Artikel.\n<p>Sie k\u00f6nnen die Bay Area Crisis Nursery w\u00e4hlen, um zus\u00e4tzliche Finanzierung durch die <b><a href=\"https:\/\/smile.amazon.com\/ch\/94-2681676\">AmazonSmile<\/a> <\/b>und <b><a href=\"https:\/\/www.escrip.com\/\">eScript<\/a><\/b> Programme! Es ist das Geschenk, das uns das ganze Jahr \u00fcber zur\u00fcckgibt.<\/p>\n<\/li>\n<\/ul>\n<ul>\n<li><b>Sobald Sie Ihre Geschenke gekauft haben<\/b> bereiten sie f\u00fcr die Abgabe in unserem Verwaltungsgeb\u00e4ude vor. Jedes Geschenk sollte mit der Familien-ID und dem Namen des Empf\u00e4ngers gekennzeichnet sein. Nur so k\u00f6nnen wir sicherstellen, dass das richtige Geschenk bei der richtigen Familie ankommt. Um sicherzustellen, dass wir Geschenkkarten nicht verlieren, legen Sie diese bitte in einen Umschlag und beschriften Sie sie mit der Familien-ID und dem Namen. Geschenke m\u00fcssen unverpackt geliefert werden, damit unsere Elfen sicherstellen k\u00f6nnen, dass sie sicher und altersgerecht sind.<\/li>\n<\/ul>\n<ul>\n<li><b>Gib sie ab <\/b>zu unserem Verwaltungsgeb\u00e4ude zu den unten angegebenen Zeiten und Daten.<\/li>\n<\/ul>\n<p><b>Abgabezeiten f\u00fcr Spenden<br \/>Dec 8 - 12 &amp; 15 - 17, 2025 | 10 am - 4 pm<br \/>Ort: 1510 Mendocino Dr, Concord<\/b><\/p><\/div><\/div><\/div><\/div><div class=\"x-section e1430-e12 m13q-0 m13q-1 m13q-3\"><div class=\"x-row e1430-e13 m13q-8 m13q-9 m13q-b\"><div class=\"x-row-inner\"><div class=\"x-col e1430-e14 m13q-f m13q-g\"><a  class=\"x-btn x-btn-global\"  href=\"https:\/\/bayareacrisisnursery.app.neoncrm.com\/forms\/holiday-donations\"     data-options=\"thumbnail: ''\">Spende heute<\/a><\/div><\/div><\/div><\/div><div class=\"x-section e1430-e16 m13q-0 m13q-1 m13q-2\"><div class=\"x-container marginless-columns e1430-e17 m13q-5\"><div class=\"x-column x-sm x-1-1 e1430-e18 m13q-6\"><div class=\"x-content-area e1430-e19 m13q-7\"><p><div id=\"x-content-band-1\" class=\"x-content-band border-top border-left border-right border-bottom\" style=\"background-color: #efefef; color: #333;\"><div class=\"x-container max width\"> <h4  class=\"h-custom-headline h3\" style=\"margin-top: 0;\"><span>Adoptieren Sie eine Familie<\/span><\/h4><\/p>\n<p>Interested in adopting a family, or 2, or 3? Just fill out the form below letting us know how many people you can sponsor for the holidays, and we will send you a family's wish lists.<\/p>\n<p><a  class=\"x-btn x-btn-flat x-btn-global\"  href=\"https:\/\/forms.gle\/ABf5rYwswJS5emx36\"     data-options=\"thumbnail: ''\">All of Our Families Have Been Adopted. Thank You<\/a> <\/div><\/div><\/p><\/div><\/div><\/div><\/div><div class=\"x-section e1430-e20 m13q-0 m13q-1 m13q-2\"><div class=\"x-container marginless-columns e1430-e21 m13q-5\"><div class=\"x-column x-sm x-1-1 e1430-e22 m13q-6\"><div class=\"x-content-area e1430-e23 m13q-7\"><p><div id=\"x-content-band-2\" class=\"x-content-band border-top border-left border-right border-bottom\" style=\"background-color: #efefef; color: #333;\"><div class=\"x-container max width\"> <h4  class=\"h-custom-headline h3\" style=\"margin-top: 0;\"><span>Toy &amp; Food Drives<\/span><\/h4><\/p>\n<p>Interested in holding a toy or food drive? Just fill out the form below and schedule your drop off date.<\/p>\n<p><a  class=\"x-btn x-btn-flat x-btn-global\"  href=\"https:\/\/docs.google.com\/forms\/d\/e\/1FAIpQLSfoYJxEAcGD86jNnyikuYbwX_Va_jkmvkwjX3up2q02iwR-nA\/viewform?usp=header\"     data-options=\"thumbnail: ''\">Thank You to Everyone Who Signed Up!<\/a> <\/div><\/div><\/p><\/div><\/div><\/div><\/div><div class=\"x-section e1430-e24 m13q-0 m13q-2 m13q-4\"><div class=\"x-row e1430-e25 m13q-8 m13q-a m13q-c m13q-d\"><div class=\"x-row-inner\"><div class=\"x-col e1430-e26 m13q-f m13q-h\"><div class=\"x-text x-text-headline e1430-e27 m13q-j m13q-k\"><div class=\"x-text-content\"><div class=\"x-text-content-text\"><h3 class=\"x-text-content-text-primary\">BACN unterst\u00fctzen<\/h3>\n<\/div><\/div><\/div><\/div><\/div><\/div><div class=\"x-row e1430-e28 m13q-8 m13q-a m13q-c m13q-e\"><div class=\"x-row-inner\"><div class=\"x-col e1430-e29 m13q-f m13q-h m13q-i\"><a class=\"x-image e1430-e30 m13q-m\" href=\"mailto:giving@bayareacrisisnursery.org?subject=Stock%20Donations\" target=\"_blank\" rel=\"noopener noreferrer\"><img decoding=\"async\" src=\"https:\/\/bayareacrisisnursery.org\/wp-content\/uploads\/2019\/12\/Piggy-Stock.jpg\" width=\"847\" height=\"565\" alt=\"Stock Donations\" loading=\"lazy\"><\/a><div class=\"x-text x-text-headline e1430-e31 m13q-k m13q-l\"><div class=\"x-text-content\"><div class=\"x-text-content-text\"><h3 class=\"x-text-content-text-primary\"><p><a href=\"mailto:giving@bayareacrisisnursery.org?subject=Donating Stock\">BACN akzeptiert Aktienspenden. E-Mail heute.<\/a><\/p><\/h3>\n<\/div><\/div><\/div><\/div><div class=\"x-col e1430-e32 m13q-f m13q-h m13q-i\"><iframe loading=\"lazy\" src=\"https:\/\/doublethedonation.com\/api\/iframe\/XvD2NtEV1TSXhAQ1\" height=\"350\" width=\"100%\"><\/iframe><\/div><div class=\"x-col e1430-e34 m13q-f m13q-h m13q-i\"><a class=\"x-image e1430-e35 m13q-m m13q-n\" href=\"https:\/\/bayareacrisisnursery.org\/de\/programs\/crisis-care\/\" target=\"_blank\" rel=\"noopener noreferrer\"><img decoding=\"async\" src=\"https:\/\/bayareacrisisnursery.org\/wp-content\/uploads\/2022\/08\/News.jpg\" width=\"600\" height=\"400\" alt=\"Newsletter\" loading=\"lazy\"><\/a><div class=\"x-text x-text-headline e1430-e36 m13q-k m13q-l\"><div class=\"x-text-content\"><div class=\"x-text-content-text\"><h3 class=\"x-text-content-text-primary\"><p><a href=\"https:\/\/mailchi.mp\/bayareacrisisnursery\/newsletter?dnt=1\" data-wplink-edit=\"true\">Melden Sie sich an, um in Kontakt zu bleiben<\/a><\/p><\/h3>\n<\/div><\/div><\/div><\/div><\/div><\/div><\/div><\/div>","protected":false},"excerpt":{"rendered":"<p>Adopt-A-Family for the HolidaysThank you for your interest in adopting one of our families for the holidays! The Bay Area Crisis Nursery&rsquo;s Adopt-a-Family toy drive provides holiday gifts for children who have stayed with us at the Nursery over the past year&mdash;and their siblings and parents! Adopting a child or family during the holidays can inspire a sense of giving &#8230; <a href=\"https:\/\/bayareacrisisnursery.org\/de\/other-ways-to-give\/holiday-toy-drive\/\" class=\"more-link\">Weiterlesen<\/a><\/p>","protected":false},"author":1,"featured_media":0,"parent":270,"menu_order":0,"comment_status":"closed","ping_status":"closed","template":"template-layout-full-width.php","meta":{"om_disable_all_campaigns":false,"_monsterinsights_skip_tracking":false,"_monsterinsights_sitenote_active":false,"_monsterinsights_sitenote_note":"","_monsterinsights_sitenote_category":0,"_uf_show_specific_survey":0,"_uf_disable_surveys":false,"footnotes":""},"class_list":["post-1430","page","type-page","status-publish","hentry","no-post-thumbnail"],"yoast_head":"<!-- This site is optimized with the Yoast SEO Premium plugin v27.2 (Yoast SEO v27.2) - https:\/\/yoast.com\/product\/yoast-seo-premium-wordpress\/ -->\n<title>Holiday Toy Drive - Bay Area Crisis Nursery<\/title>\n<meta name=\"description\" content=\"The Bay Area Crisis Nursery&#039;s Adopt-a-Family holiday toy drive inspires a sense of giving in your whole family.\" \/>\n<meta name=\"robots\" content=\"index, follow, max-snippet:-1, max-image-preview:large, max-video-preview:-1\" \/>\n<link rel=\"canonical\" href=\"https:\/\/bayareacrisisnursery.org\/de\/other-ways-to-give\/holiday-toy-drive\/\" \/>\n<meta property=\"og:locale\" content=\"de_DE\" \/>\n<meta property=\"og:type\" content=\"article\" \/>\n<meta property=\"og:title\" content=\"Holiday Toy Drive\" \/>\n<meta property=\"og:description\" content=\"The Bay Area Crisis Nursery&#039;s Adopt-a-Family holiday toy drive inspires a sense of giving in your whole family.\" \/>\n<meta property=\"og:url\" content=\"https:\/\/bayareacrisisnursery.org\/de\/other-ways-to-give\/holiday-toy-drive\/\" \/>\n<meta property=\"og:site_name\" content=\"Bay Area Crisis Nursery\" \/>\n<meta property=\"article:publisher\" content=\"https:\/\/www.facebook.com\/bacnspage\/\" \/>\n<meta property=\"article:modified_time\" content=\"2026-01-08T20:40:20+00:00\" \/>\n<meta name=\"twitter:card\" content=\"summary_large_image\" \/>\n<meta name=\"twitter:site\" content=\"@bacn_nursery\" \/>\n<meta name=\"twitter:label1\" content=\"Gesch\u00e4tzte Lesezeit\" \/>\n\t<meta name=\"twitter:data1\" content=\"3\u00a0Minuten\" \/>\n<script type=\"application\/ld+json\" class=\"yoast-schema-graph\">{\"@context\":\"https:\/\/schema.org\",\"@graph\":[{\"@type\":\"WebPage\",\"@id\":\"https:\/\/bayareacrisisnursery.org\/other-ways-to-give\/holiday-toy-drive\/\",\"url\":\"https:\/\/bayareacrisisnursery.org\/other-ways-to-give\/holiday-toy-drive\/\",\"name\":\"Holiday Toy Drive - Bay Area Crisis Nursery\",\"isPartOf\":{\"@id\":\"https:\/\/bayareacrisisnursery.org\/#website\"},\"datePublished\":\"2019-10-17T04:29:13+00:00\",\"dateModified\":\"2026-01-08T20:40:20+00:00\",\"description\":\"The Bay Area Crisis Nursery's Adopt-a-Family holiday toy drive inspires a sense of giving in your whole family.\",\"breadcrumb\":{\"@id\":\"https:\/\/bayareacrisisnursery.org\/other-ways-to-give\/holiday-toy-drive\/#breadcrumb\"},\"inLanguage\":\"de\",\"potentialAction\":[{\"@type\":\"ReadAction\",\"target\":[\"https:\/\/bayareacrisisnursery.org\/other-ways-to-give\/holiday-toy-drive\/\"]}]},{\"@type\":\"BreadcrumbList\",\"@id\":\"https:\/\/bayareacrisisnursery.org\/other-ways-to-give\/holiday-toy-drive\/#breadcrumb\",\"itemListElement\":[{\"@type\":\"ListItem\",\"position\":1,\"name\":\"Home\",\"item\":\"https:\/\/bayareacrisisnursery.org\/\"},{\"@type\":\"ListItem\",\"position\":2,\"name\":\"Other Ways to Give\",\"item\":\"https:\/\/bayareacrisisnursery.org\/other-ways-to-give\/\"},{\"@type\":\"ListItem\",\"position\":3,\"name\":\"Holiday Toy Drive\"}]},{\"@type\":\"WebSite\",\"@id\":\"https:\/\/bayareacrisisnursery.org\/#website\",\"url\":\"https:\/\/bayareacrisisnursery.org\/\",\"name\":\"Bay Area Crisis Nursery\",\"description\":\"A Little Heart. A Little Help. A Lot of Hope.\",\"publisher\":{\"@id\":\"https:\/\/bayareacrisisnursery.org\/#organization\"},\"potentialAction\":[{\"@type\":\"SearchAction\",\"target\":{\"@type\":\"EntryPoint\",\"urlTemplate\":\"https:\/\/bayareacrisisnursery.org\/?s={search_term_string}\"},\"query-input\":{\"@type\":\"PropertyValueSpecification\",\"valueRequired\":true,\"valueName\":\"search_term_string\"}}],\"inLanguage\":\"de\"},{\"@type\":\"Organization\",\"@id\":\"https:\/\/bayareacrisisnursery.org\/#organization\",\"name\":\"Bay Area Crisis Nursery\",\"url\":\"https:\/\/bayareacrisisnursery.org\/\",\"logo\":{\"@type\":\"ImageObject\",\"inLanguage\":\"de\",\"@id\":\"https:\/\/bayareacrisisnursery.org\/#\/schema\/logo\/image\/\",\"url\":\"https:\/\/bayareacrisisnursery.org\/wp-content\/uploads\/2020\/12\/BACN-Logo.png\",\"contentUrl\":\"https:\/\/bayareacrisisnursery.org\/wp-content\/uploads\/2020\/12\/BACN-Logo.png\",\"width\":751,\"height\":374,\"caption\":\"Bay Area Crisis Nursery\"},\"image\":{\"@id\":\"https:\/\/bayareacrisisnursery.org\/#\/schema\/logo\/image\/\"},\"sameAs\":[\"https:\/\/www.facebook.com\/bacnspage\/\",\"https:\/\/x.com\/bacn_nursery\",\"https:\/\/www.instagram.com\/bayareacrisisnursery\/\",\"https:\/\/www.linkedin.com\/company\/bay-area-crisis-nursery\/about\/\"]}]}<\/script>\n<!-- \/ Yoast SEO Premium plugin. -->","yoast_head_json":{"title":"Holiday Toy Drive - Bay Area Crisis Nursery","description":"The Bay Area Crisis Nursery's Adopt-a-Family holiday toy drive inspires a sense of giving in your whole family.","robots":{"index":"index","follow":"follow","max-snippet":"max-snippet:-1","max-image-preview":"max-image-preview:large","max-video-preview":"max-video-preview:-1"},"canonical":"https:\/\/bayareacrisisnursery.org\/de\/other-ways-to-give\/holiday-toy-drive\/","og_locale":"de_DE","og_type":"article","og_title":"Holiday Toy Drive","og_description":"The Bay Area Crisis Nursery's Adopt-a-Family holiday toy drive inspires a sense of giving in your whole family.","og_url":"https:\/\/bayareacrisisnursery.org\/de\/other-ways-to-give\/holiday-toy-drive\/","og_site_name":"Bay Area Crisis Nursery","article_publisher":"https:\/\/www.facebook.com\/bacnspage\/","article_modified_time":"2026-01-08T20:40:20+00:00","twitter_card":"summary_large_image","twitter_site":"@bacn_nursery","twitter_misc":{"Gesch\u00e4tzte Lesezeit":"3\u00a0Minuten"},"schema":{"@context":"https:\/\/schema.org","@graph":[{"@type":"WebPage","@id":"https:\/\/bayareacrisisnursery.org\/other-ways-to-give\/holiday-toy-drive\/","url":"https:\/\/bayareacrisisnursery.org\/other-ways-to-give\/holiday-toy-drive\/","name":"Holiday Toy Drive - Bay Area Crisis Nursery","isPartOf":{"@id":"https:\/\/bayareacrisisnursery.org\/#website"},"datePublished":"2019-10-17T04:29:13+00:00","dateModified":"2026-01-08T20:40:20+00:00","description":"The Bay Area Crisis Nursery's Adopt-a-Family holiday toy drive inspires a sense of giving in your whole family.","breadcrumb":{"@id":"https:\/\/bayareacrisisnursery.org\/other-ways-to-give\/holiday-toy-drive\/#breadcrumb"},"inLanguage":"de","potentialAction":[{"@type":"ReadAction","target":["https:\/\/bayareacrisisnursery.org\/other-ways-to-give\/holiday-toy-drive\/"]}]},{"@type":"BreadcrumbList","@id":"https:\/\/bayareacrisisnursery.org\/other-ways-to-give\/holiday-toy-drive\/#breadcrumb","itemListElement":[{"@type":"ListItem","position":1,"name":"Home","item":"https:\/\/bayareacrisisnursery.org\/"},{"@type":"ListItem","position":2,"name":"Other Ways to Give","item":"https:\/\/bayareacrisisnursery.org\/other-ways-to-give\/"},{"@type":"ListItem","position":3,"name":"Holiday Toy Drive"}]},{"@type":"WebSite","@id":"https:\/\/bayareacrisisnursery.org\/#website","url":"https:\/\/bayareacrisisnursery.org\/","name":"Krisenkindergarten Bay Area","description":"Ein kleines Herz. Eine kleine Hilfe. Viel Hoffnung.","publisher":{"@id":"https:\/\/bayareacrisisnursery.org\/#organization"},"potentialAction":[{"@type":"SearchAction","target":{"@type":"EntryPoint","urlTemplate":"https:\/\/bayareacrisisnursery.org\/?s={search_term_string}"},"query-input":{"@type":"PropertyValueSpecification","valueRequired":true,"valueName":"search_term_string"}}],"inLanguage":"de"},{"@type":"Organization","@id":"https:\/\/bayareacrisisnursery.org\/#organization","name":"Krisenkindergarten Bay Area","url":"https:\/\/bayareacrisisnursery.org\/","logo":{"@type":"ImageObject","inLanguage":"de","@id":"https:\/\/bayareacrisisnursery.org\/#\/schema\/logo\/image\/","url":"https:\/\/bayareacrisisnursery.org\/wp-content\/uploads\/2020\/12\/BACN-Logo.png","contentUrl":"https:\/\/bayareacrisisnursery.org\/wp-content\/uploads\/2020\/12\/BACN-Logo.png","width":751,"height":374,"caption":"Bay Area Crisis Nursery"},"image":{"@id":"https:\/\/bayareacrisisnursery.org\/#\/schema\/logo\/image\/"},"sameAs":["https:\/\/www.facebook.com\/bacnspage\/","https:\/\/x.com\/bacn_nursery","https:\/\/www.instagram.com\/bayareacrisisnursery\/","https:\/\/www.linkedin.com\/company\/bay-area-crisis-nursery\/about\/"]}]}},"_links":{"self":[{"href":"https:\/\/bayareacrisisnursery.org\/de\/wp-json\/wp\/v2\/pages\/1430","targetHints":{"allow":["GET"]}}],"collection":[{"href":"https:\/\/bayareacrisisnursery.org\/de\/wp-json\/wp\/v2\/pages"}],"about":[{"href":"https:\/\/bayareacrisisnursery.org\/de\/wp-json\/wp\/v2\/types\/page"}],"author":[{"embeddable":true,"href":"https:\/\/bayareacrisisnursery.org\/de\/wp-json\/wp\/v2\/users\/1"}],"replies":[{"embeddable":true,"href":"https:\/\/bayareacrisisnursery.org\/de\/wp-json\/wp\/v2\/comments?post=1430"}],"version-history":[{"count":19,"href":"https:\/\/bayareacrisisnursery.org\/de\/wp-json\/wp\/v2\/pages\/1430\/revisions"}],"predecessor-version":[{"id":7415,"href":"https:\/\/bayareacrisisnursery.org\/de\/wp-json\/wp\/v2\/pages\/1430\/revisions\/7415"}],"up":[{"embeddable":true,"href":"https:\/\/bayareacrisisnursery.org\/de\/wp-json\/wp\/v2\/pages\/270"}],"wp:attachment":[{"href":"https:\/\/bayareacrisisnursery.org\/de\/wp-json\/wp\/v2\/media?parent=1430"}],"curies":[{"name":"wp","href":"https:\/\/api.w.org\/{rel}","templated":true}]}}