{"id":186,"date":"2019-04-19T05:17:42","date_gmt":"2019-04-19T05:17:42","guid":{"rendered":"https:\/\/bayareacrisisnursery.org\/?page_id=186"},"modified":"2025-03-20T21:27:05","modified_gmt":"2025-03-20T21:27:05","slug":"programs","status":"publish","type":"page","link":"https:\/\/bayareacrisisnursery.org\/de\/programs\/","title":{"rendered":"Unsere Programme"},"content":{"rendered":"<div id=\"cs-content\" class=\"cs-content\"><div class=\"x-section e186-e1 m56-0 m56-1 m56-2 m56-3\"><div class=\"x-row e186-e2 m56-7 m56-9 m56-a\"><div class=\"x-row-inner\"><div class=\"x-col e186-e3 m56-h\"><span class=\"x-image e186-e4 m56-k m56-l\"><img decoding=\"async\" src=\"https:\/\/bayareacrisisnursery.org\/wp-content\/uploads\/2022\/08\/Playdough.png\" width=\"1200\" height=\"400\" alt=\"Nursery Children\" loading=\"lazy\"><\/span><\/div><\/div><\/div><\/div><div class=\"x-section e186-e5 m56-0 m56-3 m56-4\"><div class=\"x-row e186-e6 m56-7 m56-8 m56-9 m56-b\"><div class=\"x-row-inner\"><div class=\"x-col e186-e7 m56-h m56-i\"><div class=\"x-text x-text-headline e186-e8 m56-o m56-p m56-q m56-r m56-s m56-t m56-u\"><div class=\"x-text-content\"><div class=\"x-text-content-text\"><h1 class=\"x-text-content-text-primary\">100%<\/h1>\n<\/div><\/div><\/div><div class=\"x-text x-text-headline e186-e9 m56-o m56-p m56-q m56-r m56-t m56-v m56-w m56-x\"><div class=\"x-text-content\"><div class=\"x-text-content-text\"><h2 class=\"x-text-content-text-primary\">UNSERER FAMILIEN W\u00dcRDEN DIE GRUPPE IHREN FREUNDEN EMPFEHLEN.<\/h2>\n<\/div><\/div><\/div><\/div><div class=\"x-col e186-e10 m56-h\"><div class=\"x-text x-text-headline e186-e11 m56-o m56-p m56-q m56-r m56-t m56-v m56-w m56-x\"><div class=\"x-text-content\"><div class=\"x-text-content-text\"><h2 class=\"x-text-content-text-primary\">WIR STELLTEN ZUR VERF\u00dcGUNG<\/h2>\n<\/div><\/div><\/div><div class=\"x-counter e186-e12 m56-11\" data-x-element-counter=\"{&quot;to&quot;:&quot;33,651&quot;,&quot;speed&quot;:&quot;1500ms&quot;,&quot;commaSeparatedDecimal&quot;:false}\"><div class=\"x-counter-number-wrap\"><span class=\"x-counter-number\">0<\/span><\/div><\/div><div class=\"x-text x-text-headline e186-e13 m56-o m56-p m56-q m56-r m56-t m56-v m56-w m56-x\"><div class=\"x-text-content\"><div class=\"x-text-content-text\"><h2 class=\"x-text-content-text-primary\">STUNDEN KOSTENLOSE KINDERBETREUUNG IM LETZTEN JAHR.<\/h2>\n<\/div><\/div><\/div><\/div><div class=\"x-col e186-e14 m56-h m56-i\"><div class=\"x-text x-text-headline e186-e15 m56-o m56-p m56-q m56-s m56-u m56-y\"><div class=\"x-text-content\"><div class=\"x-text-content-text\"><h1 class=\"x-text-content-text-primary\">98%<\/h1>\n<\/div><\/div><\/div><div class=\"x-text x-text-headline e186-e16 m56-o m56-p m56-q m56-r m56-t m56-v m56-w m56-x\"><div class=\"x-text-content\"><div class=\"x-text-content-text\"><h2 class=\"x-text-content-text-primary\">DER ELTERN BERICHTEN WENIGER STRESS NACH DER NUTZUNG VON KINDERGARTENDIENSTLEISTUNGEN.<\/h2>\n<\/div><\/div><\/div><\/div><\/div><\/div><\/div><div class=\"x-section e186-e17 m56-0 m56-1 m56-3 m56-5\"><div class=\"x-row e186-e18 m56-7 m56-9 m56-c\"><div class=\"x-row-inner\"><div class=\"x-col e186-e19 m56-h\"><hr class=\"x-line e186-e20 m56-12\"\/><\/div><\/div><\/div><\/div><div class=\"x-section e186-e21 m56-0 m56-1 m56-3 m56-5\"><div class=\"x-row e186-e22 m56-7 m56-9 m56-d\"><div class=\"x-row-inner\"><div class=\"x-col e186-e23 m56-h\"><div class=\"x-text x-content e186-e24 m56-13\"><p>Die Mission der Bay Area Crisis Nursery (BACN) ist einfach und wirkungsvoll \u2013 zur Verhinderung von Kindesmissbrauch und Vernachl\u00e4ssigung durch die Bereitstellung von unterst\u00fctzenden Diensten f\u00fcr Familien beizutragen. Wir sind eine kostenlose Anlaufstelle f\u00fcr Familien mit kleinen Kindern im Alter von Geburt bis 5 Jahren. Unsere Dienstleistungen streben danach, sichere, starke und stabile Familien durch ein Familienressourcenmodell aufzubauen.<\/p>\n\n<p>Wir unterst\u00fctzen Eltern und Betreuer beim Umgang mit den Stressfaktoren des Lebens, indem wir Dienstleistungen anbieten, die das Lernen und die Entwicklung, die Erziehungsf\u00e4higkeiten in einer nicht wertenden Umgebung und die elterliche Unterst\u00fctzung zur Bew\u00e4ltigung von Stress- und Krisensituationen f\u00f6rdern. Alle unsere Dienstleistungen f\u00f6rdern evidenzbasierte Schutzfaktoren, die nachweislich Eltern-Kind-Beziehungen st\u00e4rken und Kindern und Familien helfen, sich zu entfalten. Dazu geh\u00f6ren elterliche Resilienz, soziale Bindungen, konkrete Unterst\u00fctzung in Notzeiten, Wissen \u00fcber Erziehung und kindliche Entwicklung sowie soziale und emotionale Kompetenz von Kindern.<\/p>\n\n<ul>\n \t<li><span style=\"color: #a589bf;\"><b>Notfall-Kinderbetreuung-<\/b><\/span> Notbetreuungen werden jetzt t\u00e4glich zwischen 7:00 und 19:00 Uhr angeboten. Ein Kind kann bis zu 30 Tage in einem Zeitraum von 6 Monaten und 60 Tage im Jahr eine Notbetreuung in Anspruch nehmen. Die kostenlose Kinderbetreuung unterst\u00fctzt Eltern bei der Suche und Aufrechterhaltung einer Besch\u00e4ftigung, der Teilnahme an Gerichtsterminen, Kursen, Arztterminen usw.<\/li><\/p>\n \t<li><strong><span style=\"color: #a589bf;\">Crisis Residential Overnight Program-<\/span><\/strong> Eltern nehmen ihr(e) Kind(er) in Krisensituationen freiwillig auf. Eltern k\u00f6nnen diesen Service bis zu 30 Tage lang nutzen. Familien arbeiten an einem Familienplan, um die famili\u00e4re Situation zu stabilisieren.<\/li><\/p>\n \t<li><strong><span style=\"color: #a589bf;\">Respite Daytime oder Overnight Program-<\/span><\/strong> Eltern, die unter Stress leiden oder unser Krisen-\u00dcbernachtungs-Programm oder Notfall-Kinderbetreuungsdienste in Anspruch genommen haben, k\u00f6nnen den Kindergarten f\u00fcr kurzfristige monatliche Besuche besuchen. Diese Besuche dauern 1-3 Tage. Entlastungspflege gibt Eltern und Betreuern Zeit, sich um sich selbst zu k\u00fcmmern, und reduziert den Stress der Eltern.<\/li><\/p>\n \t<li><span style=\"color: #a589bf;\"><strong>Familienressourcen-Navigation-<\/strong> <\/span>Jede Familie, die sich f\u00fcr Kindergartenprogramme anmeldet, arbeitet mit unserem Family Resource Navigator, um einen Familienplan zu erstellen. Familien erhalten Empfehlungen und Unterst\u00fctzung beim Zugang zu Ressourcen, um die Situation zu entsch\u00e4rfen und das Funktionieren der Familie zu st\u00e4rken. Es werden Empfehlungen f\u00fcr Unterkunft, medizinische Versorgung, zahn\u00e4rztliche Versorgung, psychische Gesundheitsdienste, Besch\u00e4ftigungshilfe, Berufsausbildung, Erziehungskurse, Berufsausbildungsdienste, Behandlung von Drogenmissbrauch, Dienste f\u00fcr h\u00e4usliche Gewalt, Rechtshilfe, Entwicklungsscreenings und mehr ausgesprochen.<\/li><\/p>\n \t<li><span style=\"color: #a589bf;\"><strong>Lebensmittel- und Windelbank-<\/strong><\/span> Wir versorgen Familien in unserer Gemeinde mit einem monatlichen Vorrat an Windeln, Nahrung und S\u00e4uglingsnahrung.<\/li><\/p>\n \t<li><span style=\"color: #a589bf;\"><strong>BACN-Boutique-<\/strong> <\/span>Mit der BACN Boutique erf\u00fcllen wir weiterhin die Grundbed\u00fcrfnisse unserer Kunden, dank der Unterst\u00fctzung und Spenden von Unternehmen und Gemeinden. Unsere voll ausgestattete, kostenlose Boutique ist mit Kinderm\u00f6beln, Spielzeug, B\u00fcchern, Kleidung und vielem mehr gef\u00fcllt, damit unsere Familien alles, was sie brauchen, kostenlos mitnehmen k\u00f6nnen.<\/li>\n<\/ul>\n<p>Um mehr zu lernen, <b><a href=\"tel:925-685-6633\">rufen Sie bitte<\/a><\/b> der Kindergarten. Wir sind 24 Stunden am Tag erreichbar.<\/p><\/div><\/div><\/div><\/div><\/div><div class=\"x-section e186-e25 m56-0 m56-1 m56-3 m56-5\"><div class=\"x-row e186-e26 m56-7 m56-9 m56-e\"><div class=\"x-row-inner\"><div class=\"x-col e186-e27 m56-h\"><div id=\"x-content-band-1\" class=\"x-content-band border-top border-left border-right border-bottom\" style=\"background-color: #efefef; color: #333;\"><div class=\"x-container max width\"> \n\n<h4  class=\"h-custom-headline h3\" style=\"margin-top: 0;\"><span>Planen Sie eine Tour<\/span><\/h4><\/p>\n\nFamilien sind herzlich eingeladen, einen Rundgang durch den Kindergarten zu vereinbaren, unsere Mitarbeiter kennenzulernen und zu sehen, wo Ihre Kinder untergebracht werden.<\/p>\n\n<p><a  class=\"x-btn x-btn-flat x-btn-global\"  href=\"mailto:gina@bayareacrisisnursery.org&subject=Parent Tour of the Nursery\"     data-options=\"thumbnail: ''\">Heute planen<\/a> <\/div><\/div><\/div><\/div><\/div><\/div><div class=\"x-section e186-e29 m56-0 m56-4 m56-6\"><div class=\"x-row e186-e30 m56-7 m56-8 m56-9 m56-f\"><div class=\"x-row-inner\"><div class=\"x-col e186-e31 m56-h\"><div class=\"x-text x-text-headline e186-e32 m56-p m56-q m56-r m56-s m56-w m56-x m56-z\"><div class=\"x-text-content\"><div class=\"x-text-content-text\"><h3 class=\"x-text-content-text-primary\">BACN unterst\u00fctzen<\/h3>\n<\/div><\/div><\/div><\/div><\/div><\/div><div class=\"x-row e186-e33 m56-7 m56-8 m56-9 m56-g\"><div class=\"x-row-inner\"><div class=\"x-col e186-e34 m56-h m56-j\"><a class=\"x-image e186-e35 m56-k m56-m\" href=\"https:\/\/bayareacrisisnursery.app.neoncrm.com\/forms\/donate\" target=\"_blank\" rel=\"noopener noreferrer\"><img decoding=\"async\" src=\"https:\/\/bayareacrisisnursery.org\/wp-content\/uploads\/2022\/08\/Piggy-Bank.jpg\" width=\"600\" height=\"400\" alt=\"Donate Today\" loading=\"lazy\"><\/a><div class=\"x-text x-text-headline e186-e36 m56-o m56-p m56-u m56-w m56-10\"><div class=\"x-text-content\"><div class=\"x-text-content-text\"><h3 class=\"x-text-content-text-primary\"><a href=\"https:\/\/bayareacrisisnursery.app.neoncrm.com\/forms\/donate\" data-wplink-edit=\"true\">Spenden Sie noch heute!<\/a><\/h3>\n<\/div><\/div><\/div><\/div><div class=\"x-col e186-e37 m56-h m56-j\"><a class=\"x-image e186-e38 m56-k m56-m m56-n\" href=\"https:\/\/mailchi.mp\/bayareacrisisnursery\/newsletter?dnt=1&quot; data-wplink-edit=&quot;true&quot;\" target=\"_blank\" rel=\"noopener noreferrer\"><img decoding=\"async\" src=\"https:\/\/bayareacrisisnursery.org\/wp-content\/uploads\/2022\/08\/News.jpg\" width=\"600\" height=\"400\" alt=\"Newsletter\" loading=\"lazy\"><\/a><div class=\"x-text x-text-headline e186-e39 m56-o m56-p m56-u m56-w m56-10\"><div class=\"x-text-content\"><div class=\"x-text-content-text\"><h3 class=\"x-text-content-text-primary\"><p><a href=\"https:\/\/mailchi.mp\/bayareacrisisnursery\/newsletter?dnt=1\" data-wplink-edit=\"true\">Melden Sie sich an, um in Kontakt zu bleiben<\/a><\/p><\/h3>\n<\/div><\/div><\/div><\/div><\/div><\/div><\/div><\/div>","protected":false},"excerpt":{"rendered":"<p>100% OF OUR FAMILIES WOULD RECOMMEND THE NURSERY TO THEIR FRIENDS. WE PROVIDED 0HOURS OF FREE CHILDCARE LAST YEAR. 98% OF PARENTS REPORTED LESS STRESS AFTER USING NURSERY SERVICES. The Bay Area Crisis Nursery&#8217;s (BACN&#8217;s) mission is simple and powerful\u2014to help prevent child abuse and neglect by providing supportive services to families. We are a no-cost resource for families with &#8230; <a href=\"https:\/\/bayareacrisisnursery.org\/de\/programs\/\" class=\"more-link\">Weiterlesen<\/a><\/p>","protected":false},"author":1,"featured_media":0,"parent":0,"menu_order":0,"comment_status":"closed","ping_status":"closed","template":"template-layout-full-width.php","meta":{"om_disable_all_campaigns":false,"_monsterinsights_skip_tracking":false,"_monsterinsights_sitenote_active":false,"_monsterinsights_sitenote_note":"","_monsterinsights_sitenote_category":0,"_uf_show_specific_survey":0,"_uf_disable_surveys":false,"footnotes":""},"class_list":["post-186","page","type-page","status-publish","hentry","no-post-thumbnail"],"yoast_head":"<!-- This site is optimized with the Yoast SEO Premium plugin v27.2 (Yoast SEO v27.2) - https:\/\/yoast.com\/product\/yoast-seo-premium-wordpress\/ -->\n<title>Our Programs - Bay Area Crisis Nursery<\/title>\n<meta name=\"robots\" content=\"index, follow, max-snippet:-1, max-image-preview:large, max-video-preview:-1\" \/>\n<link rel=\"canonical\" href=\"https:\/\/bayareacrisisnursery.org\/de\/programs\/\" \/>\n<meta property=\"og:locale\" content=\"de_DE\" \/>\n<meta property=\"og:type\" content=\"article\" \/>\n<meta property=\"og:title\" content=\"Our Programs\" \/>\n<meta property=\"og:description\" content=\"100% OF OUR FAMILIES WOULD RECOMMEND THE NURSERY TO THEIR FRIENDS. WE PROVIDED 0HOURS OF FREE CHILDCARE LAST YEAR. 98% OF PARENTS REPORTED LESS STRESS AFTER USING NURSERY SERVICES. The Bay Area Crisis Nursery&#039;s (BACN&#039;s) mission is simple and powerful\u2014to help prevent child abuse and neglect by providing supportive services to families. We are a no-cost resource for families with ... Read More\" \/>\n<meta property=\"og:url\" content=\"https:\/\/bayareacrisisnursery.org\/de\/programs\/\" \/>\n<meta property=\"og:site_name\" content=\"Bay Area Crisis Nursery\" \/>\n<meta property=\"article:publisher\" content=\"https:\/\/www.facebook.com\/bacnspage\/\" \/>\n<meta property=\"article:modified_time\" content=\"2025-03-20T21:27:05+00:00\" \/>\n<meta name=\"twitter:card\" content=\"summary_large_image\" \/>\n<meta name=\"twitter:site\" content=\"@bacn_nursery\" \/>\n<meta name=\"twitter:label1\" content=\"Gesch\u00e4tzte Lesezeit\" \/>\n\t<meta name=\"twitter:data1\" content=\"3\u00a0Minuten\" \/>\n<script type=\"application\/ld+json\" class=\"yoast-schema-graph\">{\"@context\":\"https:\/\/schema.org\",\"@graph\":[{\"@type\":\"WebPage\",\"@id\":\"https:\/\/bayareacrisisnursery.org\/programs\/\",\"url\":\"https:\/\/bayareacrisisnursery.org\/programs\/\",\"name\":\"Our Programs - Bay Area Crisis Nursery\",\"isPartOf\":{\"@id\":\"https:\/\/bayareacrisisnursery.org\/#website\"},\"datePublished\":\"2019-04-19T05:17:42+00:00\",\"dateModified\":\"2025-03-20T21:27:05+00:00\",\"breadcrumb\":{\"@id\":\"https:\/\/bayareacrisisnursery.org\/programs\/#breadcrumb\"},\"inLanguage\":\"de\",\"potentialAction\":[{\"@type\":\"ReadAction\",\"target\":[\"https:\/\/bayareacrisisnursery.org\/programs\/\"]}]},{\"@type\":\"BreadcrumbList\",\"@id\":\"https:\/\/bayareacrisisnursery.org\/programs\/#breadcrumb\",\"itemListElement\":[{\"@type\":\"ListItem\",\"position\":1,\"name\":\"Home\",\"item\":\"https:\/\/bayareacrisisnursery.org\/\"},{\"@type\":\"ListItem\",\"position\":2,\"name\":\"Our Programs\"}]},{\"@type\":\"WebSite\",\"@id\":\"https:\/\/bayareacrisisnursery.org\/#website\",\"url\":\"https:\/\/bayareacrisisnursery.org\/\",\"name\":\"Bay Area Crisis Nursery\",\"description\":\"A Little Heart. A Little Help. A Lot of Hope.\",\"publisher\":{\"@id\":\"https:\/\/bayareacrisisnursery.org\/#organization\"},\"potentialAction\":[{\"@type\":\"SearchAction\",\"target\":{\"@type\":\"EntryPoint\",\"urlTemplate\":\"https:\/\/bayareacrisisnursery.org\/?s={search_term_string}\"},\"query-input\":{\"@type\":\"PropertyValueSpecification\",\"valueRequired\":true,\"valueName\":\"search_term_string\"}}],\"inLanguage\":\"de\"},{\"@type\":\"Organization\",\"@id\":\"https:\/\/bayareacrisisnursery.org\/#organization\",\"name\":\"Bay Area Crisis Nursery\",\"url\":\"https:\/\/bayareacrisisnursery.org\/\",\"logo\":{\"@type\":\"ImageObject\",\"inLanguage\":\"de\",\"@id\":\"https:\/\/bayareacrisisnursery.org\/#\/schema\/logo\/image\/\",\"url\":\"https:\/\/bayareacrisisnursery.org\/wp-content\/uploads\/2020\/12\/BACN-Logo.png\",\"contentUrl\":\"https:\/\/bayareacrisisnursery.org\/wp-content\/uploads\/2020\/12\/BACN-Logo.png\",\"width\":751,\"height\":374,\"caption\":\"Bay Area Crisis Nursery\"},\"image\":{\"@id\":\"https:\/\/bayareacrisisnursery.org\/#\/schema\/logo\/image\/\"},\"sameAs\":[\"https:\/\/www.facebook.com\/bacnspage\/\",\"https:\/\/x.com\/bacn_nursery\",\"https:\/\/www.instagram.com\/bayareacrisisnursery\/\",\"https:\/\/www.linkedin.com\/company\/bay-area-crisis-nursery\/about\/\"]}]}<\/script>\n<!-- \/ Yoast SEO Premium plugin. -->","yoast_head_json":{"title":"Our Programs - Bay Area Crisis Nursery","robots":{"index":"index","follow":"follow","max-snippet":"max-snippet:-1","max-image-preview":"max-image-preview:large","max-video-preview":"max-video-preview:-1"},"canonical":"https:\/\/bayareacrisisnursery.org\/de\/programs\/","og_locale":"de_DE","og_type":"article","og_title":"Our Programs","og_description":"100% OF OUR FAMILIES WOULD RECOMMEND THE NURSERY TO THEIR FRIENDS. WE PROVIDED 0HOURS OF FREE CHILDCARE LAST YEAR. 98% OF PARENTS REPORTED LESS STRESS AFTER USING NURSERY SERVICES. The Bay Area Crisis Nursery's (BACN's) mission is simple and powerful\u2014to help prevent child abuse and neglect by providing supportive services to families. We are a no-cost resource for families with ... Read More","og_url":"https:\/\/bayareacrisisnursery.org\/de\/programs\/","og_site_name":"Bay Area Crisis Nursery","article_publisher":"https:\/\/www.facebook.com\/bacnspage\/","article_modified_time":"2025-03-20T21:27:05+00:00","twitter_card":"summary_large_image","twitter_site":"@bacn_nursery","twitter_misc":{"Gesch\u00e4tzte Lesezeit":"3\u00a0Minuten"},"schema":{"@context":"https:\/\/schema.org","@graph":[{"@type":"WebPage","@id":"https:\/\/bayareacrisisnursery.org\/programs\/","url":"https:\/\/bayareacrisisnursery.org\/programs\/","name":"Our Programs - Bay Area Crisis Nursery","isPartOf":{"@id":"https:\/\/bayareacrisisnursery.org\/#website"},"datePublished":"2019-04-19T05:17:42+00:00","dateModified":"2025-03-20T21:27:05+00:00","breadcrumb":{"@id":"https:\/\/bayareacrisisnursery.org\/programs\/#breadcrumb"},"inLanguage":"de","potentialAction":[{"@type":"ReadAction","target":["https:\/\/bayareacrisisnursery.org\/programs\/"]}]},{"@type":"BreadcrumbList","@id":"https:\/\/bayareacrisisnursery.org\/programs\/#breadcrumb","itemListElement":[{"@type":"ListItem","position":1,"name":"Home","item":"https:\/\/bayareacrisisnursery.org\/"},{"@type":"ListItem","position":2,"name":"Our Programs"}]},{"@type":"WebSite","@id":"https:\/\/bayareacrisisnursery.org\/#website","url":"https:\/\/bayareacrisisnursery.org\/","name":"Krisenkindergarten Bay Area","description":"Ein kleines Herz. Eine kleine Hilfe. Viel Hoffnung.","publisher":{"@id":"https:\/\/bayareacrisisnursery.org\/#organization"},"potentialAction":[{"@type":"SearchAction","target":{"@type":"EntryPoint","urlTemplate":"https:\/\/bayareacrisisnursery.org\/?s={search_term_string}"},"query-input":{"@type":"PropertyValueSpecification","valueRequired":true,"valueName":"search_term_string"}}],"inLanguage":"de"},{"@type":"Organization","@id":"https:\/\/bayareacrisisnursery.org\/#organization","name":"Krisenkindergarten Bay Area","url":"https:\/\/bayareacrisisnursery.org\/","logo":{"@type":"ImageObject","inLanguage":"de","@id":"https:\/\/bayareacrisisnursery.org\/#\/schema\/logo\/image\/","url":"https:\/\/bayareacrisisnursery.org\/wp-content\/uploads\/2020\/12\/BACN-Logo.png","contentUrl":"https:\/\/bayareacrisisnursery.org\/wp-content\/uploads\/2020\/12\/BACN-Logo.png","width":751,"height":374,"caption":"Bay Area Crisis Nursery"},"image":{"@id":"https:\/\/bayareacrisisnursery.org\/#\/schema\/logo\/image\/"},"sameAs":["https:\/\/www.facebook.com\/bacnspage\/","https:\/\/x.com\/bacn_nursery","https:\/\/www.instagram.com\/bayareacrisisnursery\/","https:\/\/www.linkedin.com\/company\/bay-area-crisis-nursery\/about\/"]}]}},"_links":{"self":[{"href":"https:\/\/bayareacrisisnursery.org\/de\/wp-json\/wp\/v2\/pages\/186","targetHints":{"allow":["GET"]}}],"collection":[{"href":"https:\/\/bayareacrisisnursery.org\/de\/wp-json\/wp\/v2\/pages"}],"about":[{"href":"https:\/\/bayareacrisisnursery.org\/de\/wp-json\/wp\/v2\/types\/page"}],"author":[{"embeddable":true,"href":"https:\/\/bayareacrisisnursery.org\/de\/wp-json\/wp\/v2\/users\/1"}],"replies":[{"embeddable":true,"href":"https:\/\/bayareacrisisnursery.org\/de\/wp-json\/wp\/v2\/comments?post=186"}],"version-history":[{"count":11,"href":"https:\/\/bayareacrisisnursery.org\/de\/wp-json\/wp\/v2\/pages\/186\/revisions"}],"predecessor-version":[{"id":7353,"href":"https:\/\/bayareacrisisnursery.org\/de\/wp-json\/wp\/v2\/pages\/186\/revisions\/7353"}],"wp:attachment":[{"href":"https:\/\/bayareacrisisnursery.org\/de\/wp-json\/wp\/v2\/media?parent=186"}],"curies":[{"name":"wp","href":"https:\/\/api.w.org\/{rel}","templated":true}]}}