{"id":270,"date":"2019-04-25T04:05:47","date_gmt":"2019-04-25T04:05:47","guid":{"rendered":"https:\/\/bayareacrisisnursery.org\/?page_id=270"},"modified":"2026-01-20T21:01:22","modified_gmt":"2026-01-20T21:01:22","slug":"other-ways-to-give","status":"publish","type":"page","link":"https:\/\/bayareacrisisnursery.org\/de\/other-ways-to-give\/","title":{"rendered":"Andere M\u00f6glichkeiten zu geben"},"content":{"rendered":"<div id=\"cs-content\" class=\"cs-content\"><div class=\"x-section e270-e1 m7i-0 m7i-1\"><div class=\"x-container marginless-columns e270-e2 m7i-3 m7i-4\"><div class=\"x-column x-sm x-1-1 e270-e3 m7i-6 m7i-7\"><img decoding=\"async\"  class=\"x-img x-img-none\"  src=\"https:\/\/bayareacrisisnursery.org\/wp-content\/uploads\/2022\/09\/Other-Ways-to-Give-Banner.jpg\" alt=\"Support BACN Piggy Bank\"><\/div><\/div><\/div><div class=\"x-section e270-e5 m7i-0 m7i-1\"><div class=\"x-container max width e270-e6 m7i-4 m7i-5\"><\/div><div class=\"x-container marginless-columns e270-e7 m7i-3 m7i-4\"><div class=\"x-column x-sm x-1-1 e270-e8 m7i-6 m7i-8\"><div class=\"x-content-area e270-e9 m7i-9\"><p><div id=\"x-content-band-1\" class=\"x-content-band border-top border-left border-right border-bottom\" style=\"background-color: #efefef; color: #333;\"><div class=\"x-container max width\"> <h4  class=\"h-custom-headline h3\" style=\"margin-top: 0;\"><span>Sachspenden<\/span><\/h4><br \/>Vielen Dank, dass Sie erw\u00e4gen, Ihre Artikel an BACN zu spenden. <b><a href=\"tel:925-685-6633\">Rufen Sie bitte<\/a><\/b> den Kindergarten, um zu sehen, ob wir Spenden annehmen. Manchmal f\u00fcllt sich unser Lager mit all Ihren freundlichen Spenden.<\/p>\n<p><b>Wir akzeptieren:<\/b> clean and gently used toys (to prevent any possible choking hazards please be sure small toys are secured in a bag), children&rsquo;s equipment, diapers, non-expired baby food and formula, unopened diapers, books in good condition, puzzles and games (please tape boxes to ensure small pieces are kept inside), gently worn children&rsquo;s clothing, and children&rsquo;s shoes.<\/p>\n<p><b>We can&rsquo;t accept:<\/b> furniture, cribs, strollers, bathtubs, bedding, crib mattresses, diaper genies, fast food toy giveaways, housewares, and stuffed animals.<\/p>\n<p>Please note that we are also unable to accept car seats, jumpers, walkers, bouncers, swings, high chairs, or breast pumps due to laws restricting their re-use.<\/p>\n<p><\/div><\/div><\/p><\/div><\/div><\/div><\/div><div class=\"x-section e270-e10 m7i-0 m7i-2\"><div class=\"x-container e270-e11 m7i-4 m7i-5\"><div class=\"x-column x-sm x-1-2 e270-e12 m7i-6 m7i-8\"><div class=\"x-content-area e270-e13 m7i-9\"><div id=\"x-content-band-2\" class=\"x-content-band border-top border-left border-right border-bottom\" style=\"background-color: #efefef;\"><div class=\"x-container\"><div  class=\"x-container max width\" ><h4  class=\"h-custom-headline center-text h4 accent\" style=\"margin: 0;\"><span>Amazon-L\u00e4cheln<\/span><\/h4><p>\n\t\n<p class=\"man\">Amazon spendet 0,51 TP1 T des Preises Ihrer berechtigten AmazonSmile-K\u00e4ufe an die gemeinn\u00fctzige Organisation Ihrer Wahl. Unterst\u00fctzen Sie BACN und shoppen Sie!<\/p>\n<\/p><img decoding=\"async\"  class=\"x-img x-img-rounded\"  src=\"https:\/\/bayareacrisisnursery.org\/wp-content\/uploads\/2019\/07\/amazonsmile.png\" alt=\"Shop on Amazon Now\">\n\t<br>\n<a  class=\"x-btn x-btn-center x-btn-rounded x-btn-small x-btn-block\"  href=\"https:\/\/smile.amazon.com\/ch\/94-2681676\" title=\"Amazon-L\u00e4cheln\"    data-options=\"thumbnail: ''\">HEUTE BEI AMAZON EINKAUFEN<\/a><\/div> <\/div><\/div><\/div><\/div><div class=\"x-column x-sm x-1-2 e270-e14 m7i-6 m7i-8\"><div class=\"x-content-area e270-e15 m7i-9\"><div id=\"x-content-band-3\" class=\"x-content-band border-top border-left border-right border-bottom\" style=\"background-color: #efefef;\"><div class=\"x-container\"><div  class=\"x-container max width\" ><h4  class=\"h-custom-headline center-text h4 accent\" style=\"margin: 0;\"><span>Amazon-Wunschliste<\/span><\/h4><p>\n\t\n<p class=\"man\">Kaufen Sie direkt f\u00fcr den Kindergarten und unsere Kinder \u00fcber unsere Wunschliste ein. Die Liste wird regelm\u00e4\u00dfig aktualisiert und w\u00e4hrend der Ferienspielzeugaktion, Rucks\u00e4cke und Ostern.<\/p>\n<\/p><img decoding=\"async\"  class=\"x-img x-img-rounded\"  src=\"https:\/\/bayareacrisisnursery.org\/wp-content\/uploads\/2019\/07\/Amazon.png\" alt=\"Shop for the Nursery\">\n\t<br>\n<a  class=\"x-btn x-btn-center x-btn-rounded x-btn-small x-btn-block\"  href=\"https:\/\/www.amazon.com\/hz\/wishlist\/ls\/3RFD6OMZ9JJXB?ref_=wl_share\" title=\"Wunschliste von BACN\"    data-options=\"thumbnail: ''\">F\u00dcR DEN KINDERKAUF EINKAUFEN<\/a><\/div> <\/div><\/div><\/div><\/div><\/div><div class=\"x-container e270-e16 m7i-4 m7i-5\"><div class=\"x-column x-sm x-1-2 e270-e17 m7i-6 m7i-8\"><div class=\"x-content-area e270-e18 m7i-9\"><div id=\"x-content-band-4\" class=\"x-content-band border-top border-left border-right border-bottom\" style=\"background-color: #efefef;\"><div class=\"x-container\"><div  class=\"x-container max width\" ><h4  class=\"h-custom-headline center-text h4 accent\" style=\"margin: 0;\"><span>Passende Geschenke f\u00fcr den Arbeitgeber<\/span><\/h4><p>\n\t\n<p class=\"man\">Suchen Sie nach einem passenden Geschenkprogramm f\u00fcr Ihren Arbeitgeber und verdoppeln Sie Ihre Spende in wenigen Minuten! Einige Arbeitgeber spenden sogar an BACN, wenn Sie sich freiwillig bei uns engagieren!<\/p>\n<\/p><img decoding=\"async\"  class=\"x-img x-img-rounded\"  src=\"https:\/\/bayareacrisisnursery.org\/wp-content\/uploads\/2019\/07\/double-the-donation-color-logo.png\" alt=\"Donate\">\n\t<br>\n<a  class=\"x-btn x-btn-center x-btn-rounded x-btn-small x-btn-block\"  href=\"https:\/\/doublethedonation.com\/bacn\" title=\"Suchen Sie nach Ihrem Arbeitgeber\"    data-options=\"thumbnail: ''\">SUCHE DEINEN ARBEITGEBER<\/a><\/div> <\/div><\/div><\/div><\/div><div class=\"x-column x-sm x-1-2 e270-e19 m7i-6 m7i-8\"><div class=\"x-content-area e270-e20 m7i-9\"><p><div id=\"x-content-band-5\" class=\"x-content-band border-top border-left border-right border-bottom\" style=\"background-color: #efefef;\"><div class=\"x-container\"><div  class=\"x-container max width\" ><h4  class=\"h-custom-headline center-text h4 accent\" style=\"margin: 0;\"><span>Car &amp; Vehicle Donations<\/span><\/h4><\/p>\n<p class=\"man\">Cars2ndChance is vehicle and car donation programs administered by the Clayton Valley Concord Sunrise Rotary. Donate your car and give to BACN.<\/p>\n<p><img decoding=\"async\"  class=\"x-img x-img-rounded\"  src=\"https:\/\/bayareacrisisnursery.org\/wp-content\/uploads\/2021\/04\/Cars2ndChance.png\" alt=\"Donate a Car\"><br \/><br \/><a  class=\"x-btn x-btn-center x-btn-rounded x-btn-small x-btn-block\"  href=\"https:\/\/www.cars2ndchance.org\" title=\"Cars 2nd Chance\"    data-options=\"thumbnail: ''\">SPENDE DEIN AUTO HEUTE<\/a><\/div> <\/div><\/div><\/p><\/div><\/div><\/div><div class=\"x-container max width e270-e21 m7i-4 m7i-5\"><\/div><div class=\"x-container max width e270-e22 m7i-4 m7i-5\"><\/div><div class=\"x-container e270-e23 m7i-4 m7i-5\"><div class=\"x-column x-sm x-1-2 e270-e24 m7i-6 m7i-8\"><div class=\"x-content-area e270-e25 m7i-9\"><div id=\"x-content-band-6\" class=\"x-content-band border-top border-left border-right border-bottom\" style=\"background-color: #efefef;\"><div class=\"x-container\"><div  class=\"x-container max width\" ><h4  class=\"h-custom-headline center-text h4 accent\" style=\"margin: 0;\"><span>eScript<\/span><\/h4><p>\n\t\n<p class=\"man\">Helfen Sie mit, Geld f\u00fcr BACN zu sammeln. Erstellen Sie Ihr Konto, indem Sie IHRE Zahlungskarten, Kundenkarten und\/oder Telefonnummern eingeben, die Sie zum Einkaufen verwenden, und wir verdienen automatisch!<\/p>\n<\/p><img decoding=\"async\"  class=\"x-img x-img-rounded\"  src=\"https:\/\/bayareacrisisnursery.org\/wp-content\/uploads\/2019\/07\/eScrip.png\" alt=\"Shop for the Nursery\">\n\t<br>\n<a  class=\"x-btn x-btn-center x-btn-rounded x-btn-small x-btn-block\"  href=\"https:\/\/secure.escrip.com\/signup\/index.jsp\" title=\"eScript\"    data-options=\"thumbnail: ''\">SIE SHOPPEN, WIR VERDIENEN<\/a><\/div> <\/div><\/div><\/div><\/div><div class=\"x-column x-sm x-1-2 e270-e26 m7i-6 m7i-8\"><div class=\"x-content-area e270-e27 m7i-9\"><div id=\"x-content-band-7\" class=\"x-content-band border-top border-left border-right border-bottom\" style=\"background-color: #efefef;\"><div class=\"x-container\"><div  class=\"x-container max width\" ><h4  class=\"h-custom-headline center-text h4 accent\" style=\"margin: 0;\"><span>Rite Aid Kinder Cents<\/span><\/h4><p>\n\t\n<p class=\"man\">Durch die Teilnahme an KidCents k\u00f6nnen Wellness+-Pr\u00e4mienmitglieder jeden Einkauf auf den n\u00e4chsten Dollar aufrunden, was Kindergartenkindern eine Chance auf ein besseres Leben und eine bessere Zukunft gibt.<\/p>\n<\/p><img decoding=\"async\"  class=\"x-img x-img-rounded\"  src=\"https:\/\/bayareacrisisnursery.org\/wp-content\/uploads\/2020\/08\/Kids-Cents.png\" alt=\"ebay for charity\">\n\t<br>\n<a  class=\"x-btn x-btn-center x-btn-rounded x-btn-small x-btn-block\"  href=\"https:\/\/kidcents.riteaid.com\/\" title=\"Rite Aid Kinder Cents\"    data-options=\"thumbnail: ''\">AUFGEF\u00dcHRT F\u00dcR DEN KINDERZIMMER<\/a><\/div> <\/div><\/div><\/div><\/div><\/div><div class=\"x-container e270-e28 m7i-4 m7i-5\"><div class=\"x-column x-sm x-1-2 e270-e29 m7i-6 m7i-8\"><div class=\"x-content-area e270-e30 m7i-9\"><div id=\"x-content-band-8\" class=\"x-content-band border-top border-left border-right border-bottom\" style=\"background-color: #efefef;\"><div class=\"x-container\"><div  class=\"x-container max width\" ><h4  class=\"h-custom-headline center-text h4 accent\" style=\"margin: 0;\"><span>EBAY F\u00dcR WOHLT\u00c4TIGKEIT<\/span><\/h4><p>\n\t\n<p class=\"man\">Wenn Sie 10% oder mehr spenden, wird Ihr Artikel mit einem aufmerksamkeitsstarken Charity-Band versehen \u2013 es kann sogar im Charity-Shop gelistet sein. Au\u00dferdem reduzieren Sie Ihre Verk\u00e4ufergeb\u00fchren und profitieren von Steuerersparnissen.<\/p>\n<\/p><img decoding=\"async\"  class=\"x-img x-img-rounded\"  src=\"https:\/\/bayareacrisisnursery.org\/wp-content\/uploads\/2019\/11\/Ebay-for-Charity.png\" alt=\"ebay for charity\">\n\t<br>\n<a  class=\"x-btn x-btn-center x-btn-rounded x-btn-small x-btn-block\"  href=\"https:\/\/www.ebayforcharity.org\/get-involved\/selling-for-a-charity\/\" title=\"VERKAUFEN SIE IHRE MATERIALIEN\"    data-options=\"thumbnail: ''\">VERKAUFEN SIE HEUTE IHRE MATERIALIEN<\/a><\/div> <\/div><\/div><\/div><\/div><div class=\"x-column x-sm x-1-2 e270-e31 m7i-6 m7i-8\"><div class=\"x-content-area e270-e32 m7i-9\"><div id=\"x-content-band-9\" class=\"x-content-band border-top border-left border-right border-bottom\" style=\"background-color: #efefef;\"><div class=\"x-container\"><div  class=\"x-container max width\" ><h4  class=\"h-custom-headline center-text h4 accent\" style=\"margin: 0;\"><span>Spenden f\u00fcr BACN<\/span><\/h4><p>\n\t\n<p class=\"man\">Sie k\u00f6nnen online Spenden sammeln, Verkaufserl\u00f6se aus Ihrem Unternehmen spenden oder ein besonderes Event planen. Dies ist eine gro\u00dfartige M\u00f6glichkeit f\u00fcr Ihre Freunde und Familie, einen geliebten Menschen zu ehren oder anstelle von Geschenken zu spenden.<\/p>\n<\/p><img decoding=\"async\"  class=\"x-img x-img-rounded\"  src=\"https:\/\/bayareacrisisnursery.org\/wp-content\/uploads\/2020\/08\/Piggy-Bank-Other-Ways.png\" alt=\"fundraise for BACN\">\n\t<br>\n<a  class=\"x-btn x-btn-center x-btn-rounded x-btn-small x-btn-block\"  href=\"https:\/\/bayareacrisisnursery.org\/de\/donate\/community-fundraiser\/\" title=\"VERKAUFEN SIE IHRE MATERIALIEN\"    data-options=\"thumbnail: ''\">SEHEN SIE SICH DIESE FUNDRAISER-IDEEN AN!<\/a><\/div> <\/div><\/div><\/div><\/div><\/div><\/div><\/div>","protected":false},"excerpt":{"rendered":"<p>In-Kind DonationsThanks for considering donating your items to BACN. Please call the Nursery to see if we are accepting donations. Sometimes our storage fills up from all of your kind donations. We accept: clean and gently used toys (to prevent any possible choking hazards please be sure small toys are secured in a bag), children&rsquo;s equipment, diapers, non-expired baby food &#8230; <a href=\"https:\/\/bayareacrisisnursery.org\/de\/other-ways-to-give\/\" class=\"more-link\">Weiterlesen<\/a><\/p>","protected":false},"author":1,"featured_media":0,"parent":0,"menu_order":0,"comment_status":"closed","ping_status":"closed","template":"template-layout-full-width.php","meta":{"om_disable_all_campaigns":false,"_monsterinsights_skip_tracking":false,"_monsterinsights_sitenote_active":false,"_monsterinsights_sitenote_note":"","_monsterinsights_sitenote_category":0,"_uf_show_specific_survey":0,"_uf_disable_surveys":false,"footnotes":""},"class_list":["post-270","page","type-page","status-publish","hentry","no-post-thumbnail"],"yoast_head":"<!-- This site is optimized with the Yoast SEO Premium plugin v27.2 (Yoast SEO v27.2) - https:\/\/yoast.com\/product\/yoast-seo-premium-wordpress\/ -->\n<title>Other Ways to Give - Bay Area Crisis Nursery<\/title>\n<meta name=\"robots\" content=\"index, follow, max-snippet:-1, max-image-preview:large, max-video-preview:-1\" \/>\n<link rel=\"canonical\" href=\"https:\/\/bayareacrisisnursery.org\/de\/other-ways-to-give\/\" \/>\n<meta property=\"og:locale\" content=\"de_DE\" \/>\n<meta property=\"og:type\" content=\"article\" \/>\n<meta property=\"og:title\" content=\"Other Ways to Give\" \/>\n<meta property=\"og:description\" content=\"In-Kind DonationsThanks for considering donating your items to BACN. Please call the Nursery to see if we are accepting donations. Sometimes our storage fills up from all of your kind donations. We accept: clean and gently used toys (to prevent any possible choking hazards please be sure small toys are secured in a bag), children&rsquo;s equipment, diapers, non-expired baby food ... Read More\" \/>\n<meta property=\"og:url\" content=\"https:\/\/bayareacrisisnursery.org\/de\/other-ways-to-give\/\" \/>\n<meta property=\"og:site_name\" content=\"Bay Area Crisis Nursery\" \/>\n<meta property=\"article:publisher\" content=\"https:\/\/www.facebook.com\/bacnspage\/\" \/>\n<meta property=\"article:modified_time\" content=\"2026-01-20T21:01:22+00:00\" \/>\n<meta name=\"twitter:card\" content=\"summary_large_image\" \/>\n<meta name=\"twitter:site\" content=\"@bacn_nursery\" \/>\n<meta name=\"twitter:label1\" content=\"Gesch\u00e4tzte Lesezeit\" \/>\n\t<meta name=\"twitter:data1\" content=\"4\u00a0Minuten\" \/>\n<script type=\"application\/ld+json\" class=\"yoast-schema-graph\">{\"@context\":\"https:\/\/schema.org\",\"@graph\":[{\"@type\":\"WebPage\",\"@id\":\"https:\/\/bayareacrisisnursery.org\/other-ways-to-give\/\",\"url\":\"https:\/\/bayareacrisisnursery.org\/other-ways-to-give\/\",\"name\":\"Other Ways to Give - Bay Area Crisis Nursery\",\"isPartOf\":{\"@id\":\"https:\/\/bayareacrisisnursery.org\/#website\"},\"datePublished\":\"2019-04-25T04:05:47+00:00\",\"dateModified\":\"2026-01-20T21:01:22+00:00\",\"breadcrumb\":{\"@id\":\"https:\/\/bayareacrisisnursery.org\/other-ways-to-give\/#breadcrumb\"},\"inLanguage\":\"de\",\"potentialAction\":[{\"@type\":\"ReadAction\",\"target\":[\"https:\/\/bayareacrisisnursery.org\/other-ways-to-give\/\"]}]},{\"@type\":\"BreadcrumbList\",\"@id\":\"https:\/\/bayareacrisisnursery.org\/other-ways-to-give\/#breadcrumb\",\"itemListElement\":[{\"@type\":\"ListItem\",\"position\":1,\"name\":\"Home\",\"item\":\"https:\/\/bayareacrisisnursery.org\/\"},{\"@type\":\"ListItem\",\"position\":2,\"name\":\"Other Ways to Give\"}]},{\"@type\":\"WebSite\",\"@id\":\"https:\/\/bayareacrisisnursery.org\/#website\",\"url\":\"https:\/\/bayareacrisisnursery.org\/\",\"name\":\"Bay Area Crisis Nursery\",\"description\":\"A Little Heart. A Little Help. A Lot of Hope.\",\"publisher\":{\"@id\":\"https:\/\/bayareacrisisnursery.org\/#organization\"},\"potentialAction\":[{\"@type\":\"SearchAction\",\"target\":{\"@type\":\"EntryPoint\",\"urlTemplate\":\"https:\/\/bayareacrisisnursery.org\/?s={search_term_string}\"},\"query-input\":{\"@type\":\"PropertyValueSpecification\",\"valueRequired\":true,\"valueName\":\"search_term_string\"}}],\"inLanguage\":\"de\"},{\"@type\":\"Organization\",\"@id\":\"https:\/\/bayareacrisisnursery.org\/#organization\",\"name\":\"Bay Area Crisis Nursery\",\"url\":\"https:\/\/bayareacrisisnursery.org\/\",\"logo\":{\"@type\":\"ImageObject\",\"inLanguage\":\"de\",\"@id\":\"https:\/\/bayareacrisisnursery.org\/#\/schema\/logo\/image\/\",\"url\":\"https:\/\/bayareacrisisnursery.org\/wp-content\/uploads\/2020\/12\/BACN-Logo.png\",\"contentUrl\":\"https:\/\/bayareacrisisnursery.org\/wp-content\/uploads\/2020\/12\/BACN-Logo.png\",\"width\":751,\"height\":374,\"caption\":\"Bay Area Crisis Nursery\"},\"image\":{\"@id\":\"https:\/\/bayareacrisisnursery.org\/#\/schema\/logo\/image\/\"},\"sameAs\":[\"https:\/\/www.facebook.com\/bacnspage\/\",\"https:\/\/x.com\/bacn_nursery\",\"https:\/\/www.instagram.com\/bayareacrisisnursery\/\",\"https:\/\/www.linkedin.com\/company\/bay-area-crisis-nursery\/about\/\"]}]}<\/script>\n<!-- \/ Yoast SEO Premium plugin. -->","yoast_head_json":{"title":"Other Ways to Give - Bay Area Crisis Nursery","robots":{"index":"index","follow":"follow","max-snippet":"max-snippet:-1","max-image-preview":"max-image-preview:large","max-video-preview":"max-video-preview:-1"},"canonical":"https:\/\/bayareacrisisnursery.org\/de\/other-ways-to-give\/","og_locale":"de_DE","og_type":"article","og_title":"Other Ways to Give","og_description":"In-Kind DonationsThanks for considering donating your items to BACN. Please call the Nursery to see if we are accepting donations. Sometimes our storage fills up from all of your kind donations. We accept: clean and gently used toys (to prevent any possible choking hazards please be sure small toys are secured in a bag), children&rsquo;s equipment, diapers, non-expired baby food ... Read More","og_url":"https:\/\/bayareacrisisnursery.org\/de\/other-ways-to-give\/","og_site_name":"Bay Area Crisis Nursery","article_publisher":"https:\/\/www.facebook.com\/bacnspage\/","article_modified_time":"2026-01-20T21:01:22+00:00","twitter_card":"summary_large_image","twitter_site":"@bacn_nursery","twitter_misc":{"Gesch\u00e4tzte Lesezeit":"4\u00a0Minuten"},"schema":{"@context":"https:\/\/schema.org","@graph":[{"@type":"WebPage","@id":"https:\/\/bayareacrisisnursery.org\/other-ways-to-give\/","url":"https:\/\/bayareacrisisnursery.org\/other-ways-to-give\/","name":"Other Ways to Give - Bay Area Crisis Nursery","isPartOf":{"@id":"https:\/\/bayareacrisisnursery.org\/#website"},"datePublished":"2019-04-25T04:05:47+00:00","dateModified":"2026-01-20T21:01:22+00:00","breadcrumb":{"@id":"https:\/\/bayareacrisisnursery.org\/other-ways-to-give\/#breadcrumb"},"inLanguage":"de","potentialAction":[{"@type":"ReadAction","target":["https:\/\/bayareacrisisnursery.org\/other-ways-to-give\/"]}]},{"@type":"BreadcrumbList","@id":"https:\/\/bayareacrisisnursery.org\/other-ways-to-give\/#breadcrumb","itemListElement":[{"@type":"ListItem","position":1,"name":"Home","item":"https:\/\/bayareacrisisnursery.org\/"},{"@type":"ListItem","position":2,"name":"Other Ways to Give"}]},{"@type":"WebSite","@id":"https:\/\/bayareacrisisnursery.org\/#website","url":"https:\/\/bayareacrisisnursery.org\/","name":"Krisenkindergarten Bay Area","description":"Ein kleines Herz. Eine kleine Hilfe. Viel Hoffnung.","publisher":{"@id":"https:\/\/bayareacrisisnursery.org\/#organization"},"potentialAction":[{"@type":"SearchAction","target":{"@type":"EntryPoint","urlTemplate":"https:\/\/bayareacrisisnursery.org\/?s={search_term_string}"},"query-input":{"@type":"PropertyValueSpecification","valueRequired":true,"valueName":"search_term_string"}}],"inLanguage":"de"},{"@type":"Organization","@id":"https:\/\/bayareacrisisnursery.org\/#organization","name":"Krisenkindergarten Bay Area","url":"https:\/\/bayareacrisisnursery.org\/","logo":{"@type":"ImageObject","inLanguage":"de","@id":"https:\/\/bayareacrisisnursery.org\/#\/schema\/logo\/image\/","url":"https:\/\/bayareacrisisnursery.org\/wp-content\/uploads\/2020\/12\/BACN-Logo.png","contentUrl":"https:\/\/bayareacrisisnursery.org\/wp-content\/uploads\/2020\/12\/BACN-Logo.png","width":751,"height":374,"caption":"Bay Area Crisis Nursery"},"image":{"@id":"https:\/\/bayareacrisisnursery.org\/#\/schema\/logo\/image\/"},"sameAs":["https:\/\/www.facebook.com\/bacnspage\/","https:\/\/x.com\/bacn_nursery","https:\/\/www.instagram.com\/bayareacrisisnursery\/","https:\/\/www.linkedin.com\/company\/bay-area-crisis-nursery\/about\/"]}]}},"_links":{"self":[{"href":"https:\/\/bayareacrisisnursery.org\/de\/wp-json\/wp\/v2\/pages\/270","targetHints":{"allow":["GET"]}}],"collection":[{"href":"https:\/\/bayareacrisisnursery.org\/de\/wp-json\/wp\/v2\/pages"}],"about":[{"href":"https:\/\/bayareacrisisnursery.org\/de\/wp-json\/wp\/v2\/types\/page"}],"author":[{"embeddable":true,"href":"https:\/\/bayareacrisisnursery.org\/de\/wp-json\/wp\/v2\/users\/1"}],"replies":[{"embeddable":true,"href":"https:\/\/bayareacrisisnursery.org\/de\/wp-json\/wp\/v2\/comments?post=270"}],"version-history":[{"count":14,"href":"https:\/\/bayareacrisisnursery.org\/de\/wp-json\/wp\/v2\/pages\/270\/revisions"}],"predecessor-version":[{"id":7433,"href":"https:\/\/bayareacrisisnursery.org\/de\/wp-json\/wp\/v2\/pages\/270\/revisions\/7433"}],"wp:attachment":[{"href":"https:\/\/bayareacrisisnursery.org\/de\/wp-json\/wp\/v2\/media?parent=270"}],"curies":[{"name":"wp","href":"https:\/\/api.w.org\/{rel}","templated":true}]}}