{"id":292,"date":"2019-04-25T05:00:53","date_gmt":"2019-04-25T05:00:53","guid":{"rendered":"https:\/\/bayareacrisisnursery.org\/?page_id=292"},"modified":"2026-03-27T02:52:21","modified_gmt":"2026-03-27T02:52:21","slug":"volunteer","status":"publish","type":"page","link":"https:\/\/bayareacrisisnursery.org\/de\/donate\/volunteer\/","title":{"rendered":"Freiwilliger"},"content":{"rendered":"<div id=\"cs-content\" class=\"cs-content\"><div class=\"x-section e292-e1 m84-0 m84-1 m84-2 m84-3\"><div class=\"x-container marginless-columns e292-e2 m84-8\"><div class=\"x-column x-sm x-1-1 e292-e3 m84-9\"><span class=\"x-image e292-e4 m84-a\"><img decoding=\"async\" src=\"https:\/\/bayareacrisisnursery.org\/wp-content\/uploads\/2022\/09\/Volunteer-Banner.png\" width=\"1200\" height=\"400\" alt=\"Volunteer\" loading=\"lazy\"><\/span><\/div><\/div><\/div><div class=\"x-section e292-e5 m84-0 m84-1 m84-2 m84-3\"><div class=\"x-container marginless-columns e292-e6 m84-8\"><div class=\"x-column x-sm x-1-1 e292-e7 m84-9\"><h2  class=\"h-custom-headline h3\" ><span>Freiwilliger bei BACN<\/span><\/h2><\/div><\/div><div class=\"x-container marginless-columns e292-e9 m84-8\"><div class=\"x-column x-sm x-1-1 e292-e10 m84-9\"><div class=\"x-content-area e292-e11 m84-c\"><span><p>BACN ist ein gro\u00dfartiger Ort f\u00fcr Freiwilligenarbeit, weil wir jeden einzelnen unserer Freiwilligen wirklich sch\u00e4tzen! Von der Arbeit im Kindergarten, die sich um unsere Kinder k\u00fcmmert, \u00fcber die Mitarbeit an einer Spendenaktion oder einer Gemeinschaftsverlosung bis hin zu einer Gruppe, die unserer Gemeinschaft einen Tag lang etwas zur\u00fcckgeben m\u00f6chte, hei\u00dfen wir Sie willkommen. <p>\n\n<b>Bitte beachten Sie: <\/b>Wir bieten keine ehrenamtlichen M\u00f6glichkeiten f\u00fcr gerichtlich angeordnete Zivildienste an.<\/b>\n\n<\/span><\/div><hr class=\"x-line e292-e12 m84-d m84-e\"\/><\/div><\/div><\/div><div class=\"x-section e292-e13 m84-0 m84-1 m84-2 m84-3\"><div class=\"x-container marginless-columns e292-e14 m84-8\"><div class=\"x-column x-sm x-1-1 e292-e15 m84-9\"><h2  class=\"h-custom-headline h3\" ><span>Childcare Volunteers- Applications Open March 27, 2026!<\/span><\/h2><div class=\"x-frame x-frame-video-embed e292-e17 m84-g m84-h\"><div class=\"x-frame-inner\"><div class=\"x-video x-video-embed\"><div class=\"x-resp-embed x-is-video x-is-youtube\"><iframe loading=\"lazy\" title=\"Childcare Volunteer Introduction\" width=\"846\" height=\"476\" src=\"https:\/\/www.youtube.com\/embed\/Hoz4F9BP1A4?feature=oembed\" frameborder=\"0\" allow=\"accelerometer; autoplay; clipboard-write; encrypted-media; gyroscope; picture-in-picture; web-share\" referrerpolicy=\"strict-origin-when-cross-origin\" allowfullscreen><\/iframe><\/div><\/div><\/div><\/div><div class=\"x-content-area e292-e18 m84-c\"><p>Unsere Dienstleistungen werden durch unsere ehrenamtlichen Kinderbetreuerinnen und -betreuer erm\u00f6glicht. Diese Freiwilligen unterst\u00fctzen unser Kindergartenpersonal und helfen beim Anreichern, F\u00fcttern, Anziehen, Schaukeln und Spielen. Diese Position beinhaltet die direkte Interaktion mit dem Kind, die k\u00f6rperlich anstrengend sein kann, aber sehr viel Spa\u00df macht!<\/p>\n<p>Um ehrenamtlich in der Kinderbetreuung t\u00e4tig zu sein, ben\u00f6tigen wir:<\/p>\n<ul>\n<li>All volunteers must be at least 18 years old.<\/li>\n<li>Sie m\u00fcssen einen Tuberkulosetest, eine Fingerabdruck- und Hintergrund\u00fcberpr\u00fcfung sowie eine Gesundheitsbescheinigung durchf\u00fchren.<\/li>\n<li>Verpflichten Sie sich mindestens ein Jahr lang zu einer 3-Stunden-Schicht, mindestens einmal pro Woche.<\/li>\n<li>Complete 15 hours of online training prior to working with children in the Nursery.<\/li>\n<li>Freiwillige m\u00fcssen \u00fcber eine g\u00fcltige Erste-Hilfe- und HLW-Zertifizierung f\u00fcr Kinderbetreuer verf\u00fcgen und j\u00e4hrlich 20 Stunden Schulung absolvieren, um weiterhin ehrenamtlich t\u00e4tig zu sein.<\/li>\n<\/ul><\/div><a class=\"x-anchor x-anchor-button e292-e19 m84-i\" tabindex=\"0\" href=\"https:\/\/bayareacrisisnursery.app.neoncrm.com\/forms\/childcare-volunteer-application\" target=\"_blank\" rel=\"noopener noreferrer\"><div class=\"x-anchor-content\"><div class=\"x-anchor-text\"><span class=\"x-anchor-text-primary\">Apply Today<\/span><\/div><\/div><\/a><\/div><\/div><\/div><div class=\"x-section e292-e20 m84-0 m84-1 m84-4 m84-5\"><div class=\"x-row e292-e21 m84-k m84-m m84-n\"><div class=\"x-row-inner\"><div class=\"x-col e292-e22 m84-s\"><h3  class=\"h-custom-headline h3\" ><span>Volunteer Food Pickup & Delivery (Currently Filled)<\/span><\/h3><p>Food Pickup & Delivery Volunteers help make our food pantry possible by picking up food donations from partner locations and delivering them safely to the nursery. This role is perfect for someone who enjoys being on the move and wants to make a big impact in a short amount of time.<p><\/p>\nVolunteers assist with loading and unloading food upon arrival and work alongside staff or other volunteers to ensure donations are handled safely and efficiently.\n\n<\/p>\n<p><strong>Volunteer Dates &amp; Times:<\/strong><br \/>Every Tuesday | 8:00 am - 10:30 am<br \/>Location: Pickup & Drop Off in Concord<\/p><a class=\"x-anchor x-anchor-button e292-e25 m84-i m84-j\" tabindex=\"0\" href=\"https:\/\/bayareacrisisnursery.app.neoncrm.com\/forms\/volunteer\" target=\"_blank\" rel=\"noopener noreferrer\"><div class=\"x-anchor-content\"><div class=\"x-anchor-text\"><span class=\"x-anchor-text-primary\">Apply Today<\/span><\/div><\/div><\/a><h3  class=\"h-custom-headline h3\" ><span>Food Pantry Volunteer (Currently Filled)<\/span><\/h3><p>The Food Pantry Volunteer supports the Bay Area Crisis Nursery\u2019s emergency food service program. Volunteers assist with receiving, sorting, and distributing food products, while ensuring the pantry and boutique remain clean, safe, and welcoming for clients. This role is vital to helping families access fresh fruits, vegetables, dry goods, dairy products (when available), and other nutritious food items. Volunteers play an important part in creating a supportive, respectful environment that reflects the Nursery\u2019s values of kindness, compassion, and nonjudgment.<\/p>\n<p><strong>Volunteer Dates &amp; Times:<\/strong><br \/>Tuesdays | 10:30 AM - 1:30 PM<br \/>Location: 1506 Mendocino Dr, Concord, CA<\/p><a class=\"x-anchor x-anchor-button e292-e28 m84-i m84-j\" tabindex=\"0\" href=\"https:\/\/bayareacrisisnursery.app.neoncrm.com\/forms\/volunteer\" target=\"_blank\" rel=\"noopener noreferrer\"><div class=\"x-anchor-content\"><div class=\"x-anchor-text\"><span class=\"x-anchor-text-primary\">Apply Today<\/span><\/div><\/div><\/a><\/div><\/div><\/div><\/div><div class=\"x-section e292-e30 m84-0 m84-1 m84-2 m84-5\"><div class=\"x-row e292-e31 m84-k m84-m m84-o\"><div class=\"x-row-inner\"><div class=\"x-col e292-e32 m84-s\"><hr class=\"x-line e292-e33 m84-d m84-e\"\/><\/div><\/div><\/div><div class=\"x-row e292-e34 m84-k m84-m m84-p\"><div class=\"x-row-inner\"><div class=\"x-col e292-e35 m84-s\"><hr class=\"x-line e292-e36 m84-d m84-f\"\/><h2  class=\"h-custom-headline h3\" ><span>Freiwillige des Crab Feed Committee<\/span><\/h2><div class=\"x-content-area e292-e38 m84-c\"><p>Crab Feed Committee Volunteers Volunteering is a fantastic way to join the party. Please help make this important fundraising event an amazing success. This is one of the most fun events for volunteers. It is high-energy, high-impact, and high-demand! Volunteers serve on the committee or at the event. There are a wide variety of opportunities to fit your schedule and interest. We&rsquo;re looking for:<\/p>\n<ul>\n<li>Vorsitzender des Veranstaltungsausschusses<\/li>\n<li>Barhocker<\/li>\n<li>Stille Auktionsst\u00fchle<\/li>\n<li>Ehrenamtlicher Lehrstuhl<\/li>\n<li>Dessert-Auktionsstuhl<\/li>\n<li>Lehrstuhl f\u00fcr Promotion &amp; Ticketverkauf<\/li>\n<li>&amp; Ausschussmitglieder, um uns dabei zu unterst\u00fctzen, das beste Krabbenfutter der Stadt zu werfen!<\/li>\n<\/ul>\n<p>If you are interested in being a Crab Feed Committee Volunteer, please fill out<strong><a href=\"https:\/\/www.surveymonkey.com\/r\/T8ZYFW9\" target=\"_blank\" rel=\"noopener\"> this survey<\/a><\/strong><b>.<\/b><\/p><\/div><hr class=\"x-line e292-e39 m84-d m84-e\"\/><\/div><\/div><\/div><\/div><div class=\"x-section e292-e40 m84-0 m84-1 m84-2 m84-3\"><div class=\"x-container marginless-columns e292-e41 m84-8\"><div class=\"x-column x-sm x-1-1 e292-e42 m84-9\"><h2  class=\"h-custom-headline h3\" ><span>BACN-Vorstand<\/span><\/h2><div class=\"x-content-area e292-e44 m84-c\"><p>Die Mitgliedschaft im Vorstand erm\u00f6glicht es dem Freiwilligen, unsere Organisation bei der Erf\u00fcllung ihrer Mission zu unterst\u00fctzen. Dies beinhaltet die Unterst\u00fctzung des Exekutivdirektors bei der Erreichung der Ziele der Organisation, die Bereitstellung von organisatorischer Aufsicht, Mittelbeschaffung und strategischer Planung. Die Vorstandsmitglieder werden auch gebeten, eine aktive Rolle bei der Unterst\u00fctzung der Organisation zu \u00fcbernehmen und Botschafter in der Gemeinschaft zu werden!<\/p>\n\n<p>Sehen Sie sich die Stellenbeschreibung an <b><a href=\"https:\/\/bayareacrisisnursery.org\/wp-content\/uploads\/2020\/09\/Board-Member-Job-Description.pdf\">hier<\/a><\/b>.<\/p><\/div><hr class=\"x-line e292-e45 m84-d m84-e\"\/><\/div><\/div><\/div><div class=\"x-section e292-e46 m84-0 m84-3 m84-6\"><div class=\"x-row e292-e47 m84-k m84-l m84-m m84-q\"><div class=\"x-row-inner\"><div class=\"x-col e292-e48 m84-s\"><div class=\"x-text x-text-headline e292-e49 m84-u m84-v\"><div class=\"x-text-content\"><div class=\"x-text-content-text\"><h3 class=\"x-text-content-text-primary\">BACN unterst\u00fctzen<\/h3>\n<\/div><\/div><\/div><\/div><\/div><\/div><div class=\"x-row e292-e50 m84-k m84-l m84-m m84-r\"><div class=\"x-row-inner\"><div class=\"x-col e292-e51 m84-s m84-t\"><a class=\"x-image e292-e52 m84-a\" href=\"mailto:giving@bayareacrisisnursery.org?subject=Stock%20Donations\" target=\"_blank\" rel=\"noopener noreferrer\"><img decoding=\"async\" src=\"https:\/\/bayareacrisisnursery.org\/wp-content\/uploads\/2019\/12\/Piggy-Stock.jpg\" width=\"847\" height=\"565\" alt=\"Stock Donations\" loading=\"lazy\"><\/a><div class=\"x-text x-text-headline e292-e53 m84-v m84-w\"><div class=\"x-text-content\"><div class=\"x-text-content-text\"><h3 class=\"x-text-content-text-primary\"><p><a href=\"mailto:giving@bayareacrisisnursery.org?subject=Donating Stock\">BACN akzeptiert Aktienspenden. E-Mail heute.<\/a><\/p><\/h3>\n<\/div><\/div><\/div><\/div><div class=\"x-col e292-e54 m84-s m84-t\"><iframe loading=\"lazy\" src=\"https:\/\/doublethedonation.com\/api\/iframe\/XvD2NtEV1TSXhAQ1\" height=\"350\" width=\"100%\"><\/iframe><\/div><div class=\"x-col e292-e56 m84-s m84-t\"><a class=\"x-image e292-e57 m84-a m84-b\" href=\"https:\/\/mailchi.mp\/bayareacrisisnursery\/newsletter?dnt=1%22%20data-wplink-edit=%22true%22\" target=\"_blank\" rel=\"noopener noreferrer\"><img decoding=\"async\" src=\"https:\/\/bayareacrisisnursery.org\/wp-content\/uploads\/2022\/08\/News.jpg\" width=\"600\" height=\"400\" alt=\"Newsletter\" loading=\"lazy\"><\/a><div class=\"x-text x-text-headline e292-e58 m84-v m84-w\"><div class=\"x-text-content\"><div class=\"x-text-content-text\"><h3 class=\"x-text-content-text-primary\"><p><a href=\"https:\/\/mailchi.mp\/bayareacrisisnursery\/newsletter?dnt=1\" data-wplink-edit=\"true\">Melden Sie sich an, um in Kontakt zu bleiben<\/a><\/p><\/h3>\n<\/div><\/div><\/div><\/div><\/div><\/div><\/div><div class=\"x-section e292-e59 m84-0 m84-5 m84-7\"><\/div><div class=\"x-section e292-e60 m84-0 m84-5 m84-7\"><\/div><\/div>","protected":false},"excerpt":{"rendered":"<p>Freiwilligenarbeit bei BACNBACN ist ein gro\u00dfartiger Ort, um sich freiwillig zu engagieren, weil wir jeden einzelnen unserer Freiwilligen wirklich sch\u00e4tzen! Von der Arbeit im Kindergarten zur Betreuung unserer Kinder \u00fcber die Arbeit an einer Spendenaktion oder einem Werbegeschenk f\u00fcr die Gemeinde bis hin zu einer Gruppe, die unserer Gemeinde einen Tag lang etwas zur\u00fcckgeben m\u00f6chte, wir hei\u00dfen Sie willkommen. Bitte beachten Sie: Wir verzichten auf \u2026 <a href=\"https:\/\/bayareacrisisnursery.org\/de\/donate\/volunteer\/\" class=\"more-link\">Weiterlesen<\/a><\/p>","protected":false},"author":1,"featured_media":0,"parent":263,"menu_order":3,"comment_status":"closed","ping_status":"closed","template":"template-layout-full-width.php","meta":{"om_disable_all_campaigns":false,"_monsterinsights_skip_tracking":false,"_monsterinsights_sitenote_active":false,"_monsterinsights_sitenote_note":"","_monsterinsights_sitenote_category":0,"_uf_show_specific_survey":0,"_uf_disable_surveys":false,"footnotes":""},"class_list":["post-292","page","type-page","status-publish","hentry","no-post-thumbnail"],"yoast_head":"<!-- This site is optimized with the Yoast SEO Premium plugin v27.2 (Yoast SEO v27.2) - https:\/\/yoast.com\/product\/yoast-seo-premium-wordpress\/ -->\n<title>Volunteer Opportunities<\/title>\n<meta name=\"description\" content=\"BACN has several volunteer opportunities working in the Nursery with children, event volunteers, and community volunteer opportunities.\" \/>\n<meta name=\"robots\" content=\"index, follow, max-snippet:-1, max-image-preview:large, max-video-preview:-1\" \/>\n<link rel=\"canonical\" href=\"https:\/\/bayareacrisisnursery.org\/de\/donate\/volunteer\/\" \/>\n<meta property=\"og:locale\" content=\"de_DE\" \/>\n<meta property=\"og:type\" content=\"article\" \/>\n<meta property=\"og:title\" content=\"Volunteer\" \/>\n<meta property=\"og:description\" content=\"BACN has several volunteer opportunities working in the Nursery with children, event volunteers, and community volunteer opportunities.\" \/>\n<meta property=\"og:url\" content=\"https:\/\/bayareacrisisnursery.org\/de\/donate\/volunteer\/\" \/>\n<meta property=\"og:site_name\" content=\"Bay Area Crisis Nursery\" \/>\n<meta property=\"article:publisher\" content=\"https:\/\/www.facebook.com\/bacnspage\/\" \/>\n<meta property=\"article:modified_time\" content=\"2026-03-27T02:52:21+00:00\" \/>\n<meta name=\"twitter:card\" content=\"summary_large_image\" \/>\n<meta name=\"twitter:site\" content=\"@bacn_nursery\" \/>\n<meta name=\"twitter:label1\" content=\"Gesch\u00e4tzte Lesezeit\" \/>\n\t<meta name=\"twitter:data1\" content=\"8\u00a0Minuten\" \/>\n<script type=\"application\/ld+json\" class=\"yoast-schema-graph\">{\"@context\":\"https:\/\/schema.org\",\"@graph\":[{\"@type\":\"WebPage\",\"@id\":\"https:\/\/bayareacrisisnursery.org\/donate\/volunteer\/\",\"url\":\"https:\/\/bayareacrisisnursery.org\/donate\/volunteer\/\",\"name\":\"Volunteer Opportunities\",\"isPartOf\":{\"@id\":\"https:\/\/bayareacrisisnursery.org\/#website\"},\"datePublished\":\"2019-04-25T05:00:53+00:00\",\"dateModified\":\"2026-03-27T02:52:21+00:00\",\"description\":\"BACN has several volunteer opportunities working in the Nursery with children, event volunteers, and community volunteer opportunities.\",\"breadcrumb\":{\"@id\":\"https:\/\/bayareacrisisnursery.org\/donate\/volunteer\/#breadcrumb\"},\"inLanguage\":\"de\",\"potentialAction\":[{\"@type\":\"ReadAction\",\"target\":[\"https:\/\/bayareacrisisnursery.org\/donate\/volunteer\/\"]}]},{\"@type\":\"BreadcrumbList\",\"@id\":\"https:\/\/bayareacrisisnursery.org\/donate\/volunteer\/#breadcrumb\",\"itemListElement\":[{\"@type\":\"ListItem\",\"position\":1,\"name\":\"Home\",\"item\":\"https:\/\/bayareacrisisnursery.org\/\"},{\"@type\":\"ListItem\",\"position\":2,\"name\":\"Support\",\"item\":\"https:\/\/bayareacrisisnursery.org\/donate\/\"},{\"@type\":\"ListItem\",\"position\":3,\"name\":\"Volunteer\"}]},{\"@type\":\"WebSite\",\"@id\":\"https:\/\/bayareacrisisnursery.org\/#website\",\"url\":\"https:\/\/bayareacrisisnursery.org\/\",\"name\":\"Bay Area Crisis Nursery\",\"description\":\"A Little Heart. A Little Help. A Lot of Hope.\",\"publisher\":{\"@id\":\"https:\/\/bayareacrisisnursery.org\/#organization\"},\"potentialAction\":[{\"@type\":\"SearchAction\",\"target\":{\"@type\":\"EntryPoint\",\"urlTemplate\":\"https:\/\/bayareacrisisnursery.org\/?s={search_term_string}\"},\"query-input\":{\"@type\":\"PropertyValueSpecification\",\"valueRequired\":true,\"valueName\":\"search_term_string\"}}],\"inLanguage\":\"de\"},{\"@type\":\"Organization\",\"@id\":\"https:\/\/bayareacrisisnursery.org\/#organization\",\"name\":\"Bay Area Crisis Nursery\",\"url\":\"https:\/\/bayareacrisisnursery.org\/\",\"logo\":{\"@type\":\"ImageObject\",\"inLanguage\":\"de\",\"@id\":\"https:\/\/bayareacrisisnursery.org\/#\/schema\/logo\/image\/\",\"url\":\"https:\/\/bayareacrisisnursery.org\/wp-content\/uploads\/2020\/12\/BACN-Logo.png\",\"contentUrl\":\"https:\/\/bayareacrisisnursery.org\/wp-content\/uploads\/2020\/12\/BACN-Logo.png\",\"width\":751,\"height\":374,\"caption\":\"Bay Area Crisis Nursery\"},\"image\":{\"@id\":\"https:\/\/bayareacrisisnursery.org\/#\/schema\/logo\/image\/\"},\"sameAs\":[\"https:\/\/www.facebook.com\/bacnspage\/\",\"https:\/\/x.com\/bacn_nursery\",\"https:\/\/www.instagram.com\/bayareacrisisnursery\/\",\"https:\/\/www.linkedin.com\/company\/bay-area-crisis-nursery\/about\/\"]}]}<\/script>\n<!-- \/ Yoast SEO Premium plugin. -->","yoast_head_json":{"title":"M\u00f6glichkeiten f\u00fcr Freiwillige","description":"BACN has several volunteer opportunities working in the Nursery with children, event volunteers, and community volunteer opportunities.","robots":{"index":"index","follow":"follow","max-snippet":"max-snippet:-1","max-image-preview":"max-image-preview:large","max-video-preview":"max-video-preview:-1"},"canonical":"https:\/\/bayareacrisisnursery.org\/de\/donate\/volunteer\/","og_locale":"de_DE","og_type":"article","og_title":"Volunteer","og_description":"BACN has several volunteer opportunities working in the Nursery with children, event volunteers, and community volunteer opportunities.","og_url":"https:\/\/bayareacrisisnursery.org\/de\/donate\/volunteer\/","og_site_name":"Bay Area Crisis Nursery","article_publisher":"https:\/\/www.facebook.com\/bacnspage\/","article_modified_time":"2026-03-27T02:52:21+00:00","twitter_card":"summary_large_image","twitter_site":"@bacn_nursery","twitter_misc":{"Gesch\u00e4tzte Lesezeit":"8\u00a0Minuten"},"schema":{"@context":"https:\/\/schema.org","@graph":[{"@type":"WebPage","@id":"https:\/\/bayareacrisisnursery.org\/donate\/volunteer\/","url":"https:\/\/bayareacrisisnursery.org\/donate\/volunteer\/","name":"M\u00f6glichkeiten f\u00fcr Freiwillige","isPartOf":{"@id":"https:\/\/bayareacrisisnursery.org\/#website"},"datePublished":"2019-04-25T05:00:53+00:00","dateModified":"2026-03-27T02:52:21+00:00","description":"BACN has several volunteer opportunities working in the Nursery with children, event volunteers, and community volunteer opportunities.","breadcrumb":{"@id":"https:\/\/bayareacrisisnursery.org\/donate\/volunteer\/#breadcrumb"},"inLanguage":"de","potentialAction":[{"@type":"ReadAction","target":["https:\/\/bayareacrisisnursery.org\/donate\/volunteer\/"]}]},{"@type":"BreadcrumbList","@id":"https:\/\/bayareacrisisnursery.org\/donate\/volunteer\/#breadcrumb","itemListElement":[{"@type":"ListItem","position":1,"name":"Home","item":"https:\/\/bayareacrisisnursery.org\/"},{"@type":"ListItem","position":2,"name":"Support","item":"https:\/\/bayareacrisisnursery.org\/donate\/"},{"@type":"ListItem","position":3,"name":"Volunteer"}]},{"@type":"WebSite","@id":"https:\/\/bayareacrisisnursery.org\/#website","url":"https:\/\/bayareacrisisnursery.org\/","name":"Krisenkindergarten Bay Area","description":"Ein kleines Herz. Eine kleine Hilfe. Viel Hoffnung.","publisher":{"@id":"https:\/\/bayareacrisisnursery.org\/#organization"},"potentialAction":[{"@type":"SearchAction","target":{"@type":"EntryPoint","urlTemplate":"https:\/\/bayareacrisisnursery.org\/?s={search_term_string}"},"query-input":{"@type":"PropertyValueSpecification","valueRequired":true,"valueName":"search_term_string"}}],"inLanguage":"de"},{"@type":"Organization","@id":"https:\/\/bayareacrisisnursery.org\/#organization","name":"Krisenkindergarten Bay Area","url":"https:\/\/bayareacrisisnursery.org\/","logo":{"@type":"ImageObject","inLanguage":"de","@id":"https:\/\/bayareacrisisnursery.org\/#\/schema\/logo\/image\/","url":"https:\/\/bayareacrisisnursery.org\/wp-content\/uploads\/2020\/12\/BACN-Logo.png","contentUrl":"https:\/\/bayareacrisisnursery.org\/wp-content\/uploads\/2020\/12\/BACN-Logo.png","width":751,"height":374,"caption":"Bay Area Crisis Nursery"},"image":{"@id":"https:\/\/bayareacrisisnursery.org\/#\/schema\/logo\/image\/"},"sameAs":["https:\/\/www.facebook.com\/bacnspage\/","https:\/\/x.com\/bacn_nursery","https:\/\/www.instagram.com\/bayareacrisisnursery\/","https:\/\/www.linkedin.com\/company\/bay-area-crisis-nursery\/about\/"]}]}},"_links":{"self":[{"href":"https:\/\/bayareacrisisnursery.org\/de\/wp-json\/wp\/v2\/pages\/292","targetHints":{"allow":["GET"]}}],"collection":[{"href":"https:\/\/bayareacrisisnursery.org\/de\/wp-json\/wp\/v2\/pages"}],"about":[{"href":"https:\/\/bayareacrisisnursery.org\/de\/wp-json\/wp\/v2\/types\/page"}],"author":[{"embeddable":true,"href":"https:\/\/bayareacrisisnursery.org\/de\/wp-json\/wp\/v2\/users\/1"}],"replies":[{"embeddable":true,"href":"https:\/\/bayareacrisisnursery.org\/de\/wp-json\/wp\/v2\/comments?post=292"}],"version-history":[{"count":37,"href":"https:\/\/bayareacrisisnursery.org\/de\/wp-json\/wp\/v2\/pages\/292\/revisions"}],"predecessor-version":[{"id":7452,"href":"https:\/\/bayareacrisisnursery.org\/de\/wp-json\/wp\/v2\/pages\/292\/revisions\/7452"}],"up":[{"embeddable":true,"href":"https:\/\/bayareacrisisnursery.org\/de\/wp-json\/wp\/v2\/pages\/263"}],"wp:attachment":[{"href":"https:\/\/bayareacrisisnursery.org\/de\/wp-json\/wp\/v2\/media?parent=292"}],"curies":[{"name":"wp","href":"https:\/\/api.w.org\/{rel}","templated":true}]}}