{"id":417,"date":"2019-08-11T17:32:36","date_gmt":"2019-08-11T17:32:36","guid":{"rendered":"https:\/\/bayareacrisisnursery.org\/?page_id=417"},"modified":"2024-09-11T23:19:28","modified_gmt":"2024-09-11T23:19:28","slug":"back-to-school-backpacks","status":"publish","type":"page","link":"https:\/\/bayareacrisisnursery.org\/de\/other-ways-to-give\/back-to-school-backpacks\/","title":{"rendered":"Rucks\u00e4cke f\u00fcr den Schulanfang"},"content":{"rendered":"<div id=\"cs-content\" class=\"cs-content\"><div class=\"x-section e417-e1 mbl-0 mbl-1\"><div class=\"x-container marginless-columns e417-e2 mbl-3\"><div class=\"x-column x-sm x-1-1 e417-e3 mbl-4\"><img decoding=\"async\"  class=\"x-img x-img-none\"  src=\"https:\/\/bayareacrisisnursery.org\/wp-content\/uploads\/2019\/08\/Backpacks.jpg\" alt=\"Back-to-School Backpacks\"><\/div><\/div><\/div><div class=\"x-section e417-e5 mbl-0 mbl-1\"><div class=\"x-container marginless-columns e417-e6 mbl-3\"><div class=\"x-column x-sm x-1-1 e417-e7 mbl-4\"><h2  class=\"h-custom-headline h3\" ><span>Rucksackaktion zum Schulanfang<\/span><\/h2><div class=\"x-content-area e417-e9 mbl-5\"><p>Too many families in the Bay Area are struggling with paying rent and providing food for their families. Can you imagine adding the burden of buying school supplies? We can. And that's why we support our clients each year by giving out fully-stocked backpacks. We offer backpacks to Nursery children and their siblings&mdash;from Kindergarten through 12th Grade.<\/p>\n<ul>\n<li><b>Eine Rucksacktour zu organisieren ist einfach, unkompliziert und macht Spa\u00df!<\/b> <strong><a href=\"tel:9256856633\">Rufen Sie 925.685.6633 an <\/a><\/strong>oder<strong><a href=\"mailto:tessa@bayareacrisisnursery.org?subject=Backpacks\"> Schreiben Sie uns eine E-Mail<\/a><\/strong> um uns mitzuteilen, wie viele Rucks\u00e4cke Sie spenden m\u00f6chten.<\/li>\n<li><b>Wir senden Ihnen eine Liste<\/b> von allem, was in jedem Rucksack sein muss.<\/li>\n<li><b>W\u00e4hlen Sie die Daten Ihrer Fahrt aus.<\/b> Wir schlagen vor, dass Sie Ihre Fahrt mindestens eine Woche lang unterbrechen.<\/li>\n<li><b>Bringen Sie das Wort heraus!<\/b> Je mehr Leute es wissen, desto erfolgreicher wird Ihre Aktion sein.<\/li>\n<li><b>Sammeln, sammeln, sammeln!<\/b> Genie\u00dfen Sie all Ihre harte Arbeit und beobachten Sie, wie die Rucks\u00e4cke zusammenkommen, in dem Wissen, dass Sie Familien unterst\u00fctzen, die Ihre Unterst\u00fctzung wirklich brauchen. Wir bieten jedem unserer Kinder vollgestopfte Rucks\u00e4cke an.<\/li>\n<li><b>\u00dcberpr\u00fcfen Sie unbedingt den Inhalt jeder Tasche<\/b> um sicherzustellen, dass jedem Kind alles gegeben wird, was auf der Liste steht.<\/li>\n<li>Wenn die Fahrt vorbei ist, <b>vollgestopft liefern<\/b> Rucks\u00e4cke zu BACN!<\/li>\n<\/ul>\n<p><b>Abgabezeiten f\u00fcr Spenden<\/b><br \/><b>Jul 21 - 25, 2025 | 10 am - 5 pm<br \/>Ort: 1510 Mendocino Dr, Concord<\/b><\/p><\/div><\/div><\/div><\/div><div class=\"x-section e417-e10 mbl-0 mbl-1\"><div class=\"x-container marginless-columns e417-e11 mbl-3\"><div class=\"x-column x-sm x-1-1 e417-e12 mbl-4\"><div class=\"x-content-area e417-e13 mbl-5\"><p><div id=\"x-content-band-1\" class=\"x-content-band border-top border-left border-right border-bottom\" style=\"background-color: #efefef; color: #333;\"><div class=\"x-container max width\"> <h4  class=\"h-custom-headline h3\" style=\"margin-top: 0;\"><span>Rucksackfahrt<\/span><\/h4><\/p>\n<p>M\u00f6chten Sie eine Rucksack-Aktion zum Schulanfang organisieren oder einen voll gef\u00fcllten Rucksack spenden? Schicken Sie uns einfach eine E-Mail und teilen Sie uns mit, wie viele Rucks\u00e4cke Sie zusammenstellen m\u00f6chten. Wir senden Ihnen dann die Noten der Kinder und welche Materialien in jedem Rucksack enthalten sein m\u00fcssen.<\/p>\n<p><a  class=\"x-btn x-btn-flat x-btn-global\"  href=\"mailto:tessa@bayareacrisisnursery.org?subject=Back-to-School Backp\"     data-options=\"thumbnail: ''\">Schreiben Sie uns eine E-Mail!<\/a> <\/div><\/div><\/div><\/div><\/div><\/div><div class=\"x-section e417-e14 mbl-0 mbl-2\"><div class=\"x-row e417-e15 mbl-6 mbl-7 mbl-8\"><div class=\"x-row-inner\"><div class=\"x-col e417-e16 mbl-a\"><div class=\"x-text x-text-headline e417-e17 mbl-c mbl-d\"><div class=\"x-text-content\"><div class=\"x-text-content-text\"><h3 class=\"x-text-content-text-primary\">BACN unterst\u00fctzen<\/h3>\n<\/div><\/div><\/div><\/div><\/div><\/div><div class=\"x-row e417-e18 mbl-6 mbl-7 mbl-9\"><div class=\"x-row-inner\"><div class=\"x-col e417-e19 mbl-a mbl-b\"><a class=\"x-image e417-e20 mbl-f\" href=\"mailto:giving@bayareacrisisnursery.org?subject=Stock%20Donations\" target=\"_blank\" rel=\"noopener noreferrer\"><img decoding=\"async\" src=\"https:\/\/bayareacrisisnursery.org\/wp-content\/uploads\/2019\/12\/Piggy-Stock.jpg\" width=\"847\" height=\"565\" alt=\"Stock Donations\" loading=\"lazy\"><\/a><div class=\"x-text x-text-headline e417-e21 mbl-d mbl-e\"><div class=\"x-text-content\"><div class=\"x-text-content-text\"><h3 class=\"x-text-content-text-primary\"><p><a href=\"mailto:giving@bayareacrisisnursery.org?subject=Donating Stock\">BACN akzeptiert Aktienspenden. E-Mail heute.<\/a><\/p><\/h3>\n<\/div><\/div><\/div><\/div><div class=\"x-col e417-e22 mbl-a mbl-b\"><iframe loading=\"lazy\" src=\"https:\/\/doublethedonation.com\/api\/iframe\/XvD2NtEV1TSXhAQ1\" height=\"350\" width=\"100%\"><\/iframe><\/div><div class=\"x-col e417-e24 mbl-a mbl-b\"><a class=\"x-image e417-e25 mbl-f mbl-g\" href=\"https:\/\/bayareacrisisnursery.org\/de\/programs\/crisis-care\/\" target=\"_blank\" rel=\"noopener noreferrer\"><img decoding=\"async\" src=\"https:\/\/bayareacrisisnursery.org\/wp-content\/uploads\/2022\/08\/News.jpg\" width=\"600\" height=\"400\" alt=\"Newsletter\" loading=\"lazy\"><\/a><div class=\"x-text x-text-headline e417-e26 mbl-d mbl-e\"><div class=\"x-text-content\"><div class=\"x-text-content-text\"><h3 class=\"x-text-content-text-primary\"><p><a href=\"https:\/\/mailchi.mp\/bayareacrisisnursery\/newsletter?dnt=1\" data-wplink-edit=\"true\">Melden Sie sich an, um in Kontakt zu bleiben<\/a><\/p><\/h3>\n<\/div><\/div><\/div><\/div><\/div><\/div><\/div><\/div>","protected":false},"excerpt":{"rendered":"<p>Back-to-School Backpack DriveToo many families in the Bay Area are struggling with paying rent and providing food for their families. Can you imagine adding the burden of buying school supplies? We can. And that&#8217;s why we support our clients each year by giving out fully-stocked backpacks. We offer backpacks to Nursery children and their siblings&mdash;from Kindergarten through 12th Grade. Organizing &#8230; <a href=\"https:\/\/bayareacrisisnursery.org\/de\/other-ways-to-give\/back-to-school-backpacks\/\" class=\"more-link\">Weiterlesen<\/a><\/p>","protected":false},"author":1,"featured_media":0,"parent":270,"menu_order":0,"comment_status":"closed","ping_status":"closed","template":"template-layout-full-width.php","meta":{"om_disable_all_campaigns":false,"_monsterinsights_skip_tracking":false,"_monsterinsights_sitenote_active":false,"_monsterinsights_sitenote_note":"","_monsterinsights_sitenote_category":0,"_uf_show_specific_survey":0,"_uf_disable_surveys":false,"footnotes":""},"class_list":["post-417","page","type-page","status-publish","hentry","no-post-thumbnail"],"yoast_head":"<!-- This site is optimized with the Yoast SEO Premium plugin v27.2 (Yoast SEO v27.2) - https:\/\/yoast.com\/product\/yoast-seo-premium-wordpress\/ -->\n<title>Back-to-School Backpacks - Bay Area Crisis Nursery<\/title>\n<meta name=\"description\" content=\"Every year, the Bay Area Crisis Nursery collects backpacks and school supplies for the families in our programs.\" \/>\n<meta name=\"robots\" content=\"index, follow, max-snippet:-1, max-image-preview:large, max-video-preview:-1\" \/>\n<link rel=\"canonical\" href=\"https:\/\/bayareacrisisnursery.org\/de\/other-ways-to-give\/back-to-school-backpacks\/\" \/>\n<meta property=\"og:locale\" content=\"de_DE\" \/>\n<meta property=\"og:type\" content=\"article\" \/>\n<meta property=\"og:title\" content=\"Back-to-School Backpacks\" \/>\n<meta property=\"og:description\" content=\"Every year, the Bay Area Crisis Nursery collects backpacks and school supplies for the families in our programs.\" \/>\n<meta property=\"og:url\" content=\"https:\/\/bayareacrisisnursery.org\/de\/other-ways-to-give\/back-to-school-backpacks\/\" \/>\n<meta property=\"og:site_name\" content=\"Bay Area Crisis Nursery\" \/>\n<meta property=\"article:publisher\" content=\"https:\/\/www.facebook.com\/bacnspage\/\" \/>\n<meta property=\"article:modified_time\" content=\"2024-09-11T23:19:28+00:00\" \/>\n<meta name=\"twitter:card\" content=\"summary_large_image\" \/>\n<meta name=\"twitter:site\" content=\"@bacn_nursery\" \/>\n<meta name=\"twitter:label1\" content=\"Gesch\u00e4tzte Lesezeit\" \/>\n\t<meta name=\"twitter:data1\" content=\"2\u00a0Minuten\" \/>\n<script type=\"application\/ld+json\" class=\"yoast-schema-graph\">{\"@context\":\"https:\/\/schema.org\",\"@graph\":[{\"@type\":\"WebPage\",\"@id\":\"https:\/\/bayareacrisisnursery.org\/other-ways-to-give\/back-to-school-backpacks\/\",\"url\":\"https:\/\/bayareacrisisnursery.org\/other-ways-to-give\/back-to-school-backpacks\/\",\"name\":\"Back-to-School Backpacks - Bay Area Crisis Nursery\",\"isPartOf\":{\"@id\":\"https:\/\/bayareacrisisnursery.org\/#website\"},\"datePublished\":\"2019-08-11T17:32:36+00:00\",\"dateModified\":\"2024-09-11T23:19:28+00:00\",\"description\":\"Every year, the Bay Area Crisis Nursery collects backpacks and school supplies for the families in our programs.\",\"breadcrumb\":{\"@id\":\"https:\/\/bayareacrisisnursery.org\/other-ways-to-give\/back-to-school-backpacks\/#breadcrumb\"},\"inLanguage\":\"de\",\"potentialAction\":[{\"@type\":\"ReadAction\",\"target\":[\"https:\/\/bayareacrisisnursery.org\/other-ways-to-give\/back-to-school-backpacks\/\"]}]},{\"@type\":\"BreadcrumbList\",\"@id\":\"https:\/\/bayareacrisisnursery.org\/other-ways-to-give\/back-to-school-backpacks\/#breadcrumb\",\"itemListElement\":[{\"@type\":\"ListItem\",\"position\":1,\"name\":\"Home\",\"item\":\"https:\/\/bayareacrisisnursery.org\/\"},{\"@type\":\"ListItem\",\"position\":2,\"name\":\"Other Ways to Give\",\"item\":\"https:\/\/bayareacrisisnursery.org\/other-ways-to-give\/\"},{\"@type\":\"ListItem\",\"position\":3,\"name\":\"Back-to-School Backpacks\"}]},{\"@type\":\"WebSite\",\"@id\":\"https:\/\/bayareacrisisnursery.org\/#website\",\"url\":\"https:\/\/bayareacrisisnursery.org\/\",\"name\":\"Bay Area Crisis Nursery\",\"description\":\"A Little Heart. A Little Help. A Lot of Hope.\",\"publisher\":{\"@id\":\"https:\/\/bayareacrisisnursery.org\/#organization\"},\"potentialAction\":[{\"@type\":\"SearchAction\",\"target\":{\"@type\":\"EntryPoint\",\"urlTemplate\":\"https:\/\/bayareacrisisnursery.org\/?s={search_term_string}\"},\"query-input\":{\"@type\":\"PropertyValueSpecification\",\"valueRequired\":true,\"valueName\":\"search_term_string\"}}],\"inLanguage\":\"de\"},{\"@type\":\"Organization\",\"@id\":\"https:\/\/bayareacrisisnursery.org\/#organization\",\"name\":\"Bay Area Crisis Nursery\",\"url\":\"https:\/\/bayareacrisisnursery.org\/\",\"logo\":{\"@type\":\"ImageObject\",\"inLanguage\":\"de\",\"@id\":\"https:\/\/bayareacrisisnursery.org\/#\/schema\/logo\/image\/\",\"url\":\"https:\/\/bayareacrisisnursery.org\/wp-content\/uploads\/2020\/12\/BACN-Logo.png\",\"contentUrl\":\"https:\/\/bayareacrisisnursery.org\/wp-content\/uploads\/2020\/12\/BACN-Logo.png\",\"width\":751,\"height\":374,\"caption\":\"Bay Area Crisis Nursery\"},\"image\":{\"@id\":\"https:\/\/bayareacrisisnursery.org\/#\/schema\/logo\/image\/\"},\"sameAs\":[\"https:\/\/www.facebook.com\/bacnspage\/\",\"https:\/\/x.com\/bacn_nursery\",\"https:\/\/www.instagram.com\/bayareacrisisnursery\/\",\"https:\/\/www.linkedin.com\/company\/bay-area-crisis-nursery\/about\/\"]}]}<\/script>\n<!-- \/ Yoast SEO Premium plugin. -->","yoast_head_json":{"title":"Back-to-School Backpacks - Bay Area Crisis Nursery","description":"Every year, the Bay Area Crisis Nursery collects backpacks and school supplies for the families in our programs.","robots":{"index":"index","follow":"follow","max-snippet":"max-snippet:-1","max-image-preview":"max-image-preview:large","max-video-preview":"max-video-preview:-1"},"canonical":"https:\/\/bayareacrisisnursery.org\/de\/other-ways-to-give\/back-to-school-backpacks\/","og_locale":"de_DE","og_type":"article","og_title":"Back-to-School Backpacks","og_description":"Every year, the Bay Area Crisis Nursery collects backpacks and school supplies for the families in our programs.","og_url":"https:\/\/bayareacrisisnursery.org\/de\/other-ways-to-give\/back-to-school-backpacks\/","og_site_name":"Bay Area Crisis Nursery","article_publisher":"https:\/\/www.facebook.com\/bacnspage\/","article_modified_time":"2024-09-11T23:19:28+00:00","twitter_card":"summary_large_image","twitter_site":"@bacn_nursery","twitter_misc":{"Gesch\u00e4tzte Lesezeit":"2\u00a0Minuten"},"schema":{"@context":"https:\/\/schema.org","@graph":[{"@type":"WebPage","@id":"https:\/\/bayareacrisisnursery.org\/other-ways-to-give\/back-to-school-backpacks\/","url":"https:\/\/bayareacrisisnursery.org\/other-ways-to-give\/back-to-school-backpacks\/","name":"Back-to-School Backpacks - Bay Area Crisis Nursery","isPartOf":{"@id":"https:\/\/bayareacrisisnursery.org\/#website"},"datePublished":"2019-08-11T17:32:36+00:00","dateModified":"2024-09-11T23:19:28+00:00","description":"Every year, the Bay Area Crisis Nursery collects backpacks and school supplies for the families in our programs.","breadcrumb":{"@id":"https:\/\/bayareacrisisnursery.org\/other-ways-to-give\/back-to-school-backpacks\/#breadcrumb"},"inLanguage":"de","potentialAction":[{"@type":"ReadAction","target":["https:\/\/bayareacrisisnursery.org\/other-ways-to-give\/back-to-school-backpacks\/"]}]},{"@type":"BreadcrumbList","@id":"https:\/\/bayareacrisisnursery.org\/other-ways-to-give\/back-to-school-backpacks\/#breadcrumb","itemListElement":[{"@type":"ListItem","position":1,"name":"Home","item":"https:\/\/bayareacrisisnursery.org\/"},{"@type":"ListItem","position":2,"name":"Other Ways to Give","item":"https:\/\/bayareacrisisnursery.org\/other-ways-to-give\/"},{"@type":"ListItem","position":3,"name":"Back-to-School Backpacks"}]},{"@type":"WebSite","@id":"https:\/\/bayareacrisisnursery.org\/#website","url":"https:\/\/bayareacrisisnursery.org\/","name":"Krisenkindergarten Bay Area","description":"Ein kleines Herz. Eine kleine Hilfe. Viel Hoffnung.","publisher":{"@id":"https:\/\/bayareacrisisnursery.org\/#organization"},"potentialAction":[{"@type":"SearchAction","target":{"@type":"EntryPoint","urlTemplate":"https:\/\/bayareacrisisnursery.org\/?s={search_term_string}"},"query-input":{"@type":"PropertyValueSpecification","valueRequired":true,"valueName":"search_term_string"}}],"inLanguage":"de"},{"@type":"Organization","@id":"https:\/\/bayareacrisisnursery.org\/#organization","name":"Krisenkindergarten Bay Area","url":"https:\/\/bayareacrisisnursery.org\/","logo":{"@type":"ImageObject","inLanguage":"de","@id":"https:\/\/bayareacrisisnursery.org\/#\/schema\/logo\/image\/","url":"https:\/\/bayareacrisisnursery.org\/wp-content\/uploads\/2020\/12\/BACN-Logo.png","contentUrl":"https:\/\/bayareacrisisnursery.org\/wp-content\/uploads\/2020\/12\/BACN-Logo.png","width":751,"height":374,"caption":"Bay Area Crisis Nursery"},"image":{"@id":"https:\/\/bayareacrisisnursery.org\/#\/schema\/logo\/image\/"},"sameAs":["https:\/\/www.facebook.com\/bacnspage\/","https:\/\/x.com\/bacn_nursery","https:\/\/www.instagram.com\/bayareacrisisnursery\/","https:\/\/www.linkedin.com\/company\/bay-area-crisis-nursery\/about\/"]}]}},"_links":{"self":[{"href":"https:\/\/bayareacrisisnursery.org\/de\/wp-json\/wp\/v2\/pages\/417","targetHints":{"allow":["GET"]}}],"collection":[{"href":"https:\/\/bayareacrisisnursery.org\/de\/wp-json\/wp\/v2\/pages"}],"about":[{"href":"https:\/\/bayareacrisisnursery.org\/de\/wp-json\/wp\/v2\/types\/page"}],"author":[{"embeddable":true,"href":"https:\/\/bayareacrisisnursery.org\/de\/wp-json\/wp\/v2\/users\/1"}],"replies":[{"embeddable":true,"href":"https:\/\/bayareacrisisnursery.org\/de\/wp-json\/wp\/v2\/comments?post=417"}],"version-history":[{"count":10,"href":"https:\/\/bayareacrisisnursery.org\/de\/wp-json\/wp\/v2\/pages\/417\/revisions"}],"predecessor-version":[{"id":7262,"href":"https:\/\/bayareacrisisnursery.org\/de\/wp-json\/wp\/v2\/pages\/417\/revisions\/7262"}],"up":[{"embeddable":true,"href":"https:\/\/bayareacrisisnursery.org\/de\/wp-json\/wp\/v2\/pages\/270"}],"wp:attachment":[{"href":"https:\/\/bayareacrisisnursery.org\/de\/wp-json\/wp\/v2\/media?parent=417"}],"curies":[{"name":"wp","href":"https:\/\/api.w.org\/{rel}","templated":true}]}}