{"id":6466,"date":"2022-08-23T21:42:40","date_gmt":"2022-08-23T21:42:40","guid":{"rendered":"https:\/\/bayareacrisisnursery.org\/?page_id=6466"},"modified":"2025-03-20T21:21:33","modified_gmt":"2025-03-20T21:21:33","slug":"respite-care","status":"publish","type":"page","link":"https:\/\/bayareacrisisnursery.org\/de\/programs\/respite-care\/","title":{"rendered":"Kurzzeitpflege"},"content":{"rendered":"<div id=\"cs-content\" class=\"cs-content\"><div class=\"x-section e6466-e1 m4zm-0 m4zm-1 m4zm-2 m4zm-3\"><div class=\"x-row e6466-e2 m4zm-8 m4zm-a m4zm-b\"><div class=\"x-row-inner\"><div class=\"x-col e6466-e3 m4zm-i m4zm-j\"><span class=\"x-image e6466-e4 m4zm-n m4zm-o\"><img decoding=\"async\" src=\"https:\/\/bayareacrisisnursery.org\/wp-content\/uploads\/2022\/08\/Respite-Care-Child.png\" width=\"1200\" height=\"400\" alt=\"Respite Care\" loading=\"lazy\"><\/span><\/div><\/div><\/div><\/div><div class=\"x-section e6466-e5 m4zm-0 m4zm-3 m4zm-4 m4zm-5\"><div class=\"x-row e6466-e6 m4zm-8 m4zm-9 m4zm-a m4zm-c\"><div class=\"x-row-inner\"><div class=\"x-col e6466-e7 m4zm-i m4zm-j m4zm-k\"><blockquote class=\"x-quote e6466-e8 m4zm-r\"><div class=\"x-quote-content\"><div class=\"x-quote-text\">Meine Kinder sind im Kindergarten aufgewachsen. Dieser Ort war ein Segen f\u00fcr meine Familie. Sie sind sehr liebevoll. Sie boten Familien Pausen an, es ist, als h\u00e4tte man ein Kinderm\u00e4dchen auf Abruf.<\/div><footer class=\"x-quote-cite\"><span class=\"x-quote-cite-text\">Shanell<\/span><\/footer><\/div><\/blockquote><\/div><div class=\"x-col e6466-e9 m4zm-i m4zm-j\"><i class=\"x-icon e6466-e10 m4zm-s\" aria-hidden=\"true\" data-x-icon-l=\"&#xf77c;\"><\/i><div class=\"x-text x-content e6466-e11 m4zm-t\">Kinder k\u00f6nnen monatlich 24-72 Stunden bleiben.<\/div><\/div><div class=\"x-col e6466-e12 m4zm-i m4zm-j m4zm-k\"><blockquote class=\"x-quote e6466-e13 m4zm-r\"><div class=\"x-quote-content\"><div class=\"x-quote-text\">Ich habe diesen erstaunlichen Service neulich zum ersten Mal in Anspruch genommen. Sie gaben mir eine dringend ben\u00f6tigte Pause. Meine Kleine hatte so viel Spa\u00df, dass sie ihre neuen Freunde nicht verlassen wollte. Da arbeiten s\u00fc\u00dfe Leute. Ich bin so froh, dass ich das ausprobiert habe. Ein absoluter Gl\u00fccksfall.<\/div><footer class=\"x-quote-cite\"><span class=\"x-quote-cite-text\">Regi<\/span><\/footer><\/div><\/blockquote><\/div><\/div><\/div><\/div><div class=\"x-section e6466-e14 m4zm-0 m4zm-1 m4zm-3 m4zm-6\"><div class=\"x-row e6466-e15 m4zm-8 m4zm-a m4zm-d\"><div class=\"x-row-inner\"><div class=\"x-col e6466-e16 m4zm-i m4zm-j\"><hr class=\"x-line e6466-e17 m4zm-u\"\/><\/div><\/div><\/div><\/div><div class=\"x-section e6466-e18 m4zm-0 m4zm-1 m4zm-3 m4zm-6\"><div class=\"x-row e6466-e19 m4zm-8 m4zm-a m4zm-e\"><div class=\"x-row-inner\"><div class=\"x-col e6466-e20 m4zm-i m4zm-l\"><p>Respite Care ist eine Kurzzeitpflege f\u00fcr Kinder, die Eltern und Betreuern Zeit gibt, sich auszuruhen, zu entspannen und sich um ihre eigenen Bed\u00fcrfnisse zu k\u00fcmmern. Die Bay Area Crisis Nursery bietet monatliche Respite Care-Besuche von 24 Stunden bis zu 3 Tagen an. Familien k\u00f6nnen einen Besuch einen Monat im Voraus vereinbaren. Familien k\u00f6nnen auch einen Tagesbesuch \u00fcber unser Notfall-Kinderbetreuungsprogramm vereinbaren. <\/p>\n\nKleine Kinder gro\u00dfzuziehen bringt viel Freude mit sich, kann aber auch herausfordernd und manchmal anstrengend sein. Elternschaft ist nonstop. Viele Eltern stellen ihre eigenen psychischen und k\u00f6rperlichen Bed\u00fcrfnisse, Freunde und Interessen zur\u00fcck, um sich auf ihre Kinder zu konzentrieren. Wir vergessen, wie wichtig es ist, auf uns selbst aufzupassen. Respite Care gibt Eltern und Erziehungsberechtigten Zeit f\u00fcr sich. Diese kurzen Pausen k\u00f6nnen bedeuten, zu einem Arzttermin zu gehen, mit Freunden auszugehen, Zeit f\u00fcr Ruhe und Entspannung zu haben oder etwas nur f\u00fcr sich selbst zu tun.<\/p>\n\nRespite Care ist besonders wichtig f\u00fcr Familien, die sich um Kinder mit Entwicklungsst\u00f6rungen und Verhaltensauff\u00e4lligkeiten k\u00fcmmern. Seit \u00fcber 40 Jahren betreuen wir Kinder. Unsere Kinderbetreuerinnen haben viel Erfahrung in der Arbeit mit Kindern mit besonderen Bed\u00fcrfnissen. Sie k\u00f6nnen sich darauf verlassen, dass wir Ihr Kind optimal betreuen. Respite Care ist besonders wichtig f\u00fcr Familien, die sich um Kinder mit Entwicklungsst\u00f6rungen und Verhaltensauff\u00e4lligkeiten k\u00fcmmern.<\/p>\n\n<p>Um einen Besuch in der Verhinderungspflege zu vereinbaren, <b><a href=\"tel:925-685-6633\">rufen Sie bitte<\/a><\/b> der Kindergarten. Wir sind 24 Stunden am Tag erreichbar.<\/p>\n\nDank mehrerer Partnerschaften und privater Finanzierung kann der Kindergarten eine kostenlose Notbetreuung f\u00fcr Familien mit geringem Einkommen anbieten. Die Finanzierung erfolgt teilweise durch Contra Costa County, die Stadt Antioch, die Stadt Concord und den Keller Canyon Mitigation Fund. <\/p><\/div><\/div><\/div><\/div><div class=\"x-section e6466-e22 m4zm-0 m4zm-1 m4zm-3 m4zm-6\"><div class=\"x-row e6466-e23 m4zm-8 m4zm-a m4zm-f\"><div class=\"x-row-inner\"><div class=\"x-col e6466-e24 m4zm-i m4zm-j\"><div id=\"x-content-band-1\" class=\"x-content-band border-top border-left border-right border-bottom\" style=\"background-color: #efefef; color: #333;\"><div class=\"x-container max width\"> \n\n<h4  class=\"h-custom-headline h3\" style=\"margin-top: 0;\"><span>Planen Sie eine Tour<\/span><\/h4><\/p>\n\nFamilien sind herzlich eingeladen, einen Rundgang durch den Kindergarten zu vereinbaren, unsere Mitarbeiter kennenzulernen und zu sehen, wo Ihre Kinder untergebracht werden.<\/p>\n\n<p><a  class=\"x-btn x-btn-flat x-btn-global\"  href=\"mailto:gina@bayareacrisisnursery.org&subject=Parent Tour of the Nursery\"     data-options=\"thumbnail: ''\">Heute planen<\/a> <\/div><\/div><\/div><\/div><\/div><\/div><div class=\"x-section e6466-e26 m4zm-0 m4zm-4 m4zm-7\"><div class=\"x-row e6466-e27 m4zm-8 m4zm-9 m4zm-a m4zm-g\"><div class=\"x-row-inner\"><div class=\"x-col e6466-e28 m4zm-i m4zm-j\"><div class=\"x-text x-text-headline e6466-e29 m4zm-v m4zm-w\"><div class=\"x-text-content\"><div class=\"x-text-content-text\"><h3 class=\"x-text-content-text-primary\">BACN unterst\u00fctzen<\/h3>\n<\/div><\/div><\/div><\/div><\/div><\/div><div class=\"x-row e6466-e30 m4zm-8 m4zm-9 m4zm-a m4zm-h\"><div class=\"x-row-inner\"><div class=\"x-col e6466-e31 m4zm-i m4zm-j m4zm-m\"><a class=\"x-image e6466-e32 m4zm-n m4zm-p\" href=\"https:\/\/bayareacrisisnursery.app.neoncrm.com\/forms\/donate\" target=\"_blank\" rel=\"noopener noreferrer\"><img decoding=\"async\" src=\"https:\/\/bayareacrisisnursery.org\/wp-content\/uploads\/2022\/08\/Piggy-Bank.jpg\" width=\"600\" height=\"400\" alt=\"Donate Today\" loading=\"lazy\"><\/a><div class=\"x-text x-text-headline e6466-e33 m4zm-w m4zm-x\"><div class=\"x-text-content\"><div class=\"x-text-content-text\"><h3 class=\"x-text-content-text-primary\"><a href=\"https:\/\/bayareacrisisnursery.app.neoncrm.com\/forms\/donate\" data-wplink-edit=\"true\">Spenden Sie noch heute!<\/a><\/h3>\n<\/div><\/div><\/div><\/div><div class=\"x-col e6466-e34 m4zm-i m4zm-j m4zm-m\"><a class=\"x-image e6466-e35 m4zm-n m4zm-p m4zm-q\" href=\"https:\/\/mailchi.mp\/bayareacrisisnursery\/newsletter?dnt=1%22%20data-wplink-edit=%22true%22\" target=\"_blank\" rel=\"noopener noreferrer\"><img decoding=\"async\" src=\"https:\/\/bayareacrisisnursery.org\/wp-content\/uploads\/2022\/08\/News.jpg\" width=\"600\" height=\"400\" alt=\"Newsletter\" loading=\"lazy\"><\/a><div class=\"x-text x-text-headline e6466-e36 m4zm-w m4zm-x\"><div class=\"x-text-content\"><div class=\"x-text-content-text\"><h3 class=\"x-text-content-text-primary\"><p><a href=\"https:\/\/mailchi.mp\/bayareacrisisnursery\/newsletter?dnt=1\" data-wplink-edit=\"true\">Melden Sie sich an, um in Kontakt zu bleiben<\/a><\/p><\/h3>\n<\/div><\/div><\/div><\/div><\/div><\/div><\/div><\/div>","protected":false},"excerpt":{"rendered":"<p>Meine Kinder sind im Kindergarten aufgewachsen. Dieser Ort war ein Segen f\u00fcr meine Familie. Sie sind sehr liebevoll. Sie bieten Familien Pausen an, es ist, als h\u00e4tte man ein Kinderm\u00e4dchen auf Abruf. ShanellKinder k\u00f6nnen 24 bis 72 Stunden im Monat bleiben. Ich habe diesen erstaunlichen Service neulich zum ersten Mal in Anspruch genommen. Sie gaben mir eine dringend ben\u00f6tigte Pause. Mein Kind hatte so \u2026 <a href=\"https:\/\/bayareacrisisnursery.org\/de\/programs\/respite-care\/\" class=\"more-link\">Weiterlesen<\/a><\/p>","protected":false},"author":1,"featured_media":0,"parent":186,"menu_order":3,"comment_status":"closed","ping_status":"closed","template":"template-layout-full-width.php","meta":{"om_disable_all_campaigns":false,"_monsterinsights_skip_tracking":false,"_monsterinsights_sitenote_active":false,"_monsterinsights_sitenote_note":"","_monsterinsights_sitenote_category":0,"_uf_show_specific_survey":0,"_uf_disable_surveys":false,"footnotes":""},"class_list":["post-6466","page","type-page","status-publish","hentry","no-post-thumbnail"],"yoast_head":"<!-- This site is optimized with the Yoast SEO Premium plugin v27.2 (Yoast SEO v27.2) - https:\/\/yoast.com\/product\/yoast-seo-premium-wordpress\/ -->\n<title>Respite Care- Bay Area Crisis Nursery<\/title>\n<meta name=\"description\" content=\"The Bay Area Crisis Nursery&#039;s Respite Care program provides short-term free childcare for children so parents can take a break.\" \/>\n<meta name=\"robots\" content=\"index, follow, max-snippet:-1, max-image-preview:large, max-video-preview:-1\" \/>\n<link rel=\"canonical\" href=\"https:\/\/bayareacrisisnursery.org\/de\/programs\/respite-care\/\" \/>\n<meta property=\"og:locale\" content=\"de_DE\" \/>\n<meta property=\"og:type\" content=\"article\" \/>\n<meta property=\"og:title\" content=\"Respite Care\" \/>\n<meta property=\"og:description\" content=\"The Bay Area Crisis Nursery&#039;s Respite Care program provides short-term free childcare for children so parents can take a break.\" \/>\n<meta property=\"og:url\" content=\"https:\/\/bayareacrisisnursery.org\/de\/programs\/respite-care\/\" \/>\n<meta property=\"og:site_name\" content=\"Bay Area Crisis Nursery\" \/>\n<meta property=\"article:publisher\" content=\"https:\/\/www.facebook.com\/bacnspage\/\" \/>\n<meta property=\"article:modified_time\" content=\"2025-03-20T21:21:33+00:00\" \/>\n<meta name=\"twitter:card\" content=\"summary_large_image\" \/>\n<meta name=\"twitter:site\" content=\"@bacn_nursery\" \/>\n<meta name=\"twitter:label1\" content=\"Gesch\u00e4tzte Lesezeit\" \/>\n\t<meta name=\"twitter:data1\" content=\"3\u00a0Minuten\" \/>\n<script type=\"application\/ld+json\" class=\"yoast-schema-graph\">{\"@context\":\"https:\/\/schema.org\",\"@graph\":[{\"@type\":\"WebPage\",\"@id\":\"https:\/\/bayareacrisisnursery.org\/programs\/respite-care\/\",\"url\":\"https:\/\/bayareacrisisnursery.org\/programs\/respite-care\/\",\"name\":\"Respite Care- Bay Area Crisis Nursery\",\"isPartOf\":{\"@id\":\"https:\/\/bayareacrisisnursery.org\/#website\"},\"datePublished\":\"2022-08-23T21:42:40+00:00\",\"dateModified\":\"2025-03-20T21:21:33+00:00\",\"description\":\"The Bay Area Crisis Nursery's Respite Care program provides short-term free childcare for children so parents can take a break.\",\"breadcrumb\":{\"@id\":\"https:\/\/bayareacrisisnursery.org\/programs\/respite-care\/#breadcrumb\"},\"inLanguage\":\"de\",\"potentialAction\":[{\"@type\":\"ReadAction\",\"target\":[\"https:\/\/bayareacrisisnursery.org\/programs\/respite-care\/\"]}]},{\"@type\":\"BreadcrumbList\",\"@id\":\"https:\/\/bayareacrisisnursery.org\/programs\/respite-care\/#breadcrumb\",\"itemListElement\":[{\"@type\":\"ListItem\",\"position\":1,\"name\":\"Home\",\"item\":\"https:\/\/bayareacrisisnursery.org\/\"},{\"@type\":\"ListItem\",\"position\":2,\"name\":\"Our Programs\",\"item\":\"https:\/\/bayareacrisisnursery.org\/programs\/\"},{\"@type\":\"ListItem\",\"position\":3,\"name\":\"Respite Care\"}]},{\"@type\":\"WebSite\",\"@id\":\"https:\/\/bayareacrisisnursery.org\/#website\",\"url\":\"https:\/\/bayareacrisisnursery.org\/\",\"name\":\"Bay Area Crisis Nursery\",\"description\":\"A Little Heart. A Little Help. A Lot of Hope.\",\"publisher\":{\"@id\":\"https:\/\/bayareacrisisnursery.org\/#organization\"},\"potentialAction\":[{\"@type\":\"SearchAction\",\"target\":{\"@type\":\"EntryPoint\",\"urlTemplate\":\"https:\/\/bayareacrisisnursery.org\/?s={search_term_string}\"},\"query-input\":{\"@type\":\"PropertyValueSpecification\",\"valueRequired\":true,\"valueName\":\"search_term_string\"}}],\"inLanguage\":\"de\"},{\"@type\":\"Organization\",\"@id\":\"https:\/\/bayareacrisisnursery.org\/#organization\",\"name\":\"Bay Area Crisis Nursery\",\"url\":\"https:\/\/bayareacrisisnursery.org\/\",\"logo\":{\"@type\":\"ImageObject\",\"inLanguage\":\"de\",\"@id\":\"https:\/\/bayareacrisisnursery.org\/#\/schema\/logo\/image\/\",\"url\":\"https:\/\/bayareacrisisnursery.org\/wp-content\/uploads\/2020\/12\/BACN-Logo.png\",\"contentUrl\":\"https:\/\/bayareacrisisnursery.org\/wp-content\/uploads\/2020\/12\/BACN-Logo.png\",\"width\":751,\"height\":374,\"caption\":\"Bay Area Crisis Nursery\"},\"image\":{\"@id\":\"https:\/\/bayareacrisisnursery.org\/#\/schema\/logo\/image\/\"},\"sameAs\":[\"https:\/\/www.facebook.com\/bacnspage\/\",\"https:\/\/x.com\/bacn_nursery\",\"https:\/\/www.instagram.com\/bayareacrisisnursery\/\",\"https:\/\/www.linkedin.com\/company\/bay-area-crisis-nursery\/about\/\"]}]}<\/script>\n<!-- \/ Yoast SEO Premium plugin. -->","yoast_head_json":{"title":"Respite Care- Bay Area Crisis Nursery","description":"The Bay Area Crisis Nursery's Respite Care program provides short-term free childcare for children so parents can take a break.","robots":{"index":"index","follow":"follow","max-snippet":"max-snippet:-1","max-image-preview":"max-image-preview:large","max-video-preview":"max-video-preview:-1"},"canonical":"https:\/\/bayareacrisisnursery.org\/de\/programs\/respite-care\/","og_locale":"de_DE","og_type":"article","og_title":"Respite Care","og_description":"The Bay Area Crisis Nursery's Respite Care program provides short-term free childcare for children so parents can take a break.","og_url":"https:\/\/bayareacrisisnursery.org\/de\/programs\/respite-care\/","og_site_name":"Bay Area Crisis Nursery","article_publisher":"https:\/\/www.facebook.com\/bacnspage\/","article_modified_time":"2025-03-20T21:21:33+00:00","twitter_card":"summary_large_image","twitter_site":"@bacn_nursery","twitter_misc":{"Gesch\u00e4tzte Lesezeit":"3\u00a0Minuten"},"schema":{"@context":"https:\/\/schema.org","@graph":[{"@type":"WebPage","@id":"https:\/\/bayareacrisisnursery.org\/programs\/respite-care\/","url":"https:\/\/bayareacrisisnursery.org\/programs\/respite-care\/","name":"Respite Care- Bay Area Crisis Nursery","isPartOf":{"@id":"https:\/\/bayareacrisisnursery.org\/#website"},"datePublished":"2022-08-23T21:42:40+00:00","dateModified":"2025-03-20T21:21:33+00:00","description":"The Bay Area Crisis Nursery's Respite Care program provides short-term free childcare for children so parents can take a break.","breadcrumb":{"@id":"https:\/\/bayareacrisisnursery.org\/programs\/respite-care\/#breadcrumb"},"inLanguage":"de","potentialAction":[{"@type":"ReadAction","target":["https:\/\/bayareacrisisnursery.org\/programs\/respite-care\/"]}]},{"@type":"BreadcrumbList","@id":"https:\/\/bayareacrisisnursery.org\/programs\/respite-care\/#breadcrumb","itemListElement":[{"@type":"ListItem","position":1,"name":"Home","item":"https:\/\/bayareacrisisnursery.org\/"},{"@type":"ListItem","position":2,"name":"Our Programs","item":"https:\/\/bayareacrisisnursery.org\/programs\/"},{"@type":"ListItem","position":3,"name":"Respite Care"}]},{"@type":"WebSite","@id":"https:\/\/bayareacrisisnursery.org\/#website","url":"https:\/\/bayareacrisisnursery.org\/","name":"Krisenkindergarten Bay Area","description":"Ein kleines Herz. Eine kleine Hilfe. Viel Hoffnung.","publisher":{"@id":"https:\/\/bayareacrisisnursery.org\/#organization"},"potentialAction":[{"@type":"SearchAction","target":{"@type":"EntryPoint","urlTemplate":"https:\/\/bayareacrisisnursery.org\/?s={search_term_string}"},"query-input":{"@type":"PropertyValueSpecification","valueRequired":true,"valueName":"search_term_string"}}],"inLanguage":"de"},{"@type":"Organization","@id":"https:\/\/bayareacrisisnursery.org\/#organization","name":"Krisenkindergarten Bay Area","url":"https:\/\/bayareacrisisnursery.org\/","logo":{"@type":"ImageObject","inLanguage":"de","@id":"https:\/\/bayareacrisisnursery.org\/#\/schema\/logo\/image\/","url":"https:\/\/bayareacrisisnursery.org\/wp-content\/uploads\/2020\/12\/BACN-Logo.png","contentUrl":"https:\/\/bayareacrisisnursery.org\/wp-content\/uploads\/2020\/12\/BACN-Logo.png","width":751,"height":374,"caption":"Bay Area Crisis Nursery"},"image":{"@id":"https:\/\/bayareacrisisnursery.org\/#\/schema\/logo\/image\/"},"sameAs":["https:\/\/www.facebook.com\/bacnspage\/","https:\/\/x.com\/bacn_nursery","https:\/\/www.instagram.com\/bayareacrisisnursery\/","https:\/\/www.linkedin.com\/company\/bay-area-crisis-nursery\/about\/"]}]}},"_links":{"self":[{"href":"https:\/\/bayareacrisisnursery.org\/de\/wp-json\/wp\/v2\/pages\/6466","targetHints":{"allow":["GET"]}}],"collection":[{"href":"https:\/\/bayareacrisisnursery.org\/de\/wp-json\/wp\/v2\/pages"}],"about":[{"href":"https:\/\/bayareacrisisnursery.org\/de\/wp-json\/wp\/v2\/types\/page"}],"author":[{"embeddable":true,"href":"https:\/\/bayareacrisisnursery.org\/de\/wp-json\/wp\/v2\/users\/1"}],"replies":[{"embeddable":true,"href":"https:\/\/bayareacrisisnursery.org\/de\/wp-json\/wp\/v2\/comments?post=6466"}],"version-history":[{"count":11,"href":"https:\/\/bayareacrisisnursery.org\/de\/wp-json\/wp\/v2\/pages\/6466\/revisions"}],"predecessor-version":[{"id":7350,"href":"https:\/\/bayareacrisisnursery.org\/de\/wp-json\/wp\/v2\/pages\/6466\/revisions\/7350"}],"up":[{"embeddable":true,"href":"https:\/\/bayareacrisisnursery.org\/de\/wp-json\/wp\/v2\/pages\/186"}],"wp:attachment":[{"href":"https:\/\/bayareacrisisnursery.org\/de\/wp-json\/wp\/v2\/media?parent=6466"}],"curies":[{"name":"wp","href":"https:\/\/api.w.org\/{rel}","templated":true}]}}