{"id":6491,"date":"2022-08-22T23:33:35","date_gmt":"2022-08-22T23:33:35","guid":{"rendered":"https:\/\/bayareacrisisnursery.org\/?page_id=6491"},"modified":"2025-03-20T21:22:21","modified_gmt":"2025-03-20T21:22:21","slug":"diaper-bank","status":"publish","type":"page","link":"https:\/\/bayareacrisisnursery.org\/de\/programs\/diaper-bank\/","title":{"rendered":"Windelbank"},"content":{"rendered":"<div id=\"cs-content\" class=\"cs-content\"><div class=\"x-section e6491-e1 m50b-0 m50b-1 m50b-2 m50b-3\"><div class=\"x-row e6491-e2 m50b-7 m50b-9 m50b-a\"><div class=\"x-row-inner\"><div class=\"x-col e6491-e3 m50b-h m50b-i\"><span class=\"x-image e6491-e4 m50b-m m50b-n\"><img decoding=\"async\" src=\"https:\/\/bayareacrisisnursery.org\/wp-content\/uploads\/2022\/08\/Diapers-Stacked.png\" width=\"1200\" height=\"400\" alt=\"Diaper Bank\" loading=\"lazy\"><\/span><\/div><\/div><\/div><\/div><div class=\"x-section e6491-e5 m50b-0 m50b-3 m50b-4\"><div class=\"x-row e6491-e6 m50b-7 m50b-8 m50b-9 m50b-b\"><div class=\"x-row-inner\"><div class=\"x-col e6491-e7 m50b-h m50b-i m50b-j\"><i class=\"x-icon e6491-e8 m50b-q\" aria-hidden=\"true\" data-x-icon-s=\"&#xf77c;\"><\/i><i class=\"x-icon e6491-e9 m50b-q\" aria-hidden=\"true\" data-x-icon-l=\"&#xf77c;\"><\/i><i class=\"x-icon e6491-e10 m50b-q\" aria-hidden=\"true\" data-x-icon-l=\"&#xf77c;\"><\/i><div class=\"x-text x-text-headline e6491-e11 m50b-r m50b-s m50b-t m50b-u m50b-v m50b-w\"><div class=\"x-text-content\"><div class=\"x-text-content-text\"><h2 class=\"x-text-content-text-primary\">1 VON 3 FAMILIEN KANN SICH NICHT JEDEN MONAT WINDELN LEISTEN.<\/h2>\n<\/div><\/div><\/div><\/div><div class=\"x-col e6491-e12 m50b-h m50b-i\"><div class=\"x-text x-text-headline e6491-e13 m50b-r m50b-s m50b-t m50b-v m50b-w m50b-x m50b-y\"><div class=\"x-text-content\"><div class=\"x-text-content-text\"><h1 class=\"x-text-content-text-primary\">89,000<\/h1>\n<\/div><\/div><\/div><div class=\"x-text x-content e6491-e14 m50b-12\">WE'RE GIVING OUT 89,000 DIAPERS EACH YEAR!<\/div><\/div><div class=\"x-col e6491-e15 m50b-h m50b-i m50b-j\"><div class=\"x-text x-text-headline e6491-e16 m50b-r m50b-s m50b-t m50b-v m50b-w m50b-x m50b-y\"><div class=\"x-text-content\"><div class=\"x-text-content-text\"><h1 class=\"x-text-content-text-primary\">1.500 PRO JAHR<\/h1>\n<\/div><\/div><\/div><div class=\"x-text x-text-headline e6491-e17 m50b-r m50b-s m50b-t m50b-u m50b-v m50b-z\"><div class=\"x-text-content\"><div class=\"x-text-content-text\"><h2 class=\"x-text-content-text-primary\">S\u00e4uglinge und Kleinkinder ben\u00f6tigen bis zu 12 Windeln pro Tag.<\/h2>\n<\/div><\/div><\/div><\/div><\/div><\/div><\/div><div class=\"x-section e6491-e18 m50b-0 m50b-1 m50b-3 m50b-5\"><div class=\"x-row e6491-e19 m50b-7 m50b-9 m50b-c\"><div class=\"x-row-inner\"><div class=\"x-col e6491-e20 m50b-h m50b-i\"><hr class=\"x-line e6491-e21 m50b-13\"\/><\/div><\/div><\/div><\/div><div class=\"x-section e6491-e22 m50b-0 m50b-1 m50b-3 m50b-5\"><div class=\"x-row e6491-e23 m50b-7 m50b-9 m50b-d\"><div class=\"x-row-inner\"><div class=\"x-col e6491-e24 m50b-h m50b-k\"><p>The Bay Area Crisis Nursery is not only changing diapers we&rsquo;re also changing lives. We are distributing almost 90,000 diapers per year to families in need through our Diaper Bank. We began giving diapers to our clients over 30 years ago. During the pandemic, we opened our Diaper Bank program to the entire community to help alleviate the affects of poverty on families with babies and young children. Diapers are expensive. The cost of diapers averages between $150-$275 per month and a healthy baby requires 50 diaper changes a week. That&rsquo;s a lot of diapers and a huge expense on families.<\/p>\n\n<p>Eine Windel mag wie eine Kleinigkeit erscheinen, ist es aber nicht. Familien die Windeln zu geben, die sie brauchen, bedeutet, dass sie die Zeit zwischen dem Wechseln nicht verl\u00e4ngern m\u00fcssen, durch Hautausschlag verursachte Krankheiten reduzieren, Familien dabei unterst\u00fctzen, zur Arbeit zu gehen, weil sie Windeln zu Kinderbetreuungsprogrammen mitbringen k\u00f6nnen, und dabei helfen, Familien aus der Armut zu befreien.<\/p>\n\n<p>Wenn Sie ein Elternteil sind, das Windeln ben\u00f6tigt, <b><a href=\"tel:925-685-6633\">rufen Sie bitte<\/a><\/b> den Kindergarten, um eine Windelabholung zu bestellen.<\/p><\/div><\/div><\/div><\/div><div class=\"x-section e6491-e26 m50b-0 m50b-3 m50b-4\"><div class=\"x-row e6491-e27 m50b-7 m50b-9 m50b-e\"><div class=\"x-row-inner\"><div class=\"x-col e6491-e28 m50b-h m50b-i\"><div id=\"x-content-band-1\" class=\"x-content-band border-top border-left border-right border-bottom\" style=\"background-color: #efefef; color: #333;\"><div class=\"x-container max width\"> \n\n<h4  class=\"h-custom-headline h3\" style=\"margin-top: 0;\"><span>Planen Sie eine Tour<\/span><\/h4><\/p>\n\nFamilien sind herzlich eingeladen, einen Rundgang durch den Kindergarten zu vereinbaren, unsere Mitarbeiter kennenzulernen und den Kindergarten zu besichtigen.<\/p>\n\n<p><a  class=\"x-btn x-btn-flat x-btn-global\"  href=\"mailto:gina@bayareacrisisnursery.org&subject=Parent Tour of the Nursery\"     data-options=\"thumbnail: ''\">Heute planen<\/a> <\/div><\/div><\/div><\/div><\/div><\/div><div class=\"x-section e6491-e30 m50b-0 m50b-4 m50b-6\"><div class=\"x-row e6491-e31 m50b-7 m50b-8 m50b-9 m50b-f\"><div class=\"x-row-inner\"><div class=\"x-col e6491-e32 m50b-h m50b-i\"><div class=\"x-text x-text-headline e6491-e33 m50b-s m50b-t m50b-x m50b-z m50b-10\"><div class=\"x-text-content\"><div class=\"x-text-content-text\"><h3 class=\"x-text-content-text-primary\">BACN unterst\u00fctzen<\/h3>\n<\/div><\/div><\/div><\/div><\/div><\/div><div class=\"x-row e6491-e34 m50b-7 m50b-8 m50b-9 m50b-g\"><div class=\"x-row-inner\"><div class=\"x-col e6491-e35 m50b-h m50b-i m50b-l\"><a class=\"x-image e6491-e36 m50b-m m50b-o\" href=\"https:\/\/bayareacrisisnursery.app.neoncrm.com\/forms\/donate\" target=\"_blank\" rel=\"noopener noreferrer\"><img decoding=\"async\" src=\"https:\/\/bayareacrisisnursery.org\/wp-content\/uploads\/2022\/08\/Piggy-Bank.jpg\" width=\"600\" height=\"400\" alt=\"Donate Today\" loading=\"lazy\"><\/a><div class=\"x-text x-text-headline e6491-e37 m50b-r m50b-s m50b-w m50b-y m50b-11\"><div class=\"x-text-content\"><div class=\"x-text-content-text\"><h3 class=\"x-text-content-text-primary\"><a href=\"https:\/\/bayareacrisisnursery.app.neoncrm.com\/forms\/donate\" data-wplink-edit=\"true\">Spenden Sie noch heute!<\/a><\/h3>\n<\/div><\/div><\/div><\/div><div class=\"x-col e6491-e38 m50b-h m50b-i m50b-l\"><a class=\"x-image e6491-e39 m50b-m m50b-o m50b-p\" href=\"https:\/\/mailchi.mp\/bayareacrisisnursery\/newsletter?dnt=1%22%20data-wplink-edit=%22true%22\" target=\"_blank\" rel=\"noopener noreferrer\"><img decoding=\"async\" src=\"https:\/\/bayareacrisisnursery.org\/wp-content\/uploads\/2022\/08\/News.jpg\" width=\"600\" height=\"400\" alt=\"Newsletter\" loading=\"lazy\"><\/a><div class=\"x-text x-text-headline e6491-e40 m50b-r m50b-s m50b-w m50b-y m50b-11\"><div class=\"x-text-content\"><div class=\"x-text-content-text\"><h3 class=\"x-text-content-text-primary\"><p><a href=\"https:\/\/mailchi.mp\/bayareacrisisnursery\/newsletter?dnt=1\" data-wplink-edit=\"true\">Melden Sie sich an, um in Kontakt zu bleiben<\/a><\/p><\/h3>\n<\/div><\/div><\/div><\/div><\/div><\/div><\/div><\/div>","protected":false},"excerpt":{"rendered":"<p>1 IN 3 FAMILIES CAN&#8217;T AFFORD DIAPERS EACH MONTH. 89,000 WE&#8217;RE GIVING OUT 89,000 DIAPERS EACH YEAR!1,500 PER YEAR infants &amp; Toddlers need up to 12 diapers per day. The Bay Area Crisis Nursery is not only changing diapers we&rsquo;re also changing lives. We are distributing almost 90,000 diapers per year to families in need through our Diaper Bank. We &#8230; <a href=\"https:\/\/bayareacrisisnursery.org\/de\/programs\/diaper-bank\/\" class=\"more-link\">Weiterlesen<\/a><\/p>","protected":false},"author":1,"featured_media":0,"parent":186,"menu_order":6,"comment_status":"closed","ping_status":"closed","template":"template-layout-full-width.php","meta":{"om_disable_all_campaigns":false,"_monsterinsights_skip_tracking":false,"_monsterinsights_sitenote_active":false,"_monsterinsights_sitenote_note":"","_monsterinsights_sitenote_category":0,"_uf_show_specific_survey":0,"_uf_disable_surveys":false,"footnotes":""},"class_list":["post-6491","page","type-page","status-publish","hentry","no-post-thumbnail"],"yoast_head":"<!-- This site is optimized with the Yoast SEO Premium plugin v27.2 (Yoast SEO v27.2) - https:\/\/yoast.com\/product\/yoast-seo-premium-wordpress\/ -->\n<title>Diaper Bank- Bay Area Crisis Nursery<\/title>\n<meta name=\"description\" content=\"The Bay Area Crisis Nursery launched our diaper bank in 2020 to assist families in having enough diapers for their infants and toddlers.\" \/>\n<meta name=\"robots\" content=\"index, follow, max-snippet:-1, max-image-preview:large, max-video-preview:-1\" \/>\n<link rel=\"canonical\" href=\"https:\/\/bayareacrisisnursery.org\/de\/programs\/diaper-bank\/\" \/>\n<meta property=\"og:locale\" content=\"de_DE\" \/>\n<meta property=\"og:type\" content=\"article\" \/>\n<meta property=\"og:title\" content=\"Diaper Bank\" \/>\n<meta property=\"og:description\" content=\"The Bay Area Crisis Nursery launched our diaper bank in 2020 to assist families in having enough diapers for their infants and toddlers.\" \/>\n<meta property=\"og:url\" content=\"https:\/\/bayareacrisisnursery.org\/de\/programs\/diaper-bank\/\" \/>\n<meta property=\"og:site_name\" content=\"Bay Area Crisis Nursery\" \/>\n<meta property=\"article:publisher\" content=\"https:\/\/www.facebook.com\/bacnspage\/\" \/>\n<meta property=\"article:modified_time\" content=\"2025-03-20T21:22:21+00:00\" \/>\n<meta name=\"twitter:card\" content=\"summary_large_image\" \/>\n<meta name=\"twitter:site\" content=\"@bacn_nursery\" \/>\n<meta name=\"twitter:label1\" content=\"Gesch\u00e4tzte Lesezeit\" \/>\n\t<meta name=\"twitter:data1\" content=\"2\u00a0Minuten\" \/>\n<script type=\"application\/ld+json\" class=\"yoast-schema-graph\">{\"@context\":\"https:\/\/schema.org\",\"@graph\":[{\"@type\":\"WebPage\",\"@id\":\"https:\/\/bayareacrisisnursery.org\/programs\/diaper-bank\/\",\"url\":\"https:\/\/bayareacrisisnursery.org\/programs\/diaper-bank\/\",\"name\":\"Diaper Bank- Bay Area Crisis Nursery\",\"isPartOf\":{\"@id\":\"https:\/\/bayareacrisisnursery.org\/#website\"},\"datePublished\":\"2022-08-22T23:33:35+00:00\",\"dateModified\":\"2025-03-20T21:22:21+00:00\",\"description\":\"The Bay Area Crisis Nursery launched our diaper bank in 2020 to assist families in having enough diapers for their infants and toddlers.\",\"breadcrumb\":{\"@id\":\"https:\/\/bayareacrisisnursery.org\/programs\/diaper-bank\/#breadcrumb\"},\"inLanguage\":\"de\",\"potentialAction\":[{\"@type\":\"ReadAction\",\"target\":[\"https:\/\/bayareacrisisnursery.org\/programs\/diaper-bank\/\"]}]},{\"@type\":\"BreadcrumbList\",\"@id\":\"https:\/\/bayareacrisisnursery.org\/programs\/diaper-bank\/#breadcrumb\",\"itemListElement\":[{\"@type\":\"ListItem\",\"position\":1,\"name\":\"Home\",\"item\":\"https:\/\/bayareacrisisnursery.org\/\"},{\"@type\":\"ListItem\",\"position\":2,\"name\":\"Our Programs\",\"item\":\"https:\/\/bayareacrisisnursery.org\/programs\/\"},{\"@type\":\"ListItem\",\"position\":3,\"name\":\"Diaper Bank\"}]},{\"@type\":\"WebSite\",\"@id\":\"https:\/\/bayareacrisisnursery.org\/#website\",\"url\":\"https:\/\/bayareacrisisnursery.org\/\",\"name\":\"Bay Area Crisis Nursery\",\"description\":\"A Little Heart. A Little Help. A Lot of Hope.\",\"publisher\":{\"@id\":\"https:\/\/bayareacrisisnursery.org\/#organization\"},\"potentialAction\":[{\"@type\":\"SearchAction\",\"target\":{\"@type\":\"EntryPoint\",\"urlTemplate\":\"https:\/\/bayareacrisisnursery.org\/?s={search_term_string}\"},\"query-input\":{\"@type\":\"PropertyValueSpecification\",\"valueRequired\":true,\"valueName\":\"search_term_string\"}}],\"inLanguage\":\"de\"},{\"@type\":\"Organization\",\"@id\":\"https:\/\/bayareacrisisnursery.org\/#organization\",\"name\":\"Bay Area Crisis Nursery\",\"url\":\"https:\/\/bayareacrisisnursery.org\/\",\"logo\":{\"@type\":\"ImageObject\",\"inLanguage\":\"de\",\"@id\":\"https:\/\/bayareacrisisnursery.org\/#\/schema\/logo\/image\/\",\"url\":\"https:\/\/bayareacrisisnursery.org\/wp-content\/uploads\/2020\/12\/BACN-Logo.png\",\"contentUrl\":\"https:\/\/bayareacrisisnursery.org\/wp-content\/uploads\/2020\/12\/BACN-Logo.png\",\"width\":751,\"height\":374,\"caption\":\"Bay Area Crisis Nursery\"},\"image\":{\"@id\":\"https:\/\/bayareacrisisnursery.org\/#\/schema\/logo\/image\/\"},\"sameAs\":[\"https:\/\/www.facebook.com\/bacnspage\/\",\"https:\/\/x.com\/bacn_nursery\",\"https:\/\/www.instagram.com\/bayareacrisisnursery\/\",\"https:\/\/www.linkedin.com\/company\/bay-area-crisis-nursery\/about\/\"]}]}<\/script>\n<!-- \/ Yoast SEO Premium plugin. -->","yoast_head_json":{"title":"Diaper Bank- Bay Area Crisis Nursery","description":"The Bay Area Crisis Nursery launched our diaper bank in 2020 to assist families in having enough diapers for their infants and toddlers.","robots":{"index":"index","follow":"follow","max-snippet":"max-snippet:-1","max-image-preview":"max-image-preview:large","max-video-preview":"max-video-preview:-1"},"canonical":"https:\/\/bayareacrisisnursery.org\/de\/programs\/diaper-bank\/","og_locale":"de_DE","og_type":"article","og_title":"Diaper Bank","og_description":"The Bay Area Crisis Nursery launched our diaper bank in 2020 to assist families in having enough diapers for their infants and toddlers.","og_url":"https:\/\/bayareacrisisnursery.org\/de\/programs\/diaper-bank\/","og_site_name":"Bay Area Crisis Nursery","article_publisher":"https:\/\/www.facebook.com\/bacnspage\/","article_modified_time":"2025-03-20T21:22:21+00:00","twitter_card":"summary_large_image","twitter_site":"@bacn_nursery","twitter_misc":{"Gesch\u00e4tzte Lesezeit":"2\u00a0Minuten"},"schema":{"@context":"https:\/\/schema.org","@graph":[{"@type":"WebPage","@id":"https:\/\/bayareacrisisnursery.org\/programs\/diaper-bank\/","url":"https:\/\/bayareacrisisnursery.org\/programs\/diaper-bank\/","name":"Diaper Bank- Bay Area Crisis Nursery","isPartOf":{"@id":"https:\/\/bayareacrisisnursery.org\/#website"},"datePublished":"2022-08-22T23:33:35+00:00","dateModified":"2025-03-20T21:22:21+00:00","description":"The Bay Area Crisis Nursery launched our diaper bank in 2020 to assist families in having enough diapers for their infants and toddlers.","breadcrumb":{"@id":"https:\/\/bayareacrisisnursery.org\/programs\/diaper-bank\/#breadcrumb"},"inLanguage":"de","potentialAction":[{"@type":"ReadAction","target":["https:\/\/bayareacrisisnursery.org\/programs\/diaper-bank\/"]}]},{"@type":"BreadcrumbList","@id":"https:\/\/bayareacrisisnursery.org\/programs\/diaper-bank\/#breadcrumb","itemListElement":[{"@type":"ListItem","position":1,"name":"Home","item":"https:\/\/bayareacrisisnursery.org\/"},{"@type":"ListItem","position":2,"name":"Our Programs","item":"https:\/\/bayareacrisisnursery.org\/programs\/"},{"@type":"ListItem","position":3,"name":"Diaper Bank"}]},{"@type":"WebSite","@id":"https:\/\/bayareacrisisnursery.org\/#website","url":"https:\/\/bayareacrisisnursery.org\/","name":"Krisenkindergarten Bay Area","description":"Ein kleines Herz. Eine kleine Hilfe. Viel Hoffnung.","publisher":{"@id":"https:\/\/bayareacrisisnursery.org\/#organization"},"potentialAction":[{"@type":"SearchAction","target":{"@type":"EntryPoint","urlTemplate":"https:\/\/bayareacrisisnursery.org\/?s={search_term_string}"},"query-input":{"@type":"PropertyValueSpecification","valueRequired":true,"valueName":"search_term_string"}}],"inLanguage":"de"},{"@type":"Organization","@id":"https:\/\/bayareacrisisnursery.org\/#organization","name":"Krisenkindergarten Bay Area","url":"https:\/\/bayareacrisisnursery.org\/","logo":{"@type":"ImageObject","inLanguage":"de","@id":"https:\/\/bayareacrisisnursery.org\/#\/schema\/logo\/image\/","url":"https:\/\/bayareacrisisnursery.org\/wp-content\/uploads\/2020\/12\/BACN-Logo.png","contentUrl":"https:\/\/bayareacrisisnursery.org\/wp-content\/uploads\/2020\/12\/BACN-Logo.png","width":751,"height":374,"caption":"Bay Area Crisis Nursery"},"image":{"@id":"https:\/\/bayareacrisisnursery.org\/#\/schema\/logo\/image\/"},"sameAs":["https:\/\/www.facebook.com\/bacnspage\/","https:\/\/x.com\/bacn_nursery","https:\/\/www.instagram.com\/bayareacrisisnursery\/","https:\/\/www.linkedin.com\/company\/bay-area-crisis-nursery\/about\/"]}]}},"_links":{"self":[{"href":"https:\/\/bayareacrisisnursery.org\/de\/wp-json\/wp\/v2\/pages\/6491","targetHints":{"allow":["GET"]}}],"collection":[{"href":"https:\/\/bayareacrisisnursery.org\/de\/wp-json\/wp\/v2\/pages"}],"about":[{"href":"https:\/\/bayareacrisisnursery.org\/de\/wp-json\/wp\/v2\/types\/page"}],"author":[{"embeddable":true,"href":"https:\/\/bayareacrisisnursery.org\/de\/wp-json\/wp\/v2\/users\/1"}],"replies":[{"embeddable":true,"href":"https:\/\/bayareacrisisnursery.org\/de\/wp-json\/wp\/v2\/comments?post=6491"}],"version-history":[{"count":10,"href":"https:\/\/bayareacrisisnursery.org\/de\/wp-json\/wp\/v2\/pages\/6491\/revisions"}],"predecessor-version":[{"id":7213,"href":"https:\/\/bayareacrisisnursery.org\/de\/wp-json\/wp\/v2\/pages\/6491\/revisions\/7213"}],"up":[{"embeddable":true,"href":"https:\/\/bayareacrisisnursery.org\/de\/wp-json\/wp\/v2\/pages\/186"}],"wp:attachment":[{"href":"https:\/\/bayareacrisisnursery.org\/de\/wp-json\/wp\/v2\/media?parent=6491"}],"curies":[{"name":"wp","href":"https:\/\/api.w.org\/{rel}","templated":true}]}}