{"id":6604,"date":"2022-08-25T22:01:13","date_gmt":"2022-08-25T22:01:13","guid":{"rendered":"https:\/\/bayareacrisisnursery.org\/?page_id=6604"},"modified":"2025-03-20T21:24:38","modified_gmt":"2025-03-20T21:24:38","slug":"bacn-boutique","status":"publish","type":"page","link":"https:\/\/bayareacrisisnursery.org\/de\/programs\/bacn-boutique\/","title":{"rendered":"BACN-Boutique"},"content":{"rendered":"<div id=\"cs-content\" class=\"cs-content\"><div class=\"x-section e6604-e1 m53g-0 m53g-1 m53g-2 m53g-3\"><div class=\"x-row e6604-e2 m53g-7 m53g-9 m53g-a\"><div class=\"x-row-inner\"><div class=\"x-col e6604-e3 m53g-h m53g-i\"><span class=\"x-image e6604-e4 m53g-l m53g-m\"><img decoding=\"async\" src=\"https:\/\/bayareacrisisnursery.org\/wp-content\/uploads\/2022\/08\/BACN-Boutique-Banner.png\" width=\"1200\" height=\"400\" alt=\"BACN Boutique\" loading=\"lazy\"><\/span><\/div><\/div><\/div><\/div><div class=\"x-section e6604-e5 m53g-0 m53g-3 m53g-4\"><div class=\"x-row e6604-e6 m53g-7 m53g-8 m53g-9 m53g-b\"><div class=\"x-row-inner\"><div class=\"x-col e6604-e7 m53g-h m53g-i\"><div class=\"x-text x-text-headline e6604-e8 m53g-p m53g-q m53g-r m53g-s\"><div class=\"x-text-content\"><div class=\"x-text-content-text\"><h1 class=\"x-text-content-text-primary\">$150,000<\/h1>\n<\/div><\/div><\/div><div class=\"x-text x-content e6604-e9 m53g-v\">ARTIKEL IM WERT VON ETWA $150.000 WERDEN J\u00c4HRLICH AN DIE KINDERGARTE GESPENDET. ALLES WIRD UNSEREN KINDERN UND FAMILIEN KOSTENLOS GEGEBEN!<\/div><\/div><\/div><\/div><\/div><div class=\"x-section e6604-e10 m53g-0 m53g-1 m53g-3 m53g-5\"><div class=\"x-row e6604-e11 m53g-7 m53g-9 m53g-c\"><div class=\"x-row-inner\"><div class=\"x-col e6604-e12 m53g-h m53g-i\"><hr class=\"x-line e6604-e13 m53g-w\"\/><\/div><\/div><\/div><\/div><div class=\"x-section e6604-e14 m53g-0 m53g-1 m53g-3 m53g-5\"><div class=\"x-row e6604-e15 m53g-7 m53g-9 m53g-d\"><div class=\"x-row-inner\"><div class=\"x-col e6604-e16 m53g-h m53g-j\">Mit der BACN Boutique erf\u00fcllen wir weiterhin die Grundbed\u00fcrfnisse unserer Kunden. All dies ist unseren gro\u00dfz\u00fcgigen Spendern aus Unternehmen und Gemeinden zu verdanken. Unsere voll ausgestattete Boutique bietet Kinderm\u00f6bel, Spielzeug, B\u00fccher, Kleidung und vieles mehr, damit Familien alles, was sie brauchen, kostenlos mitnehmen k\u00f6nnen. Community-Mitglieder k\u00f6nnen kostenlos in der BACN Boutique einkaufen! Die Boutique befindet sich derzeit in der Kindergartenlobby und ist f\u00fcr die \u00d6ffentlichkeit zug\u00e4nglich. Die BACN-Boutique wird t\u00e4glich mit Artikeln best\u00fcckt, die von unserer gro\u00dfz\u00fcgigen Community gespendet wurden. Eltern, die ein Baby erwarten, finden Kleidung, Decken, Flaschen, Kinderwagen und Babyausstattung. F\u00fcr Familien mit \u00e4lteren Kindern haben wir jede Menge Kleidung, Schuhe, B\u00fccher, Spielzeug und mehr. Und f\u00fcr die Eltern haben wir Kleidung, Schuhe und Hygieneartikel. Brauchen Sie etwas, das Sie nicht sehen? Geben Sie einfach unserem Kita-Personal Bescheid. Wir k\u00f6nnen Ihnen bei der Suche nach Artikeln behilflich sein. <\/p>\n \nBevor Sie die BACN-Boutique besuchen, stellen Sie sicher, dass Sie bei unserer Food Pantry und Windelbank bestellen. Wenn Sie als Elternteil Lebensmittel oder Windeln ben\u00f6tigen, <b><a href=\"tel:925-685-6633\">rufen Sie bitte<\/a><\/b> den Kindergarten, um eine Essens- und Windelabholung zu bestellen.<\/p>\n<\/div><\/div><\/div><\/div><div class=\"x-section e6604-e18 m53g-0 m53g-1 m53g-3 m53g-5\"><div class=\"x-row e6604-e19 m53g-7 m53g-9 m53g-e\"><div class=\"x-row-inner\"><div class=\"x-col e6604-e20 m53g-h m53g-i\"><div id=\"x-content-band-1\" class=\"x-content-band border-top border-left border-right border-bottom\" style=\"background-color: #efefef; color: #333;\"><div class=\"x-container max width\"> \n<h4  class=\"h-custom-headline h3\" style=\"margin-top: 0;\"><span>Sachspenden<\/span><\/h4><\/p>\n\nWir akzeptieren: sauberes und vorsichtig benutztes Spielzeug (um m\u00f6gliche Erstickungsgefahren zu vermeiden, stellen Sie bitte sicher, dass kleine Spielzeuge in einer Tasche gesichert sind), Kinderausstattung, Windeln, nicht abgelaufene Babynahrung und S\u00e4uglingsnahrung, unge\u00f6ffnete Windeln, B\u00fccher in gutem Zustand, Puzzles und Spiele (bitte Kartons zukleben, um sicherzustellen, dass kleine St\u00fccke darin bleiben), sanft getragene Kinderkleidung und Kinderschuhe. <\/p>Bitte <b><a href=\"tel:925-685-6633\">Rufen Sie uns an<\/a><\/b> um zu sehen, ob wir Spenden annehmen oder direkt an den Kindergarten spenden.<\/p>\n\n\n<p><a  class=\"x-btn x-btn-flat x-btn-global\"  href=\"https:\/\/bayareacrisisnursery.app.neoncrm.com\/np\/clients\/bayareacrisisnursery\/donation.jsp?campaign=281&\"     data-options=\"thumbnail: ''\">Spenden Sie noch heute!<\/a> <\/div><\/div>\n<\/div><\/div><\/div><\/div><div class=\"x-section e6604-e22 m53g-0 m53g-4 m53g-6\"><div class=\"x-row e6604-e23 m53g-7 m53g-8 m53g-9 m53g-f\"><div class=\"x-row-inner\"><div class=\"x-col e6604-e24 m53g-h m53g-i\"><div class=\"x-text x-text-headline e6604-e25 m53g-q m53g-r m53g-t\"><div class=\"x-text-content\"><div class=\"x-text-content-text\"><h3 class=\"x-text-content-text-primary\">BACN unterst\u00fctzen<\/h3>\n<\/div><\/div><\/div><\/div><\/div><\/div><div class=\"x-row e6604-e26 m53g-7 m53g-8 m53g-9 m53g-g\"><div class=\"x-row-inner\"><div class=\"x-col e6604-e27 m53g-h m53g-i m53g-k\"><a class=\"x-image e6604-e28 m53g-l m53g-n\" href=\"https:\/\/bayareacrisisnursery.app.neoncrm.com\/forms\/donate\" target=\"_blank\" rel=\"noopener noreferrer\"><img decoding=\"async\" src=\"https:\/\/bayareacrisisnursery.org\/wp-content\/uploads\/2022\/08\/Piggy-Bank.jpg\" width=\"600\" height=\"400\" alt=\"Donate Today\" loading=\"lazy\"><\/a><div class=\"x-text x-text-headline e6604-e29 m53g-p m53g-q m53g-u\"><div class=\"x-text-content\"><div class=\"x-text-content-text\"><h3 class=\"x-text-content-text-primary\"><a href=\"https:\/\/bayareacrisisnursery.app.neoncrm.com\/forms\/donate\" data-wplink-edit=\"true\">Spenden Sie noch heute!<\/a><\/h3>\n<\/div><\/div><\/div><\/div><div class=\"x-col e6604-e30 m53g-h m53g-i m53g-k\"><a class=\"x-image e6604-e31 m53g-l m53g-n m53g-o\" href=\"https:\/\/mailchi.mp\/bayareacrisisnursery\/newsletter?dnt=1%22%20data-wplink-edit=%22true%22\" target=\"_blank\" rel=\"noopener noreferrer\"><img decoding=\"async\" src=\"https:\/\/bayareacrisisnursery.org\/wp-content\/uploads\/2022\/08\/News.jpg\" width=\"600\" height=\"400\" alt=\"Newsletter\" loading=\"lazy\"><\/a><div class=\"x-text x-text-headline e6604-e32 m53g-p m53g-q m53g-u\"><div class=\"x-text-content\"><div class=\"x-text-content-text\"><h3 class=\"x-text-content-text-primary\"><p><a href=\"https:\/\/mailchi.mp\/bayareacrisisnursery\/newsletter?dnt=1\" data-wplink-edit=\"true\">Melden Sie sich an, um in Kontakt zu bleiben<\/a><\/p><\/h3>\n<\/div><\/div><\/div><\/div><\/div><\/div><\/div><\/div>","protected":false},"excerpt":{"rendered":"<p>$150,000 APPROXIMATELY $150,000 WORTH OF ITEMS ARE DONATED TO THE NURSERY ANNUALLY. EVERYTHING IS GIVEN TO OUR CHILDREN AND FAMILIES AT NO COST!We continue to meet the basic needs of our clients with the BACN Boutique. It\u2019s all thanks to our generous corporate and community donors. Our fully stocked, boutique has children\u2019s furniture, toys, books, clothes, and much more for &#8230; <a href=\"https:\/\/bayareacrisisnursery.org\/de\/programs\/bacn-boutique\/\" class=\"more-link\">Weiterlesen<\/a><\/p>","protected":false},"author":1,"featured_media":0,"parent":186,"menu_order":4,"comment_status":"closed","ping_status":"closed","template":"template-layout-full-width.php","meta":{"om_disable_all_campaigns":false,"_monsterinsights_skip_tracking":false,"_monsterinsights_sitenote_active":false,"_monsterinsights_sitenote_note":"","_monsterinsights_sitenote_category":0,"_uf_show_specific_survey":0,"_uf_disable_surveys":false,"footnotes":""},"class_list":["post-6604","page","type-page","status-publish","hentry","no-post-thumbnail"],"yoast_head":"<!-- This site is optimized with the Yoast SEO Premium plugin v27.2 (Yoast SEO v27.2) - https:\/\/yoast.com\/product\/yoast-seo-premium-wordpress\/ -->\n<title>The BACN Boutique- Bay Area Crisis Nursery<\/title>\n<meta name=\"description\" content=\"The BACN Boutique offers free clothing for children and adults, shoes, books, toys, and children&#039;s equipment at no cost to the community.\" \/>\n<meta name=\"robots\" content=\"index, follow, max-snippet:-1, max-image-preview:large, max-video-preview:-1\" \/>\n<link rel=\"canonical\" href=\"https:\/\/bayareacrisisnursery.org\/de\/programs\/bacn-boutique\/\" \/>\n<meta property=\"og:locale\" content=\"de_DE\" \/>\n<meta property=\"og:type\" content=\"article\" \/>\n<meta property=\"og:title\" content=\"BACN Boutique\" \/>\n<meta property=\"og:description\" content=\"The BACN Boutique offers free clothing for children and adults, shoes, books, toys, and children&#039;s equipment at no cost to the community.\" \/>\n<meta property=\"og:url\" content=\"https:\/\/bayareacrisisnursery.org\/de\/programs\/bacn-boutique\/\" \/>\n<meta property=\"og:site_name\" content=\"Bay Area Crisis Nursery\" \/>\n<meta property=\"article:publisher\" content=\"https:\/\/www.facebook.com\/bacnspage\/\" \/>\n<meta property=\"article:modified_time\" content=\"2025-03-20T21:24:38+00:00\" \/>\n<meta name=\"twitter:card\" content=\"summary_large_image\" \/>\n<meta name=\"twitter:site\" content=\"@bacn_nursery\" \/>\n<meta name=\"twitter:label1\" content=\"Gesch\u00e4tzte Lesezeit\" \/>\n\t<meta name=\"twitter:data1\" content=\"2\u00a0Minuten\" \/>\n<script type=\"application\/ld+json\" class=\"yoast-schema-graph\">{\"@context\":\"https:\/\/schema.org\",\"@graph\":[{\"@type\":\"WebPage\",\"@id\":\"https:\/\/bayareacrisisnursery.org\/programs\/bacn-boutique\/\",\"url\":\"https:\/\/bayareacrisisnursery.org\/programs\/bacn-boutique\/\",\"name\":\"The BACN Boutique- Bay Area Crisis Nursery\",\"isPartOf\":{\"@id\":\"https:\/\/bayareacrisisnursery.org\/#website\"},\"datePublished\":\"2022-08-25T22:01:13+00:00\",\"dateModified\":\"2025-03-20T21:24:38+00:00\",\"description\":\"The BACN Boutique offers free clothing for children and adults, shoes, books, toys, and children's equipment at no cost to the community.\",\"breadcrumb\":{\"@id\":\"https:\/\/bayareacrisisnursery.org\/programs\/bacn-boutique\/#breadcrumb\"},\"inLanguage\":\"de\",\"potentialAction\":[{\"@type\":\"ReadAction\",\"target\":[\"https:\/\/bayareacrisisnursery.org\/programs\/bacn-boutique\/\"]}]},{\"@type\":\"BreadcrumbList\",\"@id\":\"https:\/\/bayareacrisisnursery.org\/programs\/bacn-boutique\/#breadcrumb\",\"itemListElement\":[{\"@type\":\"ListItem\",\"position\":1,\"name\":\"Home\",\"item\":\"https:\/\/bayareacrisisnursery.org\/\"},{\"@type\":\"ListItem\",\"position\":2,\"name\":\"Our Programs\",\"item\":\"https:\/\/bayareacrisisnursery.org\/programs\/\"},{\"@type\":\"ListItem\",\"position\":3,\"name\":\"BACN Boutique\"}]},{\"@type\":\"WebSite\",\"@id\":\"https:\/\/bayareacrisisnursery.org\/#website\",\"url\":\"https:\/\/bayareacrisisnursery.org\/\",\"name\":\"Bay Area Crisis Nursery\",\"description\":\"A Little Heart. A Little Help. A Lot of Hope.\",\"publisher\":{\"@id\":\"https:\/\/bayareacrisisnursery.org\/#organization\"},\"potentialAction\":[{\"@type\":\"SearchAction\",\"target\":{\"@type\":\"EntryPoint\",\"urlTemplate\":\"https:\/\/bayareacrisisnursery.org\/?s={search_term_string}\"},\"query-input\":{\"@type\":\"PropertyValueSpecification\",\"valueRequired\":true,\"valueName\":\"search_term_string\"}}],\"inLanguage\":\"de\"},{\"@type\":\"Organization\",\"@id\":\"https:\/\/bayareacrisisnursery.org\/#organization\",\"name\":\"Bay Area Crisis Nursery\",\"url\":\"https:\/\/bayareacrisisnursery.org\/\",\"logo\":{\"@type\":\"ImageObject\",\"inLanguage\":\"de\",\"@id\":\"https:\/\/bayareacrisisnursery.org\/#\/schema\/logo\/image\/\",\"url\":\"https:\/\/bayareacrisisnursery.org\/wp-content\/uploads\/2020\/12\/BACN-Logo.png\",\"contentUrl\":\"https:\/\/bayareacrisisnursery.org\/wp-content\/uploads\/2020\/12\/BACN-Logo.png\",\"width\":751,\"height\":374,\"caption\":\"Bay Area Crisis Nursery\"},\"image\":{\"@id\":\"https:\/\/bayareacrisisnursery.org\/#\/schema\/logo\/image\/\"},\"sameAs\":[\"https:\/\/www.facebook.com\/bacnspage\/\",\"https:\/\/x.com\/bacn_nursery\",\"https:\/\/www.instagram.com\/bayareacrisisnursery\/\",\"https:\/\/www.linkedin.com\/company\/bay-area-crisis-nursery\/about\/\"]}]}<\/script>\n<!-- \/ Yoast SEO Premium plugin. -->","yoast_head_json":{"title":"The BACN Boutique- Bay Area Crisis Nursery","description":"The BACN Boutique offers free clothing for children and adults, shoes, books, toys, and children's equipment at no cost to the community.","robots":{"index":"index","follow":"follow","max-snippet":"max-snippet:-1","max-image-preview":"max-image-preview:large","max-video-preview":"max-video-preview:-1"},"canonical":"https:\/\/bayareacrisisnursery.org\/de\/programs\/bacn-boutique\/","og_locale":"de_DE","og_type":"article","og_title":"BACN Boutique","og_description":"The BACN Boutique offers free clothing for children and adults, shoes, books, toys, and children's equipment at no cost to the community.","og_url":"https:\/\/bayareacrisisnursery.org\/de\/programs\/bacn-boutique\/","og_site_name":"Bay Area Crisis Nursery","article_publisher":"https:\/\/www.facebook.com\/bacnspage\/","article_modified_time":"2025-03-20T21:24:38+00:00","twitter_card":"summary_large_image","twitter_site":"@bacn_nursery","twitter_misc":{"Gesch\u00e4tzte Lesezeit":"2\u00a0Minuten"},"schema":{"@context":"https:\/\/schema.org","@graph":[{"@type":"WebPage","@id":"https:\/\/bayareacrisisnursery.org\/programs\/bacn-boutique\/","url":"https:\/\/bayareacrisisnursery.org\/programs\/bacn-boutique\/","name":"The BACN Boutique- Bay Area Crisis Nursery","isPartOf":{"@id":"https:\/\/bayareacrisisnursery.org\/#website"},"datePublished":"2022-08-25T22:01:13+00:00","dateModified":"2025-03-20T21:24:38+00:00","description":"The BACN Boutique offers free clothing for children and adults, shoes, books, toys, and children's equipment at no cost to the community.","breadcrumb":{"@id":"https:\/\/bayareacrisisnursery.org\/programs\/bacn-boutique\/#breadcrumb"},"inLanguage":"de","potentialAction":[{"@type":"ReadAction","target":["https:\/\/bayareacrisisnursery.org\/programs\/bacn-boutique\/"]}]},{"@type":"BreadcrumbList","@id":"https:\/\/bayareacrisisnursery.org\/programs\/bacn-boutique\/#breadcrumb","itemListElement":[{"@type":"ListItem","position":1,"name":"Home","item":"https:\/\/bayareacrisisnursery.org\/"},{"@type":"ListItem","position":2,"name":"Our Programs","item":"https:\/\/bayareacrisisnursery.org\/programs\/"},{"@type":"ListItem","position":3,"name":"BACN Boutique"}]},{"@type":"WebSite","@id":"https:\/\/bayareacrisisnursery.org\/#website","url":"https:\/\/bayareacrisisnursery.org\/","name":"Krisenkindergarten Bay Area","description":"Ein kleines Herz. Eine kleine Hilfe. Viel Hoffnung.","publisher":{"@id":"https:\/\/bayareacrisisnursery.org\/#organization"},"potentialAction":[{"@type":"SearchAction","target":{"@type":"EntryPoint","urlTemplate":"https:\/\/bayareacrisisnursery.org\/?s={search_term_string}"},"query-input":{"@type":"PropertyValueSpecification","valueRequired":true,"valueName":"search_term_string"}}],"inLanguage":"de"},{"@type":"Organization","@id":"https:\/\/bayareacrisisnursery.org\/#organization","name":"Krisenkindergarten Bay Area","url":"https:\/\/bayareacrisisnursery.org\/","logo":{"@type":"ImageObject","inLanguage":"de","@id":"https:\/\/bayareacrisisnursery.org\/#\/schema\/logo\/image\/","url":"https:\/\/bayareacrisisnursery.org\/wp-content\/uploads\/2020\/12\/BACN-Logo.png","contentUrl":"https:\/\/bayareacrisisnursery.org\/wp-content\/uploads\/2020\/12\/BACN-Logo.png","width":751,"height":374,"caption":"Bay Area Crisis Nursery"},"image":{"@id":"https:\/\/bayareacrisisnursery.org\/#\/schema\/logo\/image\/"},"sameAs":["https:\/\/www.facebook.com\/bacnspage\/","https:\/\/x.com\/bacn_nursery","https:\/\/www.instagram.com\/bayareacrisisnursery\/","https:\/\/www.linkedin.com\/company\/bay-area-crisis-nursery\/about\/"]}]}},"_links":{"self":[{"href":"https:\/\/bayareacrisisnursery.org\/de\/wp-json\/wp\/v2\/pages\/6604","targetHints":{"allow":["GET"]}}],"collection":[{"href":"https:\/\/bayareacrisisnursery.org\/de\/wp-json\/wp\/v2\/pages"}],"about":[{"href":"https:\/\/bayareacrisisnursery.org\/de\/wp-json\/wp\/v2\/types\/page"}],"author":[{"embeddable":true,"href":"https:\/\/bayareacrisisnursery.org\/de\/wp-json\/wp\/v2\/users\/1"}],"replies":[{"embeddable":true,"href":"https:\/\/bayareacrisisnursery.org\/de\/wp-json\/wp\/v2\/comments?post=6604"}],"version-history":[{"count":11,"href":"https:\/\/bayareacrisisnursery.org\/de\/wp-json\/wp\/v2\/pages\/6604\/revisions"}],"predecessor-version":[{"id":7352,"href":"https:\/\/bayareacrisisnursery.org\/de\/wp-json\/wp\/v2\/pages\/6604\/revisions\/7352"}],"up":[{"embeddable":true,"href":"https:\/\/bayareacrisisnursery.org\/de\/wp-json\/wp\/v2\/pages\/186"}],"wp:attachment":[{"href":"https:\/\/bayareacrisisnursery.org\/de\/wp-json\/wp\/v2\/media?parent=6604"}],"curies":[{"name":"wp","href":"https:\/\/api.w.org\/{rel}","templated":true}]}}