{"id":1430,"date":"2019-10-17T04:29:13","date_gmt":"2019-10-17T04:29:13","guid":{"rendered":"https:\/\/bayareacrisisnursery.org\/?page_id=1430"},"modified":"2026-01-08T20:40:20","modified_gmt":"2026-01-08T20:40:20","slug":"holiday-toy-drive","status":"publish","type":"page","link":"https:\/\/bayareacrisisnursery.org\/es\/other-ways-to-give\/holiday-toy-drive\/","title":{"rendered":"Colecta de juguetes navide\u00f1os"},"content":{"rendered":"<div id=\"cs-content\" class=\"cs-content\"><div class=\"x-section e1430-e1 m13q-0 m13q-1 m13q-2\"><div class=\"x-container marginless-columns e1430-e2 m13q-5\"><div class=\"x-column x-sm x-1-1 e1430-e3 m13q-6\"><img decoding=\"async\"  class=\"x-img x-img-none\"  src=\"https:\/\/bayareacrisisnursery.org\/wp-content\/uploads\/2022\/09\/Adopt-a-Family-Banner.png\" alt=\"Support BACN Piggy Bank\"><\/div><\/div><\/div><div class=\"x-section e1430-e5 m13q-0 m13q-1 m13q-2\"><div class=\"x-container marginless-columns e1430-e6 m13q-5\"><div class=\"x-column x-sm x-1-1 e1430-e7 m13q-6\"><h2  class=\"h-custom-headline h3\" ><span>Adopte una familia para las vacaciones<\/span><\/h2><\/div><\/div><div class=\"x-container marginless-columns e1430-e9 m13q-5\"><div class=\"x-column x-sm x-1-1 e1430-e10 m13q-6\"><div class=\"x-content-area e1430-e11 m13q-7\"><p>\u00a1Gracias por su inter\u00e9s en adoptar a una de nuestras familias para las fiestas! La colecta de juguetes Adopte una familia de Bay Area Crisis Nursery ofrece obsequios navide\u00f1os para los ni\u00f1os que se han quedado con nosotros en la guarder\u00eda durante el a\u00f1o pasado, \u00a1y sus hermanos y padres! Adoptar a un ni\u00f1o o una familia durante las vacaciones puede inspirar un sentido de generosidad en toda su familia. El patrocinador de una familia puede ser un individuo, una familia, un grupo de personas, clubes y organizaciones, grupos de iglesias, y tanto peque\u00f1as como grandes empresas tambi\u00e9n se han unido a nosotros en nuestra colecta de juguetes para las fiestas Adopt-a-Family. Muchos seguidores encuentran la experiencia tan satisfactoria que la convierten en una tradici\u00f3n anual, mostrando el verdadero significado de la temporada al dar regalos y mostrar compasi\u00f3n por los dem\u00e1s a\u00f1o tras a\u00f1o.<\/p>\n<h3>C\u00f3mo funciona<\/h3>\n<ul>\n<li><b><\/b>Complete the Interest Form below to let us know that you would like to adopt-a-family and how many individuals you would like to sponsor. We ask that sponsors budget about $150 per individual that they adopt.<\/li>\n<\/ul>\n<ul>\n<li><b>Le enviaremos una lista de deseos detallada<\/b> para cada persona de la familia. Comenzamos a recopilar las listas de deseos de nuestras familias el 1 de noviembre y las tendremos listas para los patrocinadores a partir de noviembre.<\/li>\n<\/ul>\n<ul>\n<li><b>\u00a1Ir de compras!<\/b> Queremos que los deseos de nuestros ni\u00f1os se hagan realidad y pedimos a los patrocinadores que hagan todo lo posible para proporcionar los obsequios solicitados y tarjetas de regalo de tiendas de comestibles para que las familias puedan preparar una buena comida navide\u00f1a. No aceptamos art\u00edculos usados.\n<p>Puede elegir la guarder\u00eda de crisis del \u00e1rea de la bah\u00eda para recibir fondos adicionales a trav\u00e9s del <b><a href=\"https:\/\/smile.amazon.com\/ch\/94-2681676\">AmazonSmile<\/a> <\/b>y <b><a href=\"https:\/\/www.escrip.com\/\">eScrip<\/a><\/b> programas! Es el regalo que nos devuelve a todos durante todo el a\u00f1o.<\/p>\n<\/li>\n<\/ul>\n<ul>\n<li><b>Una vez que haya comprado sus regalos<\/b> prep\u00e1relos para dejarlos en nuestro edificio administrativo. Cada regalo debe estar etiquetado con la identificaci\u00f3n familiar y el nombre del destinatario. Es la \u00fanica forma en que podemos asegurarnos de que el regalo adecuado llegue a la familia adecuada. Para asegurarse de no perder las tarjetas de regalo, col\u00f3quelas en un sobre y etiqu\u00e9telas con la identificaci\u00f3n y el nombre de la familia. Los regalos deben entregarse sin envolver para que nuestros elfos puedan asegurarse de que sean seguros y apropiados para su edad.<\/li>\n<\/ul>\n<ul>\n<li><b>D\u00e9jalos <\/b>a nuestro edificio administrativo durante los horarios y fechas a continuaci\u00f3n.<\/li>\n<\/ul>\n<p><b>Tiempos de entrega de donaciones<br \/>Dec 8 - 12 &amp; 15 - 17, 2025 | 10 am - 4 pm<br \/>Ubicaci\u00f3n: 1510 Mendocino Dr, Concord<\/b><\/p><\/div><\/div><\/div><\/div><div class=\"x-section e1430-e12 m13q-0 m13q-1 m13q-3\"><div class=\"x-row e1430-e13 m13q-8 m13q-9 m13q-b\"><div class=\"x-row-inner\"><div class=\"x-col e1430-e14 m13q-f m13q-g\"><a  class=\"x-btn x-btn-global\"  href=\"https:\/\/bayareacrisisnursery.app.neoncrm.com\/forms\/holiday-donations\"     data-options=\"thumbnail: ''\">Donar hoy<\/a><\/div><\/div><\/div><\/div><div class=\"x-section e1430-e16 m13q-0 m13q-1 m13q-2\"><div class=\"x-container marginless-columns e1430-e17 m13q-5\"><div class=\"x-column x-sm x-1-1 e1430-e18 m13q-6\"><div class=\"x-content-area e1430-e19 m13q-7\"><p><div id=\"x-content-band-1\" class=\"x-content-band border-top border-left border-right border-bottom\" style=\"background-color: #efefef; color: #333;\"><div class=\"x-container max width\"> <h4  class=\"h-custom-headline h3\" style=\"margin-top: 0;\"><span>Adopta una familia<\/span><\/h4><\/p>\n<p>Interested in adopting a family, or 2, or 3? Just fill out the form below letting us know how many people you can sponsor for the holidays, and we will send you a family's wish lists.<\/p>\n<p><a  class=\"x-btn x-btn-flat x-btn-global\"  href=\"https:\/\/forms.gle\/ABf5rYwswJS5emx36\"     data-options=\"thumbnail: ''\">All of Our Families Have Been Adopted. Thank You<\/a> <\/div><\/div><\/p><\/div><\/div><\/div><\/div><div class=\"x-section e1430-e20 m13q-0 m13q-1 m13q-2\"><div class=\"x-container marginless-columns e1430-e21 m13q-5\"><div class=\"x-column x-sm x-1-1 e1430-e22 m13q-6\"><div class=\"x-content-area e1430-e23 m13q-7\"><p><div id=\"x-content-band-2\" class=\"x-content-band border-top border-left border-right border-bottom\" style=\"background-color: #efefef; color: #333;\"><div class=\"x-container max width\"> <h4  class=\"h-custom-headline h3\" style=\"margin-top: 0;\"><span>Toy &amp; Food Drives<\/span><\/h4><\/p>\n<p>Interested in holding a toy or food drive? Just fill out the form below and schedule your drop off date.<\/p>\n<p><a  class=\"x-btn x-btn-flat x-btn-global\"  href=\"https:\/\/docs.google.com\/forms\/d\/e\/1FAIpQLSfoYJxEAcGD86jNnyikuYbwX_Va_jkmvkwjX3up2q02iwR-nA\/viewform?usp=header\"     data-options=\"thumbnail: ''\">Thank You to Everyone Who Signed Up!<\/a> <\/div><\/div><\/p><\/div><\/div><\/div><\/div><div class=\"x-section e1430-e24 m13q-0 m13q-2 m13q-4\"><div class=\"x-row e1430-e25 m13q-8 m13q-a m13q-c m13q-d\"><div class=\"x-row-inner\"><div class=\"x-col e1430-e26 m13q-f m13q-h\"><div class=\"x-text x-text-headline e1430-e27 m13q-j m13q-k\"><div class=\"x-text-content\"><div class=\"x-text-content-text\"><h3 class=\"x-text-content-text-primary\">Apoyo BACN<\/h3>\n<\/div><\/div><\/div><\/div><\/div><\/div><div class=\"x-row e1430-e28 m13q-8 m13q-a m13q-c m13q-e\"><div class=\"x-row-inner\"><div class=\"x-col e1430-e29 m13q-f m13q-h m13q-i\"><a class=\"x-image e1430-e30 m13q-m\" href=\"mailto:giving@bayareacrisisnursery.org?subject=Stock%20Donations\" target=\"_blank\" rel=\"noopener noreferrer\"><img decoding=\"async\" src=\"https:\/\/bayareacrisisnursery.org\/wp-content\/uploads\/2019\/12\/Piggy-Stock.jpg\" width=\"847\" height=\"565\" alt=\"Stock Donations\" loading=\"lazy\"><\/a><div class=\"x-text x-text-headline e1430-e31 m13q-k m13q-l\"><div class=\"x-text-content\"><div class=\"x-text-content-text\"><h3 class=\"x-text-content-text-primary\"><p><a href=\"mailto:giving@bayareacrisisnursery.org?subject=Donating Stock\">BACN acepta donaciones de acciones. Correo electr\u00f3nico hoy.<\/a><\/p><\/h3>\n<\/div><\/div><\/div><\/div><div class=\"x-col e1430-e32 m13q-f m13q-h m13q-i\"><iframe loading=\"lazy\" src=\"https:\/\/doublethedonation.com\/api\/iframe\/XvD2NtEV1TSXhAQ1\" height=\"350\" width=\"100%\"><\/iframe><\/div><div class=\"x-col e1430-e34 m13q-f m13q-h m13q-i\"><a class=\"x-image e1430-e35 m13q-m m13q-n\" href=\"https:\/\/bayareacrisisnursery.org\/es\/programs\/crisis-care\/\" target=\"_blank\" rel=\"noopener noreferrer\"><img decoding=\"async\" src=\"https:\/\/bayareacrisisnursery.org\/wp-content\/uploads\/2022\/08\/News.jpg\" width=\"600\" height=\"400\" alt=\"Newsletter\" loading=\"lazy\"><\/a><div class=\"x-text x-text-headline e1430-e36 m13q-k m13q-l\"><div class=\"x-text-content\"><div class=\"x-text-content-text\"><h3 class=\"x-text-content-text-primary\"><p><a href=\"https:\/\/mailchi.mp\/bayareacrisisnursery\/newsletter?dnt=1\" data-wplink-edit=\"true\">Reg\u00edstrate para seguir en contacto<\/a><\/p><\/h3>\n<\/div><\/div><\/div><\/div><\/div><\/div><\/div><\/div>","protected":false},"excerpt":{"rendered":"<p>Adopt-A-Family for the HolidaysThank you for your interest in adopting one of our families for the holidays! The Bay Area Crisis Nursery&rsquo;s Adopt-a-Family toy drive provides holiday gifts for children who have stayed with us at the Nursery over the past year&mdash;and their siblings and parents! Adopting a child or family during the holidays can inspire a sense of giving &#8230; <a href=\"https:\/\/bayareacrisisnursery.org\/es\/other-ways-to-give\/holiday-toy-drive\/\" class=\"more-link\">Lee mas<\/a><\/p>","protected":false},"author":1,"featured_media":0,"parent":270,"menu_order":0,"comment_status":"closed","ping_status":"closed","template":"template-layout-full-width.php","meta":{"om_disable_all_campaigns":false,"_monsterinsights_skip_tracking":false,"_monsterinsights_sitenote_active":false,"_monsterinsights_sitenote_note":"","_monsterinsights_sitenote_category":0,"_uf_show_specific_survey":0,"_uf_disable_surveys":false,"footnotes":""},"class_list":["post-1430","page","type-page","status-publish","hentry","no-post-thumbnail"],"yoast_head":"<!-- This site is optimized with the Yoast SEO Premium plugin v27.2 (Yoast SEO v27.2) - https:\/\/yoast.com\/product\/yoast-seo-premium-wordpress\/ -->\n<title>Holiday Toy Drive - Bay Area Crisis Nursery<\/title>\n<meta name=\"description\" content=\"The Bay Area Crisis Nursery&#039;s Adopt-a-Family holiday toy drive inspires a sense of giving in your whole family.\" \/>\n<meta name=\"robots\" content=\"index, follow, max-snippet:-1, max-image-preview:large, max-video-preview:-1\" \/>\n<link rel=\"canonical\" href=\"https:\/\/bayareacrisisnursery.org\/es\/other-ways-to-give\/holiday-toy-drive\/\" \/>\n<meta property=\"og:locale\" content=\"es_MX\" \/>\n<meta property=\"og:type\" content=\"article\" \/>\n<meta property=\"og:title\" content=\"Holiday Toy Drive\" \/>\n<meta property=\"og:description\" content=\"The Bay Area Crisis Nursery&#039;s Adopt-a-Family holiday toy drive inspires a sense of giving in your whole family.\" \/>\n<meta property=\"og:url\" content=\"https:\/\/bayareacrisisnursery.org\/es\/other-ways-to-give\/holiday-toy-drive\/\" \/>\n<meta property=\"og:site_name\" content=\"Bay Area Crisis Nursery\" \/>\n<meta property=\"article:publisher\" content=\"https:\/\/www.facebook.com\/bacnspage\/\" \/>\n<meta property=\"article:modified_time\" content=\"2026-01-08T20:40:20+00:00\" \/>\n<meta name=\"twitter:card\" content=\"summary_large_image\" \/>\n<meta name=\"twitter:site\" content=\"@bacn_nursery\" \/>\n<meta name=\"twitter:label1\" content=\"Tiempo de lectura\" \/>\n\t<meta name=\"twitter:data1\" content=\"3 minutos\" \/>\n<script type=\"application\/ld+json\" class=\"yoast-schema-graph\">{\"@context\":\"https:\/\/schema.org\",\"@graph\":[{\"@type\":\"WebPage\",\"@id\":\"https:\/\/bayareacrisisnursery.org\/other-ways-to-give\/holiday-toy-drive\/\",\"url\":\"https:\/\/bayareacrisisnursery.org\/other-ways-to-give\/holiday-toy-drive\/\",\"name\":\"Holiday Toy Drive - Bay Area Crisis Nursery\",\"isPartOf\":{\"@id\":\"https:\/\/bayareacrisisnursery.org\/#website\"},\"datePublished\":\"2019-10-17T04:29:13+00:00\",\"dateModified\":\"2026-01-08T20:40:20+00:00\",\"description\":\"The Bay Area Crisis Nursery's Adopt-a-Family holiday toy drive inspires a sense of giving in your whole family.\",\"breadcrumb\":{\"@id\":\"https:\/\/bayareacrisisnursery.org\/other-ways-to-give\/holiday-toy-drive\/#breadcrumb\"},\"inLanguage\":\"es\",\"potentialAction\":[{\"@type\":\"ReadAction\",\"target\":[\"https:\/\/bayareacrisisnursery.org\/other-ways-to-give\/holiday-toy-drive\/\"]}]},{\"@type\":\"BreadcrumbList\",\"@id\":\"https:\/\/bayareacrisisnursery.org\/other-ways-to-give\/holiday-toy-drive\/#breadcrumb\",\"itemListElement\":[{\"@type\":\"ListItem\",\"position\":1,\"name\":\"Home\",\"item\":\"https:\/\/bayareacrisisnursery.org\/\"},{\"@type\":\"ListItem\",\"position\":2,\"name\":\"Other Ways to Give\",\"item\":\"https:\/\/bayareacrisisnursery.org\/other-ways-to-give\/\"},{\"@type\":\"ListItem\",\"position\":3,\"name\":\"Holiday Toy Drive\"}]},{\"@type\":\"WebSite\",\"@id\":\"https:\/\/bayareacrisisnursery.org\/#website\",\"url\":\"https:\/\/bayareacrisisnursery.org\/\",\"name\":\"Bay Area Crisis Nursery\",\"description\":\"A Little Heart. A Little Help. A Lot of Hope.\",\"publisher\":{\"@id\":\"https:\/\/bayareacrisisnursery.org\/#organization\"},\"potentialAction\":[{\"@type\":\"SearchAction\",\"target\":{\"@type\":\"EntryPoint\",\"urlTemplate\":\"https:\/\/bayareacrisisnursery.org\/?s={search_term_string}\"},\"query-input\":{\"@type\":\"PropertyValueSpecification\",\"valueRequired\":true,\"valueName\":\"search_term_string\"}}],\"inLanguage\":\"es\"},{\"@type\":\"Organization\",\"@id\":\"https:\/\/bayareacrisisnursery.org\/#organization\",\"name\":\"Bay Area Crisis Nursery\",\"url\":\"https:\/\/bayareacrisisnursery.org\/\",\"logo\":{\"@type\":\"ImageObject\",\"inLanguage\":\"es\",\"@id\":\"https:\/\/bayareacrisisnursery.org\/#\/schema\/logo\/image\/\",\"url\":\"https:\/\/bayareacrisisnursery.org\/wp-content\/uploads\/2020\/12\/BACN-Logo.png\",\"contentUrl\":\"https:\/\/bayareacrisisnursery.org\/wp-content\/uploads\/2020\/12\/BACN-Logo.png\",\"width\":751,\"height\":374,\"caption\":\"Bay Area Crisis Nursery\"},\"image\":{\"@id\":\"https:\/\/bayareacrisisnursery.org\/#\/schema\/logo\/image\/\"},\"sameAs\":[\"https:\/\/www.facebook.com\/bacnspage\/\",\"https:\/\/x.com\/bacn_nursery\",\"https:\/\/www.instagram.com\/bayareacrisisnursery\/\",\"https:\/\/www.linkedin.com\/company\/bay-area-crisis-nursery\/about\/\"]}]}<\/script>\n<!-- \/ Yoast SEO Premium plugin. -->","yoast_head_json":{"title":"Holiday Toy Drive - Bay Area Crisis Nursery","description":"The Bay Area Crisis Nursery's Adopt-a-Family holiday toy drive inspires a sense of giving in your whole family.","robots":{"index":"index","follow":"follow","max-snippet":"max-snippet:-1","max-image-preview":"max-image-preview:large","max-video-preview":"max-video-preview:-1"},"canonical":"https:\/\/bayareacrisisnursery.org\/es\/other-ways-to-give\/holiday-toy-drive\/","og_locale":"es_MX","og_type":"article","og_title":"Holiday Toy Drive","og_description":"The Bay Area Crisis Nursery's Adopt-a-Family holiday toy drive inspires a sense of giving in your whole family.","og_url":"https:\/\/bayareacrisisnursery.org\/es\/other-ways-to-give\/holiday-toy-drive\/","og_site_name":"Bay Area Crisis Nursery","article_publisher":"https:\/\/www.facebook.com\/bacnspage\/","article_modified_time":"2026-01-08T20:40:20+00:00","twitter_card":"summary_large_image","twitter_site":"@bacn_nursery","twitter_misc":{"Tiempo de lectura":"3 minutos"},"schema":{"@context":"https:\/\/schema.org","@graph":[{"@type":"WebPage","@id":"https:\/\/bayareacrisisnursery.org\/other-ways-to-give\/holiday-toy-drive\/","url":"https:\/\/bayareacrisisnursery.org\/other-ways-to-give\/holiday-toy-drive\/","name":"Holiday Toy Drive - Bay Area Crisis Nursery","isPartOf":{"@id":"https:\/\/bayareacrisisnursery.org\/#website"},"datePublished":"2019-10-17T04:29:13+00:00","dateModified":"2026-01-08T20:40:20+00:00","description":"The Bay Area Crisis Nursery's Adopt-a-Family holiday toy drive inspires a sense of giving in your whole family.","breadcrumb":{"@id":"https:\/\/bayareacrisisnursery.org\/other-ways-to-give\/holiday-toy-drive\/#breadcrumb"},"inLanguage":"es","potentialAction":[{"@type":"ReadAction","target":["https:\/\/bayareacrisisnursery.org\/other-ways-to-give\/holiday-toy-drive\/"]}]},{"@type":"BreadcrumbList","@id":"https:\/\/bayareacrisisnursery.org\/other-ways-to-give\/holiday-toy-drive\/#breadcrumb","itemListElement":[{"@type":"ListItem","position":1,"name":"Home","item":"https:\/\/bayareacrisisnursery.org\/"},{"@type":"ListItem","position":2,"name":"Other Ways to Give","item":"https:\/\/bayareacrisisnursery.org\/other-ways-to-give\/"},{"@type":"ListItem","position":3,"name":"Holiday Toy Drive"}]},{"@type":"WebSite","@id":"https:\/\/bayareacrisisnursery.org\/#website","url":"https:\/\/bayareacrisisnursery.org\/","name":"Guarder\u00eda de crisis del \u00e1rea de la bah\u00eda","description":"Un corazoncito. Un poco de ayuda. Mucha esperanza.","publisher":{"@id":"https:\/\/bayareacrisisnursery.org\/#organization"},"potentialAction":[{"@type":"SearchAction","target":{"@type":"EntryPoint","urlTemplate":"https:\/\/bayareacrisisnursery.org\/?s={search_term_string}"},"query-input":{"@type":"PropertyValueSpecification","valueRequired":true,"valueName":"search_term_string"}}],"inLanguage":"es"},{"@type":"Organization","@id":"https:\/\/bayareacrisisnursery.org\/#organization","name":"Guarder\u00eda de crisis del \u00e1rea de la bah\u00eda","url":"https:\/\/bayareacrisisnursery.org\/","logo":{"@type":"ImageObject","inLanguage":"es","@id":"https:\/\/bayareacrisisnursery.org\/#\/schema\/logo\/image\/","url":"https:\/\/bayareacrisisnursery.org\/wp-content\/uploads\/2020\/12\/BACN-Logo.png","contentUrl":"https:\/\/bayareacrisisnursery.org\/wp-content\/uploads\/2020\/12\/BACN-Logo.png","width":751,"height":374,"caption":"Bay Area Crisis Nursery"},"image":{"@id":"https:\/\/bayareacrisisnursery.org\/#\/schema\/logo\/image\/"},"sameAs":["https:\/\/www.facebook.com\/bacnspage\/","https:\/\/x.com\/bacn_nursery","https:\/\/www.instagram.com\/bayareacrisisnursery\/","https:\/\/www.linkedin.com\/company\/bay-area-crisis-nursery\/about\/"]}]}},"_links":{"self":[{"href":"https:\/\/bayareacrisisnursery.org\/es\/wp-json\/wp\/v2\/pages\/1430","targetHints":{"allow":["GET"]}}],"collection":[{"href":"https:\/\/bayareacrisisnursery.org\/es\/wp-json\/wp\/v2\/pages"}],"about":[{"href":"https:\/\/bayareacrisisnursery.org\/es\/wp-json\/wp\/v2\/types\/page"}],"author":[{"embeddable":true,"href":"https:\/\/bayareacrisisnursery.org\/es\/wp-json\/wp\/v2\/users\/1"}],"replies":[{"embeddable":true,"href":"https:\/\/bayareacrisisnursery.org\/es\/wp-json\/wp\/v2\/comments?post=1430"}],"version-history":[{"count":19,"href":"https:\/\/bayareacrisisnursery.org\/es\/wp-json\/wp\/v2\/pages\/1430\/revisions"}],"predecessor-version":[{"id":7415,"href":"https:\/\/bayareacrisisnursery.org\/es\/wp-json\/wp\/v2\/pages\/1430\/revisions\/7415"}],"up":[{"embeddable":true,"href":"https:\/\/bayareacrisisnursery.org\/es\/wp-json\/wp\/v2\/pages\/270"}],"wp:attachment":[{"href":"https:\/\/bayareacrisisnursery.org\/es\/wp-json\/wp\/v2\/media?parent=1430"}],"curies":[{"name":"wp","href":"https:\/\/api.w.org\/{rel}","templated":true}]}}