{"id":186,"date":"2019-04-19T05:17:42","date_gmt":"2019-04-19T05:17:42","guid":{"rendered":"https:\/\/bayareacrisisnursery.org\/?page_id=186"},"modified":"2025-03-20T21:27:05","modified_gmt":"2025-03-20T21:27:05","slug":"programs","status":"publish","type":"page","link":"https:\/\/bayareacrisisnursery.org\/es\/programs\/","title":{"rendered":"Nuestros programas"},"content":{"rendered":"<div id=\"cs-content\" class=\"cs-content\"><div class=\"x-section e186-e1 m56-0 m56-1 m56-2 m56-3\"><div class=\"x-row e186-e2 m56-7 m56-9 m56-a\"><div class=\"x-row-inner\"><div class=\"x-col e186-e3 m56-h\"><span class=\"x-image e186-e4 m56-k m56-l\"><img decoding=\"async\" src=\"https:\/\/bayareacrisisnursery.org\/wp-content\/uploads\/2022\/08\/Playdough.png\" width=\"1200\" height=\"400\" alt=\"Nursery Children\" loading=\"lazy\"><\/span><\/div><\/div><\/div><\/div><div class=\"x-section e186-e5 m56-0 m56-3 m56-4\"><div class=\"x-row e186-e6 m56-7 m56-8 m56-9 m56-b\"><div class=\"x-row-inner\"><div class=\"x-col e186-e7 m56-h m56-i\"><div class=\"x-text x-text-headline e186-e8 m56-o m56-p m56-q m56-r m56-s m56-t m56-u\"><div class=\"x-text-content\"><div class=\"x-text-content-text\"><h1 class=\"x-text-content-text-primary\">100%<\/h1>\n<\/div><\/div><\/div><div class=\"x-text x-text-headline e186-e9 m56-o m56-p m56-q m56-r m56-t m56-v m56-w m56-x\"><div class=\"x-text-content\"><div class=\"x-text-content-text\"><h2 class=\"x-text-content-text-primary\">DE NUESTRAS FAMILIAS RECOMENDAR\u00cdAN LA GUARDER\u00cdA A SUS AMIGOS.<\/h2>\n<\/div><\/div><\/div><\/div><div class=\"x-col e186-e10 m56-h\"><div class=\"x-text x-text-headline e186-e11 m56-o m56-p m56-q m56-r m56-t m56-v m56-w m56-x\"><div class=\"x-text-content\"><div class=\"x-text-content-text\"><h2 class=\"x-text-content-text-primary\">PROPORCIONAMOS<\/h2>\n<\/div><\/div><\/div><div class=\"x-counter e186-e12 m56-11\" data-x-element-counter=\"{&quot;to&quot;:&quot;33,651&quot;,&quot;speed&quot;:&quot;1500ms&quot;,&quot;commaSeparatedDecimal&quot;:false}\"><div class=\"x-counter-number-wrap\"><span class=\"x-counter-number\">0<\/span><\/div><\/div><div class=\"x-text x-text-headline e186-e13 m56-o m56-p m56-q m56-r m56-t m56-v m56-w m56-x\"><div class=\"x-text-content\"><div class=\"x-text-content-text\"><h2 class=\"x-text-content-text-primary\">HORAS DE GUARDER\u00cdA GRATUITA EL \u00daLTIMO A\u00d1O.<\/h2>\n<\/div><\/div><\/div><\/div><div class=\"x-col e186-e14 m56-h m56-i\"><div class=\"x-text x-text-headline e186-e15 m56-o m56-p m56-q m56-s m56-u m56-y\"><div class=\"x-text-content\"><div class=\"x-text-content-text\"><h1 class=\"x-text-content-text-primary\">98%<\/h1>\n<\/div><\/div><\/div><div class=\"x-text x-text-headline e186-e16 m56-o m56-p m56-q m56-r m56-t m56-v m56-w m56-x\"><div class=\"x-text-content\"><div class=\"x-text-content-text\"><h2 class=\"x-text-content-text-primary\">DE LOS PADRES INFORMARON MENOS ESTR\u00c9S DESPU\u00c9S DE UTILIZAR LOS SERVICIOS DE LA GUARDER\u00cdA.<\/h2>\n<\/div><\/div><\/div><\/div><\/div><\/div><\/div><div class=\"x-section e186-e17 m56-0 m56-1 m56-3 m56-5\"><div class=\"x-row e186-e18 m56-7 m56-9 m56-c\"><div class=\"x-row-inner\"><div class=\"x-col e186-e19 m56-h\"><hr class=\"x-line e186-e20 m56-12\"\/><\/div><\/div><\/div><\/div><div class=\"x-section e186-e21 m56-0 m56-1 m56-3 m56-5\"><div class=\"x-row e186-e22 m56-7 m56-9 m56-d\"><div class=\"x-row-inner\"><div class=\"x-col e186-e23 m56-h\"><div class=\"x-text x-content e186-e24 m56-13\"><p>La misi\u00f3n de Bay Area Crisis Nursery (BACN) es simple y poderosa: ayudar a prevenir el abuso y la negligencia infantil al proporcionar servicios de apoyo a las familias. Somos un recurso gratuito para familias con ni\u00f1os peque\u00f1os desde el nacimiento hasta los 5 a\u00f1os. Nuestros servicios se esfuerzan por construir familias seguras, fuertes y estables a trav\u00e9s de un Modelo de Recursos Familiares.<\/p>\n\n<p>Ayudamos a los padres y cuidadores a lidiar con los factores estresantes de la vida brindando servicios que promueven el aprendizaje y el desarrollo, las habilidades de crianza en un entorno sin prejuicios y el apoyo de los padres para resolver el estr\u00e9s y las situaciones de crisis. Todos nuestros servicios promueven factores de protecci\u00f3n basados en evidencia que han demostrado fortalecer las relaciones entre padres e hijos y ayudar a los ni\u00f1os y las familias a prosperar. Incluyen la resiliencia de los padres, las conexiones sociales, el apoyo concreto en momentos de necesidad, el conocimiento de la crianza y el desarrollo infantil, y la competencia social y emocional de los ni\u00f1os.<\/p>\n\n<ul>\n \t<li><span style=\"color: #a589bf;\"><b>Cuidado de ni\u00f1os de emergencia-<\/b><\/span> Los servicios de cuidado infantil de emergencia ahora se ofrecen entre las 7 am y las 7 pm todos los d\u00edas. Un ni\u00f1o puede recibir servicios de cuidado infantil de emergencia por hasta 30 d\u00edas en un per\u00edodo de 6 meses y 60 d\u00edas en el a\u00f1o. El cuidado de ni\u00f1os gratuito ayuda a los padres a encontrar y mantener un empleo, asistir a citas en la corte, clases, citas m\u00e9dicas, etc.<\/li><\/p>\n \t<li><strong><span style=\"color: #a589bf;\">Programa residencial de crisis durante la noche-<\/span><\/strong> Los padres admiten voluntariamente a sus hijos cuando experimentan una crisis. Los padres pueden utilizar este servicio hasta por 30 d\u00edas. Las familias trabajan en un Plan Familiar para estabilizar la situaci\u00f3n familiar.<\/li><\/p>\n \t<li><strong><span style=\"color: #a589bf;\">Programa de Respiro Diurno o Nocturno-<\/span><\/strong> Los padres que experimentan estr\u00e9s, o que han utilizado nuestro programa residencial de crisis durante la noche o los servicios de cuidado infantil de emergencia, pueden visitar la Guarder\u00eda para visitas mensuales a corto plazo. Estas visitas oscilan entre 1 y 3 d\u00edas. El cuidado de relevo brinda a los padres y cuidadores tiempo para cuidarse a s\u00ed mismos, lo que reduce el estr\u00e9s de los padres.<\/li><\/p>\n \t<li><span style=\"color: #a589bf;\"><strong>Navegaci\u00f3n de recursos familiares-<\/strong> <\/span>Cada familia que se inscribe en los programas de guarder\u00eda trabaja con nuestro navegador de recursos familiares para crear un plan familiar. Las familias reciben referencias y asistencia para acceder a recursos para ayudar a mitigar la situaci\u00f3n y fortalecer el funcionamiento familiar. Se hacen referencias para vivienda, atenci\u00f3n m\u00e9dica, atenci\u00f3n dental, servicios de salud mental, asistencia laboral, capacitaci\u00f3n laboral, clases para padres, servicios de capacitaci\u00f3n laboral, tratamiento por abuso de sustancias, servicios de violencia dom\u00e9stica, asistencia legal, evaluaciones del desarrollo y m\u00e1s.<\/li><\/p>\n \t<li><span style=\"color: #a589bf;\"><strong>Banco de alimentos y pa\u00f1ales-<\/strong><\/span> Brindamos un suministro mensual de pa\u00f1ales, alimentos y f\u00f3rmula a las familias de nuestra comunidad.<\/li><\/p>\n \t<li><span style=\"color: #a589bf;\"><strong>BACN Boutique-<\/strong> <\/span>Seguimos satisfaciendo las necesidades b\u00e1sicas de nuestros clientes con la Boutique BACN, gracias al apoyo y las donaciones corporativas y de la comunidad. Nuestra boutique totalmente equipada y gratuita est\u00e1 repleta de muebles para ni\u00f1os, juguetes, libros, ropa y mucho m\u00e1s para que nuestras familias se lleven lo que necesiten sin costo alguno.<\/li>\n<\/ul>\n<p>Aprender m\u00e1s, <b><a href=\"tel:925-685-6633\">por favor llama<\/a><\/b> la enfermer\u00eda. Estamos disponibles las 24 horas del d\u00eda.<\/p><\/div><\/div><\/div><\/div><\/div><div class=\"x-section e186-e25 m56-0 m56-1 m56-3 m56-5\"><div class=\"x-row e186-e26 m56-7 m56-9 m56-e\"><div class=\"x-row-inner\"><div class=\"x-col e186-e27 m56-h\"><div id=\"x-content-band-1\" class=\"x-content-band border-top border-left border-right border-bottom\" style=\"background-color: #efefef; color: #333;\"><div class=\"x-container max width\"> \n\n<h4  class=\"h-custom-headline h3\" style=\"margin-top: 0;\"><span>Programar un Tour<\/span><\/h4><\/p>\n\nLas familias pueden programar un recorrido por la Guarder\u00eda, conocer a nuestro personal y ver d\u00f3nde se hospedar\u00e1n sus hijos.<\/p>\n\n<p><a  class=\"x-btn x-btn-flat x-btn-global\"  href=\"mailto:gina@bayareacrisisnursery.org&subject=Parent Tour of the Nursery\"     data-options=\"thumbnail: ''\">programar hoy<\/a> <\/div><\/div><\/div><\/div><\/div><\/div><div class=\"x-section e186-e29 m56-0 m56-4 m56-6\"><div class=\"x-row e186-e30 m56-7 m56-8 m56-9 m56-f\"><div class=\"x-row-inner\"><div class=\"x-col e186-e31 m56-h\"><div class=\"x-text x-text-headline e186-e32 m56-p m56-q m56-r m56-s m56-w m56-x m56-z\"><div class=\"x-text-content\"><div class=\"x-text-content-text\"><h3 class=\"x-text-content-text-primary\">Apoyo BACN<\/h3>\n<\/div><\/div><\/div><\/div><\/div><\/div><div class=\"x-row e186-e33 m56-7 m56-8 m56-9 m56-g\"><div class=\"x-row-inner\"><div class=\"x-col e186-e34 m56-h m56-j\"><a class=\"x-image e186-e35 m56-k m56-m\" href=\"https:\/\/bayareacrisisnursery.app.neoncrm.com\/forms\/donate\" target=\"_blank\" rel=\"noopener noreferrer\"><img decoding=\"async\" src=\"https:\/\/bayareacrisisnursery.org\/wp-content\/uploads\/2022\/08\/Piggy-Bank.jpg\" width=\"600\" height=\"400\" alt=\"Donate Today\" loading=\"lazy\"><\/a><div class=\"x-text x-text-headline e186-e36 m56-o m56-p m56-u m56-w m56-10\"><div class=\"x-text-content\"><div class=\"x-text-content-text\"><h3 class=\"x-text-content-text-primary\"><a href=\"https:\/\/bayareacrisisnursery.app.neoncrm.com\/forms\/donate\" data-wplink-edit=\"true\">Done hoy!<\/a><\/h3>\n<\/div><\/div><\/div><\/div><div class=\"x-col e186-e37 m56-h m56-j\"><a class=\"x-image e186-e38 m56-k m56-m m56-n\" href=\"https:\/\/mailchi.mp\/bayareacrisisnursery\/newsletter?dnt=1&quot; data-wplink-edit=&quot;true&quot;\" target=\"_blank\" rel=\"noopener noreferrer\"><img decoding=\"async\" src=\"https:\/\/bayareacrisisnursery.org\/wp-content\/uploads\/2022\/08\/News.jpg\" width=\"600\" height=\"400\" alt=\"Newsletter\" loading=\"lazy\"><\/a><div class=\"x-text x-text-headline e186-e39 m56-o m56-p m56-u m56-w m56-10\"><div class=\"x-text-content\"><div class=\"x-text-content-text\"><h3 class=\"x-text-content-text-primary\"><p><a href=\"https:\/\/mailchi.mp\/bayareacrisisnursery\/newsletter?dnt=1\" data-wplink-edit=\"true\">Reg\u00edstrate para seguir en contacto<\/a><\/p><\/h3>\n<\/div><\/div><\/div><\/div><\/div><\/div><\/div><\/div>","protected":false},"excerpt":{"rendered":"<p>100% OF OUR FAMILIES WOULD RECOMMEND THE NURSERY TO THEIR FRIENDS. WE PROVIDED 0HOURS OF FREE CHILDCARE LAST YEAR. 98% OF PARENTS REPORTED LESS STRESS AFTER USING NURSERY SERVICES. The Bay Area Crisis Nursery&#8217;s (BACN&#8217;s) mission is simple and powerful\u2014to help prevent child abuse and neglect by providing supportive services to families. We are a no-cost resource for families with &#8230; <a href=\"https:\/\/bayareacrisisnursery.org\/es\/programs\/\" class=\"more-link\">Lee mas<\/a><\/p>","protected":false},"author":1,"featured_media":0,"parent":0,"menu_order":0,"comment_status":"closed","ping_status":"closed","template":"template-layout-full-width.php","meta":{"om_disable_all_campaigns":false,"_monsterinsights_skip_tracking":false,"_monsterinsights_sitenote_active":false,"_monsterinsights_sitenote_note":"","_monsterinsights_sitenote_category":0,"_uf_show_specific_survey":0,"_uf_disable_surveys":false,"footnotes":""},"class_list":["post-186","page","type-page","status-publish","hentry","no-post-thumbnail"],"yoast_head":"<!-- This site is optimized with the Yoast SEO Premium plugin v27.2 (Yoast SEO v27.2) - https:\/\/yoast.com\/product\/yoast-seo-premium-wordpress\/ -->\n<title>Our Programs - Bay Area Crisis Nursery<\/title>\n<meta name=\"robots\" content=\"index, follow, max-snippet:-1, max-image-preview:large, max-video-preview:-1\" \/>\n<link rel=\"canonical\" href=\"https:\/\/bayareacrisisnursery.org\/es\/programs\/\" \/>\n<meta property=\"og:locale\" content=\"es_MX\" \/>\n<meta property=\"og:type\" content=\"article\" \/>\n<meta property=\"og:title\" content=\"Our Programs\" \/>\n<meta property=\"og:description\" content=\"100% OF OUR FAMILIES WOULD RECOMMEND THE NURSERY TO THEIR FRIENDS. WE PROVIDED 0HOURS OF FREE CHILDCARE LAST YEAR. 98% OF PARENTS REPORTED LESS STRESS AFTER USING NURSERY SERVICES. The Bay Area Crisis Nursery&#039;s (BACN&#039;s) mission is simple and powerful\u2014to help prevent child abuse and neglect by providing supportive services to families. We are a no-cost resource for families with ... Read More\" \/>\n<meta property=\"og:url\" content=\"https:\/\/bayareacrisisnursery.org\/es\/programs\/\" \/>\n<meta property=\"og:site_name\" content=\"Bay Area Crisis Nursery\" \/>\n<meta property=\"article:publisher\" content=\"https:\/\/www.facebook.com\/bacnspage\/\" \/>\n<meta property=\"article:modified_time\" content=\"2025-03-20T21:27:05+00:00\" \/>\n<meta name=\"twitter:card\" content=\"summary_large_image\" \/>\n<meta name=\"twitter:site\" content=\"@bacn_nursery\" \/>\n<meta name=\"twitter:label1\" content=\"Tiempo de lectura\" \/>\n\t<meta name=\"twitter:data1\" content=\"3 minutos\" \/>\n<script type=\"application\/ld+json\" class=\"yoast-schema-graph\">{\"@context\":\"https:\/\/schema.org\",\"@graph\":[{\"@type\":\"WebPage\",\"@id\":\"https:\/\/bayareacrisisnursery.org\/programs\/\",\"url\":\"https:\/\/bayareacrisisnursery.org\/programs\/\",\"name\":\"Our Programs - Bay Area Crisis Nursery\",\"isPartOf\":{\"@id\":\"https:\/\/bayareacrisisnursery.org\/#website\"},\"datePublished\":\"2019-04-19T05:17:42+00:00\",\"dateModified\":\"2025-03-20T21:27:05+00:00\",\"breadcrumb\":{\"@id\":\"https:\/\/bayareacrisisnursery.org\/programs\/#breadcrumb\"},\"inLanguage\":\"es\",\"potentialAction\":[{\"@type\":\"ReadAction\",\"target\":[\"https:\/\/bayareacrisisnursery.org\/programs\/\"]}]},{\"@type\":\"BreadcrumbList\",\"@id\":\"https:\/\/bayareacrisisnursery.org\/programs\/#breadcrumb\",\"itemListElement\":[{\"@type\":\"ListItem\",\"position\":1,\"name\":\"Home\",\"item\":\"https:\/\/bayareacrisisnursery.org\/\"},{\"@type\":\"ListItem\",\"position\":2,\"name\":\"Our Programs\"}]},{\"@type\":\"WebSite\",\"@id\":\"https:\/\/bayareacrisisnursery.org\/#website\",\"url\":\"https:\/\/bayareacrisisnursery.org\/\",\"name\":\"Bay Area Crisis Nursery\",\"description\":\"A Little Heart. A Little Help. A Lot of Hope.\",\"publisher\":{\"@id\":\"https:\/\/bayareacrisisnursery.org\/#organization\"},\"potentialAction\":[{\"@type\":\"SearchAction\",\"target\":{\"@type\":\"EntryPoint\",\"urlTemplate\":\"https:\/\/bayareacrisisnursery.org\/?s={search_term_string}\"},\"query-input\":{\"@type\":\"PropertyValueSpecification\",\"valueRequired\":true,\"valueName\":\"search_term_string\"}}],\"inLanguage\":\"es\"},{\"@type\":\"Organization\",\"@id\":\"https:\/\/bayareacrisisnursery.org\/#organization\",\"name\":\"Bay Area Crisis Nursery\",\"url\":\"https:\/\/bayareacrisisnursery.org\/\",\"logo\":{\"@type\":\"ImageObject\",\"inLanguage\":\"es\",\"@id\":\"https:\/\/bayareacrisisnursery.org\/#\/schema\/logo\/image\/\",\"url\":\"https:\/\/bayareacrisisnursery.org\/wp-content\/uploads\/2020\/12\/BACN-Logo.png\",\"contentUrl\":\"https:\/\/bayareacrisisnursery.org\/wp-content\/uploads\/2020\/12\/BACN-Logo.png\",\"width\":751,\"height\":374,\"caption\":\"Bay Area Crisis Nursery\"},\"image\":{\"@id\":\"https:\/\/bayareacrisisnursery.org\/#\/schema\/logo\/image\/\"},\"sameAs\":[\"https:\/\/www.facebook.com\/bacnspage\/\",\"https:\/\/x.com\/bacn_nursery\",\"https:\/\/www.instagram.com\/bayareacrisisnursery\/\",\"https:\/\/www.linkedin.com\/company\/bay-area-crisis-nursery\/about\/\"]}]}<\/script>\n<!-- \/ Yoast SEO Premium plugin. -->","yoast_head_json":{"title":"Our Programs - Bay Area Crisis Nursery","robots":{"index":"index","follow":"follow","max-snippet":"max-snippet:-1","max-image-preview":"max-image-preview:large","max-video-preview":"max-video-preview:-1"},"canonical":"https:\/\/bayareacrisisnursery.org\/es\/programs\/","og_locale":"es_MX","og_type":"article","og_title":"Our Programs","og_description":"100% OF OUR FAMILIES WOULD RECOMMEND THE NURSERY TO THEIR FRIENDS. WE PROVIDED 0HOURS OF FREE CHILDCARE LAST YEAR. 98% OF PARENTS REPORTED LESS STRESS AFTER USING NURSERY SERVICES. The Bay Area Crisis Nursery's (BACN's) mission is simple and powerful\u2014to help prevent child abuse and neglect by providing supportive services to families. We are a no-cost resource for families with ... Read More","og_url":"https:\/\/bayareacrisisnursery.org\/es\/programs\/","og_site_name":"Bay Area Crisis Nursery","article_publisher":"https:\/\/www.facebook.com\/bacnspage\/","article_modified_time":"2025-03-20T21:27:05+00:00","twitter_card":"summary_large_image","twitter_site":"@bacn_nursery","twitter_misc":{"Tiempo de lectura":"3 minutos"},"schema":{"@context":"https:\/\/schema.org","@graph":[{"@type":"WebPage","@id":"https:\/\/bayareacrisisnursery.org\/programs\/","url":"https:\/\/bayareacrisisnursery.org\/programs\/","name":"Our Programs - Bay Area Crisis Nursery","isPartOf":{"@id":"https:\/\/bayareacrisisnursery.org\/#website"},"datePublished":"2019-04-19T05:17:42+00:00","dateModified":"2025-03-20T21:27:05+00:00","breadcrumb":{"@id":"https:\/\/bayareacrisisnursery.org\/programs\/#breadcrumb"},"inLanguage":"es","potentialAction":[{"@type":"ReadAction","target":["https:\/\/bayareacrisisnursery.org\/programs\/"]}]},{"@type":"BreadcrumbList","@id":"https:\/\/bayareacrisisnursery.org\/programs\/#breadcrumb","itemListElement":[{"@type":"ListItem","position":1,"name":"Home","item":"https:\/\/bayareacrisisnursery.org\/"},{"@type":"ListItem","position":2,"name":"Our Programs"}]},{"@type":"WebSite","@id":"https:\/\/bayareacrisisnursery.org\/#website","url":"https:\/\/bayareacrisisnursery.org\/","name":"Guarder\u00eda de crisis del \u00e1rea de la bah\u00eda","description":"Un corazoncito. Un poco de ayuda. Mucha esperanza.","publisher":{"@id":"https:\/\/bayareacrisisnursery.org\/#organization"},"potentialAction":[{"@type":"SearchAction","target":{"@type":"EntryPoint","urlTemplate":"https:\/\/bayareacrisisnursery.org\/?s={search_term_string}"},"query-input":{"@type":"PropertyValueSpecification","valueRequired":true,"valueName":"search_term_string"}}],"inLanguage":"es"},{"@type":"Organization","@id":"https:\/\/bayareacrisisnursery.org\/#organization","name":"Guarder\u00eda de crisis del \u00e1rea de la bah\u00eda","url":"https:\/\/bayareacrisisnursery.org\/","logo":{"@type":"ImageObject","inLanguage":"es","@id":"https:\/\/bayareacrisisnursery.org\/#\/schema\/logo\/image\/","url":"https:\/\/bayareacrisisnursery.org\/wp-content\/uploads\/2020\/12\/BACN-Logo.png","contentUrl":"https:\/\/bayareacrisisnursery.org\/wp-content\/uploads\/2020\/12\/BACN-Logo.png","width":751,"height":374,"caption":"Bay Area Crisis Nursery"},"image":{"@id":"https:\/\/bayareacrisisnursery.org\/#\/schema\/logo\/image\/"},"sameAs":["https:\/\/www.facebook.com\/bacnspage\/","https:\/\/x.com\/bacn_nursery","https:\/\/www.instagram.com\/bayareacrisisnursery\/","https:\/\/www.linkedin.com\/company\/bay-area-crisis-nursery\/about\/"]}]}},"_links":{"self":[{"href":"https:\/\/bayareacrisisnursery.org\/es\/wp-json\/wp\/v2\/pages\/186","targetHints":{"allow":["GET"]}}],"collection":[{"href":"https:\/\/bayareacrisisnursery.org\/es\/wp-json\/wp\/v2\/pages"}],"about":[{"href":"https:\/\/bayareacrisisnursery.org\/es\/wp-json\/wp\/v2\/types\/page"}],"author":[{"embeddable":true,"href":"https:\/\/bayareacrisisnursery.org\/es\/wp-json\/wp\/v2\/users\/1"}],"replies":[{"embeddable":true,"href":"https:\/\/bayareacrisisnursery.org\/es\/wp-json\/wp\/v2\/comments?post=186"}],"version-history":[{"count":11,"href":"https:\/\/bayareacrisisnursery.org\/es\/wp-json\/wp\/v2\/pages\/186\/revisions"}],"predecessor-version":[{"id":7353,"href":"https:\/\/bayareacrisisnursery.org\/es\/wp-json\/wp\/v2\/pages\/186\/revisions\/7353"}],"wp:attachment":[{"href":"https:\/\/bayareacrisisnursery.org\/es\/wp-json\/wp\/v2\/media?parent=186"}],"curies":[{"name":"wp","href":"https:\/\/api.w.org\/{rel}","templated":true}]}}