{"id":263,"date":"2019-04-25T03:48:46","date_gmt":"2019-04-25T03:48:46","guid":{"rendered":"https:\/\/bayareacrisisnursery.org\/?page_id=263"},"modified":"2026-01-08T05:31:08","modified_gmt":"2026-01-08T05:31:08","slug":"donate","status":"publish","type":"page","link":"https:\/\/bayareacrisisnursery.org\/es\/donate\/","title":{"rendered":"Apoyo"},"content":{"rendered":"<div id=\"cs-content\" class=\"cs-content\"><div class=\"x-section e263-e1 m7b-0 m7b-1 m7b-2\"><div class=\"x-container marginless-columns e263-e2 m7b-7\"><div class=\"x-column x-sm x-1-1 e263-e3 m7b-8\"><img decoding=\"async\"  class=\"x-img x-img-none\"  src=\"https:\/\/bayareacrisisnursery.org\/wp-content\/uploads\/2022\/08\/Support-Us-Banner.png\" alt=\"baby girl\"><h2  class=\"h-custom-headline h3\" ><span>\u00a1No hay lugar como la guarder\u00eda!<\/span><\/h2><\/div><\/div><\/div><div class=\"x-section e263-e6 m7b-0 m7b-3 m7b-4 m7b-5\"><div class=\"x-row x-container max width e263-e7 m7b-9 m7b-a m7b-d m7b-e\"><div class=\"x-row-inner\"><div class=\"x-col e263-e8 m7b-i\"><iframe loading=\"lazy\" src=\"https:\/\/bayareacrisisnursery.app.neoncrm.com\/forms\/donate\" height=\"680\" width=\"400\"><\/iframe><\/div><div class=\"x-col e263-e10 m7b-i\"><span class=\"x-image e263-e11 m7b-k m7b-l\"><img decoding=\"async\" src=\"https:\/\/bayareacrisisnursery.org\/wp-content\/uploads\/2022\/04\/Emergency-Childcare.jpg\" width=\"500\" height=\"334\" alt=\"Image\" loading=\"lazy\"><\/span><\/p>Juntos podemos garantizar que cada ni\u00f1o crezca sinti\u00e9ndose seguro, cuidado y amado en un hogar estable. M\u00e1s de 9000 ni\u00f1os fueron v\u00edctimas de maltrato infantil en 2021 en el condado de Contra Costa. La inversi\u00f3n que hacemos para apoyar a los ni\u00f1os marca la diferencia hoy y en sus vidas como adultos, impactando el futuro de nuestra comunidad.<\/p>\n\n<b>Donaci\u00f3n por correo:<\/b><\/p> Los cheques pueden hacerse a nombre de Bay Area Crisis Nursery y enviarse por correo a 1506 Mendocino Drive, Concord, CA 94521.<\/div><\/div><\/div><\/div><div class=\"x-section e263-e13 m7b-0 m7b-2 m7b-3 m7b-6\"><div class=\"x-row e263-e14 m7b-9 m7b-a m7b-b m7b-d m7b-f\"><div class=\"x-row-inner\"><div class=\"x-col e263-e15 m7b-i\"><div class=\"x-text x-text-headline e263-e16 m7b-o m7b-p\"><div class=\"x-text-content\"><div class=\"x-text-content-text\"><h3 class=\"x-text-content-text-primary\">Apoyo BACN<\/h3>\n<\/div><\/div><\/div><\/div><\/div><\/div><div class=\"x-row e263-e17 m7b-9 m7b-a m7b-b m7b-d m7b-g\"><div class=\"x-row-inner\"><div class=\"x-col e263-e18 m7b-i m7b-j\"><a class=\"x-image e263-e19 m7b-k m7b-m\" href=\"mailto:giving@bayareacrisisnursery.org?subject=Stock%20Donations\" target=\"_blank\" rel=\"noopener noreferrer\"><img decoding=\"async\" src=\"https:\/\/bayareacrisisnursery.org\/wp-content\/uploads\/2019\/12\/Piggy-Stock.jpg\" width=\"847\" height=\"565\" alt=\"Stock Donations\" loading=\"lazy\"><\/a><div class=\"x-text x-text-headline e263-e20 m7b-p m7b-q\"><div class=\"x-text-content\"><div class=\"x-text-content-text\"><h3 class=\"x-text-content-text-primary\"><p><a href=\"mailto:giving@bayareacrisisnursery.org?subject=Donating Stock\">BACN acepta donaciones de acciones. Correo electr\u00f3nico hoy.<\/a><\/p><\/h3>\n<\/div><\/div><\/div><\/div><div class=\"x-col e263-e21 m7b-i m7b-j\"><iframe loading=\"lazy\" src=\"https:\/\/doublethedonation.com\/api\/iframe\/XvD2NtEV1TSXhAQ1\" height=\"350\" width=\"100%\"><\/iframe><\/div><div class=\"x-col e263-e23 m7b-i m7b-j\"><a class=\"x-image e263-e24 m7b-k m7b-m m7b-n\" href=\"https:\/\/mailchi.mp\/bayareacrisisnursery\/newsletter?dnt=1%22%20data-wplink-edit=%22true%22\" target=\"_blank\" rel=\"noopener noreferrer\"><img decoding=\"async\" src=\"https:\/\/bayareacrisisnursery.org\/wp-content\/uploads\/2022\/08\/News.jpg\" width=\"600\" height=\"400\" alt=\"Newsletter\" loading=\"lazy\"><\/a><div class=\"x-text x-text-headline e263-e25 m7b-p m7b-q\"><div class=\"x-text-content\"><div class=\"x-text-content-text\"><h3 class=\"x-text-content-text-primary\"><p><a href=\"https:\/\/mailchi.mp\/bayareacrisisnursery\/newsletter?dnt=1\" data-wplink-edit=\"true\">Reg\u00edstrate para seguir en contacto<\/a><\/p><\/h3>\n<\/div><\/div><\/div><\/div><\/div><\/div><\/div><div class=\"x-section e263-e26 m7b-0 m7b-1 m7b-5\"><div class=\"x-row e263-e27 m7b-9 m7b-c m7b-h\"><div class=\"x-row-inner\"><div class=\"x-col e263-e28 m7b-i\"><div class=\"x-content-area e263-e29 m7b-r\"><div id=\"x-content-band-1\" class=\"x-content-band border-top border-left border-right border-bottom\" style=\"background-color: #efefef; color: #333;\"><div class=\"x-container max width\"> \n<h4  class=\"h-custom-headline h3\" style=\"margin-top: 0;\"><span>Programar un Tour<\/span><\/h4><\/p>\nExperimente nuestra misi\u00f3n en la pr\u00e1ctica visitando el Vivero para un recorrido.<\/p>\n<p><a  class=\"x-btn x-btn-flat x-btn-global\"  href=\"mailto:giving@bayareacrisisnursery.org&subject=Donor Tour of the Nursery\"     data-options=\"thumbnail: ''\">programar hoy<\/a> <\/div><\/div>\n<\/div><\/div><\/div><\/div><\/div><\/div>","protected":false},"excerpt":{"rendered":"<p>There&#8217;s No Place Like the Nursery!Together, we can ensure that every child grows up feeling safe, cared for, and loved in a stable home. More than 9,000 children were victims of child maltreatment in 2021 in Contra Costa County. The investment that we make to support kids makes a difference today and in their lives as adults, impacting the future &#8230; <a href=\"https:\/\/bayareacrisisnursery.org\/es\/donate\/\" class=\"more-link\">Lee mas<\/a><\/p>","protected":false},"author":1,"featured_media":0,"parent":0,"menu_order":0,"comment_status":"closed","ping_status":"closed","template":"template-layout-full-width.php","meta":{"om_disable_all_campaigns":false,"_monsterinsights_skip_tracking":false,"_monsterinsights_sitenote_active":false,"_monsterinsights_sitenote_note":"","_monsterinsights_sitenote_category":0,"_uf_show_specific_survey":0,"_uf_disable_surveys":false,"footnotes":""},"class_list":["post-263","page","type-page","status-publish","hentry","no-post-thumbnail"],"yoast_head":"<!-- This site is optimized with the Yoast SEO Premium plugin v27.2 (Yoast SEO v27.2) - https:\/\/yoast.com\/product\/yoast-seo-premium-wordpress\/ -->\n<title>Support - Bay Area Crisis Nursery<\/title>\n<meta name=\"description\" content=\"Donate to the Bay Area Crisis Nursery today to support the hundreds of young children they help keep safe and warm throughout the year.\" \/>\n<meta name=\"robots\" content=\"index, follow, max-snippet:-1, max-image-preview:large, max-video-preview:-1\" \/>\n<link rel=\"canonical\" href=\"https:\/\/bayareacrisisnursery.org\/es\/donate\/\" \/>\n<meta property=\"og:locale\" content=\"es_MX\" \/>\n<meta property=\"og:type\" content=\"article\" \/>\n<meta property=\"og:title\" content=\"Support\" \/>\n<meta property=\"og:description\" content=\"Donate to the Bay Area Crisis Nursery today to support the hundreds of young children they help keep safe and warm throughout the year.\" \/>\n<meta property=\"og:url\" content=\"https:\/\/bayareacrisisnursery.org\/es\/donate\/\" \/>\n<meta property=\"og:site_name\" content=\"Bay Area Crisis Nursery\" \/>\n<meta property=\"article:publisher\" content=\"https:\/\/www.facebook.com\/bacnspage\/\" \/>\n<meta property=\"article:modified_time\" content=\"2026-01-08T05:31:08+00:00\" \/>\n<meta property=\"og:image\" content=\"https:\/\/bayareacrisisnursery.org\/wp-content\/uploads\/2019\/11\/Donate-Header.jpg\" \/>\n\t<meta property=\"og:image:width\" content=\"1200\" \/>\n\t<meta property=\"og:image:height\" content=\"500\" \/>\n\t<meta property=\"og:image:type\" content=\"image\/jpeg\" \/>\n<meta name=\"twitter:card\" content=\"summary_large_image\" \/>\n<meta name=\"twitter:site\" content=\"@bacn_nursery\" \/>\n<meta name=\"twitter:label1\" content=\"Tiempo de lectura\" \/>\n\t<meta name=\"twitter:data1\" content=\"4 minutos\" \/>\n<script type=\"application\/ld+json\" class=\"yoast-schema-graph\">{\"@context\":\"https:\/\/schema.org\",\"@graph\":[{\"@type\":\"WebPage\",\"@id\":\"https:\/\/bayareacrisisnursery.org\/donate\/\",\"url\":\"https:\/\/bayareacrisisnursery.org\/donate\/\",\"name\":\"Support - Bay Area Crisis Nursery\",\"isPartOf\":{\"@id\":\"https:\/\/bayareacrisisnursery.org\/#website\"},\"datePublished\":\"2019-04-25T03:48:46+00:00\",\"dateModified\":\"2026-01-08T05:31:08+00:00\",\"description\":\"Donate to the Bay Area Crisis Nursery today to support the hundreds of young children they help keep safe and warm throughout the year.\",\"breadcrumb\":{\"@id\":\"https:\/\/bayareacrisisnursery.org\/donate\/#breadcrumb\"},\"inLanguage\":\"es\",\"potentialAction\":[{\"@type\":\"ReadAction\",\"target\":[\"https:\/\/bayareacrisisnursery.org\/donate\/\"]}]},{\"@type\":\"BreadcrumbList\",\"@id\":\"https:\/\/bayareacrisisnursery.org\/donate\/#breadcrumb\",\"itemListElement\":[{\"@type\":\"ListItem\",\"position\":1,\"name\":\"Home\",\"item\":\"https:\/\/bayareacrisisnursery.org\/\"},{\"@type\":\"ListItem\",\"position\":2,\"name\":\"Support\"}]},{\"@type\":\"WebSite\",\"@id\":\"https:\/\/bayareacrisisnursery.org\/#website\",\"url\":\"https:\/\/bayareacrisisnursery.org\/\",\"name\":\"Bay Area Crisis Nursery\",\"description\":\"A Little Heart. A Little Help. A Lot of Hope.\",\"publisher\":{\"@id\":\"https:\/\/bayareacrisisnursery.org\/#organization\"},\"potentialAction\":[{\"@type\":\"SearchAction\",\"target\":{\"@type\":\"EntryPoint\",\"urlTemplate\":\"https:\/\/bayareacrisisnursery.org\/?s={search_term_string}\"},\"query-input\":{\"@type\":\"PropertyValueSpecification\",\"valueRequired\":true,\"valueName\":\"search_term_string\"}}],\"inLanguage\":\"es\"},{\"@type\":\"Organization\",\"@id\":\"https:\/\/bayareacrisisnursery.org\/#organization\",\"name\":\"Bay Area Crisis Nursery\",\"url\":\"https:\/\/bayareacrisisnursery.org\/\",\"logo\":{\"@type\":\"ImageObject\",\"inLanguage\":\"es\",\"@id\":\"https:\/\/bayareacrisisnursery.org\/#\/schema\/logo\/image\/\",\"url\":\"https:\/\/bayareacrisisnursery.org\/wp-content\/uploads\/2020\/12\/BACN-Logo.png\",\"contentUrl\":\"https:\/\/bayareacrisisnursery.org\/wp-content\/uploads\/2020\/12\/BACN-Logo.png\",\"width\":751,\"height\":374,\"caption\":\"Bay Area Crisis Nursery\"},\"image\":{\"@id\":\"https:\/\/bayareacrisisnursery.org\/#\/schema\/logo\/image\/\"},\"sameAs\":[\"https:\/\/www.facebook.com\/bacnspage\/\",\"https:\/\/x.com\/bacn_nursery\",\"https:\/\/www.instagram.com\/bayareacrisisnursery\/\",\"https:\/\/www.linkedin.com\/company\/bay-area-crisis-nursery\/about\/\"]}]}<\/script>\n<!-- \/ Yoast SEO Premium plugin. -->","yoast_head_json":{"title":"Support - Bay Area Crisis Nursery","description":"Donate to the Bay Area Crisis Nursery today to support the hundreds of young children they help keep safe and warm throughout the year.","robots":{"index":"index","follow":"follow","max-snippet":"max-snippet:-1","max-image-preview":"max-image-preview:large","max-video-preview":"max-video-preview:-1"},"canonical":"https:\/\/bayareacrisisnursery.org\/es\/donate\/","og_locale":"es_MX","og_type":"article","og_title":"Support","og_description":"Donate to the Bay Area Crisis Nursery today to support the hundreds of young children they help keep safe and warm throughout the year.","og_url":"https:\/\/bayareacrisisnursery.org\/es\/donate\/","og_site_name":"Bay Area Crisis Nursery","article_publisher":"https:\/\/www.facebook.com\/bacnspage\/","article_modified_time":"2026-01-08T05:31:08+00:00","og_image":[{"width":1200,"height":500,"url":"https:\/\/bayareacrisisnursery.org\/wp-content\/uploads\/2019\/11\/Donate-Header.jpg","type":"image\/jpeg"}],"twitter_card":"summary_large_image","twitter_site":"@bacn_nursery","twitter_misc":{"Tiempo de lectura":"4 minutos"},"schema":{"@context":"https:\/\/schema.org","@graph":[{"@type":"WebPage","@id":"https:\/\/bayareacrisisnursery.org\/donate\/","url":"https:\/\/bayareacrisisnursery.org\/donate\/","name":"Support - Bay Area Crisis Nursery","isPartOf":{"@id":"https:\/\/bayareacrisisnursery.org\/#website"},"datePublished":"2019-04-25T03:48:46+00:00","dateModified":"2026-01-08T05:31:08+00:00","description":"Donate to the Bay Area Crisis Nursery today to support the hundreds of young children they help keep safe and warm throughout the year.","breadcrumb":{"@id":"https:\/\/bayareacrisisnursery.org\/donate\/#breadcrumb"},"inLanguage":"es","potentialAction":[{"@type":"ReadAction","target":["https:\/\/bayareacrisisnursery.org\/donate\/"]}]},{"@type":"BreadcrumbList","@id":"https:\/\/bayareacrisisnursery.org\/donate\/#breadcrumb","itemListElement":[{"@type":"ListItem","position":1,"name":"Home","item":"https:\/\/bayareacrisisnursery.org\/"},{"@type":"ListItem","position":2,"name":"Support"}]},{"@type":"WebSite","@id":"https:\/\/bayareacrisisnursery.org\/#website","url":"https:\/\/bayareacrisisnursery.org\/","name":"Guarder\u00eda de crisis del \u00e1rea de la bah\u00eda","description":"Un corazoncito. Un poco de ayuda. Mucha esperanza.","publisher":{"@id":"https:\/\/bayareacrisisnursery.org\/#organization"},"potentialAction":[{"@type":"SearchAction","target":{"@type":"EntryPoint","urlTemplate":"https:\/\/bayareacrisisnursery.org\/?s={search_term_string}"},"query-input":{"@type":"PropertyValueSpecification","valueRequired":true,"valueName":"search_term_string"}}],"inLanguage":"es"},{"@type":"Organization","@id":"https:\/\/bayareacrisisnursery.org\/#organization","name":"Guarder\u00eda de crisis del \u00e1rea de la bah\u00eda","url":"https:\/\/bayareacrisisnursery.org\/","logo":{"@type":"ImageObject","inLanguage":"es","@id":"https:\/\/bayareacrisisnursery.org\/#\/schema\/logo\/image\/","url":"https:\/\/bayareacrisisnursery.org\/wp-content\/uploads\/2020\/12\/BACN-Logo.png","contentUrl":"https:\/\/bayareacrisisnursery.org\/wp-content\/uploads\/2020\/12\/BACN-Logo.png","width":751,"height":374,"caption":"Bay Area Crisis Nursery"},"image":{"@id":"https:\/\/bayareacrisisnursery.org\/#\/schema\/logo\/image\/"},"sameAs":["https:\/\/www.facebook.com\/bacnspage\/","https:\/\/x.com\/bacn_nursery","https:\/\/www.instagram.com\/bayareacrisisnursery\/","https:\/\/www.linkedin.com\/company\/bay-area-crisis-nursery\/about\/"]}]}},"_links":{"self":[{"href":"https:\/\/bayareacrisisnursery.org\/es\/wp-json\/wp\/v2\/pages\/263","targetHints":{"allow":["GET"]}}],"collection":[{"href":"https:\/\/bayareacrisisnursery.org\/es\/wp-json\/wp\/v2\/pages"}],"about":[{"href":"https:\/\/bayareacrisisnursery.org\/es\/wp-json\/wp\/v2\/types\/page"}],"author":[{"embeddable":true,"href":"https:\/\/bayareacrisisnursery.org\/es\/wp-json\/wp\/v2\/users\/1"}],"replies":[{"embeddable":true,"href":"https:\/\/bayareacrisisnursery.org\/es\/wp-json\/wp\/v2\/comments?post=263"}],"version-history":[{"count":11,"href":"https:\/\/bayareacrisisnursery.org\/es\/wp-json\/wp\/v2\/pages\/263\/revisions"}],"predecessor-version":[{"id":7423,"href":"https:\/\/bayareacrisisnursery.org\/es\/wp-json\/wp\/v2\/pages\/263\/revisions\/7423"}],"wp:attachment":[{"href":"https:\/\/bayareacrisisnursery.org\/es\/wp-json\/wp\/v2\/media?parent=263"}],"curies":[{"name":"wp","href":"https:\/\/api.w.org\/{rel}","templated":true}]}}