{"id":270,"date":"2019-04-25T04:05:47","date_gmt":"2019-04-25T04:05:47","guid":{"rendered":"https:\/\/bayareacrisisnursery.org\/?page_id=270"},"modified":"2026-01-20T21:01:22","modified_gmt":"2026-01-20T21:01:22","slug":"other-ways-to-give","status":"publish","type":"page","link":"https:\/\/bayareacrisisnursery.org\/es\/other-ways-to-give\/","title":{"rendered":"Otras formas de dar"},"content":{"rendered":"<div id=\"cs-content\" class=\"cs-content\"><div class=\"x-section e270-e1 m7i-0 m7i-1\"><div class=\"x-container marginless-columns e270-e2 m7i-3 m7i-4\"><div class=\"x-column x-sm x-1-1 e270-e3 m7i-6 m7i-7\"><img decoding=\"async\"  class=\"x-img x-img-none\"  src=\"https:\/\/bayareacrisisnursery.org\/wp-content\/uploads\/2022\/09\/Other-Ways-to-Give-Banner.jpg\" alt=\"Support BACN Piggy Bank\"><\/div><\/div><\/div><div class=\"x-section e270-e5 m7i-0 m7i-1\"><div class=\"x-container max width e270-e6 m7i-4 m7i-5\"><\/div><div class=\"x-container marginless-columns e270-e7 m7i-3 m7i-4\"><div class=\"x-column x-sm x-1-1 e270-e8 m7i-6 m7i-8\"><div class=\"x-content-area e270-e9 m7i-9\"><p><div id=\"x-content-band-1\" class=\"x-content-band border-top border-left border-right border-bottom\" style=\"background-color: #efefef; color: #333;\"><div class=\"x-container max width\"> <h4  class=\"h-custom-headline h3\" style=\"margin-top: 0;\"><span>Donaciones en especie<\/span><\/h4><br \/>Gracias por considerar donar sus art\u00edculos a BACN. <b><a href=\"tel:925-685-6633\">Por favor llama<\/a><\/b> la Guarder\u00eda para ver si estamos aceptando donaciones. A veces, nuestro almacenamiento se llena con todas sus amables donaciones.<\/p>\n<p><b>Aceptamos:<\/b> clean and gently used toys (to prevent any possible choking hazards please be sure small toys are secured in a bag), children&rsquo;s equipment, diapers, non-expired baby food and formula, unopened diapers, books in good condition, puzzles and games (please tape boxes to ensure small pieces are kept inside), gently worn children&rsquo;s clothing, and children&rsquo;s shoes.<\/p>\n<p><b>We can&rsquo;t accept:<\/b> furniture, cribs, strollers, bathtubs, bedding, crib mattresses, diaper genies, fast food toy giveaways, housewares, and stuffed animals.<\/p>\n<p>Please note that we are also unable to accept car seats, jumpers, walkers, bouncers, swings, high chairs, or breast pumps due to laws restricting their re-use.<\/p>\n<p><\/div><\/div><\/p><\/div><\/div><\/div><\/div><div class=\"x-section e270-e10 m7i-0 m7i-2\"><div class=\"x-container e270-e11 m7i-4 m7i-5\"><div class=\"x-column x-sm x-1-2 e270-e12 m7i-6 m7i-8\"><div class=\"x-content-area e270-e13 m7i-9\"><div id=\"x-content-band-2\" class=\"x-content-band border-top border-left border-right border-bottom\" style=\"background-color: #efefef;\"><div class=\"x-container\"><div  class=\"x-container max width\" ><h4  class=\"h-custom-headline center-text h4 accent\" style=\"margin: 0;\"><span>Sonrisa Amaz\u00f3nica<\/span><\/h4><p>\n\t\n<p class=\"man\">Amazon dona 0.5% del precio de sus compras elegibles de AmazonSmile a la organizaci\u00f3n ben\u00e9fica de su elecci\u00f3n. \u00a1Apoye a BACN y compre!<\/p>\n<\/p><img decoding=\"async\"  class=\"x-img x-img-rounded\"  src=\"https:\/\/bayareacrisisnursery.org\/wp-content\/uploads\/2019\/07\/amazonsmile.png\" alt=\"Shop on Amazon Now\">\n\t<br>\n<a  class=\"x-btn x-btn-center x-btn-rounded x-btn-small x-btn-block\"  href=\"https:\/\/smile.amazon.com\/ch\/94-2681676\" title=\"Sonrisa Amaz\u00f3nica\"    data-options=\"thumbnail: ''\">COMPRAR EN AMAZON HOY<\/a><\/div> <\/div><\/div><\/div><\/div><div class=\"x-column x-sm x-1-2 e270-e14 m7i-6 m7i-8\"><div class=\"x-content-area e270-e15 m7i-9\"><div id=\"x-content-band-3\" class=\"x-content-band border-top border-left border-right border-bottom\" style=\"background-color: #efefef;\"><div class=\"x-container\"><div  class=\"x-container max width\" ><h4  class=\"h-custom-headline center-text h4 accent\" style=\"margin: 0;\"><span>Lista de deseos de Amazon<\/span><\/h4><p>\n\t\n<p class=\"man\">Compre directamente para la guarder\u00eda y nuestros ni\u00f1os a trav\u00e9s de nuestra lista de deseos. La lista se actualiza con regularidad y durante la colecta de juguetes navide\u00f1a, las mochilas y la Pascua.<\/p>\n<\/p><img decoding=\"async\"  class=\"x-img x-img-rounded\"  src=\"https:\/\/bayareacrisisnursery.org\/wp-content\/uploads\/2019\/07\/Amazon.png\" alt=\"Shop for the Nursery\">\n\t<br>\n<a  class=\"x-btn x-btn-center x-btn-rounded x-btn-small x-btn-block\"  href=\"https:\/\/www.amazon.com\/hz\/wishlist\/ls\/3RFD6OMZ9JJXB?ref_=wl_share\" title=\"Lista de deseos de BACN\"    data-options=\"thumbnail: ''\">COMPRAR PARA EL VIVERO<\/a><\/div> <\/div><\/div><\/div><\/div><\/div><div class=\"x-container e270-e16 m7i-4 m7i-5\"><div class=\"x-column x-sm x-1-2 e270-e17 m7i-6 m7i-8\"><div class=\"x-content-area e270-e18 m7i-9\"><div id=\"x-content-band-4\" class=\"x-content-band border-top border-left border-right border-bottom\" style=\"background-color: #efefef;\"><div class=\"x-container\"><div  class=\"x-container max width\" ><h4  class=\"h-custom-headline center-text h4 accent\" style=\"margin: 0;\"><span>Regalos de contrapartida del empleador<\/span><\/h4><p>\n\t\n<p class=\"man\">\u00a1Busque para ver si el empleador tiene un programa de donaciones equivalentes y duplique f\u00e1cilmente su donaci\u00f3n en minutos! \u00a1Algunos empleadores incluso donan a BACN cuando se ofrece como voluntario con nosotros!<\/p>\n<\/p><img decoding=\"async\"  class=\"x-img x-img-rounded\"  src=\"https:\/\/bayareacrisisnursery.org\/wp-content\/uploads\/2019\/07\/double-the-donation-color-logo.png\" alt=\"Donate\">\n\t<br>\n<a  class=\"x-btn x-btn-center x-btn-rounded x-btn-small x-btn-block\"  href=\"https:\/\/doublethedonation.com\/bacn\" title=\"Busque su empleador\"    data-options=\"thumbnail: ''\">BUSQUE SU EMPLEADOR<\/a><\/div> <\/div><\/div><\/div><\/div><div class=\"x-column x-sm x-1-2 e270-e19 m7i-6 m7i-8\"><div class=\"x-content-area e270-e20 m7i-9\"><p><div id=\"x-content-band-5\" class=\"x-content-band border-top border-left border-right border-bottom\" style=\"background-color: #efefef;\"><div class=\"x-container\"><div  class=\"x-container max width\" ><h4  class=\"h-custom-headline center-text h4 accent\" style=\"margin: 0;\"><span>Car &amp; Vehicle Donations<\/span><\/h4><\/p>\n<p class=\"man\">Cars2ndChance is vehicle and car donation programs administered by the Clayton Valley Concord Sunrise Rotary. Donate your car and give to BACN.<\/p>\n<p><img decoding=\"async\"  class=\"x-img x-img-rounded\"  src=\"https:\/\/bayareacrisisnursery.org\/wp-content\/uploads\/2021\/04\/Cars2ndChance.png\" alt=\"Donate a Car\"><br \/><br \/><a  class=\"x-btn x-btn-center x-btn-rounded x-btn-small x-btn-block\"  href=\"https:\/\/www.cars2ndchance.org\" title=\"Cars 2nd Chance\"    data-options=\"thumbnail: ''\">DONA TU COCHE HOY<\/a><\/div> <\/div><\/div><\/p><\/div><\/div><\/div><div class=\"x-container max width e270-e21 m7i-4 m7i-5\"><\/div><div class=\"x-container max width e270-e22 m7i-4 m7i-5\"><\/div><div class=\"x-container e270-e23 m7i-4 m7i-5\"><div class=\"x-column x-sm x-1-2 e270-e24 m7i-6 m7i-8\"><div class=\"x-content-area e270-e25 m7i-9\"><div id=\"x-content-band-6\" class=\"x-content-band border-top border-left border-right border-bottom\" style=\"background-color: #efefef;\"><div class=\"x-container\"><div  class=\"x-container max width\" ><h4  class=\"h-custom-headline center-text h4 accent\" style=\"margin: 0;\"><span>eScrip<\/span><\/h4><p>\n\t\n<p class=\"man\">Ayude a recaudar fondos para BACN. \u00a1Cree su cuenta ingresando SUS tarjetas de pago, tarjetas de tienda y \/ o n\u00fameros de tel\u00e9fono que usar\u00e1 para comprar y ganaremos autom\u00e1ticamente!<\/p>\n<\/p><img decoding=\"async\"  class=\"x-img x-img-rounded\"  src=\"https:\/\/bayareacrisisnursery.org\/wp-content\/uploads\/2019\/07\/eScrip.png\" alt=\"Shop for the Nursery\">\n\t<br>\n<a  class=\"x-btn x-btn-center x-btn-rounded x-btn-small x-btn-block\"  href=\"https:\/\/secure.escrip.com\/signup\/index.jsp\" title=\"eScrip\"    data-options=\"thumbnail: ''\">USTED COMPRAS, GANAMOS<\/a><\/div> <\/div><\/div><\/div><\/div><div class=\"x-column x-sm x-1-2 e270-e26 m7i-6 m7i-8\"><div class=\"x-content-area e270-e27 m7i-9\"><div id=\"x-content-band-7\" class=\"x-content-band border-top border-left border-right border-bottom\" style=\"background-color: #efefef;\"><div class=\"x-container\"><div  class=\"x-container max width\" ><h4  class=\"h-custom-headline center-text h4 accent\" style=\"margin: 0;\"><span>Centavos de Rite Aid Kids<\/span><\/h4><p>\n\t\n<p class=\"man\">Al participar en KidCents, los miembros de wellness + rewards pueden redondear cada compra al d\u00f3lar m\u00e1s cercano, dando a los ni\u00f1os de Nursery la oportunidad de tener una vida mejor y un futuro m\u00e1s brillante.<\/p>\n<\/p><img decoding=\"async\"  class=\"x-img x-img-rounded\"  src=\"https:\/\/bayareacrisisnursery.org\/wp-content\/uploads\/2020\/08\/Kids-Cents.png\" alt=\"ebay for charity\">\n\t<br>\n<a  class=\"x-btn x-btn-center x-btn-rounded x-btn-small x-btn-block\"  href=\"https:\/\/kidcents.riteaid.com\/\" title=\"Centavos de Rite Aid Kids\"    data-options=\"thumbnail: ''\">REDONDEAR PARA LA GUARDER\u00cdA<\/a><\/div> <\/div><\/div><\/div><\/div><\/div><div class=\"x-container e270-e28 m7i-4 m7i-5\"><div class=\"x-column x-sm x-1-2 e270-e29 m7i-6 m7i-8\"><div class=\"x-content-area e270-e30 m7i-9\"><div id=\"x-content-band-8\" class=\"x-content-band border-top border-left border-right border-bottom\" style=\"background-color: #efefef;\"><div class=\"x-container\"><div  class=\"x-container max width\" ><h4  class=\"h-custom-headline center-text h4 accent\" style=\"margin: 0;\"><span>EBAY PARA LA CARIDAD<\/span><\/h4><p>\n\t\n<p class=\"man\">Done 10% o m\u00e1s y su art\u00edculo tendr\u00e1 una cinta ben\u00e9fica que llamar\u00e1 la atenci\u00f3n; incluso puede aparecer en la tienda ben\u00e9fica. Adem\u00e1s, reduce sus tarifas de vendedor y disfruta de ahorros de impuestos.<\/p>\n<\/p><img decoding=\"async\"  class=\"x-img x-img-rounded\"  src=\"https:\/\/bayareacrisisnursery.org\/wp-content\/uploads\/2019\/11\/Ebay-for-Charity.png\" alt=\"ebay for charity\">\n\t<br>\n<a  class=\"x-btn x-btn-center x-btn-rounded x-btn-small x-btn-block\"  href=\"https:\/\/www.ebayforcharity.org\/get-involved\/selling-for-a-charity\/\" title=\"VENDE TUS COSAS\"    data-options=\"thumbnail: ''\">VENDE TUS COSAS HOY<\/a><\/div> <\/div><\/div><\/div><\/div><div class=\"x-column x-sm x-1-2 e270-e31 m7i-6 m7i-8\"><div class=\"x-content-area e270-e32 m7i-9\"><div id=\"x-content-band-9\" class=\"x-content-band border-top border-left border-right border-bottom\" style=\"background-color: #efefef;\"><div class=\"x-container\"><div  class=\"x-container max width\" ><h4  class=\"h-custom-headline center-text h4 accent\" style=\"margin: 0;\"><span>Recaudaci\u00f3n de fondos para BACN<\/span><\/h4><p>\n\t\n<p class=\"man\">Puede recolectar donaciones en l\u00ednea, donar las ganancias de las ventas de su negocio o planificar un evento especial. \u00c9stas son una excelente manera para que sus amigos y familiares honren a un ser querido o donen en lugar de obsequios.<\/p>\n<\/p><img decoding=\"async\"  class=\"x-img x-img-rounded\"  src=\"https:\/\/bayareacrisisnursery.org\/wp-content\/uploads\/2020\/08\/Piggy-Bank-Other-Ways.png\" alt=\"fundraise for BACN\">\n\t<br>\n<a  class=\"x-btn x-btn-center x-btn-rounded x-btn-small x-btn-block\"  href=\"https:\/\/bayareacrisisnursery.org\/es\/donate\/community-fundraiser\/\" title=\"VENDE TUS COSAS\"    data-options=\"thumbnail: ''\">\u00a1COMPRUEBE ESTAS IDEAS PARA DIVERTIRSE!<\/a><\/div> <\/div><\/div><\/div><\/div><\/div><\/div><\/div>","protected":false},"excerpt":{"rendered":"<p>In-Kind DonationsThanks for considering donating your items to BACN. Please call the Nursery to see if we are accepting donations. Sometimes our storage fills up from all of your kind donations. We accept: clean and gently used toys (to prevent any possible choking hazards please be sure small toys are secured in a bag), children&rsquo;s equipment, diapers, non-expired baby food &#8230; <a href=\"https:\/\/bayareacrisisnursery.org\/es\/other-ways-to-give\/\" class=\"more-link\">Lee mas<\/a><\/p>","protected":false},"author":1,"featured_media":0,"parent":0,"menu_order":0,"comment_status":"closed","ping_status":"closed","template":"template-layout-full-width.php","meta":{"om_disable_all_campaigns":false,"_monsterinsights_skip_tracking":false,"_monsterinsights_sitenote_active":false,"_monsterinsights_sitenote_note":"","_monsterinsights_sitenote_category":0,"_uf_show_specific_survey":0,"_uf_disable_surveys":false,"footnotes":""},"class_list":["post-270","page","type-page","status-publish","hentry","no-post-thumbnail"],"yoast_head":"<!-- This site is optimized with the Yoast SEO Premium plugin v27.2 (Yoast SEO v27.2) - https:\/\/yoast.com\/product\/yoast-seo-premium-wordpress\/ -->\n<title>Other Ways to Give - Bay Area Crisis Nursery<\/title>\n<meta name=\"robots\" content=\"index, follow, max-snippet:-1, max-image-preview:large, max-video-preview:-1\" \/>\n<link rel=\"canonical\" href=\"https:\/\/bayareacrisisnursery.org\/es\/other-ways-to-give\/\" \/>\n<meta property=\"og:locale\" content=\"es_MX\" \/>\n<meta property=\"og:type\" content=\"article\" \/>\n<meta property=\"og:title\" content=\"Other Ways to Give\" \/>\n<meta property=\"og:description\" content=\"In-Kind DonationsThanks for considering donating your items to BACN. Please call the Nursery to see if we are accepting donations. Sometimes our storage fills up from all of your kind donations. We accept: clean and gently used toys (to prevent any possible choking hazards please be sure small toys are secured in a bag), children&rsquo;s equipment, diapers, non-expired baby food ... Read More\" \/>\n<meta property=\"og:url\" content=\"https:\/\/bayareacrisisnursery.org\/es\/other-ways-to-give\/\" \/>\n<meta property=\"og:site_name\" content=\"Bay Area Crisis Nursery\" \/>\n<meta property=\"article:publisher\" content=\"https:\/\/www.facebook.com\/bacnspage\/\" \/>\n<meta property=\"article:modified_time\" content=\"2026-01-20T21:01:22+00:00\" \/>\n<meta name=\"twitter:card\" content=\"summary_large_image\" \/>\n<meta name=\"twitter:site\" content=\"@bacn_nursery\" \/>\n<meta name=\"twitter:label1\" content=\"Tiempo de lectura\" \/>\n\t<meta name=\"twitter:data1\" content=\"4 minutos\" \/>\n<script type=\"application\/ld+json\" class=\"yoast-schema-graph\">{\"@context\":\"https:\/\/schema.org\",\"@graph\":[{\"@type\":\"WebPage\",\"@id\":\"https:\/\/bayareacrisisnursery.org\/other-ways-to-give\/\",\"url\":\"https:\/\/bayareacrisisnursery.org\/other-ways-to-give\/\",\"name\":\"Other Ways to Give - Bay Area Crisis Nursery\",\"isPartOf\":{\"@id\":\"https:\/\/bayareacrisisnursery.org\/#website\"},\"datePublished\":\"2019-04-25T04:05:47+00:00\",\"dateModified\":\"2026-01-20T21:01:22+00:00\",\"breadcrumb\":{\"@id\":\"https:\/\/bayareacrisisnursery.org\/other-ways-to-give\/#breadcrumb\"},\"inLanguage\":\"es\",\"potentialAction\":[{\"@type\":\"ReadAction\",\"target\":[\"https:\/\/bayareacrisisnursery.org\/other-ways-to-give\/\"]}]},{\"@type\":\"BreadcrumbList\",\"@id\":\"https:\/\/bayareacrisisnursery.org\/other-ways-to-give\/#breadcrumb\",\"itemListElement\":[{\"@type\":\"ListItem\",\"position\":1,\"name\":\"Home\",\"item\":\"https:\/\/bayareacrisisnursery.org\/\"},{\"@type\":\"ListItem\",\"position\":2,\"name\":\"Other Ways to Give\"}]},{\"@type\":\"WebSite\",\"@id\":\"https:\/\/bayareacrisisnursery.org\/#website\",\"url\":\"https:\/\/bayareacrisisnursery.org\/\",\"name\":\"Bay Area Crisis Nursery\",\"description\":\"A Little Heart. A Little Help. A Lot of Hope.\",\"publisher\":{\"@id\":\"https:\/\/bayareacrisisnursery.org\/#organization\"},\"potentialAction\":[{\"@type\":\"SearchAction\",\"target\":{\"@type\":\"EntryPoint\",\"urlTemplate\":\"https:\/\/bayareacrisisnursery.org\/?s={search_term_string}\"},\"query-input\":{\"@type\":\"PropertyValueSpecification\",\"valueRequired\":true,\"valueName\":\"search_term_string\"}}],\"inLanguage\":\"es\"},{\"@type\":\"Organization\",\"@id\":\"https:\/\/bayareacrisisnursery.org\/#organization\",\"name\":\"Bay Area Crisis Nursery\",\"url\":\"https:\/\/bayareacrisisnursery.org\/\",\"logo\":{\"@type\":\"ImageObject\",\"inLanguage\":\"es\",\"@id\":\"https:\/\/bayareacrisisnursery.org\/#\/schema\/logo\/image\/\",\"url\":\"https:\/\/bayareacrisisnursery.org\/wp-content\/uploads\/2020\/12\/BACN-Logo.png\",\"contentUrl\":\"https:\/\/bayareacrisisnursery.org\/wp-content\/uploads\/2020\/12\/BACN-Logo.png\",\"width\":751,\"height\":374,\"caption\":\"Bay Area Crisis Nursery\"},\"image\":{\"@id\":\"https:\/\/bayareacrisisnursery.org\/#\/schema\/logo\/image\/\"},\"sameAs\":[\"https:\/\/www.facebook.com\/bacnspage\/\",\"https:\/\/x.com\/bacn_nursery\",\"https:\/\/www.instagram.com\/bayareacrisisnursery\/\",\"https:\/\/www.linkedin.com\/company\/bay-area-crisis-nursery\/about\/\"]}]}<\/script>\n<!-- \/ Yoast SEO Premium plugin. -->","yoast_head_json":{"title":"Other Ways to Give - Bay Area Crisis Nursery","robots":{"index":"index","follow":"follow","max-snippet":"max-snippet:-1","max-image-preview":"max-image-preview:large","max-video-preview":"max-video-preview:-1"},"canonical":"https:\/\/bayareacrisisnursery.org\/es\/other-ways-to-give\/","og_locale":"es_MX","og_type":"article","og_title":"Other Ways to Give","og_description":"In-Kind DonationsThanks for considering donating your items to BACN. Please call the Nursery to see if we are accepting donations. Sometimes our storage fills up from all of your kind donations. We accept: clean and gently used toys (to prevent any possible choking hazards please be sure small toys are secured in a bag), children&rsquo;s equipment, diapers, non-expired baby food ... Read More","og_url":"https:\/\/bayareacrisisnursery.org\/es\/other-ways-to-give\/","og_site_name":"Bay Area Crisis Nursery","article_publisher":"https:\/\/www.facebook.com\/bacnspage\/","article_modified_time":"2026-01-20T21:01:22+00:00","twitter_card":"summary_large_image","twitter_site":"@bacn_nursery","twitter_misc":{"Tiempo de lectura":"4 minutos"},"schema":{"@context":"https:\/\/schema.org","@graph":[{"@type":"WebPage","@id":"https:\/\/bayareacrisisnursery.org\/other-ways-to-give\/","url":"https:\/\/bayareacrisisnursery.org\/other-ways-to-give\/","name":"Other Ways to Give - Bay Area Crisis Nursery","isPartOf":{"@id":"https:\/\/bayareacrisisnursery.org\/#website"},"datePublished":"2019-04-25T04:05:47+00:00","dateModified":"2026-01-20T21:01:22+00:00","breadcrumb":{"@id":"https:\/\/bayareacrisisnursery.org\/other-ways-to-give\/#breadcrumb"},"inLanguage":"es","potentialAction":[{"@type":"ReadAction","target":["https:\/\/bayareacrisisnursery.org\/other-ways-to-give\/"]}]},{"@type":"BreadcrumbList","@id":"https:\/\/bayareacrisisnursery.org\/other-ways-to-give\/#breadcrumb","itemListElement":[{"@type":"ListItem","position":1,"name":"Home","item":"https:\/\/bayareacrisisnursery.org\/"},{"@type":"ListItem","position":2,"name":"Other Ways to Give"}]},{"@type":"WebSite","@id":"https:\/\/bayareacrisisnursery.org\/#website","url":"https:\/\/bayareacrisisnursery.org\/","name":"Guarder\u00eda de crisis del \u00e1rea de la bah\u00eda","description":"Un corazoncito. Un poco de ayuda. Mucha esperanza.","publisher":{"@id":"https:\/\/bayareacrisisnursery.org\/#organization"},"potentialAction":[{"@type":"SearchAction","target":{"@type":"EntryPoint","urlTemplate":"https:\/\/bayareacrisisnursery.org\/?s={search_term_string}"},"query-input":{"@type":"PropertyValueSpecification","valueRequired":true,"valueName":"search_term_string"}}],"inLanguage":"es"},{"@type":"Organization","@id":"https:\/\/bayareacrisisnursery.org\/#organization","name":"Guarder\u00eda de crisis del \u00e1rea de la bah\u00eda","url":"https:\/\/bayareacrisisnursery.org\/","logo":{"@type":"ImageObject","inLanguage":"es","@id":"https:\/\/bayareacrisisnursery.org\/#\/schema\/logo\/image\/","url":"https:\/\/bayareacrisisnursery.org\/wp-content\/uploads\/2020\/12\/BACN-Logo.png","contentUrl":"https:\/\/bayareacrisisnursery.org\/wp-content\/uploads\/2020\/12\/BACN-Logo.png","width":751,"height":374,"caption":"Bay Area Crisis Nursery"},"image":{"@id":"https:\/\/bayareacrisisnursery.org\/#\/schema\/logo\/image\/"},"sameAs":["https:\/\/www.facebook.com\/bacnspage\/","https:\/\/x.com\/bacn_nursery","https:\/\/www.instagram.com\/bayareacrisisnursery\/","https:\/\/www.linkedin.com\/company\/bay-area-crisis-nursery\/about\/"]}]}},"_links":{"self":[{"href":"https:\/\/bayareacrisisnursery.org\/es\/wp-json\/wp\/v2\/pages\/270","targetHints":{"allow":["GET"]}}],"collection":[{"href":"https:\/\/bayareacrisisnursery.org\/es\/wp-json\/wp\/v2\/pages"}],"about":[{"href":"https:\/\/bayareacrisisnursery.org\/es\/wp-json\/wp\/v2\/types\/page"}],"author":[{"embeddable":true,"href":"https:\/\/bayareacrisisnursery.org\/es\/wp-json\/wp\/v2\/users\/1"}],"replies":[{"embeddable":true,"href":"https:\/\/bayareacrisisnursery.org\/es\/wp-json\/wp\/v2\/comments?post=270"}],"version-history":[{"count":14,"href":"https:\/\/bayareacrisisnursery.org\/es\/wp-json\/wp\/v2\/pages\/270\/revisions"}],"predecessor-version":[{"id":7433,"href":"https:\/\/bayareacrisisnursery.org\/es\/wp-json\/wp\/v2\/pages\/270\/revisions\/7433"}],"wp:attachment":[{"href":"https:\/\/bayareacrisisnursery.org\/es\/wp-json\/wp\/v2\/media?parent=270"}],"curies":[{"name":"wp","href":"https:\/\/api.w.org\/{rel}","templated":true}]}}