{"id":279,"date":"2019-04-25T04:32:05","date_gmt":"2019-04-25T04:32:05","guid":{"rendered":"https:\/\/bayareacrisisnursery.org\/?page_id=279"},"modified":"2025-09-24T16:32:40","modified_gmt":"2025-09-24T16:32:40","slug":"community-fundraiser","status":"publish","type":"page","link":"https:\/\/bayareacrisisnursery.org\/es\/other-ways-to-give\/community-fundraiser\/","title":{"rendered":"Recaudaci\u00f3n de fondos para BACN"},"content":{"rendered":"<div id=\"cs-content\" class=\"cs-content\"><div class=\"x-section e279-e1 m7r-0 m7r-1 m7r-2\"><div class=\"x-container marginless-columns e279-e2 m7r-5\"><div class=\"x-column x-sm x-1-1 e279-e3 m7r-6 m7r-7\"><img decoding=\"async\"  class=\"x-img x-img-none\"  src=\"https:\/\/bayareacrisisnursery.org\/wp-content\/uploads\/2019\/08\/Piggy-Fundraise.jpg\" alt=\"Fill the Piggy Bank!\"><\/div><\/div><\/div><div class=\"x-section e279-e5 m7r-0 m7r-1 m7r-2\"><div class=\"x-container marginless-columns e279-e6 m7r-5\"><div class=\"x-column x-sm x-1-1 e279-e7 m7r-6 m7r-7\"><h2  class=\"h-custom-headline h3\" ><span>Recaudaci\u00f3n de fondos para BACN<\/span><\/h2><\/div><\/div><div class=\"x-container marginless-columns e279-e9 m7r-5\"><div class=\"x-column x-sm x-1-1 e279-e10 m7r-6 m7r-8\"><div class=\"x-content-area e279-e11 m7r-9\"><p>Gracias por elegir a BACN como la organizaci\u00f3n ben\u00e9fica preferida para su evento de recaudaci\u00f3n de fondos. Dependemos \u00fanicamente de las donaciones de quienes creen en nuestra misi\u00f3n de prevenir el abuso infantil y aman nuestra guarder\u00eda.<\/p>\n<p>Es tu elecci\u00f3n. Puede recolectar donaciones en l\u00ednea, donar las ganancias de las ventas de su negocio o planificar un evento especial.<\/p>\n<p>La recaudaci\u00f3n de fondos en l\u00ednea se hace f\u00e1cil al crear su propia <b><a href=\"https:\/\/bayareacrisisnursery.app.neoncrm.com\/np\/clients\/bayareacrisisnursery\/publicFundraiserList.jsp?campaignId=1298\">p\u00e1gina de crowdfunding en nuestro sitio<\/a><\/b> o <b><a href=\"https:\/\/www.facebook.com\/fundraisers?sem_campaign_id=1439719628.57808364553.355641897330.CjwKCAjw-vjqBRA6EiwAe8TCk6UJo2UaNha1L3LUEjKmgTqptXVx4pz7IjtR63VUmn4zxS5YnCFYPxoCOgYQAvD_BwE&amp;sem_adgroupid=c.kwd-382401919134&amp;sem_keyword=fundraise%20on%20facebook\">una recaudaci\u00f3n de fondos de Facebook<\/a>.<\/b> Estas son una excelente manera para que sus amigos y familiares honren a un ser querido o donen en lugar de obsequios para un cumplea\u00f1os o una boda.<\/p>\n<p>Nuestro equipo est\u00e1 aqu\u00ed para ayudarlo con cualquier pregunta que pueda tener. Por favor revise nuestro <b><a href=\"https:\/\/bayareacrisisnursery.org\/es\/community-fundraising-guidelines\/\">Pautas de recaudaci\u00f3n de fondos<\/a><\/b>. Para un poco de inspiraci\u00f3n, descargue nuestro <b><a href=\"https:\/\/bayareacrisisnursery.org\/wp-content\/uploads\/2020\/09\/FundraisingToolkit.pdf\">Kit de herramientas de recaudaci\u00f3n de fondos<\/a><\/b>!<\/p>\n<p><b>H\u00e1ganos saber si necesita:<\/b><\/p>\n<ul>\n<li>Materiales impresos<\/li>\n<li>Un miembro del personal o miembro de la junta para asistir<\/li>\n<li>Consejos para planificar su evento<\/li>\n<\/ul>\n<p><b>\u00a1Buena suerte con tu evento! \u00a1Gracias por apoyar a la guarder\u00eda!<\/b><\/p><\/div><div class=\"x-section e279-e12 m7r-0 m7r-2 m7r-3\"><div class=\"x-row e279-e13 m7r-a m7r-b m7r-d m7r-e\"><div class=\"x-row-inner\"><div class=\"x-col e279-e14 m7r-h\"><div class=\"x-text x-text-headline e279-e15 m7r-j m7r-k\"><div class=\"x-text-content\"><div class=\"x-text-content-text\"><h3 class=\"x-text-content-text-primary\">Apoyo BACN<\/h3>\n<\/div><\/div><\/div><\/div><\/div><\/div><div class=\"x-row e279-e16 m7r-a m7r-b m7r-d m7r-f\"><div class=\"x-row-inner\"><div class=\"x-col e279-e17 m7r-h m7r-i\"><a class=\"x-image e279-e18 m7r-m\" href=\"mailto:giving@bayareacrisisnursery.org?subject=Stock%20Donations\" target=\"_blank\" rel=\"noopener noreferrer\"><img decoding=\"async\" src=\"https:\/\/bayareacrisisnursery.org\/wp-content\/uploads\/2019\/12\/Piggy-Stock.jpg\" width=\"847\" height=\"565\" alt=\"Stock Donations\" loading=\"lazy\"><\/a><div class=\"x-text x-text-headline e279-e19 m7r-k m7r-l\"><div class=\"x-text-content\"><div class=\"x-text-content-text\"><h3 class=\"x-text-content-text-primary\"><p><a href=\"mailto:giving@bayareacrisisnursery.org?subject=Donating Stock\">BACN acepta donaciones de acciones. Correo electr\u00f3nico hoy.<\/a><\/p><\/h3>\n<\/div><\/div><\/div><\/div><div class=\"x-col e279-e20 m7r-h m7r-i\"><iframe loading=\"lazy\" src=\"https:\/\/doublethedonation.com\/api\/iframe\/XvD2NtEV1TSXhAQ1\" height=\"350\" width=\"100%\"><\/iframe><\/div><div class=\"x-col e279-e22 m7r-h m7r-i\"><a class=\"x-image e279-e23 m7r-m m7r-n\" href=\"https:\/\/bayareacrisisnursery.org\/es\/programs\/crisis-care\/\" target=\"_blank\" rel=\"noopener noreferrer\"><img decoding=\"async\" src=\"https:\/\/bayareacrisisnursery.org\/wp-content\/uploads\/2022\/08\/News.jpg\" width=\"600\" height=\"400\" alt=\"Newsletter\" loading=\"lazy\"><\/a><div class=\"x-text x-text-headline e279-e24 m7r-k m7r-l\"><div class=\"x-text-content\"><div class=\"x-text-content-text\"><h3 class=\"x-text-content-text-primary\"><p><a href=\"https:\/\/mailchi.mp\/bayareacrisisnursery\/newsletter?dnt=1\" data-wplink-edit=\"true\">Reg\u00edstrate para seguir en contacto<\/a><\/p><\/h3>\n<\/div><\/div><\/div><\/div><\/div><\/div><\/div><\/div><\/div><\/div><div class=\"x-section e279-e25 m7r-0 m7r-1 m7r-4\"><div class=\"x-row e279-e26 m7r-a m7r-c m7r-g\"><div class=\"x-row-inner\"><div class=\"x-col e279-e27 m7r-h\"><div class=\"x-content-area e279-e28 m7r-9\"><div id=\"x-content-band-1\" class=\"x-content-band border-top border-left border-right border-bottom\" style=\"background-color: #efefef; color: #333;\"><div class=\"x-container max width\"> \n<h4  class=\"h-custom-headline h3\" style=\"margin-top: 0;\"><span>Programar un Tour<\/span><\/h4><\/p>\nExperimente nuestra misi\u00f3n en la pr\u00e1ctica visitando el Vivero para un recorrido.<\/p>\n<p><a  class=\"x-btn x-btn-flat x-btn-global\"  href=\"mailto:giving@bayareacrisisnursery.org&subject=Donor Tour of the Nursery\"     data-options=\"thumbnail: ''\">programar hoy<\/a> <\/div><\/div><\/div><\/div><\/div><\/div><\/div><\/div>","protected":false},"excerpt":{"rendered":"<p>Recaudaci\u00f3n de fondos para BACNGracias por elegir a BACN como la organizaci\u00f3n ben\u00e9fica elegida para su evento de recaudaci\u00f3n de fondos. Dependemos \u00fanicamente de las donaciones de aquellos que creen en nuestra misi\u00f3n de prevenir el abuso infantil y aman nuestra Guarder\u00eda. Es tu elecci\u00f3n. Puede recolectar donaciones en l\u00ednea, donar las ganancias de las ventas de su negocio o planificar un evento especial. Recaudar fondos en l\u00ednea es f\u00e1cil... <a href=\"https:\/\/bayareacrisisnursery.org\/es\/other-ways-to-give\/community-fundraiser\/\" class=\"more-link\">Lee mas<\/a><\/p>","protected":false},"author":1,"featured_media":0,"parent":270,"menu_order":0,"comment_status":"closed","ping_status":"closed","template":"template-layout-full-width.php","meta":{"om_disable_all_campaigns":false,"_monsterinsights_skip_tracking":false,"_monsterinsights_sitenote_active":false,"_monsterinsights_sitenote_note":"","_monsterinsights_sitenote_category":0,"_uf_show_specific_survey":0,"_uf_disable_surveys":false,"footnotes":""},"class_list":["post-279","page","type-page","status-publish","hentry","no-post-thumbnail"],"yoast_head":"<!-- This site is optimized with the Yoast SEO Premium plugin v27.2 (Yoast SEO v27.2) - https:\/\/yoast.com\/product\/yoast-seo-premium-wordpress\/ -->\n<title>Fundraise for BACN - Bay Area Crisis Nursery<\/title>\n<meta name=\"description\" content=\"Thank you for choosing BACN as the charity of choice for your fundraising event. We rely solely on donations from donors.\" \/>\n<meta name=\"robots\" content=\"index, follow, max-snippet:-1, max-image-preview:large, max-video-preview:-1\" \/>\n<link rel=\"canonical\" href=\"https:\/\/bayareacrisisnursery.org\/es\/other-ways-to-give\/community-fundraiser\/\" \/>\n<meta property=\"og:locale\" content=\"es_MX\" \/>\n<meta property=\"og:type\" content=\"article\" \/>\n<meta property=\"og:title\" content=\"Fundraise for BACN\" \/>\n<meta property=\"og:description\" content=\"Thank you for choosing BACN as the charity of choice for your fundraising event. We rely solely on donations from donors.\" \/>\n<meta property=\"og:url\" content=\"https:\/\/bayareacrisisnursery.org\/es\/other-ways-to-give\/community-fundraiser\/\" \/>\n<meta property=\"og:site_name\" content=\"Bay Area Crisis Nursery\" \/>\n<meta property=\"article:publisher\" content=\"https:\/\/www.facebook.com\/bacnspage\/\" \/>\n<meta property=\"article:modified_time\" content=\"2025-09-24T16:32:40+00:00\" \/>\n<meta name=\"twitter:card\" content=\"summary_large_image\" \/>\n<meta name=\"twitter:site\" content=\"@bacn_nursery\" \/>\n<meta name=\"twitter:label1\" content=\"Tiempo de lectura\" \/>\n\t<meta name=\"twitter:data1\" content=\"1 minuto\" \/>\n<script type=\"application\/ld+json\" class=\"yoast-schema-graph\">{\"@context\":\"https:\/\/schema.org\",\"@graph\":[{\"@type\":\"WebPage\",\"@id\":\"https:\/\/bayareacrisisnursery.org\/other-ways-to-give\/community-fundraiser\/\",\"url\":\"https:\/\/bayareacrisisnursery.org\/other-ways-to-give\/community-fundraiser\/\",\"name\":\"Fundraise for BACN - Bay Area Crisis Nursery\",\"isPartOf\":{\"@id\":\"https:\/\/bayareacrisisnursery.org\/#website\"},\"datePublished\":\"2019-04-25T04:32:05+00:00\",\"dateModified\":\"2025-09-24T16:32:40+00:00\",\"description\":\"Thank you for choosing BACN as the charity of choice for your fundraising event. We rely solely on donations from donors.\",\"breadcrumb\":{\"@id\":\"https:\/\/bayareacrisisnursery.org\/other-ways-to-give\/community-fundraiser\/#breadcrumb\"},\"inLanguage\":\"es\",\"potentialAction\":[{\"@type\":\"ReadAction\",\"target\":[\"https:\/\/bayareacrisisnursery.org\/other-ways-to-give\/community-fundraiser\/\"]}]},{\"@type\":\"BreadcrumbList\",\"@id\":\"https:\/\/bayareacrisisnursery.org\/other-ways-to-give\/community-fundraiser\/#breadcrumb\",\"itemListElement\":[{\"@type\":\"ListItem\",\"position\":1,\"name\":\"Home\",\"item\":\"https:\/\/bayareacrisisnursery.org\/\"},{\"@type\":\"ListItem\",\"position\":2,\"name\":\"Other Ways to Give\",\"item\":\"https:\/\/bayareacrisisnursery.org\/other-ways-to-give\/\"},{\"@type\":\"ListItem\",\"position\":3,\"name\":\"Fundraise for BACN\"}]},{\"@type\":\"WebSite\",\"@id\":\"https:\/\/bayareacrisisnursery.org\/#website\",\"url\":\"https:\/\/bayareacrisisnursery.org\/\",\"name\":\"Bay Area Crisis Nursery\",\"description\":\"A Little Heart. A Little Help. A Lot of Hope.\",\"publisher\":{\"@id\":\"https:\/\/bayareacrisisnursery.org\/#organization\"},\"potentialAction\":[{\"@type\":\"SearchAction\",\"target\":{\"@type\":\"EntryPoint\",\"urlTemplate\":\"https:\/\/bayareacrisisnursery.org\/?s={search_term_string}\"},\"query-input\":{\"@type\":\"PropertyValueSpecification\",\"valueRequired\":true,\"valueName\":\"search_term_string\"}}],\"inLanguage\":\"es\"},{\"@type\":\"Organization\",\"@id\":\"https:\/\/bayareacrisisnursery.org\/#organization\",\"name\":\"Bay Area Crisis Nursery\",\"url\":\"https:\/\/bayareacrisisnursery.org\/\",\"logo\":{\"@type\":\"ImageObject\",\"inLanguage\":\"es\",\"@id\":\"https:\/\/bayareacrisisnursery.org\/#\/schema\/logo\/image\/\",\"url\":\"https:\/\/bayareacrisisnursery.org\/wp-content\/uploads\/2020\/12\/BACN-Logo.png\",\"contentUrl\":\"https:\/\/bayareacrisisnursery.org\/wp-content\/uploads\/2020\/12\/BACN-Logo.png\",\"width\":751,\"height\":374,\"caption\":\"Bay Area Crisis Nursery\"},\"image\":{\"@id\":\"https:\/\/bayareacrisisnursery.org\/#\/schema\/logo\/image\/\"},\"sameAs\":[\"https:\/\/www.facebook.com\/bacnspage\/\",\"https:\/\/x.com\/bacn_nursery\",\"https:\/\/www.instagram.com\/bayareacrisisnursery\/\",\"https:\/\/www.linkedin.com\/company\/bay-area-crisis-nursery\/about\/\"]}]}<\/script>\n<!-- \/ Yoast SEO Premium plugin. -->","yoast_head_json":{"title":"Fundraise for BACN - Bay Area Crisis Nursery","description":"Thank you for choosing BACN as the charity of choice for your fundraising event. We rely solely on donations from donors.","robots":{"index":"index","follow":"follow","max-snippet":"max-snippet:-1","max-image-preview":"max-image-preview:large","max-video-preview":"max-video-preview:-1"},"canonical":"https:\/\/bayareacrisisnursery.org\/es\/other-ways-to-give\/community-fundraiser\/","og_locale":"es_MX","og_type":"article","og_title":"Fundraise for BACN","og_description":"Thank you for choosing BACN as the charity of choice for your fundraising event. We rely solely on donations from donors.","og_url":"https:\/\/bayareacrisisnursery.org\/es\/other-ways-to-give\/community-fundraiser\/","og_site_name":"Bay Area Crisis Nursery","article_publisher":"https:\/\/www.facebook.com\/bacnspage\/","article_modified_time":"2025-09-24T16:32:40+00:00","twitter_card":"summary_large_image","twitter_site":"@bacn_nursery","twitter_misc":{"Tiempo de lectura":"1 minuto"},"schema":{"@context":"https:\/\/schema.org","@graph":[{"@type":"WebPage","@id":"https:\/\/bayareacrisisnursery.org\/other-ways-to-give\/community-fundraiser\/","url":"https:\/\/bayareacrisisnursery.org\/other-ways-to-give\/community-fundraiser\/","name":"Fundraise for BACN - Bay Area Crisis Nursery","isPartOf":{"@id":"https:\/\/bayareacrisisnursery.org\/#website"},"datePublished":"2019-04-25T04:32:05+00:00","dateModified":"2025-09-24T16:32:40+00:00","description":"Thank you for choosing BACN as the charity of choice for your fundraising event. We rely solely on donations from donors.","breadcrumb":{"@id":"https:\/\/bayareacrisisnursery.org\/other-ways-to-give\/community-fundraiser\/#breadcrumb"},"inLanguage":"es","potentialAction":[{"@type":"ReadAction","target":["https:\/\/bayareacrisisnursery.org\/other-ways-to-give\/community-fundraiser\/"]}]},{"@type":"BreadcrumbList","@id":"https:\/\/bayareacrisisnursery.org\/other-ways-to-give\/community-fundraiser\/#breadcrumb","itemListElement":[{"@type":"ListItem","position":1,"name":"Home","item":"https:\/\/bayareacrisisnursery.org\/"},{"@type":"ListItem","position":2,"name":"Other Ways to Give","item":"https:\/\/bayareacrisisnursery.org\/other-ways-to-give\/"},{"@type":"ListItem","position":3,"name":"Fundraise for BACN"}]},{"@type":"WebSite","@id":"https:\/\/bayareacrisisnursery.org\/#website","url":"https:\/\/bayareacrisisnursery.org\/","name":"Guarder\u00eda de crisis del \u00e1rea de la bah\u00eda","description":"Un corazoncito. Un poco de ayuda. Mucha esperanza.","publisher":{"@id":"https:\/\/bayareacrisisnursery.org\/#organization"},"potentialAction":[{"@type":"SearchAction","target":{"@type":"EntryPoint","urlTemplate":"https:\/\/bayareacrisisnursery.org\/?s={search_term_string}"},"query-input":{"@type":"PropertyValueSpecification","valueRequired":true,"valueName":"search_term_string"}}],"inLanguage":"es"},{"@type":"Organization","@id":"https:\/\/bayareacrisisnursery.org\/#organization","name":"Guarder\u00eda de crisis del \u00e1rea de la bah\u00eda","url":"https:\/\/bayareacrisisnursery.org\/","logo":{"@type":"ImageObject","inLanguage":"es","@id":"https:\/\/bayareacrisisnursery.org\/#\/schema\/logo\/image\/","url":"https:\/\/bayareacrisisnursery.org\/wp-content\/uploads\/2020\/12\/BACN-Logo.png","contentUrl":"https:\/\/bayareacrisisnursery.org\/wp-content\/uploads\/2020\/12\/BACN-Logo.png","width":751,"height":374,"caption":"Bay Area Crisis Nursery"},"image":{"@id":"https:\/\/bayareacrisisnursery.org\/#\/schema\/logo\/image\/"},"sameAs":["https:\/\/www.facebook.com\/bacnspage\/","https:\/\/x.com\/bacn_nursery","https:\/\/www.instagram.com\/bayareacrisisnursery\/","https:\/\/www.linkedin.com\/company\/bay-area-crisis-nursery\/about\/"]}]}},"_links":{"self":[{"href":"https:\/\/bayareacrisisnursery.org\/es\/wp-json\/wp\/v2\/pages\/279","targetHints":{"allow":["GET"]}}],"collection":[{"href":"https:\/\/bayareacrisisnursery.org\/es\/wp-json\/wp\/v2\/pages"}],"about":[{"href":"https:\/\/bayareacrisisnursery.org\/es\/wp-json\/wp\/v2\/types\/page"}],"author":[{"embeddable":true,"href":"https:\/\/bayareacrisisnursery.org\/es\/wp-json\/wp\/v2\/users\/1"}],"replies":[{"embeddable":true,"href":"https:\/\/bayareacrisisnursery.org\/es\/wp-json\/wp\/v2\/comments?post=279"}],"version-history":[{"count":10,"href":"https:\/\/bayareacrisisnursery.org\/es\/wp-json\/wp\/v2\/pages\/279\/revisions"}],"predecessor-version":[{"id":7214,"href":"https:\/\/bayareacrisisnursery.org\/es\/wp-json\/wp\/v2\/pages\/279\/revisions\/7214"}],"up":[{"embeddable":true,"href":"https:\/\/bayareacrisisnursery.org\/es\/wp-json\/wp\/v2\/pages\/270"}],"wp:attachment":[{"href":"https:\/\/bayareacrisisnursery.org\/es\/wp-json\/wp\/v2\/media?parent=279"}],"curies":[{"name":"wp","href":"https:\/\/api.w.org\/{rel}","templated":true}]}}