{"id":292,"date":"2019-04-25T05:00:53","date_gmt":"2019-04-25T05:00:53","guid":{"rendered":"https:\/\/bayareacrisisnursery.org\/?page_id=292"},"modified":"2026-04-16T20:53:31","modified_gmt":"2026-04-16T20:53:31","slug":"volunteer","status":"publish","type":"page","link":"https:\/\/bayareacrisisnursery.org\/es\/donate\/volunteer\/","title":{"rendered":"Voluntario"},"content":{"rendered":"<div id=\"cs-content\" class=\"cs-content\"><div class=\"x-section e292-e1 m84-0 m84-1 m84-2 m84-3\"><div class=\"x-container marginless-columns e292-e2 m84-8\"><div class=\"x-column x-sm x-1-1 e292-e3 m84-9\"><span class=\"x-image e292-e4 m84-a\"><img decoding=\"async\" src=\"https:\/\/bayareacrisisnursery.org\/wp-content\/uploads\/2022\/09\/Volunteer-Banner.png\" width=\"1200\" height=\"400\" alt=\"Volunteer\" loading=\"lazy\"><\/span><\/div><\/div><\/div><div class=\"x-section e292-e5 m84-0 m84-1 m84-2 m84-3\"><div class=\"x-container marginless-columns e292-e6 m84-8\"><div class=\"x-column x-sm x-1-1 e292-e7 m84-9\"><h2  class=\"h-custom-headline h3\" ><span>Voluntariado en BACN<\/span><\/h2><\/div><\/div><div class=\"x-container marginless-columns e292-e9 m84-8\"><div class=\"x-column x-sm x-1-1 e292-e10 m84-9\"><div class=\"x-content-area e292-e11 m84-c\"><span><p>\u00a1BACN es un gran lugar para ser voluntario porque realmente apreciamos a todos y cada uno de nuestros voluntarios! Desde trabajar en la guarder\u00eda cuidando a nuestros ni\u00f1os hasta trabajar en una recaudaci\u00f3n de fondos o en un evento de obsequio comunitario hasta un grupo que desea retribuir a nuestra comunidad por un d\u00eda, le damos la bienvenida. <p>\n\n<b>Tenga en cuenta: <\/b>No ofrecemos oportunidades de voluntariado para el servicio comunitario ordenado por la corte.<\/b>\n\n<\/span><\/div><hr class=\"x-line e292-e12 m84-d m84-e\"\/><\/div><\/div><\/div><div class=\"x-section e292-e13 m84-0 m84-1 m84-2 m84-3\"><div class=\"x-container marginless-columns e292-e14 m84-8\"><div class=\"x-column x-sm x-1-1 e292-e15 m84-9\"><h2  class=\"h-custom-headline h3\" ><span>Childcare Volunteers- Applications Open March 27, 2026!<\/span><\/h2><div class=\"x-frame x-frame-video-embed e292-e17 m84-g m84-h\"><div class=\"x-frame-inner\"><div class=\"x-video x-video-embed\"><div class=\"x-resp-embed x-is-video x-is-youtube\"><iframe loading=\"lazy\" title=\"Childcare Volunteer Introduction\" width=\"846\" height=\"476\" src=\"https:\/\/www.youtube.com\/embed\/Hoz4F9BP1A4?feature=oembed\" frameborder=\"0\" allow=\"accelerometer; autoplay; clipboard-write; encrypted-media; gyroscope; picture-in-picture; web-share\" referrerpolicy=\"strict-origin-when-cross-origin\" allowfullscreen><\/iframe><\/div><\/div><\/div><\/div><div class=\"x-content-area e292-e18 m84-c\"><p>Nuestros servicios son posibles gracias a nuestros voluntarios de cuidado de ni\u00f1os. Estos voluntarios ayudan a nuestro personal de guarder\u00eda y ayudan con el enriquecimiento, la alimentaci\u00f3n, el vestir, mecer y jugar. Esta posici\u00f3n incluye la interacci\u00f3n directa con el ni\u00f1o, que puede ser f\u00edsicamente exigente, \u00a1pero muy divertida!<\/p>\n<p>Para ser un voluntario de cuidado infantil, requerimos:<\/p>\n<ul>\n<li>All volunteers must be at least 18 years old.<\/li>\n<li>Debe completar una prueba de tuberculosis, toma de huellas dactilares y verificaci\u00f3n de antecedentes, y una declaraci\u00f3n de salud.<\/li>\n<li>Comprometerse a realizar un turno de 3 horas, al menos una vez a la semana, durante un m\u00ednimo de un a\u00f1o.<\/li>\n<li>Complete 15 hours of online training prior to working with children in the Nursery.<\/li>\n<li>Los voluntarios deben mantener una certificaci\u00f3n v\u00e1lida de primeros auxilios y RCP para trabajadores de cuidado infantil y completar 20 horas de capacitaci\u00f3n al a\u00f1o para continuar como voluntarios.<\/li>\n<\/ul><\/div><a class=\"x-anchor x-anchor-button e292-e19 m84-i\" tabindex=\"0\" href=\"https:\/\/bayareacrisisnursery.app.neoncrm.com\/forms\/childcare-volunteer-application\" target=\"_blank\" rel=\"noopener noreferrer\"><div class=\"x-anchor-content\"><div class=\"x-anchor-text\"><span class=\"x-anchor-text-primary\">Apply Today<\/span><\/div><\/div><\/a><\/div><\/div><\/div><div class=\"x-section e292-e20 m84-0 m84-1 m84-4 m84-5\"><div class=\"x-row e292-e21 m84-k m84-m m84-n\"><div class=\"x-row-inner\"><div class=\"x-col e292-e22 m84-s\"><h3  class=\"h-custom-headline h3\" ><span>Volunteer Food Pickup & Delivery (1 Open Position)<\/span><\/h3><p>Food Pickup & Delivery Volunteers help make our food pantry possible by picking up food donations from partner locations and delivering them safely to the nursery. This role is perfect for someone who enjoys being on the move and wants to make a big impact in a short amount of time.<p><\/p>\nVolunteers assist with loading and unloading food upon arrival and work alongside staff or other volunteers to ensure donations are handled safely and efficiently.\n\n<\/p>\n<p><strong>Volunteer Dates &amp; Times:<\/strong><br \/>Every Monday | 8 - 10 am<br \/>Location: Pickup & Drop Off in Pleasant Hill to Concord<\/p><a class=\"x-anchor x-anchor-button e292-e25 m84-i m84-j\" tabindex=\"0\" href=\"https:\/\/bayareacrisisnursery.app.neoncrm.com\/forms\/volunteer\" target=\"_blank\" rel=\"noopener noreferrer\"><div class=\"x-anchor-content\"><div class=\"x-anchor-text\"><span class=\"x-anchor-text-primary\">Apply Today<\/span><\/div><\/div><\/a><h3  class=\"h-custom-headline h3\" ><span>Food Pantry Volunteer (Currently Filled)<\/span><\/h3><p>The Food Pantry Volunteer supports the Bay Area Crisis Nursery\u2019s emergency food service program. Volunteers assist with receiving, sorting, and distributing food products, while ensuring the pantry and boutique remain clean, safe, and welcoming for clients. This role is vital to helping families access fresh fruits, vegetables, dry goods, dairy products (when available), and other nutritious food items. Volunteers play an important part in creating a supportive, respectful environment that reflects the Nursery\u2019s values of kindness, compassion, and nonjudgment.<\/p>\n<p><strong>Volunteer Dates &amp; Times:<\/strong><br \/>Every Tuesday | 10:30 am - 1:30 pm<br \/>Location: 1506 Mendocino Dr, Concord, CA<\/p><a class=\"x-anchor x-anchor-button e292-e28 m84-i m84-j\" tabindex=\"0\" href=\"https:\/\/bayareacrisisnursery.app.neoncrm.com\/forms\/volunteer\" target=\"_blank\" rel=\"noopener noreferrer\"><div class=\"x-anchor-content\"><div class=\"x-anchor-text\"><span class=\"x-anchor-text-primary\">Apply Today<\/span><\/div><\/div><\/a><\/div><\/div><\/div><\/div><div class=\"x-section e292-e30 m84-0 m84-1 m84-2 m84-5\"><div class=\"x-row e292-e31 m84-k m84-m m84-o\"><div class=\"x-row-inner\"><div class=\"x-col e292-e32 m84-s\"><hr class=\"x-line e292-e33 m84-d m84-e\"\/><\/div><\/div><\/div><div class=\"x-row e292-e34 m84-k m84-m m84-p\"><div class=\"x-row-inner\"><div class=\"x-col e292-e35 m84-s\"><hr class=\"x-line e292-e36 m84-d m84-f\"\/><h2  class=\"h-custom-headline h3\" ><span>Voluntarios del Comit\u00e9 de Alimentaci\u00f3n de Cangrejos<\/span><\/h2><div class=\"x-content-area e292-e38 m84-c\"><p>Crab Feed Committee Volunteers Volunteering is a fantastic way to join the party. Please help make this important fundraising event an amazing success. This is one of the most fun events for volunteers. It is high-energy, high-impact, and high-demand! Volunteers serve on the committee or at the event. There are a wide variety of opportunities to fit your schedule and interest. We&rsquo;re looking for:<\/p>\n<ul>\n<li>Presidente del Comit\u00e9 de Eventos<\/li>\n<li>Silla de bar<\/li>\n<li>Sillas de subasta silenciosa<\/li>\n<li>Presidente Voluntario<\/li>\n<li>Subasta de postres<\/li>\n<li>Presidente de Promoci\u00f3n y Venta de Entradas<\/li>\n<li>y miembros del comit\u00e9 para que nos apoyen a ofrecer el mejor alimento para cangrejos de la ciudad.<\/li>\n<\/ul>\n<p>If you are interested in being a Crab Feed Committee Volunteer, please fill out<strong><a href=\"https:\/\/www.surveymonkey.com\/r\/T8ZYFW9\" target=\"_blank\" rel=\"noopener\"> this survey<\/a><\/strong><b>.<\/b><\/p><\/div><hr class=\"x-line e292-e39 m84-d m84-e\"\/><\/div><\/div><\/div><\/div><div class=\"x-section e292-e40 m84-0 m84-1 m84-2 m84-3\"><div class=\"x-container marginless-columns e292-e41 m84-8\"><div class=\"x-column x-sm x-1-1 e292-e42 m84-9\"><h2  class=\"h-custom-headline h3\" ><span>Directorio del BACN<\/span><\/h2><div class=\"x-content-area e292-e44 m84-c\"><p>La membres\u00eda de la junta permite que el voluntario ayude a guiar a nuestra organizaci\u00f3n en el cumplimiento de su misi\u00f3n. Esto implica apoyar al Director Ejecutivo en el cumplimiento de los objetivos de la organizaci\u00f3n, proporcionando supervisi\u00f3n organizacional, recaudaci\u00f3n de fondos y planificaci\u00f3n estrat\u00e9gica. \u00a1Tambi\u00e9n se les pide a los miembros de la junta que asuman un papel activo en el apoyo a la organizaci\u00f3n y se conviertan en embajadores en la comunidad!<\/p>\n\n<p>Ver la descripci\u00f3n del trabajo <b><a href=\"https:\/\/bayareacrisisnursery.org\/wp-content\/uploads\/2020\/09\/Board-Member-Job-Description.pdf\">aqu\u00ed<\/a><\/b>.<\/p><\/div><hr class=\"x-line e292-e45 m84-d m84-e\"\/><\/div><\/div><\/div><div class=\"x-section e292-e46 m84-0 m84-3 m84-6\"><div class=\"x-row e292-e47 m84-k m84-l m84-m m84-q\"><div class=\"x-row-inner\"><div class=\"x-col e292-e48 m84-s\"><div class=\"x-text x-text-headline e292-e49 m84-u m84-v\"><div class=\"x-text-content\"><div class=\"x-text-content-text\"><h3 class=\"x-text-content-text-primary\">Apoyo BACN<\/h3>\n<\/div><\/div><\/div><\/div><\/div><\/div><div class=\"x-row e292-e50 m84-k m84-l m84-m m84-r\"><div class=\"x-row-inner\"><div class=\"x-col e292-e51 m84-s m84-t\"><a class=\"x-image e292-e52 m84-a\" href=\"mailto:giving@bayareacrisisnursery.org?subject=Stock%20Donations\" target=\"_blank\" rel=\"noopener noreferrer\"><img decoding=\"async\" src=\"https:\/\/bayareacrisisnursery.org\/wp-content\/uploads\/2019\/12\/Piggy-Stock.jpg\" width=\"847\" height=\"565\" alt=\"Stock Donations\" loading=\"lazy\"><\/a><div class=\"x-text x-text-headline e292-e53 m84-v m84-w\"><div class=\"x-text-content\"><div class=\"x-text-content-text\"><h3 class=\"x-text-content-text-primary\"><p><a href=\"mailto:giving@bayareacrisisnursery.org?subject=Donating Stock\">BACN acepta donaciones de acciones. Correo electr\u00f3nico hoy.<\/a><\/p><\/h3>\n<\/div><\/div><\/div><\/div><div class=\"x-col e292-e54 m84-s m84-t\"><iframe loading=\"lazy\" src=\"https:\/\/doublethedonation.com\/api\/iframe\/XvD2NtEV1TSXhAQ1\" height=\"350\" width=\"100%\"><\/iframe><\/div><div class=\"x-col e292-e56 m84-s m84-t\"><a class=\"x-image e292-e57 m84-a m84-b\" href=\"https:\/\/mailchi.mp\/bayareacrisisnursery\/newsletter?dnt=1%22%20data-wplink-edit=%22true%22\" target=\"_blank\" rel=\"noopener noreferrer\"><img decoding=\"async\" src=\"https:\/\/bayareacrisisnursery.org\/wp-content\/uploads\/2022\/08\/News.jpg\" width=\"600\" height=\"400\" alt=\"Newsletter\" loading=\"lazy\"><\/a><div class=\"x-text x-text-headline e292-e58 m84-v m84-w\"><div class=\"x-text-content\"><div class=\"x-text-content-text\"><h3 class=\"x-text-content-text-primary\"><p><a href=\"https:\/\/mailchi.mp\/bayareacrisisnursery\/newsletter?dnt=1\" data-wplink-edit=\"true\">Reg\u00edstrate para seguir en contacto<\/a><\/p><\/h3>\n<\/div><\/div><\/div><\/div><\/div><\/div><\/div><div class=\"x-section e292-e59 m84-0 m84-5 m84-7\"><\/div><div class=\"x-section e292-e60 m84-0 m84-5 m84-7\"><\/div><\/div>","protected":false},"excerpt":{"rendered":"<p>Ser voluntario en BACNBACN es un gran lugar para ser voluntario porque realmente apreciamos a todos y cada uno de nuestros voluntarios. Desde trabajar en la Guarder\u00eda cuidando a nuestros ni\u00f1os hasta trabajar en un evento de recaudaci\u00f3n de fondos o de obsequio comunitario a un grupo que desea retribuir a nuestra comunidad por un d\u00eda, le damos la bienvenida. Tenga en cuenta: Nosotros no... <a href=\"https:\/\/bayareacrisisnursery.org\/es\/donate\/volunteer\/\" class=\"more-link\">Lee mas<\/a><\/p>","protected":false},"author":1,"featured_media":0,"parent":263,"menu_order":3,"comment_status":"closed","ping_status":"closed","template":"template-layout-full-width.php","meta":{"om_disable_all_campaigns":false,"_monsterinsights_skip_tracking":false,"_monsterinsights_sitenote_active":false,"_monsterinsights_sitenote_note":"","_monsterinsights_sitenote_category":0,"_uf_show_specific_survey":0,"_uf_disable_surveys":false,"footnotes":""},"class_list":["post-292","page","type-page","status-publish","hentry","no-post-thumbnail"],"yoast_head":"<!-- This site is optimized with the Yoast SEO Premium plugin v27.2 (Yoast SEO v27.2) - https:\/\/yoast.com\/product\/yoast-seo-premium-wordpress\/ -->\n<title>Volunteer Opportunities<\/title>\n<meta name=\"description\" content=\"BACN has several volunteer opportunities working in the Nursery with children, event volunteers, and community volunteer opportunities.\" \/>\n<meta name=\"robots\" content=\"index, follow, max-snippet:-1, max-image-preview:large, max-video-preview:-1\" \/>\n<link rel=\"canonical\" href=\"https:\/\/bayareacrisisnursery.org\/es\/donate\/volunteer\/\" \/>\n<meta property=\"og:locale\" content=\"es_MX\" \/>\n<meta property=\"og:type\" content=\"article\" \/>\n<meta property=\"og:title\" content=\"Volunteer\" \/>\n<meta property=\"og:description\" content=\"BACN has several volunteer opportunities working in the Nursery with children, event volunteers, and community volunteer opportunities.\" \/>\n<meta property=\"og:url\" content=\"https:\/\/bayareacrisisnursery.org\/es\/donate\/volunteer\/\" \/>\n<meta property=\"og:site_name\" content=\"Bay Area Crisis Nursery\" \/>\n<meta property=\"article:publisher\" content=\"https:\/\/www.facebook.com\/bacnspage\/\" \/>\n<meta property=\"article:modified_time\" content=\"2026-04-16T20:53:31+00:00\" \/>\n<meta name=\"twitter:card\" content=\"summary_large_image\" \/>\n<meta name=\"twitter:site\" content=\"@bacn_nursery\" \/>\n<meta name=\"twitter:label1\" content=\"Tiempo de lectura\" \/>\n\t<meta name=\"twitter:data1\" content=\"8 minutos\" \/>\n<script type=\"application\/ld+json\" class=\"yoast-schema-graph\">{\"@context\":\"https:\/\/schema.org\",\"@graph\":[{\"@type\":\"WebPage\",\"@id\":\"https:\/\/bayareacrisisnursery.org\/donate\/volunteer\/\",\"url\":\"https:\/\/bayareacrisisnursery.org\/donate\/volunteer\/\",\"name\":\"Volunteer Opportunities\",\"isPartOf\":{\"@id\":\"https:\/\/bayareacrisisnursery.org\/#website\"},\"datePublished\":\"2019-04-25T05:00:53+00:00\",\"dateModified\":\"2026-04-16T20:53:31+00:00\",\"description\":\"BACN has several volunteer opportunities working in the Nursery with children, event volunteers, and community volunteer opportunities.\",\"breadcrumb\":{\"@id\":\"https:\/\/bayareacrisisnursery.org\/donate\/volunteer\/#breadcrumb\"},\"inLanguage\":\"es\",\"potentialAction\":[{\"@type\":\"ReadAction\",\"target\":[\"https:\/\/bayareacrisisnursery.org\/donate\/volunteer\/\"]}]},{\"@type\":\"BreadcrumbList\",\"@id\":\"https:\/\/bayareacrisisnursery.org\/donate\/volunteer\/#breadcrumb\",\"itemListElement\":[{\"@type\":\"ListItem\",\"position\":1,\"name\":\"Home\",\"item\":\"https:\/\/bayareacrisisnursery.org\/\"},{\"@type\":\"ListItem\",\"position\":2,\"name\":\"Support\",\"item\":\"https:\/\/bayareacrisisnursery.org\/donate\/\"},{\"@type\":\"ListItem\",\"position\":3,\"name\":\"Volunteer\"}]},{\"@type\":\"WebSite\",\"@id\":\"https:\/\/bayareacrisisnursery.org\/#website\",\"url\":\"https:\/\/bayareacrisisnursery.org\/\",\"name\":\"Bay Area Crisis Nursery\",\"description\":\"A Little Heart. A Little Help. A Lot of Hope.\",\"publisher\":{\"@id\":\"https:\/\/bayareacrisisnursery.org\/#organization\"},\"potentialAction\":[{\"@type\":\"SearchAction\",\"target\":{\"@type\":\"EntryPoint\",\"urlTemplate\":\"https:\/\/bayareacrisisnursery.org\/?s={search_term_string}\"},\"query-input\":{\"@type\":\"PropertyValueSpecification\",\"valueRequired\":true,\"valueName\":\"search_term_string\"}}],\"inLanguage\":\"es\"},{\"@type\":\"Organization\",\"@id\":\"https:\/\/bayareacrisisnursery.org\/#organization\",\"name\":\"Bay Area Crisis Nursery\",\"url\":\"https:\/\/bayareacrisisnursery.org\/\",\"logo\":{\"@type\":\"ImageObject\",\"inLanguage\":\"es\",\"@id\":\"https:\/\/bayareacrisisnursery.org\/#\/schema\/logo\/image\/\",\"url\":\"https:\/\/bayareacrisisnursery.org\/wp-content\/uploads\/2020\/12\/BACN-Logo.png\",\"contentUrl\":\"https:\/\/bayareacrisisnursery.org\/wp-content\/uploads\/2020\/12\/BACN-Logo.png\",\"width\":751,\"height\":374,\"caption\":\"Bay Area Crisis Nursery\"},\"image\":{\"@id\":\"https:\/\/bayareacrisisnursery.org\/#\/schema\/logo\/image\/\"},\"sameAs\":[\"https:\/\/www.facebook.com\/bacnspage\/\",\"https:\/\/x.com\/bacn_nursery\",\"https:\/\/www.instagram.com\/bayareacrisisnursery\/\",\"https:\/\/www.linkedin.com\/company\/bay-area-crisis-nursery\/about\/\"]}]}<\/script>\n<!-- \/ Yoast SEO Premium plugin. -->","yoast_head_json":{"title":"Oportunidades para voluntarios","description":"BACN has several volunteer opportunities working in the Nursery with children, event volunteers, and community volunteer opportunities.","robots":{"index":"index","follow":"follow","max-snippet":"max-snippet:-1","max-image-preview":"max-image-preview:large","max-video-preview":"max-video-preview:-1"},"canonical":"https:\/\/bayareacrisisnursery.org\/es\/donate\/volunteer\/","og_locale":"es_MX","og_type":"article","og_title":"Volunteer","og_description":"BACN has several volunteer opportunities working in the Nursery with children, event volunteers, and community volunteer opportunities.","og_url":"https:\/\/bayareacrisisnursery.org\/es\/donate\/volunteer\/","og_site_name":"Bay Area Crisis Nursery","article_publisher":"https:\/\/www.facebook.com\/bacnspage\/","article_modified_time":"2026-04-16T20:53:31+00:00","twitter_card":"summary_large_image","twitter_site":"@bacn_nursery","twitter_misc":{"Tiempo de lectura":"8 minutos"},"schema":{"@context":"https:\/\/schema.org","@graph":[{"@type":"WebPage","@id":"https:\/\/bayareacrisisnursery.org\/donate\/volunteer\/","url":"https:\/\/bayareacrisisnursery.org\/donate\/volunteer\/","name":"Oportunidades para voluntarios","isPartOf":{"@id":"https:\/\/bayareacrisisnursery.org\/#website"},"datePublished":"2019-04-25T05:00:53+00:00","dateModified":"2026-04-16T20:53:31+00:00","description":"BACN has several volunteer opportunities working in the Nursery with children, event volunteers, and community volunteer opportunities.","breadcrumb":{"@id":"https:\/\/bayareacrisisnursery.org\/donate\/volunteer\/#breadcrumb"},"inLanguage":"es","potentialAction":[{"@type":"ReadAction","target":["https:\/\/bayareacrisisnursery.org\/donate\/volunteer\/"]}]},{"@type":"BreadcrumbList","@id":"https:\/\/bayareacrisisnursery.org\/donate\/volunteer\/#breadcrumb","itemListElement":[{"@type":"ListItem","position":1,"name":"Home","item":"https:\/\/bayareacrisisnursery.org\/"},{"@type":"ListItem","position":2,"name":"Support","item":"https:\/\/bayareacrisisnursery.org\/donate\/"},{"@type":"ListItem","position":3,"name":"Volunteer"}]},{"@type":"WebSite","@id":"https:\/\/bayareacrisisnursery.org\/#website","url":"https:\/\/bayareacrisisnursery.org\/","name":"Guarder\u00eda de crisis del \u00e1rea de la bah\u00eda","description":"Un corazoncito. Un poco de ayuda. Mucha esperanza.","publisher":{"@id":"https:\/\/bayareacrisisnursery.org\/#organization"},"potentialAction":[{"@type":"SearchAction","target":{"@type":"EntryPoint","urlTemplate":"https:\/\/bayareacrisisnursery.org\/?s={search_term_string}"},"query-input":{"@type":"PropertyValueSpecification","valueRequired":true,"valueName":"search_term_string"}}],"inLanguage":"es"},{"@type":"Organization","@id":"https:\/\/bayareacrisisnursery.org\/#organization","name":"Guarder\u00eda de crisis del \u00e1rea de la bah\u00eda","url":"https:\/\/bayareacrisisnursery.org\/","logo":{"@type":"ImageObject","inLanguage":"es","@id":"https:\/\/bayareacrisisnursery.org\/#\/schema\/logo\/image\/","url":"https:\/\/bayareacrisisnursery.org\/wp-content\/uploads\/2020\/12\/BACN-Logo.png","contentUrl":"https:\/\/bayareacrisisnursery.org\/wp-content\/uploads\/2020\/12\/BACN-Logo.png","width":751,"height":374,"caption":"Bay Area Crisis Nursery"},"image":{"@id":"https:\/\/bayareacrisisnursery.org\/#\/schema\/logo\/image\/"},"sameAs":["https:\/\/www.facebook.com\/bacnspage\/","https:\/\/x.com\/bacn_nursery","https:\/\/www.instagram.com\/bayareacrisisnursery\/","https:\/\/www.linkedin.com\/company\/bay-area-crisis-nursery\/about\/"]}]}},"_links":{"self":[{"href":"https:\/\/bayareacrisisnursery.org\/es\/wp-json\/wp\/v2\/pages\/292","targetHints":{"allow":["GET"]}}],"collection":[{"href":"https:\/\/bayareacrisisnursery.org\/es\/wp-json\/wp\/v2\/pages"}],"about":[{"href":"https:\/\/bayareacrisisnursery.org\/es\/wp-json\/wp\/v2\/types\/page"}],"author":[{"embeddable":true,"href":"https:\/\/bayareacrisisnursery.org\/es\/wp-json\/wp\/v2\/users\/1"}],"replies":[{"embeddable":true,"href":"https:\/\/bayareacrisisnursery.org\/es\/wp-json\/wp\/v2\/comments?post=292"}],"version-history":[{"count":40,"href":"https:\/\/bayareacrisisnursery.org\/es\/wp-json\/wp\/v2\/pages\/292\/revisions"}],"predecessor-version":[{"id":7456,"href":"https:\/\/bayareacrisisnursery.org\/es\/wp-json\/wp\/v2\/pages\/292\/revisions\/7456"}],"up":[{"embeddable":true,"href":"https:\/\/bayareacrisisnursery.org\/es\/wp-json\/wp\/v2\/pages\/263"}],"wp:attachment":[{"href":"https:\/\/bayareacrisisnursery.org\/es\/wp-json\/wp\/v2\/media?parent=292"}],"curies":[{"name":"wp","href":"https:\/\/api.w.org\/{rel}","templated":true}]}}