{"id":2968,"date":"2019-11-22T02:58:28","date_gmt":"2019-11-22T02:58:28","guid":{"rendered":"https:\/\/bayareacrisisnursery.org\/?page_id=2968"},"modified":"2026-01-08T20:30:09","modified_gmt":"2026-01-08T20:30:09","slug":"hug","status":"publish","type":"page","link":"https:\/\/bayareacrisisnursery.org\/es\/donate\/hug\/","title":{"rendered":"Programa HUG mensual"},"content":{"rendered":"<div id=\"cs-content\" class=\"cs-content\"><div class=\"x-section e2968-e1 m2ag-0 m2ag-1\"><div class=\"x-container marginless-columns e2968-e2 m2ag-4\"><div class=\"x-column x-sm x-1-1 e2968-e3 m2ag-5\"><img decoding=\"async\"  class=\"x-img x-img-none\"  src=\"https:\/\/bayareacrisisnursery.org\/wp-content\/uploads\/2022\/08\/Monthly-HUG-Banner.png\" alt=\"Support BACN Piggy Bank\"><h2  class=\"h-custom-headline h3\" ><span>Regala un abrazo mensual<\/span><\/h2><\/div><\/div><\/div><div class=\"x-section e2968-e6 m2ag-0 m2ag-1\"><div class=\"x-container marginless-columns e2968-e7 m2ag-4\"><div class=\"x-column x-sm x-1-1 e2968-e8 m2ag-5\"><div class=\"x-content-area e2968-e9 m2ag-6\"><span><b>\u00a1Convi\u00e9rtase en donante de HUG hoy y ayude a los ni\u00f1os durante todo el a\u00f1o!<\/b> HUG (Help Us Grow) es el programa de donaciones mensual de Nursery que ayuda a mantener y hacer crecer nuestra misi\u00f3n de prevenir el abuso y la negligencia infantil. Cuando se une a nuestra misi\u00f3n por tan solo $5 por mes, se une a una comunidad m\u00e1s grande de donantes HUG cuyas contribuciones mensuales combinadas est\u00e1n marcando una gran diferencia en las vidas de los ni\u00f1os y las familias en crisis. <b>\u00a1Un poco suma!<\/b><\/p>\n\n<p>Por tan poco como ...<\/p>\n<ul>\n<li>$5 por mes, puede proporcionar 1 d\u00eda de pa\u00f1ales para 4 beb\u00e9s.\n\n<li>$10 por mes, puede proporcionar 5 comidas para ni\u00f1os.\n<li>$25 por mes, puede financiar la capacitaci\u00f3n de 10 voluntarios cari\u00f1osos de Nursery.\n<li>$50 por mes, puede mantener 4 camas calientes durante 1 noche.<\/ul>\n\n<p>No importa la cantidad, \u00a1su inversi\u00f3n marcar\u00e1 la diferencia en la vida de los ni\u00f1os y las familias en crisis!<b> \u00a1Gracias por convertirse en donante de HUG hoy!<\/b>\n\u200b<\/span><\/div><\/div><\/div><\/div><div class=\"x-section e2968-e10 m2ag-0 m2ag-1 m2ag-2\"><div class=\"x-row e2968-e11 m2ag-7 m2ag-8 m2ag-a\"><div class=\"x-row-inner\"><div class=\"x-col e2968-e12 m2ag-e m2ag-f\"><a  class=\"x-btn x-btn-global\"  href=\"https:\/\/bayareacrisisnursery.app.neoncrm.com\/forms\/hug-donations\" title=\"Donar mensualmente\" target=\"_blank\" rel=\"noopener noreferrer\"   data-options=\"thumbnail: ''\">\u00a1Dale un ABRAZO hoy!<\/a><\/div><\/div><\/div><\/div><div class=\"x-section e2968-e14 m2ag-0 m2ag-3\"><div class=\"x-row e2968-e15 m2ag-7 m2ag-9 m2ag-b m2ag-c\"><div class=\"x-row-inner\"><div class=\"x-col e2968-e16 m2ag-e m2ag-g\"><div class=\"x-text x-text-headline e2968-e17 m2ag-i m2ag-j\"><div class=\"x-text-content\"><div class=\"x-text-content-text\"><h3 class=\"x-text-content-text-primary\">Apoyo BACN<\/h3>\n<\/div><\/div><\/div><\/div><\/div><\/div><div class=\"x-row e2968-e18 m2ag-7 m2ag-9 m2ag-b m2ag-d\"><div class=\"x-row-inner\"><div class=\"x-col e2968-e19 m2ag-e m2ag-g m2ag-h\"><a class=\"x-image e2968-e20 m2ag-l\" href=\"mailto:giving@bayareacrisisnursery.org?subject=Stock%20Donations\" target=\"_blank\" rel=\"noopener noreferrer\"><img decoding=\"async\" src=\"https:\/\/bayareacrisisnursery.org\/wp-content\/uploads\/2019\/12\/Piggy-Stock.jpg\" width=\"847\" height=\"565\" alt=\"Stock Donations\" loading=\"lazy\"><\/a><div class=\"x-text x-text-headline e2968-e21 m2ag-j m2ag-k\"><div class=\"x-text-content\"><div class=\"x-text-content-text\"><h3 class=\"x-text-content-text-primary\"><p><a href=\"mailto:giving@bayareacrisisnursery.org?subject=Donating Stock\">BACN acepta donaciones de acciones. Correo electr\u00f3nico hoy.<\/a><\/p><\/h3>\n<\/div><\/div><\/div><\/div><div class=\"x-col e2968-e22 m2ag-e m2ag-g m2ag-h\"><iframe loading=\"lazy\" src=\"https:\/\/doublethedonation.com\/api\/iframe\/XvD2NtEV1TSXhAQ1\" height=\"350\" width=\"100%\"><\/iframe><\/div><div class=\"x-col e2968-e24 m2ag-e m2ag-g m2ag-h\"><a class=\"x-image e2968-e25 m2ag-l m2ag-m\" href=\"https:\/\/mailchi.mp\/bayareacrisisnursery\/newsletter?dnt=1%22%20data-wplink-edit=%22true%22\" target=\"_blank\" rel=\"noopener noreferrer\"><img decoding=\"async\" src=\"https:\/\/bayareacrisisnursery.org\/wp-content\/uploads\/2022\/08\/News.jpg\" width=\"600\" height=\"400\" alt=\"Newsletter\" loading=\"lazy\"><\/a><div class=\"x-text x-text-headline e2968-e26 m2ag-j m2ag-k\"><div class=\"x-text-content\"><div class=\"x-text-content-text\"><h3 class=\"x-text-content-text-primary\"><p><a href=\"https:\/\/mailchi.mp\/bayareacrisisnursery\/newsletter?dnt=1\" data-wplink-edit=\"true\">Reg\u00edstrate para seguir en contacto<\/a><\/p><\/h3>\n<\/div><\/div><\/div><\/div><\/div><\/div><\/div><div class=\"x-section e2968-e27 m2ag-0 m2ag-1\"><div class=\"x-container marginless-columns e2968-e28 m2ag-4\"><div class=\"x-column x-sm x-1-1 e2968-e29 m2ag-5\"><div class=\"x-content-area e2968-e30 m2ag-6\"><div id=\"x-content-band-1\" class=\"x-content-band border-top border-left border-right border-bottom\" style=\"background-color: #efefef; color: #333;\"><div class=\"x-container max width\"> \n<h4  class=\"h-custom-headline h3\" style=\"margin-top: 0;\"><span>Programar un Tour<\/span><\/h4><\/p>\nExperimente nuestra misi\u00f3n en la pr\u00e1ctica visitando el Vivero para un recorrido.<\/p>\n<p><a  class=\"x-btn x-btn-flat x-btn-global\"  href=\"mailto:giving@bayareacrisisnursery.org&subject=Donor Tour of the Nursery\"     data-options=\"thumbnail: ''\">programar hoy<\/a> <\/div><\/div><\/div><\/div><\/div><\/div><\/div>","protected":false},"excerpt":{"rendered":"<p>D\u00e9 el regalo de un abrazo mensual \u00a1Convi\u00e9rtase en un donante de HUG hoy y ayude a los ni\u00f1os durante todo el a\u00f1o! HUG (Ay\u00fadanos a crecer) es el programa de donaciones mensuales de la guarder\u00eda que ayuda a mantener y hacer crecer nuestra misi\u00f3n de prevenir el abuso y la negligencia infantil. Cuando se une a nuestra misi\u00f3n por tan solo $5 por mes, se une a una comunidad m\u00e1s grande de... <a href=\"https:\/\/bayareacrisisnursery.org\/es\/donate\/hug\/\" class=\"more-link\">Lee mas<\/a><\/p>","protected":false},"author":1,"featured_media":0,"parent":263,"menu_order":0,"comment_status":"closed","ping_status":"closed","template":"template-layout-full-width.php","meta":{"om_disable_all_campaigns":false,"_monsterinsights_skip_tracking":false,"_monsterinsights_sitenote_active":false,"_monsterinsights_sitenote_note":"","_monsterinsights_sitenote_category":0,"_uf_show_specific_survey":0,"_uf_disable_surveys":false,"footnotes":""},"class_list":["post-2968","page","type-page","status-publish","hentry","no-post-thumbnail"],"yoast_head":"<!-- This site is optimized with the Yoast SEO Premium plugin v27.2 (Yoast SEO v27.2) - https:\/\/yoast.com\/product\/yoast-seo-premium-wordpress\/ -->\n<title>Monthly HUG Program - Bay Area Crisis Nursery<\/title>\n<meta name=\"description\" content=\"Become a HUG donor today and help children all year long! HUG (Help Us Grow) is the Nursery\u2019s monthly giving program that helps to sustain and grow our mission to prevent child abuse and neglect.\" \/>\n<meta name=\"robots\" content=\"index, follow, max-snippet:-1, max-image-preview:large, max-video-preview:-1\" \/>\n<link rel=\"canonical\" href=\"https:\/\/bayareacrisisnursery.org\/es\/donate\/hug\/\" \/>\n<meta property=\"og:locale\" content=\"es_MX\" \/>\n<meta property=\"og:type\" content=\"article\" \/>\n<meta property=\"og:title\" content=\"Monthly HUG Program\" \/>\n<meta property=\"og:description\" content=\"Become a HUG donor today and help children all year long! HUG (Help Us Grow) is the Nursery\u2019s monthly giving program that helps to sustain and grow our mission to prevent child abuse and neglect.\" \/>\n<meta property=\"og:url\" content=\"https:\/\/bayareacrisisnursery.org\/es\/donate\/hug\/\" \/>\n<meta property=\"og:site_name\" content=\"Bay Area Crisis Nursery\" \/>\n<meta property=\"article:publisher\" content=\"https:\/\/www.facebook.com\/bacnspage\/\" \/>\n<meta property=\"article:modified_time\" content=\"2026-01-08T20:30:09+00:00\" \/>\n<meta property=\"og:image\" content=\"https:\/\/bayareacrisisnursery.org\/wp-content\/uploads\/2019\/11\/HUG-Banner.jpg\" \/>\n\t<meta property=\"og:image:width\" content=\"1200\" \/>\n\t<meta property=\"og:image:height\" content=\"500\" \/>\n\t<meta property=\"og:image:type\" content=\"image\/jpeg\" \/>\n<meta name=\"twitter:card\" content=\"summary_large_image\" \/>\n<meta name=\"twitter:site\" content=\"@bacn_nursery\" \/>\n<meta name=\"twitter:label1\" content=\"Tiempo de lectura\" \/>\n\t<meta name=\"twitter:data1\" content=\"2 minutos\" \/>\n<script type=\"application\/ld+json\" class=\"yoast-schema-graph\">{\"@context\":\"https:\/\/schema.org\",\"@graph\":[{\"@type\":\"WebPage\",\"@id\":\"https:\/\/bayareacrisisnursery.org\/donate\/hug\/\",\"url\":\"https:\/\/bayareacrisisnursery.org\/donate\/hug\/\",\"name\":\"Monthly HUG Program - Bay Area Crisis Nursery\",\"isPartOf\":{\"@id\":\"https:\/\/bayareacrisisnursery.org\/#website\"},\"datePublished\":\"2019-11-22T02:58:28+00:00\",\"dateModified\":\"2026-01-08T20:30:09+00:00\",\"description\":\"Become a HUG donor today and help children all year long! HUG (Help Us Grow) is the Nursery\u2019s monthly giving program that helps to sustain and grow our mission to prevent child abuse and neglect.\",\"breadcrumb\":{\"@id\":\"https:\/\/bayareacrisisnursery.org\/donate\/hug\/#breadcrumb\"},\"inLanguage\":\"es\",\"potentialAction\":[{\"@type\":\"ReadAction\",\"target\":[\"https:\/\/bayareacrisisnursery.org\/donate\/hug\/\"]}]},{\"@type\":\"BreadcrumbList\",\"@id\":\"https:\/\/bayareacrisisnursery.org\/donate\/hug\/#breadcrumb\",\"itemListElement\":[{\"@type\":\"ListItem\",\"position\":1,\"name\":\"Home\",\"item\":\"https:\/\/bayareacrisisnursery.org\/\"},{\"@type\":\"ListItem\",\"position\":2,\"name\":\"Support\",\"item\":\"https:\/\/bayareacrisisnursery.org\/donate\/\"},{\"@type\":\"ListItem\",\"position\":3,\"name\":\"Monthly HUG Program\"}]},{\"@type\":\"WebSite\",\"@id\":\"https:\/\/bayareacrisisnursery.org\/#website\",\"url\":\"https:\/\/bayareacrisisnursery.org\/\",\"name\":\"Bay Area Crisis Nursery\",\"description\":\"A Little Heart. A Little Help. A Lot of Hope.\",\"publisher\":{\"@id\":\"https:\/\/bayareacrisisnursery.org\/#organization\"},\"potentialAction\":[{\"@type\":\"SearchAction\",\"target\":{\"@type\":\"EntryPoint\",\"urlTemplate\":\"https:\/\/bayareacrisisnursery.org\/?s={search_term_string}\"},\"query-input\":{\"@type\":\"PropertyValueSpecification\",\"valueRequired\":true,\"valueName\":\"search_term_string\"}}],\"inLanguage\":\"es\"},{\"@type\":\"Organization\",\"@id\":\"https:\/\/bayareacrisisnursery.org\/#organization\",\"name\":\"Bay Area Crisis Nursery\",\"url\":\"https:\/\/bayareacrisisnursery.org\/\",\"logo\":{\"@type\":\"ImageObject\",\"inLanguage\":\"es\",\"@id\":\"https:\/\/bayareacrisisnursery.org\/#\/schema\/logo\/image\/\",\"url\":\"https:\/\/bayareacrisisnursery.org\/wp-content\/uploads\/2020\/12\/BACN-Logo.png\",\"contentUrl\":\"https:\/\/bayareacrisisnursery.org\/wp-content\/uploads\/2020\/12\/BACN-Logo.png\",\"width\":751,\"height\":374,\"caption\":\"Bay Area Crisis Nursery\"},\"image\":{\"@id\":\"https:\/\/bayareacrisisnursery.org\/#\/schema\/logo\/image\/\"},\"sameAs\":[\"https:\/\/www.facebook.com\/bacnspage\/\",\"https:\/\/x.com\/bacn_nursery\",\"https:\/\/www.instagram.com\/bayareacrisisnursery\/\",\"https:\/\/www.linkedin.com\/company\/bay-area-crisis-nursery\/about\/\"]}]}<\/script>\n<!-- \/ Yoast SEO Premium plugin. -->","yoast_head_json":{"title":"Monthly HUG Program - Bay Area Crisis Nursery","description":"Become a HUG donor today and help children all year long! HUG (Help Us Grow) is the Nursery\u2019s monthly giving program that helps to sustain and grow our mission to prevent child abuse and neglect.","robots":{"index":"index","follow":"follow","max-snippet":"max-snippet:-1","max-image-preview":"max-image-preview:large","max-video-preview":"max-video-preview:-1"},"canonical":"https:\/\/bayareacrisisnursery.org\/es\/donate\/hug\/","og_locale":"es_MX","og_type":"article","og_title":"Monthly HUG Program","og_description":"Become a HUG donor today and help children all year long! HUG (Help Us Grow) is the Nursery\u2019s monthly giving program that helps to sustain and grow our mission to prevent child abuse and neglect.","og_url":"https:\/\/bayareacrisisnursery.org\/es\/donate\/hug\/","og_site_name":"Bay Area Crisis Nursery","article_publisher":"https:\/\/www.facebook.com\/bacnspage\/","article_modified_time":"2026-01-08T20:30:09+00:00","og_image":[{"width":1200,"height":500,"url":"https:\/\/bayareacrisisnursery.org\/wp-content\/uploads\/2019\/11\/HUG-Banner.jpg","type":"image\/jpeg"}],"twitter_card":"summary_large_image","twitter_site":"@bacn_nursery","twitter_misc":{"Tiempo de lectura":"2 minutos"},"schema":{"@context":"https:\/\/schema.org","@graph":[{"@type":"WebPage","@id":"https:\/\/bayareacrisisnursery.org\/donate\/hug\/","url":"https:\/\/bayareacrisisnursery.org\/donate\/hug\/","name":"Monthly HUG Program - Bay Area Crisis Nursery","isPartOf":{"@id":"https:\/\/bayareacrisisnursery.org\/#website"},"datePublished":"2019-11-22T02:58:28+00:00","dateModified":"2026-01-08T20:30:09+00:00","description":"Become a HUG donor today and help children all year long! HUG (Help Us Grow) is the Nursery\u2019s monthly giving program that helps to sustain and grow our mission to prevent child abuse and neglect.","breadcrumb":{"@id":"https:\/\/bayareacrisisnursery.org\/donate\/hug\/#breadcrumb"},"inLanguage":"es","potentialAction":[{"@type":"ReadAction","target":["https:\/\/bayareacrisisnursery.org\/donate\/hug\/"]}]},{"@type":"BreadcrumbList","@id":"https:\/\/bayareacrisisnursery.org\/donate\/hug\/#breadcrumb","itemListElement":[{"@type":"ListItem","position":1,"name":"Home","item":"https:\/\/bayareacrisisnursery.org\/"},{"@type":"ListItem","position":2,"name":"Support","item":"https:\/\/bayareacrisisnursery.org\/donate\/"},{"@type":"ListItem","position":3,"name":"Monthly HUG Program"}]},{"@type":"WebSite","@id":"https:\/\/bayareacrisisnursery.org\/#website","url":"https:\/\/bayareacrisisnursery.org\/","name":"Guarder\u00eda de crisis del \u00e1rea de la bah\u00eda","description":"Un corazoncito. Un poco de ayuda. Mucha esperanza.","publisher":{"@id":"https:\/\/bayareacrisisnursery.org\/#organization"},"potentialAction":[{"@type":"SearchAction","target":{"@type":"EntryPoint","urlTemplate":"https:\/\/bayareacrisisnursery.org\/?s={search_term_string}"},"query-input":{"@type":"PropertyValueSpecification","valueRequired":true,"valueName":"search_term_string"}}],"inLanguage":"es"},{"@type":"Organization","@id":"https:\/\/bayareacrisisnursery.org\/#organization","name":"Guarder\u00eda de crisis del \u00e1rea de la bah\u00eda","url":"https:\/\/bayareacrisisnursery.org\/","logo":{"@type":"ImageObject","inLanguage":"es","@id":"https:\/\/bayareacrisisnursery.org\/#\/schema\/logo\/image\/","url":"https:\/\/bayareacrisisnursery.org\/wp-content\/uploads\/2020\/12\/BACN-Logo.png","contentUrl":"https:\/\/bayareacrisisnursery.org\/wp-content\/uploads\/2020\/12\/BACN-Logo.png","width":751,"height":374,"caption":"Bay Area Crisis Nursery"},"image":{"@id":"https:\/\/bayareacrisisnursery.org\/#\/schema\/logo\/image\/"},"sameAs":["https:\/\/www.facebook.com\/bacnspage\/","https:\/\/x.com\/bacn_nursery","https:\/\/www.instagram.com\/bayareacrisisnursery\/","https:\/\/www.linkedin.com\/company\/bay-area-crisis-nursery\/about\/"]}]}},"_links":{"self":[{"href":"https:\/\/bayareacrisisnursery.org\/es\/wp-json\/wp\/v2\/pages\/2968","targetHints":{"allow":["GET"]}}],"collection":[{"href":"https:\/\/bayareacrisisnursery.org\/es\/wp-json\/wp\/v2\/pages"}],"about":[{"href":"https:\/\/bayareacrisisnursery.org\/es\/wp-json\/wp\/v2\/types\/page"}],"author":[{"embeddable":true,"href":"https:\/\/bayareacrisisnursery.org\/es\/wp-json\/wp\/v2\/users\/1"}],"replies":[{"embeddable":true,"href":"https:\/\/bayareacrisisnursery.org\/es\/wp-json\/wp\/v2\/comments?post=2968"}],"version-history":[{"count":13,"href":"https:\/\/bayareacrisisnursery.org\/es\/wp-json\/wp\/v2\/pages\/2968\/revisions"}],"predecessor-version":[{"id":7425,"href":"https:\/\/bayareacrisisnursery.org\/es\/wp-json\/wp\/v2\/pages\/2968\/revisions\/7425"}],"up":[{"embeddable":true,"href":"https:\/\/bayareacrisisnursery.org\/es\/wp-json\/wp\/v2\/pages\/263"}],"wp:attachment":[{"href":"https:\/\/bayareacrisisnursery.org\/es\/wp-json\/wp\/v2\/media?parent=2968"}],"curies":[{"name":"wp","href":"https:\/\/api.w.org\/{rel}","templated":true}]}}