{"id":5408,"date":"2020-02-26T21:31:26","date_gmt":"2020-02-26T21:31:26","guid":{"rendered":"https:\/\/bayareacrisisnursery.org\/?page_id=5408"},"modified":"2026-01-30T05:34:46","modified_gmt":"2026-01-30T05:34:46","slug":"easter-baskets","status":"publish","type":"page","link":"https:\/\/bayareacrisisnursery.org\/es\/other-ways-to-give\/easter-baskets\/","title":{"rendered":"Cestas de Pascua"},"content":{"rendered":"<div id=\"cs-content\" class=\"cs-content\"><div class=\"x-section e5408-e1 m468-0 m468-1 m468-2\"><div class=\"x-container marginless-columns e5408-e2 m468-6\"><div class=\"x-column x-sm x-1-1 e5408-e3 m468-7\"><img decoding=\"async\"  class=\"x-img x-img-none\"  src=\"https:\/\/bayareacrisisnursery.org\/wp-content\/uploads\/2022\/09\/Easter-Basket-Banner.jpg\" alt=\"Easter-Baskets\"><\/div><\/div><\/div><div class=\"x-section e5408-e5 m468-0 m468-1 m468-2\"><div class=\"x-container marginless-columns e5408-e6 m468-6\"><div class=\"x-column x-sm x-1-1 e5408-e7 m468-7\"><h2  class=\"h-custom-headline h3\" ><span>Sorteo de canasta de Pascua<\/span><\/h2><\/div><\/div><div class=\"x-container marginless-columns e5408-e9 m468-6\"><\/div><\/div><div class=\"x-section e5408-e10 m468-0 m468-1 m468-2\"><div class=\"x-container marginless-columns e5408-e11 m468-6\"><div class=\"x-column x-sm x-1-1 e5408-e12 m468-7\"><div class=\"x-content-area e5408-e13 m468-8\"><p>\u00a1Cada a\u00f1o brindamos a los ni\u00f1os la alegr\u00eda de tener una canasta de Pascua especial hecha solo para ellos! Nuestro objetivo es proporcionar una canasta de Pascua a cada ni\u00f1o que se ha quedado con nosotros en la guarder\u00eda y a sus hermanos hasta los 12 a\u00f1os. \u00a1Puede ayudar donando canastas de Pascua completamente surtidas! <strong><a href=\"tel:9256856633\">Llame al 925.685.6633 <\/a><\/strong>o<strong><a href=\"mailto:tessa@bayareacrisisnursery.org?subject=Easter Baskets\"> Env\u00edenos un correo electr\u00f3nico<\/a><\/strong> para informarnos cu\u00e1ntas cestas le gustar\u00eda donar. Le enviaremos los nombres y edades de los ni\u00f1os.<\/p>\n<p><b>Una canasta de Pascua completa contiene:<\/b><\/p>\n<ul>\n<li>Una canasta<\/li>\n<li>Pasto de pascua<\/li>\n<li>Un conejito de Pascua de chocolate<\/li>\n<li>Caramelo envuelto<\/li>\n<li>3 art\u00edculos apropiados para la edad<\/li>\n<li>Peque\u00f1o animal de peluche o un libro.<\/li>\n<li>\u00a1Todo envuelto en celof\u00e1n!<\/li>\n<\/ul>\n<p><b>Ideas para art\u00edculos apropiados para la edad:<\/b><\/p>\n<ul>\n<li><b>Beb\u00e9s\u2014<\/b>Sonajeros, anillos grandes, juguetes para apretar, juguetes para la dentici\u00f3n, mu\u00f1ecos blandos, pelotas texturizadas y vinilos y libros de cart\u00f3n.<\/li>\n<\/ul>\n<ul>\n<li><b>Ni\u00f1os peque\u00f1os\u2014<\/b>Vasos para sorber, burbujas, cintas para la cabeza y mo\u00f1os, juguetes para el ba\u00f1o, vasos apilables, animales de peluche, libros de cart\u00f3n y ropa.<\/li>\n<\/ul>\n<ul>\n<li><b>Ni\u00f1os en edad preescolar y jard\u00edn de infantes\u2014<\/b>Juguete, libro de cart\u00f3n, crayones y libros para colorear, tiza para la acera, plastilina, bloques, lazos para el cabello y ropa.<\/li>\n<\/ul>\n<ul>\n<li><b>Edad escolar-<\/b>Autos peque\u00f1os, juegos de arte y manualidades, art\u00edculos para disfrazarse, juegos peque\u00f1os, cuerdas para saltar, libros y ropa.<\/li>\n<\/ul>\n<ul>\n<li><b>Ni\u00f1os mayores-<\/b>Joyas, tarjetas de regalo peque\u00f1as, relojes, barajas, juegos, m\u00fasica y pel\u00edculas populares, lociones y aerosoles para el cuerpo, juegos de manicura, joyas y balones deportivos.<\/li>\n<\/ul>\n<p>Este es un gran proyecto en el que pueden participar ni\u00f1os de todas las edades: re\u00fana a un grupo de amigos, compa\u00f1eros de trabajo, miembros de la iglesia o incluso exploradores para comprar y donar como una forma divertida y significativa de ayudar a los dem\u00e1s. \u00a1Su apoyo es muy apreciado!<\/p>\n<p><b>Tiempos de entrega de donaciones<\/b><br \/><b>Mar 25 - 27, 2026| 10 am - 5 pm<br \/>Ubicaci\u00f3n: 1510 Mendocino Dr, Concord<\/b><\/p><\/div><\/div><\/div><\/div><div class=\"x-section e5408-e14 m468-0 m468-1 m468-3 m468-4\"><div class=\"x-row e5408-e15 m468-9 m468-a m468-c m468-d\"><div class=\"x-row-inner\"><div class=\"x-col e5408-e16 m468-i m468-j\"><a  class=\"x-btn x-btn-global\"  href=\"https:\/\/bayareacrisisnursery.app.neoncrm.com\/forms\/holiday-donations\" title=\"Donaciones de canastas de Pascua\" target=\"_blank\" rel=\"noopener noreferrer\"   data-options=\"thumbnail: ''\">Done hoy a nuestra campa\u00f1a navide\u00f1a<\/a><\/div><\/div><\/div><\/div><div class=\"x-section e5408-e18 m468-0 m468-1 m468-4\"><div class=\"x-row e5408-e19 m468-9 m468-a m468-c m468-e\"><div class=\"x-row-inner\"><div class=\"x-col e5408-e20 m468-i m468-k\"><div class=\"x-content-area e5408-e21 m468-8\"><p><div id=\"x-content-band-1\" class=\"x-content-band border-top border-left border-right border-bottom\" style=\"background-color: #efefef; color: #333;\"><div class=\"x-container max width\"> <h4  class=\"h-custom-headline h3\" style=\"margin-top: 0;\"><span>Cestas de Pascua<\/span><\/h4><\/p>\n<p>Interested in donating several Easter baskets? Just fill out the form below, letting us know how many Easter baskets you would like to put together, and we will send you the ages of the children.<\/p>\n<p><a  class=\"x-btn x-btn-flat x-btn-global\"  href=\"https:\/\/docs.google.com\/forms\/d\/e\/1FAIpQLSeTDN6JUHIIZoyTfnmnWjxy1seWQD1oEMKmQdsHzVD2nlxLZw\/viewform?usp=header\"     data-options=\"thumbnail: ''\">Sign Up to Donate!<\/a> <\/div><\/div><\/p><\/div><\/div><\/div><\/div><\/div><div class=\"x-section e5408-e22 m468-0 m468-2 m468-5\"><div class=\"x-row e5408-e23 m468-9 m468-b m468-f m468-g\"><div class=\"x-row-inner\"><div class=\"x-col e5408-e24 m468-i m468-k\"><div class=\"x-text x-text-headline e5408-e25 m468-m m468-n\"><div class=\"x-text-content\"><div class=\"x-text-content-text\"><h3 class=\"x-text-content-text-primary\">Apoyo BACN<\/h3>\n<\/div><\/div><\/div><\/div><\/div><\/div><div class=\"x-row e5408-e26 m468-9 m468-b m468-f m468-h\"><div class=\"x-row-inner\"><div class=\"x-col e5408-e27 m468-i m468-k m468-l\"><a class=\"x-image e5408-e28 m468-p\" href=\"mailto:giving@bayareacrisisnursery.org?subject=Stock%20Donations\" target=\"_blank\" rel=\"noopener noreferrer\"><img decoding=\"async\" src=\"https:\/\/bayareacrisisnursery.org\/wp-content\/uploads\/2019\/12\/Piggy-Stock.jpg\" width=\"847\" height=\"565\" alt=\"Stock Donations\" loading=\"lazy\"><\/a><div class=\"x-text x-text-headline e5408-e29 m468-n m468-o\"><div class=\"x-text-content\"><div class=\"x-text-content-text\"><h3 class=\"x-text-content-text-primary\"><p><a href=\"mailto:giving@bayareacrisisnursery.org?subject=Donating Stock\">BACN acepta donaciones de acciones. Correo electr\u00f3nico hoy.<\/a><\/p><\/h3>\n<\/div><\/div><\/div><\/div><div class=\"x-col e5408-e30 m468-i m468-k m468-l\"><iframe loading=\"lazy\" src=\"https:\/\/doublethedonation.com\/api\/iframe\/XvD2NtEV1TSXhAQ1\" height=\"350\" width=\"100%\"><\/iframe><\/div><div class=\"x-col e5408-e32 m468-i m468-k m468-l\"><a class=\"x-image e5408-e33 m468-p m468-q\" href=\"https:\/\/bayareacrisisnursery.org\/es\/programs\/crisis-care\/\" target=\"_blank\" rel=\"noopener noreferrer\"><img decoding=\"async\" src=\"https:\/\/bayareacrisisnursery.org\/wp-content\/uploads\/2022\/08\/News.jpg\" width=\"600\" height=\"400\" alt=\"Newsletter\" loading=\"lazy\"><\/a><div class=\"x-text x-text-headline e5408-e34 m468-n m468-o\"><div class=\"x-text-content\"><div class=\"x-text-content-text\"><h3 class=\"x-text-content-text-primary\"><p><a href=\"https:\/\/mailchi.mp\/bayareacrisisnursery\/newsletter?dnt=1\" data-wplink-edit=\"true\">Reg\u00edstrate para seguir en contacto<\/a><\/p><\/h3>\n<\/div><\/div><\/div><\/div><\/div><\/div><\/div><\/div>","protected":false},"excerpt":{"rendered":"<p>Easter Basket GiveawayEach year we provide children with the joy of having a special Easter basket made just for them! Our goal is to provide an Easter Basket to each child who has stayed with us at the Nursery, and their siblings up to age 12. You can help by donating fully stocked Easter baskets! Call 925.685.6633 or email us &#8230; <a href=\"https:\/\/bayareacrisisnursery.org\/es\/other-ways-to-give\/easter-baskets\/\" class=\"more-link\">Lee mas<\/a><\/p>","protected":false},"author":1,"featured_media":0,"parent":270,"menu_order":0,"comment_status":"closed","ping_status":"closed","template":"template-layout-full-width.php","meta":{"om_disable_all_campaigns":false,"_monsterinsights_skip_tracking":false,"_monsterinsights_sitenote_active":false,"_monsterinsights_sitenote_note":"","_monsterinsights_sitenote_category":0,"_uf_show_specific_survey":0,"_uf_disable_surveys":false,"footnotes":""},"class_list":["post-5408","page","type-page","status-publish","hentry","no-post-thumbnail"],"yoast_head":"<!-- This site is optimized with the Yoast SEO Premium plugin v27.2 (Yoast SEO v27.2) - https:\/\/yoast.com\/product\/yoast-seo-premium-wordpress\/ -->\n<title>Easter Baskets - Bay Area Crisis Nursery<\/title>\n<meta name=\"description\" content=\"BACN provides Easter baskets to children each year. You can help by donating items for the baskets! Spread a little joy this Easter!\" \/>\n<meta name=\"robots\" content=\"index, follow, max-snippet:-1, max-image-preview:large, max-video-preview:-1\" \/>\n<link rel=\"canonical\" href=\"https:\/\/bayareacrisisnursery.org\/es\/other-ways-to-give\/easter-baskets\/\" \/>\n<meta property=\"og:locale\" content=\"es_MX\" \/>\n<meta property=\"og:type\" content=\"article\" \/>\n<meta property=\"og:title\" content=\"Easter Baskets\" \/>\n<meta property=\"og:description\" content=\"BACN provides Easter baskets to children each year. You can help by donating items for the baskets! Spread a little joy this Easter!\" \/>\n<meta property=\"og:url\" content=\"https:\/\/bayareacrisisnursery.org\/es\/other-ways-to-give\/easter-baskets\/\" \/>\n<meta property=\"og:site_name\" content=\"Bay Area Crisis Nursery\" \/>\n<meta property=\"article:publisher\" content=\"https:\/\/www.facebook.com\/bacnspage\/\" \/>\n<meta property=\"article:modified_time\" content=\"2026-01-30T05:34:46+00:00\" \/>\n<meta name=\"twitter:card\" content=\"summary_large_image\" \/>\n<meta name=\"twitter:site\" content=\"@bacn_nursery\" \/>\n<meta name=\"twitter:label1\" content=\"Tiempo de lectura\" \/>\n\t<meta name=\"twitter:data1\" content=\"2 minutos\" \/>\n<script type=\"application\/ld+json\" class=\"yoast-schema-graph\">{\"@context\":\"https:\/\/schema.org\",\"@graph\":[{\"@type\":\"WebPage\",\"@id\":\"https:\/\/bayareacrisisnursery.org\/other-ways-to-give\/easter-baskets\/\",\"url\":\"https:\/\/bayareacrisisnursery.org\/other-ways-to-give\/easter-baskets\/\",\"name\":\"Easter Baskets - Bay Area Crisis Nursery\",\"isPartOf\":{\"@id\":\"https:\/\/bayareacrisisnursery.org\/#website\"},\"datePublished\":\"2020-02-26T21:31:26+00:00\",\"dateModified\":\"2026-01-30T05:34:46+00:00\",\"description\":\"BACN provides Easter baskets to children each year. You can help by donating items for the baskets! Spread a little joy this Easter!\",\"breadcrumb\":{\"@id\":\"https:\/\/bayareacrisisnursery.org\/other-ways-to-give\/easter-baskets\/#breadcrumb\"},\"inLanguage\":\"es\",\"potentialAction\":[{\"@type\":\"ReadAction\",\"target\":[\"https:\/\/bayareacrisisnursery.org\/other-ways-to-give\/easter-baskets\/\"]}]},{\"@type\":\"BreadcrumbList\",\"@id\":\"https:\/\/bayareacrisisnursery.org\/other-ways-to-give\/easter-baskets\/#breadcrumb\",\"itemListElement\":[{\"@type\":\"ListItem\",\"position\":1,\"name\":\"Home\",\"item\":\"https:\/\/bayareacrisisnursery.org\/\"},{\"@type\":\"ListItem\",\"position\":2,\"name\":\"Other Ways to Give\",\"item\":\"https:\/\/bayareacrisisnursery.org\/other-ways-to-give\/\"},{\"@type\":\"ListItem\",\"position\":3,\"name\":\"Easter Baskets\"}]},{\"@type\":\"WebSite\",\"@id\":\"https:\/\/bayareacrisisnursery.org\/#website\",\"url\":\"https:\/\/bayareacrisisnursery.org\/\",\"name\":\"Bay Area Crisis Nursery\",\"description\":\"A Little Heart. A Little Help. A Lot of Hope.\",\"publisher\":{\"@id\":\"https:\/\/bayareacrisisnursery.org\/#organization\"},\"potentialAction\":[{\"@type\":\"SearchAction\",\"target\":{\"@type\":\"EntryPoint\",\"urlTemplate\":\"https:\/\/bayareacrisisnursery.org\/?s={search_term_string}\"},\"query-input\":{\"@type\":\"PropertyValueSpecification\",\"valueRequired\":true,\"valueName\":\"search_term_string\"}}],\"inLanguage\":\"es\"},{\"@type\":\"Organization\",\"@id\":\"https:\/\/bayareacrisisnursery.org\/#organization\",\"name\":\"Bay Area Crisis Nursery\",\"url\":\"https:\/\/bayareacrisisnursery.org\/\",\"logo\":{\"@type\":\"ImageObject\",\"inLanguage\":\"es\",\"@id\":\"https:\/\/bayareacrisisnursery.org\/#\/schema\/logo\/image\/\",\"url\":\"https:\/\/bayareacrisisnursery.org\/wp-content\/uploads\/2020\/12\/BACN-Logo.png\",\"contentUrl\":\"https:\/\/bayareacrisisnursery.org\/wp-content\/uploads\/2020\/12\/BACN-Logo.png\",\"width\":751,\"height\":374,\"caption\":\"Bay Area Crisis Nursery\"},\"image\":{\"@id\":\"https:\/\/bayareacrisisnursery.org\/#\/schema\/logo\/image\/\"},\"sameAs\":[\"https:\/\/www.facebook.com\/bacnspage\/\",\"https:\/\/x.com\/bacn_nursery\",\"https:\/\/www.instagram.com\/bayareacrisisnursery\/\",\"https:\/\/www.linkedin.com\/company\/bay-area-crisis-nursery\/about\/\"]}]}<\/script>\n<!-- \/ Yoast SEO Premium plugin. -->","yoast_head_json":{"title":"Easter Baskets - Bay Area Crisis Nursery","description":"BACN provides Easter baskets to children each year. You can help by donating items for the baskets! Spread a little joy this Easter!","robots":{"index":"index","follow":"follow","max-snippet":"max-snippet:-1","max-image-preview":"max-image-preview:large","max-video-preview":"max-video-preview:-1"},"canonical":"https:\/\/bayareacrisisnursery.org\/es\/other-ways-to-give\/easter-baskets\/","og_locale":"es_MX","og_type":"article","og_title":"Easter Baskets","og_description":"BACN provides Easter baskets to children each year. You can help by donating items for the baskets! Spread a little joy this Easter!","og_url":"https:\/\/bayareacrisisnursery.org\/es\/other-ways-to-give\/easter-baskets\/","og_site_name":"Bay Area Crisis Nursery","article_publisher":"https:\/\/www.facebook.com\/bacnspage\/","article_modified_time":"2026-01-30T05:34:46+00:00","twitter_card":"summary_large_image","twitter_site":"@bacn_nursery","twitter_misc":{"Tiempo de lectura":"2 minutos"},"schema":{"@context":"https:\/\/schema.org","@graph":[{"@type":"WebPage","@id":"https:\/\/bayareacrisisnursery.org\/other-ways-to-give\/easter-baskets\/","url":"https:\/\/bayareacrisisnursery.org\/other-ways-to-give\/easter-baskets\/","name":"Easter Baskets - Bay Area Crisis Nursery","isPartOf":{"@id":"https:\/\/bayareacrisisnursery.org\/#website"},"datePublished":"2020-02-26T21:31:26+00:00","dateModified":"2026-01-30T05:34:46+00:00","description":"BACN provides Easter baskets to children each year. You can help by donating items for the baskets! Spread a little joy this Easter!","breadcrumb":{"@id":"https:\/\/bayareacrisisnursery.org\/other-ways-to-give\/easter-baskets\/#breadcrumb"},"inLanguage":"es","potentialAction":[{"@type":"ReadAction","target":["https:\/\/bayareacrisisnursery.org\/other-ways-to-give\/easter-baskets\/"]}]},{"@type":"BreadcrumbList","@id":"https:\/\/bayareacrisisnursery.org\/other-ways-to-give\/easter-baskets\/#breadcrumb","itemListElement":[{"@type":"ListItem","position":1,"name":"Home","item":"https:\/\/bayareacrisisnursery.org\/"},{"@type":"ListItem","position":2,"name":"Other Ways to Give","item":"https:\/\/bayareacrisisnursery.org\/other-ways-to-give\/"},{"@type":"ListItem","position":3,"name":"Easter Baskets"}]},{"@type":"WebSite","@id":"https:\/\/bayareacrisisnursery.org\/#website","url":"https:\/\/bayareacrisisnursery.org\/","name":"Guarder\u00eda de crisis del \u00e1rea de la bah\u00eda","description":"Un corazoncito. Un poco de ayuda. Mucha esperanza.","publisher":{"@id":"https:\/\/bayareacrisisnursery.org\/#organization"},"potentialAction":[{"@type":"SearchAction","target":{"@type":"EntryPoint","urlTemplate":"https:\/\/bayareacrisisnursery.org\/?s={search_term_string}"},"query-input":{"@type":"PropertyValueSpecification","valueRequired":true,"valueName":"search_term_string"}}],"inLanguage":"es"},{"@type":"Organization","@id":"https:\/\/bayareacrisisnursery.org\/#organization","name":"Guarder\u00eda de crisis del \u00e1rea de la bah\u00eda","url":"https:\/\/bayareacrisisnursery.org\/","logo":{"@type":"ImageObject","inLanguage":"es","@id":"https:\/\/bayareacrisisnursery.org\/#\/schema\/logo\/image\/","url":"https:\/\/bayareacrisisnursery.org\/wp-content\/uploads\/2020\/12\/BACN-Logo.png","contentUrl":"https:\/\/bayareacrisisnursery.org\/wp-content\/uploads\/2020\/12\/BACN-Logo.png","width":751,"height":374,"caption":"Bay Area Crisis Nursery"},"image":{"@id":"https:\/\/bayareacrisisnursery.org\/#\/schema\/logo\/image\/"},"sameAs":["https:\/\/www.facebook.com\/bacnspage\/","https:\/\/x.com\/bacn_nursery","https:\/\/www.instagram.com\/bayareacrisisnursery\/","https:\/\/www.linkedin.com\/company\/bay-area-crisis-nursery\/about\/"]}]}},"_links":{"self":[{"href":"https:\/\/bayareacrisisnursery.org\/es\/wp-json\/wp\/v2\/pages\/5408","targetHints":{"allow":["GET"]}}],"collection":[{"href":"https:\/\/bayareacrisisnursery.org\/es\/wp-json\/wp\/v2\/pages"}],"about":[{"href":"https:\/\/bayareacrisisnursery.org\/es\/wp-json\/wp\/v2\/types\/page"}],"author":[{"embeddable":true,"href":"https:\/\/bayareacrisisnursery.org\/es\/wp-json\/wp\/v2\/users\/1"}],"replies":[{"embeddable":true,"href":"https:\/\/bayareacrisisnursery.org\/es\/wp-json\/wp\/v2\/comments?post=5408"}],"version-history":[{"count":13,"href":"https:\/\/bayareacrisisnursery.org\/es\/wp-json\/wp\/v2\/pages\/5408\/revisions"}],"predecessor-version":[{"id":7431,"href":"https:\/\/bayareacrisisnursery.org\/es\/wp-json\/wp\/v2\/pages\/5408\/revisions\/7431"}],"up":[{"embeddable":true,"href":"https:\/\/bayareacrisisnursery.org\/es\/wp-json\/wp\/v2\/pages\/270"}],"wp:attachment":[{"href":"https:\/\/bayareacrisisnursery.org\/es\/wp-json\/wp\/v2\/media?parent=5408"}],"curies":[{"name":"wp","href":"https:\/\/api.w.org\/{rel}","templated":true}]}}