{"id":6466,"date":"2022-08-23T21:42:40","date_gmt":"2022-08-23T21:42:40","guid":{"rendered":"https:\/\/bayareacrisisnursery.org\/?page_id=6466"},"modified":"2025-03-20T21:21:33","modified_gmt":"2025-03-20T21:21:33","slug":"respite-care","status":"publish","type":"page","link":"https:\/\/bayareacrisisnursery.org\/es\/programs\/respite-care\/","title":{"rendered":"cuidado de relevo"},"content":{"rendered":"<div id=\"cs-content\" class=\"cs-content\"><div class=\"x-section e6466-e1 m4zm-0 m4zm-1 m4zm-2 m4zm-3\"><div class=\"x-row e6466-e2 m4zm-8 m4zm-a m4zm-b\"><div class=\"x-row-inner\"><div class=\"x-col e6466-e3 m4zm-i m4zm-j\"><span class=\"x-image e6466-e4 m4zm-n m4zm-o\"><img decoding=\"async\" src=\"https:\/\/bayareacrisisnursery.org\/wp-content\/uploads\/2022\/08\/Respite-Care-Child.png\" width=\"1200\" height=\"400\" alt=\"Respite Care\" loading=\"lazy\"><\/span><\/div><\/div><\/div><\/div><div class=\"x-section e6466-e5 m4zm-0 m4zm-3 m4zm-4 m4zm-5\"><div class=\"x-row e6466-e6 m4zm-8 m4zm-9 m4zm-a m4zm-c\"><div class=\"x-row-inner\"><div class=\"x-col e6466-e7 m4zm-i m4zm-j m4zm-k\"><blockquote class=\"x-quote e6466-e8 m4zm-r\"><div class=\"x-quote-content\"><div class=\"x-quote-text\">Mis hijos crecieron yendo a la guarder\u00eda. Este lugar ha sido una bendici\u00f3n para mi familia. Son muy cari\u00f1osos. Proporcionaron descansos para las familias, es como tener una ni\u00f1era de guardia.<\/div><footer class=\"x-quote-cite\"><span class=\"x-quote-cite-text\">Shanell<\/span><\/footer><\/div><\/blockquote><\/div><div class=\"x-col e6466-e9 m4zm-i m4zm-j\"><i class=\"x-icon e6466-e10 m4zm-s\" aria-hidden=\"true\" data-x-icon-l=\"&#xf77c;\"><\/i><div class=\"x-text x-content e6466-e11 m4zm-t\">Los ni\u00f1os pueden quedarse de 24 a 72 horas al mes.<\/div><\/div><div class=\"x-col e6466-e12 m4zm-i m4zm-j m4zm-k\"><blockquote class=\"x-quote e6466-e13 m4zm-r\"><div class=\"x-quote-content\"><div class=\"x-quote-text\">Utilic\u00e9 este incre\u00edble servicio por primera vez el otro d\u00eda. Me dieron un descanso muy necesario. Mi hija se divirti\u00f3 tanto que no quer\u00eda dejar a sus nuevos amigos. Gente dulce trabaja all\u00ed. Me alegro de haber probado esto. Un regalo del cielo absoluto.<\/div><footer class=\"x-quote-cite\"><span class=\"x-quote-cite-text\">registro<\/span><\/footer><\/div><\/blockquote><\/div><\/div><\/div><\/div><div class=\"x-section e6466-e14 m4zm-0 m4zm-1 m4zm-3 m4zm-6\"><div class=\"x-row e6466-e15 m4zm-8 m4zm-a m4zm-d\"><div class=\"x-row-inner\"><div class=\"x-col e6466-e16 m4zm-i m4zm-j\"><hr class=\"x-line e6466-e17 m4zm-u\"\/><\/div><\/div><\/div><\/div><div class=\"x-section e6466-e18 m4zm-0 m4zm-1 m4zm-3 m4zm-6\"><div class=\"x-row e6466-e19 m4zm-8 m4zm-a m4zm-e\"><div class=\"x-row-inner\"><div class=\"x-col e6466-e20 m4zm-i m4zm-l\"><p>Respite Care es un cuidado a corto plazo para ni\u00f1os que brinda a los padres y cuidadores tiempo para descansar, relajarse y atender sus propias necesidades. La Guarder\u00eda de Crisis del \u00c1rea de la Bah\u00eda ofrece visitas mensuales de cuidado de relevo que van desde las 24 horas hasta los 3 d\u00edas. Las familias pueden programar una visita con un mes de anticipaci\u00f3n. Las familias tambi\u00e9n pueden programar una visita de un d\u00eda a trav\u00e9s de nuestro programa de Servicios de cuidado infantil de emergencia. <\/p>\n\nCriar ni\u00f1os peque\u00f1os viene con mucha alegr\u00eda, pero tambi\u00e9n puede ser un desaf\u00edo y, a veces, agotador. La crianza es continua. Muchos padres dejan de lado sus propias necesidades f\u00edsicas y de salud mental, amigos e intereses para centrarse en sus hijos. Nos olvidamos de lo importante que es cuidarnos. Respite Care les permite a los padres y tutores tiempo para ellos mismos. Estos breves descansos pueden significar ir a una cita con el m\u00e9dico, salir con amigos, tener tiempo para descansar y relajarse, o hacer algo solo para usted.<\/p>\n\nRespite Care es especialmente importante para las familias que cuidan a ni\u00f1os con discapacidades del desarrollo y problemas de comportamiento. Hemos cuidado ni\u00f1os por m\u00e1s de 40 a\u00f1os. Nuestro personal de cuidado infantil tiene mucha experiencia trabajando con ni\u00f1os que tienen necesidades especiales. Puede contar con nosotros para brindarle la mejor atenci\u00f3n a su hijo. Respite Care es especialmente importante para las familias que cuidan a ni\u00f1os con discapacidades del desarrollo y problemas de comportamiento.<\/p>\n\n<p>Para programar una visita de cuidado de relevo, <b><a href=\"tel:925-685-6633\">por favor llama<\/a><\/b> la enfermer\u00eda. Estamos disponibles las 24 horas del d\u00eda.<\/p>\n\nGracias a varias asociaciones y fondos privados, la Guarder\u00eda puede ofrecer cuidado de ni\u00f1os de emergencia gratuito para familias de bajos ingresos. El financiamiento es proporcionado en parte por el Condado de Contra Costa, la Ciudad de Antioch, la Ciudad de Concord y el Fondo de Mitigaci\u00f3n de Keller Canyon. <\/p><\/div><\/div><\/div><\/div><div class=\"x-section e6466-e22 m4zm-0 m4zm-1 m4zm-3 m4zm-6\"><div class=\"x-row e6466-e23 m4zm-8 m4zm-a m4zm-f\"><div class=\"x-row-inner\"><div class=\"x-col e6466-e24 m4zm-i m4zm-j\"><div id=\"x-content-band-1\" class=\"x-content-band border-top border-left border-right border-bottom\" style=\"background-color: #efefef; color: #333;\"><div class=\"x-container max width\"> \n\n<h4  class=\"h-custom-headline h3\" style=\"margin-top: 0;\"><span>Programar un Tour<\/span><\/h4><\/p>\n\nLas familias pueden programar un recorrido por la Guarder\u00eda, conocer a nuestro personal y ver d\u00f3nde se hospedar\u00e1n sus hijos.<\/p>\n\n<p><a  class=\"x-btn x-btn-flat x-btn-global\"  href=\"mailto:gina@bayareacrisisnursery.org&subject=Parent Tour of the Nursery\"     data-options=\"thumbnail: ''\">programar hoy<\/a> <\/div><\/div><\/div><\/div><\/div><\/div><div class=\"x-section e6466-e26 m4zm-0 m4zm-4 m4zm-7\"><div class=\"x-row e6466-e27 m4zm-8 m4zm-9 m4zm-a m4zm-g\"><div class=\"x-row-inner\"><div class=\"x-col e6466-e28 m4zm-i m4zm-j\"><div class=\"x-text x-text-headline e6466-e29 m4zm-v m4zm-w\"><div class=\"x-text-content\"><div class=\"x-text-content-text\"><h3 class=\"x-text-content-text-primary\">Apoyo BACN<\/h3>\n<\/div><\/div><\/div><\/div><\/div><\/div><div class=\"x-row e6466-e30 m4zm-8 m4zm-9 m4zm-a m4zm-h\"><div class=\"x-row-inner\"><div class=\"x-col e6466-e31 m4zm-i m4zm-j m4zm-m\"><a class=\"x-image e6466-e32 m4zm-n m4zm-p\" href=\"https:\/\/bayareacrisisnursery.app.neoncrm.com\/forms\/donate\" target=\"_blank\" rel=\"noopener noreferrer\"><img decoding=\"async\" src=\"https:\/\/bayareacrisisnursery.org\/wp-content\/uploads\/2022\/08\/Piggy-Bank.jpg\" width=\"600\" height=\"400\" alt=\"Donate Today\" loading=\"lazy\"><\/a><div class=\"x-text x-text-headline e6466-e33 m4zm-w m4zm-x\"><div class=\"x-text-content\"><div class=\"x-text-content-text\"><h3 class=\"x-text-content-text-primary\"><a href=\"https:\/\/bayareacrisisnursery.app.neoncrm.com\/forms\/donate\" data-wplink-edit=\"true\">Done hoy!<\/a><\/h3>\n<\/div><\/div><\/div><\/div><div class=\"x-col e6466-e34 m4zm-i m4zm-j m4zm-m\"><a class=\"x-image e6466-e35 m4zm-n m4zm-p m4zm-q\" href=\"https:\/\/mailchi.mp\/bayareacrisisnursery\/newsletter?dnt=1%22%20data-wplink-edit=%22true%22\" target=\"_blank\" rel=\"noopener noreferrer\"><img decoding=\"async\" src=\"https:\/\/bayareacrisisnursery.org\/wp-content\/uploads\/2022\/08\/News.jpg\" width=\"600\" height=\"400\" alt=\"Newsletter\" loading=\"lazy\"><\/a><div class=\"x-text x-text-headline e6466-e36 m4zm-w m4zm-x\"><div class=\"x-text-content\"><div class=\"x-text-content-text\"><h3 class=\"x-text-content-text-primary\"><p><a href=\"https:\/\/mailchi.mp\/bayareacrisisnursery\/newsletter?dnt=1\" data-wplink-edit=\"true\">Reg\u00edstrate para seguir en contacto<\/a><\/p><\/h3>\n<\/div><\/div><\/div><\/div><\/div><\/div><\/div><\/div>","protected":false},"excerpt":{"rendered":"<p>Mis hijos crecieron yendo a la guarder\u00eda. Este lugar ha sido una bendici\u00f3n para mi familia. Son muy cari\u00f1osos. Proporcionaron descansos para las familias, es como tener una ni\u00f1era de guardia. Shanell Los ni\u00f1os pueden quedarse de 24 a 72 horas al mes. Utilic\u00e9 este incre\u00edble servicio por primera vez el otro d\u00eda. Me dieron un descanso muy necesario. Mi hijo ten\u00eda tan... <a href=\"https:\/\/bayareacrisisnursery.org\/es\/programs\/respite-care\/\" class=\"more-link\">Lee mas<\/a><\/p>","protected":false},"author":1,"featured_media":0,"parent":186,"menu_order":3,"comment_status":"closed","ping_status":"closed","template":"template-layout-full-width.php","meta":{"om_disable_all_campaigns":false,"_monsterinsights_skip_tracking":false,"_monsterinsights_sitenote_active":false,"_monsterinsights_sitenote_note":"","_monsterinsights_sitenote_category":0,"_uf_show_specific_survey":0,"_uf_disable_surveys":false,"footnotes":""},"class_list":["post-6466","page","type-page","status-publish","hentry","no-post-thumbnail"],"yoast_head":"<!-- This site is optimized with the Yoast SEO Premium plugin v27.2 (Yoast SEO v27.2) - https:\/\/yoast.com\/product\/yoast-seo-premium-wordpress\/ -->\n<title>Respite Care- Bay Area Crisis Nursery<\/title>\n<meta name=\"description\" content=\"The Bay Area Crisis Nursery&#039;s Respite Care program provides short-term free childcare for children so parents can take a break.\" \/>\n<meta name=\"robots\" content=\"index, follow, max-snippet:-1, max-image-preview:large, max-video-preview:-1\" \/>\n<link rel=\"canonical\" href=\"https:\/\/bayareacrisisnursery.org\/es\/programs\/respite-care\/\" \/>\n<meta property=\"og:locale\" content=\"es_MX\" \/>\n<meta property=\"og:type\" content=\"article\" \/>\n<meta property=\"og:title\" content=\"Respite Care\" \/>\n<meta property=\"og:description\" content=\"The Bay Area Crisis Nursery&#039;s Respite Care program provides short-term free childcare for children so parents can take a break.\" \/>\n<meta property=\"og:url\" content=\"https:\/\/bayareacrisisnursery.org\/es\/programs\/respite-care\/\" \/>\n<meta property=\"og:site_name\" content=\"Bay Area Crisis Nursery\" \/>\n<meta property=\"article:publisher\" content=\"https:\/\/www.facebook.com\/bacnspage\/\" \/>\n<meta property=\"article:modified_time\" content=\"2025-03-20T21:21:33+00:00\" \/>\n<meta name=\"twitter:card\" content=\"summary_large_image\" \/>\n<meta name=\"twitter:site\" content=\"@bacn_nursery\" \/>\n<meta name=\"twitter:label1\" content=\"Tiempo de lectura\" \/>\n\t<meta name=\"twitter:data1\" content=\"3 minutos\" \/>\n<script type=\"application\/ld+json\" class=\"yoast-schema-graph\">{\"@context\":\"https:\/\/schema.org\",\"@graph\":[{\"@type\":\"WebPage\",\"@id\":\"https:\/\/bayareacrisisnursery.org\/programs\/respite-care\/\",\"url\":\"https:\/\/bayareacrisisnursery.org\/programs\/respite-care\/\",\"name\":\"Respite Care- Bay Area Crisis Nursery\",\"isPartOf\":{\"@id\":\"https:\/\/bayareacrisisnursery.org\/#website\"},\"datePublished\":\"2022-08-23T21:42:40+00:00\",\"dateModified\":\"2025-03-20T21:21:33+00:00\",\"description\":\"The Bay Area Crisis Nursery's Respite Care program provides short-term free childcare for children so parents can take a break.\",\"breadcrumb\":{\"@id\":\"https:\/\/bayareacrisisnursery.org\/programs\/respite-care\/#breadcrumb\"},\"inLanguage\":\"es\",\"potentialAction\":[{\"@type\":\"ReadAction\",\"target\":[\"https:\/\/bayareacrisisnursery.org\/programs\/respite-care\/\"]}]},{\"@type\":\"BreadcrumbList\",\"@id\":\"https:\/\/bayareacrisisnursery.org\/programs\/respite-care\/#breadcrumb\",\"itemListElement\":[{\"@type\":\"ListItem\",\"position\":1,\"name\":\"Home\",\"item\":\"https:\/\/bayareacrisisnursery.org\/\"},{\"@type\":\"ListItem\",\"position\":2,\"name\":\"Our Programs\",\"item\":\"https:\/\/bayareacrisisnursery.org\/programs\/\"},{\"@type\":\"ListItem\",\"position\":3,\"name\":\"Respite Care\"}]},{\"@type\":\"WebSite\",\"@id\":\"https:\/\/bayareacrisisnursery.org\/#website\",\"url\":\"https:\/\/bayareacrisisnursery.org\/\",\"name\":\"Bay Area Crisis Nursery\",\"description\":\"A Little Heart. A Little Help. A Lot of Hope.\",\"publisher\":{\"@id\":\"https:\/\/bayareacrisisnursery.org\/#organization\"},\"potentialAction\":[{\"@type\":\"SearchAction\",\"target\":{\"@type\":\"EntryPoint\",\"urlTemplate\":\"https:\/\/bayareacrisisnursery.org\/?s={search_term_string}\"},\"query-input\":{\"@type\":\"PropertyValueSpecification\",\"valueRequired\":true,\"valueName\":\"search_term_string\"}}],\"inLanguage\":\"es\"},{\"@type\":\"Organization\",\"@id\":\"https:\/\/bayareacrisisnursery.org\/#organization\",\"name\":\"Bay Area Crisis Nursery\",\"url\":\"https:\/\/bayareacrisisnursery.org\/\",\"logo\":{\"@type\":\"ImageObject\",\"inLanguage\":\"es\",\"@id\":\"https:\/\/bayareacrisisnursery.org\/#\/schema\/logo\/image\/\",\"url\":\"https:\/\/bayareacrisisnursery.org\/wp-content\/uploads\/2020\/12\/BACN-Logo.png\",\"contentUrl\":\"https:\/\/bayareacrisisnursery.org\/wp-content\/uploads\/2020\/12\/BACN-Logo.png\",\"width\":751,\"height\":374,\"caption\":\"Bay Area Crisis Nursery\"},\"image\":{\"@id\":\"https:\/\/bayareacrisisnursery.org\/#\/schema\/logo\/image\/\"},\"sameAs\":[\"https:\/\/www.facebook.com\/bacnspage\/\",\"https:\/\/x.com\/bacn_nursery\",\"https:\/\/www.instagram.com\/bayareacrisisnursery\/\",\"https:\/\/www.linkedin.com\/company\/bay-area-crisis-nursery\/about\/\"]}]}<\/script>\n<!-- \/ Yoast SEO Premium plugin. -->","yoast_head_json":{"title":"Respite Care- Bay Area Crisis Nursery","description":"The Bay Area Crisis Nursery's Respite Care program provides short-term free childcare for children so parents can take a break.","robots":{"index":"index","follow":"follow","max-snippet":"max-snippet:-1","max-image-preview":"max-image-preview:large","max-video-preview":"max-video-preview:-1"},"canonical":"https:\/\/bayareacrisisnursery.org\/es\/programs\/respite-care\/","og_locale":"es_MX","og_type":"article","og_title":"Respite Care","og_description":"The Bay Area Crisis Nursery's Respite Care program provides short-term free childcare for children so parents can take a break.","og_url":"https:\/\/bayareacrisisnursery.org\/es\/programs\/respite-care\/","og_site_name":"Bay Area Crisis Nursery","article_publisher":"https:\/\/www.facebook.com\/bacnspage\/","article_modified_time":"2025-03-20T21:21:33+00:00","twitter_card":"summary_large_image","twitter_site":"@bacn_nursery","twitter_misc":{"Tiempo de lectura":"3 minutos"},"schema":{"@context":"https:\/\/schema.org","@graph":[{"@type":"WebPage","@id":"https:\/\/bayareacrisisnursery.org\/programs\/respite-care\/","url":"https:\/\/bayareacrisisnursery.org\/programs\/respite-care\/","name":"Respite Care- Bay Area Crisis Nursery","isPartOf":{"@id":"https:\/\/bayareacrisisnursery.org\/#website"},"datePublished":"2022-08-23T21:42:40+00:00","dateModified":"2025-03-20T21:21:33+00:00","description":"The Bay Area Crisis Nursery's Respite Care program provides short-term free childcare for children so parents can take a break.","breadcrumb":{"@id":"https:\/\/bayareacrisisnursery.org\/programs\/respite-care\/#breadcrumb"},"inLanguage":"es","potentialAction":[{"@type":"ReadAction","target":["https:\/\/bayareacrisisnursery.org\/programs\/respite-care\/"]}]},{"@type":"BreadcrumbList","@id":"https:\/\/bayareacrisisnursery.org\/programs\/respite-care\/#breadcrumb","itemListElement":[{"@type":"ListItem","position":1,"name":"Home","item":"https:\/\/bayareacrisisnursery.org\/"},{"@type":"ListItem","position":2,"name":"Our Programs","item":"https:\/\/bayareacrisisnursery.org\/programs\/"},{"@type":"ListItem","position":3,"name":"Respite Care"}]},{"@type":"WebSite","@id":"https:\/\/bayareacrisisnursery.org\/#website","url":"https:\/\/bayareacrisisnursery.org\/","name":"Guarder\u00eda de crisis del \u00e1rea de la bah\u00eda","description":"Un corazoncito. Un poco de ayuda. Mucha esperanza.","publisher":{"@id":"https:\/\/bayareacrisisnursery.org\/#organization"},"potentialAction":[{"@type":"SearchAction","target":{"@type":"EntryPoint","urlTemplate":"https:\/\/bayareacrisisnursery.org\/?s={search_term_string}"},"query-input":{"@type":"PropertyValueSpecification","valueRequired":true,"valueName":"search_term_string"}}],"inLanguage":"es"},{"@type":"Organization","@id":"https:\/\/bayareacrisisnursery.org\/#organization","name":"Guarder\u00eda de crisis del \u00e1rea de la bah\u00eda","url":"https:\/\/bayareacrisisnursery.org\/","logo":{"@type":"ImageObject","inLanguage":"es","@id":"https:\/\/bayareacrisisnursery.org\/#\/schema\/logo\/image\/","url":"https:\/\/bayareacrisisnursery.org\/wp-content\/uploads\/2020\/12\/BACN-Logo.png","contentUrl":"https:\/\/bayareacrisisnursery.org\/wp-content\/uploads\/2020\/12\/BACN-Logo.png","width":751,"height":374,"caption":"Bay Area Crisis Nursery"},"image":{"@id":"https:\/\/bayareacrisisnursery.org\/#\/schema\/logo\/image\/"},"sameAs":["https:\/\/www.facebook.com\/bacnspage\/","https:\/\/x.com\/bacn_nursery","https:\/\/www.instagram.com\/bayareacrisisnursery\/","https:\/\/www.linkedin.com\/company\/bay-area-crisis-nursery\/about\/"]}]}},"_links":{"self":[{"href":"https:\/\/bayareacrisisnursery.org\/es\/wp-json\/wp\/v2\/pages\/6466","targetHints":{"allow":["GET"]}}],"collection":[{"href":"https:\/\/bayareacrisisnursery.org\/es\/wp-json\/wp\/v2\/pages"}],"about":[{"href":"https:\/\/bayareacrisisnursery.org\/es\/wp-json\/wp\/v2\/types\/page"}],"author":[{"embeddable":true,"href":"https:\/\/bayareacrisisnursery.org\/es\/wp-json\/wp\/v2\/users\/1"}],"replies":[{"embeddable":true,"href":"https:\/\/bayareacrisisnursery.org\/es\/wp-json\/wp\/v2\/comments?post=6466"}],"version-history":[{"count":11,"href":"https:\/\/bayareacrisisnursery.org\/es\/wp-json\/wp\/v2\/pages\/6466\/revisions"}],"predecessor-version":[{"id":7350,"href":"https:\/\/bayareacrisisnursery.org\/es\/wp-json\/wp\/v2\/pages\/6466\/revisions\/7350"}],"up":[{"embeddable":true,"href":"https:\/\/bayareacrisisnursery.org\/es\/wp-json\/wp\/v2\/pages\/186"}],"wp:attachment":[{"href":"https:\/\/bayareacrisisnursery.org\/es\/wp-json\/wp\/v2\/media?parent=6466"}],"curies":[{"name":"wp","href":"https:\/\/api.w.org\/{rel}","templated":true}]}}