{"id":6549,"date":"2022-08-25T20:22:50","date_gmt":"2022-08-25T20:22:50","guid":{"rendered":"https:\/\/bayareacrisisnursery.org\/?page_id=6549"},"modified":"2025-03-20T21:20:37","modified_gmt":"2025-03-20T21:20:37","slug":"emergency-childcare","status":"publish","type":"page","link":"https:\/\/bayareacrisisnursery.org\/es\/programs\/emergency-childcare\/","title":{"rendered":"Cuidado de ni\u00f1os de emergencia"},"content":{"rendered":"<div id=\"cs-content\" class=\"cs-content\"><div class=\"x-section e6549-e1 m51x-0 m51x-1 m51x-2 m51x-3\"><div class=\"x-row e6549-e2 m51x-8 m51x-a m51x-b\"><div class=\"x-row-inner\"><div class=\"x-col e6549-e3 m51x-i m51x-j\"><span class=\"x-image e6549-e4 m51x-n m51x-o\"><img decoding=\"async\" src=\"https:\/\/bayareacrisisnursery.org\/wp-content\/uploads\/2022\/08\/Emergency-Childcare.png\" width=\"1200\" height=\"400\" alt=\"Emergency Childcare\" loading=\"lazy\"><\/span><\/div><\/div><\/div><\/div><div class=\"x-section e6549-e5 m51x-0 m51x-3 m51x-4\"><div class=\"x-row e6549-e6 m51x-8 m51x-9 m51x-a m51x-c\"><div class=\"x-row-inner\"><div class=\"x-col e6549-e7 m51x-i m51x-j m51x-k\"><div class=\"x-statbar e6549-e8 m51x-r m51x-s m51x-7\" data-x-element-statbar=\"{&quot;triggerOffset&quot;:&quot;50%&quot;}\"><div class=\"x-statbar-bar\"><div class=\"x-statbar-label\"><span>50%<\/span><\/div><\/div><\/div><div class=\"x-text x-text-headline e6549-e9 m51x-u m51x-v m51x-w m51x-x\"><div class=\"x-text-content\"><div class=\"x-text-content-text\"><h2 class=\"x-text-content-text-primary\">Aproximadamente la mitad de los estadounidenses tienen problemas para encontrar cuidado infantil.<\/h2>\n<\/div><\/div><\/div><\/div><div class=\"x-col e6549-e10 m51x-i m51x-j m51x-k\"><i class=\"x-icon e6549-e11 m51x-10\" aria-hidden=\"true\" data-x-icon-s=\"&#xf587;\"><\/i><div class=\"x-text x-text-headline e6549-e12 m51x-u m51x-v m51x-w m51x-x\"><div class=\"x-text-content\"><div class=\"x-text-content-text\"><h2 class=\"x-text-content-text-primary\">Children can receive 720 hours of free childcare in a year!<\/h2>\n<\/div><\/div><\/div><\/div><div class=\"x-col e6549-e13 m51x-i m51x-j m51x-k\"><div class=\"x-statbar e6549-e14 m51x-r m51x-t m51x-7\" data-x-element-statbar=\"{&quot;triggerOffset&quot;:&quot;50%&quot;}\"><div class=\"x-statbar-bar\"><div class=\"x-statbar-label\"><span>7%<\/span><\/div><\/div><\/div><div class=\"x-text x-text-headline e6549-e15 m51x-u m51x-v m51x-w m51x-x\"><div class=\"x-text-content\"><div class=\"x-text-content-text\"><h2 class=\"x-text-content-text-primary\">Solo 7% de los espacios de cuidado infantil en California cuidan a beb\u00e9s y ni\u00f1os peque\u00f1os.<\/h2>\n<\/div><\/div><\/div><\/div><\/div><\/div><\/div><div class=\"x-section e6549-e16 m51x-0 m51x-1 m51x-3 m51x-5\"><div class=\"x-row e6549-e17 m51x-8 m51x-a m51x-d\"><div class=\"x-row-inner\"><div class=\"x-col e6549-e18 m51x-i m51x-j\"><hr class=\"x-line e6549-e19 m51x-11\"\/><\/div><\/div><\/div><\/div><div class=\"x-section e6549-e20 m51x-0 m51x-1 m51x-3 m51x-5\"><div class=\"x-row e6549-e21 m51x-8 m51x-a m51x-e\"><div class=\"x-row-inner\"><div class=\"x-col e6549-e22 m51x-i m51x-l\">The Bay Area Crisis Nursery helps families who need immediate childcare by providing access to quality childcare. The Nursery offers free Emergency Childcare Services to children ages birth to age 6 daily from 7 am \u2013 9 pm. We are open 365 days a year, including holidays. Children can stay with us for the full day or just a few hours. Families can receive up to 30 days of childcare within a 6-month period and 60 days in a year.<\/p>\n\nLos servicios de cuidado infantil de emergencia est\u00e1n disponibles para las familias que est\u00e1n experimentando una crisis. Estos pueden incluir comenzar un nuevo trabajo, perder un proveedor de cuidado infantil, el cierre de un programa de cuidado infantil durante un d\u00eda festivo o el verano, divorcio, violencia dom\u00e9stica, necesidades m\u00e9dicas y necesidad de apoyo durante un momento estresante. Proporcionaremos todo lo que necesitar\u00e1n durante el d\u00eda, incluidos alimentos, f\u00f3rmula, pa\u00f1ales y ropa adicional. Los padres no necesitan preocuparse por empacar una bolsa de pa\u00f1ales o enviar a los ni\u00f1os con comida.<\/p>\n\nSabemos que es dif\u00edcil encontrar guarder\u00edas asequibles en el \u00c1rea de la Bah\u00eda. Los padres y tutores que no pueden encontrar cuidado de ni\u00f1os se ven obligados a elegir entre aceptar una oferta de trabajo, continuar su educaci\u00f3n y mantener a su hijo. Nos esforzamos por ayudar a las familias a lograr la autosuficiencia ayud\u00e1ndolas a satisfacer sus necesidades de cuidado infantil, lo que incluye proporcionar cuidado infantil gratuito y ayudar a las familias a desarrollar planes de cuidado infantil a largo plazo. Nos esforzamos por ayudar a las familias a lograr la autosuficiencia ayud\u00e1ndolas a satisfacer sus necesidades de cuidado infantil, lo que incluye proporcionar cuidado infantil gratuito y ayudar a las familias a desarrollar planes de cuidado infantil a largo plazo. <\/p>\n\n<p>Para programar servicios de cuidado infantil de emergencia, <b><a href=\"tel:925-685-6633\">por favor llama<\/a><\/b> la enfermer\u00eda. Estamos disponibles las 24 horas del d\u00eda.<\/p>\n\nGracias a varias asociaciones y fondos privados, la Guarder\u00eda puede ofrecer cuidado de ni\u00f1os de emergencia gratuito para familias de bajos ingresos. El financiamiento es proporcionado en parte por el Condado de Contra Costa, la Ciudad de Antioch, la Ciudad de Concord y el Fondo de Mitigaci\u00f3n de Keller Canyon. <\/p>\n<\/div><\/div><\/div><\/div><div class=\"x-section e6549-e24 m51x-0 m51x-1 m51x-3 m51x-5\"><div class=\"x-row e6549-e25 m51x-8 m51x-a m51x-f\"><div class=\"x-row-inner\"><div class=\"x-col e6549-e26 m51x-i m51x-j\"><div id=\"x-content-band-1\" class=\"x-content-band border-top border-left border-right border-bottom\" style=\"background-color: #efefef; color: #333;\"><div class=\"x-container max width\"> \n\n<h4  class=\"h-custom-headline h3\" style=\"margin-top: 0;\"><span>Programar un Tour<\/span><\/h4><\/p>\n\nLas familias pueden programar un recorrido por la Guarder\u00eda, conocer a nuestro personal y ver d\u00f3nde se hospedar\u00e1n sus hijos.<\/p>\n\n<p><a  class=\"x-btn x-btn-flat x-btn-global\"  href=\"mailto:gina@bayareacrisisnursery.org&subject=Parent Tour of the Nursery\"     data-options=\"thumbnail: ''\">programar hoy<\/a> <\/div><\/div><\/div><\/div><\/div><\/div><div class=\"x-section e6549-e28 m51x-0 m51x-4 m51x-6\"><div class=\"x-row e6549-e29 m51x-8 m51x-9 m51x-a m51x-g\"><div class=\"x-row-inner\"><div class=\"x-col e6549-e30 m51x-i m51x-j\"><div class=\"x-text x-text-headline e6549-e31 m51x-v m51x-w m51x-y\"><div class=\"x-text-content\"><div class=\"x-text-content-text\"><h3 class=\"x-text-content-text-primary\">Apoyo BACN<\/h3>\n<\/div><\/div><\/div><\/div><\/div><\/div><div class=\"x-row e6549-e32 m51x-8 m51x-9 m51x-a m51x-h\"><div class=\"x-row-inner\"><div class=\"x-col e6549-e33 m51x-i m51x-j m51x-m\"><a class=\"x-image e6549-e34 m51x-n m51x-p\" href=\"https:\/\/bayareacrisisnursery.app.neoncrm.com\/forms\/donate\" target=\"_blank\" rel=\"noopener noreferrer\"><img decoding=\"async\" src=\"https:\/\/bayareacrisisnursery.org\/wp-content\/uploads\/2022\/08\/Piggy-Bank.jpg\" width=\"600\" height=\"400\" alt=\"Donate Today\" loading=\"lazy\"><\/a><div class=\"x-text x-text-headline e6549-e35 m51x-u m51x-v m51x-z\"><div class=\"x-text-content\"><div class=\"x-text-content-text\"><h3 class=\"x-text-content-text-primary\"><a href=\"https:\/\/bayareacrisisnursery.app.neoncrm.com\/forms\/donate\" data-wplink-edit=\"true\">Done hoy!<\/a><\/h3>\n<\/div><\/div><\/div><\/div><div class=\"x-col e6549-e36 m51x-i m51x-j m51x-m\"><a class=\"x-image e6549-e37 m51x-n m51x-p m51x-q\" href=\"https:\/\/mailchi.mp\/bayareacrisisnursery\/newsletter?dnt=1%22%20data-wplink-edit=%22true%22\" target=\"_blank\" rel=\"noopener noreferrer\"><img decoding=\"async\" src=\"https:\/\/bayareacrisisnursery.org\/wp-content\/uploads\/2022\/08\/News.jpg\" width=\"600\" height=\"400\" alt=\"Newsletter\" loading=\"lazy\"><\/a><div class=\"x-text x-text-headline e6549-e38 m51x-u m51x-v m51x-z\"><div class=\"x-text-content\"><div class=\"x-text-content-text\"><h3 class=\"x-text-content-text-primary\"><p><a href=\"https:\/\/mailchi.mp\/bayareacrisisnursery\/newsletter?dnt=1\" data-wplink-edit=\"true\">Reg\u00edstrate para seguir en contacto<\/a><\/p><\/h3>\n<\/div><\/div><\/div><\/div><\/div><\/div><\/div><\/div>","protected":false},"excerpt":{"rendered":"<p>50%Roughly half of Americans have trouble finding child care. Children can receive 720 hours of free childcare in a year! 7%Only 7% of the childcare slots in California care for infants and toddlers. The Bay Area Crisis Nursery helps families who need immediate childcare by providing access to quality childcare. The Nursery offers free Emergency Childcare Services to children ages &#8230; <a href=\"https:\/\/bayareacrisisnursery.org\/es\/programs\/emergency-childcare\/\" class=\"more-link\">Lee mas<\/a><\/p>","protected":false},"author":1,"featured_media":0,"parent":186,"menu_order":2,"comment_status":"closed","ping_status":"closed","template":"template-layout-full-width.php","meta":{"om_disable_all_campaigns":false,"_monsterinsights_skip_tracking":false,"_monsterinsights_sitenote_active":false,"_monsterinsights_sitenote_note":"","_monsterinsights_sitenote_category":0,"_uf_show_specific_survey":0,"_uf_disable_surveys":false,"footnotes":""},"class_list":["post-6549","page","type-page","status-publish","hentry","no-post-thumbnail"],"yoast_head":"<!-- This site is optimized with the Yoast SEO Premium plugin v27.2 (Yoast SEO v27.2) - https:\/\/yoast.com\/product\/yoast-seo-premium-wordpress\/ -->\n<title>Free Emergency Childcare Services<\/title>\n<meta name=\"description\" content=\"BACN offers free emergency childcare daily from 7 am - 7 pm for up to 60 days in a year. Call the Nursery today to schedule your child.\" \/>\n<meta name=\"robots\" content=\"index, follow, max-snippet:-1, max-image-preview:large, max-video-preview:-1\" \/>\n<link rel=\"canonical\" href=\"https:\/\/bayareacrisisnursery.org\/es\/programs\/emergency-childcare\/\" \/>\n<meta property=\"og:locale\" content=\"es_MX\" \/>\n<meta property=\"og:type\" content=\"article\" \/>\n<meta property=\"og:title\" content=\"Emergency Childcare\" \/>\n<meta property=\"og:description\" content=\"BACN offers free emergency childcare daily from 7 am - 7 pm for up to 60 days in a year. Call the Nursery today to schedule your child.\" \/>\n<meta property=\"og:url\" content=\"https:\/\/bayareacrisisnursery.org\/es\/programs\/emergency-childcare\/\" \/>\n<meta property=\"og:site_name\" content=\"Bay Area Crisis Nursery\" \/>\n<meta property=\"article:publisher\" content=\"https:\/\/www.facebook.com\/bacnspage\/\" \/>\n<meta property=\"article:modified_time\" content=\"2025-03-20T21:20:37+00:00\" \/>\n<meta name=\"twitter:card\" content=\"summary_large_image\" \/>\n<meta name=\"twitter:site\" content=\"@bacn_nursery\" \/>\n<meta name=\"twitter:label1\" content=\"Tiempo de lectura\" \/>\n\t<meta name=\"twitter:data1\" content=\"2 minutos\" \/>\n<script type=\"application\/ld+json\" class=\"yoast-schema-graph\">{\"@context\":\"https:\/\/schema.org\",\"@graph\":[{\"@type\":\"WebPage\",\"@id\":\"https:\/\/bayareacrisisnursery.org\/programs\/emergency-childcare\/\",\"url\":\"https:\/\/bayareacrisisnursery.org\/programs\/emergency-childcare\/\",\"name\":\"Free Emergency Childcare Services\",\"isPartOf\":{\"@id\":\"https:\/\/bayareacrisisnursery.org\/#website\"},\"datePublished\":\"2022-08-25T20:22:50+00:00\",\"dateModified\":\"2025-03-20T21:20:37+00:00\",\"description\":\"BACN offers free emergency childcare daily from 7 am - 7 pm for up to 60 days in a year. Call the Nursery today to schedule your child.\",\"breadcrumb\":{\"@id\":\"https:\/\/bayareacrisisnursery.org\/programs\/emergency-childcare\/#breadcrumb\"},\"inLanguage\":\"es\",\"potentialAction\":[{\"@type\":\"ReadAction\",\"target\":[\"https:\/\/bayareacrisisnursery.org\/programs\/emergency-childcare\/\"]}]},{\"@type\":\"BreadcrumbList\",\"@id\":\"https:\/\/bayareacrisisnursery.org\/programs\/emergency-childcare\/#breadcrumb\",\"itemListElement\":[{\"@type\":\"ListItem\",\"position\":1,\"name\":\"Home\",\"item\":\"https:\/\/bayareacrisisnursery.org\/\"},{\"@type\":\"ListItem\",\"position\":2,\"name\":\"Our Programs\",\"item\":\"https:\/\/bayareacrisisnursery.org\/programs\/\"},{\"@type\":\"ListItem\",\"position\":3,\"name\":\"Emergency Childcare\"}]},{\"@type\":\"WebSite\",\"@id\":\"https:\/\/bayareacrisisnursery.org\/#website\",\"url\":\"https:\/\/bayareacrisisnursery.org\/\",\"name\":\"Bay Area Crisis Nursery\",\"description\":\"A Little Heart. A Little Help. A Lot of Hope.\",\"publisher\":{\"@id\":\"https:\/\/bayareacrisisnursery.org\/#organization\"},\"potentialAction\":[{\"@type\":\"SearchAction\",\"target\":{\"@type\":\"EntryPoint\",\"urlTemplate\":\"https:\/\/bayareacrisisnursery.org\/?s={search_term_string}\"},\"query-input\":{\"@type\":\"PropertyValueSpecification\",\"valueRequired\":true,\"valueName\":\"search_term_string\"}}],\"inLanguage\":\"es\"},{\"@type\":\"Organization\",\"@id\":\"https:\/\/bayareacrisisnursery.org\/#organization\",\"name\":\"Bay Area Crisis Nursery\",\"url\":\"https:\/\/bayareacrisisnursery.org\/\",\"logo\":{\"@type\":\"ImageObject\",\"inLanguage\":\"es\",\"@id\":\"https:\/\/bayareacrisisnursery.org\/#\/schema\/logo\/image\/\",\"url\":\"https:\/\/bayareacrisisnursery.org\/wp-content\/uploads\/2020\/12\/BACN-Logo.png\",\"contentUrl\":\"https:\/\/bayareacrisisnursery.org\/wp-content\/uploads\/2020\/12\/BACN-Logo.png\",\"width\":751,\"height\":374,\"caption\":\"Bay Area Crisis Nursery\"},\"image\":{\"@id\":\"https:\/\/bayareacrisisnursery.org\/#\/schema\/logo\/image\/\"},\"sameAs\":[\"https:\/\/www.facebook.com\/bacnspage\/\",\"https:\/\/x.com\/bacn_nursery\",\"https:\/\/www.instagram.com\/bayareacrisisnursery\/\",\"https:\/\/www.linkedin.com\/company\/bay-area-crisis-nursery\/about\/\"]}]}<\/script>\n<!-- \/ Yoast SEO Premium plugin. -->","yoast_head_json":{"title":"Free Emergency Childcare Services","description":"BACN offers free emergency childcare daily from 7 am - 7 pm for up to 60 days in a year. Call the Nursery today to schedule your child.","robots":{"index":"index","follow":"follow","max-snippet":"max-snippet:-1","max-image-preview":"max-image-preview:large","max-video-preview":"max-video-preview:-1"},"canonical":"https:\/\/bayareacrisisnursery.org\/es\/programs\/emergency-childcare\/","og_locale":"es_MX","og_type":"article","og_title":"Emergency Childcare","og_description":"BACN offers free emergency childcare daily from 7 am - 7 pm for up to 60 days in a year. Call the Nursery today to schedule your child.","og_url":"https:\/\/bayareacrisisnursery.org\/es\/programs\/emergency-childcare\/","og_site_name":"Bay Area Crisis Nursery","article_publisher":"https:\/\/www.facebook.com\/bacnspage\/","article_modified_time":"2025-03-20T21:20:37+00:00","twitter_card":"summary_large_image","twitter_site":"@bacn_nursery","twitter_misc":{"Tiempo de lectura":"2 minutos"},"schema":{"@context":"https:\/\/schema.org","@graph":[{"@type":"WebPage","@id":"https:\/\/bayareacrisisnursery.org\/programs\/emergency-childcare\/","url":"https:\/\/bayareacrisisnursery.org\/programs\/emergency-childcare\/","name":"Free Emergency Childcare Services","isPartOf":{"@id":"https:\/\/bayareacrisisnursery.org\/#website"},"datePublished":"2022-08-25T20:22:50+00:00","dateModified":"2025-03-20T21:20:37+00:00","description":"BACN offers free emergency childcare daily from 7 am - 7 pm for up to 60 days in a year. Call the Nursery today to schedule your child.","breadcrumb":{"@id":"https:\/\/bayareacrisisnursery.org\/programs\/emergency-childcare\/#breadcrumb"},"inLanguage":"es","potentialAction":[{"@type":"ReadAction","target":["https:\/\/bayareacrisisnursery.org\/programs\/emergency-childcare\/"]}]},{"@type":"BreadcrumbList","@id":"https:\/\/bayareacrisisnursery.org\/programs\/emergency-childcare\/#breadcrumb","itemListElement":[{"@type":"ListItem","position":1,"name":"Home","item":"https:\/\/bayareacrisisnursery.org\/"},{"@type":"ListItem","position":2,"name":"Our Programs","item":"https:\/\/bayareacrisisnursery.org\/programs\/"},{"@type":"ListItem","position":3,"name":"Emergency Childcare"}]},{"@type":"WebSite","@id":"https:\/\/bayareacrisisnursery.org\/#website","url":"https:\/\/bayareacrisisnursery.org\/","name":"Guarder\u00eda de crisis del \u00e1rea de la bah\u00eda","description":"Un corazoncito. Un poco de ayuda. Mucha esperanza.","publisher":{"@id":"https:\/\/bayareacrisisnursery.org\/#organization"},"potentialAction":[{"@type":"SearchAction","target":{"@type":"EntryPoint","urlTemplate":"https:\/\/bayareacrisisnursery.org\/?s={search_term_string}"},"query-input":{"@type":"PropertyValueSpecification","valueRequired":true,"valueName":"search_term_string"}}],"inLanguage":"es"},{"@type":"Organization","@id":"https:\/\/bayareacrisisnursery.org\/#organization","name":"Guarder\u00eda de crisis del \u00e1rea de la bah\u00eda","url":"https:\/\/bayareacrisisnursery.org\/","logo":{"@type":"ImageObject","inLanguage":"es","@id":"https:\/\/bayareacrisisnursery.org\/#\/schema\/logo\/image\/","url":"https:\/\/bayareacrisisnursery.org\/wp-content\/uploads\/2020\/12\/BACN-Logo.png","contentUrl":"https:\/\/bayareacrisisnursery.org\/wp-content\/uploads\/2020\/12\/BACN-Logo.png","width":751,"height":374,"caption":"Bay Area Crisis Nursery"},"image":{"@id":"https:\/\/bayareacrisisnursery.org\/#\/schema\/logo\/image\/"},"sameAs":["https:\/\/www.facebook.com\/bacnspage\/","https:\/\/x.com\/bacn_nursery","https:\/\/www.instagram.com\/bayareacrisisnursery\/","https:\/\/www.linkedin.com\/company\/bay-area-crisis-nursery\/about\/"]}]}},"_links":{"self":[{"href":"https:\/\/bayareacrisisnursery.org\/es\/wp-json\/wp\/v2\/pages\/6549","targetHints":{"allow":["GET"]}}],"collection":[{"href":"https:\/\/bayareacrisisnursery.org\/es\/wp-json\/wp\/v2\/pages"}],"about":[{"href":"https:\/\/bayareacrisisnursery.org\/es\/wp-json\/wp\/v2\/types\/page"}],"author":[{"embeddable":true,"href":"https:\/\/bayareacrisisnursery.org\/es\/wp-json\/wp\/v2\/users\/1"}],"replies":[{"embeddable":true,"href":"https:\/\/bayareacrisisnursery.org\/es\/wp-json\/wp\/v2\/comments?post=6549"}],"version-history":[{"count":13,"href":"https:\/\/bayareacrisisnursery.org\/es\/wp-json\/wp\/v2\/pages\/6549\/revisions"}],"predecessor-version":[{"id":7348,"href":"https:\/\/bayareacrisisnursery.org\/es\/wp-json\/wp\/v2\/pages\/6549\/revisions\/7348"}],"up":[{"embeddable":true,"href":"https:\/\/bayareacrisisnursery.org\/es\/wp-json\/wp\/v2\/pages\/186"}],"wp:attachment":[{"href":"https:\/\/bayareacrisisnursery.org\/es\/wp-json\/wp\/v2\/media?parent=6549"}],"curies":[{"name":"wp","href":"https:\/\/api.w.org\/{rel}","templated":true}]}}