{"id":6571,"date":"2022-08-25T20:12:58","date_gmt":"2022-08-25T20:12:58","guid":{"rendered":"https:\/\/bayareacrisisnursery.org\/?page_id=6571"},"modified":"2025-03-20T21:19:29","modified_gmt":"2025-03-20T21:19:29","slug":"crisis-care","status":"publish","type":"page","link":"https:\/\/bayareacrisisnursery.org\/es\/programs\/crisis-care\/","title":{"rendered":"Servicios de atenci\u00f3n de crisis"},"content":{"rendered":"<div id=\"cs-content\" class=\"cs-content\"><div class=\"x-section e6571-e1 m52j-0 m52j-1 m52j-2 m52j-3\"><div class=\"x-row e6571-e2 m52j-a m52j-c m52j-d\"><div class=\"x-row-inner\"><div class=\"x-col e6571-e3 m52j-k m52j-l\"><span class=\"x-image e6571-e4 m52j-p m52j-q\"><img decoding=\"async\" src=\"https:\/\/bayareacrisisnursery.org\/wp-content\/uploads\/2022\/08\/Crisis-Care.png\" width=\"1200\" height=\"400\" alt=\"Crisis Care\" loading=\"lazy\"><\/span><\/div><\/div><\/div><\/div><div class=\"x-section e6571-e5 m52j-0 m52j-3 m52j-4 m52j-5\"><div class=\"x-row e6571-e6 m52j-a m52j-b m52j-c m52j-e\"><div class=\"x-row-inner\"><div class=\"x-col e6571-e7 m52j-k m52j-l m52j-m\"><div class=\"x-statbar e6571-e8 m52j-t m52j-9\" data-x-element-statbar=\"{&quot;triggerOffset&quot;:&quot;93%&quot;}\"><div class=\"x-statbar-bar\"><div class=\"x-statbar-label\"><span>50%<\/span><\/div><\/div><\/div><div class=\"x-text x-text-headline e6571-e9 m52j-u m52j-v m52j-w m52j-x m52j-y m52j-z m52j-10 m52j-11\"><div class=\"x-text-content\"><div class=\"x-text-content-text\"><h2 class=\"x-text-content-text-primary\">93% de nuestros clientes son hogares monoparentales sin familia ni sistemas de apoyo.<\/h2>\n<\/div><\/div><\/div><\/div><div class=\"x-col e6571-e10 m52j-k m52j-l m52j-m\"><i class=\"x-icon e6571-e11 m52j-18\" aria-hidden=\"true\" data-x-icon-l=\"&#xf77d;\"><\/i><div class=\"x-text x-text-headline e6571-e12 m52j-u m52j-v m52j-w m52j-y m52j-10 m52j-11 m52j-12\"><div class=\"x-text-content\"><div class=\"x-text-content-text\"><h2 class=\"x-text-content-text-primary\">Los ni\u00f1os pueden permanecer en la guarder\u00eda hasta 30 d\u00edas. <\/h2>\n<\/div><\/div><\/div><\/div><div class=\"x-col e6571-e13 m52j-k m52j-l m52j-m\"><div class=\"x-text x-text-headline e6571-e14 m52j-u m52j-v m52j-w m52j-12 m52j-13 m52j-14 m52j-15\"><div class=\"x-text-content\"><div class=\"x-text-content-text\"><h1 class=\"x-text-content-text-primary\">#1<\/h1>\n<\/div><\/div><\/div><div class=\"x-text x-text-headline e6571-e15 m52j-u m52j-v m52j-w m52j-x m52j-y m52j-z m52j-10 m52j-11\"><div class=\"x-text-content\"><div class=\"x-text-content-text\"><h2 class=\"x-text-content-text-primary\">BACN es la \u00fanica guarder\u00eda de crisis con licencia en el \u00c1rea de la Bah\u00eda de SF.<\/h2>\n<\/div><\/div><\/div><\/div><\/div><\/div><\/div><div class=\"x-section e6571-e16 m52j-0 m52j-1 m52j-3 m52j-6\"><div class=\"x-row e6571-e17 m52j-a m52j-c m52j-f\"><div class=\"x-row-inner\"><div class=\"x-col e6571-e18 m52j-k m52j-l\"><hr class=\"x-line e6571-e19 m52j-19\"\/><\/div><\/div><\/div><\/div><div class=\"x-section e6571-e20 m52j-0 m52j-1 m52j-3 m52j-6\"><div class=\"x-row e6571-e21 m52j-a m52j-c m52j-g\"><div class=\"x-row-inner\"><div class=\"x-col e6571-e22 m52j-k m52j-n\">La Guarder\u00eda de Crisis del \u00c1rea de la Bah\u00eda ofrece 30 d\u00edas de Servicios de Atenci\u00f3n de Crisis gratuitos para ni\u00f1os peque\u00f1os desde el nacimiento hasta los 5 a\u00f1os. Sabemos que la crianza de los hijos puede ser abrumadora, especialmente cuando las familias se enfrentan a una crisis y no tienen a nadie a quien acudir en busca de ayuda. Creemos que cada familia debe tener acceso a un refugio seguro para sus hijos cuando la vida se vuelve dif\u00edcil. Los padres que enfrentan emergencias tales como falta de vivienda, violencia dom\u00e9stica o comunitaria, crisis de salud, falta de servicios p\u00fablicos, ingresar a un programa de tratamiento o experimentar un estr\u00e9s parental abrumador pueden comunicarse con la Guarder\u00eda para acceder a los Servicios de Atenci\u00f3n de Crisis. Los ni\u00f1os pueden permanecer con nosotros durante 24 horas y hasta 30 d\u00edas por crisis. Proporcionamos a los ni\u00f1os todo lo que necesitan durante su estancia. Tienen su propia cama, comida, pa\u00f1ales, ropa y art\u00edculos de cuidado personal. Las familias pueden visitar la guarder\u00eda mientras sus hijos se quedan con nosotros y los llevan a excursiones de un d\u00eda.<\/p>\n\nAceptamos referencias de hospitales, servicios para ni\u00f1os y familias, organizaciones sin fines de lucro, administradores de casos, servicios para personas sin hogar, organizaciones de violencia dom\u00e9stica y cualquier persona que est\u00e9 tratando de ayudar a un padre a superar un momento dif\u00edcil.<\/p>\n\nPara programar servicios de atenci\u00f3n de crisis, <b><a href=\"tel:925-685-6633\">por favor llama<\/a><\/b> la enfermer\u00eda. Estamos disponibles las 24 horas del d\u00eda.<\/p>\n\nGracias a varias asociaciones y fondos privados, la Guarder\u00eda puede ofrecer cuidado de ni\u00f1os de emergencia gratuito para familias de bajos ingresos. El financiamiento es proporcionado en parte por el Condado de Contra Costa, la Ciudad de Antioch, la Ciudad de Concord y el Fondo de Mitigaci\u00f3n de Keller Canyon. <\/p><\/div><\/div><\/div><\/div><div class=\"x-section e6571-e24 m52j-0 m52j-3 m52j-5 m52j-7\"><div class=\"x-row e6571-e25 m52j-a m52j-c m52j-h\"><div class=\"x-row-inner\"><div class=\"x-col e6571-e26 m52j-k m52j-l\"><div id=\"x-content-band-1\" class=\"x-content-band border-top border-left border-right border-bottom\" style=\"background-color: #efefef; color: #333;\"><div class=\"x-container max width\"> \n\n<h4  class=\"h-custom-headline h3\" style=\"margin-top: 0;\"><span>Programar un Tour<\/span><\/h4><\/p>\n\nLas familias pueden programar un recorrido por la Guarder\u00eda, conocer a nuestro personal y ver d\u00f3nde se hospedar\u00e1n sus hijos.<\/p>\n\n<p><a  class=\"x-btn x-btn-flat x-btn-global\"  href=\"mailto:gina@bayareacrisisnursery.org&subject=Parent Tour of the Nursery\"     data-options=\"thumbnail: ''\">programar hoy<\/a> <\/div><\/div><\/div><\/div><\/div><\/div><div class=\"x-section e6571-e28 m52j-0 m52j-4 m52j-5 m52j-8\"><div class=\"x-row e6571-e29 m52j-a m52j-b m52j-c m52j-i\"><div class=\"x-row-inner\"><div class=\"x-col e6571-e30 m52j-k m52j-l\"><div class=\"x-text x-text-headline e6571-e31 m52j-v m52j-w m52j-x m52j-10 m52j-11 m52j-15 m52j-16\"><div class=\"x-text-content\"><div class=\"x-text-content-text\"><h3 class=\"x-text-content-text-primary\">Apoyo BACN<\/h3>\n<\/div><\/div><\/div><\/div><\/div><\/div><div class=\"x-row e6571-e32 m52j-a m52j-b m52j-c m52j-j\"><div class=\"x-row-inner\"><div class=\"x-col e6571-e33 m52j-k m52j-l m52j-o\"><a class=\"x-image e6571-e34 m52j-p m52j-r\" href=\"https:\/\/bayareacrisisnursery.app.neoncrm.com\/forms\/donate\" target=\"_blank\" rel=\"noopener noreferrer\"><img decoding=\"async\" src=\"https:\/\/bayareacrisisnursery.org\/wp-content\/uploads\/2022\/08\/Piggy-Bank.jpg\" width=\"600\" height=\"400\" alt=\"Donate Today\" loading=\"lazy\"><\/a><div class=\"x-text x-text-headline e6571-e35 m52j-u m52j-v m52j-10 m52j-14 m52j-17\"><div class=\"x-text-content\"><div class=\"x-text-content-text\"><h3 class=\"x-text-content-text-primary\"><a href=\"https:\/\/bayareacrisisnursery.app.neoncrm.com\/forms\/donate\" data-wplink-edit=\"true\">Done hoy!<\/a><\/h3>\n<\/div><\/div><\/div><\/div><div class=\"x-col e6571-e36 m52j-k m52j-l m52j-o\"><a class=\"x-image e6571-e37 m52j-p m52j-r m52j-s\" href=\"https:\/\/mailchi.mp\/bayareacrisisnursery\/newsletter?dnt=1%22%20data-wplink-edit=%22true%22\" target=\"_blank\" rel=\"noopener noreferrer\"><img decoding=\"async\" src=\"https:\/\/bayareacrisisnursery.org\/wp-content\/uploads\/2022\/08\/News.jpg\" width=\"600\" height=\"400\" alt=\"Newsletter\" loading=\"lazy\"><\/a><div class=\"x-text x-text-headline e6571-e38 m52j-u m52j-v m52j-10 m52j-14 m52j-17\"><div class=\"x-text-content\"><div class=\"x-text-content-text\"><h3 class=\"x-text-content-text-primary\"><p><a href=\"https:\/\/mailchi.mp\/bayareacrisisnursery\/newsletter?dnt=1\" data-wplink-edit=\"true\">Reg\u00edstrate para seguir en contacto<\/a><\/p><\/h3>\n<\/div><\/div><\/div><\/div><\/div><\/div><\/div><\/div>","protected":false},"excerpt":{"rendered":"<p>50%93% of our clients are single parent households with no family or support systems. Children can stay at the Nursery for up to 30 days. #1 BACN is the only licensed crisis nursery in the SF Bay Area. The Bay Area Crisis Nursery offers 30 days of free Crisis Care Services to young children ages birth through 5. We know &#8230; <a href=\"https:\/\/bayareacrisisnursery.org\/es\/programs\/crisis-care\/\" class=\"more-link\">Lee mas<\/a><\/p>","protected":false},"author":1,"featured_media":0,"parent":186,"menu_order":1,"comment_status":"closed","ping_status":"closed","template":"template-layout-full-width.php","meta":{"om_disable_all_campaigns":false,"_monsterinsights_skip_tracking":false,"_monsterinsights_sitenote_active":false,"_monsterinsights_sitenote_note":"","_monsterinsights_sitenote_category":0,"_uf_show_specific_survey":0,"_uf_disable_surveys":false,"footnotes":""},"class_list":["post-6571","page","type-page","status-publish","hentry","no-post-thumbnail"],"yoast_head":"<!-- This site is optimized with the Yoast SEO Premium plugin v27.2 (Yoast SEO v27.2) - https:\/\/yoast.com\/product\/yoast-seo-premium-wordpress\/ -->\n<title>Crisis Care Services- Bay Area Crisis Nursery<\/title>\n<meta name=\"description\" content=\"The Bay Area Crisis Nursery offers 30 days of crisis care to young children ages 0-5 whose parents are experiencing a tough time.\" \/>\n<meta name=\"robots\" content=\"index, follow, max-snippet:-1, max-image-preview:large, max-video-preview:-1\" \/>\n<link rel=\"canonical\" href=\"https:\/\/bayareacrisisnursery.org\/es\/programs\/crisis-care\/\" \/>\n<meta property=\"og:locale\" content=\"es_MX\" \/>\n<meta property=\"og:type\" content=\"article\" \/>\n<meta property=\"og:title\" content=\"Crisis Care Services\" \/>\n<meta property=\"og:description\" content=\"The Bay Area Crisis Nursery offers 30 days of crisis care to young children ages 0-5 whose parents are experiencing a tough time.\" \/>\n<meta property=\"og:url\" content=\"https:\/\/bayareacrisisnursery.org\/es\/programs\/crisis-care\/\" \/>\n<meta property=\"og:site_name\" content=\"Bay Area Crisis Nursery\" \/>\n<meta property=\"article:publisher\" content=\"https:\/\/www.facebook.com\/bacnspage\/\" \/>\n<meta property=\"article:modified_time\" content=\"2025-03-20T21:19:29+00:00\" \/>\n<meta name=\"twitter:card\" content=\"summary_large_image\" \/>\n<meta name=\"twitter:site\" content=\"@bacn_nursery\" \/>\n<meta name=\"twitter:label1\" content=\"Tiempo de lectura\" \/>\n\t<meta name=\"twitter:data1\" content=\"2 minutos\" \/>\n<script type=\"application\/ld+json\" class=\"yoast-schema-graph\">{\"@context\":\"https:\/\/schema.org\",\"@graph\":[{\"@type\":\"WebPage\",\"@id\":\"https:\/\/bayareacrisisnursery.org\/programs\/crisis-care\/\",\"url\":\"https:\/\/bayareacrisisnursery.org\/programs\/crisis-care\/\",\"name\":\"Crisis Care Services- Bay Area Crisis Nursery\",\"isPartOf\":{\"@id\":\"https:\/\/bayareacrisisnursery.org\/#website\"},\"datePublished\":\"2022-08-25T20:12:58+00:00\",\"dateModified\":\"2025-03-20T21:19:29+00:00\",\"description\":\"The Bay Area Crisis Nursery offers 30 days of crisis care to young children ages 0-5 whose parents are experiencing a tough time.\",\"breadcrumb\":{\"@id\":\"https:\/\/bayareacrisisnursery.org\/programs\/crisis-care\/#breadcrumb\"},\"inLanguage\":\"es\",\"potentialAction\":[{\"@type\":\"ReadAction\",\"target\":[\"https:\/\/bayareacrisisnursery.org\/programs\/crisis-care\/\"]}]},{\"@type\":\"BreadcrumbList\",\"@id\":\"https:\/\/bayareacrisisnursery.org\/programs\/crisis-care\/#breadcrumb\",\"itemListElement\":[{\"@type\":\"ListItem\",\"position\":1,\"name\":\"Home\",\"item\":\"https:\/\/bayareacrisisnursery.org\/\"},{\"@type\":\"ListItem\",\"position\":2,\"name\":\"Our Programs\",\"item\":\"https:\/\/bayareacrisisnursery.org\/programs\/\"},{\"@type\":\"ListItem\",\"position\":3,\"name\":\"Crisis Care Services\"}]},{\"@type\":\"WebSite\",\"@id\":\"https:\/\/bayareacrisisnursery.org\/#website\",\"url\":\"https:\/\/bayareacrisisnursery.org\/\",\"name\":\"Bay Area Crisis Nursery\",\"description\":\"A Little Heart. A Little Help. A Lot of Hope.\",\"publisher\":{\"@id\":\"https:\/\/bayareacrisisnursery.org\/#organization\"},\"potentialAction\":[{\"@type\":\"SearchAction\",\"target\":{\"@type\":\"EntryPoint\",\"urlTemplate\":\"https:\/\/bayareacrisisnursery.org\/?s={search_term_string}\"},\"query-input\":{\"@type\":\"PropertyValueSpecification\",\"valueRequired\":true,\"valueName\":\"search_term_string\"}}],\"inLanguage\":\"es\"},{\"@type\":\"Organization\",\"@id\":\"https:\/\/bayareacrisisnursery.org\/#organization\",\"name\":\"Bay Area Crisis Nursery\",\"url\":\"https:\/\/bayareacrisisnursery.org\/\",\"logo\":{\"@type\":\"ImageObject\",\"inLanguage\":\"es\",\"@id\":\"https:\/\/bayareacrisisnursery.org\/#\/schema\/logo\/image\/\",\"url\":\"https:\/\/bayareacrisisnursery.org\/wp-content\/uploads\/2020\/12\/BACN-Logo.png\",\"contentUrl\":\"https:\/\/bayareacrisisnursery.org\/wp-content\/uploads\/2020\/12\/BACN-Logo.png\",\"width\":751,\"height\":374,\"caption\":\"Bay Area Crisis Nursery\"},\"image\":{\"@id\":\"https:\/\/bayareacrisisnursery.org\/#\/schema\/logo\/image\/\"},\"sameAs\":[\"https:\/\/www.facebook.com\/bacnspage\/\",\"https:\/\/x.com\/bacn_nursery\",\"https:\/\/www.instagram.com\/bayareacrisisnursery\/\",\"https:\/\/www.linkedin.com\/company\/bay-area-crisis-nursery\/about\/\"]}]}<\/script>\n<!-- \/ Yoast SEO Premium plugin. -->","yoast_head_json":{"title":"Crisis Care Services- Bay Area Crisis Nursery","description":"The Bay Area Crisis Nursery offers 30 days of crisis care to young children ages 0-5 whose parents are experiencing a tough time.","robots":{"index":"index","follow":"follow","max-snippet":"max-snippet:-1","max-image-preview":"max-image-preview:large","max-video-preview":"max-video-preview:-1"},"canonical":"https:\/\/bayareacrisisnursery.org\/es\/programs\/crisis-care\/","og_locale":"es_MX","og_type":"article","og_title":"Crisis Care Services","og_description":"The Bay Area Crisis Nursery offers 30 days of crisis care to young children ages 0-5 whose parents are experiencing a tough time.","og_url":"https:\/\/bayareacrisisnursery.org\/es\/programs\/crisis-care\/","og_site_name":"Bay Area Crisis Nursery","article_publisher":"https:\/\/www.facebook.com\/bacnspage\/","article_modified_time":"2025-03-20T21:19:29+00:00","twitter_card":"summary_large_image","twitter_site":"@bacn_nursery","twitter_misc":{"Tiempo de lectura":"2 minutos"},"schema":{"@context":"https:\/\/schema.org","@graph":[{"@type":"WebPage","@id":"https:\/\/bayareacrisisnursery.org\/programs\/crisis-care\/","url":"https:\/\/bayareacrisisnursery.org\/programs\/crisis-care\/","name":"Crisis Care Services- Bay Area Crisis Nursery","isPartOf":{"@id":"https:\/\/bayareacrisisnursery.org\/#website"},"datePublished":"2022-08-25T20:12:58+00:00","dateModified":"2025-03-20T21:19:29+00:00","description":"The Bay Area Crisis Nursery offers 30 days of crisis care to young children ages 0-5 whose parents are experiencing a tough time.","breadcrumb":{"@id":"https:\/\/bayareacrisisnursery.org\/programs\/crisis-care\/#breadcrumb"},"inLanguage":"es","potentialAction":[{"@type":"ReadAction","target":["https:\/\/bayareacrisisnursery.org\/programs\/crisis-care\/"]}]},{"@type":"BreadcrumbList","@id":"https:\/\/bayareacrisisnursery.org\/programs\/crisis-care\/#breadcrumb","itemListElement":[{"@type":"ListItem","position":1,"name":"Home","item":"https:\/\/bayareacrisisnursery.org\/"},{"@type":"ListItem","position":2,"name":"Our Programs","item":"https:\/\/bayareacrisisnursery.org\/programs\/"},{"@type":"ListItem","position":3,"name":"Crisis Care Services"}]},{"@type":"WebSite","@id":"https:\/\/bayareacrisisnursery.org\/#website","url":"https:\/\/bayareacrisisnursery.org\/","name":"Guarder\u00eda de crisis del \u00e1rea de la bah\u00eda","description":"Un corazoncito. Un poco de ayuda. Mucha esperanza.","publisher":{"@id":"https:\/\/bayareacrisisnursery.org\/#organization"},"potentialAction":[{"@type":"SearchAction","target":{"@type":"EntryPoint","urlTemplate":"https:\/\/bayareacrisisnursery.org\/?s={search_term_string}"},"query-input":{"@type":"PropertyValueSpecification","valueRequired":true,"valueName":"search_term_string"}}],"inLanguage":"es"},{"@type":"Organization","@id":"https:\/\/bayareacrisisnursery.org\/#organization","name":"Guarder\u00eda de crisis del \u00e1rea de la bah\u00eda","url":"https:\/\/bayareacrisisnursery.org\/","logo":{"@type":"ImageObject","inLanguage":"es","@id":"https:\/\/bayareacrisisnursery.org\/#\/schema\/logo\/image\/","url":"https:\/\/bayareacrisisnursery.org\/wp-content\/uploads\/2020\/12\/BACN-Logo.png","contentUrl":"https:\/\/bayareacrisisnursery.org\/wp-content\/uploads\/2020\/12\/BACN-Logo.png","width":751,"height":374,"caption":"Bay Area Crisis Nursery"},"image":{"@id":"https:\/\/bayareacrisisnursery.org\/#\/schema\/logo\/image\/"},"sameAs":["https:\/\/www.facebook.com\/bacnspage\/","https:\/\/x.com\/bacn_nursery","https:\/\/www.instagram.com\/bayareacrisisnursery\/","https:\/\/www.linkedin.com\/company\/bay-area-crisis-nursery\/about\/"]}]}},"_links":{"self":[{"href":"https:\/\/bayareacrisisnursery.org\/es\/wp-json\/wp\/v2\/pages\/6571","targetHints":{"allow":["GET"]}}],"collection":[{"href":"https:\/\/bayareacrisisnursery.org\/es\/wp-json\/wp\/v2\/pages"}],"about":[{"href":"https:\/\/bayareacrisisnursery.org\/es\/wp-json\/wp\/v2\/types\/page"}],"author":[{"embeddable":true,"href":"https:\/\/bayareacrisisnursery.org\/es\/wp-json\/wp\/v2\/users\/1"}],"replies":[{"embeddable":true,"href":"https:\/\/bayareacrisisnursery.org\/es\/wp-json\/wp\/v2\/comments?post=6571"}],"version-history":[{"count":11,"href":"https:\/\/bayareacrisisnursery.org\/es\/wp-json\/wp\/v2\/pages\/6571\/revisions"}],"predecessor-version":[{"id":7349,"href":"https:\/\/bayareacrisisnursery.org\/es\/wp-json\/wp\/v2\/pages\/6571\/revisions\/7349"}],"up":[{"embeddable":true,"href":"https:\/\/bayareacrisisnursery.org\/es\/wp-json\/wp\/v2\/pages\/186"}],"wp:attachment":[{"href":"https:\/\/bayareacrisisnursery.org\/es\/wp-json\/wp\/v2\/media?parent=6571"}],"curies":[{"name":"wp","href":"https:\/\/api.w.org\/{rel}","templated":true}]}}