{"id":6604,"date":"2022-08-25T22:01:13","date_gmt":"2022-08-25T22:01:13","guid":{"rendered":"https:\/\/bayareacrisisnursery.org\/?page_id=6604"},"modified":"2025-03-20T21:24:38","modified_gmt":"2025-03-20T21:24:38","slug":"bacn-boutique","status":"publish","type":"page","link":"https:\/\/bayareacrisisnursery.org\/es\/programs\/bacn-boutique\/","title":{"rendered":"Boutique BACN"},"content":{"rendered":"<div id=\"cs-content\" class=\"cs-content\"><div class=\"x-section e6604-e1 m53g-0 m53g-1 m53g-2 m53g-3\"><div class=\"x-row e6604-e2 m53g-7 m53g-9 m53g-a\"><div class=\"x-row-inner\"><div class=\"x-col e6604-e3 m53g-h m53g-i\"><span class=\"x-image e6604-e4 m53g-l m53g-m\"><img decoding=\"async\" src=\"https:\/\/bayareacrisisnursery.org\/wp-content\/uploads\/2022\/08\/BACN-Boutique-Banner.png\" width=\"1200\" height=\"400\" alt=\"BACN Boutique\" loading=\"lazy\"><\/span><\/div><\/div><\/div><\/div><div class=\"x-section e6604-e5 m53g-0 m53g-3 m53g-4\"><div class=\"x-row e6604-e6 m53g-7 m53g-8 m53g-9 m53g-b\"><div class=\"x-row-inner\"><div class=\"x-col e6604-e7 m53g-h m53g-i\"><div class=\"x-text x-text-headline e6604-e8 m53g-p m53g-q m53g-r m53g-s\"><div class=\"x-text-content\"><div class=\"x-text-content-text\"><h1 class=\"x-text-content-text-primary\">$150,000<\/h1>\n<\/div><\/div><\/div><div class=\"x-text x-content e6604-e9 m53g-v\">APROXIMADAMENTE EL VALOR DE $150,000 EN ART\u00cdCULOS SE DONA A LA GUARDER\u00cdA ANUALMENTE. \u00a1TODO SE DA A NUESTROS NI\u00d1OS Y FAMILIAS SIN COSTO!<\/div><\/div><\/div><\/div><\/div><div class=\"x-section e6604-e10 m53g-0 m53g-1 m53g-3 m53g-5\"><div class=\"x-row e6604-e11 m53g-7 m53g-9 m53g-c\"><div class=\"x-row-inner\"><div class=\"x-col e6604-e12 m53g-h m53g-i\"><hr class=\"x-line e6604-e13 m53g-w\"\/><\/div><\/div><\/div><\/div><div class=\"x-section e6604-e14 m53g-0 m53g-1 m53g-3 m53g-5\"><div class=\"x-row e6604-e15 m53g-7 m53g-9 m53g-d\"><div class=\"x-row-inner\"><div class=\"x-col e6604-e16 m53g-h m53g-j\">Seguimos satisfaciendo las necesidades b\u00e1sicas de nuestros clientes con la Boutique BACN. Todo gracias a nuestros generosos donantes corporativos y comunitarios. Nuestra boutique completamente surtida tiene muebles para ni\u00f1os, juguetes, libros, ropa y mucho m\u00e1s para que las familias lleven lo que necesiten sin costo alguno. \u00a1Los miembros de la comunidad pueden comprar en BACN Boutique de forma gratuita! La boutique se encuentra actualmente en el vest\u00edbulo de la guarder\u00eda y est\u00e1 abierta al p\u00fablico. La Boutique BACN se abastece diariamente con art\u00edculos donados por nuestra generosa comunidad. Los padres que esperan un beb\u00e9 pueden encontrar ropa, mantas, biberones, cochecitos y art\u00edculos para beb\u00e9s. Para familias con ni\u00f1os mayores, tenemos mucha ropa, zapatos, libros, juguetes y m\u00e1s. Y para los padres tenemos ropa, zapatos y productos de higiene. \u00bfNecesitas algo que no ves? H\u00e1gaselo saber a nuestro personal de enfermer\u00eda. Podemos ayudarlo a encontrar art\u00edculos para usted. <\/p>\n \nAntes de visitar la Boutique BACN, aseg\u00farese de hacer su pedido en nuestra Despensa de Alimentos y Banco de Pa\u00f1ales. Si usted es un padre que necesita comida o pa\u00f1ales, <b><a href=\"tel:925-685-6633\">por favor llama<\/a><\/b> la Guarder\u00eda para pedir comida y pa\u00f1ales.<\/p>\n<\/div><\/div><\/div><\/div><div class=\"x-section e6604-e18 m53g-0 m53g-1 m53g-3 m53g-5\"><div class=\"x-row e6604-e19 m53g-7 m53g-9 m53g-e\"><div class=\"x-row-inner\"><div class=\"x-col e6604-e20 m53g-h m53g-i\"><div id=\"x-content-band-1\" class=\"x-content-band border-top border-left border-right border-bottom\" style=\"background-color: #efefef; color: #333;\"><div class=\"x-container max width\"> \n<h4  class=\"h-custom-headline h3\" style=\"margin-top: 0;\"><span>Donaciones de art\u00edculos<\/span><\/h4><\/p>\n\nAceptamos: juguetes limpios y usados en buen estado (para evitar posibles riesgos de asfixia, aseg\u00farese de que los juguetes peque\u00f1os est\u00e9n asegurados en una bolsa), equipos para ni\u00f1os, pa\u00f1ales, comida y f\u00f3rmula para beb\u00e9s que no hayan expirado, pa\u00f1ales sin abrir, libros en buenas condiciones, rompecabezas y juegos (por favor, pegue con cinta adhesiva las cajas para asegurarse de que las piezas peque\u00f1as se mantengan adentro), ropa para ni\u00f1os usada en buen estado y zapatos para ni\u00f1os. <\/p>Por favor <b><a href=\"tel:925-685-6633\">ll\u00e1manos<\/a><\/b> para ver si estamos aceptando donaciones o donar directamente a la Guarder\u00eda.<\/p>\n\n\n<p><a  class=\"x-btn x-btn-flat x-btn-global\"  href=\"https:\/\/bayareacrisisnursery.app.neoncrm.com\/np\/clients\/bayareacrisisnursery\/donation.jsp?campaign=281&\"     data-options=\"thumbnail: ''\">Done hoy!<\/a> <\/div><\/div>\n<\/div><\/div><\/div><\/div><div class=\"x-section e6604-e22 m53g-0 m53g-4 m53g-6\"><div class=\"x-row e6604-e23 m53g-7 m53g-8 m53g-9 m53g-f\"><div class=\"x-row-inner\"><div class=\"x-col e6604-e24 m53g-h m53g-i\"><div class=\"x-text x-text-headline e6604-e25 m53g-q m53g-r m53g-t\"><div class=\"x-text-content\"><div class=\"x-text-content-text\"><h3 class=\"x-text-content-text-primary\">Apoyo BACN<\/h3>\n<\/div><\/div><\/div><\/div><\/div><\/div><div class=\"x-row e6604-e26 m53g-7 m53g-8 m53g-9 m53g-g\"><div class=\"x-row-inner\"><div class=\"x-col e6604-e27 m53g-h m53g-i m53g-k\"><a class=\"x-image e6604-e28 m53g-l m53g-n\" href=\"https:\/\/bayareacrisisnursery.app.neoncrm.com\/forms\/donate\" target=\"_blank\" rel=\"noopener noreferrer\"><img decoding=\"async\" src=\"https:\/\/bayareacrisisnursery.org\/wp-content\/uploads\/2022\/08\/Piggy-Bank.jpg\" width=\"600\" height=\"400\" alt=\"Donate Today\" loading=\"lazy\"><\/a><div class=\"x-text x-text-headline e6604-e29 m53g-p m53g-q m53g-u\"><div class=\"x-text-content\"><div class=\"x-text-content-text\"><h3 class=\"x-text-content-text-primary\"><a href=\"https:\/\/bayareacrisisnursery.app.neoncrm.com\/forms\/donate\" data-wplink-edit=\"true\">Done hoy!<\/a><\/h3>\n<\/div><\/div><\/div><\/div><div class=\"x-col e6604-e30 m53g-h m53g-i m53g-k\"><a class=\"x-image e6604-e31 m53g-l m53g-n m53g-o\" href=\"https:\/\/mailchi.mp\/bayareacrisisnursery\/newsletter?dnt=1%22%20data-wplink-edit=%22true%22\" target=\"_blank\" rel=\"noopener noreferrer\"><img decoding=\"async\" src=\"https:\/\/bayareacrisisnursery.org\/wp-content\/uploads\/2022\/08\/News.jpg\" width=\"600\" height=\"400\" alt=\"Newsletter\" loading=\"lazy\"><\/a><div class=\"x-text x-text-headline e6604-e32 m53g-p m53g-q m53g-u\"><div class=\"x-text-content\"><div class=\"x-text-content-text\"><h3 class=\"x-text-content-text-primary\"><p><a href=\"https:\/\/mailchi.mp\/bayareacrisisnursery\/newsletter?dnt=1\" data-wplink-edit=\"true\">Reg\u00edstrate para seguir en contacto<\/a><\/p><\/h3>\n<\/div><\/div><\/div><\/div><\/div><\/div><\/div><\/div>","protected":false},"excerpt":{"rendered":"<p>$150,000 APPROXIMATELY $150,000 WORTH OF ITEMS ARE DONATED TO THE NURSERY ANNUALLY. EVERYTHING IS GIVEN TO OUR CHILDREN AND FAMILIES AT NO COST!We continue to meet the basic needs of our clients with the BACN Boutique. It\u2019s all thanks to our generous corporate and community donors. Our fully stocked, boutique has children\u2019s furniture, toys, books, clothes, and much more for &#8230; <a href=\"https:\/\/bayareacrisisnursery.org\/es\/programs\/bacn-boutique\/\" class=\"more-link\">Lee mas<\/a><\/p>","protected":false},"author":1,"featured_media":0,"parent":186,"menu_order":4,"comment_status":"closed","ping_status":"closed","template":"template-layout-full-width.php","meta":{"om_disable_all_campaigns":false,"_monsterinsights_skip_tracking":false,"_monsterinsights_sitenote_active":false,"_monsterinsights_sitenote_note":"","_monsterinsights_sitenote_category":0,"_uf_show_specific_survey":0,"_uf_disable_surveys":false,"footnotes":""},"class_list":["post-6604","page","type-page","status-publish","hentry","no-post-thumbnail"],"yoast_head":"<!-- This site is optimized with the Yoast SEO Premium plugin v27.2 (Yoast SEO v27.2) - https:\/\/yoast.com\/product\/yoast-seo-premium-wordpress\/ -->\n<title>The BACN Boutique- Bay Area Crisis Nursery<\/title>\n<meta name=\"description\" content=\"The BACN Boutique offers free clothing for children and adults, shoes, books, toys, and children&#039;s equipment at no cost to the community.\" \/>\n<meta name=\"robots\" content=\"index, follow, max-snippet:-1, max-image-preview:large, max-video-preview:-1\" \/>\n<link rel=\"canonical\" href=\"https:\/\/bayareacrisisnursery.org\/es\/programs\/bacn-boutique\/\" \/>\n<meta property=\"og:locale\" content=\"es_MX\" \/>\n<meta property=\"og:type\" content=\"article\" \/>\n<meta property=\"og:title\" content=\"BACN Boutique\" \/>\n<meta property=\"og:description\" content=\"The BACN Boutique offers free clothing for children and adults, shoes, books, toys, and children&#039;s equipment at no cost to the community.\" \/>\n<meta property=\"og:url\" content=\"https:\/\/bayareacrisisnursery.org\/es\/programs\/bacn-boutique\/\" \/>\n<meta property=\"og:site_name\" content=\"Bay Area Crisis Nursery\" \/>\n<meta property=\"article:publisher\" content=\"https:\/\/www.facebook.com\/bacnspage\/\" \/>\n<meta property=\"article:modified_time\" content=\"2025-03-20T21:24:38+00:00\" \/>\n<meta name=\"twitter:card\" content=\"summary_large_image\" \/>\n<meta name=\"twitter:site\" content=\"@bacn_nursery\" \/>\n<meta name=\"twitter:label1\" content=\"Tiempo de lectura\" \/>\n\t<meta name=\"twitter:data1\" content=\"2 minutos\" \/>\n<script type=\"application\/ld+json\" class=\"yoast-schema-graph\">{\"@context\":\"https:\/\/schema.org\",\"@graph\":[{\"@type\":\"WebPage\",\"@id\":\"https:\/\/bayareacrisisnursery.org\/programs\/bacn-boutique\/\",\"url\":\"https:\/\/bayareacrisisnursery.org\/programs\/bacn-boutique\/\",\"name\":\"The BACN Boutique- Bay Area Crisis Nursery\",\"isPartOf\":{\"@id\":\"https:\/\/bayareacrisisnursery.org\/#website\"},\"datePublished\":\"2022-08-25T22:01:13+00:00\",\"dateModified\":\"2025-03-20T21:24:38+00:00\",\"description\":\"The BACN Boutique offers free clothing for children and adults, shoes, books, toys, and children's equipment at no cost to the community.\",\"breadcrumb\":{\"@id\":\"https:\/\/bayareacrisisnursery.org\/programs\/bacn-boutique\/#breadcrumb\"},\"inLanguage\":\"es\",\"potentialAction\":[{\"@type\":\"ReadAction\",\"target\":[\"https:\/\/bayareacrisisnursery.org\/programs\/bacn-boutique\/\"]}]},{\"@type\":\"BreadcrumbList\",\"@id\":\"https:\/\/bayareacrisisnursery.org\/programs\/bacn-boutique\/#breadcrumb\",\"itemListElement\":[{\"@type\":\"ListItem\",\"position\":1,\"name\":\"Home\",\"item\":\"https:\/\/bayareacrisisnursery.org\/\"},{\"@type\":\"ListItem\",\"position\":2,\"name\":\"Our Programs\",\"item\":\"https:\/\/bayareacrisisnursery.org\/programs\/\"},{\"@type\":\"ListItem\",\"position\":3,\"name\":\"BACN Boutique\"}]},{\"@type\":\"WebSite\",\"@id\":\"https:\/\/bayareacrisisnursery.org\/#website\",\"url\":\"https:\/\/bayareacrisisnursery.org\/\",\"name\":\"Bay Area Crisis Nursery\",\"description\":\"A Little Heart. A Little Help. A Lot of Hope.\",\"publisher\":{\"@id\":\"https:\/\/bayareacrisisnursery.org\/#organization\"},\"potentialAction\":[{\"@type\":\"SearchAction\",\"target\":{\"@type\":\"EntryPoint\",\"urlTemplate\":\"https:\/\/bayareacrisisnursery.org\/?s={search_term_string}\"},\"query-input\":{\"@type\":\"PropertyValueSpecification\",\"valueRequired\":true,\"valueName\":\"search_term_string\"}}],\"inLanguage\":\"es\"},{\"@type\":\"Organization\",\"@id\":\"https:\/\/bayareacrisisnursery.org\/#organization\",\"name\":\"Bay Area Crisis Nursery\",\"url\":\"https:\/\/bayareacrisisnursery.org\/\",\"logo\":{\"@type\":\"ImageObject\",\"inLanguage\":\"es\",\"@id\":\"https:\/\/bayareacrisisnursery.org\/#\/schema\/logo\/image\/\",\"url\":\"https:\/\/bayareacrisisnursery.org\/wp-content\/uploads\/2020\/12\/BACN-Logo.png\",\"contentUrl\":\"https:\/\/bayareacrisisnursery.org\/wp-content\/uploads\/2020\/12\/BACN-Logo.png\",\"width\":751,\"height\":374,\"caption\":\"Bay Area Crisis Nursery\"},\"image\":{\"@id\":\"https:\/\/bayareacrisisnursery.org\/#\/schema\/logo\/image\/\"},\"sameAs\":[\"https:\/\/www.facebook.com\/bacnspage\/\",\"https:\/\/x.com\/bacn_nursery\",\"https:\/\/www.instagram.com\/bayareacrisisnursery\/\",\"https:\/\/www.linkedin.com\/company\/bay-area-crisis-nursery\/about\/\"]}]}<\/script>\n<!-- \/ Yoast SEO Premium plugin. -->","yoast_head_json":{"title":"The BACN Boutique- Bay Area Crisis Nursery","description":"The BACN Boutique offers free clothing for children and adults, shoes, books, toys, and children's equipment at no cost to the community.","robots":{"index":"index","follow":"follow","max-snippet":"max-snippet:-1","max-image-preview":"max-image-preview:large","max-video-preview":"max-video-preview:-1"},"canonical":"https:\/\/bayareacrisisnursery.org\/es\/programs\/bacn-boutique\/","og_locale":"es_MX","og_type":"article","og_title":"BACN Boutique","og_description":"The BACN Boutique offers free clothing for children and adults, shoes, books, toys, and children's equipment at no cost to the community.","og_url":"https:\/\/bayareacrisisnursery.org\/es\/programs\/bacn-boutique\/","og_site_name":"Bay Area Crisis Nursery","article_publisher":"https:\/\/www.facebook.com\/bacnspage\/","article_modified_time":"2025-03-20T21:24:38+00:00","twitter_card":"summary_large_image","twitter_site":"@bacn_nursery","twitter_misc":{"Tiempo de lectura":"2 minutos"},"schema":{"@context":"https:\/\/schema.org","@graph":[{"@type":"WebPage","@id":"https:\/\/bayareacrisisnursery.org\/programs\/bacn-boutique\/","url":"https:\/\/bayareacrisisnursery.org\/programs\/bacn-boutique\/","name":"The BACN Boutique- Bay Area Crisis Nursery","isPartOf":{"@id":"https:\/\/bayareacrisisnursery.org\/#website"},"datePublished":"2022-08-25T22:01:13+00:00","dateModified":"2025-03-20T21:24:38+00:00","description":"The BACN Boutique offers free clothing for children and adults, shoes, books, toys, and children's equipment at no cost to the community.","breadcrumb":{"@id":"https:\/\/bayareacrisisnursery.org\/programs\/bacn-boutique\/#breadcrumb"},"inLanguage":"es","potentialAction":[{"@type":"ReadAction","target":["https:\/\/bayareacrisisnursery.org\/programs\/bacn-boutique\/"]}]},{"@type":"BreadcrumbList","@id":"https:\/\/bayareacrisisnursery.org\/programs\/bacn-boutique\/#breadcrumb","itemListElement":[{"@type":"ListItem","position":1,"name":"Home","item":"https:\/\/bayareacrisisnursery.org\/"},{"@type":"ListItem","position":2,"name":"Our Programs","item":"https:\/\/bayareacrisisnursery.org\/programs\/"},{"@type":"ListItem","position":3,"name":"BACN Boutique"}]},{"@type":"WebSite","@id":"https:\/\/bayareacrisisnursery.org\/#website","url":"https:\/\/bayareacrisisnursery.org\/","name":"Guarder\u00eda de crisis del \u00e1rea de la bah\u00eda","description":"Un corazoncito. Un poco de ayuda. Mucha esperanza.","publisher":{"@id":"https:\/\/bayareacrisisnursery.org\/#organization"},"potentialAction":[{"@type":"SearchAction","target":{"@type":"EntryPoint","urlTemplate":"https:\/\/bayareacrisisnursery.org\/?s={search_term_string}"},"query-input":{"@type":"PropertyValueSpecification","valueRequired":true,"valueName":"search_term_string"}}],"inLanguage":"es"},{"@type":"Organization","@id":"https:\/\/bayareacrisisnursery.org\/#organization","name":"Guarder\u00eda de crisis del \u00e1rea de la bah\u00eda","url":"https:\/\/bayareacrisisnursery.org\/","logo":{"@type":"ImageObject","inLanguage":"es","@id":"https:\/\/bayareacrisisnursery.org\/#\/schema\/logo\/image\/","url":"https:\/\/bayareacrisisnursery.org\/wp-content\/uploads\/2020\/12\/BACN-Logo.png","contentUrl":"https:\/\/bayareacrisisnursery.org\/wp-content\/uploads\/2020\/12\/BACN-Logo.png","width":751,"height":374,"caption":"Bay Area Crisis Nursery"},"image":{"@id":"https:\/\/bayareacrisisnursery.org\/#\/schema\/logo\/image\/"},"sameAs":["https:\/\/www.facebook.com\/bacnspage\/","https:\/\/x.com\/bacn_nursery","https:\/\/www.instagram.com\/bayareacrisisnursery\/","https:\/\/www.linkedin.com\/company\/bay-area-crisis-nursery\/about\/"]}]}},"_links":{"self":[{"href":"https:\/\/bayareacrisisnursery.org\/es\/wp-json\/wp\/v2\/pages\/6604","targetHints":{"allow":["GET"]}}],"collection":[{"href":"https:\/\/bayareacrisisnursery.org\/es\/wp-json\/wp\/v2\/pages"}],"about":[{"href":"https:\/\/bayareacrisisnursery.org\/es\/wp-json\/wp\/v2\/types\/page"}],"author":[{"embeddable":true,"href":"https:\/\/bayareacrisisnursery.org\/es\/wp-json\/wp\/v2\/users\/1"}],"replies":[{"embeddable":true,"href":"https:\/\/bayareacrisisnursery.org\/es\/wp-json\/wp\/v2\/comments?post=6604"}],"version-history":[{"count":11,"href":"https:\/\/bayareacrisisnursery.org\/es\/wp-json\/wp\/v2\/pages\/6604\/revisions"}],"predecessor-version":[{"id":7352,"href":"https:\/\/bayareacrisisnursery.org\/es\/wp-json\/wp\/v2\/pages\/6604\/revisions\/7352"}],"up":[{"embeddable":true,"href":"https:\/\/bayareacrisisnursery.org\/es\/wp-json\/wp\/v2\/pages\/186"}],"wp:attachment":[{"href":"https:\/\/bayareacrisisnursery.org\/es\/wp-json\/wp\/v2\/media?parent=6604"}],"curies":[{"name":"wp","href":"https:\/\/api.w.org\/{rel}","templated":true}]}}