{"id":186,"date":"2019-04-19T05:17:42","date_gmt":"2019-04-19T05:17:42","guid":{"rendered":"https:\/\/bayareacrisisnursery.org\/?page_id=186"},"modified":"2025-03-20T21:27:05","modified_gmt":"2025-03-20T21:27:05","slug":"programs","status":"publish","type":"page","link":"https:\/\/bayareacrisisnursery.org\/fr\/programs\/","title":{"rendered":"Nos programmes"},"content":{"rendered":"<div id=\"cs-content\" class=\"cs-content\"><div class=\"x-section e186-e1 m56-0 m56-1 m56-2 m56-3\"><div class=\"x-row e186-e2 m56-7 m56-9 m56-a\"><div class=\"x-row-inner\"><div class=\"x-col e186-e3 m56-h\"><span class=\"x-image e186-e4 m56-k m56-l\"><img decoding=\"async\" src=\"https:\/\/bayareacrisisnursery.org\/wp-content\/uploads\/2022\/08\/Playdough.png\" width=\"1200\" height=\"400\" alt=\"Nursery Children\" loading=\"lazy\"><\/span><\/div><\/div><\/div><\/div><div class=\"x-section e186-e5 m56-0 m56-3 m56-4\"><div class=\"x-row e186-e6 m56-7 m56-8 m56-9 m56-b\"><div class=\"x-row-inner\"><div class=\"x-col e186-e7 m56-h m56-i\"><div class=\"x-text x-text-headline e186-e8 m56-o m56-p m56-q m56-r m56-s m56-t m56-u\"><div class=\"x-text-content\"><div class=\"x-text-content-text\"><h1 class=\"x-text-content-text-primary\">100%<\/h1>\n<\/div><\/div><\/div><div class=\"x-text x-text-headline e186-e9 m56-o m56-p m56-q m56-r m56-t m56-v m56-w m56-x\"><div class=\"x-text-content\"><div class=\"x-text-content-text\"><h2 class=\"x-text-content-text-primary\">DE NOS FAMILLES RECOMMANDERONT LA GARDERIE A LEURS AMIS.<\/h2>\n<\/div><\/div><\/div><\/div><div class=\"x-col e186-e10 m56-h\"><div class=\"x-text x-text-headline e186-e11 m56-o m56-p m56-q m56-r m56-t m56-v m56-w m56-x\"><div class=\"x-text-content\"><div class=\"x-text-content-text\"><h2 class=\"x-text-content-text-primary\">NOUS AVONS FOURNI<\/h2>\n<\/div><\/div><\/div><div class=\"x-counter e186-e12 m56-11\" data-x-element-counter=\"{&quot;to&quot;:&quot;33,651&quot;,&quot;speed&quot;:&quot;1500ms&quot;,&quot;commaSeparatedDecimal&quot;:false}\"><div class=\"x-counter-number-wrap\"><span class=\"x-counter-number\">0<\/span><\/div><\/div><div class=\"x-text x-text-headline e186-e13 m56-o m56-p m56-q m56-r m56-t m56-v m56-w m56-x\"><div class=\"x-text-content\"><div class=\"x-text-content-text\"><h2 class=\"x-text-content-text-primary\">HEURES DE GARDERIE GRATUITE L&#039;AN DERNIER.<\/h2>\n<\/div><\/div><\/div><\/div><div class=\"x-col e186-e14 m56-h m56-i\"><div class=\"x-text x-text-headline e186-e15 m56-o m56-p m56-q m56-s m56-u m56-y\"><div class=\"x-text-content\"><div class=\"x-text-content-text\"><h1 class=\"x-text-content-text-primary\">98%<\/h1>\n<\/div><\/div><\/div><div class=\"x-text x-text-headline e186-e16 m56-o m56-p m56-q m56-r m56-t m56-v m56-w m56-x\"><div class=\"x-text-content\"><div class=\"x-text-content-text\"><h2 class=\"x-text-content-text-primary\">DES PARENTS ONT D\u00c9CLAR\u00c9 MOINS DE STRESS APR\u00c8S AVOIR UTILIS\u00c9 LES SERVICES DE GARDERIE.<\/h2>\n<\/div><\/div><\/div><\/div><\/div><\/div><\/div><div class=\"x-section e186-e17 m56-0 m56-1 m56-3 m56-5\"><div class=\"x-row e186-e18 m56-7 m56-9 m56-c\"><div class=\"x-row-inner\"><div class=\"x-col e186-e19 m56-h\"><hr class=\"x-line e186-e20 m56-12\"\/><\/div><\/div><\/div><\/div><div class=\"x-section e186-e21 m56-0 m56-1 m56-3 m56-5\"><div class=\"x-row e186-e22 m56-7 m56-9 m56-d\"><div class=\"x-row-inner\"><div class=\"x-col e186-e23 m56-h\"><div class=\"x-text x-content e186-e24 m56-13\"><p>La mission de la Bay Area Crisis Nursery (BACN) est simple et puissante : aider \u00e0 pr\u00e9venir la maltraitance et la n\u00e9gligence envers les enfants en fournissant des services de soutien aux familles. Nous sommes une ressource gratuite pour les familles avec de jeunes enfants \u00e2g\u00e9s de 0 \u00e0 5 ans. Nos services s&#039;efforcent de construire des familles s\u00fbres, fortes et stables gr\u00e2ce \u00e0 un mod\u00e8le de ressources familiales.<\/p>\n\n<p>Nous aidons les parents et les soignants \u00e0 faire face aux facteurs de stress de la vie en fournissant des services qui favorisent l&#039;apprentissage et le d\u00e9veloppement, les comp\u00e9tences parentales dans un environnement sans jugement et le soutien parental pour r\u00e9soudre les situations de stress et de crise. Tous nos services promeuvent des facteurs de protection fond\u00e9s sur des donn\u00e9es probantes qui renforcent les relations parents\/enfants et aident les enfants et les familles \u00e0 s&#039;\u00e9panouir. Ils comprennent la r\u00e9silience parentale, les liens sociaux, un soutien concret en cas de besoin, la connaissance de la parentalit\u00e9 et du d\u00e9veloppement de l&#039;enfant, et la comp\u00e9tence sociale et \u00e9motionnelle des enfants.<\/p>\n\n<ul>\n \t<li><span style=\"color: #a589bf;\"><b>Garderie d&#039;urgence-<\/b><\/span> Les services de garde d&#039;urgence sont maintenant offerts de 7 h \u00e0 19 h tous les jours. Un enfant peut b\u00e9n\u00e9ficier de services de garde d&#039;urgence jusqu&#039;\u00e0 30 jours sur une p\u00e9riode de 6 mois et 60 jours dans l&#039;ann\u00e9e. La garde d&#039;enfants gratuite aide les parents \u00e0 trouver et \u00e0 conserver un emploi, \u00e0 assister aux audiences, aux cours, aux rendez-vous m\u00e9dicaux, etc.<\/li><\/p>\n \t<li><strong><span style=\"color: #a589bf;\">Programme de nuit en r\u00e9sidence de crise-<\/span><\/strong> Les parents admettent volontairement leur(s) enfant(s) en cas de crise. Les parents peuvent utiliser ce service jusqu&#039;\u00e0 30 jours. Les familles travaillent sur un Plan Familial pour stabiliser la situation familiale.<\/li><\/p>\n \t<li><strong><span style=\"color: #a589bf;\">Programme de r\u00e9pit de jour ou de nuit-<\/span><\/strong> Les parents stress\u00e9s ou qui ont utilis\u00e9 notre programme r\u00e9sidentiel de nuit en cas de crise ou nos services de garde d&#039;enfants d&#039;urgence peuvent visiter la garderie pour des visites mensuelles \u00e0 court terme. Ces visites durent de 1 \u00e0 3 jours. Les soins de rel\u00e8ve donnent aux parents et aux soignants le temps de prendre soin d&#039;eux-m\u00eames, ce qui r\u00e9duit le stress parental.<\/li><\/p>\n \t<li><span style=\"color: #a589bf;\"><strong>Navigation dans les ressources familiales-<\/strong> <\/span>Chaque famille qui s&#039;inscrit \u00e0 des programmes de garderie travaille avec notre navigateur de ressources familiales pour cr\u00e9er un plan familial. Les familles re\u00e7oivent des r\u00e9f\u00e9rences et de l&#039;aide pour acc\u00e9der aux ressources afin d&#039;att\u00e9nuer la situation et de renforcer le fonctionnement de la famille. Des r\u00e9f\u00e9rences sont faites pour le logement, les soins m\u00e9dicaux, les soins dentaires, les services de sant\u00e9 mentale, l&#039;aide \u00e0 l&#039;emploi, la formation professionnelle, les cours de parentalit\u00e9, les services de formation professionnelle, le traitement de la toxicomanie, les services de violence domestique, l&#039;assistance juridique, les d\u00e9pistages du d\u00e9veloppement, etc.<\/li><\/p>\n \t<li><span style=\"color: #a589bf;\"><strong>Banque de nourriture et de couches-<\/strong><\/span> Nous fournissons un mois de couches, de nourriture et de lait maternis\u00e9 aux familles de notre communaut\u00e9.<\/li><\/p>\n \t<li><span style=\"color: #a589bf;\"><strong>BACN Boutique-<\/strong> <\/span>Nous continuons \u00e0 r\u00e9pondre aux besoins de base de nos clients avec la Boutique BACN, gr\u00e2ce au soutien et aux dons des entreprises et de la communaut\u00e9. Notre boutique enti\u00e8rement approvisionn\u00e9e et gratuite est remplie de meubles pour enfants, de jouets, de livres, de v\u00eatements et bien plus encore pour que nos familles puissent emporter tout ce dont elles ont besoin sans frais.<\/li>\n<\/ul>\n<p>Pour apprendre plus, <b><a href=\"tel:925-685-6633\">Appelez s&#039;il vous pla\u00eet<\/a><\/b> la maternit\u00e9. Nous sommes disponibles 24h\/24.<\/p><\/div><\/div><\/div><\/div><\/div><div class=\"x-section e186-e25 m56-0 m56-1 m56-3 m56-5\"><div class=\"x-row e186-e26 m56-7 m56-9 m56-e\"><div class=\"x-row-inner\"><div class=\"x-col e186-e27 m56-h\"><div id=\"x-content-band-1\" class=\"x-content-band border-top border-left border-right border-bottom\" style=\"background-color: #efefef; color: #333;\"><div class=\"x-container max width\"> \n\n<h4  class=\"h-custom-headline h3\" style=\"margin-top: 0;\"><span>Planifier une visite<\/span><\/h4><\/p>\n\nLes familles sont invit\u00e9es \u00e0 planifier une visite de la garderie, \u00e0 rencontrer notre personnel et \u00e0 voir o\u00f9 vos enfants s\u00e9journeront.<\/p>\n\n<p><a  class=\"x-btn x-btn-flat x-btn-global\"  href=\"mailto:gina@bayareacrisisnursery.org&subject=Parent Tour of the Nursery\"     data-options=\"thumbnail: ''\">Planifier aujourd&#039;hui<\/a> <\/div><\/div><\/div><\/div><\/div><\/div><div class=\"x-section e186-e29 m56-0 m56-4 m56-6\"><div class=\"x-row e186-e30 m56-7 m56-8 m56-9 m56-f\"><div class=\"x-row-inner\"><div class=\"x-col e186-e31 m56-h\"><div class=\"x-text x-text-headline e186-e32 m56-p m56-q m56-r m56-s m56-w m56-x m56-z\"><div class=\"x-text-content\"><div class=\"x-text-content-text\"><h3 class=\"x-text-content-text-primary\">Soutenir BACN<\/h3>\n<\/div><\/div><\/div><\/div><\/div><\/div><div class=\"x-row e186-e33 m56-7 m56-8 m56-9 m56-g\"><div class=\"x-row-inner\"><div class=\"x-col e186-e34 m56-h m56-j\"><a class=\"x-image e186-e35 m56-k m56-m\" href=\"https:\/\/bayareacrisisnursery.app.neoncrm.com\/forms\/donate\" target=\"_blank\" rel=\"noopener noreferrer\"><img decoding=\"async\" src=\"https:\/\/bayareacrisisnursery.org\/wp-content\/uploads\/2022\/08\/Piggy-Bank.jpg\" width=\"600\" height=\"400\" alt=\"Donate Today\" loading=\"lazy\"><\/a><div class=\"x-text x-text-headline e186-e36 m56-o m56-p m56-u m56-w m56-10\"><div class=\"x-text-content\"><div class=\"x-text-content-text\"><h3 class=\"x-text-content-text-primary\"><a href=\"https:\/\/bayareacrisisnursery.app.neoncrm.com\/forms\/donate\" data-wplink-edit=\"true\">Faites un don aujourd&#039;hui\u00a0!<\/a><\/h3>\n<\/div><\/div><\/div><\/div><div class=\"x-col e186-e37 m56-h m56-j\"><a class=\"x-image e186-e38 m56-k m56-m m56-n\" href=\"https:\/\/mailchi.mp\/bayareacrisisnursery\/newsletter?dnt=1&quot; data-wplink-edit=&quot;true&quot;\" target=\"_blank\" rel=\"noopener noreferrer\"><img decoding=\"async\" src=\"https:\/\/bayareacrisisnursery.org\/wp-content\/uploads\/2022\/08\/News.jpg\" width=\"600\" height=\"400\" alt=\"Newsletter\" loading=\"lazy\"><\/a><div class=\"x-text x-text-headline e186-e39 m56-o m56-p m56-u m56-w m56-10\"><div class=\"x-text-content\"><div class=\"x-text-content-text\"><h3 class=\"x-text-content-text-primary\"><p><a href=\"https:\/\/mailchi.mp\/bayareacrisisnursery\/newsletter?dnt=1\" data-wplink-edit=\"true\">Inscrivez-vous pour rester en contact<\/a><\/p><\/h3>\n<\/div><\/div><\/div><\/div><\/div><\/div><\/div><\/div>","protected":false},"excerpt":{"rendered":"<p>100% OF OUR FAMILIES WOULD RECOMMEND THE NURSERY TO THEIR FRIENDS. WE PROVIDED 0HOURS OF FREE CHILDCARE LAST YEAR. 98% OF PARENTS REPORTED LESS STRESS AFTER USING NURSERY SERVICES. The Bay Area Crisis Nursery&#8217;s (BACN&#8217;s) mission is simple and powerful\u2014to help prevent child abuse and neglect by providing supportive services to families. We are a no-cost resource for families with &#8230; <a href=\"https:\/\/bayareacrisisnursery.org\/fr\/programs\/\" class=\"more-link\">Lire la suite<\/a><\/p>","protected":false},"author":1,"featured_media":0,"parent":0,"menu_order":0,"comment_status":"closed","ping_status":"closed","template":"template-layout-full-width.php","meta":{"om_disable_all_campaigns":false,"_monsterinsights_skip_tracking":false,"_monsterinsights_sitenote_active":false,"_monsterinsights_sitenote_note":"","_monsterinsights_sitenote_category":0,"_uf_show_specific_survey":0,"_uf_disable_surveys":false,"footnotes":""},"class_list":["post-186","page","type-page","status-publish","hentry","no-post-thumbnail"],"yoast_head":"<!-- This site is optimized with the Yoast SEO Premium plugin v27.2 (Yoast SEO v27.2) - https:\/\/yoast.com\/product\/yoast-seo-premium-wordpress\/ -->\n<title>Our Programs - Bay Area Crisis Nursery<\/title>\n<meta name=\"robots\" content=\"index, follow, max-snippet:-1, max-image-preview:large, max-video-preview:-1\" \/>\n<link rel=\"canonical\" href=\"https:\/\/bayareacrisisnursery.org\/fr\/programs\/\" \/>\n<meta property=\"og:locale\" content=\"fr_FR\" \/>\n<meta property=\"og:type\" content=\"article\" \/>\n<meta property=\"og:title\" content=\"Our Programs\" \/>\n<meta property=\"og:description\" content=\"100% OF OUR FAMILIES WOULD RECOMMEND THE NURSERY TO THEIR FRIENDS. WE PROVIDED 0HOURS OF FREE CHILDCARE LAST YEAR. 98% OF PARENTS REPORTED LESS STRESS AFTER USING NURSERY SERVICES. The Bay Area Crisis Nursery&#039;s (BACN&#039;s) mission is simple and powerful\u2014to help prevent child abuse and neglect by providing supportive services to families. We are a no-cost resource for families with ... Read More\" \/>\n<meta property=\"og:url\" content=\"https:\/\/bayareacrisisnursery.org\/fr\/programs\/\" \/>\n<meta property=\"og:site_name\" content=\"Bay Area Crisis Nursery\" \/>\n<meta property=\"article:publisher\" content=\"https:\/\/www.facebook.com\/bacnspage\/\" \/>\n<meta property=\"article:modified_time\" content=\"2025-03-20T21:27:05+00:00\" \/>\n<meta name=\"twitter:card\" content=\"summary_large_image\" \/>\n<meta name=\"twitter:site\" content=\"@bacn_nursery\" \/>\n<meta name=\"twitter:label1\" content=\"Dur\u00e9e de lecture estim\u00e9e\" \/>\n\t<meta name=\"twitter:data1\" content=\"3 minutes\" \/>\n<script type=\"application\/ld+json\" class=\"yoast-schema-graph\">{\"@context\":\"https:\/\/schema.org\",\"@graph\":[{\"@type\":\"WebPage\",\"@id\":\"https:\/\/bayareacrisisnursery.org\/programs\/\",\"url\":\"https:\/\/bayareacrisisnursery.org\/programs\/\",\"name\":\"Our Programs - Bay Area Crisis Nursery\",\"isPartOf\":{\"@id\":\"https:\/\/bayareacrisisnursery.org\/#website\"},\"datePublished\":\"2019-04-19T05:17:42+00:00\",\"dateModified\":\"2025-03-20T21:27:05+00:00\",\"breadcrumb\":{\"@id\":\"https:\/\/bayareacrisisnursery.org\/programs\/#breadcrumb\"},\"inLanguage\":\"fr-FR\",\"potentialAction\":[{\"@type\":\"ReadAction\",\"target\":[\"https:\/\/bayareacrisisnursery.org\/programs\/\"]}]},{\"@type\":\"BreadcrumbList\",\"@id\":\"https:\/\/bayareacrisisnursery.org\/programs\/#breadcrumb\",\"itemListElement\":[{\"@type\":\"ListItem\",\"position\":1,\"name\":\"Home\",\"item\":\"https:\/\/bayareacrisisnursery.org\/\"},{\"@type\":\"ListItem\",\"position\":2,\"name\":\"Our Programs\"}]},{\"@type\":\"WebSite\",\"@id\":\"https:\/\/bayareacrisisnursery.org\/#website\",\"url\":\"https:\/\/bayareacrisisnursery.org\/\",\"name\":\"Bay Area Crisis Nursery\",\"description\":\"A Little Heart. A Little Help. A Lot of Hope.\",\"publisher\":{\"@id\":\"https:\/\/bayareacrisisnursery.org\/#organization\"},\"potentialAction\":[{\"@type\":\"SearchAction\",\"target\":{\"@type\":\"EntryPoint\",\"urlTemplate\":\"https:\/\/bayareacrisisnursery.org\/?s={search_term_string}\"},\"query-input\":{\"@type\":\"PropertyValueSpecification\",\"valueRequired\":true,\"valueName\":\"search_term_string\"}}],\"inLanguage\":\"fr-FR\"},{\"@type\":\"Organization\",\"@id\":\"https:\/\/bayareacrisisnursery.org\/#organization\",\"name\":\"Bay Area Crisis Nursery\",\"url\":\"https:\/\/bayareacrisisnursery.org\/\",\"logo\":{\"@type\":\"ImageObject\",\"inLanguage\":\"fr-FR\",\"@id\":\"https:\/\/bayareacrisisnursery.org\/#\/schema\/logo\/image\/\",\"url\":\"https:\/\/bayareacrisisnursery.org\/wp-content\/uploads\/2020\/12\/BACN-Logo.png\",\"contentUrl\":\"https:\/\/bayareacrisisnursery.org\/wp-content\/uploads\/2020\/12\/BACN-Logo.png\",\"width\":751,\"height\":374,\"caption\":\"Bay Area Crisis Nursery\"},\"image\":{\"@id\":\"https:\/\/bayareacrisisnursery.org\/#\/schema\/logo\/image\/\"},\"sameAs\":[\"https:\/\/www.facebook.com\/bacnspage\/\",\"https:\/\/x.com\/bacn_nursery\",\"https:\/\/www.instagram.com\/bayareacrisisnursery\/\",\"https:\/\/www.linkedin.com\/company\/bay-area-crisis-nursery\/about\/\"]}]}<\/script>\n<!-- \/ Yoast SEO Premium plugin. -->","yoast_head_json":{"title":"Our Programs - Bay Area Crisis Nursery","robots":{"index":"index","follow":"follow","max-snippet":"max-snippet:-1","max-image-preview":"max-image-preview:large","max-video-preview":"max-video-preview:-1"},"canonical":"https:\/\/bayareacrisisnursery.org\/fr\/programs\/","og_locale":"fr_FR","og_type":"article","og_title":"Our Programs","og_description":"100% OF OUR FAMILIES WOULD RECOMMEND THE NURSERY TO THEIR FRIENDS. WE PROVIDED 0HOURS OF FREE CHILDCARE LAST YEAR. 98% OF PARENTS REPORTED LESS STRESS AFTER USING NURSERY SERVICES. The Bay Area Crisis Nursery's (BACN's) mission is simple and powerful\u2014to help prevent child abuse and neglect by providing supportive services to families. We are a no-cost resource for families with ... Read More","og_url":"https:\/\/bayareacrisisnursery.org\/fr\/programs\/","og_site_name":"Bay Area Crisis Nursery","article_publisher":"https:\/\/www.facebook.com\/bacnspage\/","article_modified_time":"2025-03-20T21:27:05+00:00","twitter_card":"summary_large_image","twitter_site":"@bacn_nursery","twitter_misc":{"Dur\u00e9e de lecture estim\u00e9e":"3 minutes"},"schema":{"@context":"https:\/\/schema.org","@graph":[{"@type":"WebPage","@id":"https:\/\/bayareacrisisnursery.org\/programs\/","url":"https:\/\/bayareacrisisnursery.org\/programs\/","name":"Our Programs - Bay Area Crisis Nursery","isPartOf":{"@id":"https:\/\/bayareacrisisnursery.org\/#website"},"datePublished":"2019-04-19T05:17:42+00:00","dateModified":"2025-03-20T21:27:05+00:00","breadcrumb":{"@id":"https:\/\/bayareacrisisnursery.org\/programs\/#breadcrumb"},"inLanguage":"fr-FR","potentialAction":[{"@type":"ReadAction","target":["https:\/\/bayareacrisisnursery.org\/programs\/"]}]},{"@type":"BreadcrumbList","@id":"https:\/\/bayareacrisisnursery.org\/programs\/#breadcrumb","itemListElement":[{"@type":"ListItem","position":1,"name":"Home","item":"https:\/\/bayareacrisisnursery.org\/"},{"@type":"ListItem","position":2,"name":"Our Programs"}]},{"@type":"WebSite","@id":"https:\/\/bayareacrisisnursery.org\/#website","url":"https:\/\/bayareacrisisnursery.org\/","name":"P\u00e9pini\u00e8re de crise de la r\u00e9gion de la baie","description":"Un petit coeur. Un peu d&#039;aide. Beaucoup d&#039;espoir.","publisher":{"@id":"https:\/\/bayareacrisisnursery.org\/#organization"},"potentialAction":[{"@type":"SearchAction","target":{"@type":"EntryPoint","urlTemplate":"https:\/\/bayareacrisisnursery.org\/?s={search_term_string}"},"query-input":{"@type":"PropertyValueSpecification","valueRequired":true,"valueName":"search_term_string"}}],"inLanguage":"fr-FR"},{"@type":"Organization","@id":"https:\/\/bayareacrisisnursery.org\/#organization","name":"P\u00e9pini\u00e8re de crise de la r\u00e9gion de la baie","url":"https:\/\/bayareacrisisnursery.org\/","logo":{"@type":"ImageObject","inLanguage":"fr-FR","@id":"https:\/\/bayareacrisisnursery.org\/#\/schema\/logo\/image\/","url":"https:\/\/bayareacrisisnursery.org\/wp-content\/uploads\/2020\/12\/BACN-Logo.png","contentUrl":"https:\/\/bayareacrisisnursery.org\/wp-content\/uploads\/2020\/12\/BACN-Logo.png","width":751,"height":374,"caption":"Bay Area Crisis Nursery"},"image":{"@id":"https:\/\/bayareacrisisnursery.org\/#\/schema\/logo\/image\/"},"sameAs":["https:\/\/www.facebook.com\/bacnspage\/","https:\/\/x.com\/bacn_nursery","https:\/\/www.instagram.com\/bayareacrisisnursery\/","https:\/\/www.linkedin.com\/company\/bay-area-crisis-nursery\/about\/"]}]}},"_links":{"self":[{"href":"https:\/\/bayareacrisisnursery.org\/fr\/wp-json\/wp\/v2\/pages\/186","targetHints":{"allow":["GET"]}}],"collection":[{"href":"https:\/\/bayareacrisisnursery.org\/fr\/wp-json\/wp\/v2\/pages"}],"about":[{"href":"https:\/\/bayareacrisisnursery.org\/fr\/wp-json\/wp\/v2\/types\/page"}],"author":[{"embeddable":true,"href":"https:\/\/bayareacrisisnursery.org\/fr\/wp-json\/wp\/v2\/users\/1"}],"replies":[{"embeddable":true,"href":"https:\/\/bayareacrisisnursery.org\/fr\/wp-json\/wp\/v2\/comments?post=186"}],"version-history":[{"count":11,"href":"https:\/\/bayareacrisisnursery.org\/fr\/wp-json\/wp\/v2\/pages\/186\/revisions"}],"predecessor-version":[{"id":7353,"href":"https:\/\/bayareacrisisnursery.org\/fr\/wp-json\/wp\/v2\/pages\/186\/revisions\/7353"}],"wp:attachment":[{"href":"https:\/\/bayareacrisisnursery.org\/fr\/wp-json\/wp\/v2\/media?parent=186"}],"curies":[{"name":"wp","href":"https:\/\/api.w.org\/{rel}","templated":true}]}}