{"id":270,"date":"2019-04-25T04:05:47","date_gmt":"2019-04-25T04:05:47","guid":{"rendered":"https:\/\/bayareacrisisnursery.org\/?page_id=270"},"modified":"2026-01-20T21:01:22","modified_gmt":"2026-01-20T21:01:22","slug":"other-ways-to-give","status":"publish","type":"page","link":"https:\/\/bayareacrisisnursery.org\/fr\/other-ways-to-give\/","title":{"rendered":"Autres fa\u00e7ons de donner"},"content":{"rendered":"<div id=\"cs-content\" class=\"cs-content\"><div class=\"x-section e270-e1 m7i-0 m7i-1\"><div class=\"x-container marginless-columns e270-e2 m7i-3 m7i-4\"><div class=\"x-column x-sm x-1-1 e270-e3 m7i-6 m7i-7\"><img decoding=\"async\"  class=\"x-img x-img-none\"  src=\"https:\/\/bayareacrisisnursery.org\/wp-content\/uploads\/2022\/09\/Other-Ways-to-Give-Banner.jpg\" alt=\"Support BACN Piggy Bank\"><\/div><\/div><\/div><div class=\"x-section e270-e5 m7i-0 m7i-1\"><div class=\"x-container max width e270-e6 m7i-4 m7i-5\"><\/div><div class=\"x-container marginless-columns e270-e7 m7i-3 m7i-4\"><div class=\"x-column x-sm x-1-1 e270-e8 m7i-6 m7i-8\"><div class=\"x-content-area e270-e9 m7i-9\"><p><div id=\"x-content-band-1\" class=\"x-content-band border-top border-left border-right border-bottom\" style=\"background-color: #efefef; color: #333;\"><div class=\"x-container max width\"> <h4  class=\"h-custom-headline h3\" style=\"margin-top: 0;\"><span>Dons en nature<\/span><\/h4><br \/>Merci d&#039;avoir envisag\u00e9 de faire don de vos articles \u00e0 BACN. <b><a href=\"tel:925-685-6633\">Appelez s&#039;il vous pla\u00eet<\/a><\/b> la p\u00e9pini\u00e8re pour voir si nous acceptons les dons. Parfois, notre entrep\u00f4t se remplit de tous vos dons.<\/p>\n<p><b>Nous acceptons:<\/b> clean and gently used toys (to prevent any possible choking hazards please be sure small toys are secured in a bag), children&rsquo;s equipment, diapers, non-expired baby food and formula, unopened diapers, books in good condition, puzzles and games (please tape boxes to ensure small pieces are kept inside), gently worn children&rsquo;s clothing, and children&rsquo;s shoes.<\/p>\n<p><b>We can&rsquo;t accept:<\/b> furniture, cribs, strollers, bathtubs, bedding, crib mattresses, diaper genies, fast food toy giveaways, housewares, and stuffed animals.<\/p>\n<p>Please note that we are also unable to accept car seats, jumpers, walkers, bouncers, swings, high chairs, or breast pumps due to laws restricting their re-use.<\/p>\n<p><\/div><\/div><\/p><\/div><\/div><\/div><\/div><div class=\"x-section e270-e10 m7i-0 m7i-2\"><div class=\"x-container e270-e11 m7i-4 m7i-5\"><div class=\"x-column x-sm x-1-2 e270-e12 m7i-6 m7i-8\"><div class=\"x-content-area e270-e13 m7i-9\"><div id=\"x-content-band-2\" class=\"x-content-band border-top border-left border-right border-bottom\" style=\"background-color: #efefef;\"><div class=\"x-container\"><div  class=\"x-container max width\" ><h4  class=\"h-custom-headline center-text h4 accent\" style=\"margin: 0;\"><span>Sourire d&#039;Amazone<\/span><\/h4><p>\n\t\n<p class=\"man\">Amazon reverse 0,5% du prix de vos achats AmazonSmile \u00e9ligibles \u00e0 l&#039;organisation caritative de votre choix. Soutenez BACN et magasinez !<\/p>\n<\/p><img decoding=\"async\"  class=\"x-img x-img-rounded\"  src=\"https:\/\/bayareacrisisnursery.org\/wp-content\/uploads\/2019\/07\/amazonsmile.png\" alt=\"Shop on Amazon Now\">\n\t<br>\n<a  class=\"x-btn x-btn-center x-btn-rounded x-btn-small x-btn-block\"  href=\"https:\/\/smile.amazon.com\/ch\/94-2681676\" title=\"Sourire d&#039;Amazone\"    data-options=\"thumbnail: ''\">MAGASINEZ SUR AMAZON AUJOURD&#039;HUI<\/a><\/div> <\/div><\/div><\/div><\/div><div class=\"x-column x-sm x-1-2 e270-e14 m7i-6 m7i-8\"><div class=\"x-content-area e270-e15 m7i-9\"><div id=\"x-content-band-3\" class=\"x-content-band border-top border-left border-right border-bottom\" style=\"background-color: #efefef;\"><div class=\"x-container\"><div  class=\"x-container max width\" ><h4  class=\"h-custom-headline center-text h4 accent\" style=\"margin: 0;\"><span>Liste de souhaits Amazon<\/span><\/h4><p>\n\t\n<p class=\"man\">Achetez directement pour la cr\u00e8che et nos enfants gr\u00e2ce \u00e0 notre liste de souhaits. La liste est mise \u00e0 jour r\u00e9guli\u00e8rement et pendant la collecte de jouets de vacances, les sacs \u00e0 dos et P\u00e2ques.<\/p>\n<\/p><img decoding=\"async\"  class=\"x-img x-img-rounded\"  src=\"https:\/\/bayareacrisisnursery.org\/wp-content\/uploads\/2019\/07\/Amazon.png\" alt=\"Shop for the Nursery\">\n\t<br>\n<a  class=\"x-btn x-btn-center x-btn-rounded x-btn-small x-btn-block\"  href=\"https:\/\/www.amazon.com\/hz\/wishlist\/ls\/3RFD6OMZ9JJXB?ref_=wl_share\" title=\"Liste de souhaits de BACN\"    data-options=\"thumbnail: ''\">MAGASIN POUR LA P\u00c9PINI\u00c8RE<\/a><\/div> <\/div><\/div><\/div><\/div><\/div><div class=\"x-container e270-e16 m7i-4 m7i-5\"><div class=\"x-column x-sm x-1-2 e270-e17 m7i-6 m7i-8\"><div class=\"x-content-area e270-e18 m7i-9\"><div id=\"x-content-band-4\" class=\"x-content-band border-top border-left border-right border-bottom\" style=\"background-color: #efefef;\"><div class=\"x-container\"><div  class=\"x-container max width\" ><h4  class=\"h-custom-headline center-text h4 accent\" style=\"margin: 0;\"><span>Cadeaux de contrepartie de l&#039;employeur<\/span><\/h4><p>\n\t\n<p class=\"man\">Recherchez pour voir si l&#039;employeur a un programme de dons jumel\u00e9s et doublez facilement votre don en quelques minutes\u00a0! Certains employeurs font m\u00eame un don \u00e0 BACN lorsque vous faites du b\u00e9n\u00e9volat avec nous\u00a0!<\/p>\n<\/p><img decoding=\"async\"  class=\"x-img x-img-rounded\"  src=\"https:\/\/bayareacrisisnursery.org\/wp-content\/uploads\/2019\/07\/double-the-donation-color-logo.png\" alt=\"Donate\">\n\t<br>\n<a  class=\"x-btn x-btn-center x-btn-rounded x-btn-small x-btn-block\"  href=\"https:\/\/doublethedonation.com\/bacn\" title=\"Recherchez votre employeur\"    data-options=\"thumbnail: ''\">RECHERCHEZ VOTRE EMPLOYEUR<\/a><\/div> <\/div><\/div><\/div><\/div><div class=\"x-column x-sm x-1-2 e270-e19 m7i-6 m7i-8\"><div class=\"x-content-area e270-e20 m7i-9\"><p><div id=\"x-content-band-5\" class=\"x-content-band border-top border-left border-right border-bottom\" style=\"background-color: #efefef;\"><div class=\"x-container\"><div  class=\"x-container max width\" ><h4  class=\"h-custom-headline center-text h4 accent\" style=\"margin: 0;\"><span>Car &amp; Vehicle Donations<\/span><\/h4><\/p>\n<p class=\"man\">Cars2ndChance is vehicle and car donation programs administered by the Clayton Valley Concord Sunrise Rotary. Donate your car and give to BACN.<\/p>\n<p><img decoding=\"async\"  class=\"x-img x-img-rounded\"  src=\"https:\/\/bayareacrisisnursery.org\/wp-content\/uploads\/2021\/04\/Cars2ndChance.png\" alt=\"Donate a Car\"><br \/><br \/><a  class=\"x-btn x-btn-center x-btn-rounded x-btn-small x-btn-block\"  href=\"https:\/\/www.cars2ndchance.org\" title=\"Cars 2nd Chance\"    data-options=\"thumbnail: ''\">DONNER VOTRE VOITURE AUJOURD&#039;HUI<\/a><\/div> <\/div><\/div><\/p><\/div><\/div><\/div><div class=\"x-container max width e270-e21 m7i-4 m7i-5\"><\/div><div class=\"x-container max width e270-e22 m7i-4 m7i-5\"><\/div><div class=\"x-container e270-e23 m7i-4 m7i-5\"><div class=\"x-column x-sm x-1-2 e270-e24 m7i-6 m7i-8\"><div class=\"x-content-area e270-e25 m7i-9\"><div id=\"x-content-band-6\" class=\"x-content-band border-top border-left border-right border-bottom\" style=\"background-color: #efefef;\"><div class=\"x-container\"><div  class=\"x-container max width\" ><h4  class=\"h-custom-headline center-text h4 accent\" style=\"margin: 0;\"><span>eScrip<\/span><\/h4><p>\n\t\n<p class=\"man\">Aidez \u00e0 amasser des fonds pour BACN. Cr\u00e9ez votre compte en entrant VOS cartes de paiement, cartes de magasin et\/ou num\u00e9ros de t\u00e9l\u00e9phone que vous utiliserez pour faire vos achats et nous gagnons automatiquement\u00a0!<\/p>\n<\/p><img decoding=\"async\"  class=\"x-img x-img-rounded\"  src=\"https:\/\/bayareacrisisnursery.org\/wp-content\/uploads\/2019\/07\/eScrip.png\" alt=\"Shop for the Nursery\">\n\t<br>\n<a  class=\"x-btn x-btn-center x-btn-rounded x-btn-small x-btn-block\"  href=\"https:\/\/secure.escrip.com\/signup\/index.jsp\" title=\"eScrip\"    data-options=\"thumbnail: ''\">VOUS ACHETEZ, NOUS GAGNERONS<\/a><\/div> <\/div><\/div><\/div><\/div><div class=\"x-column x-sm x-1-2 e270-e26 m7i-6 m7i-8\"><div class=\"x-content-area e270-e27 m7i-9\"><div id=\"x-content-band-7\" class=\"x-content-band border-top border-left border-right border-bottom\" style=\"background-color: #efefef;\"><div class=\"x-container\"><div  class=\"x-container max width\" ><h4  class=\"h-custom-headline center-text h4 accent\" style=\"margin: 0;\"><span>Cents pour enfants Rite Aid<\/span><\/h4><p>\n\t\n<p class=\"man\">En participant \u00e0 KidCents, les membres des r\u00e9compenses bien-\u00eatre+ peuvent arrondir chaque achat au dollar pr\u00e8s, donnant aux enfants de la maternelle une chance d&#039;avoir une vie meilleure et un avenir meilleur.<\/p>\n<\/p><img decoding=\"async\"  class=\"x-img x-img-rounded\"  src=\"https:\/\/bayareacrisisnursery.org\/wp-content\/uploads\/2020\/08\/Kids-Cents.png\" alt=\"ebay for charity\">\n\t<br>\n<a  class=\"x-btn x-btn-center x-btn-rounded x-btn-small x-btn-block\"  href=\"https:\/\/kidcents.riteaid.com\/\" title=\"Cents pour enfants Rite Aid\"    data-options=\"thumbnail: ''\">RASSEMBLEMENT POUR LA P\u00c9PINI\u00c8RE<\/a><\/div> <\/div><\/div><\/div><\/div><\/div><div class=\"x-container e270-e28 m7i-4 m7i-5\"><div class=\"x-column x-sm x-1-2 e270-e29 m7i-6 m7i-8\"><div class=\"x-content-area e270-e30 m7i-9\"><div id=\"x-content-band-8\" class=\"x-content-band border-top border-left border-right border-bottom\" style=\"background-color: #efefef;\"><div class=\"x-container\"><div  class=\"x-container max width\" ><h4  class=\"h-custom-headline center-text h4 accent\" style=\"margin: 0;\"><span>EBAY POUR LA CHARIT\u00c9<\/span><\/h4><p>\n\t\n<p class=\"man\">Faites un don 10% ou plus et votre article comportera un ruban caritatif accrocheur - il peut m\u00eame \u00eatre r\u00e9pertori\u00e9 dans la boutique caritative. De plus, vous r\u00e9duisez vos frais de vente et b\u00e9n\u00e9ficiez d&#039;\u00e9conomies d&#039;imp\u00f4t.<\/p>\n<\/p><img decoding=\"async\"  class=\"x-img x-img-rounded\"  src=\"https:\/\/bayareacrisisnursery.org\/wp-content\/uploads\/2019\/11\/Ebay-for-Charity.png\" alt=\"ebay for charity\">\n\t<br>\n<a  class=\"x-btn x-btn-center x-btn-rounded x-btn-small x-btn-block\"  href=\"https:\/\/www.ebayforcharity.org\/get-involved\/selling-for-a-charity\/\" title=\"VENDRE VOS OBJETS\"    data-options=\"thumbnail: ''\">VENDEZ VOS ARTICLES AUJOURD&#039;HUI<\/a><\/div> <\/div><\/div><\/div><\/div><div class=\"x-column x-sm x-1-2 e270-e31 m7i-6 m7i-8\"><div class=\"x-content-area e270-e32 m7i-9\"><div id=\"x-content-band-9\" class=\"x-content-band border-top border-left border-right border-bottom\" style=\"background-color: #efefef;\"><div class=\"x-container\"><div  class=\"x-container max width\" ><h4  class=\"h-custom-headline center-text h4 accent\" style=\"margin: 0;\"><span>Collecte de fonds pour BACN<\/span><\/h4><p>\n\t\n<p class=\"man\">Vous pouvez collecter des dons en ligne, donner le produit des ventes de votre entreprise ou planifier un \u00e9v\u00e9nement sp\u00e9cial. C&#039;est un excellent moyen pour vos amis et votre famille d&#039;honorer un \u00eatre cher ou de faire un don au lieu de cadeaux.<\/p>\n<\/p><img decoding=\"async\"  class=\"x-img x-img-rounded\"  src=\"https:\/\/bayareacrisisnursery.org\/wp-content\/uploads\/2020\/08\/Piggy-Bank-Other-Ways.png\" alt=\"fundraise for BACN\">\n\t<br>\n<a  class=\"x-btn x-btn-center x-btn-rounded x-btn-small x-btn-block\"  href=\"https:\/\/bayareacrisisnursery.org\/fr\/donate\/community-fundraiser\/\" title=\"VENDRE VOS OBJETS\"    data-options=\"thumbnail: ''\">D\u00c9COUVREZ CES ID\u00c9ES DE COLLECTE DE PLAISIR\u00a0!<\/a><\/div> <\/div><\/div><\/div><\/div><\/div><\/div><\/div>","protected":false},"excerpt":{"rendered":"<p>In-Kind DonationsThanks for considering donating your items to BACN. Please call the Nursery to see if we are accepting donations. Sometimes our storage fills up from all of your kind donations. We accept: clean and gently used toys (to prevent any possible choking hazards please be sure small toys are secured in a bag), children&rsquo;s equipment, diapers, non-expired baby food &#8230; <a href=\"https:\/\/bayareacrisisnursery.org\/fr\/other-ways-to-give\/\" class=\"more-link\">Lire la suite<\/a><\/p>","protected":false},"author":1,"featured_media":0,"parent":0,"menu_order":0,"comment_status":"closed","ping_status":"closed","template":"template-layout-full-width.php","meta":{"om_disable_all_campaigns":false,"_monsterinsights_skip_tracking":false,"_monsterinsights_sitenote_active":false,"_monsterinsights_sitenote_note":"","_monsterinsights_sitenote_category":0,"_uf_show_specific_survey":0,"_uf_disable_surveys":false,"footnotes":""},"class_list":["post-270","page","type-page","status-publish","hentry","no-post-thumbnail"],"yoast_head":"<!-- This site is optimized with the Yoast SEO Premium plugin v27.2 (Yoast SEO v27.2) - https:\/\/yoast.com\/product\/yoast-seo-premium-wordpress\/ -->\n<title>Other Ways to Give - Bay Area Crisis Nursery<\/title>\n<meta name=\"robots\" content=\"index, follow, max-snippet:-1, max-image-preview:large, max-video-preview:-1\" \/>\n<link rel=\"canonical\" href=\"https:\/\/bayareacrisisnursery.org\/fr\/other-ways-to-give\/\" \/>\n<meta property=\"og:locale\" content=\"fr_FR\" \/>\n<meta property=\"og:type\" content=\"article\" \/>\n<meta property=\"og:title\" content=\"Other Ways to Give\" \/>\n<meta property=\"og:description\" content=\"In-Kind DonationsThanks for considering donating your items to BACN. Please call the Nursery to see if we are accepting donations. Sometimes our storage fills up from all of your kind donations. We accept: clean and gently used toys (to prevent any possible choking hazards please be sure small toys are secured in a bag), children&rsquo;s equipment, diapers, non-expired baby food ... Read More\" \/>\n<meta property=\"og:url\" content=\"https:\/\/bayareacrisisnursery.org\/fr\/other-ways-to-give\/\" \/>\n<meta property=\"og:site_name\" content=\"Bay Area Crisis Nursery\" \/>\n<meta property=\"article:publisher\" content=\"https:\/\/www.facebook.com\/bacnspage\/\" \/>\n<meta property=\"article:modified_time\" content=\"2026-01-20T21:01:22+00:00\" \/>\n<meta name=\"twitter:card\" content=\"summary_large_image\" \/>\n<meta name=\"twitter:site\" content=\"@bacn_nursery\" \/>\n<meta name=\"twitter:label1\" content=\"Dur\u00e9e de lecture estim\u00e9e\" \/>\n\t<meta name=\"twitter:data1\" content=\"4 minutes\" \/>\n<script type=\"application\/ld+json\" class=\"yoast-schema-graph\">{\"@context\":\"https:\/\/schema.org\",\"@graph\":[{\"@type\":\"WebPage\",\"@id\":\"https:\/\/bayareacrisisnursery.org\/other-ways-to-give\/\",\"url\":\"https:\/\/bayareacrisisnursery.org\/other-ways-to-give\/\",\"name\":\"Other Ways to Give - Bay Area Crisis Nursery\",\"isPartOf\":{\"@id\":\"https:\/\/bayareacrisisnursery.org\/#website\"},\"datePublished\":\"2019-04-25T04:05:47+00:00\",\"dateModified\":\"2026-01-20T21:01:22+00:00\",\"breadcrumb\":{\"@id\":\"https:\/\/bayareacrisisnursery.org\/other-ways-to-give\/#breadcrumb\"},\"inLanguage\":\"fr-FR\",\"potentialAction\":[{\"@type\":\"ReadAction\",\"target\":[\"https:\/\/bayareacrisisnursery.org\/other-ways-to-give\/\"]}]},{\"@type\":\"BreadcrumbList\",\"@id\":\"https:\/\/bayareacrisisnursery.org\/other-ways-to-give\/#breadcrumb\",\"itemListElement\":[{\"@type\":\"ListItem\",\"position\":1,\"name\":\"Home\",\"item\":\"https:\/\/bayareacrisisnursery.org\/\"},{\"@type\":\"ListItem\",\"position\":2,\"name\":\"Other Ways to Give\"}]},{\"@type\":\"WebSite\",\"@id\":\"https:\/\/bayareacrisisnursery.org\/#website\",\"url\":\"https:\/\/bayareacrisisnursery.org\/\",\"name\":\"Bay Area Crisis Nursery\",\"description\":\"A Little Heart. A Little Help. A Lot of Hope.\",\"publisher\":{\"@id\":\"https:\/\/bayareacrisisnursery.org\/#organization\"},\"potentialAction\":[{\"@type\":\"SearchAction\",\"target\":{\"@type\":\"EntryPoint\",\"urlTemplate\":\"https:\/\/bayareacrisisnursery.org\/?s={search_term_string}\"},\"query-input\":{\"@type\":\"PropertyValueSpecification\",\"valueRequired\":true,\"valueName\":\"search_term_string\"}}],\"inLanguage\":\"fr-FR\"},{\"@type\":\"Organization\",\"@id\":\"https:\/\/bayareacrisisnursery.org\/#organization\",\"name\":\"Bay Area Crisis Nursery\",\"url\":\"https:\/\/bayareacrisisnursery.org\/\",\"logo\":{\"@type\":\"ImageObject\",\"inLanguage\":\"fr-FR\",\"@id\":\"https:\/\/bayareacrisisnursery.org\/#\/schema\/logo\/image\/\",\"url\":\"https:\/\/bayareacrisisnursery.org\/wp-content\/uploads\/2020\/12\/BACN-Logo.png\",\"contentUrl\":\"https:\/\/bayareacrisisnursery.org\/wp-content\/uploads\/2020\/12\/BACN-Logo.png\",\"width\":751,\"height\":374,\"caption\":\"Bay Area Crisis Nursery\"},\"image\":{\"@id\":\"https:\/\/bayareacrisisnursery.org\/#\/schema\/logo\/image\/\"},\"sameAs\":[\"https:\/\/www.facebook.com\/bacnspage\/\",\"https:\/\/x.com\/bacn_nursery\",\"https:\/\/www.instagram.com\/bayareacrisisnursery\/\",\"https:\/\/www.linkedin.com\/company\/bay-area-crisis-nursery\/about\/\"]}]}<\/script>\n<!-- \/ Yoast SEO Premium plugin. -->","yoast_head_json":{"title":"Other Ways to Give - Bay Area Crisis Nursery","robots":{"index":"index","follow":"follow","max-snippet":"max-snippet:-1","max-image-preview":"max-image-preview:large","max-video-preview":"max-video-preview:-1"},"canonical":"https:\/\/bayareacrisisnursery.org\/fr\/other-ways-to-give\/","og_locale":"fr_FR","og_type":"article","og_title":"Other Ways to Give","og_description":"In-Kind DonationsThanks for considering donating your items to BACN. Please call the Nursery to see if we are accepting donations. Sometimes our storage fills up from all of your kind donations. We accept: clean and gently used toys (to prevent any possible choking hazards please be sure small toys are secured in a bag), children&rsquo;s equipment, diapers, non-expired baby food ... Read More","og_url":"https:\/\/bayareacrisisnursery.org\/fr\/other-ways-to-give\/","og_site_name":"Bay Area Crisis Nursery","article_publisher":"https:\/\/www.facebook.com\/bacnspage\/","article_modified_time":"2026-01-20T21:01:22+00:00","twitter_card":"summary_large_image","twitter_site":"@bacn_nursery","twitter_misc":{"Dur\u00e9e de lecture estim\u00e9e":"4 minutes"},"schema":{"@context":"https:\/\/schema.org","@graph":[{"@type":"WebPage","@id":"https:\/\/bayareacrisisnursery.org\/other-ways-to-give\/","url":"https:\/\/bayareacrisisnursery.org\/other-ways-to-give\/","name":"Other Ways to Give - Bay Area Crisis Nursery","isPartOf":{"@id":"https:\/\/bayareacrisisnursery.org\/#website"},"datePublished":"2019-04-25T04:05:47+00:00","dateModified":"2026-01-20T21:01:22+00:00","breadcrumb":{"@id":"https:\/\/bayareacrisisnursery.org\/other-ways-to-give\/#breadcrumb"},"inLanguage":"fr-FR","potentialAction":[{"@type":"ReadAction","target":["https:\/\/bayareacrisisnursery.org\/other-ways-to-give\/"]}]},{"@type":"BreadcrumbList","@id":"https:\/\/bayareacrisisnursery.org\/other-ways-to-give\/#breadcrumb","itemListElement":[{"@type":"ListItem","position":1,"name":"Home","item":"https:\/\/bayareacrisisnursery.org\/"},{"@type":"ListItem","position":2,"name":"Other Ways to Give"}]},{"@type":"WebSite","@id":"https:\/\/bayareacrisisnursery.org\/#website","url":"https:\/\/bayareacrisisnursery.org\/","name":"P\u00e9pini\u00e8re de crise de la r\u00e9gion de la baie","description":"Un petit coeur. Un peu d&#039;aide. Beaucoup d&#039;espoir.","publisher":{"@id":"https:\/\/bayareacrisisnursery.org\/#organization"},"potentialAction":[{"@type":"SearchAction","target":{"@type":"EntryPoint","urlTemplate":"https:\/\/bayareacrisisnursery.org\/?s={search_term_string}"},"query-input":{"@type":"PropertyValueSpecification","valueRequired":true,"valueName":"search_term_string"}}],"inLanguage":"fr-FR"},{"@type":"Organization","@id":"https:\/\/bayareacrisisnursery.org\/#organization","name":"P\u00e9pini\u00e8re de crise de la r\u00e9gion de la baie","url":"https:\/\/bayareacrisisnursery.org\/","logo":{"@type":"ImageObject","inLanguage":"fr-FR","@id":"https:\/\/bayareacrisisnursery.org\/#\/schema\/logo\/image\/","url":"https:\/\/bayareacrisisnursery.org\/wp-content\/uploads\/2020\/12\/BACN-Logo.png","contentUrl":"https:\/\/bayareacrisisnursery.org\/wp-content\/uploads\/2020\/12\/BACN-Logo.png","width":751,"height":374,"caption":"Bay Area Crisis Nursery"},"image":{"@id":"https:\/\/bayareacrisisnursery.org\/#\/schema\/logo\/image\/"},"sameAs":["https:\/\/www.facebook.com\/bacnspage\/","https:\/\/x.com\/bacn_nursery","https:\/\/www.instagram.com\/bayareacrisisnursery\/","https:\/\/www.linkedin.com\/company\/bay-area-crisis-nursery\/about\/"]}]}},"_links":{"self":[{"href":"https:\/\/bayareacrisisnursery.org\/fr\/wp-json\/wp\/v2\/pages\/270","targetHints":{"allow":["GET"]}}],"collection":[{"href":"https:\/\/bayareacrisisnursery.org\/fr\/wp-json\/wp\/v2\/pages"}],"about":[{"href":"https:\/\/bayareacrisisnursery.org\/fr\/wp-json\/wp\/v2\/types\/page"}],"author":[{"embeddable":true,"href":"https:\/\/bayareacrisisnursery.org\/fr\/wp-json\/wp\/v2\/users\/1"}],"replies":[{"embeddable":true,"href":"https:\/\/bayareacrisisnursery.org\/fr\/wp-json\/wp\/v2\/comments?post=270"}],"version-history":[{"count":14,"href":"https:\/\/bayareacrisisnursery.org\/fr\/wp-json\/wp\/v2\/pages\/270\/revisions"}],"predecessor-version":[{"id":7433,"href":"https:\/\/bayareacrisisnursery.org\/fr\/wp-json\/wp\/v2\/pages\/270\/revisions\/7433"}],"wp:attachment":[{"href":"https:\/\/bayareacrisisnursery.org\/fr\/wp-json\/wp\/v2\/media?parent=270"}],"curies":[{"name":"wp","href":"https:\/\/api.w.org\/{rel}","templated":true}]}}