{"id":292,"date":"2019-04-25T05:00:53","date_gmt":"2019-04-25T05:00:53","guid":{"rendered":"https:\/\/bayareacrisisnursery.org\/?page_id=292"},"modified":"2026-03-27T02:52:21","modified_gmt":"2026-03-27T02:52:21","slug":"volunteer","status":"publish","type":"page","link":"https:\/\/bayareacrisisnursery.org\/fr\/donate\/volunteer\/","title":{"rendered":"B\u00e9n\u00e9vole"},"content":{"rendered":"<div id=\"cs-content\" class=\"cs-content\"><div class=\"x-section e292-e1 m84-0 m84-1 m84-2 m84-3\"><div class=\"x-container marginless-columns e292-e2 m84-8\"><div class=\"x-column x-sm x-1-1 e292-e3 m84-9\"><span class=\"x-image e292-e4 m84-a\"><img decoding=\"async\" src=\"https:\/\/bayareacrisisnursery.org\/wp-content\/uploads\/2022\/09\/Volunteer-Banner.png\" width=\"1200\" height=\"400\" alt=\"Volunteer\" loading=\"lazy\"><\/span><\/div><\/div><\/div><div class=\"x-section e292-e5 m84-0 m84-1 m84-2 m84-3\"><div class=\"x-container marginless-columns e292-e6 m84-8\"><div class=\"x-column x-sm x-1-1 e292-e7 m84-9\"><h2  class=\"h-custom-headline h3\" ><span>B\u00e9n\u00e9vole au BACN<\/span><\/h2><\/div><\/div><div class=\"x-container marginless-columns e292-e9 m84-8\"><div class=\"x-column x-sm x-1-1 e292-e10 m84-9\"><div class=\"x-content-area e292-e11 m84-c\"><span><p>BACN est un endroit id\u00e9al pour faire du b\u00e9n\u00e9volat parce que nous appr\u00e9cions vraiment chacun de nos b\u00e9n\u00e9voles\u00a0! Qu&#039;il s&#039;agisse de travailler \u00e0 la p\u00e9pini\u00e8re pour s&#039;occuper de nos enfants, de travailler sur une collecte de fonds ou d&#039;un \u00e9v\u00e9nement communautaire en passant par un groupe souhaitant redonner \u00e0 notre communaut\u00e9 pendant une journ\u00e9e, nous vous souhaitons la bienvenue. <p>\n\n<b>Veuillez noter: <\/b>Nous n&#039;offrons pas d&#039;opportunit\u00e9s de b\u00e9n\u00e9volat pour le service communautaire ordonn\u00e9 par le tribunal.<\/b>\n\n<\/span><\/div><hr class=\"x-line e292-e12 m84-d m84-e\"\/><\/div><\/div><\/div><div class=\"x-section e292-e13 m84-0 m84-1 m84-2 m84-3\"><div class=\"x-container marginless-columns e292-e14 m84-8\"><div class=\"x-column x-sm x-1-1 e292-e15 m84-9\"><h2  class=\"h-custom-headline h3\" ><span>Childcare Volunteers- Applications Open March 27, 2026!<\/span><\/h2><div class=\"x-frame x-frame-video-embed e292-e17 m84-g m84-h\"><div class=\"x-frame-inner\"><div class=\"x-video x-video-embed\"><div class=\"x-resp-embed x-is-video x-is-youtube\"><iframe loading=\"lazy\" title=\"Childcare Volunteer Introduction\" width=\"846\" height=\"476\" src=\"https:\/\/www.youtube.com\/embed\/Hoz4F9BP1A4?feature=oembed\" frameborder=\"0\" allow=\"accelerometer; autoplay; clipboard-write; encrypted-media; gyroscope; picture-in-picture; web-share\" referrerpolicy=\"strict-origin-when-cross-origin\" allowfullscreen><\/iframe><\/div><\/div><\/div><\/div><div class=\"x-content-area e292-e18 m84-c\"><p>Nos services sont rendus possibles gr\u00e2ce \u00e0 nos b\u00e9n\u00e9voles en garderie. Ces b\u00e9n\u00e9voles assistent notre personnel de la garderie et aident \u00e0 l&#039;enrichissement, \u00e0 l&#039;alimentation, \u00e0 l&#039;habillage, au bercement et au jeu. Cette position comprend une interaction directe avec l&#039;enfant, qui peut \u00eatre exigeante physiquement, mais tr\u00e8s amusante\u00a0!<\/p>\n<p>Pour \u00eatre b\u00e9n\u00e9vole en garderie, nous avons besoin de :<\/p>\n<ul>\n<li>All volunteers must be at least 18 years old.<\/li>\n<li>Vous devez passer un test de tuberculose, prendre vos empreintes digitales et v\u00e9rifier vos ant\u00e9c\u00e9dents, ainsi qu&#039;une d\u00e9claration de sant\u00e9.<\/li>\n<li>Engagez-vous \u00e0 effectuer un quart de travail de 3 heures, au moins une fois par semaine, pendant au moins un an.<\/li>\n<li>Complete 15 hours of online training prior to working with children in the Nursery.<\/li>\n<li>Les b\u00e9n\u00e9voles doivent d\u00e9tenir une certification valide en secourisme et RCR pour les \u00e9ducatrices et suivre 20 heures de formation par an pour continuer \u00e0 faire du b\u00e9n\u00e9volat.<\/li>\n<\/ul><\/div><a class=\"x-anchor x-anchor-button e292-e19 m84-i\" tabindex=\"0\" href=\"https:\/\/bayareacrisisnursery.app.neoncrm.com\/forms\/childcare-volunteer-application\" target=\"_blank\" rel=\"noopener noreferrer\"><div class=\"x-anchor-content\"><div class=\"x-anchor-text\"><span class=\"x-anchor-text-primary\">Apply Today<\/span><\/div><\/div><\/a><\/div><\/div><\/div><div class=\"x-section e292-e20 m84-0 m84-1 m84-4 m84-5\"><div class=\"x-row e292-e21 m84-k m84-m m84-n\"><div class=\"x-row-inner\"><div class=\"x-col e292-e22 m84-s\"><h3  class=\"h-custom-headline h3\" ><span>Volunteer Food Pickup & Delivery (Currently Filled)<\/span><\/h3><p>Food Pickup & Delivery Volunteers help make our food pantry possible by picking up food donations from partner locations and delivering them safely to the nursery. This role is perfect for someone who enjoys being on the move and wants to make a big impact in a short amount of time.<p><\/p>\nVolunteers assist with loading and unloading food upon arrival and work alongside staff or other volunteers to ensure donations are handled safely and efficiently.\n\n<\/p>\n<p><strong>Volunteer Dates &amp; Times:<\/strong><br \/>Every Tuesday | 8:00 am - 10:30 am<br \/>Location: Pickup & Drop Off in Concord<\/p><a class=\"x-anchor x-anchor-button e292-e25 m84-i m84-j\" tabindex=\"0\" href=\"https:\/\/bayareacrisisnursery.app.neoncrm.com\/forms\/volunteer\" target=\"_blank\" rel=\"noopener noreferrer\"><div class=\"x-anchor-content\"><div class=\"x-anchor-text\"><span class=\"x-anchor-text-primary\">Apply Today<\/span><\/div><\/div><\/a><h3  class=\"h-custom-headline h3\" ><span>Food Pantry Volunteer (Currently Filled)<\/span><\/h3><p>The Food Pantry Volunteer supports the Bay Area Crisis Nursery\u2019s emergency food service program. Volunteers assist with receiving, sorting, and distributing food products, while ensuring the pantry and boutique remain clean, safe, and welcoming for clients. This role is vital to helping families access fresh fruits, vegetables, dry goods, dairy products (when available), and other nutritious food items. Volunteers play an important part in creating a supportive, respectful environment that reflects the Nursery\u2019s values of kindness, compassion, and nonjudgment.<\/p>\n<p><strong>Volunteer Dates &amp; Times:<\/strong><br \/>Tuesdays | 10:30 AM - 1:30 PM<br \/>Location: 1506 Mendocino Dr, Concord, CA<\/p><a class=\"x-anchor x-anchor-button e292-e28 m84-i m84-j\" tabindex=\"0\" href=\"https:\/\/bayareacrisisnursery.app.neoncrm.com\/forms\/volunteer\" target=\"_blank\" rel=\"noopener noreferrer\"><div class=\"x-anchor-content\"><div class=\"x-anchor-text\"><span class=\"x-anchor-text-primary\">Apply Today<\/span><\/div><\/div><\/a><\/div><\/div><\/div><\/div><div class=\"x-section e292-e30 m84-0 m84-1 m84-2 m84-5\"><div class=\"x-row e292-e31 m84-k m84-m m84-o\"><div class=\"x-row-inner\"><div class=\"x-col e292-e32 m84-s\"><hr class=\"x-line e292-e33 m84-d m84-e\"\/><\/div><\/div><\/div><div class=\"x-row e292-e34 m84-k m84-m m84-p\"><div class=\"x-row-inner\"><div class=\"x-col e292-e35 m84-s\"><hr class=\"x-line e292-e36 m84-d m84-f\"\/><h2  class=\"h-custom-headline h3\" ><span>B\u00e9n\u00e9voles du comit\u00e9 d&#039;alimentation du crabe<\/span><\/h2><div class=\"x-content-area e292-e38 m84-c\"><p>Crab Feed Committee Volunteers Volunteering is a fantastic way to join the party. Please help make this important fundraising event an amazing success. This is one of the most fun events for volunteers. It is high-energy, high-impact, and high-demand! Volunteers serve on the committee or at the event. There are a wide variety of opportunities to fit your schedule and interest. We&rsquo;re looking for:<\/p>\n<ul>\n<li>Pr\u00e9sident du comit\u00e9 des \u00e9v\u00e9nements<\/li>\n<li>Chaise de bar<\/li>\n<li>Chaises d&#039;ench\u00e8res silencieuses<\/li>\n<li>Pr\u00e9sident b\u00e9n\u00e9vole<\/li>\n<li>Chaise de vente aux ench\u00e8res de desserts<\/li>\n<li>Pr\u00e9sident de la promotion et de la vente de billets<\/li>\n<li>&amp; Membres du comit\u00e9 pour nous soutenir dans le lancement de la meilleure nourriture pour crabe en ville\u00a0!<\/li>\n<\/ul>\n<p>If you are interested in being a Crab Feed Committee Volunteer, please fill out<strong><a href=\"https:\/\/www.surveymonkey.com\/r\/T8ZYFW9\" target=\"_blank\" rel=\"noopener\"> this survey<\/a><\/strong><b>.<\/b><\/p><\/div><hr class=\"x-line e292-e39 m84-d m84-e\"\/><\/div><\/div><\/div><\/div><div class=\"x-section e292-e40 m84-0 m84-1 m84-2 m84-3\"><div class=\"x-container marginless-columns e292-e41 m84-8\"><div class=\"x-column x-sm x-1-1 e292-e42 m84-9\"><h2  class=\"h-custom-headline h3\" ><span>Conseil d&#039;administration de BACN<\/span><\/h2><div class=\"x-content-area e292-e44 m84-c\"><p>L&#039;adh\u00e9sion au conseil d&#039;administration permet au b\u00e9n\u00e9vole d&#039;aider \u00e0 guider notre organisation dans l&#039;accomplissement de sa mission. Cela implique d&#039;aider le directeur ex\u00e9cutif \u00e0 atteindre les objectifs de l&#039;organisation, \u00e0 assurer la surveillance organisationnelle, la collecte de fonds et la planification strat\u00e9gique. Les membres du conseil d&#039;administration sont \u00e9galement invit\u00e9s \u00e0 jouer un r\u00f4le actif dans le soutien de l&#039;organisation et \u00e0 devenir des ambassadeurs dans la communaut\u00e9 !<\/p>\n\n<p>Consulter la description du poste <b><a href=\"https:\/\/bayareacrisisnursery.org\/wp-content\/uploads\/2020\/09\/Board-Member-Job-Description.pdf\">ici<\/a><\/b>.<\/p><\/div><hr class=\"x-line e292-e45 m84-d m84-e\"\/><\/div><\/div><\/div><div class=\"x-section e292-e46 m84-0 m84-3 m84-6\"><div class=\"x-row e292-e47 m84-k m84-l m84-m m84-q\"><div class=\"x-row-inner\"><div class=\"x-col e292-e48 m84-s\"><div class=\"x-text x-text-headline e292-e49 m84-u m84-v\"><div class=\"x-text-content\"><div class=\"x-text-content-text\"><h3 class=\"x-text-content-text-primary\">Soutenir BACN<\/h3>\n<\/div><\/div><\/div><\/div><\/div><\/div><div class=\"x-row e292-e50 m84-k m84-l m84-m m84-r\"><div class=\"x-row-inner\"><div class=\"x-col e292-e51 m84-s m84-t\"><a class=\"x-image e292-e52 m84-a\" href=\"mailto:giving@bayareacrisisnursery.org?subject=Stock%20Donations\" target=\"_blank\" rel=\"noopener noreferrer\"><img decoding=\"async\" src=\"https:\/\/bayareacrisisnursery.org\/wp-content\/uploads\/2019\/12\/Piggy-Stock.jpg\" width=\"847\" height=\"565\" alt=\"Stock Donations\" loading=\"lazy\"><\/a><div class=\"x-text x-text-headline e292-e53 m84-v m84-w\"><div class=\"x-text-content\"><div class=\"x-text-content-text\"><h3 class=\"x-text-content-text-primary\"><p><a href=\"mailto:giving@bayareacrisisnursery.org?subject=Donating Stock\">BACN accepte les dons d&#039;actions. Courriel aujourd&#039;hui.<\/a><\/p><\/h3>\n<\/div><\/div><\/div><\/div><div class=\"x-col e292-e54 m84-s m84-t\"><iframe loading=\"lazy\" src=\"https:\/\/doublethedonation.com\/api\/iframe\/XvD2NtEV1TSXhAQ1\" height=\"350\" width=\"100%\"><\/iframe><\/div><div class=\"x-col e292-e56 m84-s m84-t\"><a class=\"x-image e292-e57 m84-a m84-b\" href=\"https:\/\/mailchi.mp\/bayareacrisisnursery\/newsletter?dnt=1%22%20data-wplink-edit=%22true%22\" target=\"_blank\" rel=\"noopener noreferrer\"><img decoding=\"async\" src=\"https:\/\/bayareacrisisnursery.org\/wp-content\/uploads\/2022\/08\/News.jpg\" width=\"600\" height=\"400\" alt=\"Newsletter\" loading=\"lazy\"><\/a><div class=\"x-text x-text-headline e292-e58 m84-v m84-w\"><div class=\"x-text-content\"><div class=\"x-text-content-text\"><h3 class=\"x-text-content-text-primary\"><p><a href=\"https:\/\/mailchi.mp\/bayareacrisisnursery\/newsletter?dnt=1\" data-wplink-edit=\"true\">Inscrivez-vous pour rester en contact<\/a><\/p><\/h3>\n<\/div><\/div><\/div><\/div><\/div><\/div><\/div><div class=\"x-section e292-e59 m84-0 m84-5 m84-7\"><\/div><div class=\"x-section e292-e60 m84-0 m84-5 m84-7\"><\/div><\/div>","protected":false},"excerpt":{"rendered":"<p>Le b\u00e9n\u00e9volat \u00e0 BACNBACN est un endroit formidable pour faire du b\u00e9n\u00e9volat parce que nous appr\u00e9cions vraiment chacun de nos b\u00e9n\u00e9voles\u00a0! Qu&#039;il s&#039;agisse de travailler dans la cr\u00e8che pour s&#039;occuper de nos enfants, de travailler sur une collecte de fonds ou un \u00e9v\u00e9nement de don communautaire \u00e0 un groupe souhaitant redonner \u00e0 notre communaut\u00e9 pendant une journ\u00e9e, nous vous souhaitons la bienvenue. Attention : Nous ne \u2026 <a href=\"https:\/\/bayareacrisisnursery.org\/fr\/donate\/volunteer\/\" class=\"more-link\">Lire la suite<\/a><\/p>","protected":false},"author":1,"featured_media":0,"parent":263,"menu_order":3,"comment_status":"closed","ping_status":"closed","template":"template-layout-full-width.php","meta":{"om_disable_all_campaigns":false,"_monsterinsights_skip_tracking":false,"_monsterinsights_sitenote_active":false,"_monsterinsights_sitenote_note":"","_monsterinsights_sitenote_category":0,"_uf_show_specific_survey":0,"_uf_disable_surveys":false,"footnotes":""},"class_list":["post-292","page","type-page","status-publish","hentry","no-post-thumbnail"],"yoast_head":"<!-- This site is optimized with the Yoast SEO Premium plugin v27.2 (Yoast SEO v27.2) - https:\/\/yoast.com\/product\/yoast-seo-premium-wordpress\/ -->\n<title>Volunteer Opportunities<\/title>\n<meta name=\"description\" content=\"BACN has several volunteer opportunities working in the Nursery with children, event volunteers, and community volunteer opportunities.\" \/>\n<meta name=\"robots\" content=\"index, follow, max-snippet:-1, max-image-preview:large, max-video-preview:-1\" \/>\n<link rel=\"canonical\" href=\"https:\/\/bayareacrisisnursery.org\/fr\/donate\/volunteer\/\" \/>\n<meta property=\"og:locale\" content=\"fr_FR\" \/>\n<meta property=\"og:type\" content=\"article\" \/>\n<meta property=\"og:title\" content=\"Volunteer\" \/>\n<meta property=\"og:description\" content=\"BACN has several volunteer opportunities working in the Nursery with children, event volunteers, and community volunteer opportunities.\" \/>\n<meta property=\"og:url\" content=\"https:\/\/bayareacrisisnursery.org\/fr\/donate\/volunteer\/\" \/>\n<meta property=\"og:site_name\" content=\"Bay Area Crisis Nursery\" \/>\n<meta property=\"article:publisher\" content=\"https:\/\/www.facebook.com\/bacnspage\/\" \/>\n<meta property=\"article:modified_time\" content=\"2026-03-27T02:52:21+00:00\" \/>\n<meta name=\"twitter:card\" content=\"summary_large_image\" \/>\n<meta name=\"twitter:site\" content=\"@bacn_nursery\" \/>\n<meta name=\"twitter:label1\" content=\"Dur\u00e9e de lecture estim\u00e9e\" \/>\n\t<meta name=\"twitter:data1\" content=\"8 minutes\" \/>\n<script type=\"application\/ld+json\" class=\"yoast-schema-graph\">{\"@context\":\"https:\/\/schema.org\",\"@graph\":[{\"@type\":\"WebPage\",\"@id\":\"https:\/\/bayareacrisisnursery.org\/donate\/volunteer\/\",\"url\":\"https:\/\/bayareacrisisnursery.org\/donate\/volunteer\/\",\"name\":\"Volunteer Opportunities\",\"isPartOf\":{\"@id\":\"https:\/\/bayareacrisisnursery.org\/#website\"},\"datePublished\":\"2019-04-25T05:00:53+00:00\",\"dateModified\":\"2026-03-27T02:52:21+00:00\",\"description\":\"BACN has several volunteer opportunities working in the Nursery with children, event volunteers, and community volunteer opportunities.\",\"breadcrumb\":{\"@id\":\"https:\/\/bayareacrisisnursery.org\/donate\/volunteer\/#breadcrumb\"},\"inLanguage\":\"fr-FR\",\"potentialAction\":[{\"@type\":\"ReadAction\",\"target\":[\"https:\/\/bayareacrisisnursery.org\/donate\/volunteer\/\"]}]},{\"@type\":\"BreadcrumbList\",\"@id\":\"https:\/\/bayareacrisisnursery.org\/donate\/volunteer\/#breadcrumb\",\"itemListElement\":[{\"@type\":\"ListItem\",\"position\":1,\"name\":\"Home\",\"item\":\"https:\/\/bayareacrisisnursery.org\/\"},{\"@type\":\"ListItem\",\"position\":2,\"name\":\"Support\",\"item\":\"https:\/\/bayareacrisisnursery.org\/donate\/\"},{\"@type\":\"ListItem\",\"position\":3,\"name\":\"Volunteer\"}]},{\"@type\":\"WebSite\",\"@id\":\"https:\/\/bayareacrisisnursery.org\/#website\",\"url\":\"https:\/\/bayareacrisisnursery.org\/\",\"name\":\"Bay Area Crisis Nursery\",\"description\":\"A Little Heart. A Little Help. A Lot of Hope.\",\"publisher\":{\"@id\":\"https:\/\/bayareacrisisnursery.org\/#organization\"},\"potentialAction\":[{\"@type\":\"SearchAction\",\"target\":{\"@type\":\"EntryPoint\",\"urlTemplate\":\"https:\/\/bayareacrisisnursery.org\/?s={search_term_string}\"},\"query-input\":{\"@type\":\"PropertyValueSpecification\",\"valueRequired\":true,\"valueName\":\"search_term_string\"}}],\"inLanguage\":\"fr-FR\"},{\"@type\":\"Organization\",\"@id\":\"https:\/\/bayareacrisisnursery.org\/#organization\",\"name\":\"Bay Area Crisis Nursery\",\"url\":\"https:\/\/bayareacrisisnursery.org\/\",\"logo\":{\"@type\":\"ImageObject\",\"inLanguage\":\"fr-FR\",\"@id\":\"https:\/\/bayareacrisisnursery.org\/#\/schema\/logo\/image\/\",\"url\":\"https:\/\/bayareacrisisnursery.org\/wp-content\/uploads\/2020\/12\/BACN-Logo.png\",\"contentUrl\":\"https:\/\/bayareacrisisnursery.org\/wp-content\/uploads\/2020\/12\/BACN-Logo.png\",\"width\":751,\"height\":374,\"caption\":\"Bay Area Crisis Nursery\"},\"image\":{\"@id\":\"https:\/\/bayareacrisisnursery.org\/#\/schema\/logo\/image\/\"},\"sameAs\":[\"https:\/\/www.facebook.com\/bacnspage\/\",\"https:\/\/x.com\/bacn_nursery\",\"https:\/\/www.instagram.com\/bayareacrisisnursery\/\",\"https:\/\/www.linkedin.com\/company\/bay-area-crisis-nursery\/about\/\"]}]}<\/script>\n<!-- \/ Yoast SEO Premium plugin. -->","yoast_head_json":{"title":"Les possibilit\u00e9s de b\u00e9n\u00e9volat","description":"BACN has several volunteer opportunities working in the Nursery with children, event volunteers, and community volunteer opportunities.","robots":{"index":"index","follow":"follow","max-snippet":"max-snippet:-1","max-image-preview":"max-image-preview:large","max-video-preview":"max-video-preview:-1"},"canonical":"https:\/\/bayareacrisisnursery.org\/fr\/donate\/volunteer\/","og_locale":"fr_FR","og_type":"article","og_title":"Volunteer","og_description":"BACN has several volunteer opportunities working in the Nursery with children, event volunteers, and community volunteer opportunities.","og_url":"https:\/\/bayareacrisisnursery.org\/fr\/donate\/volunteer\/","og_site_name":"Bay Area Crisis Nursery","article_publisher":"https:\/\/www.facebook.com\/bacnspage\/","article_modified_time":"2026-03-27T02:52:21+00:00","twitter_card":"summary_large_image","twitter_site":"@bacn_nursery","twitter_misc":{"Dur\u00e9e de lecture estim\u00e9e":"8 minutes"},"schema":{"@context":"https:\/\/schema.org","@graph":[{"@type":"WebPage","@id":"https:\/\/bayareacrisisnursery.org\/donate\/volunteer\/","url":"https:\/\/bayareacrisisnursery.org\/donate\/volunteer\/","name":"Les possibilit\u00e9s de b\u00e9n\u00e9volat","isPartOf":{"@id":"https:\/\/bayareacrisisnursery.org\/#website"},"datePublished":"2019-04-25T05:00:53+00:00","dateModified":"2026-03-27T02:52:21+00:00","description":"BACN has several volunteer opportunities working in the Nursery with children, event volunteers, and community volunteer opportunities.","breadcrumb":{"@id":"https:\/\/bayareacrisisnursery.org\/donate\/volunteer\/#breadcrumb"},"inLanguage":"fr-FR","potentialAction":[{"@type":"ReadAction","target":["https:\/\/bayareacrisisnursery.org\/donate\/volunteer\/"]}]},{"@type":"BreadcrumbList","@id":"https:\/\/bayareacrisisnursery.org\/donate\/volunteer\/#breadcrumb","itemListElement":[{"@type":"ListItem","position":1,"name":"Home","item":"https:\/\/bayareacrisisnursery.org\/"},{"@type":"ListItem","position":2,"name":"Support","item":"https:\/\/bayareacrisisnursery.org\/donate\/"},{"@type":"ListItem","position":3,"name":"Volunteer"}]},{"@type":"WebSite","@id":"https:\/\/bayareacrisisnursery.org\/#website","url":"https:\/\/bayareacrisisnursery.org\/","name":"P\u00e9pini\u00e8re de crise de la r\u00e9gion de la baie","description":"Un petit coeur. Un peu d&#039;aide. Beaucoup d&#039;espoir.","publisher":{"@id":"https:\/\/bayareacrisisnursery.org\/#organization"},"potentialAction":[{"@type":"SearchAction","target":{"@type":"EntryPoint","urlTemplate":"https:\/\/bayareacrisisnursery.org\/?s={search_term_string}"},"query-input":{"@type":"PropertyValueSpecification","valueRequired":true,"valueName":"search_term_string"}}],"inLanguage":"fr-FR"},{"@type":"Organization","@id":"https:\/\/bayareacrisisnursery.org\/#organization","name":"P\u00e9pini\u00e8re de crise de la r\u00e9gion de la baie","url":"https:\/\/bayareacrisisnursery.org\/","logo":{"@type":"ImageObject","inLanguage":"fr-FR","@id":"https:\/\/bayareacrisisnursery.org\/#\/schema\/logo\/image\/","url":"https:\/\/bayareacrisisnursery.org\/wp-content\/uploads\/2020\/12\/BACN-Logo.png","contentUrl":"https:\/\/bayareacrisisnursery.org\/wp-content\/uploads\/2020\/12\/BACN-Logo.png","width":751,"height":374,"caption":"Bay Area Crisis Nursery"},"image":{"@id":"https:\/\/bayareacrisisnursery.org\/#\/schema\/logo\/image\/"},"sameAs":["https:\/\/www.facebook.com\/bacnspage\/","https:\/\/x.com\/bacn_nursery","https:\/\/www.instagram.com\/bayareacrisisnursery\/","https:\/\/www.linkedin.com\/company\/bay-area-crisis-nursery\/about\/"]}]}},"_links":{"self":[{"href":"https:\/\/bayareacrisisnursery.org\/fr\/wp-json\/wp\/v2\/pages\/292","targetHints":{"allow":["GET"]}}],"collection":[{"href":"https:\/\/bayareacrisisnursery.org\/fr\/wp-json\/wp\/v2\/pages"}],"about":[{"href":"https:\/\/bayareacrisisnursery.org\/fr\/wp-json\/wp\/v2\/types\/page"}],"author":[{"embeddable":true,"href":"https:\/\/bayareacrisisnursery.org\/fr\/wp-json\/wp\/v2\/users\/1"}],"replies":[{"embeddable":true,"href":"https:\/\/bayareacrisisnursery.org\/fr\/wp-json\/wp\/v2\/comments?post=292"}],"version-history":[{"count":37,"href":"https:\/\/bayareacrisisnursery.org\/fr\/wp-json\/wp\/v2\/pages\/292\/revisions"}],"predecessor-version":[{"id":7452,"href":"https:\/\/bayareacrisisnursery.org\/fr\/wp-json\/wp\/v2\/pages\/292\/revisions\/7452"}],"up":[{"embeddable":true,"href":"https:\/\/bayareacrisisnursery.org\/fr\/wp-json\/wp\/v2\/pages\/263"}],"wp:attachment":[{"href":"https:\/\/bayareacrisisnursery.org\/fr\/wp-json\/wp\/v2\/media?parent=292"}],"curies":[{"name":"wp","href":"https:\/\/api.w.org\/{rel}","templated":true}]}}