{"id":2968,"date":"2019-11-22T02:58:28","date_gmt":"2019-11-22T02:58:28","guid":{"rendered":"https:\/\/bayareacrisisnursery.org\/?page_id=2968"},"modified":"2026-01-08T20:30:09","modified_gmt":"2026-01-08T20:30:09","slug":"hug","status":"publish","type":"page","link":"https:\/\/bayareacrisisnursery.org\/fr\/donate\/hug\/","title":{"rendered":"Programme HUG mensuel"},"content":{"rendered":"<div id=\"cs-content\" class=\"cs-content\"><div class=\"x-section e2968-e1 m2ag-0 m2ag-1\"><div class=\"x-container marginless-columns e2968-e2 m2ag-4\"><div class=\"x-column x-sm x-1-1 e2968-e3 m2ag-5\"><img decoding=\"async\"  class=\"x-img x-img-none\"  src=\"https:\/\/bayareacrisisnursery.org\/wp-content\/uploads\/2022\/08\/Monthly-HUG-Banner.png\" alt=\"Support BACN Piggy Bank\"><h2  class=\"h-custom-headline h3\" ><span>Offrez un c\u00e2lin mensuel<\/span><\/h2><\/div><\/div><\/div><div class=\"x-section e2968-e6 m2ag-0 m2ag-1\"><div class=\"x-container marginless-columns e2968-e7 m2ag-4\"><div class=\"x-column x-sm x-1-1 e2968-e8 m2ag-5\"><div class=\"x-content-area e2968-e9 m2ag-6\"><span><b>Devenez donateur des HUG d\u00e8s aujourd&#039;hui et aidez les enfants toute l&#039;ann\u00e9e !<\/b> HUG (Help Us Grow) est le programme de dons mensuels de la p\u00e9pini\u00e8re qui aide \u00e0 maintenir et \u00e0 d\u00e9velopper notre mission de pr\u00e9vention de la maltraitance et de la n\u00e9gligence envers les enfants. Lorsque vous rejoignez notre mission pour aussi peu que $5 par mois, vous rejoignez une plus grande communaut\u00e9 de donateurs des HUG dont les contributions mensuelles combin\u00e9es font une grande diff\u00e9rence dans la vie des enfants et des familles en crise. <b>Un peu s&#039;additionne !<\/b><\/p>\n\n<p>Pour aussi peu que\u2026<\/p>\n<ul>\n<li>$5 par mois, vous pouvez fournir 1 jour de couches pour 4 b\u00e9b\u00e9s.\n\n<li>$10 par mois, vous pouvez pr\u00e9voir 5 repas pour les enfants.\n<li>$25 par mois, vous pouvez financer la formation de 10 b\u00e9n\u00e9voles affectueux de la Cr\u00e8che.\n<li>$50 par mois, vous pouvez garder 4 lits au chaud pendant 1 nuit.<\/ul>\n\n<p>Peu importe le montant, votre investissement fera une diff\u00e9rence dans la vie d&#039;enfants et de familles en crise!<b> Merci d&#039;\u00eatre devenu un donateur des HUG aujourd&#039;hui !<\/b>\n\u200b<\/span><\/div><\/div><\/div><\/div><div class=\"x-section e2968-e10 m2ag-0 m2ag-1 m2ag-2\"><div class=\"x-row e2968-e11 m2ag-7 m2ag-8 m2ag-a\"><div class=\"x-row-inner\"><div class=\"x-col e2968-e12 m2ag-e m2ag-f\"><a  class=\"x-btn x-btn-global\"  href=\"https:\/\/bayareacrisisnursery.app.neoncrm.com\/forms\/hug-donations\" title=\"Faire un don mensuel\" target=\"_blank\" rel=\"noopener noreferrer\"   data-options=\"thumbnail: ''\">Donnez un C\u00e2lin aujourd&#039;hui\u00a0!<\/a><\/div><\/div><\/div><\/div><div class=\"x-section e2968-e14 m2ag-0 m2ag-3\"><div class=\"x-row e2968-e15 m2ag-7 m2ag-9 m2ag-b m2ag-c\"><div class=\"x-row-inner\"><div class=\"x-col e2968-e16 m2ag-e m2ag-g\"><div class=\"x-text x-text-headline e2968-e17 m2ag-i m2ag-j\"><div class=\"x-text-content\"><div class=\"x-text-content-text\"><h3 class=\"x-text-content-text-primary\">Soutenir BACN<\/h3>\n<\/div><\/div><\/div><\/div><\/div><\/div><div class=\"x-row e2968-e18 m2ag-7 m2ag-9 m2ag-b m2ag-d\"><div class=\"x-row-inner\"><div class=\"x-col e2968-e19 m2ag-e m2ag-g m2ag-h\"><a class=\"x-image e2968-e20 m2ag-l\" href=\"mailto:giving@bayareacrisisnursery.org?subject=Stock%20Donations\" target=\"_blank\" rel=\"noopener noreferrer\"><img decoding=\"async\" src=\"https:\/\/bayareacrisisnursery.org\/wp-content\/uploads\/2019\/12\/Piggy-Stock.jpg\" width=\"847\" height=\"565\" alt=\"Stock Donations\" loading=\"lazy\"><\/a><div class=\"x-text x-text-headline e2968-e21 m2ag-j m2ag-k\"><div class=\"x-text-content\"><div class=\"x-text-content-text\"><h3 class=\"x-text-content-text-primary\"><p><a href=\"mailto:giving@bayareacrisisnursery.org?subject=Donating Stock\">BACN accepte les dons d&#039;actions. Courriel aujourd&#039;hui.<\/a><\/p><\/h3>\n<\/div><\/div><\/div><\/div><div class=\"x-col e2968-e22 m2ag-e m2ag-g m2ag-h\"><iframe loading=\"lazy\" src=\"https:\/\/doublethedonation.com\/api\/iframe\/XvD2NtEV1TSXhAQ1\" height=\"350\" width=\"100%\"><\/iframe><\/div><div class=\"x-col e2968-e24 m2ag-e m2ag-g m2ag-h\"><a class=\"x-image e2968-e25 m2ag-l m2ag-m\" href=\"https:\/\/mailchi.mp\/bayareacrisisnursery\/newsletter?dnt=1%22%20data-wplink-edit=%22true%22\" target=\"_blank\" rel=\"noopener noreferrer\"><img decoding=\"async\" src=\"https:\/\/bayareacrisisnursery.org\/wp-content\/uploads\/2022\/08\/News.jpg\" width=\"600\" height=\"400\" alt=\"Newsletter\" loading=\"lazy\"><\/a><div class=\"x-text x-text-headline e2968-e26 m2ag-j m2ag-k\"><div class=\"x-text-content\"><div class=\"x-text-content-text\"><h3 class=\"x-text-content-text-primary\"><p><a href=\"https:\/\/mailchi.mp\/bayareacrisisnursery\/newsletter?dnt=1\" data-wplink-edit=\"true\">Inscrivez-vous pour rester en contact<\/a><\/p><\/h3>\n<\/div><\/div><\/div><\/div><\/div><\/div><\/div><div class=\"x-section e2968-e27 m2ag-0 m2ag-1\"><div class=\"x-container marginless-columns e2968-e28 m2ag-4\"><div class=\"x-column x-sm x-1-1 e2968-e29 m2ag-5\"><div class=\"x-content-area e2968-e30 m2ag-6\"><div id=\"x-content-band-1\" class=\"x-content-band border-top border-left border-right border-bottom\" style=\"background-color: #efefef; color: #333;\"><div class=\"x-container max width\"> \n<h4  class=\"h-custom-headline h3\" style=\"margin-top: 0;\"><span>Planifier une visite<\/span><\/h4><\/p>\nD\u00e9couvrez notre mission dans la pratique en visitant la p\u00e9pini\u00e8re pour une visite.<\/p>\n<p><a  class=\"x-btn x-btn-flat x-btn-global\"  href=\"mailto:giving@bayareacrisisnursery.org&subject=Donor Tour of the Nursery\"     data-options=\"thumbnail: ''\">Planifier aujourd&#039;hui<\/a> <\/div><\/div><\/div><\/div><\/div><\/div><\/div>","protected":false},"excerpt":{"rendered":"<p>Offrez le cadeau d&#039;un c\u00e2lin mensuelDevenez donateur des HUG aujourd&#039;hui et aidez les enfants tout au long de l&#039;ann\u00e9e ! HUG (Help Us Grow) est le programme de dons mensuels de la p\u00e9pini\u00e8re qui aide \u00e0 soutenir et \u00e0 d\u00e9velopper notre mission de pr\u00e9vention de la maltraitance et de la n\u00e9gligence envers les enfants. Lorsque vous rejoignez notre mission pour aussi peu que $5 par mois, vous rejoignez une plus grande communaut\u00e9 de\u2026 <a href=\"https:\/\/bayareacrisisnursery.org\/fr\/donate\/hug\/\" class=\"more-link\">Lire la suite<\/a><\/p>","protected":false},"author":1,"featured_media":0,"parent":263,"menu_order":0,"comment_status":"closed","ping_status":"closed","template":"template-layout-full-width.php","meta":{"om_disable_all_campaigns":false,"_monsterinsights_skip_tracking":false,"_monsterinsights_sitenote_active":false,"_monsterinsights_sitenote_note":"","_monsterinsights_sitenote_category":0,"_uf_show_specific_survey":0,"_uf_disable_surveys":false,"footnotes":""},"class_list":["post-2968","page","type-page","status-publish","hentry","no-post-thumbnail"],"yoast_head":"<!-- This site is optimized with the Yoast SEO Premium plugin v27.2 (Yoast SEO v27.2) - https:\/\/yoast.com\/product\/yoast-seo-premium-wordpress\/ -->\n<title>Monthly HUG Program - Bay Area Crisis Nursery<\/title>\n<meta name=\"description\" content=\"Become a HUG donor today and help children all year long! HUG (Help Us Grow) is the Nursery\u2019s monthly giving program that helps to sustain and grow our mission to prevent child abuse and neglect.\" \/>\n<meta name=\"robots\" content=\"index, follow, max-snippet:-1, max-image-preview:large, max-video-preview:-1\" \/>\n<link rel=\"canonical\" href=\"https:\/\/bayareacrisisnursery.org\/fr\/donate\/hug\/\" \/>\n<meta property=\"og:locale\" content=\"fr_FR\" \/>\n<meta property=\"og:type\" content=\"article\" \/>\n<meta property=\"og:title\" content=\"Monthly HUG Program\" \/>\n<meta property=\"og:description\" content=\"Become a HUG donor today and help children all year long! HUG (Help Us Grow) is the Nursery\u2019s monthly giving program that helps to sustain and grow our mission to prevent child abuse and neglect.\" \/>\n<meta property=\"og:url\" content=\"https:\/\/bayareacrisisnursery.org\/fr\/donate\/hug\/\" \/>\n<meta property=\"og:site_name\" content=\"Bay Area Crisis Nursery\" \/>\n<meta property=\"article:publisher\" content=\"https:\/\/www.facebook.com\/bacnspage\/\" \/>\n<meta property=\"article:modified_time\" content=\"2026-01-08T20:30:09+00:00\" \/>\n<meta property=\"og:image\" content=\"https:\/\/bayareacrisisnursery.org\/wp-content\/uploads\/2019\/11\/HUG-Banner.jpg\" \/>\n\t<meta property=\"og:image:width\" content=\"1200\" \/>\n\t<meta property=\"og:image:height\" content=\"500\" \/>\n\t<meta property=\"og:image:type\" content=\"image\/jpeg\" \/>\n<meta name=\"twitter:card\" content=\"summary_large_image\" \/>\n<meta name=\"twitter:site\" content=\"@bacn_nursery\" \/>\n<meta name=\"twitter:label1\" content=\"Dur\u00e9e de lecture estim\u00e9e\" \/>\n\t<meta name=\"twitter:data1\" content=\"2 minutes\" \/>\n<script type=\"application\/ld+json\" class=\"yoast-schema-graph\">{\"@context\":\"https:\/\/schema.org\",\"@graph\":[{\"@type\":\"WebPage\",\"@id\":\"https:\/\/bayareacrisisnursery.org\/donate\/hug\/\",\"url\":\"https:\/\/bayareacrisisnursery.org\/donate\/hug\/\",\"name\":\"Monthly HUG Program - Bay Area Crisis Nursery\",\"isPartOf\":{\"@id\":\"https:\/\/bayareacrisisnursery.org\/#website\"},\"datePublished\":\"2019-11-22T02:58:28+00:00\",\"dateModified\":\"2026-01-08T20:30:09+00:00\",\"description\":\"Become a HUG donor today and help children all year long! HUG (Help Us Grow) is the Nursery\u2019s monthly giving program that helps to sustain and grow our mission to prevent child abuse and neglect.\",\"breadcrumb\":{\"@id\":\"https:\/\/bayareacrisisnursery.org\/donate\/hug\/#breadcrumb\"},\"inLanguage\":\"fr-FR\",\"potentialAction\":[{\"@type\":\"ReadAction\",\"target\":[\"https:\/\/bayareacrisisnursery.org\/donate\/hug\/\"]}]},{\"@type\":\"BreadcrumbList\",\"@id\":\"https:\/\/bayareacrisisnursery.org\/donate\/hug\/#breadcrumb\",\"itemListElement\":[{\"@type\":\"ListItem\",\"position\":1,\"name\":\"Home\",\"item\":\"https:\/\/bayareacrisisnursery.org\/\"},{\"@type\":\"ListItem\",\"position\":2,\"name\":\"Support\",\"item\":\"https:\/\/bayareacrisisnursery.org\/donate\/\"},{\"@type\":\"ListItem\",\"position\":3,\"name\":\"Monthly HUG Program\"}]},{\"@type\":\"WebSite\",\"@id\":\"https:\/\/bayareacrisisnursery.org\/#website\",\"url\":\"https:\/\/bayareacrisisnursery.org\/\",\"name\":\"Bay Area Crisis Nursery\",\"description\":\"A Little Heart. A Little Help. A Lot of Hope.\",\"publisher\":{\"@id\":\"https:\/\/bayareacrisisnursery.org\/#organization\"},\"potentialAction\":[{\"@type\":\"SearchAction\",\"target\":{\"@type\":\"EntryPoint\",\"urlTemplate\":\"https:\/\/bayareacrisisnursery.org\/?s={search_term_string}\"},\"query-input\":{\"@type\":\"PropertyValueSpecification\",\"valueRequired\":true,\"valueName\":\"search_term_string\"}}],\"inLanguage\":\"fr-FR\"},{\"@type\":\"Organization\",\"@id\":\"https:\/\/bayareacrisisnursery.org\/#organization\",\"name\":\"Bay Area Crisis Nursery\",\"url\":\"https:\/\/bayareacrisisnursery.org\/\",\"logo\":{\"@type\":\"ImageObject\",\"inLanguage\":\"fr-FR\",\"@id\":\"https:\/\/bayareacrisisnursery.org\/#\/schema\/logo\/image\/\",\"url\":\"https:\/\/bayareacrisisnursery.org\/wp-content\/uploads\/2020\/12\/BACN-Logo.png\",\"contentUrl\":\"https:\/\/bayareacrisisnursery.org\/wp-content\/uploads\/2020\/12\/BACN-Logo.png\",\"width\":751,\"height\":374,\"caption\":\"Bay Area Crisis Nursery\"},\"image\":{\"@id\":\"https:\/\/bayareacrisisnursery.org\/#\/schema\/logo\/image\/\"},\"sameAs\":[\"https:\/\/www.facebook.com\/bacnspage\/\",\"https:\/\/x.com\/bacn_nursery\",\"https:\/\/www.instagram.com\/bayareacrisisnursery\/\",\"https:\/\/www.linkedin.com\/company\/bay-area-crisis-nursery\/about\/\"]}]}<\/script>\n<!-- \/ Yoast SEO Premium plugin. -->","yoast_head_json":{"title":"Monthly HUG Program - Bay Area Crisis Nursery","description":"Become a HUG donor today and help children all year long! HUG (Help Us Grow) is the Nursery\u2019s monthly giving program that helps to sustain and grow our mission to prevent child abuse and neglect.","robots":{"index":"index","follow":"follow","max-snippet":"max-snippet:-1","max-image-preview":"max-image-preview:large","max-video-preview":"max-video-preview:-1"},"canonical":"https:\/\/bayareacrisisnursery.org\/fr\/donate\/hug\/","og_locale":"fr_FR","og_type":"article","og_title":"Monthly HUG Program","og_description":"Become a HUG donor today and help children all year long! HUG (Help Us Grow) is the Nursery\u2019s monthly giving program that helps to sustain and grow our mission to prevent child abuse and neglect.","og_url":"https:\/\/bayareacrisisnursery.org\/fr\/donate\/hug\/","og_site_name":"Bay Area Crisis Nursery","article_publisher":"https:\/\/www.facebook.com\/bacnspage\/","article_modified_time":"2026-01-08T20:30:09+00:00","og_image":[{"width":1200,"height":500,"url":"https:\/\/bayareacrisisnursery.org\/wp-content\/uploads\/2019\/11\/HUG-Banner.jpg","type":"image\/jpeg"}],"twitter_card":"summary_large_image","twitter_site":"@bacn_nursery","twitter_misc":{"Dur\u00e9e de lecture estim\u00e9e":"2 minutes"},"schema":{"@context":"https:\/\/schema.org","@graph":[{"@type":"WebPage","@id":"https:\/\/bayareacrisisnursery.org\/donate\/hug\/","url":"https:\/\/bayareacrisisnursery.org\/donate\/hug\/","name":"Monthly HUG Program - Bay Area Crisis Nursery","isPartOf":{"@id":"https:\/\/bayareacrisisnursery.org\/#website"},"datePublished":"2019-11-22T02:58:28+00:00","dateModified":"2026-01-08T20:30:09+00:00","description":"Become a HUG donor today and help children all year long! HUG (Help Us Grow) is the Nursery\u2019s monthly giving program that helps to sustain and grow our mission to prevent child abuse and neglect.","breadcrumb":{"@id":"https:\/\/bayareacrisisnursery.org\/donate\/hug\/#breadcrumb"},"inLanguage":"fr-FR","potentialAction":[{"@type":"ReadAction","target":["https:\/\/bayareacrisisnursery.org\/donate\/hug\/"]}]},{"@type":"BreadcrumbList","@id":"https:\/\/bayareacrisisnursery.org\/donate\/hug\/#breadcrumb","itemListElement":[{"@type":"ListItem","position":1,"name":"Home","item":"https:\/\/bayareacrisisnursery.org\/"},{"@type":"ListItem","position":2,"name":"Support","item":"https:\/\/bayareacrisisnursery.org\/donate\/"},{"@type":"ListItem","position":3,"name":"Monthly HUG Program"}]},{"@type":"WebSite","@id":"https:\/\/bayareacrisisnursery.org\/#website","url":"https:\/\/bayareacrisisnursery.org\/","name":"P\u00e9pini\u00e8re de crise de la r\u00e9gion de la baie","description":"Un petit coeur. Un peu d&#039;aide. Beaucoup d&#039;espoir.","publisher":{"@id":"https:\/\/bayareacrisisnursery.org\/#organization"},"potentialAction":[{"@type":"SearchAction","target":{"@type":"EntryPoint","urlTemplate":"https:\/\/bayareacrisisnursery.org\/?s={search_term_string}"},"query-input":{"@type":"PropertyValueSpecification","valueRequired":true,"valueName":"search_term_string"}}],"inLanguage":"fr-FR"},{"@type":"Organization","@id":"https:\/\/bayareacrisisnursery.org\/#organization","name":"P\u00e9pini\u00e8re de crise de la r\u00e9gion de la baie","url":"https:\/\/bayareacrisisnursery.org\/","logo":{"@type":"ImageObject","inLanguage":"fr-FR","@id":"https:\/\/bayareacrisisnursery.org\/#\/schema\/logo\/image\/","url":"https:\/\/bayareacrisisnursery.org\/wp-content\/uploads\/2020\/12\/BACN-Logo.png","contentUrl":"https:\/\/bayareacrisisnursery.org\/wp-content\/uploads\/2020\/12\/BACN-Logo.png","width":751,"height":374,"caption":"Bay Area Crisis Nursery"},"image":{"@id":"https:\/\/bayareacrisisnursery.org\/#\/schema\/logo\/image\/"},"sameAs":["https:\/\/www.facebook.com\/bacnspage\/","https:\/\/x.com\/bacn_nursery","https:\/\/www.instagram.com\/bayareacrisisnursery\/","https:\/\/www.linkedin.com\/company\/bay-area-crisis-nursery\/about\/"]}]}},"_links":{"self":[{"href":"https:\/\/bayareacrisisnursery.org\/fr\/wp-json\/wp\/v2\/pages\/2968","targetHints":{"allow":["GET"]}}],"collection":[{"href":"https:\/\/bayareacrisisnursery.org\/fr\/wp-json\/wp\/v2\/pages"}],"about":[{"href":"https:\/\/bayareacrisisnursery.org\/fr\/wp-json\/wp\/v2\/types\/page"}],"author":[{"embeddable":true,"href":"https:\/\/bayareacrisisnursery.org\/fr\/wp-json\/wp\/v2\/users\/1"}],"replies":[{"embeddable":true,"href":"https:\/\/bayareacrisisnursery.org\/fr\/wp-json\/wp\/v2\/comments?post=2968"}],"version-history":[{"count":13,"href":"https:\/\/bayareacrisisnursery.org\/fr\/wp-json\/wp\/v2\/pages\/2968\/revisions"}],"predecessor-version":[{"id":7425,"href":"https:\/\/bayareacrisisnursery.org\/fr\/wp-json\/wp\/v2\/pages\/2968\/revisions\/7425"}],"up":[{"embeddable":true,"href":"https:\/\/bayareacrisisnursery.org\/fr\/wp-json\/wp\/v2\/pages\/263"}],"wp:attachment":[{"href":"https:\/\/bayareacrisisnursery.org\/fr\/wp-json\/wp\/v2\/media?parent=2968"}],"curies":[{"name":"wp","href":"https:\/\/api.w.org\/{rel}","templated":true}]}}