{"id":3,"date":"2019-04-16T00:02:29","date_gmt":"2019-04-16T00:02:29","guid":{"rendered":"https:\/\/bayareacrisisnursery.org\/?page_id=3"},"modified":"2019-08-23T23:01:54","modified_gmt":"2019-08-23T23:01:54","slug":"privacy-policy","status":"publish","type":"page","link":"https:\/\/bayareacrisisnursery.org\/fr\/privacy-policy\/","title":{"rendered":"Politique de confidentialit\u00e9"},"content":{"rendered":"<div id=\"cs-content\" class=\"cs-content\"><\/div>","protected":false},"excerpt":{"rendered":"<p>BAY AREA CRISIS NURSRY Derni\u00e8re mise \u00e0 jour\u00a0: 23 ao\u00fbt 2019Bienvenue \u00e0 la Bay Area Crisis Nursery (BACN) La protection de votre vie priv\u00e9e est vraiment importante pour nous. Dans cet esprit, nous fournissons cette politique de confidentialit\u00e9 pour expliquer nos pratiques concernant la collecte, l&#039;utilisation et la divulgation des informations que nous recevons via\u2026 <a href=\"https:\/\/bayareacrisisnursery.org\/fr\/privacy-policy\/\" class=\"more-link\">Lire la suite<\/a><\/p>","protected":false},"author":1,"featured_media":0,"parent":0,"menu_order":0,"comment_status":"closed","ping_status":"open","template":"","meta":{"om_disable_all_campaigns":false,"_monsterinsights_skip_tracking":false,"_monsterinsights_sitenote_active":false,"_monsterinsights_sitenote_note":"","_monsterinsights_sitenote_category":0,"_uf_show_specific_survey":0,"_uf_disable_surveys":false,"footnotes":""},"class_list":["post-3","page","type-page","status-publish","hentry","no-post-thumbnail"],"yoast_head":"<!-- This site is optimized with the Yoast SEO Premium plugin v27.2 (Yoast SEO v27.2) - https:\/\/yoast.com\/product\/yoast-seo-premium-wordpress\/ -->\n<title>Privacy Policy - Bay Area Crisis Nursery<\/title>\n<meta name=\"robots\" content=\"index, follow, max-snippet:-1, max-image-preview:large, max-video-preview:-1\" \/>\n<link rel=\"canonical\" href=\"https:\/\/bayareacrisisnursery.org\/fr\/privacy-policy\/\" \/>\n<meta property=\"og:locale\" content=\"fr_FR\" \/>\n<meta property=\"og:type\" content=\"article\" \/>\n<meta property=\"og:title\" content=\"Privacy Policy\" \/>\n<meta property=\"og:description\" content=\"BAY AREA CRISIS NURSRY Last Updated: Aug 23, 2019Welcome to the Bay Area Crisis Nursery (BACN) We are a non-profit crisis nursery serving the greater Bay Area. Protecting your privacy is really important to us. With this in mind, we\u2019re providing this Privacy Policy to explain our practices regarding the collection, use, and disclosure of information that we receive through ... Read More\" \/>\n<meta property=\"og:url\" content=\"https:\/\/bayareacrisisnursery.org\/fr\/privacy-policy\/\" \/>\n<meta property=\"og:site_name\" content=\"Bay Area Crisis Nursery\" \/>\n<meta property=\"article:publisher\" content=\"https:\/\/www.facebook.com\/bacnspage\/\" \/>\n<meta property=\"article:modified_time\" content=\"2019-08-23T23:01:54+00:00\" \/>\n<meta name=\"twitter:card\" content=\"summary_large_image\" \/>\n<meta name=\"twitter:site\" content=\"@bacn_nursery\" \/>\n<script type=\"application\/ld+json\" class=\"yoast-schema-graph\">{\"@context\":\"https:\/\/schema.org\",\"@graph\":[{\"@type\":\"WebPage\",\"@id\":\"https:\/\/bayareacrisisnursery.org\/privacy-policy\/\",\"url\":\"https:\/\/bayareacrisisnursery.org\/privacy-policy\/\",\"name\":\"Privacy Policy - Bay Area Crisis Nursery\",\"isPartOf\":{\"@id\":\"https:\/\/bayareacrisisnursery.org\/#website\"},\"datePublished\":\"2019-04-16T00:02:29+00:00\",\"dateModified\":\"2019-08-23T23:01:54+00:00\",\"breadcrumb\":{\"@id\":\"https:\/\/bayareacrisisnursery.org\/privacy-policy\/#breadcrumb\"},\"inLanguage\":\"fr-FR\",\"potentialAction\":[{\"@type\":\"ReadAction\",\"target\":[\"https:\/\/bayareacrisisnursery.org\/privacy-policy\/\"]}]},{\"@type\":\"BreadcrumbList\",\"@id\":\"https:\/\/bayareacrisisnursery.org\/privacy-policy\/#breadcrumb\",\"itemListElement\":[{\"@type\":\"ListItem\",\"position\":1,\"name\":\"Home\",\"item\":\"https:\/\/bayareacrisisnursery.org\/\"},{\"@type\":\"ListItem\",\"position\":2,\"name\":\"Privacy Policy\"}]},{\"@type\":\"WebSite\",\"@id\":\"https:\/\/bayareacrisisnursery.org\/#website\",\"url\":\"https:\/\/bayareacrisisnursery.org\/\",\"name\":\"Bay Area Crisis Nursery\",\"description\":\"A Little Heart. A Little Help. A Lot of Hope.\",\"publisher\":{\"@id\":\"https:\/\/bayareacrisisnursery.org\/#organization\"},\"potentialAction\":[{\"@type\":\"SearchAction\",\"target\":{\"@type\":\"EntryPoint\",\"urlTemplate\":\"https:\/\/bayareacrisisnursery.org\/?s={search_term_string}\"},\"query-input\":{\"@type\":\"PropertyValueSpecification\",\"valueRequired\":true,\"valueName\":\"search_term_string\"}}],\"inLanguage\":\"fr-FR\"},{\"@type\":\"Organization\",\"@id\":\"https:\/\/bayareacrisisnursery.org\/#organization\",\"name\":\"Bay Area Crisis Nursery\",\"url\":\"https:\/\/bayareacrisisnursery.org\/\",\"logo\":{\"@type\":\"ImageObject\",\"inLanguage\":\"fr-FR\",\"@id\":\"https:\/\/bayareacrisisnursery.org\/#\/schema\/logo\/image\/\",\"url\":\"https:\/\/bayareacrisisnursery.org\/wp-content\/uploads\/2020\/12\/BACN-Logo.png\",\"contentUrl\":\"https:\/\/bayareacrisisnursery.org\/wp-content\/uploads\/2020\/12\/BACN-Logo.png\",\"width\":751,\"height\":374,\"caption\":\"Bay Area Crisis Nursery\"},\"image\":{\"@id\":\"https:\/\/bayareacrisisnursery.org\/#\/schema\/logo\/image\/\"},\"sameAs\":[\"https:\/\/www.facebook.com\/bacnspage\/\",\"https:\/\/x.com\/bacn_nursery\",\"https:\/\/www.instagram.com\/bayareacrisisnursery\/\",\"https:\/\/www.linkedin.com\/company\/bay-area-crisis-nursery\/about\/\"]}]}<\/script>\n<!-- \/ Yoast SEO Premium plugin. -->","yoast_head_json":{"title":"Privacy Policy - Bay Area Crisis Nursery","robots":{"index":"index","follow":"follow","max-snippet":"max-snippet:-1","max-image-preview":"max-image-preview:large","max-video-preview":"max-video-preview:-1"},"canonical":"https:\/\/bayareacrisisnursery.org\/fr\/privacy-policy\/","og_locale":"fr_FR","og_type":"article","og_title":"Privacy Policy","og_description":"BAY AREA CRISIS NURSRY Last Updated: Aug 23, 2019Welcome to the Bay Area Crisis Nursery (BACN) We are a non-profit crisis nursery serving the greater Bay Area. Protecting your privacy is really important to us. With this in mind, we\u2019re providing this Privacy Policy to explain our practices regarding the collection, use, and disclosure of information that we receive through ... Read More","og_url":"https:\/\/bayareacrisisnursery.org\/fr\/privacy-policy\/","og_site_name":"Bay Area Crisis Nursery","article_publisher":"https:\/\/www.facebook.com\/bacnspage\/","article_modified_time":"2019-08-23T23:01:54+00:00","twitter_card":"summary_large_image","twitter_site":"@bacn_nursery","schema":{"@context":"https:\/\/schema.org","@graph":[{"@type":"WebPage","@id":"https:\/\/bayareacrisisnursery.org\/privacy-policy\/","url":"https:\/\/bayareacrisisnursery.org\/privacy-policy\/","name":"Privacy Policy - Bay Area Crisis Nursery","isPartOf":{"@id":"https:\/\/bayareacrisisnursery.org\/#website"},"datePublished":"2019-04-16T00:02:29+00:00","dateModified":"2019-08-23T23:01:54+00:00","breadcrumb":{"@id":"https:\/\/bayareacrisisnursery.org\/privacy-policy\/#breadcrumb"},"inLanguage":"fr-FR","potentialAction":[{"@type":"ReadAction","target":["https:\/\/bayareacrisisnursery.org\/privacy-policy\/"]}]},{"@type":"BreadcrumbList","@id":"https:\/\/bayareacrisisnursery.org\/privacy-policy\/#breadcrumb","itemListElement":[{"@type":"ListItem","position":1,"name":"Home","item":"https:\/\/bayareacrisisnursery.org\/"},{"@type":"ListItem","position":2,"name":"Privacy Policy"}]},{"@type":"WebSite","@id":"https:\/\/bayareacrisisnursery.org\/#website","url":"https:\/\/bayareacrisisnursery.org\/","name":"P\u00e9pini\u00e8re de crise de la r\u00e9gion de la baie","description":"Un petit coeur. Un peu d&#039;aide. Beaucoup d&#039;espoir.","publisher":{"@id":"https:\/\/bayareacrisisnursery.org\/#organization"},"potentialAction":[{"@type":"SearchAction","target":{"@type":"EntryPoint","urlTemplate":"https:\/\/bayareacrisisnursery.org\/?s={search_term_string}"},"query-input":{"@type":"PropertyValueSpecification","valueRequired":true,"valueName":"search_term_string"}}],"inLanguage":"fr-FR"},{"@type":"Organization","@id":"https:\/\/bayareacrisisnursery.org\/#organization","name":"P\u00e9pini\u00e8re de crise de la r\u00e9gion de la baie","url":"https:\/\/bayareacrisisnursery.org\/","logo":{"@type":"ImageObject","inLanguage":"fr-FR","@id":"https:\/\/bayareacrisisnursery.org\/#\/schema\/logo\/image\/","url":"https:\/\/bayareacrisisnursery.org\/wp-content\/uploads\/2020\/12\/BACN-Logo.png","contentUrl":"https:\/\/bayareacrisisnursery.org\/wp-content\/uploads\/2020\/12\/BACN-Logo.png","width":751,"height":374,"caption":"Bay Area Crisis Nursery"},"image":{"@id":"https:\/\/bayareacrisisnursery.org\/#\/schema\/logo\/image\/"},"sameAs":["https:\/\/www.facebook.com\/bacnspage\/","https:\/\/x.com\/bacn_nursery","https:\/\/www.instagram.com\/bayareacrisisnursery\/","https:\/\/www.linkedin.com\/company\/bay-area-crisis-nursery\/about\/"]}]}},"_links":{"self":[{"href":"https:\/\/bayareacrisisnursery.org\/fr\/wp-json\/wp\/v2\/pages\/3","targetHints":{"allow":["GET"]}}],"collection":[{"href":"https:\/\/bayareacrisisnursery.org\/fr\/wp-json\/wp\/v2\/pages"}],"about":[{"href":"https:\/\/bayareacrisisnursery.org\/fr\/wp-json\/wp\/v2\/types\/page"}],"author":[{"embeddable":true,"href":"https:\/\/bayareacrisisnursery.org\/fr\/wp-json\/wp\/v2\/users\/1"}],"replies":[{"embeddable":true,"href":"https:\/\/bayareacrisisnursery.org\/fr\/wp-json\/wp\/v2\/comments?post=3"}],"version-history":[{"count":2,"href":"https:\/\/bayareacrisisnursery.org\/fr\/wp-json\/wp\/v2\/pages\/3\/revisions"}],"predecessor-version":[{"id":595,"href":"https:\/\/bayareacrisisnursery.org\/fr\/wp-json\/wp\/v2\/pages\/3\/revisions\/595"}],"wp:attachment":[{"href":"https:\/\/bayareacrisisnursery.org\/fr\/wp-json\/wp\/v2\/media?parent=3"}],"curies":[{"name":"wp","href":"https:\/\/api.w.org\/{rel}","templated":true}]}}