{"id":306,"date":"2021-08-17T19:14:04","date_gmt":"2021-08-17T19:14:04","guid":{"rendered":"https:\/\/bayareacrisisnursery.org\/?page_id=306"},"modified":"2026-02-12T20:32:57","modified_gmt":"2026-02-12T20:32:57","slug":"crab-feed","status":"publish","type":"page","link":"https:\/\/bayareacrisisnursery.org\/fr\/events\/crab-feed\/","title":{"rendered":"Nourriture pour crabe"},"content":{"rendered":"<div id=\"cs-content\" class=\"cs-content\"><div class=\"x-section e306-e1 m8i-0 m8i-1 m8i-2\"><div class=\"x-container marginless-columns e306-e2 m8i-5\"><div class=\"x-column x-sm x-1-1 e306-e3 m8i-6\"><img decoding=\"async\"  class=\"x-img x-img-none\"  src=\"https:\/\/bayareacrisisnursery.org\/wp-content\/uploads\/2022\/09\/Crab-Feed-Website-Header.jpg\" alt=\"Crab Feed\"><\/div><\/div><\/div><div class=\"x-section e306-e5 m8i-0 m8i-1 m8i-2\"><div class=\"x-container marginless-columns e306-e6 m8i-5\"><div class=\"x-column x-sm x-1-1 e306-e7 m8i-6\"><h2  class=\"h-custom-headline h3\" ><span>Un merci sp\u00e9cial \u00e0 nos sponsors !<\/span><\/h2><\/div><\/div><div class=\"x-container marginless-columns e306-e9 m8i-5\"><div class=\"x-column x-sm x-1-1 e306-e10 m8i-6 m8i-7\"><a class=\"x-image e306-e11 m8i-8 m8i-9 m8i-a\" href=\"https:\/\/pacificpensions.com\/\" target=\"_blank\" rel=\"noopener noreferrer\"><img decoding=\"async\" src=\"https:\/\/bayareacrisisnursery.org\/wp-content\/uploads\/2021\/02\/Pacific-Pension-Benefit-2.png\" width=\"400\" height=\"249\" alt=\"Pacific Pension &amp; Benefit\" loading=\"lazy\"><\/a><\/div><\/div><\/div><div class=\"x-section e306-e12 m8i-0 m8i-1 m8i-3\"><div class=\"x-row x-container max width e306-e13 m8i-g m8i-h m8i-k m8i-l\"><div class=\"x-row-inner\"><div class=\"x-col e306-e14 m8i-r m8i-s\"><a class=\"x-image e306-e15 m8i-8 m8i-9 m8i-a\" href=\"https:\/\/www.fmbonline.com\/\" target=\"_blank\" rel=\"noopener noreferrer\"><img decoding=\"async\" src=\"https:\/\/bayareacrisisnursery.org\/wp-content\/uploads\/2022\/01\/FM-Bank-Logo.png\" width=\"600\" height=\"138\" alt=\"F&amp;M Bank\" loading=\"lazy\"><\/a><\/div><div class=\"x-col e306-e16 m8i-r m8i-s\"><a class=\"x-image e306-e17 m8i-8 m8i-9 m8i-a\" href=\"https:\/\/www.pacificservice.org\/\" target=\"_blank\" rel=\"noopener noreferrer\"><img decoding=\"async\" src=\"https:\/\/bayareacrisisnursery.org\/wp-content\/uploads\/2025\/03\/13-PSCU-0536-Brand-Font-Blue-Horiz-CMYK-FNL_900p_SQUARE.png\" width=\"450\" height=\"140\" alt=\"Pacific Service Credit Union\" loading=\"lazy\"><\/a><\/div><\/div><\/div><div class=\"x-row x-container max width e306-e18 m8i-g m8i-h m8i-i m8i-k m8i-m\"><div class=\"x-row-inner\"><div class=\"x-col e306-e19 m8i-r m8i-s\"><a class=\"x-image e306-e20 m8i-8 m8i-a m8i-b m8i-c\" href=\"https:\/\/tikitoms.co\/\" target=\"_blank\" rel=\"noopener noreferrer\"><img decoding=\"async\" src=\"https:\/\/bayareacrisisnursery.org\/wp-content\/uploads\/2025\/03\/Tiki-Toms-Logo.jpg\" width=\"302\" height=\"179\" alt=\"Tiki Tom&#039;s\" loading=\"lazy\"><\/a><\/div><div class=\"x-col e306-e21 m8i-r m8i-s\"><a class=\"x-image e306-e22 m8i-8 m8i-9 m8i-a\" href=\"https:\/\/www.diablosubaru.com\/?sd_campaign=Branded_New_InAOR&amp;sd_digadprov=l2tmedia&amp;sd_channel=search&amp;sd_campaign_type=google&amp;sd_program=tier3&amp;sd_adid=784030718107&amp;sd_digadcid=23267360584&amp;sd_keyword=diablo%20subaru%20of%20walnut%20creek&amp;sd_adgroup=00-SUB-NA_CNS_InMarket_New__BrandedSubaru&amp;gad_source=1&amp;gad_campaignid=23267360584&amp;gbraid=0AAAABCCyrJIkx97atigB-wN23-3bCTN_i&amp;gclid=CjwKCAiAkbbMBhB2EiwANbxtbWK6DyWzCqcQN1fcf8WE67vWTBh83R-tTfxTXAYkUOzYGtUK3cg4HRoCAQ0QAvD_BwE\" target=\"_blank\" rel=\"noopener noreferrer\"><img decoding=\"async\" src=\"https:\/\/bayareacrisisnursery.org\/wp-content\/uploads\/2025\/03\/Diablo-Subaru-WC-Logo.jpg\" width=\"275\" height=\"210\" alt=\"Diablo Subaru Walnut Creek\" loading=\"lazy\"><\/a><\/div><div class=\"x-col e306-e23 m8i-r m8i-s\"><a class=\"x-image e306-e24 m8i-8 m8i-a m8i-c m8i-d\" href=\"https:\/\/marksteinsalescompany.com\/\" target=\"_blank\" rel=\"noopener noreferrer\"><img decoding=\"async\" src=\"https:\/\/bayareacrisisnursery.org\/wp-content\/uploads\/2025\/03\/Markstein-Logo.png\" width=\"250\" height=\"167\" alt=\"Markstein Sales Co\" loading=\"lazy\"><\/a><\/div><\/div><\/div><div class=\"x-row x-container max width e306-e25 m8i-g m8i-h m8i-i m8i-k m8i-n\"><div class=\"x-row-inner\"><div class=\"x-col e306-e26 m8i-r m8i-s\"><\/div><div class=\"x-col e306-e27 m8i-r m8i-s\"><a class=\"x-image e306-e28 m8i-8 m8i-9 m8i-a\" href=\"https:\/\/billsacehardware.com\/\" target=\"_blank\" rel=\"noopener noreferrer\"><img decoding=\"async\" src=\"https:\/\/bayareacrisisnursery.org\/wp-content\/uploads\/2026\/02\/bills-ace-logo.png\" width=\"250\" height=\"125\" alt=\"Bill&#039;s Ace Hardware\" loading=\"lazy\"><\/a><\/div><div class=\"x-col e306-e29 m8i-r m8i-s\"><\/div><\/div><\/div><\/div><div class=\"x-section e306-e30 m8i-0 m8i-1 m8i-2\"><div class=\"x-container marginless-columns e306-e31 m8i-5\"><\/div><h2  class=\"h-custom-headline h3\" ><span>26th Annual Crab Feed<\/span><\/h2><div class=\"x-container marginless-columns e306-e33 m8i-5\"><div class=\"x-column x-sm x-1-1 e306-e34 m8i-6\"><div class=\"x-content-area e306-e35 m8i-v\"><p><strong>Join Us for the 26th Annual Crab Feed Extravaganza!<\/strong><\/p>\n<p id=\"isPasted\">Get ready for an unforgettable evening of community, crab, and celebration! The best little crab feed in town is back on Saturday, February 28, 2026, at Carondelet High School in Concord. This year, we're celebrating a milestone with our 25th Annual Crab Feed, and it's set to be the highlight of the season!<br \/><br \/>Indulge in <strong>all-you-can-eat Dungeness Crab<\/strong>&mdash;freshly caught and perfectly seasoned, paired with a delightful spread of Italian-style salad, pasta, and warm French bread. Enjoy our no-host bar featuring a selection of beer and wine to complement your meal.<br \/><br \/>But that's not all! After dinner, satisfy your sweet tooth at our <strong>Ventes de desserts<\/strong>, where you can bid on irresistible treats to share with your table. And don&rsquo;t miss out on the chance to win fabulous prizes in our <strong>Silent &amp; Live Auctions<\/strong> and try your luck with our exciting <strong>Tombolas<\/strong>.<br \/><br \/>With over 350 guests, this popular event sells out quickly, so spread the word and get your tickets now! Your participation helps us reach our goal of raising <strong>$90,000 to support the Nursery<\/strong>.<\/p>\n<p><b>Les temps forts de la soir\u00e9e incluent :<\/b><\/p>\n<ul>\n<li>Crabe, p\u00e2tes, salade et pain fran\u00e7ais \u00e0 volont\u00e9<\/li>\n<li>Encan silencieux et en direct<\/li>\n<li>Tombolas<\/li>\n<li>Ventes de desserts<\/li>\n<li>Meet BACN's Clients<\/li>\n<\/ul>\n<p>\u200bGet your tickets today and be part of a tradition that brings our community together for a fantastic cause. We can't wait to see you there!<\/p>\n<p><b>Date: Sat, Feb 28, 2026 | 5 - 10 pm<br \/>Lieu : Centre Garaventa @ Carondelet High School, 1133 Winton Dr, Concord<br \/>Price: Tickets are $75 each<\/b><\/p><\/div><\/div><\/div><\/div><div class=\"x-section e306-e36 m8i-0 m8i-1 m8i-3\"><div class=\"x-row e306-e37 m8i-g m8i-i m8i-j m8i-o\"><div class=\"x-row-inner\"><div class=\"x-col e306-e38 m8i-r m8i-t\"><a  class=\"x-btn x-btn-global\"  href=\"https:\/\/bacn.cbo.io\/\" title=\"Acheter des billets\" target=\"_blank\" rel=\"noopener noreferrer\"   data-options=\"thumbnail: ''\">Achetez aujourd&#039;hui<\/a><\/div><\/div><\/div><\/div><div class=\"x-section e306-e40 m8i-0 m8i-2 m8i-4\"><div class=\"x-row e306-e41 m8i-g m8i-h m8i-i m8i-k m8i-p\"><div class=\"x-row-inner\"><div class=\"x-col e306-e42 m8i-r m8i-s\"><div class=\"x-text x-text-headline e306-e43 m8i-w m8i-x\"><div class=\"x-text-content\"><div class=\"x-text-content-text\"><h3 class=\"x-text-content-text-primary\">Soutenir BACN<\/h3>\n<\/div><\/div><\/div><\/div><\/div><\/div><div class=\"x-row e306-e44 m8i-g m8i-h m8i-i m8i-k m8i-q\"><div class=\"x-row-inner\"><div class=\"x-col e306-e45 m8i-r m8i-s m8i-u\"><a class=\"x-image e306-e46 m8i-8 m8i-9 m8i-e\" href=\"mailto:giving@bayareacrisisnursery.org?subject=Stock%20Donations\" target=\"_blank\" rel=\"noopener noreferrer\"><img decoding=\"async\" src=\"https:\/\/bayareacrisisnursery.org\/wp-content\/uploads\/2019\/12\/Piggy-Stock.jpg\" width=\"847\" height=\"565\" alt=\"Stock Donations\" loading=\"lazy\"><\/a><div class=\"x-text x-text-headline e306-e47 m8i-x m8i-y\"><div class=\"x-text-content\"><div class=\"x-text-content-text\"><h3 class=\"x-text-content-text-primary\"><p><a href=\"mailto:giving@bayareacrisisnursery.org?subject=Donating Stock\">BACN accepte les dons d&#039;actions. Courriel aujourd&#039;hui.<\/a><\/p><\/h3>\n<\/div><\/div><\/div><\/div><div class=\"x-col e306-e48 m8i-r m8i-s m8i-u\"><iframe loading=\"lazy\" src=\"https:\/\/doublethedonation.com\/api\/iframe\/XvD2NtEV1TSXhAQ1\" height=\"350\" width=\"100%\"><\/iframe><\/div><div class=\"x-col e306-e50 m8i-r m8i-s m8i-u\"><a class=\"x-image e306-e51 m8i-8 m8i-9 m8i-e m8i-f\" href=\"https:\/\/mailchi.mp\/bayareacrisisnursery\/newsletter?dnt=1%22%20data-wplink-edit=%22true%22\" target=\"_blank\" rel=\"noopener noreferrer\"><img decoding=\"async\" src=\"https:\/\/bayareacrisisnursery.org\/wp-content\/uploads\/2022\/08\/News.jpg\" width=\"600\" height=\"400\" alt=\"Newsletter\" loading=\"lazy\"><\/a><div class=\"x-text x-text-headline e306-e52 m8i-x m8i-y\"><div class=\"x-text-content\"><div class=\"x-text-content-text\"><h3 class=\"x-text-content-text-primary\"><p><a href=\"https:\/\/mailchi.mp\/bayareacrisisnursery\/newsletter?dnt=1\" data-wplink-edit=\"true\">Inscrivez-vous pour rester en contact<\/a><\/p><\/h3>\n<\/div><\/div><\/div><\/div><\/div><\/div><\/div><\/div>","protected":false},"excerpt":{"rendered":"<p>Special Thanks to Our Sponsors!26th Annual Crab FeedJoin Us for the 26th Annual Crab Feed Extravaganza! Get ready for an unforgettable evening of community, crab, and celebration! The best little crab feed in town is back on Saturday, February 28, 2026, at Carondelet High School in Concord. This year, we&#8217;re celebrating a milestone with our 25th Annual Crab Feed, and &#8230; <a href=\"https:\/\/bayareacrisisnursery.org\/fr\/events\/crab-feed\/\" class=\"more-link\">Lire la suite<\/a><\/p>","protected":false},"author":1,"featured_media":0,"parent":302,"menu_order":0,"comment_status":"closed","ping_status":"closed","template":"template-layout-full-width.php","meta":{"om_disable_all_campaigns":false,"_monsterinsights_skip_tracking":false,"_monsterinsights_sitenote_active":false,"_monsterinsights_sitenote_note":"","_monsterinsights_sitenote_category":0,"_uf_show_specific_survey":0,"_uf_disable_surveys":false,"footnotes":""},"class_list":["post-306","page","type-page","status-publish","hentry","no-post-thumbnail"],"yoast_head":"<!-- This site is optimized with the Yoast SEO Premium plugin v27.2 (Yoast SEO v27.2) - https:\/\/yoast.com\/product\/yoast-seo-premium-wordpress\/ -->\n<title>Crab Feed<\/title>\n<meta name=\"description\" content=\"BACN&#039;s annual crab feed is an event you don&#039;t want to miss! Enjoy an all-you-can-eat crab dinner for only $60.\" \/>\n<meta name=\"robots\" content=\"index, follow, max-snippet:-1, max-image-preview:large, max-video-preview:-1\" \/>\n<link rel=\"canonical\" href=\"https:\/\/bayareacrisisnursery.org\/fr\/events\/crab-feed\/\" \/>\n<meta property=\"og:locale\" content=\"fr_FR\" \/>\n<meta property=\"og:type\" content=\"article\" \/>\n<meta property=\"og:title\" content=\"Crab Feed\" \/>\n<meta property=\"og:description\" content=\"BACN&#039;s annual crab feed is an event you don&#039;t want to miss! Enjoy an all-you-can-eat crab dinner for only $60.\" \/>\n<meta property=\"og:url\" content=\"https:\/\/bayareacrisisnursery.org\/fr\/events\/crab-feed\/\" \/>\n<meta property=\"og:site_name\" content=\"Bay Area Crisis Nursery\" \/>\n<meta property=\"article:publisher\" content=\"https:\/\/www.facebook.com\/bacnspage\/\" \/>\n<meta property=\"article:modified_time\" content=\"2026-02-12T20:32:57+00:00\" \/>\n<meta name=\"twitter:card\" content=\"summary_large_image\" \/>\n<meta name=\"twitter:site\" content=\"@bacn_nursery\" \/>\n<meta name=\"twitter:label1\" content=\"Dur\u00e9e de lecture estim\u00e9e\" \/>\n\t<meta name=\"twitter:data1\" content=\"2 minutes\" \/>\n<script type=\"application\/ld+json\" class=\"yoast-schema-graph\">{\"@context\":\"https:\/\/schema.org\",\"@graph\":[{\"@type\":\"WebPage\",\"@id\":\"https:\/\/bayareacrisisnursery.org\/events\/crab-feed\/\",\"url\":\"https:\/\/bayareacrisisnursery.org\/events\/crab-feed\/\",\"name\":\"Crab Feed\",\"isPartOf\":{\"@id\":\"https:\/\/bayareacrisisnursery.org\/#website\"},\"datePublished\":\"2021-08-17T19:14:04+00:00\",\"dateModified\":\"2026-02-12T20:32:57+00:00\",\"description\":\"BACN's annual crab feed is an event you don't want to miss! Enjoy an all-you-can-eat crab dinner for only $60.\",\"breadcrumb\":{\"@id\":\"https:\/\/bayareacrisisnursery.org\/events\/crab-feed\/#breadcrumb\"},\"inLanguage\":\"fr-FR\",\"potentialAction\":[{\"@type\":\"ReadAction\",\"target\":[\"https:\/\/bayareacrisisnursery.org\/events\/crab-feed\/\"]}]},{\"@type\":\"BreadcrumbList\",\"@id\":\"https:\/\/bayareacrisisnursery.org\/events\/crab-feed\/#breadcrumb\",\"itemListElement\":[{\"@type\":\"ListItem\",\"position\":1,\"name\":\"Home\",\"item\":\"https:\/\/bayareacrisisnursery.org\/\"},{\"@type\":\"ListItem\",\"position\":2,\"name\":\"Events\",\"item\":\"https:\/\/bayareacrisisnursery.org\/events\/\"},{\"@type\":\"ListItem\",\"position\":3,\"name\":\"Crab Feed\"}]},{\"@type\":\"WebSite\",\"@id\":\"https:\/\/bayareacrisisnursery.org\/#website\",\"url\":\"https:\/\/bayareacrisisnursery.org\/\",\"name\":\"Bay Area Crisis Nursery\",\"description\":\"A Little Heart. A Little Help. A Lot of Hope.\",\"publisher\":{\"@id\":\"https:\/\/bayareacrisisnursery.org\/#organization\"},\"potentialAction\":[{\"@type\":\"SearchAction\",\"target\":{\"@type\":\"EntryPoint\",\"urlTemplate\":\"https:\/\/bayareacrisisnursery.org\/?s={search_term_string}\"},\"query-input\":{\"@type\":\"PropertyValueSpecification\",\"valueRequired\":true,\"valueName\":\"search_term_string\"}}],\"inLanguage\":\"fr-FR\"},{\"@type\":\"Organization\",\"@id\":\"https:\/\/bayareacrisisnursery.org\/#organization\",\"name\":\"Bay Area Crisis Nursery\",\"url\":\"https:\/\/bayareacrisisnursery.org\/\",\"logo\":{\"@type\":\"ImageObject\",\"inLanguage\":\"fr-FR\",\"@id\":\"https:\/\/bayareacrisisnursery.org\/#\/schema\/logo\/image\/\",\"url\":\"https:\/\/bayareacrisisnursery.org\/wp-content\/uploads\/2020\/12\/BACN-Logo.png\",\"contentUrl\":\"https:\/\/bayareacrisisnursery.org\/wp-content\/uploads\/2020\/12\/BACN-Logo.png\",\"width\":751,\"height\":374,\"caption\":\"Bay Area Crisis Nursery\"},\"image\":{\"@id\":\"https:\/\/bayareacrisisnursery.org\/#\/schema\/logo\/image\/\"},\"sameAs\":[\"https:\/\/www.facebook.com\/bacnspage\/\",\"https:\/\/x.com\/bacn_nursery\",\"https:\/\/www.instagram.com\/bayareacrisisnursery\/\",\"https:\/\/www.linkedin.com\/company\/bay-area-crisis-nursery\/about\/\"]}]}<\/script>\n<!-- \/ Yoast SEO Premium plugin. -->","yoast_head_json":{"title":"Nourriture pour crabe","description":"BACN's annual crab feed is an event you don't want to miss! Enjoy an all-you-can-eat crab dinner for only $60.","robots":{"index":"index","follow":"follow","max-snippet":"max-snippet:-1","max-image-preview":"max-image-preview:large","max-video-preview":"max-video-preview:-1"},"canonical":"https:\/\/bayareacrisisnursery.org\/fr\/events\/crab-feed\/","og_locale":"fr_FR","og_type":"article","og_title":"Crab Feed","og_description":"BACN's annual crab feed is an event you don't want to miss! Enjoy an all-you-can-eat crab dinner for only $60.","og_url":"https:\/\/bayareacrisisnursery.org\/fr\/events\/crab-feed\/","og_site_name":"Bay Area Crisis Nursery","article_publisher":"https:\/\/www.facebook.com\/bacnspage\/","article_modified_time":"2026-02-12T20:32:57+00:00","twitter_card":"summary_large_image","twitter_site":"@bacn_nursery","twitter_misc":{"Dur\u00e9e de lecture estim\u00e9e":"2 minutes"},"schema":{"@context":"https:\/\/schema.org","@graph":[{"@type":"WebPage","@id":"https:\/\/bayareacrisisnursery.org\/events\/crab-feed\/","url":"https:\/\/bayareacrisisnursery.org\/events\/crab-feed\/","name":"Nourriture pour crabe","isPartOf":{"@id":"https:\/\/bayareacrisisnursery.org\/#website"},"datePublished":"2021-08-17T19:14:04+00:00","dateModified":"2026-02-12T20:32:57+00:00","description":"BACN's annual crab feed is an event you don't want to miss! Enjoy an all-you-can-eat crab dinner for only $60.","breadcrumb":{"@id":"https:\/\/bayareacrisisnursery.org\/events\/crab-feed\/#breadcrumb"},"inLanguage":"fr-FR","potentialAction":[{"@type":"ReadAction","target":["https:\/\/bayareacrisisnursery.org\/events\/crab-feed\/"]}]},{"@type":"BreadcrumbList","@id":"https:\/\/bayareacrisisnursery.org\/events\/crab-feed\/#breadcrumb","itemListElement":[{"@type":"ListItem","position":1,"name":"Home","item":"https:\/\/bayareacrisisnursery.org\/"},{"@type":"ListItem","position":2,"name":"Events","item":"https:\/\/bayareacrisisnursery.org\/events\/"},{"@type":"ListItem","position":3,"name":"Crab Feed"}]},{"@type":"WebSite","@id":"https:\/\/bayareacrisisnursery.org\/#website","url":"https:\/\/bayareacrisisnursery.org\/","name":"P\u00e9pini\u00e8re de crise de la r\u00e9gion de la baie","description":"Un petit coeur. Un peu d&#039;aide. Beaucoup d&#039;espoir.","publisher":{"@id":"https:\/\/bayareacrisisnursery.org\/#organization"},"potentialAction":[{"@type":"SearchAction","target":{"@type":"EntryPoint","urlTemplate":"https:\/\/bayareacrisisnursery.org\/?s={search_term_string}"},"query-input":{"@type":"PropertyValueSpecification","valueRequired":true,"valueName":"search_term_string"}}],"inLanguage":"fr-FR"},{"@type":"Organization","@id":"https:\/\/bayareacrisisnursery.org\/#organization","name":"P\u00e9pini\u00e8re de crise de la r\u00e9gion de la baie","url":"https:\/\/bayareacrisisnursery.org\/","logo":{"@type":"ImageObject","inLanguage":"fr-FR","@id":"https:\/\/bayareacrisisnursery.org\/#\/schema\/logo\/image\/","url":"https:\/\/bayareacrisisnursery.org\/wp-content\/uploads\/2020\/12\/BACN-Logo.png","contentUrl":"https:\/\/bayareacrisisnursery.org\/wp-content\/uploads\/2020\/12\/BACN-Logo.png","width":751,"height":374,"caption":"Bay Area Crisis Nursery"},"image":{"@id":"https:\/\/bayareacrisisnursery.org\/#\/schema\/logo\/image\/"},"sameAs":["https:\/\/www.facebook.com\/bacnspage\/","https:\/\/x.com\/bacn_nursery","https:\/\/www.instagram.com\/bayareacrisisnursery\/","https:\/\/www.linkedin.com\/company\/bay-area-crisis-nursery\/about\/"]}]}},"_links":{"self":[{"href":"https:\/\/bayareacrisisnursery.org\/fr\/wp-json\/wp\/v2\/pages\/306","targetHints":{"allow":["GET"]}}],"collection":[{"href":"https:\/\/bayareacrisisnursery.org\/fr\/wp-json\/wp\/v2\/pages"}],"about":[{"href":"https:\/\/bayareacrisisnursery.org\/fr\/wp-json\/wp\/v2\/types\/page"}],"author":[{"embeddable":true,"href":"https:\/\/bayareacrisisnursery.org\/fr\/wp-json\/wp\/v2\/users\/1"}],"replies":[{"embeddable":true,"href":"https:\/\/bayareacrisisnursery.org\/fr\/wp-json\/wp\/v2\/comments?post=306"}],"version-history":[{"count":19,"href":"https:\/\/bayareacrisisnursery.org\/fr\/wp-json\/wp\/v2\/pages\/306\/revisions"}],"predecessor-version":[{"id":7439,"href":"https:\/\/bayareacrisisnursery.org\/fr\/wp-json\/wp\/v2\/pages\/306\/revisions\/7439"}],"up":[{"embeddable":true,"href":"https:\/\/bayareacrisisnursery.org\/fr\/wp-json\/wp\/v2\/pages\/302"}],"wp:attachment":[{"href":"https:\/\/bayareacrisisnursery.org\/fr\/wp-json\/wp\/v2\/media?parent=306"}],"curies":[{"name":"wp","href":"https:\/\/api.w.org\/{rel}","templated":true}]}}