{"id":5408,"date":"2020-02-26T21:31:26","date_gmt":"2020-02-26T21:31:26","guid":{"rendered":"https:\/\/bayareacrisisnursery.org\/?page_id=5408"},"modified":"2026-01-30T05:34:46","modified_gmt":"2026-01-30T05:34:46","slug":"easter-baskets","status":"publish","type":"page","link":"https:\/\/bayareacrisisnursery.org\/fr\/other-ways-to-give\/easter-baskets\/","title":{"rendered":"Paniers de P\u00e2ques"},"content":{"rendered":"<div id=\"cs-content\" class=\"cs-content\"><div class=\"x-section e5408-e1 m468-0 m468-1 m468-2\"><div class=\"x-container marginless-columns e5408-e2 m468-6\"><div class=\"x-column x-sm x-1-1 e5408-e3 m468-7\"><img decoding=\"async\"  class=\"x-img x-img-none\"  src=\"https:\/\/bayareacrisisnursery.org\/wp-content\/uploads\/2022\/09\/Easter-Basket-Banner.jpg\" alt=\"Easter-Baskets\"><\/div><\/div><\/div><div class=\"x-section e5408-e5 m468-0 m468-1 m468-2\"><div class=\"x-container marginless-columns e5408-e6 m468-6\"><div class=\"x-column x-sm x-1-1 e5408-e7 m468-7\"><h2  class=\"h-custom-headline h3\" ><span>Cadeau de panier de P\u00e2ques<\/span><\/h2><\/div><\/div><div class=\"x-container marginless-columns e5408-e9 m468-6\"><\/div><\/div><div class=\"x-section e5408-e10 m468-0 m468-1 m468-2\"><div class=\"x-container marginless-columns e5408-e11 m468-6\"><div class=\"x-column x-sm x-1-1 e5408-e12 m468-7\"><div class=\"x-content-area e5408-e13 m468-8\"><p>Chaque ann\u00e9e, nous offrons aux enfants la joie d&#039;avoir un panier de P\u00e2ques sp\u00e9cial fait pour eux ! Notre objectif est de fournir un panier de P\u00e2ques \u00e0 chaque enfant qui a s\u00e9journ\u00e9 avec nous \u00e0 la cr\u00e8che, ainsi qu&#039;\u00e0 leurs fr\u00e8res et s\u0153urs jusqu&#039;\u00e0 l&#039;\u00e2ge de 12 ans. Vous pouvez aider en faisant don de paniers de P\u00e2ques bien approvisionn\u00e9s\u00a0! <strong><a href=\"tel:9256856633\">Appelez le 925.685.6633 <\/a><\/strong>ou<strong><a href=\"mailto:tessa@bayareacrisisnursery.org?subject=Easter Baskets\"> Envoyez-nous un email<\/a><\/strong> pour nous faire savoir combien de paniers vous souhaitez donner. Nous vous enverrons les noms et \u00e2ges des enfants.<\/p>\n<p><b>Un panier de P\u00e2ques complet contient :<\/b><\/p>\n<ul>\n<li>Un panier<\/li>\n<li>Herbe de P\u00e2ques<\/li>\n<li>Un lapin de P\u00e2ques en chocolat<\/li>\n<li>Bonbons emball\u00e9s<\/li>\n<li>3 articles adapt\u00e9s \u00e0 l&#039;\u00e2ge<\/li>\n<li>Petit animal en peluche ou un livre<\/li>\n<li>Le tout emball\u00e9 sous cellophane !<\/li>\n<\/ul>\n<p><b>Id\u00e9es d\u2019articles adapt\u00e9s \u00e0 l\u2019\u00e2ge\u00a0:<\/b><\/p>\n<ul>\n<li><b>Nourrissons\u2014<\/b>Hochets, gros anneaux, jouets \u00e0 presser, jouets de dentition, poup\u00e9es molles, boules textur\u00e9es et livres en vinyle et cartonn\u00e9s.<\/li>\n<\/ul>\n<ul>\n<li><b>Les tout-petits\u2014<\/b>Gobelets, bulles, bandeaux et n\u0153uds, jouets de bain, gobelets empilables, animaux en peluche, livres cartonn\u00e9s et v\u00eatements.<\/li>\n<\/ul>\n<ul>\n<li><b>Enfants d&#039;\u00e2ge pr\u00e9scolaire et maternelle\u2014<\/b>Jouet, livre cartonn\u00e9, crayons et livres \u00e0 colorier, craies de trottoir, p\u00e2te \u00e0 modeler, blocs, n\u0153uds pour les cheveux et v\u00eatements.<\/li>\n<\/ul>\n<ul>\n<li><b>\u00c2ge scolaire-<\/b>Petites voitures, trousses d&#039;art et d&#039;artisanat, articles de d\u00e9guisement, petits jeux, cordes \u00e0 sauter, livres et v\u00eatements.<\/li>\n<\/ul>\n<ul>\n<li><b>Les enfants plus \u00e2g\u00e9s-<\/b>Bijoux, petites cartes-cadeaux, montres, jeux de cartes, jeux, musique et films populaires, vaporisateurs et lotions pour le corps, ensembles de manucure, bijoux et ballons de sport.<\/li>\n<\/ul>\n<p>Il s&#039;agit d&#039;un excellent projet auquel les enfants de tous \u00e2ges peuvent participer\u00a0: rassemblez un groupe d&#039;amis, de coll\u00e8gues, de membres d&#039;\u00e9glise ou m\u00eame de scouts pour faire des achats et faire un don, ce qui constitue une mani\u00e8re amusante et significative d&#039;aider les autres. Votre aide est tr\u00e8s appr\u00e9ci\u00e9e!<\/p>\n<p><b>Heures de remise des dons<\/b><br \/><b>Mar 25 - 27, 2026| 10 am - 5 pm<br \/>Lieu : 1510 Mendocino Dr, Concord<\/b><\/p><\/div><\/div><\/div><\/div><div class=\"x-section e5408-e14 m468-0 m468-1 m468-3 m468-4\"><div class=\"x-row e5408-e15 m468-9 m468-a m468-c m468-d\"><div class=\"x-row-inner\"><div class=\"x-col e5408-e16 m468-i m468-j\"><a  class=\"x-btn x-btn-global\"  href=\"https:\/\/bayareacrisisnursery.app.neoncrm.com\/forms\/holiday-donations\" title=\"Dons de paniers de P\u00e2ques\" target=\"_blank\" rel=\"noopener noreferrer\"   data-options=\"thumbnail: ''\">Faites un don aujourd&#039;hui \u00e0 notre campagne de vacances<\/a><\/div><\/div><\/div><\/div><div class=\"x-section e5408-e18 m468-0 m468-1 m468-4\"><div class=\"x-row e5408-e19 m468-9 m468-a m468-c m468-e\"><div class=\"x-row-inner\"><div class=\"x-col e5408-e20 m468-i m468-k\"><div class=\"x-content-area e5408-e21 m468-8\"><p><div id=\"x-content-band-1\" class=\"x-content-band border-top border-left border-right border-bottom\" style=\"background-color: #efefef; color: #333;\"><div class=\"x-container max width\"> <h4  class=\"h-custom-headline h3\" style=\"margin-top: 0;\"><span>Paniers de P\u00e2ques<\/span><\/h4><\/p>\n<p>Interested in donating several Easter baskets? Just fill out the form below, letting us know how many Easter baskets you would like to put together, and we will send you the ages of the children.<\/p>\n<p><a  class=\"x-btn x-btn-flat x-btn-global\"  href=\"https:\/\/docs.google.com\/forms\/d\/e\/1FAIpQLSeTDN6JUHIIZoyTfnmnWjxy1seWQD1oEMKmQdsHzVD2nlxLZw\/viewform?usp=header\"     data-options=\"thumbnail: ''\">Sign Up to Donate!<\/a> <\/div><\/div><\/p><\/div><\/div><\/div><\/div><\/div><div class=\"x-section e5408-e22 m468-0 m468-2 m468-5\"><div class=\"x-row e5408-e23 m468-9 m468-b m468-f m468-g\"><div class=\"x-row-inner\"><div class=\"x-col e5408-e24 m468-i m468-k\"><div class=\"x-text x-text-headline e5408-e25 m468-m m468-n\"><div class=\"x-text-content\"><div class=\"x-text-content-text\"><h3 class=\"x-text-content-text-primary\">Soutenir BACN<\/h3>\n<\/div><\/div><\/div><\/div><\/div><\/div><div class=\"x-row e5408-e26 m468-9 m468-b m468-f m468-h\"><div class=\"x-row-inner\"><div class=\"x-col e5408-e27 m468-i m468-k m468-l\"><a class=\"x-image e5408-e28 m468-p\" href=\"mailto:giving@bayareacrisisnursery.org?subject=Stock%20Donations\" target=\"_blank\" rel=\"noopener noreferrer\"><img decoding=\"async\" src=\"https:\/\/bayareacrisisnursery.org\/wp-content\/uploads\/2019\/12\/Piggy-Stock.jpg\" width=\"847\" height=\"565\" alt=\"Stock Donations\" loading=\"lazy\"><\/a><div class=\"x-text x-text-headline e5408-e29 m468-n m468-o\"><div class=\"x-text-content\"><div class=\"x-text-content-text\"><h3 class=\"x-text-content-text-primary\"><p><a href=\"mailto:giving@bayareacrisisnursery.org?subject=Donating Stock\">BACN accepte les dons d&#039;actions. Courriel aujourd&#039;hui.<\/a><\/p><\/h3>\n<\/div><\/div><\/div><\/div><div class=\"x-col e5408-e30 m468-i m468-k m468-l\"><iframe loading=\"lazy\" src=\"https:\/\/doublethedonation.com\/api\/iframe\/XvD2NtEV1TSXhAQ1\" height=\"350\" width=\"100%\"><\/iframe><\/div><div class=\"x-col e5408-e32 m468-i m468-k m468-l\"><a class=\"x-image e5408-e33 m468-p m468-q\" href=\"https:\/\/bayareacrisisnursery.org\/fr\/programs\/crisis-care\/\" target=\"_blank\" rel=\"noopener noreferrer\"><img decoding=\"async\" src=\"https:\/\/bayareacrisisnursery.org\/wp-content\/uploads\/2022\/08\/News.jpg\" width=\"600\" height=\"400\" alt=\"Newsletter\" loading=\"lazy\"><\/a><div class=\"x-text x-text-headline e5408-e34 m468-n m468-o\"><div class=\"x-text-content\"><div class=\"x-text-content-text\"><h3 class=\"x-text-content-text-primary\"><p><a href=\"https:\/\/mailchi.mp\/bayareacrisisnursery\/newsletter?dnt=1\" data-wplink-edit=\"true\">Inscrivez-vous pour rester en contact<\/a><\/p><\/h3>\n<\/div><\/div><\/div><\/div><\/div><\/div><\/div><\/div>","protected":false},"excerpt":{"rendered":"<p>Cadeau de panier de P\u00e2quesChaque ann\u00e9e, nous offrons aux enfants la joie de recevoir un panier de P\u00e2ques sp\u00e9cial pr\u00e9par\u00e9 juste pour eux\u00a0! Notre objectif est de fournir un panier de P\u00e2ques \u00e0 chaque enfant ayant s\u00e9journ\u00e9 avec nous \u00e0 la cr\u00e8che, ainsi qu&#039;\u00e0 leurs fr\u00e8res et s\u0153urs jusqu&#039;\u00e0 12 ans. Vous pouvez nous aider en faisant don de paniers de P\u00e2ques bien approvisionn\u00e9s ! Appelez le 925.685.6633 ou envoyez-nous un courriel\u2026 <a href=\"https:\/\/bayareacrisisnursery.org\/fr\/other-ways-to-give\/easter-baskets\/\" class=\"more-link\">Lire la suite<\/a><\/p>","protected":false},"author":1,"featured_media":0,"parent":270,"menu_order":0,"comment_status":"closed","ping_status":"closed","template":"template-layout-full-width.php","meta":{"om_disable_all_campaigns":false,"_monsterinsights_skip_tracking":false,"_monsterinsights_sitenote_active":false,"_monsterinsights_sitenote_note":"","_monsterinsights_sitenote_category":0,"_uf_show_specific_survey":0,"_uf_disable_surveys":false,"footnotes":""},"class_list":["post-5408","page","type-page","status-publish","hentry","no-post-thumbnail"],"yoast_head":"<!-- This site is optimized with the Yoast SEO Premium plugin v27.2 (Yoast SEO v27.2) - https:\/\/yoast.com\/product\/yoast-seo-premium-wordpress\/ -->\n<title>Easter Baskets - Bay Area Crisis Nursery<\/title>\n<meta name=\"description\" content=\"BACN provides Easter baskets to children each year. You can help by donating items for the baskets! Spread a little joy this Easter!\" \/>\n<meta name=\"robots\" content=\"index, follow, max-snippet:-1, max-image-preview:large, max-video-preview:-1\" \/>\n<link rel=\"canonical\" href=\"https:\/\/bayareacrisisnursery.org\/fr\/other-ways-to-give\/easter-baskets\/\" \/>\n<meta property=\"og:locale\" content=\"fr_FR\" \/>\n<meta property=\"og:type\" content=\"article\" \/>\n<meta property=\"og:title\" content=\"Easter Baskets\" \/>\n<meta property=\"og:description\" content=\"BACN provides Easter baskets to children each year. You can help by donating items for the baskets! Spread a little joy this Easter!\" \/>\n<meta property=\"og:url\" content=\"https:\/\/bayareacrisisnursery.org\/fr\/other-ways-to-give\/easter-baskets\/\" \/>\n<meta property=\"og:site_name\" content=\"Bay Area Crisis Nursery\" \/>\n<meta property=\"article:publisher\" content=\"https:\/\/www.facebook.com\/bacnspage\/\" \/>\n<meta property=\"article:modified_time\" content=\"2026-01-30T05:34:46+00:00\" \/>\n<meta name=\"twitter:card\" content=\"summary_large_image\" \/>\n<meta name=\"twitter:site\" content=\"@bacn_nursery\" \/>\n<meta name=\"twitter:label1\" content=\"Dur\u00e9e de lecture estim\u00e9e\" \/>\n\t<meta name=\"twitter:data1\" content=\"2 minutes\" \/>\n<script type=\"application\/ld+json\" class=\"yoast-schema-graph\">{\"@context\":\"https:\/\/schema.org\",\"@graph\":[{\"@type\":\"WebPage\",\"@id\":\"https:\/\/bayareacrisisnursery.org\/other-ways-to-give\/easter-baskets\/\",\"url\":\"https:\/\/bayareacrisisnursery.org\/other-ways-to-give\/easter-baskets\/\",\"name\":\"Easter Baskets - Bay Area Crisis Nursery\",\"isPartOf\":{\"@id\":\"https:\/\/bayareacrisisnursery.org\/#website\"},\"datePublished\":\"2020-02-26T21:31:26+00:00\",\"dateModified\":\"2026-01-30T05:34:46+00:00\",\"description\":\"BACN provides Easter baskets to children each year. You can help by donating items for the baskets! Spread a little joy this Easter!\",\"breadcrumb\":{\"@id\":\"https:\/\/bayareacrisisnursery.org\/other-ways-to-give\/easter-baskets\/#breadcrumb\"},\"inLanguage\":\"fr-FR\",\"potentialAction\":[{\"@type\":\"ReadAction\",\"target\":[\"https:\/\/bayareacrisisnursery.org\/other-ways-to-give\/easter-baskets\/\"]}]},{\"@type\":\"BreadcrumbList\",\"@id\":\"https:\/\/bayareacrisisnursery.org\/other-ways-to-give\/easter-baskets\/#breadcrumb\",\"itemListElement\":[{\"@type\":\"ListItem\",\"position\":1,\"name\":\"Home\",\"item\":\"https:\/\/bayareacrisisnursery.org\/\"},{\"@type\":\"ListItem\",\"position\":2,\"name\":\"Other Ways to Give\",\"item\":\"https:\/\/bayareacrisisnursery.org\/other-ways-to-give\/\"},{\"@type\":\"ListItem\",\"position\":3,\"name\":\"Easter Baskets\"}]},{\"@type\":\"WebSite\",\"@id\":\"https:\/\/bayareacrisisnursery.org\/#website\",\"url\":\"https:\/\/bayareacrisisnursery.org\/\",\"name\":\"Bay Area Crisis Nursery\",\"description\":\"A Little Heart. A Little Help. A Lot of Hope.\",\"publisher\":{\"@id\":\"https:\/\/bayareacrisisnursery.org\/#organization\"},\"potentialAction\":[{\"@type\":\"SearchAction\",\"target\":{\"@type\":\"EntryPoint\",\"urlTemplate\":\"https:\/\/bayareacrisisnursery.org\/?s={search_term_string}\"},\"query-input\":{\"@type\":\"PropertyValueSpecification\",\"valueRequired\":true,\"valueName\":\"search_term_string\"}}],\"inLanguage\":\"fr-FR\"},{\"@type\":\"Organization\",\"@id\":\"https:\/\/bayareacrisisnursery.org\/#organization\",\"name\":\"Bay Area Crisis Nursery\",\"url\":\"https:\/\/bayareacrisisnursery.org\/\",\"logo\":{\"@type\":\"ImageObject\",\"inLanguage\":\"fr-FR\",\"@id\":\"https:\/\/bayareacrisisnursery.org\/#\/schema\/logo\/image\/\",\"url\":\"https:\/\/bayareacrisisnursery.org\/wp-content\/uploads\/2020\/12\/BACN-Logo.png\",\"contentUrl\":\"https:\/\/bayareacrisisnursery.org\/wp-content\/uploads\/2020\/12\/BACN-Logo.png\",\"width\":751,\"height\":374,\"caption\":\"Bay Area Crisis Nursery\"},\"image\":{\"@id\":\"https:\/\/bayareacrisisnursery.org\/#\/schema\/logo\/image\/\"},\"sameAs\":[\"https:\/\/www.facebook.com\/bacnspage\/\",\"https:\/\/x.com\/bacn_nursery\",\"https:\/\/www.instagram.com\/bayareacrisisnursery\/\",\"https:\/\/www.linkedin.com\/company\/bay-area-crisis-nursery\/about\/\"]}]}<\/script>\n<!-- \/ Yoast SEO Premium plugin. -->","yoast_head_json":{"title":"Easter Baskets - Bay Area Crisis Nursery","description":"BACN provides Easter baskets to children each year. You can help by donating items for the baskets! Spread a little joy this Easter!","robots":{"index":"index","follow":"follow","max-snippet":"max-snippet:-1","max-image-preview":"max-image-preview:large","max-video-preview":"max-video-preview:-1"},"canonical":"https:\/\/bayareacrisisnursery.org\/fr\/other-ways-to-give\/easter-baskets\/","og_locale":"fr_FR","og_type":"article","og_title":"Easter Baskets","og_description":"BACN provides Easter baskets to children each year. You can help by donating items for the baskets! Spread a little joy this Easter!","og_url":"https:\/\/bayareacrisisnursery.org\/fr\/other-ways-to-give\/easter-baskets\/","og_site_name":"Bay Area Crisis Nursery","article_publisher":"https:\/\/www.facebook.com\/bacnspage\/","article_modified_time":"2026-01-30T05:34:46+00:00","twitter_card":"summary_large_image","twitter_site":"@bacn_nursery","twitter_misc":{"Dur\u00e9e de lecture estim\u00e9e":"2 minutes"},"schema":{"@context":"https:\/\/schema.org","@graph":[{"@type":"WebPage","@id":"https:\/\/bayareacrisisnursery.org\/other-ways-to-give\/easter-baskets\/","url":"https:\/\/bayareacrisisnursery.org\/other-ways-to-give\/easter-baskets\/","name":"Easter Baskets - Bay Area Crisis Nursery","isPartOf":{"@id":"https:\/\/bayareacrisisnursery.org\/#website"},"datePublished":"2020-02-26T21:31:26+00:00","dateModified":"2026-01-30T05:34:46+00:00","description":"BACN provides Easter baskets to children each year. You can help by donating items for the baskets! Spread a little joy this Easter!","breadcrumb":{"@id":"https:\/\/bayareacrisisnursery.org\/other-ways-to-give\/easter-baskets\/#breadcrumb"},"inLanguage":"fr-FR","potentialAction":[{"@type":"ReadAction","target":["https:\/\/bayareacrisisnursery.org\/other-ways-to-give\/easter-baskets\/"]}]},{"@type":"BreadcrumbList","@id":"https:\/\/bayareacrisisnursery.org\/other-ways-to-give\/easter-baskets\/#breadcrumb","itemListElement":[{"@type":"ListItem","position":1,"name":"Home","item":"https:\/\/bayareacrisisnursery.org\/"},{"@type":"ListItem","position":2,"name":"Other Ways to Give","item":"https:\/\/bayareacrisisnursery.org\/other-ways-to-give\/"},{"@type":"ListItem","position":3,"name":"Easter Baskets"}]},{"@type":"WebSite","@id":"https:\/\/bayareacrisisnursery.org\/#website","url":"https:\/\/bayareacrisisnursery.org\/","name":"P\u00e9pini\u00e8re de crise de la r\u00e9gion de la baie","description":"Un petit coeur. Un peu d&#039;aide. Beaucoup d&#039;espoir.","publisher":{"@id":"https:\/\/bayareacrisisnursery.org\/#organization"},"potentialAction":[{"@type":"SearchAction","target":{"@type":"EntryPoint","urlTemplate":"https:\/\/bayareacrisisnursery.org\/?s={search_term_string}"},"query-input":{"@type":"PropertyValueSpecification","valueRequired":true,"valueName":"search_term_string"}}],"inLanguage":"fr-FR"},{"@type":"Organization","@id":"https:\/\/bayareacrisisnursery.org\/#organization","name":"P\u00e9pini\u00e8re de crise de la r\u00e9gion de la baie","url":"https:\/\/bayareacrisisnursery.org\/","logo":{"@type":"ImageObject","inLanguage":"fr-FR","@id":"https:\/\/bayareacrisisnursery.org\/#\/schema\/logo\/image\/","url":"https:\/\/bayareacrisisnursery.org\/wp-content\/uploads\/2020\/12\/BACN-Logo.png","contentUrl":"https:\/\/bayareacrisisnursery.org\/wp-content\/uploads\/2020\/12\/BACN-Logo.png","width":751,"height":374,"caption":"Bay Area Crisis Nursery"},"image":{"@id":"https:\/\/bayareacrisisnursery.org\/#\/schema\/logo\/image\/"},"sameAs":["https:\/\/www.facebook.com\/bacnspage\/","https:\/\/x.com\/bacn_nursery","https:\/\/www.instagram.com\/bayareacrisisnursery\/","https:\/\/www.linkedin.com\/company\/bay-area-crisis-nursery\/about\/"]}]}},"_links":{"self":[{"href":"https:\/\/bayareacrisisnursery.org\/fr\/wp-json\/wp\/v2\/pages\/5408","targetHints":{"allow":["GET"]}}],"collection":[{"href":"https:\/\/bayareacrisisnursery.org\/fr\/wp-json\/wp\/v2\/pages"}],"about":[{"href":"https:\/\/bayareacrisisnursery.org\/fr\/wp-json\/wp\/v2\/types\/page"}],"author":[{"embeddable":true,"href":"https:\/\/bayareacrisisnursery.org\/fr\/wp-json\/wp\/v2\/users\/1"}],"replies":[{"embeddable":true,"href":"https:\/\/bayareacrisisnursery.org\/fr\/wp-json\/wp\/v2\/comments?post=5408"}],"version-history":[{"count":13,"href":"https:\/\/bayareacrisisnursery.org\/fr\/wp-json\/wp\/v2\/pages\/5408\/revisions"}],"predecessor-version":[{"id":7431,"href":"https:\/\/bayareacrisisnursery.org\/fr\/wp-json\/wp\/v2\/pages\/5408\/revisions\/7431"}],"up":[{"embeddable":true,"href":"https:\/\/bayareacrisisnursery.org\/fr\/wp-json\/wp\/v2\/pages\/270"}],"wp:attachment":[{"href":"https:\/\/bayareacrisisnursery.org\/fr\/wp-json\/wp\/v2\/media?parent=5408"}],"curies":[{"name":"wp","href":"https:\/\/api.w.org\/{rel}","templated":true}]}}