{"id":6181,"date":"2021-09-22T05:38:43","date_gmt":"2021-09-22T05:38:43","guid":{"rendered":"https:\/\/bayareacrisisnursery.org\/?page_id=6181"},"modified":"2025-10-24T18:30:10","modified_gmt":"2025-10-24T18:30:10","slug":"fundrive-donations","status":"publish","type":"page","link":"https:\/\/bayareacrisisnursery.org\/fr\/other-ways-to-give\/fundrive-donations\/","title":{"rendered":"Dons FUNDrive"},"content":{"rendered":"<div id=\"cs-content\" class=\"cs-content\"><div class=\"x-section e6181-e1 m4rp-0 m4rp-1\"><div class=\"x-container marginless-columns e6181-e2 m4rp-3\"><div class=\"x-column x-sm x-1-1 e6181-e3 m4rp-4 m4rp-5\"><img decoding=\"async\"  class=\"x-img x-img-none\"  src=\"https:\/\/bayareacrisisnursery.org\/wp-content\/uploads\/2022\/09\/Fundrive-Banner.jpg\" alt=\"FunDrive\"><\/div><\/div><\/div><div class=\"x-section e6181-e5 m4rp-0 m4rp-1\"><div class=\"x-container marginless-columns e6181-e6 m4rp-3\"><div class=\"x-column x-sm x-1-1 e6181-e7 m4rp-4 m4rp-5\"><h2  class=\"h-custom-headline h3\" ><span>Nettoyez vos placards pour la p\u00e9pini\u00e8re de crise de la r\u00e9gion de la baie\u00a0!<\/span><\/h2><\/div><\/div><div class=\"x-container marginless-columns e6181-e9 m4rp-3\"><div class=\"x-column x-sm x-1-1 e6181-e10 m4rp-4 m4rp-5\"><div class=\"x-content-area e6181-e11 m4rp-7\"><p>Sometimes we hold fundraisers and sometimes fun-drives! Join the Fun-Drive Frenzy for BACN!<br \/><br \/>It&rsquo;s time to clear out your closets and make a difference with our latest event! Join us for a fantastic Fun-Drive where you can declutter before the holidays and support BACN at the same time.<br \/><br \/>We're aiming high&mdash;our goal is to collect 1,000 large 45-gallon plastic bags filled with gently used clothing, textiles, stuffed animals, soft goods, books, and household items. Here&rsquo;s how it works: You fill up your bags with clean, sellable items, drop them off on the scheduled dates, and we&rsquo;ll handle the rest. These donations will be sold at a thrift store, with all proceeds going to BACN.<br \/><br \/>Help us hit our goal and make a big impact! Gather your items, drop them off, and be part of something great. Let&rsquo;s make this Fun-Drive a smashing success together!<\/p>\n<p>Please gather your clothes and household textiles in bags and bring household items in boxes. All items must be clean and in sellable condition. We can&rsquo;t accept any other types of items.<\/p>\n<p><b>Heures de remise des dons<br \/>Dates: Nov 8, 2025 | 10 am - 1 pm<br \/>Lieu : 1512 Mendocino Dr, Concord<\/b><\/p><\/div><\/div><\/div><div class=\"x-content-area e6181-e12 m4rp-7\"><p><div id=\"x-content-band-1\" class=\"x-content-band border-top border-left border-right border-bottom\" style=\"background-color: #efefef; color: #333;\"><div class=\"x-container max width\"> <h4  class=\"h-custom-headline h3\" style=\"margin-top: 0;\"><span>nous collectons<\/span><\/h4><\/p>\n<p><b>V\u00eatements- <\/b>V\u00eatements pour hommes, femmes et enfants, manteaux, chaussures, foulards, sacs \u00e0 main, portefeuilles, accessoires de mode, cravates, ceintures, sacs \u00e0 dos, etc.<br \/><br \/><b>Textiles m\u00e9nagers- <\/b>Literie, couettes, couvertures, draps, serviettes, linge de maison, nappes, rideaux, oreillers, peluches, etc.<\/p>\n<p><\/div><\/div><\/p><\/div><\/div><div class=\"x-section e6181-e13 m4rp-0 m4rp-1\"><div class=\"x-container marginless-columns e6181-e14 m4rp-3\"><div class=\"x-column x-sm x-1-1 e6181-e15 m4rp-4 m4rp-6\"><div class=\"x-section e6181-e16 m4rp-0 m4rp-2\"><div class=\"x-row e6181-e17 m4rp-8 m4rp-9 m4rp-a\"><div class=\"x-row-inner\"><div class=\"x-col e6181-e18 m4rp-c\"><div class=\"x-text x-text-headline e6181-e19 m4rp-e m4rp-f\"><div class=\"x-text-content\"><div class=\"x-text-content-text\"><h3 class=\"x-text-content-text-primary\">Soutenir BACN<\/h3>\n<\/div><\/div><\/div><\/div><\/div><\/div><div class=\"x-row e6181-e20 m4rp-8 m4rp-9 m4rp-b\"><div class=\"x-row-inner\"><div class=\"x-col e6181-e21 m4rp-c m4rp-d\"><a class=\"x-image e6181-e22 m4rp-h\" href=\"mailto:giving@bayareacrisisnursery.org?subject=Stock%20Donations\" target=\"_blank\" rel=\"noopener noreferrer\"><img decoding=\"async\" src=\"https:\/\/bayareacrisisnursery.org\/wp-content\/uploads\/2019\/12\/Piggy-Stock.jpg\" width=\"847\" height=\"565\" alt=\"Stock Donations\" loading=\"lazy\"><\/a><div class=\"x-text x-text-headline e6181-e23 m4rp-f m4rp-g\"><div class=\"x-text-content\"><div class=\"x-text-content-text\"><h3 class=\"x-text-content-text-primary\"><p><a href=\"mailto:giving@bayareacrisisnursery.org?subject=Donating Stock\">BACN accepte les dons d&#039;actions. Courriel aujourd&#039;hui.<\/a><\/p><\/h3>\n<\/div><\/div><\/div><\/div><div class=\"x-col e6181-e24 m4rp-c m4rp-d\"><iframe loading=\"lazy\" src=\"https:\/\/doublethedonation.com\/api\/iframe\/XvD2NtEV1TSXhAQ1\" height=\"350\" width=\"100%\"><\/iframe><\/div><div class=\"x-col e6181-e26 m4rp-c m4rp-d\"><a class=\"x-image e6181-e27 m4rp-h m4rp-i\" href=\"https:\/\/mailchi.mp\/bayareacrisisnursery\/newsletter?dnt=1%22%20data-wplink-edit=%22true%22\" target=\"_blank\" rel=\"noopener noreferrer\"><img decoding=\"async\" src=\"https:\/\/bayareacrisisnursery.org\/wp-content\/uploads\/2022\/08\/News.jpg\" width=\"600\" height=\"400\" alt=\"Newsletter\" loading=\"lazy\"><\/a><div class=\"x-text x-text-headline e6181-e28 m4rp-f m4rp-g\"><div class=\"x-text-content\"><div class=\"x-text-content-text\"><h3 class=\"x-text-content-text-primary\"><p><a href=\"https:\/\/mailchi.mp\/bayareacrisisnursery\/newsletter?dnt=1\" data-wplink-edit=\"true\">Inscrivez-vous pour rester en contact<\/a><\/p><\/h3>\n<\/div><\/div><\/div><\/div><\/div><\/div><\/div><\/div><\/div><\/div><\/div>","protected":false},"excerpt":{"rendered":"<p>Clean out your closets for the Bay Area Crisis Nursery!Sometimes we hold fundraisers and sometimes fun-drives! Join the Fun-Drive Frenzy for BACN!It&rsquo;s time to clear out your closets and make a difference with our latest event! Join us for a fantastic Fun-Drive where you can declutter before the holidays and support BACN at the same time.We&#8217;re aiming high&mdash;our goal is &#8230; <a href=\"https:\/\/bayareacrisisnursery.org\/fr\/other-ways-to-give\/fundrive-donations\/\" class=\"more-link\">Lire la suite<\/a><\/p>","protected":false},"author":1,"featured_media":0,"parent":270,"menu_order":0,"comment_status":"closed","ping_status":"closed","template":"template-layout-full-width.php","meta":{"om_disable_all_campaigns":false,"_monsterinsights_skip_tracking":false,"_monsterinsights_sitenote_active":false,"_monsterinsights_sitenote_note":"","_monsterinsights_sitenote_category":0,"_uf_show_specific_survey":0,"_uf_disable_surveys":false,"footnotes":""},"class_list":["post-6181","page","type-page","status-publish","hentry","no-post-thumbnail"],"yoast_head":"<!-- This site is optimized with the Yoast SEO Premium plugin v27.2 (Yoast SEO v27.2) - https:\/\/yoast.com\/product\/yoast-seo-premium-wordpress\/ -->\n<title>FUNDrive Donations - Bay Area Crisis Nursery<\/title>\n<meta name=\"description\" content=\"Clean out your closets for the Bay Area Crisis Nursery! We are collecting clothing and textile items. You drop off and we earn donations!\" \/>\n<meta name=\"robots\" content=\"index, follow, max-snippet:-1, max-image-preview:large, max-video-preview:-1\" \/>\n<link rel=\"canonical\" href=\"https:\/\/bayareacrisisnursery.org\/fr\/other-ways-to-give\/fundrive-donations\/\" \/>\n<meta property=\"og:locale\" content=\"fr_FR\" \/>\n<meta property=\"og:type\" content=\"article\" \/>\n<meta property=\"og:title\" content=\"FUNDrive Donations\" \/>\n<meta property=\"og:description\" content=\"Clean out your closets for the Bay Area Crisis Nursery! We are collecting clothing and textile items. You drop off and we earn donations!\" \/>\n<meta property=\"og:url\" content=\"https:\/\/bayareacrisisnursery.org\/fr\/other-ways-to-give\/fundrive-donations\/\" \/>\n<meta property=\"og:site_name\" content=\"Bay Area Crisis Nursery\" \/>\n<meta property=\"article:publisher\" content=\"https:\/\/www.facebook.com\/bacnspage\/\" \/>\n<meta property=\"article:modified_time\" content=\"2025-10-24T18:30:10+00:00\" \/>\n<meta name=\"twitter:card\" content=\"summary_large_image\" \/>\n<meta name=\"twitter:site\" content=\"@bacn_nursery\" \/>\n<meta name=\"twitter:label1\" content=\"Dur\u00e9e de lecture estim\u00e9e\" \/>\n\t<meta name=\"twitter:data1\" content=\"2 minutes\" \/>\n<script type=\"application\/ld+json\" class=\"yoast-schema-graph\">{\"@context\":\"https:\/\/schema.org\",\"@graph\":[{\"@type\":\"WebPage\",\"@id\":\"https:\/\/bayareacrisisnursery.org\/other-ways-to-give\/fundrive-donations\/\",\"url\":\"https:\/\/bayareacrisisnursery.org\/other-ways-to-give\/fundrive-donations\/\",\"name\":\"FUNDrive Donations - Bay Area Crisis Nursery\",\"isPartOf\":{\"@id\":\"https:\/\/bayareacrisisnursery.org\/#website\"},\"datePublished\":\"2021-09-22T05:38:43+00:00\",\"dateModified\":\"2025-10-24T18:30:10+00:00\",\"description\":\"Clean out your closets for the Bay Area Crisis Nursery! We are collecting clothing and textile items. You drop off and we earn donations!\",\"breadcrumb\":{\"@id\":\"https:\/\/bayareacrisisnursery.org\/other-ways-to-give\/fundrive-donations\/#breadcrumb\"},\"inLanguage\":\"fr-FR\",\"potentialAction\":[{\"@type\":\"ReadAction\",\"target\":[\"https:\/\/bayareacrisisnursery.org\/other-ways-to-give\/fundrive-donations\/\"]}]},{\"@type\":\"BreadcrumbList\",\"@id\":\"https:\/\/bayareacrisisnursery.org\/other-ways-to-give\/fundrive-donations\/#breadcrumb\",\"itemListElement\":[{\"@type\":\"ListItem\",\"position\":1,\"name\":\"Home\",\"item\":\"https:\/\/bayareacrisisnursery.org\/\"},{\"@type\":\"ListItem\",\"position\":2,\"name\":\"Other Ways to Give\",\"item\":\"https:\/\/bayareacrisisnursery.org\/other-ways-to-give\/\"},{\"@type\":\"ListItem\",\"position\":3,\"name\":\"FUNDrive Donations\"}]},{\"@type\":\"WebSite\",\"@id\":\"https:\/\/bayareacrisisnursery.org\/#website\",\"url\":\"https:\/\/bayareacrisisnursery.org\/\",\"name\":\"Bay Area Crisis Nursery\",\"description\":\"A Little Heart. A Little Help. A Lot of Hope.\",\"publisher\":{\"@id\":\"https:\/\/bayareacrisisnursery.org\/#organization\"},\"potentialAction\":[{\"@type\":\"SearchAction\",\"target\":{\"@type\":\"EntryPoint\",\"urlTemplate\":\"https:\/\/bayareacrisisnursery.org\/?s={search_term_string}\"},\"query-input\":{\"@type\":\"PropertyValueSpecification\",\"valueRequired\":true,\"valueName\":\"search_term_string\"}}],\"inLanguage\":\"fr-FR\"},{\"@type\":\"Organization\",\"@id\":\"https:\/\/bayareacrisisnursery.org\/#organization\",\"name\":\"Bay Area Crisis Nursery\",\"url\":\"https:\/\/bayareacrisisnursery.org\/\",\"logo\":{\"@type\":\"ImageObject\",\"inLanguage\":\"fr-FR\",\"@id\":\"https:\/\/bayareacrisisnursery.org\/#\/schema\/logo\/image\/\",\"url\":\"https:\/\/bayareacrisisnursery.org\/wp-content\/uploads\/2020\/12\/BACN-Logo.png\",\"contentUrl\":\"https:\/\/bayareacrisisnursery.org\/wp-content\/uploads\/2020\/12\/BACN-Logo.png\",\"width\":751,\"height\":374,\"caption\":\"Bay Area Crisis Nursery\"},\"image\":{\"@id\":\"https:\/\/bayareacrisisnursery.org\/#\/schema\/logo\/image\/\"},\"sameAs\":[\"https:\/\/www.facebook.com\/bacnspage\/\",\"https:\/\/x.com\/bacn_nursery\",\"https:\/\/www.instagram.com\/bayareacrisisnursery\/\",\"https:\/\/www.linkedin.com\/company\/bay-area-crisis-nursery\/about\/\"]}]}<\/script>\n<!-- \/ Yoast SEO Premium plugin. -->","yoast_head_json":{"title":"FUNDrive Donations - Bay Area Crisis Nursery","description":"Clean out your closets for the Bay Area Crisis Nursery! We are collecting clothing and textile items. You drop off and we earn donations!","robots":{"index":"index","follow":"follow","max-snippet":"max-snippet:-1","max-image-preview":"max-image-preview:large","max-video-preview":"max-video-preview:-1"},"canonical":"https:\/\/bayareacrisisnursery.org\/fr\/other-ways-to-give\/fundrive-donations\/","og_locale":"fr_FR","og_type":"article","og_title":"FUNDrive Donations","og_description":"Clean out your closets for the Bay Area Crisis Nursery! We are collecting clothing and textile items. You drop off and we earn donations!","og_url":"https:\/\/bayareacrisisnursery.org\/fr\/other-ways-to-give\/fundrive-donations\/","og_site_name":"Bay Area Crisis Nursery","article_publisher":"https:\/\/www.facebook.com\/bacnspage\/","article_modified_time":"2025-10-24T18:30:10+00:00","twitter_card":"summary_large_image","twitter_site":"@bacn_nursery","twitter_misc":{"Dur\u00e9e de lecture estim\u00e9e":"2 minutes"},"schema":{"@context":"https:\/\/schema.org","@graph":[{"@type":"WebPage","@id":"https:\/\/bayareacrisisnursery.org\/other-ways-to-give\/fundrive-donations\/","url":"https:\/\/bayareacrisisnursery.org\/other-ways-to-give\/fundrive-donations\/","name":"FUNDrive Donations - Bay Area Crisis Nursery","isPartOf":{"@id":"https:\/\/bayareacrisisnursery.org\/#website"},"datePublished":"2021-09-22T05:38:43+00:00","dateModified":"2025-10-24T18:30:10+00:00","description":"Clean out your closets for the Bay Area Crisis Nursery! We are collecting clothing and textile items. You drop off and we earn donations!","breadcrumb":{"@id":"https:\/\/bayareacrisisnursery.org\/other-ways-to-give\/fundrive-donations\/#breadcrumb"},"inLanguage":"fr-FR","potentialAction":[{"@type":"ReadAction","target":["https:\/\/bayareacrisisnursery.org\/other-ways-to-give\/fundrive-donations\/"]}]},{"@type":"BreadcrumbList","@id":"https:\/\/bayareacrisisnursery.org\/other-ways-to-give\/fundrive-donations\/#breadcrumb","itemListElement":[{"@type":"ListItem","position":1,"name":"Home","item":"https:\/\/bayareacrisisnursery.org\/"},{"@type":"ListItem","position":2,"name":"Other Ways to Give","item":"https:\/\/bayareacrisisnursery.org\/other-ways-to-give\/"},{"@type":"ListItem","position":3,"name":"FUNDrive Donations"}]},{"@type":"WebSite","@id":"https:\/\/bayareacrisisnursery.org\/#website","url":"https:\/\/bayareacrisisnursery.org\/","name":"P\u00e9pini\u00e8re de crise de la r\u00e9gion de la baie","description":"Un petit coeur. Un peu d&#039;aide. Beaucoup d&#039;espoir.","publisher":{"@id":"https:\/\/bayareacrisisnursery.org\/#organization"},"potentialAction":[{"@type":"SearchAction","target":{"@type":"EntryPoint","urlTemplate":"https:\/\/bayareacrisisnursery.org\/?s={search_term_string}"},"query-input":{"@type":"PropertyValueSpecification","valueRequired":true,"valueName":"search_term_string"}}],"inLanguage":"fr-FR"},{"@type":"Organization","@id":"https:\/\/bayareacrisisnursery.org\/#organization","name":"P\u00e9pini\u00e8re de crise de la r\u00e9gion de la baie","url":"https:\/\/bayareacrisisnursery.org\/","logo":{"@type":"ImageObject","inLanguage":"fr-FR","@id":"https:\/\/bayareacrisisnursery.org\/#\/schema\/logo\/image\/","url":"https:\/\/bayareacrisisnursery.org\/wp-content\/uploads\/2020\/12\/BACN-Logo.png","contentUrl":"https:\/\/bayareacrisisnursery.org\/wp-content\/uploads\/2020\/12\/BACN-Logo.png","width":751,"height":374,"caption":"Bay Area Crisis Nursery"},"image":{"@id":"https:\/\/bayareacrisisnursery.org\/#\/schema\/logo\/image\/"},"sameAs":["https:\/\/www.facebook.com\/bacnspage\/","https:\/\/x.com\/bacn_nursery","https:\/\/www.instagram.com\/bayareacrisisnursery\/","https:\/\/www.linkedin.com\/company\/bay-area-crisis-nursery\/about\/"]}]}},"_links":{"self":[{"href":"https:\/\/bayareacrisisnursery.org\/fr\/wp-json\/wp\/v2\/pages\/6181","targetHints":{"allow":["GET"]}}],"collection":[{"href":"https:\/\/bayareacrisisnursery.org\/fr\/wp-json\/wp\/v2\/pages"}],"about":[{"href":"https:\/\/bayareacrisisnursery.org\/fr\/wp-json\/wp\/v2\/types\/page"}],"author":[{"embeddable":true,"href":"https:\/\/bayareacrisisnursery.org\/fr\/wp-json\/wp\/v2\/users\/1"}],"replies":[{"embeddable":true,"href":"https:\/\/bayareacrisisnursery.org\/fr\/wp-json\/wp\/v2\/comments?post=6181"}],"version-history":[{"count":16,"href":"https:\/\/bayareacrisisnursery.org\/fr\/wp-json\/wp\/v2\/pages\/6181\/revisions"}],"predecessor-version":[{"id":7392,"href":"https:\/\/bayareacrisisnursery.org\/fr\/wp-json\/wp\/v2\/pages\/6181\/revisions\/7392"}],"up":[{"embeddable":true,"href":"https:\/\/bayareacrisisnursery.org\/fr\/wp-json\/wp\/v2\/pages\/270"}],"wp:attachment":[{"href":"https:\/\/bayareacrisisnursery.org\/fr\/wp-json\/wp\/v2\/media?parent=6181"}],"curies":[{"name":"wp","href":"https:\/\/api.w.org\/{rel}","templated":true}]}}