{"id":6466,"date":"2022-08-23T21:42:40","date_gmt":"2022-08-23T21:42:40","guid":{"rendered":"https:\/\/bayareacrisisnursery.org\/?page_id=6466"},"modified":"2025-03-20T21:21:33","modified_gmt":"2025-03-20T21:21:33","slug":"respite-care","status":"publish","type":"page","link":"https:\/\/bayareacrisisnursery.org\/fr\/programs\/respite-care\/","title":{"rendered":"Soins de rel\u00e8ve"},"content":{"rendered":"<div id=\"cs-content\" class=\"cs-content\"><div class=\"x-section e6466-e1 m4zm-0 m4zm-1 m4zm-2 m4zm-3\"><div class=\"x-row e6466-e2 m4zm-8 m4zm-a m4zm-b\"><div class=\"x-row-inner\"><div class=\"x-col e6466-e3 m4zm-i m4zm-j\"><span class=\"x-image e6466-e4 m4zm-n m4zm-o\"><img decoding=\"async\" src=\"https:\/\/bayareacrisisnursery.org\/wp-content\/uploads\/2022\/08\/Respite-Care-Child.png\" width=\"1200\" height=\"400\" alt=\"Respite Care\" loading=\"lazy\"><\/span><\/div><\/div><\/div><\/div><div class=\"x-section e6466-e5 m4zm-0 m4zm-3 m4zm-4 m4zm-5\"><div class=\"x-row e6466-e6 m4zm-8 m4zm-9 m4zm-a m4zm-c\"><div class=\"x-row-inner\"><div class=\"x-col e6466-e7 m4zm-i m4zm-j m4zm-k\"><blockquote class=\"x-quote e6466-e8 m4zm-r\"><div class=\"x-quote-content\"><div class=\"x-quote-text\">Mes enfants ont grandi en allant \u00e0 la cr\u00e8che. Cet endroit a \u00e9t\u00e9 une b\u00e9n\u00e9diction pour ma famille. Ils sont tr\u00e8s affectueux. Ils ont fourni des pauses aux familles, c&#039;est comme avoir une nounou de garde.<\/div><footer class=\"x-quote-cite\"><span class=\"x-quote-cite-text\">Shanell<\/span><\/footer><\/div><\/blockquote><\/div><div class=\"x-col e6466-e9 m4zm-i m4zm-j\"><i class=\"x-icon e6466-e10 m4zm-s\" aria-hidden=\"true\" data-x-icon-l=\"&#xf77c;\"><\/i><div class=\"x-text x-content e6466-e11 m4zm-t\">Les enfants peuvent rester 24 \u00e0 72 heures par mois.<\/div><\/div><div class=\"x-col e6466-e12 m4zm-i m4zm-j m4zm-k\"><blockquote class=\"x-quote e6466-e13 m4zm-r\"><div class=\"x-quote-content\"><div class=\"x-quote-text\">J&#039;ai utilis\u00e9 ce service incroyable pour la premi\u00e8re fois l&#039;autre jour. Ils m&#039;ont donn\u00e9 une pause bien m\u00e9rit\u00e9e. Ma petite s&#039;est tellement amus\u00e9e qu&#039;elle ne voulait pas quitter ses nouveaux amis. Des gens adorables y travaillent. Je suis tellement content d&#039;avoir essay\u00e9 \u00e7a. Une aubaine absolue.<\/div><footer class=\"x-quote-cite\"><span class=\"x-quote-cite-text\">R\u00e9gi<\/span><\/footer><\/div><\/blockquote><\/div><\/div><\/div><\/div><div class=\"x-section e6466-e14 m4zm-0 m4zm-1 m4zm-3 m4zm-6\"><div class=\"x-row e6466-e15 m4zm-8 m4zm-a m4zm-d\"><div class=\"x-row-inner\"><div class=\"x-col e6466-e16 m4zm-i m4zm-j\"><hr class=\"x-line e6466-e17 m4zm-u\"\/><\/div><\/div><\/div><\/div><div class=\"x-section e6466-e18 m4zm-0 m4zm-1 m4zm-3 m4zm-6\"><div class=\"x-row e6466-e19 m4zm-8 m4zm-a m4zm-e\"><div class=\"x-row-inner\"><div class=\"x-col e6466-e20 m4zm-i m4zm-l\"><p>Les soins de rel\u00e8ve sont des soins de courte dur\u00e9e pour les enfants qui offrent aux parents et aux soignants du temps pour se reposer, se d\u00e9tendre et subvenir \u00e0 leurs propres besoins. La Bay Area Crisis Nursery propose des visites mensuelles de soins de rel\u00e8ve allant de 24 heures \u00e0 3 jours. Les familles peuvent programmer une visite un mois \u00e0 l&#039;avance. Les familles peuvent \u00e9galement planifier une visite d&#039;une journ\u00e9e gr\u00e2ce \u00e0 notre programme de services de garde d&#039;urgence. <\/p>\n\n\u00c9lever de jeunes enfants apporte beaucoup de joie, mais cela peut aussi \u00eatre difficile et parfois \u00e9puisant. La parentalit\u00e9 est non-stop. De nombreux parents mettent de c\u00f4t\u00e9 leur propre sant\u00e9 mentale et leurs besoins physiques, leurs amis et leurs int\u00e9r\u00eats pour se concentrer sur leurs enfants. On oublie \u00e0 quel point il est important de prendre soin de soi. Les soins de rel\u00e8ve donnent aux parents et aux tuteurs du temps pour eux-m\u00eames. Ces courtes pauses peuvent signifier aller \u00e0 un rendez-vous chez le m\u00e9decin, sortir avec des amis, avoir du temps pour se reposer et se d\u00e9tendre ou faire quelque chose rien que pour vous.<\/p>\n\nLes soins de rel\u00e8ve sont particuli\u00e8rement importants pour les familles qui s&#039;occupent d&#039;enfants ayant des troubles du d\u00e9veloppement et des probl\u00e8mes de comportement. Nous accueillons des enfants depuis plus de 40 ans. Notre personnel de garde d&#039;enfants a beaucoup d&#039;exp\u00e9rience de travail avec les enfants qui ont des besoins sp\u00e9ciaux. Vous pouvez compter sur nous pour offrir les meilleurs soins \u00e0 votre enfant. Les soins de rel\u00e8ve sont particuli\u00e8rement importants pour les familles qui s&#039;occupent d&#039;enfants ayant des troubles du d\u00e9veloppement et des probl\u00e8mes de comportement.<\/p>\n\n<p>Pour planifier une visite de soins de rel\u00e8ve, <b><a href=\"tel:925-685-6633\">Appelez s&#039;il vous pla\u00eet<\/a><\/b> la maternit\u00e9. Nous sommes disponibles 24h\/24.<\/p>\n\nGr\u00e2ce \u00e0 plusieurs partenariats et financements priv\u00e9s, la Cr\u00e8che peut offrir un service de garde d&#039;urgence gratuit pour les familles \u00e0 faible revenu. Le financement est assur\u00e9 en partie par le comt\u00e9 de Contra Costa, la ville d&#039;Antioche, la ville de Concord et le Keller Canyon Mitigation Fund. <\/p><\/div><\/div><\/div><\/div><div class=\"x-section e6466-e22 m4zm-0 m4zm-1 m4zm-3 m4zm-6\"><div class=\"x-row e6466-e23 m4zm-8 m4zm-a m4zm-f\"><div class=\"x-row-inner\"><div class=\"x-col e6466-e24 m4zm-i m4zm-j\"><div id=\"x-content-band-1\" class=\"x-content-band border-top border-left border-right border-bottom\" style=\"background-color: #efefef; color: #333;\"><div class=\"x-container max width\"> \n\n<h4  class=\"h-custom-headline h3\" style=\"margin-top: 0;\"><span>Planifier une visite<\/span><\/h4><\/p>\n\nLes familles sont invit\u00e9es \u00e0 planifier une visite de la garderie, \u00e0 rencontrer notre personnel et \u00e0 voir o\u00f9 vos enfants s\u00e9journeront.<\/p>\n\n<p><a  class=\"x-btn x-btn-flat x-btn-global\"  href=\"mailto:gina@bayareacrisisnursery.org&subject=Parent Tour of the Nursery\"     data-options=\"thumbnail: ''\">Planifier aujourd&#039;hui<\/a> <\/div><\/div><\/div><\/div><\/div><\/div><div class=\"x-section e6466-e26 m4zm-0 m4zm-4 m4zm-7\"><div class=\"x-row e6466-e27 m4zm-8 m4zm-9 m4zm-a m4zm-g\"><div class=\"x-row-inner\"><div class=\"x-col e6466-e28 m4zm-i m4zm-j\"><div class=\"x-text x-text-headline e6466-e29 m4zm-v m4zm-w\"><div class=\"x-text-content\"><div class=\"x-text-content-text\"><h3 class=\"x-text-content-text-primary\">Soutenir BACN<\/h3>\n<\/div><\/div><\/div><\/div><\/div><\/div><div class=\"x-row e6466-e30 m4zm-8 m4zm-9 m4zm-a m4zm-h\"><div class=\"x-row-inner\"><div class=\"x-col e6466-e31 m4zm-i m4zm-j m4zm-m\"><a class=\"x-image e6466-e32 m4zm-n m4zm-p\" href=\"https:\/\/bayareacrisisnursery.app.neoncrm.com\/forms\/donate\" target=\"_blank\" rel=\"noopener noreferrer\"><img decoding=\"async\" src=\"https:\/\/bayareacrisisnursery.org\/wp-content\/uploads\/2022\/08\/Piggy-Bank.jpg\" width=\"600\" height=\"400\" alt=\"Donate Today\" loading=\"lazy\"><\/a><div class=\"x-text x-text-headline e6466-e33 m4zm-w m4zm-x\"><div class=\"x-text-content\"><div class=\"x-text-content-text\"><h3 class=\"x-text-content-text-primary\"><a href=\"https:\/\/bayareacrisisnursery.app.neoncrm.com\/forms\/donate\" data-wplink-edit=\"true\">Faites un don aujourd&#039;hui\u00a0!<\/a><\/h3>\n<\/div><\/div><\/div><\/div><div class=\"x-col e6466-e34 m4zm-i m4zm-j m4zm-m\"><a class=\"x-image e6466-e35 m4zm-n m4zm-p m4zm-q\" href=\"https:\/\/mailchi.mp\/bayareacrisisnursery\/newsletter?dnt=1%22%20data-wplink-edit=%22true%22\" target=\"_blank\" rel=\"noopener noreferrer\"><img decoding=\"async\" src=\"https:\/\/bayareacrisisnursery.org\/wp-content\/uploads\/2022\/08\/News.jpg\" width=\"600\" height=\"400\" alt=\"Newsletter\" loading=\"lazy\"><\/a><div class=\"x-text x-text-headline e6466-e36 m4zm-w m4zm-x\"><div class=\"x-text-content\"><div class=\"x-text-content-text\"><h3 class=\"x-text-content-text-primary\"><p><a href=\"https:\/\/mailchi.mp\/bayareacrisisnursery\/newsletter?dnt=1\" data-wplink-edit=\"true\">Inscrivez-vous pour rester en contact<\/a><\/p><\/h3>\n<\/div><\/div><\/div><\/div><\/div><\/div><\/div><\/div>","protected":false},"excerpt":{"rendered":"<p>Mes enfants ont grandi en allant \u00e0 la cr\u00e8che. Cet endroit a \u00e9t\u00e9 une b\u00e9n\u00e9diction pour ma famille. Ils sont tr\u00e8s affectueux. Ils ont fourni des pauses aux familles, c&#039;est comme avoir une nounou de garde.ShanellLes enfants peuvent rester de 24 \u00e0 72 heures par mois.J&#039;ai utilis\u00e9 ce service incroyable pour la premi\u00e8re fois l&#039;autre jour. Ils m&#039;ont donn\u00e9 une pause bien m\u00e9rit\u00e9e. Mon gamin avait tellement\u2026 <a href=\"https:\/\/bayareacrisisnursery.org\/fr\/programs\/respite-care\/\" class=\"more-link\">Lire la suite<\/a><\/p>","protected":false},"author":1,"featured_media":0,"parent":186,"menu_order":3,"comment_status":"closed","ping_status":"closed","template":"template-layout-full-width.php","meta":{"om_disable_all_campaigns":false,"_monsterinsights_skip_tracking":false,"_monsterinsights_sitenote_active":false,"_monsterinsights_sitenote_note":"","_monsterinsights_sitenote_category":0,"_uf_show_specific_survey":0,"_uf_disable_surveys":false,"footnotes":""},"class_list":["post-6466","page","type-page","status-publish","hentry","no-post-thumbnail"],"yoast_head":"<!-- This site is optimized with the Yoast SEO Premium plugin v27.2 (Yoast SEO v27.2) - https:\/\/yoast.com\/product\/yoast-seo-premium-wordpress\/ -->\n<title>Respite Care- Bay Area Crisis Nursery<\/title>\n<meta name=\"description\" content=\"The Bay Area Crisis Nursery&#039;s Respite Care program provides short-term free childcare for children so parents can take a break.\" \/>\n<meta name=\"robots\" content=\"index, follow, max-snippet:-1, max-image-preview:large, max-video-preview:-1\" \/>\n<link rel=\"canonical\" href=\"https:\/\/bayareacrisisnursery.org\/fr\/programs\/respite-care\/\" \/>\n<meta property=\"og:locale\" content=\"fr_FR\" \/>\n<meta property=\"og:type\" content=\"article\" \/>\n<meta property=\"og:title\" content=\"Respite Care\" \/>\n<meta property=\"og:description\" content=\"The Bay Area Crisis Nursery&#039;s Respite Care program provides short-term free childcare for children so parents can take a break.\" \/>\n<meta property=\"og:url\" content=\"https:\/\/bayareacrisisnursery.org\/fr\/programs\/respite-care\/\" \/>\n<meta property=\"og:site_name\" content=\"Bay Area Crisis Nursery\" \/>\n<meta property=\"article:publisher\" content=\"https:\/\/www.facebook.com\/bacnspage\/\" \/>\n<meta property=\"article:modified_time\" content=\"2025-03-20T21:21:33+00:00\" \/>\n<meta name=\"twitter:card\" content=\"summary_large_image\" \/>\n<meta name=\"twitter:site\" content=\"@bacn_nursery\" \/>\n<meta name=\"twitter:label1\" content=\"Dur\u00e9e de lecture estim\u00e9e\" \/>\n\t<meta name=\"twitter:data1\" content=\"3 minutes\" \/>\n<script type=\"application\/ld+json\" class=\"yoast-schema-graph\">{\"@context\":\"https:\/\/schema.org\",\"@graph\":[{\"@type\":\"WebPage\",\"@id\":\"https:\/\/bayareacrisisnursery.org\/programs\/respite-care\/\",\"url\":\"https:\/\/bayareacrisisnursery.org\/programs\/respite-care\/\",\"name\":\"Respite Care- Bay Area Crisis Nursery\",\"isPartOf\":{\"@id\":\"https:\/\/bayareacrisisnursery.org\/#website\"},\"datePublished\":\"2022-08-23T21:42:40+00:00\",\"dateModified\":\"2025-03-20T21:21:33+00:00\",\"description\":\"The Bay Area Crisis Nursery's Respite Care program provides short-term free childcare for children so parents can take a break.\",\"breadcrumb\":{\"@id\":\"https:\/\/bayareacrisisnursery.org\/programs\/respite-care\/#breadcrumb\"},\"inLanguage\":\"fr-FR\",\"potentialAction\":[{\"@type\":\"ReadAction\",\"target\":[\"https:\/\/bayareacrisisnursery.org\/programs\/respite-care\/\"]}]},{\"@type\":\"BreadcrumbList\",\"@id\":\"https:\/\/bayareacrisisnursery.org\/programs\/respite-care\/#breadcrumb\",\"itemListElement\":[{\"@type\":\"ListItem\",\"position\":1,\"name\":\"Home\",\"item\":\"https:\/\/bayareacrisisnursery.org\/\"},{\"@type\":\"ListItem\",\"position\":2,\"name\":\"Our Programs\",\"item\":\"https:\/\/bayareacrisisnursery.org\/programs\/\"},{\"@type\":\"ListItem\",\"position\":3,\"name\":\"Respite Care\"}]},{\"@type\":\"WebSite\",\"@id\":\"https:\/\/bayareacrisisnursery.org\/#website\",\"url\":\"https:\/\/bayareacrisisnursery.org\/\",\"name\":\"Bay Area Crisis Nursery\",\"description\":\"A Little Heart. A Little Help. A Lot of Hope.\",\"publisher\":{\"@id\":\"https:\/\/bayareacrisisnursery.org\/#organization\"},\"potentialAction\":[{\"@type\":\"SearchAction\",\"target\":{\"@type\":\"EntryPoint\",\"urlTemplate\":\"https:\/\/bayareacrisisnursery.org\/?s={search_term_string}\"},\"query-input\":{\"@type\":\"PropertyValueSpecification\",\"valueRequired\":true,\"valueName\":\"search_term_string\"}}],\"inLanguage\":\"fr-FR\"},{\"@type\":\"Organization\",\"@id\":\"https:\/\/bayareacrisisnursery.org\/#organization\",\"name\":\"Bay Area Crisis Nursery\",\"url\":\"https:\/\/bayareacrisisnursery.org\/\",\"logo\":{\"@type\":\"ImageObject\",\"inLanguage\":\"fr-FR\",\"@id\":\"https:\/\/bayareacrisisnursery.org\/#\/schema\/logo\/image\/\",\"url\":\"https:\/\/bayareacrisisnursery.org\/wp-content\/uploads\/2020\/12\/BACN-Logo.png\",\"contentUrl\":\"https:\/\/bayareacrisisnursery.org\/wp-content\/uploads\/2020\/12\/BACN-Logo.png\",\"width\":751,\"height\":374,\"caption\":\"Bay Area Crisis Nursery\"},\"image\":{\"@id\":\"https:\/\/bayareacrisisnursery.org\/#\/schema\/logo\/image\/\"},\"sameAs\":[\"https:\/\/www.facebook.com\/bacnspage\/\",\"https:\/\/x.com\/bacn_nursery\",\"https:\/\/www.instagram.com\/bayareacrisisnursery\/\",\"https:\/\/www.linkedin.com\/company\/bay-area-crisis-nursery\/about\/\"]}]}<\/script>\n<!-- \/ Yoast SEO Premium plugin. -->","yoast_head_json":{"title":"Respite Care- Bay Area Crisis Nursery","description":"The Bay Area Crisis Nursery's Respite Care program provides short-term free childcare for children so parents can take a break.","robots":{"index":"index","follow":"follow","max-snippet":"max-snippet:-1","max-image-preview":"max-image-preview:large","max-video-preview":"max-video-preview:-1"},"canonical":"https:\/\/bayareacrisisnursery.org\/fr\/programs\/respite-care\/","og_locale":"fr_FR","og_type":"article","og_title":"Respite Care","og_description":"The Bay Area Crisis Nursery's Respite Care program provides short-term free childcare for children so parents can take a break.","og_url":"https:\/\/bayareacrisisnursery.org\/fr\/programs\/respite-care\/","og_site_name":"Bay Area Crisis Nursery","article_publisher":"https:\/\/www.facebook.com\/bacnspage\/","article_modified_time":"2025-03-20T21:21:33+00:00","twitter_card":"summary_large_image","twitter_site":"@bacn_nursery","twitter_misc":{"Dur\u00e9e de lecture estim\u00e9e":"3 minutes"},"schema":{"@context":"https:\/\/schema.org","@graph":[{"@type":"WebPage","@id":"https:\/\/bayareacrisisnursery.org\/programs\/respite-care\/","url":"https:\/\/bayareacrisisnursery.org\/programs\/respite-care\/","name":"Respite Care- Bay Area Crisis Nursery","isPartOf":{"@id":"https:\/\/bayareacrisisnursery.org\/#website"},"datePublished":"2022-08-23T21:42:40+00:00","dateModified":"2025-03-20T21:21:33+00:00","description":"The Bay Area Crisis Nursery's Respite Care program provides short-term free childcare for children so parents can take a break.","breadcrumb":{"@id":"https:\/\/bayareacrisisnursery.org\/programs\/respite-care\/#breadcrumb"},"inLanguage":"fr-FR","potentialAction":[{"@type":"ReadAction","target":["https:\/\/bayareacrisisnursery.org\/programs\/respite-care\/"]}]},{"@type":"BreadcrumbList","@id":"https:\/\/bayareacrisisnursery.org\/programs\/respite-care\/#breadcrumb","itemListElement":[{"@type":"ListItem","position":1,"name":"Home","item":"https:\/\/bayareacrisisnursery.org\/"},{"@type":"ListItem","position":2,"name":"Our Programs","item":"https:\/\/bayareacrisisnursery.org\/programs\/"},{"@type":"ListItem","position":3,"name":"Respite Care"}]},{"@type":"WebSite","@id":"https:\/\/bayareacrisisnursery.org\/#website","url":"https:\/\/bayareacrisisnursery.org\/","name":"P\u00e9pini\u00e8re de crise de la r\u00e9gion de la baie","description":"Un petit coeur. Un peu d&#039;aide. Beaucoup d&#039;espoir.","publisher":{"@id":"https:\/\/bayareacrisisnursery.org\/#organization"},"potentialAction":[{"@type":"SearchAction","target":{"@type":"EntryPoint","urlTemplate":"https:\/\/bayareacrisisnursery.org\/?s={search_term_string}"},"query-input":{"@type":"PropertyValueSpecification","valueRequired":true,"valueName":"search_term_string"}}],"inLanguage":"fr-FR"},{"@type":"Organization","@id":"https:\/\/bayareacrisisnursery.org\/#organization","name":"P\u00e9pini\u00e8re de crise de la r\u00e9gion de la baie","url":"https:\/\/bayareacrisisnursery.org\/","logo":{"@type":"ImageObject","inLanguage":"fr-FR","@id":"https:\/\/bayareacrisisnursery.org\/#\/schema\/logo\/image\/","url":"https:\/\/bayareacrisisnursery.org\/wp-content\/uploads\/2020\/12\/BACN-Logo.png","contentUrl":"https:\/\/bayareacrisisnursery.org\/wp-content\/uploads\/2020\/12\/BACN-Logo.png","width":751,"height":374,"caption":"Bay Area Crisis Nursery"},"image":{"@id":"https:\/\/bayareacrisisnursery.org\/#\/schema\/logo\/image\/"},"sameAs":["https:\/\/www.facebook.com\/bacnspage\/","https:\/\/x.com\/bacn_nursery","https:\/\/www.instagram.com\/bayareacrisisnursery\/","https:\/\/www.linkedin.com\/company\/bay-area-crisis-nursery\/about\/"]}]}},"_links":{"self":[{"href":"https:\/\/bayareacrisisnursery.org\/fr\/wp-json\/wp\/v2\/pages\/6466","targetHints":{"allow":["GET"]}}],"collection":[{"href":"https:\/\/bayareacrisisnursery.org\/fr\/wp-json\/wp\/v2\/pages"}],"about":[{"href":"https:\/\/bayareacrisisnursery.org\/fr\/wp-json\/wp\/v2\/types\/page"}],"author":[{"embeddable":true,"href":"https:\/\/bayareacrisisnursery.org\/fr\/wp-json\/wp\/v2\/users\/1"}],"replies":[{"embeddable":true,"href":"https:\/\/bayareacrisisnursery.org\/fr\/wp-json\/wp\/v2\/comments?post=6466"}],"version-history":[{"count":11,"href":"https:\/\/bayareacrisisnursery.org\/fr\/wp-json\/wp\/v2\/pages\/6466\/revisions"}],"predecessor-version":[{"id":7350,"href":"https:\/\/bayareacrisisnursery.org\/fr\/wp-json\/wp\/v2\/pages\/6466\/revisions\/7350"}],"up":[{"embeddable":true,"href":"https:\/\/bayareacrisisnursery.org\/fr\/wp-json\/wp\/v2\/pages\/186"}],"wp:attachment":[{"href":"https:\/\/bayareacrisisnursery.org\/fr\/wp-json\/wp\/v2\/media?parent=6466"}],"curies":[{"name":"wp","href":"https:\/\/api.w.org\/{rel}","templated":true}]}}