{"id":6571,"date":"2022-08-25T20:12:58","date_gmt":"2022-08-25T20:12:58","guid":{"rendered":"https:\/\/bayareacrisisnursery.org\/?page_id=6571"},"modified":"2025-03-20T21:19:29","modified_gmt":"2025-03-20T21:19:29","slug":"crisis-care","status":"publish","type":"page","link":"https:\/\/bayareacrisisnursery.org\/fr\/programs\/crisis-care\/","title":{"rendered":"Services de soins de crise"},"content":{"rendered":"<div id=\"cs-content\" class=\"cs-content\"><div class=\"x-section e6571-e1 m52j-0 m52j-1 m52j-2 m52j-3\"><div class=\"x-row e6571-e2 m52j-a m52j-c m52j-d\"><div class=\"x-row-inner\"><div class=\"x-col e6571-e3 m52j-k m52j-l\"><span class=\"x-image e6571-e4 m52j-p m52j-q\"><img decoding=\"async\" src=\"https:\/\/bayareacrisisnursery.org\/wp-content\/uploads\/2022\/08\/Crisis-Care.png\" width=\"1200\" height=\"400\" alt=\"Crisis Care\" loading=\"lazy\"><\/span><\/div><\/div><\/div><\/div><div class=\"x-section e6571-e5 m52j-0 m52j-3 m52j-4 m52j-5\"><div class=\"x-row e6571-e6 m52j-a m52j-b m52j-c m52j-e\"><div class=\"x-row-inner\"><div class=\"x-col e6571-e7 m52j-k m52j-l m52j-m\"><div class=\"x-statbar e6571-e8 m52j-t m52j-9\" data-x-element-statbar=\"{&quot;triggerOffset&quot;:&quot;93%&quot;}\"><div class=\"x-statbar-bar\"><div class=\"x-statbar-label\"><span>50%<\/span><\/div><\/div><\/div><div class=\"x-text x-text-headline e6571-e9 m52j-u m52j-v m52j-w m52j-x m52j-y m52j-z m52j-10 m52j-11\"><div class=\"x-text-content\"><div class=\"x-text-content-text\"><h2 class=\"x-text-content-text-primary\">93% de nos clients sont des m\u00e9nages monoparentaux sans famille ni syst\u00e8me de soutien.<\/h2>\n<\/div><\/div><\/div><\/div><div class=\"x-col e6571-e10 m52j-k m52j-l m52j-m\"><i class=\"x-icon e6571-e11 m52j-18\" aria-hidden=\"true\" data-x-icon-l=\"&#xf77d;\"><\/i><div class=\"x-text x-text-headline e6571-e12 m52j-u m52j-v m52j-w m52j-y m52j-10 m52j-11 m52j-12\"><div class=\"x-text-content\"><div class=\"x-text-content-text\"><h2 class=\"x-text-content-text-primary\">Les enfants peuvent rester \u00e0 la cr\u00e8che jusqu&#039;\u00e0 30 jours. <\/h2>\n<\/div><\/div><\/div><\/div><div class=\"x-col e6571-e13 m52j-k m52j-l m52j-m\"><div class=\"x-text x-text-headline e6571-e14 m52j-u m52j-v m52j-w m52j-12 m52j-13 m52j-14 m52j-15\"><div class=\"x-text-content\"><div class=\"x-text-content-text\"><h1 class=\"x-text-content-text-primary\">#1<\/h1>\n<\/div><\/div><\/div><div class=\"x-text x-text-headline e6571-e15 m52j-u m52j-v m52j-w m52j-x m52j-y m52j-z m52j-10 m52j-11\"><div class=\"x-text-content\"><div class=\"x-text-content-text\"><h2 class=\"x-text-content-text-primary\">BACN est la seule p\u00e9pini\u00e8re de crise agr\u00e9\u00e9e dans la r\u00e9gion de la baie de SF.<\/h2>\n<\/div><\/div><\/div><\/div><\/div><\/div><\/div><div class=\"x-section e6571-e16 m52j-0 m52j-1 m52j-3 m52j-6\"><div class=\"x-row e6571-e17 m52j-a m52j-c m52j-f\"><div class=\"x-row-inner\"><div class=\"x-col e6571-e18 m52j-k m52j-l\"><hr class=\"x-line e6571-e19 m52j-19\"\/><\/div><\/div><\/div><\/div><div class=\"x-section e6571-e20 m52j-0 m52j-1 m52j-3 m52j-6\"><div class=\"x-row e6571-e21 m52j-a m52j-c m52j-g\"><div class=\"x-row-inner\"><div class=\"x-col e6571-e22 m52j-k m52j-n\">La Bay Area Crisis Nursery offre 30 jours de services de soins de crise gratuits aux jeunes enfants \u00e2g\u00e9s de 0 \u00e0 5 ans. Nous savons que la parentalit\u00e9 peut \u00eatre accablante, en particulier lorsque les familles sont confront\u00e9es \u00e0 une crise et n&#039;ont personne vers qui se tourner pour obtenir de l&#039;aide. Nous croyons que chaque famille devrait avoir acc\u00e8s \u00e0 un refuge s\u00fbr pour ses enfants lorsque la vie devient difficile. Les parents confront\u00e9s \u00e0 des urgences telles que l&#039;itin\u00e9rance, la violence domestique ou communautaire, une crise de sant\u00e9, le manque de services publics, l&#039;entr\u00e9e dans un programme de traitement ou le stress parental accablant peuvent contacter la cr\u00e8che pour acc\u00e9der aux services de soins de crise. Les enfants peuvent rester avec nous pendant 24 heures et jusqu&#039;\u00e0 30 jours par crise. Nous fournissons aux enfants tout ce dont ils ont besoin pendant leur s\u00e9jour. Ils ont leur propre lit, nourriture, couches, v\u00eatements et articles de soins personnels. Les familles sont invit\u00e9es \u00e0 visiter la cr\u00e8che pendant que leurs enfants restent avec nous et \u00e0 emmener vos enfants en excursion d&#039;une journ\u00e9e.<\/p>\n\nNous acceptons les r\u00e9f\u00e9rences des h\u00f4pitaux, des services \u00e0 l&#039;enfance et \u00e0 la famille, des organisations \u00e0 but non lucratif, des gestionnaires de cas, des services d&#039;aide aux sans-abri, des organisations de lutte contre la violence domestique et de toute personne qui tente d&#039;aider un parent \u00e0 traverser une p\u00e9riode difficile.<\/p>\n\nPour planifier les services de soins de crise, <b><a href=\"tel:925-685-6633\">Appelez s&#039;il vous pla\u00eet<\/a><\/b> la maternit\u00e9. Nous sommes disponibles 24h\/24.<\/p>\n\nGr\u00e2ce \u00e0 plusieurs partenariats et financements priv\u00e9s, la Cr\u00e8che peut offrir un service de garde d&#039;urgence gratuit pour les familles \u00e0 faible revenu. Le financement est assur\u00e9 en partie par le comt\u00e9 de Contra Costa, la ville d&#039;Antioche, la ville de Concord et le Keller Canyon Mitigation Fund. <\/p><\/div><\/div><\/div><\/div><div class=\"x-section e6571-e24 m52j-0 m52j-3 m52j-5 m52j-7\"><div class=\"x-row e6571-e25 m52j-a m52j-c m52j-h\"><div class=\"x-row-inner\"><div class=\"x-col e6571-e26 m52j-k m52j-l\"><div id=\"x-content-band-1\" class=\"x-content-band border-top border-left border-right border-bottom\" style=\"background-color: #efefef; color: #333;\"><div class=\"x-container max width\"> \n\n<h4  class=\"h-custom-headline h3\" style=\"margin-top: 0;\"><span>Planifier une visite<\/span><\/h4><\/p>\n\nLes familles sont invit\u00e9es \u00e0 planifier une visite de la garderie, \u00e0 rencontrer notre personnel et \u00e0 voir o\u00f9 vos enfants s\u00e9journeront.<\/p>\n\n<p><a  class=\"x-btn x-btn-flat x-btn-global\"  href=\"mailto:gina@bayareacrisisnursery.org&subject=Parent Tour of the Nursery\"     data-options=\"thumbnail: ''\">Planifier aujourd&#039;hui<\/a> <\/div><\/div><\/div><\/div><\/div><\/div><div class=\"x-section e6571-e28 m52j-0 m52j-4 m52j-5 m52j-8\"><div class=\"x-row e6571-e29 m52j-a m52j-b m52j-c m52j-i\"><div class=\"x-row-inner\"><div class=\"x-col e6571-e30 m52j-k m52j-l\"><div class=\"x-text x-text-headline e6571-e31 m52j-v m52j-w m52j-x m52j-10 m52j-11 m52j-15 m52j-16\"><div class=\"x-text-content\"><div class=\"x-text-content-text\"><h3 class=\"x-text-content-text-primary\">Soutenir BACN<\/h3>\n<\/div><\/div><\/div><\/div><\/div><\/div><div class=\"x-row e6571-e32 m52j-a m52j-b m52j-c m52j-j\"><div class=\"x-row-inner\"><div class=\"x-col e6571-e33 m52j-k m52j-l m52j-o\"><a class=\"x-image e6571-e34 m52j-p m52j-r\" href=\"https:\/\/bayareacrisisnursery.app.neoncrm.com\/forms\/donate\" target=\"_blank\" rel=\"noopener noreferrer\"><img decoding=\"async\" src=\"https:\/\/bayareacrisisnursery.org\/wp-content\/uploads\/2022\/08\/Piggy-Bank.jpg\" width=\"600\" height=\"400\" alt=\"Donate Today\" loading=\"lazy\"><\/a><div class=\"x-text x-text-headline e6571-e35 m52j-u m52j-v m52j-10 m52j-14 m52j-17\"><div class=\"x-text-content\"><div class=\"x-text-content-text\"><h3 class=\"x-text-content-text-primary\"><a href=\"https:\/\/bayareacrisisnursery.app.neoncrm.com\/forms\/donate\" data-wplink-edit=\"true\">Faites un don aujourd&#039;hui\u00a0!<\/a><\/h3>\n<\/div><\/div><\/div><\/div><div class=\"x-col e6571-e36 m52j-k m52j-l m52j-o\"><a class=\"x-image e6571-e37 m52j-p m52j-r m52j-s\" href=\"https:\/\/mailchi.mp\/bayareacrisisnursery\/newsletter?dnt=1%22%20data-wplink-edit=%22true%22\" target=\"_blank\" rel=\"noopener noreferrer\"><img decoding=\"async\" src=\"https:\/\/bayareacrisisnursery.org\/wp-content\/uploads\/2022\/08\/News.jpg\" width=\"600\" height=\"400\" alt=\"Newsletter\" loading=\"lazy\"><\/a><div class=\"x-text x-text-headline e6571-e38 m52j-u m52j-v m52j-10 m52j-14 m52j-17\"><div class=\"x-text-content\"><div class=\"x-text-content-text\"><h3 class=\"x-text-content-text-primary\"><p><a href=\"https:\/\/mailchi.mp\/bayareacrisisnursery\/newsletter?dnt=1\" data-wplink-edit=\"true\">Inscrivez-vous pour rester en contact<\/a><\/p><\/h3>\n<\/div><\/div><\/div><\/div><\/div><\/div><\/div><\/div>","protected":false},"excerpt":{"rendered":"<p>50%93% of our clients are single parent households with no family or support systems. Children can stay at the Nursery for up to 30 days. #1 BACN is the only licensed crisis nursery in the SF Bay Area. The Bay Area Crisis Nursery offers 30 days of free Crisis Care Services to young children ages birth through 5. We know &#8230; <a href=\"https:\/\/bayareacrisisnursery.org\/fr\/programs\/crisis-care\/\" class=\"more-link\">Lire la suite<\/a><\/p>","protected":false},"author":1,"featured_media":0,"parent":186,"menu_order":1,"comment_status":"closed","ping_status":"closed","template":"template-layout-full-width.php","meta":{"om_disable_all_campaigns":false,"_monsterinsights_skip_tracking":false,"_monsterinsights_sitenote_active":false,"_monsterinsights_sitenote_note":"","_monsterinsights_sitenote_category":0,"_uf_show_specific_survey":0,"_uf_disable_surveys":false,"footnotes":""},"class_list":["post-6571","page","type-page","status-publish","hentry","no-post-thumbnail"],"yoast_head":"<!-- This site is optimized with the Yoast SEO Premium plugin v27.2 (Yoast SEO v27.2) - https:\/\/yoast.com\/product\/yoast-seo-premium-wordpress\/ -->\n<title>Crisis Care Services- Bay Area Crisis Nursery<\/title>\n<meta name=\"description\" content=\"The Bay Area Crisis Nursery offers 30 days of crisis care to young children ages 0-5 whose parents are experiencing a tough time.\" \/>\n<meta name=\"robots\" content=\"index, follow, max-snippet:-1, max-image-preview:large, max-video-preview:-1\" \/>\n<link rel=\"canonical\" href=\"https:\/\/bayareacrisisnursery.org\/fr\/programs\/crisis-care\/\" \/>\n<meta property=\"og:locale\" content=\"fr_FR\" \/>\n<meta property=\"og:type\" content=\"article\" \/>\n<meta property=\"og:title\" content=\"Crisis Care Services\" \/>\n<meta property=\"og:description\" content=\"The Bay Area Crisis Nursery offers 30 days of crisis care to young children ages 0-5 whose parents are experiencing a tough time.\" \/>\n<meta property=\"og:url\" content=\"https:\/\/bayareacrisisnursery.org\/fr\/programs\/crisis-care\/\" \/>\n<meta property=\"og:site_name\" content=\"Bay Area Crisis Nursery\" \/>\n<meta property=\"article:publisher\" content=\"https:\/\/www.facebook.com\/bacnspage\/\" \/>\n<meta property=\"article:modified_time\" content=\"2025-03-20T21:19:29+00:00\" \/>\n<meta name=\"twitter:card\" content=\"summary_large_image\" \/>\n<meta name=\"twitter:site\" content=\"@bacn_nursery\" \/>\n<meta name=\"twitter:label1\" content=\"Dur\u00e9e de lecture estim\u00e9e\" \/>\n\t<meta name=\"twitter:data1\" content=\"2 minutes\" \/>\n<script type=\"application\/ld+json\" class=\"yoast-schema-graph\">{\"@context\":\"https:\/\/schema.org\",\"@graph\":[{\"@type\":\"WebPage\",\"@id\":\"https:\/\/bayareacrisisnursery.org\/programs\/crisis-care\/\",\"url\":\"https:\/\/bayareacrisisnursery.org\/programs\/crisis-care\/\",\"name\":\"Crisis Care Services- Bay Area Crisis Nursery\",\"isPartOf\":{\"@id\":\"https:\/\/bayareacrisisnursery.org\/#website\"},\"datePublished\":\"2022-08-25T20:12:58+00:00\",\"dateModified\":\"2025-03-20T21:19:29+00:00\",\"description\":\"The Bay Area Crisis Nursery offers 30 days of crisis care to young children ages 0-5 whose parents are experiencing a tough time.\",\"breadcrumb\":{\"@id\":\"https:\/\/bayareacrisisnursery.org\/programs\/crisis-care\/#breadcrumb\"},\"inLanguage\":\"fr-FR\",\"potentialAction\":[{\"@type\":\"ReadAction\",\"target\":[\"https:\/\/bayareacrisisnursery.org\/programs\/crisis-care\/\"]}]},{\"@type\":\"BreadcrumbList\",\"@id\":\"https:\/\/bayareacrisisnursery.org\/programs\/crisis-care\/#breadcrumb\",\"itemListElement\":[{\"@type\":\"ListItem\",\"position\":1,\"name\":\"Home\",\"item\":\"https:\/\/bayareacrisisnursery.org\/\"},{\"@type\":\"ListItem\",\"position\":2,\"name\":\"Our Programs\",\"item\":\"https:\/\/bayareacrisisnursery.org\/programs\/\"},{\"@type\":\"ListItem\",\"position\":3,\"name\":\"Crisis Care Services\"}]},{\"@type\":\"WebSite\",\"@id\":\"https:\/\/bayareacrisisnursery.org\/#website\",\"url\":\"https:\/\/bayareacrisisnursery.org\/\",\"name\":\"Bay Area Crisis Nursery\",\"description\":\"A Little Heart. A Little Help. A Lot of Hope.\",\"publisher\":{\"@id\":\"https:\/\/bayareacrisisnursery.org\/#organization\"},\"potentialAction\":[{\"@type\":\"SearchAction\",\"target\":{\"@type\":\"EntryPoint\",\"urlTemplate\":\"https:\/\/bayareacrisisnursery.org\/?s={search_term_string}\"},\"query-input\":{\"@type\":\"PropertyValueSpecification\",\"valueRequired\":true,\"valueName\":\"search_term_string\"}}],\"inLanguage\":\"fr-FR\"},{\"@type\":\"Organization\",\"@id\":\"https:\/\/bayareacrisisnursery.org\/#organization\",\"name\":\"Bay Area Crisis Nursery\",\"url\":\"https:\/\/bayareacrisisnursery.org\/\",\"logo\":{\"@type\":\"ImageObject\",\"inLanguage\":\"fr-FR\",\"@id\":\"https:\/\/bayareacrisisnursery.org\/#\/schema\/logo\/image\/\",\"url\":\"https:\/\/bayareacrisisnursery.org\/wp-content\/uploads\/2020\/12\/BACN-Logo.png\",\"contentUrl\":\"https:\/\/bayareacrisisnursery.org\/wp-content\/uploads\/2020\/12\/BACN-Logo.png\",\"width\":751,\"height\":374,\"caption\":\"Bay Area Crisis Nursery\"},\"image\":{\"@id\":\"https:\/\/bayareacrisisnursery.org\/#\/schema\/logo\/image\/\"},\"sameAs\":[\"https:\/\/www.facebook.com\/bacnspage\/\",\"https:\/\/x.com\/bacn_nursery\",\"https:\/\/www.instagram.com\/bayareacrisisnursery\/\",\"https:\/\/www.linkedin.com\/company\/bay-area-crisis-nursery\/about\/\"]}]}<\/script>\n<!-- \/ Yoast SEO Premium plugin. -->","yoast_head_json":{"title":"Crisis Care Services- Bay Area Crisis Nursery","description":"The Bay Area Crisis Nursery offers 30 days of crisis care to young children ages 0-5 whose parents are experiencing a tough time.","robots":{"index":"index","follow":"follow","max-snippet":"max-snippet:-1","max-image-preview":"max-image-preview:large","max-video-preview":"max-video-preview:-1"},"canonical":"https:\/\/bayareacrisisnursery.org\/fr\/programs\/crisis-care\/","og_locale":"fr_FR","og_type":"article","og_title":"Crisis Care Services","og_description":"The Bay Area Crisis Nursery offers 30 days of crisis care to young children ages 0-5 whose parents are experiencing a tough time.","og_url":"https:\/\/bayareacrisisnursery.org\/fr\/programs\/crisis-care\/","og_site_name":"Bay Area Crisis Nursery","article_publisher":"https:\/\/www.facebook.com\/bacnspage\/","article_modified_time":"2025-03-20T21:19:29+00:00","twitter_card":"summary_large_image","twitter_site":"@bacn_nursery","twitter_misc":{"Dur\u00e9e de lecture estim\u00e9e":"2 minutes"},"schema":{"@context":"https:\/\/schema.org","@graph":[{"@type":"WebPage","@id":"https:\/\/bayareacrisisnursery.org\/programs\/crisis-care\/","url":"https:\/\/bayareacrisisnursery.org\/programs\/crisis-care\/","name":"Crisis Care Services- Bay Area Crisis Nursery","isPartOf":{"@id":"https:\/\/bayareacrisisnursery.org\/#website"},"datePublished":"2022-08-25T20:12:58+00:00","dateModified":"2025-03-20T21:19:29+00:00","description":"The Bay Area Crisis Nursery offers 30 days of crisis care to young children ages 0-5 whose parents are experiencing a tough time.","breadcrumb":{"@id":"https:\/\/bayareacrisisnursery.org\/programs\/crisis-care\/#breadcrumb"},"inLanguage":"fr-FR","potentialAction":[{"@type":"ReadAction","target":["https:\/\/bayareacrisisnursery.org\/programs\/crisis-care\/"]}]},{"@type":"BreadcrumbList","@id":"https:\/\/bayareacrisisnursery.org\/programs\/crisis-care\/#breadcrumb","itemListElement":[{"@type":"ListItem","position":1,"name":"Home","item":"https:\/\/bayareacrisisnursery.org\/"},{"@type":"ListItem","position":2,"name":"Our Programs","item":"https:\/\/bayareacrisisnursery.org\/programs\/"},{"@type":"ListItem","position":3,"name":"Crisis Care Services"}]},{"@type":"WebSite","@id":"https:\/\/bayareacrisisnursery.org\/#website","url":"https:\/\/bayareacrisisnursery.org\/","name":"P\u00e9pini\u00e8re de crise de la r\u00e9gion de la baie","description":"Un petit coeur. Un peu d&#039;aide. Beaucoup d&#039;espoir.","publisher":{"@id":"https:\/\/bayareacrisisnursery.org\/#organization"},"potentialAction":[{"@type":"SearchAction","target":{"@type":"EntryPoint","urlTemplate":"https:\/\/bayareacrisisnursery.org\/?s={search_term_string}"},"query-input":{"@type":"PropertyValueSpecification","valueRequired":true,"valueName":"search_term_string"}}],"inLanguage":"fr-FR"},{"@type":"Organization","@id":"https:\/\/bayareacrisisnursery.org\/#organization","name":"P\u00e9pini\u00e8re de crise de la r\u00e9gion de la baie","url":"https:\/\/bayareacrisisnursery.org\/","logo":{"@type":"ImageObject","inLanguage":"fr-FR","@id":"https:\/\/bayareacrisisnursery.org\/#\/schema\/logo\/image\/","url":"https:\/\/bayareacrisisnursery.org\/wp-content\/uploads\/2020\/12\/BACN-Logo.png","contentUrl":"https:\/\/bayareacrisisnursery.org\/wp-content\/uploads\/2020\/12\/BACN-Logo.png","width":751,"height":374,"caption":"Bay Area Crisis Nursery"},"image":{"@id":"https:\/\/bayareacrisisnursery.org\/#\/schema\/logo\/image\/"},"sameAs":["https:\/\/www.facebook.com\/bacnspage\/","https:\/\/x.com\/bacn_nursery","https:\/\/www.instagram.com\/bayareacrisisnursery\/","https:\/\/www.linkedin.com\/company\/bay-area-crisis-nursery\/about\/"]}]}},"_links":{"self":[{"href":"https:\/\/bayareacrisisnursery.org\/fr\/wp-json\/wp\/v2\/pages\/6571","targetHints":{"allow":["GET"]}}],"collection":[{"href":"https:\/\/bayareacrisisnursery.org\/fr\/wp-json\/wp\/v2\/pages"}],"about":[{"href":"https:\/\/bayareacrisisnursery.org\/fr\/wp-json\/wp\/v2\/types\/page"}],"author":[{"embeddable":true,"href":"https:\/\/bayareacrisisnursery.org\/fr\/wp-json\/wp\/v2\/users\/1"}],"replies":[{"embeddable":true,"href":"https:\/\/bayareacrisisnursery.org\/fr\/wp-json\/wp\/v2\/comments?post=6571"}],"version-history":[{"count":11,"href":"https:\/\/bayareacrisisnursery.org\/fr\/wp-json\/wp\/v2\/pages\/6571\/revisions"}],"predecessor-version":[{"id":7349,"href":"https:\/\/bayareacrisisnursery.org\/fr\/wp-json\/wp\/v2\/pages\/6571\/revisions\/7349"}],"up":[{"embeddable":true,"href":"https:\/\/bayareacrisisnursery.org\/fr\/wp-json\/wp\/v2\/pages\/186"}],"wp:attachment":[{"href":"https:\/\/bayareacrisisnursery.org\/fr\/wp-json\/wp\/v2\/media?parent=6571"}],"curies":[{"name":"wp","href":"https:\/\/api.w.org\/{rel}","templated":true}]}}