{"id":6590,"date":"2022-08-25T21:17:54","date_gmt":"2022-08-25T21:17:54","guid":{"rendered":"https:\/\/bayareacrisisnursery.org\/?page_id=6590"},"modified":"2025-04-02T21:25:26","modified_gmt":"2025-04-02T21:25:26","slug":"food-pantry","status":"publish","type":"page","link":"https:\/\/bayareacrisisnursery.org\/fr\/programs\/food-pantry\/","title":{"rendered":"Garde-manger"},"content":{"rendered":"<div id=\"cs-content\" class=\"cs-content\"><div class=\"x-section e6590-e1 m532-0 m532-1 m532-2 m532-3\"><div class=\"x-row e6590-e2 m532-7 m532-9 m532-a\"><div class=\"x-row-inner\"><div class=\"x-col e6590-e3 m532-h m532-i\"><span class=\"x-image e6590-e4 m532-m m532-n\"><img decoding=\"async\" src=\"https:\/\/bayareacrisisnursery.org\/wp-content\/uploads\/2022\/08\/Food-Pantry-Banner.png\" width=\"1200\" height=\"400\" alt=\"Food Pantry\" loading=\"lazy\"><\/span><\/div><\/div><\/div><\/div><div class=\"x-section e6590-e5 m532-0 m532-3 m532-4\"><div class=\"x-row e6590-e6 m532-7 m532-8 m532-9 m532-b\"><div class=\"x-row-inner\"><div class=\"x-col e6590-e7 m532-h m532-i m532-j\">\n<span class=\"x-rating e6590-e8 m532-q\">\n\n  <span class=\"x-rating-graphic\" role=\"img\" aria-label=\"1 \/ 6\">\n    <i class=\"x-icon\" aria-hidden=\"true\" data-x-icon-s=\"&#xf77c;\"><\/i><i class=\"x-icon\" aria-hidden=\"true\" data-x-icon-l=\"&#xf77c;\"><\/i><i class=\"x-icon\" aria-hidden=\"true\" data-x-icon-l=\"&#xf77c;\"><\/i><i class=\"x-icon\" aria-hidden=\"true\" data-x-icon-l=\"&#xf77c;\"><\/i><i class=\"x-icon\" aria-hidden=\"true\" data-x-icon-l=\"&#xf77c;\"><\/i><i class=\"x-icon\" aria-hidden=\"true\" data-x-icon-l=\"&#xf77c;\"><\/i>  <\/span>\n\n  \n  \n<\/span>\n<div class=\"x-text x-text-headline e6590-e9 m532-r m532-s m532-t m532-u m532-v m532-w m532-x m532-y\"><div class=\"x-text-content\"><div class=\"x-text-content-text\"><h2 class=\"x-text-content-text-primary\">1 PERSONNE SUR 6 N&#039;A PAS ASSEZ DE NOURRITURE.<\/h2>\n<\/div><\/div><\/div><\/div><div class=\"x-col e6590-e10 m532-h m532-i\"><div class=\"x-text x-text-headline e6590-e11 m532-r m532-s m532-t m532-u m532-v m532-w m532-x m532-z\"><div class=\"x-text-content\"><div class=\"x-text-content-text\"><h2 class=\"x-text-content-text-primary\">Nous donnons<\/h2>\n<\/div><\/div><\/div><div class=\"x-text x-text-headline e6590-e12 m532-r m532-s m532-t m532-u m532-w m532-x m532-y m532-10 m532-11\"><div class=\"x-text-content\"><div class=\"x-text-content-text\"><h1 class=\"x-text-content-text-primary\">1,500<\/h1>\n<\/div><\/div><\/div><div class=\"x-text x-text-headline e6590-e13 m532-r m532-s m532-t m532-u m532-v m532-w m532-x m532-z\"><div class=\"x-text-content\"><div class=\"x-text-content-text\"><h2 class=\"x-text-content-text-primary\">Sacs de nourriture chaque ann\u00e9e.<\/h2>\n<\/div><\/div><\/div><\/div><div class=\"x-col e6590-e14 m532-h m532-i m532-j\"><div class=\"x-text x-text-headline e6590-e15 m532-r m532-s m532-t m532-y m532-10 m532-11 m532-12\"><div class=\"x-text-content\"><div class=\"x-text-content-text\"><h1 class=\"x-text-content-text-primary\">27,230<\/h1>\n<\/div><\/div><\/div><div class=\"x-text x-text-headline e6590-e16 m532-r m532-s m532-t m532-u m532-v m532-w m532-x m532-z\"><div class=\"x-text-content\"><div class=\"x-text-content-text\"><h2 class=\"x-text-content-text-primary\">les enfants du comt\u00e9 de Contra Costa sont en situation d&#039;ins\u00e9curit\u00e9 alimentaire.<\/h2>\n<\/div><\/div><\/div><\/div><\/div><\/div><\/div><div class=\"x-section e6590-e17 m532-0 m532-1 m532-3 m532-5\"><div class=\"x-row e6590-e18 m532-7 m532-9 m532-c\"><div class=\"x-row-inner\"><div class=\"x-col e6590-e19 m532-h m532-i\"><hr class=\"x-line e6590-e20 m532-15\"\/><\/div><\/div><\/div><\/div><div class=\"x-section e6590-e21 m532-0 m532-1 m532-3 m532-5\"><div class=\"x-row e6590-e22 m532-7 m532-9 m532-d\"><div class=\"x-row-inner\"><div class=\"x-col e6590-e23 m532-h m532-k\"><p>En partenariat avec la banque alimentaire des comt\u00e9s de Contra Costa et de Solano et nos g\u00e9n\u00e9reux donateurs communautaires, la Bay Area Crisis Nursery fournit des aliments frais et non p\u00e9rissables. <\/p>\n\n<p>Trop d&#039;enfants et de familles vivent avec l&#039;ins\u00e9curit\u00e9 alimentaire dans notre communaut\u00e9. Environ 1 personne sur 6 \u00e0 Contra Costa et en Californie souffre d&#039;ins\u00e9curit\u00e9 alimentaire. Ces personnes ou familles peinent \u00e0 trouver leur prochain repas. \u00catre parent est stressant. Imaginez \u00eatre un parent qui s&#039;inqui\u00e8te de la fa\u00e7on de nourrir ses enfants ou de la fa\u00e7on dont il paiera sa prochaine bo\u00eete de lait maternis\u00e9. Les parents et les enfants ne devraient pas avoir \u00e0 souffrir de la faim. C&#039;est pourquoi nous nous battons pour \u00e9radiquer la faim dans notre communaut\u00e9 avec le Food Pantry. <\/p>\n\nL&#039;ins\u00e9curit\u00e9 alimentaire entra\u00eene du stress, de l&#039;anxi\u00e9t\u00e9, des probl\u00e8mes de sant\u00e9 et une incapacit\u00e9 des adultes et des enfants \u00e0 se concentrer \u00e0 l&#039;\u00e9cole et au travail. Pour lutter contre les effets de la pauvret\u00e9, il est essentiel de r\u00e9pondre aux besoins alimentaires de base les plus essentiels des enfants et des familles. <\/p>\n\n<p> Le garde-manger est ouvert tous les jours pour les ramassages. Si vous \u00eates un parent qui a besoin de nourriture, <b><a href=\"tel:925-685-6633\">Appelez s&#039;il vous pla\u00eet<\/a><\/b> la p\u00e9pini\u00e8re pour commander un ramassage de nourriture.<\/p><\/div><\/div><\/div><\/div><div class=\"x-section e6590-e25 m532-0 m532-1 m532-3 m532-5\"><div class=\"x-row e6590-e26 m532-7 m532-9 m532-e\"><div class=\"x-row-inner\"><div class=\"x-col e6590-e27 m532-h m532-i\"><div id=\"x-content-band-1\" class=\"x-content-band border-top border-left border-right border-bottom\" style=\"background-color: #efefef; color: #333;\"><div class=\"x-container max width\"> \n\n<h4  class=\"h-custom-headline h3\" style=\"margin-top: 0;\"><span>Dons alimentaires<\/span><\/h4><\/p>\n\nNous acceptons les dons de denr\u00e9es non p\u00e9rissables \u00e0 la p\u00e9pini\u00e8re. Vous pouvez d\u00e9poser des articles, organiser une collecte de nourriture \u00e0 votre travail, \u00e9cole, congr\u00e9gation ou \u00e9v\u00e9nement\u00a0! Si vous pr\u00e9f\u00e9rez acheter des articles de notre liste de souhaits pour le garde-manger, veuillez <b><a href=\"https:\/\/www.amazon.com\/hz\/wishlist\/ls\/34W5EDNJD218M?ref_=wl_share\">Cliquez ici<\/a><\/b> ou faites un don directement \u00e0 la p\u00e9pini\u00e8re.<\/p>\n\n<p><a  class=\"x-btn x-btn-flat x-btn-global\"  href=\"https:\/\/bayareacrisisnursery.app.neoncrm.com\/np\/clients\/bayareacrisisnursery\/donation.jsp?campaign=281&\"     data-options=\"thumbnail: ''\">Faites un don aujourd&#039;hui\u00a0!<\/a> <\/div><\/div>\n<\/div><\/div><\/div><\/div><div class=\"x-section e6590-e29 m532-0 m532-4 m532-6\"><div class=\"x-row e6590-e30 m532-7 m532-8 m532-9 m532-f\"><div class=\"x-row-inner\"><div class=\"x-col e6590-e31 m532-h m532-i\"><div class=\"x-text x-text-headline e6590-e32 m532-s m532-t m532-u m532-x m532-z m532-10 m532-13\"><div class=\"x-text-content\"><div class=\"x-text-content-text\"><h3 class=\"x-text-content-text-primary\">Soutenir BACN<\/h3>\n<\/div><\/div><\/div><\/div><\/div><\/div><div class=\"x-row e6590-e33 m532-7 m532-8 m532-9 m532-g\"><div class=\"x-row-inner\"><div class=\"x-col e6590-e34 m532-h m532-i m532-l\"><a class=\"x-image e6590-e35 m532-m m532-o\" href=\"https:\/\/bayareacrisisnursery.app.neoncrm.com\/forms\/donate\" target=\"_blank\" rel=\"noopener noreferrer\"><img decoding=\"async\" src=\"https:\/\/bayareacrisisnursery.org\/wp-content\/uploads\/2022\/08\/Piggy-Bank.jpg\" width=\"600\" height=\"400\" alt=\"Donate Today\" loading=\"lazy\"><\/a><div class=\"x-text x-text-headline e6590-e36 m532-r m532-s m532-x m532-y m532-11 m532-14\"><div class=\"x-text-content\"><div class=\"x-text-content-text\"><h3 class=\"x-text-content-text-primary\"><a href=\"https:\/\/bayareacrisisnursery.app.neoncrm.com\/forms\/donate\" data-wplink-edit=\"true\">Faites un don aujourd&#039;hui\u00a0!<\/a><\/h3>\n<\/div><\/div><\/div><\/div><div class=\"x-col e6590-e37 m532-h m532-i m532-l\"><a class=\"x-image e6590-e38 m532-m m532-o m532-p\" href=\"https:\/\/mailchi.mp\/bayareacrisisnursery\/newsletter?dnt=1%22%20data-wplink-edit=%22true%22\" target=\"_blank\" rel=\"noopener noreferrer\"><img decoding=\"async\" src=\"https:\/\/bayareacrisisnursery.org\/wp-content\/uploads\/2022\/08\/News.jpg\" width=\"600\" height=\"400\" alt=\"Newsletter\" loading=\"lazy\"><\/a><div class=\"x-text x-text-headline e6590-e39 m532-r m532-s m532-x m532-y m532-11 m532-14\"><div class=\"x-text-content\"><div class=\"x-text-content-text\"><h3 class=\"x-text-content-text-primary\"><p><a href=\"https:\/\/mailchi.mp\/bayareacrisisnursery\/newsletter?dnt=1\" data-wplink-edit=\"true\">Inscrivez-vous pour rester en contact<\/a><\/p><\/h3>\n<\/div><\/div><\/div><\/div><\/div><\/div><\/div><\/div>","protected":false},"excerpt":{"rendered":"<p>1 IN 6 PEOPLE DO NOT HAVE ENOUGH FOOD. We&#8217;re giving out 1,500 Bags of food each year. 27,230 children in Contra Costa County are food insecure. In partnership with the Food Bank of Contra Costa and Solano counties and our generous community donors, the Bay Area Crisis Nursery provides non-perishable and fresh food. Too many children and families live &#8230; <a href=\"https:\/\/bayareacrisisnursery.org\/fr\/programs\/food-pantry\/\" class=\"more-link\">Lire la suite<\/a><\/p>","protected":false},"author":1,"featured_media":0,"parent":186,"menu_order":5,"comment_status":"closed","ping_status":"closed","template":"template-layout-full-width.php","meta":{"om_disable_all_campaigns":false,"_monsterinsights_skip_tracking":false,"_monsterinsights_sitenote_active":false,"_monsterinsights_sitenote_note":"","_monsterinsights_sitenote_category":0,"_uf_show_specific_survey":0,"_uf_disable_surveys":false,"footnotes":""},"class_list":["post-6590","page","type-page","status-publish","hentry","no-post-thumbnail"],"yoast_head":"<!-- This site is optimized with the Yoast SEO Premium plugin v27.2 (Yoast SEO v27.2) - https:\/\/yoast.com\/product\/yoast-seo-premium-wordpress\/ -->\n<title>Food Pantry- Bay Area Crisis Nursery<\/title>\n<meta name=\"description\" content=\"The Bay Area Crisis Nursery&#039;s Food Pantry offers non-perishable food, fresh fruits and vegetables, and frozen foods to families in need.\" \/>\n<meta name=\"robots\" content=\"index, follow, max-snippet:-1, max-image-preview:large, max-video-preview:-1\" \/>\n<link rel=\"canonical\" href=\"https:\/\/bayareacrisisnursery.org\/fr\/programs\/food-pantry\/\" \/>\n<meta property=\"og:locale\" content=\"fr_FR\" \/>\n<meta property=\"og:type\" content=\"article\" \/>\n<meta property=\"og:title\" content=\"Food Pantry\" \/>\n<meta property=\"og:description\" content=\"The Bay Area Crisis Nursery&#039;s Food Pantry offers non-perishable food, fresh fruits and vegetables, and frozen foods to families in need.\" \/>\n<meta property=\"og:url\" content=\"https:\/\/bayareacrisisnursery.org\/fr\/programs\/food-pantry\/\" \/>\n<meta property=\"og:site_name\" content=\"Bay Area Crisis Nursery\" \/>\n<meta property=\"article:publisher\" content=\"https:\/\/www.facebook.com\/bacnspage\/\" \/>\n<meta property=\"article:modified_time\" content=\"2025-04-02T21:25:26+00:00\" \/>\n<meta name=\"twitter:card\" content=\"summary_large_image\" \/>\n<meta name=\"twitter:site\" content=\"@bacn_nursery\" \/>\n<meta name=\"twitter:label1\" content=\"Dur\u00e9e de lecture estim\u00e9e\" \/>\n\t<meta name=\"twitter:data1\" content=\"2 minutes\" \/>\n<script type=\"application\/ld+json\" class=\"yoast-schema-graph\">{\"@context\":\"https:\/\/schema.org\",\"@graph\":[{\"@type\":\"WebPage\",\"@id\":\"https:\/\/bayareacrisisnursery.org\/programs\/food-pantry\/\",\"url\":\"https:\/\/bayareacrisisnursery.org\/programs\/food-pantry\/\",\"name\":\"Food Pantry- Bay Area Crisis Nursery\",\"isPartOf\":{\"@id\":\"https:\/\/bayareacrisisnursery.org\/#website\"},\"datePublished\":\"2022-08-25T21:17:54+00:00\",\"dateModified\":\"2025-04-02T21:25:26+00:00\",\"description\":\"The Bay Area Crisis Nursery's Food Pantry offers non-perishable food, fresh fruits and vegetables, and frozen foods to families in need.\",\"breadcrumb\":{\"@id\":\"https:\/\/bayareacrisisnursery.org\/programs\/food-pantry\/#breadcrumb\"},\"inLanguage\":\"fr-FR\",\"potentialAction\":[{\"@type\":\"ReadAction\",\"target\":[\"https:\/\/bayareacrisisnursery.org\/programs\/food-pantry\/\"]}]},{\"@type\":\"BreadcrumbList\",\"@id\":\"https:\/\/bayareacrisisnursery.org\/programs\/food-pantry\/#breadcrumb\",\"itemListElement\":[{\"@type\":\"ListItem\",\"position\":1,\"name\":\"Home\",\"item\":\"https:\/\/bayareacrisisnursery.org\/\"},{\"@type\":\"ListItem\",\"position\":2,\"name\":\"Our Programs\",\"item\":\"https:\/\/bayareacrisisnursery.org\/programs\/\"},{\"@type\":\"ListItem\",\"position\":3,\"name\":\"Food Pantry\"}]},{\"@type\":\"WebSite\",\"@id\":\"https:\/\/bayareacrisisnursery.org\/#website\",\"url\":\"https:\/\/bayareacrisisnursery.org\/\",\"name\":\"Bay Area Crisis Nursery\",\"description\":\"A Little Heart. A Little Help. A Lot of Hope.\",\"publisher\":{\"@id\":\"https:\/\/bayareacrisisnursery.org\/#organization\"},\"potentialAction\":[{\"@type\":\"SearchAction\",\"target\":{\"@type\":\"EntryPoint\",\"urlTemplate\":\"https:\/\/bayareacrisisnursery.org\/?s={search_term_string}\"},\"query-input\":{\"@type\":\"PropertyValueSpecification\",\"valueRequired\":true,\"valueName\":\"search_term_string\"}}],\"inLanguage\":\"fr-FR\"},{\"@type\":\"Organization\",\"@id\":\"https:\/\/bayareacrisisnursery.org\/#organization\",\"name\":\"Bay Area Crisis Nursery\",\"url\":\"https:\/\/bayareacrisisnursery.org\/\",\"logo\":{\"@type\":\"ImageObject\",\"inLanguage\":\"fr-FR\",\"@id\":\"https:\/\/bayareacrisisnursery.org\/#\/schema\/logo\/image\/\",\"url\":\"https:\/\/bayareacrisisnursery.org\/wp-content\/uploads\/2020\/12\/BACN-Logo.png\",\"contentUrl\":\"https:\/\/bayareacrisisnursery.org\/wp-content\/uploads\/2020\/12\/BACN-Logo.png\",\"width\":751,\"height\":374,\"caption\":\"Bay Area Crisis Nursery\"},\"image\":{\"@id\":\"https:\/\/bayareacrisisnursery.org\/#\/schema\/logo\/image\/\"},\"sameAs\":[\"https:\/\/www.facebook.com\/bacnspage\/\",\"https:\/\/x.com\/bacn_nursery\",\"https:\/\/www.instagram.com\/bayareacrisisnursery\/\",\"https:\/\/www.linkedin.com\/company\/bay-area-crisis-nursery\/about\/\"]}]}<\/script>\n<!-- \/ Yoast SEO Premium plugin. -->","yoast_head_json":{"title":"Food Pantry- Bay Area Crisis Nursery","description":"The Bay Area Crisis Nursery's Food Pantry offers non-perishable food, fresh fruits and vegetables, and frozen foods to families in need.","robots":{"index":"index","follow":"follow","max-snippet":"max-snippet:-1","max-image-preview":"max-image-preview:large","max-video-preview":"max-video-preview:-1"},"canonical":"https:\/\/bayareacrisisnursery.org\/fr\/programs\/food-pantry\/","og_locale":"fr_FR","og_type":"article","og_title":"Food Pantry","og_description":"The Bay Area Crisis Nursery's Food Pantry offers non-perishable food, fresh fruits and vegetables, and frozen foods to families in need.","og_url":"https:\/\/bayareacrisisnursery.org\/fr\/programs\/food-pantry\/","og_site_name":"Bay Area Crisis Nursery","article_publisher":"https:\/\/www.facebook.com\/bacnspage\/","article_modified_time":"2025-04-02T21:25:26+00:00","twitter_card":"summary_large_image","twitter_site":"@bacn_nursery","twitter_misc":{"Dur\u00e9e de lecture estim\u00e9e":"2 minutes"},"schema":{"@context":"https:\/\/schema.org","@graph":[{"@type":"WebPage","@id":"https:\/\/bayareacrisisnursery.org\/programs\/food-pantry\/","url":"https:\/\/bayareacrisisnursery.org\/programs\/food-pantry\/","name":"Food Pantry- Bay Area Crisis Nursery","isPartOf":{"@id":"https:\/\/bayareacrisisnursery.org\/#website"},"datePublished":"2022-08-25T21:17:54+00:00","dateModified":"2025-04-02T21:25:26+00:00","description":"The Bay Area Crisis Nursery's Food Pantry offers non-perishable food, fresh fruits and vegetables, and frozen foods to families in need.","breadcrumb":{"@id":"https:\/\/bayareacrisisnursery.org\/programs\/food-pantry\/#breadcrumb"},"inLanguage":"fr-FR","potentialAction":[{"@type":"ReadAction","target":["https:\/\/bayareacrisisnursery.org\/programs\/food-pantry\/"]}]},{"@type":"BreadcrumbList","@id":"https:\/\/bayareacrisisnursery.org\/programs\/food-pantry\/#breadcrumb","itemListElement":[{"@type":"ListItem","position":1,"name":"Home","item":"https:\/\/bayareacrisisnursery.org\/"},{"@type":"ListItem","position":2,"name":"Our Programs","item":"https:\/\/bayareacrisisnursery.org\/programs\/"},{"@type":"ListItem","position":3,"name":"Food Pantry"}]},{"@type":"WebSite","@id":"https:\/\/bayareacrisisnursery.org\/#website","url":"https:\/\/bayareacrisisnursery.org\/","name":"P\u00e9pini\u00e8re de crise de la r\u00e9gion de la baie","description":"Un petit coeur. Un peu d&#039;aide. Beaucoup d&#039;espoir.","publisher":{"@id":"https:\/\/bayareacrisisnursery.org\/#organization"},"potentialAction":[{"@type":"SearchAction","target":{"@type":"EntryPoint","urlTemplate":"https:\/\/bayareacrisisnursery.org\/?s={search_term_string}"},"query-input":{"@type":"PropertyValueSpecification","valueRequired":true,"valueName":"search_term_string"}}],"inLanguage":"fr-FR"},{"@type":"Organization","@id":"https:\/\/bayareacrisisnursery.org\/#organization","name":"P\u00e9pini\u00e8re de crise de la r\u00e9gion de la baie","url":"https:\/\/bayareacrisisnursery.org\/","logo":{"@type":"ImageObject","inLanguage":"fr-FR","@id":"https:\/\/bayareacrisisnursery.org\/#\/schema\/logo\/image\/","url":"https:\/\/bayareacrisisnursery.org\/wp-content\/uploads\/2020\/12\/BACN-Logo.png","contentUrl":"https:\/\/bayareacrisisnursery.org\/wp-content\/uploads\/2020\/12\/BACN-Logo.png","width":751,"height":374,"caption":"Bay Area Crisis Nursery"},"image":{"@id":"https:\/\/bayareacrisisnursery.org\/#\/schema\/logo\/image\/"},"sameAs":["https:\/\/www.facebook.com\/bacnspage\/","https:\/\/x.com\/bacn_nursery","https:\/\/www.instagram.com\/bayareacrisisnursery\/","https:\/\/www.linkedin.com\/company\/bay-area-crisis-nursery\/about\/"]}]}},"_links":{"self":[{"href":"https:\/\/bayareacrisisnursery.org\/fr\/wp-json\/wp\/v2\/pages\/6590","targetHints":{"allow":["GET"]}}],"collection":[{"href":"https:\/\/bayareacrisisnursery.org\/fr\/wp-json\/wp\/v2\/pages"}],"about":[{"href":"https:\/\/bayareacrisisnursery.org\/fr\/wp-json\/wp\/v2\/types\/page"}],"author":[{"embeddable":true,"href":"https:\/\/bayareacrisisnursery.org\/fr\/wp-json\/wp\/v2\/users\/1"}],"replies":[{"embeddable":true,"href":"https:\/\/bayareacrisisnursery.org\/fr\/wp-json\/wp\/v2\/comments?post=6590"}],"version-history":[{"count":11,"href":"https:\/\/bayareacrisisnursery.org\/fr\/wp-json\/wp\/v2\/pages\/6590\/revisions"}],"predecessor-version":[{"id":7351,"href":"https:\/\/bayareacrisisnursery.org\/fr\/wp-json\/wp\/v2\/pages\/6590\/revisions\/7351"}],"up":[{"embeddable":true,"href":"https:\/\/bayareacrisisnursery.org\/fr\/wp-json\/wp\/v2\/pages\/186"}],"wp:attachment":[{"href":"https:\/\/bayareacrisisnursery.org\/fr\/wp-json\/wp\/v2\/media?parent=6590"}],"curies":[{"name":"wp","href":"https:\/\/api.w.org\/{rel}","templated":true}]}}