{"id":6604,"date":"2022-08-25T22:01:13","date_gmt":"2022-08-25T22:01:13","guid":{"rendered":"https:\/\/bayareacrisisnursery.org\/?page_id=6604"},"modified":"2025-03-20T21:24:38","modified_gmt":"2025-03-20T21:24:38","slug":"bacn-boutique","status":"publish","type":"page","link":"https:\/\/bayareacrisisnursery.org\/fr\/programs\/bacn-boutique\/","title":{"rendered":"Boutique BACN"},"content":{"rendered":"<div id=\"cs-content\" class=\"cs-content\"><div class=\"x-section e6604-e1 m53g-0 m53g-1 m53g-2 m53g-3\"><div class=\"x-row e6604-e2 m53g-7 m53g-9 m53g-a\"><div class=\"x-row-inner\"><div class=\"x-col e6604-e3 m53g-h m53g-i\"><span class=\"x-image e6604-e4 m53g-l m53g-m\"><img decoding=\"async\" src=\"https:\/\/bayareacrisisnursery.org\/wp-content\/uploads\/2022\/08\/BACN-Boutique-Banner.png\" width=\"1200\" height=\"400\" alt=\"BACN Boutique\" loading=\"lazy\"><\/span><\/div><\/div><\/div><\/div><div class=\"x-section e6604-e5 m53g-0 m53g-3 m53g-4\"><div class=\"x-row e6604-e6 m53g-7 m53g-8 m53g-9 m53g-b\"><div class=\"x-row-inner\"><div class=\"x-col e6604-e7 m53g-h m53g-i\"><div class=\"x-text x-text-headline e6604-e8 m53g-p m53g-q m53g-r m53g-s\"><div class=\"x-text-content\"><div class=\"x-text-content-text\"><h1 class=\"x-text-content-text-primary\">$150,000<\/h1>\n<\/div><\/div><\/div><div class=\"x-text x-content e6604-e9 m53g-v\">ENVIRON $150 000 D&#039;ARTICLES SONT DONN\u00c9S \u00c0 LA P\u00c9PINI\u00c8RE ANNUELLEMENT. TOUT EST DONN\u00c9 \u00c0 NOS ENFANTS ET \u00c0 NOS FAMILLES SANS FRAIS\u00a0!<\/div><\/div><\/div><\/div><\/div><div class=\"x-section e6604-e10 m53g-0 m53g-1 m53g-3 m53g-5\"><div class=\"x-row e6604-e11 m53g-7 m53g-9 m53g-c\"><div class=\"x-row-inner\"><div class=\"x-col e6604-e12 m53g-h m53g-i\"><hr class=\"x-line e6604-e13 m53g-w\"\/><\/div><\/div><\/div><\/div><div class=\"x-section e6604-e14 m53g-0 m53g-1 m53g-3 m53g-5\"><div class=\"x-row e6604-e15 m53g-7 m53g-9 m53g-d\"><div class=\"x-row-inner\"><div class=\"x-col e6604-e16 m53g-h m53g-j\">Nous continuons \u00e0 r\u00e9pondre aux besoins de base de nos clients avec la Boutique BACN. Tout cela gr\u00e2ce \u00e0 nos g\u00e9n\u00e9reux donateurs corporatifs et communautaires. Notre boutique enti\u00e8rement approvisionn\u00e9e propose des meubles pour enfants, des jouets, des livres, des v\u00eatements et bien plus encore pour que les familles puissent emporter tout ce dont elles ont besoin sans frais. Les membres de la communaut\u00e9 sont invit\u00e9s \u00e0 magasiner gratuitement dans la boutique BACN\u00a0! La Boutique est actuellement situ\u00e9e dans le hall de la Garderie et est ouverte au public. La boutique BACN est approvisionn\u00e9e quotidiennement avec des articles donn\u00e9s par notre g\u00e9n\u00e9reuse communaut\u00e9. Les parents qui attendent un b\u00e9b\u00e9 peuvent trouver des v\u00eatements, des couvertures, des biberons, des poussettes et du mat\u00e9riel pour b\u00e9b\u00e9. Pour les familles avec des enfants plus \u00e2g\u00e9s, nous avons beaucoup de v\u00eatements, chaussures, livres, jouets et plus encore. Et pour les parents, nous avons des v\u00eatements, des chaussures et des produits d&#039;hygi\u00e8ne. Besoin de quelque chose que vous ne voyez pas ? Informez-en simplement notre personnel de la cr\u00e8che. Nous pouvons vous aider \u00e0 trouver des articles. <\/p>\n \nAvant de visiter la boutique BACN, assurez-vous de commander aupr\u00e8s de notre garde-manger et banque de couches. Si vous \u00eates un parent ayant besoin de nourriture ou de couches, <b><a href=\"tel:925-685-6633\">Appelez s&#039;il vous pla\u00eet<\/a><\/b> la cr\u00e8che pour commander un ramassage de nourriture et de couches.<\/p>\n<\/div><\/div><\/div><\/div><div class=\"x-section e6604-e18 m53g-0 m53g-1 m53g-3 m53g-5\"><div class=\"x-row e6604-e19 m53g-7 m53g-9 m53g-e\"><div class=\"x-row-inner\"><div class=\"x-col e6604-e20 m53g-h m53g-i\"><div id=\"x-content-band-1\" class=\"x-content-band border-top border-left border-right border-bottom\" style=\"background-color: #efefef; color: #333;\"><div class=\"x-container max width\"> \n<h4  class=\"h-custom-headline h3\" style=\"margin-top: 0;\"><span>Dons d&#039;articles<\/span><\/h4><\/p>\n\nNous acceptons\u00a0: les jouets propres et l\u00e9g\u00e8rement usag\u00e9s (pour \u00e9viter tout risque d&#039;\u00e9touffement, assurez-vous que les petits jouets sont bien rang\u00e9s dans un sac), l&#039;\u00e9quipement pour enfants, les couches, les aliments et pr\u00e9parations pour b\u00e9b\u00e9s non p\u00e9rim\u00e9s, les couches non ouvertes, les livres en bon \u00e9tat, les puzzles et jeux (veuillez scotcher les bo\u00eetes pour vous assurer que les petits objets restent \u00e0 l&#039;int\u00e9rieur), v\u00eatements et chaussures d&#039;enfants l\u00e9g\u00e8rement us\u00e9s. <\/p>S&#039;il te pla\u00eet <b><a href=\"tel:925-685-6633\">appelez-nous<\/a><\/b> pour voir si nous acceptons les dons ou donnons directement \u00e0 la p\u00e9pini\u00e8re.<\/p>\n\n\n<p><a  class=\"x-btn x-btn-flat x-btn-global\"  href=\"https:\/\/bayareacrisisnursery.app.neoncrm.com\/np\/clients\/bayareacrisisnursery\/donation.jsp?campaign=281&\"     data-options=\"thumbnail: ''\">Faites un don aujourd&#039;hui\u00a0!<\/a> <\/div><\/div>\n<\/div><\/div><\/div><\/div><div class=\"x-section e6604-e22 m53g-0 m53g-4 m53g-6\"><div class=\"x-row e6604-e23 m53g-7 m53g-8 m53g-9 m53g-f\"><div class=\"x-row-inner\"><div class=\"x-col e6604-e24 m53g-h m53g-i\"><div class=\"x-text x-text-headline e6604-e25 m53g-q m53g-r m53g-t\"><div class=\"x-text-content\"><div class=\"x-text-content-text\"><h3 class=\"x-text-content-text-primary\">Soutenir BACN<\/h3>\n<\/div><\/div><\/div><\/div><\/div><\/div><div class=\"x-row e6604-e26 m53g-7 m53g-8 m53g-9 m53g-g\"><div class=\"x-row-inner\"><div class=\"x-col e6604-e27 m53g-h m53g-i m53g-k\"><a class=\"x-image e6604-e28 m53g-l m53g-n\" href=\"https:\/\/bayareacrisisnursery.app.neoncrm.com\/forms\/donate\" target=\"_blank\" rel=\"noopener noreferrer\"><img decoding=\"async\" src=\"https:\/\/bayareacrisisnursery.org\/wp-content\/uploads\/2022\/08\/Piggy-Bank.jpg\" width=\"600\" height=\"400\" alt=\"Donate Today\" loading=\"lazy\"><\/a><div class=\"x-text x-text-headline e6604-e29 m53g-p m53g-q m53g-u\"><div class=\"x-text-content\"><div class=\"x-text-content-text\"><h3 class=\"x-text-content-text-primary\"><a href=\"https:\/\/bayareacrisisnursery.app.neoncrm.com\/forms\/donate\" data-wplink-edit=\"true\">Faites un don aujourd&#039;hui\u00a0!<\/a><\/h3>\n<\/div><\/div><\/div><\/div><div class=\"x-col e6604-e30 m53g-h m53g-i m53g-k\"><a class=\"x-image e6604-e31 m53g-l m53g-n m53g-o\" href=\"https:\/\/mailchi.mp\/bayareacrisisnursery\/newsletter?dnt=1%22%20data-wplink-edit=%22true%22\" target=\"_blank\" rel=\"noopener noreferrer\"><img decoding=\"async\" src=\"https:\/\/bayareacrisisnursery.org\/wp-content\/uploads\/2022\/08\/News.jpg\" width=\"600\" height=\"400\" alt=\"Newsletter\" loading=\"lazy\"><\/a><div class=\"x-text x-text-headline e6604-e32 m53g-p m53g-q m53g-u\"><div class=\"x-text-content\"><div class=\"x-text-content-text\"><h3 class=\"x-text-content-text-primary\"><p><a href=\"https:\/\/mailchi.mp\/bayareacrisisnursery\/newsletter?dnt=1\" data-wplink-edit=\"true\">Inscrivez-vous pour rester en contact<\/a><\/p><\/h3>\n<\/div><\/div><\/div><\/div><\/div><\/div><\/div><\/div>","protected":false},"excerpt":{"rendered":"<p>$150,000 APPROXIMATELY $150,000 WORTH OF ITEMS ARE DONATED TO THE NURSERY ANNUALLY. EVERYTHING IS GIVEN TO OUR CHILDREN AND FAMILIES AT NO COST!We continue to meet the basic needs of our clients with the BACN Boutique. It\u2019s all thanks to our generous corporate and community donors. Our fully stocked, boutique has children\u2019s furniture, toys, books, clothes, and much more for &#8230; <a href=\"https:\/\/bayareacrisisnursery.org\/fr\/programs\/bacn-boutique\/\" class=\"more-link\">Lire la suite<\/a><\/p>","protected":false},"author":1,"featured_media":0,"parent":186,"menu_order":4,"comment_status":"closed","ping_status":"closed","template":"template-layout-full-width.php","meta":{"om_disable_all_campaigns":false,"_monsterinsights_skip_tracking":false,"_monsterinsights_sitenote_active":false,"_monsterinsights_sitenote_note":"","_monsterinsights_sitenote_category":0,"_uf_show_specific_survey":0,"_uf_disable_surveys":false,"footnotes":""},"class_list":["post-6604","page","type-page","status-publish","hentry","no-post-thumbnail"],"yoast_head":"<!-- This site is optimized with the Yoast SEO Premium plugin v27.2 (Yoast SEO v27.2) - https:\/\/yoast.com\/product\/yoast-seo-premium-wordpress\/ -->\n<title>The BACN Boutique- Bay Area Crisis Nursery<\/title>\n<meta name=\"description\" content=\"The BACN Boutique offers free clothing for children and adults, shoes, books, toys, and children&#039;s equipment at no cost to the community.\" \/>\n<meta name=\"robots\" content=\"index, follow, max-snippet:-1, max-image-preview:large, max-video-preview:-1\" \/>\n<link rel=\"canonical\" href=\"https:\/\/bayareacrisisnursery.org\/fr\/programs\/bacn-boutique\/\" \/>\n<meta property=\"og:locale\" content=\"fr_FR\" \/>\n<meta property=\"og:type\" content=\"article\" \/>\n<meta property=\"og:title\" content=\"BACN Boutique\" \/>\n<meta property=\"og:description\" content=\"The BACN Boutique offers free clothing for children and adults, shoes, books, toys, and children&#039;s equipment at no cost to the community.\" \/>\n<meta property=\"og:url\" content=\"https:\/\/bayareacrisisnursery.org\/fr\/programs\/bacn-boutique\/\" \/>\n<meta property=\"og:site_name\" content=\"Bay Area Crisis Nursery\" \/>\n<meta property=\"article:publisher\" content=\"https:\/\/www.facebook.com\/bacnspage\/\" \/>\n<meta property=\"article:modified_time\" content=\"2025-03-20T21:24:38+00:00\" \/>\n<meta name=\"twitter:card\" content=\"summary_large_image\" \/>\n<meta name=\"twitter:site\" content=\"@bacn_nursery\" \/>\n<meta name=\"twitter:label1\" content=\"Dur\u00e9e de lecture estim\u00e9e\" \/>\n\t<meta name=\"twitter:data1\" content=\"2 minutes\" \/>\n<script type=\"application\/ld+json\" class=\"yoast-schema-graph\">{\"@context\":\"https:\/\/schema.org\",\"@graph\":[{\"@type\":\"WebPage\",\"@id\":\"https:\/\/bayareacrisisnursery.org\/programs\/bacn-boutique\/\",\"url\":\"https:\/\/bayareacrisisnursery.org\/programs\/bacn-boutique\/\",\"name\":\"The BACN Boutique- Bay Area Crisis Nursery\",\"isPartOf\":{\"@id\":\"https:\/\/bayareacrisisnursery.org\/#website\"},\"datePublished\":\"2022-08-25T22:01:13+00:00\",\"dateModified\":\"2025-03-20T21:24:38+00:00\",\"description\":\"The BACN Boutique offers free clothing for children and adults, shoes, books, toys, and children's equipment at no cost to the community.\",\"breadcrumb\":{\"@id\":\"https:\/\/bayareacrisisnursery.org\/programs\/bacn-boutique\/#breadcrumb\"},\"inLanguage\":\"fr-FR\",\"potentialAction\":[{\"@type\":\"ReadAction\",\"target\":[\"https:\/\/bayareacrisisnursery.org\/programs\/bacn-boutique\/\"]}]},{\"@type\":\"BreadcrumbList\",\"@id\":\"https:\/\/bayareacrisisnursery.org\/programs\/bacn-boutique\/#breadcrumb\",\"itemListElement\":[{\"@type\":\"ListItem\",\"position\":1,\"name\":\"Home\",\"item\":\"https:\/\/bayareacrisisnursery.org\/\"},{\"@type\":\"ListItem\",\"position\":2,\"name\":\"Our Programs\",\"item\":\"https:\/\/bayareacrisisnursery.org\/programs\/\"},{\"@type\":\"ListItem\",\"position\":3,\"name\":\"BACN Boutique\"}]},{\"@type\":\"WebSite\",\"@id\":\"https:\/\/bayareacrisisnursery.org\/#website\",\"url\":\"https:\/\/bayareacrisisnursery.org\/\",\"name\":\"Bay Area Crisis Nursery\",\"description\":\"A Little Heart. A Little Help. A Lot of Hope.\",\"publisher\":{\"@id\":\"https:\/\/bayareacrisisnursery.org\/#organization\"},\"potentialAction\":[{\"@type\":\"SearchAction\",\"target\":{\"@type\":\"EntryPoint\",\"urlTemplate\":\"https:\/\/bayareacrisisnursery.org\/?s={search_term_string}\"},\"query-input\":{\"@type\":\"PropertyValueSpecification\",\"valueRequired\":true,\"valueName\":\"search_term_string\"}}],\"inLanguage\":\"fr-FR\"},{\"@type\":\"Organization\",\"@id\":\"https:\/\/bayareacrisisnursery.org\/#organization\",\"name\":\"Bay Area Crisis Nursery\",\"url\":\"https:\/\/bayareacrisisnursery.org\/\",\"logo\":{\"@type\":\"ImageObject\",\"inLanguage\":\"fr-FR\",\"@id\":\"https:\/\/bayareacrisisnursery.org\/#\/schema\/logo\/image\/\",\"url\":\"https:\/\/bayareacrisisnursery.org\/wp-content\/uploads\/2020\/12\/BACN-Logo.png\",\"contentUrl\":\"https:\/\/bayareacrisisnursery.org\/wp-content\/uploads\/2020\/12\/BACN-Logo.png\",\"width\":751,\"height\":374,\"caption\":\"Bay Area Crisis Nursery\"},\"image\":{\"@id\":\"https:\/\/bayareacrisisnursery.org\/#\/schema\/logo\/image\/\"},\"sameAs\":[\"https:\/\/www.facebook.com\/bacnspage\/\",\"https:\/\/x.com\/bacn_nursery\",\"https:\/\/www.instagram.com\/bayareacrisisnursery\/\",\"https:\/\/www.linkedin.com\/company\/bay-area-crisis-nursery\/about\/\"]}]}<\/script>\n<!-- \/ Yoast SEO Premium plugin. -->","yoast_head_json":{"title":"The BACN Boutique- Bay Area Crisis Nursery","description":"The BACN Boutique offers free clothing for children and adults, shoes, books, toys, and children's equipment at no cost to the community.","robots":{"index":"index","follow":"follow","max-snippet":"max-snippet:-1","max-image-preview":"max-image-preview:large","max-video-preview":"max-video-preview:-1"},"canonical":"https:\/\/bayareacrisisnursery.org\/fr\/programs\/bacn-boutique\/","og_locale":"fr_FR","og_type":"article","og_title":"BACN Boutique","og_description":"The BACN Boutique offers free clothing for children and adults, shoes, books, toys, and children's equipment at no cost to the community.","og_url":"https:\/\/bayareacrisisnursery.org\/fr\/programs\/bacn-boutique\/","og_site_name":"Bay Area Crisis Nursery","article_publisher":"https:\/\/www.facebook.com\/bacnspage\/","article_modified_time":"2025-03-20T21:24:38+00:00","twitter_card":"summary_large_image","twitter_site":"@bacn_nursery","twitter_misc":{"Dur\u00e9e de lecture estim\u00e9e":"2 minutes"},"schema":{"@context":"https:\/\/schema.org","@graph":[{"@type":"WebPage","@id":"https:\/\/bayareacrisisnursery.org\/programs\/bacn-boutique\/","url":"https:\/\/bayareacrisisnursery.org\/programs\/bacn-boutique\/","name":"The BACN Boutique- Bay Area Crisis Nursery","isPartOf":{"@id":"https:\/\/bayareacrisisnursery.org\/#website"},"datePublished":"2022-08-25T22:01:13+00:00","dateModified":"2025-03-20T21:24:38+00:00","description":"The BACN Boutique offers free clothing for children and adults, shoes, books, toys, and children's equipment at no cost to the community.","breadcrumb":{"@id":"https:\/\/bayareacrisisnursery.org\/programs\/bacn-boutique\/#breadcrumb"},"inLanguage":"fr-FR","potentialAction":[{"@type":"ReadAction","target":["https:\/\/bayareacrisisnursery.org\/programs\/bacn-boutique\/"]}]},{"@type":"BreadcrumbList","@id":"https:\/\/bayareacrisisnursery.org\/programs\/bacn-boutique\/#breadcrumb","itemListElement":[{"@type":"ListItem","position":1,"name":"Home","item":"https:\/\/bayareacrisisnursery.org\/"},{"@type":"ListItem","position":2,"name":"Our Programs","item":"https:\/\/bayareacrisisnursery.org\/programs\/"},{"@type":"ListItem","position":3,"name":"BACN Boutique"}]},{"@type":"WebSite","@id":"https:\/\/bayareacrisisnursery.org\/#website","url":"https:\/\/bayareacrisisnursery.org\/","name":"P\u00e9pini\u00e8re de crise de la r\u00e9gion de la baie","description":"Un petit coeur. Un peu d&#039;aide. Beaucoup d&#039;espoir.","publisher":{"@id":"https:\/\/bayareacrisisnursery.org\/#organization"},"potentialAction":[{"@type":"SearchAction","target":{"@type":"EntryPoint","urlTemplate":"https:\/\/bayareacrisisnursery.org\/?s={search_term_string}"},"query-input":{"@type":"PropertyValueSpecification","valueRequired":true,"valueName":"search_term_string"}}],"inLanguage":"fr-FR"},{"@type":"Organization","@id":"https:\/\/bayareacrisisnursery.org\/#organization","name":"P\u00e9pini\u00e8re de crise de la r\u00e9gion de la baie","url":"https:\/\/bayareacrisisnursery.org\/","logo":{"@type":"ImageObject","inLanguage":"fr-FR","@id":"https:\/\/bayareacrisisnursery.org\/#\/schema\/logo\/image\/","url":"https:\/\/bayareacrisisnursery.org\/wp-content\/uploads\/2020\/12\/BACN-Logo.png","contentUrl":"https:\/\/bayareacrisisnursery.org\/wp-content\/uploads\/2020\/12\/BACN-Logo.png","width":751,"height":374,"caption":"Bay Area Crisis Nursery"},"image":{"@id":"https:\/\/bayareacrisisnursery.org\/#\/schema\/logo\/image\/"},"sameAs":["https:\/\/www.facebook.com\/bacnspage\/","https:\/\/x.com\/bacn_nursery","https:\/\/www.instagram.com\/bayareacrisisnursery\/","https:\/\/www.linkedin.com\/company\/bay-area-crisis-nursery\/about\/"]}]}},"_links":{"self":[{"href":"https:\/\/bayareacrisisnursery.org\/fr\/wp-json\/wp\/v2\/pages\/6604","targetHints":{"allow":["GET"]}}],"collection":[{"href":"https:\/\/bayareacrisisnursery.org\/fr\/wp-json\/wp\/v2\/pages"}],"about":[{"href":"https:\/\/bayareacrisisnursery.org\/fr\/wp-json\/wp\/v2\/types\/page"}],"author":[{"embeddable":true,"href":"https:\/\/bayareacrisisnursery.org\/fr\/wp-json\/wp\/v2\/users\/1"}],"replies":[{"embeddable":true,"href":"https:\/\/bayareacrisisnursery.org\/fr\/wp-json\/wp\/v2\/comments?post=6604"}],"version-history":[{"count":11,"href":"https:\/\/bayareacrisisnursery.org\/fr\/wp-json\/wp\/v2\/pages\/6604\/revisions"}],"predecessor-version":[{"id":7352,"href":"https:\/\/bayareacrisisnursery.org\/fr\/wp-json\/wp\/v2\/pages\/6604\/revisions\/7352"}],"up":[{"embeddable":true,"href":"https:\/\/bayareacrisisnursery.org\/fr\/wp-json\/wp\/v2\/pages\/186"}],"wp:attachment":[{"href":"https:\/\/bayareacrisisnursery.org\/fr\/wp-json\/wp\/v2\/media?parent=6604"}],"curies":[{"name":"wp","href":"https:\/\/api.w.org\/{rel}","templated":true}]}}