{"id":1243,"date":"2019-10-09T19:05:02","date_gmt":"2019-10-09T19:05:02","guid":{"rendered":"https:\/\/bayareacrisisnursery.org\/?page_id=1243"},"modified":"2026-01-08T20:39:21","modified_gmt":"2026-01-08T20:39:21","slug":"holiday-meals","status":"publish","type":"page","link":"https:\/\/bayareacrisisnursery.org\/vi\/other-ways-to-give\/holiday-meals\/","title":{"rendered":"B\u1eefa \u0103n ng\u00e0y l\u1ec5"},"content":{"rendered":"<div id=\"cs-content\" class=\"cs-content\"><div class=\"x-section e1243-e1 myj-0 myj-1 myj-2\"><div class=\"x-container marginless-columns e1243-e2 myj-6\"><div class=\"x-column x-sm x-1-1 e1243-e3 myj-7\"><img decoding=\"async\"  class=\"x-img x-img-none\"  src=\"https:\/\/bayareacrisisnursery.org\/wp-content\/uploads\/2022\/09\/Thanksgiving-Banner.jpg\" alt=\"Thanksgiving and Holiday Meals\"><\/div><\/div><\/div><div class=\"x-section e1243-e5 myj-0 myj-1 myj-2\"><div class=\"x-container marginless-columns e1243-e6 myj-6\"><div class=\"x-column x-sm x-1-1 e1243-e7 myj-7\"><h2  class=\"h-custom-headline h3\" ><span>T\u1eb7ng su\u1ea5t \u0103n ng\u00e0y T\u1ebft cho gia \u0111\u00ecnh kh\u00f3 kh\u0103n<\/span><\/h2><\/div><\/div><div class=\"x-container marginless-columns e1243-e9 myj-6\"><div class=\"x-column x-sm x-1-1 e1243-e10 myj-7\"><div class=\"x-content-area e1243-e11 myj-8\"><p>M\u1ed7i m\u00f9a ngh\u1ec9 l\u1ec5, ch\u00fang t\u00f4i \u0111\u1ec1u \u0111\u01b0\u1ee3c nh\u1eafc nh\u1edf v\u1ec1 l\u00f2ng bi\u1ebft \u01a1n c\u1ee7a ch\u00fang t\u00f4i \u0111\u1ed1i v\u1edbi m\u1ed7i gia \u0111\u00ecnh v\u00e0 tr\u1ebb em \u1edf l\u1ea1i Nh\u00e0 tr\u1ebb. Ch\u00fang t\u00f4i c\u1ea3m th\u1ea5y may m\u1eafn khi \u0111\u01b0\u1ee3c tr\u1edf th\u00e0nh m\u1ed9t ph\u1ea7n trong cu\u1ed9c s\u1ed1ng v\u00e0 ng\u00f4i l\u00e0ng c\u1ee7a h\u1ecd. Ch\u00fang t\u00f4i \u0111\u1ec1n \u0111\u00e1p trong m\u00f9a l\u1ec5 b\u1eb1ng c\u00e1ch cung c\u1ea5p c\u00e1c B\u1eefa \u0103n L\u1ec5 t\u1ea1 \u01a1n v\u00e0 Ng\u00e0y l\u1ec5 th\u00e1ng 12 mi\u1ec5n ph\u00ed c\u0169ng nh\u01b0 nh\u1eadn nu\u00f4i c\u00e1c gia \u0111\u00ecnh c\u1ee7a ch\u00fang t\u00f4i trong \u0111\u1ee3t t\u1eb7ng qu\u00e0 v\u00e0 \u0111\u1ed3 ch\u01a1i h\u00e0ng n\u0103m.<\/p>\n<p><strong>This season, you can make a difference by donating a Holiday Meal Box filled with everything needed to feed a family of four.<\/strong><\/p>\n<p><strong>Each box should include:<\/strong><\/p>\n<ul>\n<li><b>Main Dish&mdash;<\/b> Mua th\u1ebb qu\u00e0 t\u1eb7ng $25 t\u1eeb c\u00e1c c\u1eeda h\u00e0ng t\u1ea1p h\u00f3a \u0111\u1ecba ph\u01b0\u01a1ng (FoodMaxx, Grocery Outlet, Safeway, Trader Joe&#039;s, Walmart, WinCo). Ho\u1eb7c b\u1ea1n c\u00f3 th\u1ec3 <b><a href=\"https:\/\/bayareacrisisnursery.app.neoncrm.com\/forms\/donate?campaignId=1298\">Quy\u00ean t\u1eb7ng<\/a><\/b> tr\u1ef1c ti\u1ebfp v\u1edbi ch\u00fang t\u00f4i, v\u00e0 ch\u00fang t\u00f4i s\u1ebd mua s\u1eafm!<\/li>\n<\/ul>\n<ul>\n<li><b>Side dishes&mdash;<\/b> H\u1ed7n h\u1ee3p nh\u1ed3i \u0111\u00f3ng h\u1ed9p, khoai t\u00e2y nghi\u1ec1n \u0103n li\u1ec1n \u0111\u00f3ng h\u1ed9p ho\u1eb7c khoai t\u00e2y s\u00f2 \u0111i\u1ec7p, h\u1ed7n h\u1ee3p n\u01b0\u1edbc th\u1ecbt ho\u1eb7c n\u01b0\u1edbc th\u1ecbt \u0111\u00f3ng h\u1ed9p, c\u01a1m, m\u00ec \u1ed1ng v\u00e0 n\u01b0\u1edbc s\u1ed1t, h\u1ed7n h\u1ee3p b\u00e1nh ng\u00f4 v\u00e0 b\u00e1nh quy.<\/li>\n<\/ul>\n<ul>\n<li><b>Veggies and Fruit&mdash;<\/b> Khoai lang ho\u1eb7c khoai lang \u0111\u00f3ng h\u1ed9p, nam vi\u1ec7t qu\u1ea5t \u0111\u00f3ng h\u1ed9p, s\u1ed1t nam vi\u1ec7t qu\u1ea5t, rau \u0111\u00f3ng h\u1ed9p (\u0111\u1eadu xanh, ng\u00f4, \u0111\u1eadu H\u00e0 Lan) v\u00e0 tr\u00e1i c\u00e2y.<\/li>\n<\/ul>\n<ul>\n<li><b>Other Essentials&mdash;<\/b> Chicken or turkey stock, cream of mushroom soup, and French-fried onions.<\/li>\n<\/ul>\n<ul>\n<li><b>Dessert&mdash;<\/b> Nh\u00e2n b\u00e1nh b\u00ed ng\u00f4 ho\u1eb7c nh\u00e2n b\u00e1nh tr\u00e1i c\u00e2y (\u0111\u00f3ng h\u1ed9p), v\u1ecf b\u00e1nh pie, b\u00e1nh b\u00f4ng lan, b\u00e1nh kem, h\u1ed7n h\u1ee3p b\u00e1nh h\u1ea1nh nh\u00e2n v\u00e0 h\u1ed7n h\u1ee3p b\u00e1nh pudding.<\/li>\n<\/ul>\n<p><b>Gi\u1ea3m th\u1eddi gian \u0111\u00f3ng g\u00f3p<br \/>L\u1ec5 t\u1ea1 \u01a1n<br \/>Nov 17 - 21, 2025 | 10 am - 5 pm<br \/>\u0110\u1ecba \u0111i\u1ec3m: 1510 Mendocino Dr, Concord<\/b><\/p>\n<p><b>B\u1eefa t\u1ed1i ng\u00e0y l\u1ec5 th\u00e1ng 12<br \/>Dec 8 - 12, &amp; Dec 15 - 17, 2025 | 10 am - 5 pm<br \/>\u0110\u1ecba \u0111i\u1ec3m: 1510 Mendocino Dr, Concord<\/b><\/p><\/div><\/div><\/div><\/div><div class=\"x-section e1243-e12 myj-0 myj-1 myj-2 myj-3\"><div class=\"x-row e1243-e13 myj-9 myj-a myj-b myj-d myj-e\"><div class=\"x-row-inner\"><div class=\"x-col e1243-e14 myj-j myj-k\"><a  class=\"x-btn x-btn-global\"  href=\"https:\/\/bayareacrisisnursery.app.neoncrm.com\/forms\/holiday-donations\"  target=\"_blank\" rel=\"noopener noreferrer\"   data-options=\"thumbnail: ''\">Donate a Meal Today!<\/a><\/div><\/div><\/div><\/div><div class=\"x-section e1243-e16 myj-0 myj-1 myj-4\"><div class=\"x-row e1243-e17 myj-9 myj-a myj-d myj-f\"><div class=\"x-row-inner\"><div class=\"x-col e1243-e18 myj-j myj-l\"><div class=\"x-content-area e1243-e19 myj-8\"><p><div id=\"x-content-band-1\" class=\"x-content-band border-top border-left border-right border-bottom\" style=\"background-color: #efefef; color: #333;\"><div class=\"x-container max width\"> <h4  class=\"h-custom-headline h3\" style=\"margin-top: 0;\"><span>Thanksgiving Meal Box<\/span><\/h4><\/p>\n<p>Interested in donating a Thanksgiving &amp; December Holiday Meal Box Dinner for 4? Just fill out the form below letting us know and schedule your drop off date.<\/p>\n<p><a  class=\"x-btn x-btn-flat x-btn-global\"  href=\"https:\/\/docs.google.com\/forms\/d\/e\/1FAIpQLSdy8WGtP3GII2I0GtHUWwU7FRVYShVWZiAMqfylMW_pSFwQKQ\/viewform?usp=publish-editor\" title=\"Holiday Meal Box Donation Interest Form\"    data-options=\"thumbnail: ''\">Thanksgiving Meal Box Donation Interest Form<\/a> <\/div><\/div><\/p><\/div><\/div><\/div><\/div><\/div><div class=\"x-section e1243-e20 myj-0 myj-2 myj-5\"><div class=\"x-row e1243-e21 myj-9 myj-b myj-c myj-g myj-h\"><div class=\"x-row-inner\"><div class=\"x-col e1243-e22 myj-j myj-l\"><div class=\"x-text x-text-headline e1243-e23 myj-n myj-o\"><div class=\"x-text-content\"><div class=\"x-text-content-text\"><h3 class=\"x-text-content-text-primary\">H\u1ed7 tr\u1ee3 BACN<\/h3>\n<\/div><\/div><\/div><\/div><\/div><\/div><div class=\"x-row e1243-e24 myj-9 myj-b myj-c myj-g myj-i\"><div class=\"x-row-inner\"><div class=\"x-col e1243-e25 myj-j myj-l myj-m\"><a class=\"x-image e1243-e26 myj-q\" href=\"mailto:giving@bayareacrisisnursery.org?subject=Stock%20Donations\" target=\"_blank\" rel=\"noopener noreferrer\"><img decoding=\"async\" src=\"https:\/\/bayareacrisisnursery.org\/wp-content\/uploads\/2019\/12\/Piggy-Stock.jpg\" width=\"847\" height=\"565\" alt=\"Stock Donations\" loading=\"lazy\"><\/a><div class=\"x-text x-text-headline e1243-e27 myj-o myj-p\"><div class=\"x-text-content\"><div class=\"x-text-content-text\"><h3 class=\"x-text-content-text-primary\"><p><a href=\"mailto:giving@bayareacrisisnursery.org?subject=Donating Stock\">BACN ch\u1ea5p nh\u1eadn t\u1eb7ng c\u1ed5 phi\u1ebfu. G\u1eedi email ngay h\u00f4m nay.<\/a><\/p><\/h3>\n<\/div><\/div><\/div><\/div><div class=\"x-col e1243-e28 myj-j myj-l myj-m\"><iframe loading=\"lazy\" src=\"https:\/\/doublethedonation.com\/api\/iframe\/XvD2NtEV1TSXhAQ1\" height=\"350\" width=\"100%\"><\/iframe><\/div><div class=\"x-col e1243-e30 myj-j myj-l myj-m\"><a class=\"x-image e1243-e31 myj-q myj-r\" href=\"https:\/\/bayareacrisisnursery.org\/vi\/programs\/crisis-care\/\" target=\"_blank\" rel=\"noopener noreferrer\"><img decoding=\"async\" src=\"https:\/\/bayareacrisisnursery.org\/wp-content\/uploads\/2022\/08\/News.jpg\" width=\"600\" height=\"400\" alt=\"Newsletter\" loading=\"lazy\"><\/a><div class=\"x-text x-text-headline e1243-e32 myj-o myj-p\"><div class=\"x-text-content\"><div class=\"x-text-content-text\"><h3 class=\"x-text-content-text-primary\"><p><a href=\"https:\/\/mailchi.mp\/bayareacrisisnursery\/newsletter?dnt=1\" data-wplink-edit=\"true\">\u0110\u0103ng k\u00fd \u0111\u1ec3 gi\u1eef li\u00ean l\u1ea1c<\/a><\/p><\/h3>\n<\/div><\/div><\/div><\/div><\/div><\/div><\/div><\/div>","protected":false},"excerpt":{"rendered":"<p>Donate Holiday Meals to a Family in NeedEach holiday season, we are reminded of how thankful we are to every family and child who stays at the Nursery. We feel blessed to be a part of their lives and village. We give back during the holiday season by offering free Thanksgiving and December Holiday Meals and adopting our families during &#8230; <a href=\"https:\/\/bayareacrisisnursery.org\/vi\/other-ways-to-give\/holiday-meals\/\" class=\"more-link\">\u0110\u1ecdc th\u00eam<\/a><\/p>","protected":false},"author":1,"featured_media":0,"parent":270,"menu_order":0,"comment_status":"closed","ping_status":"closed","template":"template-layout-full-width.php","meta":{"om_disable_all_campaigns":false,"_monsterinsights_skip_tracking":false,"_monsterinsights_sitenote_active":false,"_monsterinsights_sitenote_note":"","_monsterinsights_sitenote_category":0,"_uf_show_specific_survey":0,"_uf_disable_surveys":false,"footnotes":""},"class_list":["post-1243","page","type-page","status-publish","hentry","no-post-thumbnail"],"yoast_head":"<!-- This site is optimized with the Yoast SEO Premium plugin v27.2 (Yoast SEO v27.2) - https:\/\/yoast.com\/product\/yoast-seo-premium-wordpress\/ -->\n<title>Holiday Meals - Bay Area Crisis Nursery<\/title>\n<meta name=\"description\" content=\"Donate Thanksgiving and December holiday meals for BACN&#039;s clients by donating non-perishable food items to our annual Thanksgiving Meal Drive.\" \/>\n<meta name=\"robots\" content=\"index, follow, max-snippet:-1, max-image-preview:large, max-video-preview:-1\" \/>\n<link rel=\"canonical\" href=\"https:\/\/bayareacrisisnursery.org\/vi\/other-ways-to-give\/holiday-meals\/\" \/>\n<meta property=\"og:locale\" content=\"vi_VN\" \/>\n<meta property=\"og:type\" content=\"article\" \/>\n<meta property=\"og:title\" content=\"Holiday Meals\" \/>\n<meta property=\"og:description\" content=\"Donate Thanksgiving and December holiday meals for BACN&#039;s clients by donating non-perishable food items to our annual Thanksgiving Meal Drive.\" \/>\n<meta property=\"og:url\" content=\"https:\/\/bayareacrisisnursery.org\/vi\/other-ways-to-give\/holiday-meals\/\" \/>\n<meta property=\"og:site_name\" content=\"Bay Area Crisis Nursery\" \/>\n<meta property=\"article:publisher\" content=\"https:\/\/www.facebook.com\/bacnspage\/\" \/>\n<meta property=\"article:modified_time\" content=\"2026-01-08T20:39:21+00:00\" \/>\n<meta name=\"twitter:card\" content=\"summary_large_image\" \/>\n<meta name=\"twitter:site\" content=\"@bacn_nursery\" \/>\n<meta name=\"twitter:label1\" content=\"\u01af\u1edbc t\u00ednh th\u1eddi gian \u0111\u1ecdc\" \/>\n\t<meta name=\"twitter:data1\" content=\"2 ph\u00fat\" \/>\n<script type=\"application\/ld+json\" class=\"yoast-schema-graph\">{\"@context\":\"https:\/\/schema.org\",\"@graph\":[{\"@type\":\"WebPage\",\"@id\":\"https:\/\/bayareacrisisnursery.org\/other-ways-to-give\/holiday-meals\/\",\"url\":\"https:\/\/bayareacrisisnursery.org\/other-ways-to-give\/holiday-meals\/\",\"name\":\"Holiday Meals - Bay Area Crisis Nursery\",\"isPartOf\":{\"@id\":\"https:\/\/bayareacrisisnursery.org\/#website\"},\"datePublished\":\"2019-10-09T19:05:02+00:00\",\"dateModified\":\"2026-01-08T20:39:21+00:00\",\"description\":\"Donate Thanksgiving and December holiday meals for BACN's clients by donating non-perishable food items to our annual Thanksgiving Meal Drive.\",\"breadcrumb\":{\"@id\":\"https:\/\/bayareacrisisnursery.org\/other-ways-to-give\/holiday-meals\/#breadcrumb\"},\"inLanguage\":\"vi\",\"potentialAction\":[{\"@type\":\"ReadAction\",\"target\":[\"https:\/\/bayareacrisisnursery.org\/other-ways-to-give\/holiday-meals\/\"]}]},{\"@type\":\"BreadcrumbList\",\"@id\":\"https:\/\/bayareacrisisnursery.org\/other-ways-to-give\/holiday-meals\/#breadcrumb\",\"itemListElement\":[{\"@type\":\"ListItem\",\"position\":1,\"name\":\"Home\",\"item\":\"https:\/\/bayareacrisisnursery.org\/\"},{\"@type\":\"ListItem\",\"position\":2,\"name\":\"Other Ways to Give\",\"item\":\"https:\/\/bayareacrisisnursery.org\/other-ways-to-give\/\"},{\"@type\":\"ListItem\",\"position\":3,\"name\":\"Holiday Meals\"}]},{\"@type\":\"WebSite\",\"@id\":\"https:\/\/bayareacrisisnursery.org\/#website\",\"url\":\"https:\/\/bayareacrisisnursery.org\/\",\"name\":\"Bay Area Crisis Nursery\",\"description\":\"A Little Heart. A Little Help. A Lot of Hope.\",\"publisher\":{\"@id\":\"https:\/\/bayareacrisisnursery.org\/#organization\"},\"potentialAction\":[{\"@type\":\"SearchAction\",\"target\":{\"@type\":\"EntryPoint\",\"urlTemplate\":\"https:\/\/bayareacrisisnursery.org\/?s={search_term_string}\"},\"query-input\":{\"@type\":\"PropertyValueSpecification\",\"valueRequired\":true,\"valueName\":\"search_term_string\"}}],\"inLanguage\":\"vi\"},{\"@type\":\"Organization\",\"@id\":\"https:\/\/bayareacrisisnursery.org\/#organization\",\"name\":\"Bay Area Crisis Nursery\",\"url\":\"https:\/\/bayareacrisisnursery.org\/\",\"logo\":{\"@type\":\"ImageObject\",\"inLanguage\":\"vi\",\"@id\":\"https:\/\/bayareacrisisnursery.org\/#\/schema\/logo\/image\/\",\"url\":\"https:\/\/bayareacrisisnursery.org\/wp-content\/uploads\/2020\/12\/BACN-Logo.png\",\"contentUrl\":\"https:\/\/bayareacrisisnursery.org\/wp-content\/uploads\/2020\/12\/BACN-Logo.png\",\"width\":751,\"height\":374,\"caption\":\"Bay Area Crisis Nursery\"},\"image\":{\"@id\":\"https:\/\/bayareacrisisnursery.org\/#\/schema\/logo\/image\/\"},\"sameAs\":[\"https:\/\/www.facebook.com\/bacnspage\/\",\"https:\/\/x.com\/bacn_nursery\",\"https:\/\/www.instagram.com\/bayareacrisisnursery\/\",\"https:\/\/www.linkedin.com\/company\/bay-area-crisis-nursery\/about\/\"]}]}<\/script>\n<!-- \/ Yoast SEO Premium plugin. -->","yoast_head_json":{"title":"Holiday Meals - Bay Area Crisis Nursery","description":"Donate Thanksgiving and December holiday meals for BACN's clients by donating non-perishable food items to our annual Thanksgiving Meal Drive.","robots":{"index":"index","follow":"follow","max-snippet":"max-snippet:-1","max-image-preview":"max-image-preview:large","max-video-preview":"max-video-preview:-1"},"canonical":"https:\/\/bayareacrisisnursery.org\/vi\/other-ways-to-give\/holiday-meals\/","og_locale":"vi_VN","og_type":"article","og_title":"Holiday Meals","og_description":"Donate Thanksgiving and December holiday meals for BACN's clients by donating non-perishable food items to our annual Thanksgiving Meal Drive.","og_url":"https:\/\/bayareacrisisnursery.org\/vi\/other-ways-to-give\/holiday-meals\/","og_site_name":"Bay Area Crisis Nursery","article_publisher":"https:\/\/www.facebook.com\/bacnspage\/","article_modified_time":"2026-01-08T20:39:21+00:00","twitter_card":"summary_large_image","twitter_site":"@bacn_nursery","twitter_misc":{"\u01af\u1edbc t\u00ednh th\u1eddi gian \u0111\u1ecdc":"2 ph\u00fat"},"schema":{"@context":"https:\/\/schema.org","@graph":[{"@type":"WebPage","@id":"https:\/\/bayareacrisisnursery.org\/other-ways-to-give\/holiday-meals\/","url":"https:\/\/bayareacrisisnursery.org\/other-ways-to-give\/holiday-meals\/","name":"Holiday Meals - Bay Area Crisis Nursery","isPartOf":{"@id":"https:\/\/bayareacrisisnursery.org\/#website"},"datePublished":"2019-10-09T19:05:02+00:00","dateModified":"2026-01-08T20:39:21+00:00","description":"Donate Thanksgiving and December holiday meals for BACN's clients by donating non-perishable food items to our annual Thanksgiving Meal Drive.","breadcrumb":{"@id":"https:\/\/bayareacrisisnursery.org\/other-ways-to-give\/holiday-meals\/#breadcrumb"},"inLanguage":"vi","potentialAction":[{"@type":"ReadAction","target":["https:\/\/bayareacrisisnursery.org\/other-ways-to-give\/holiday-meals\/"]}]},{"@type":"BreadcrumbList","@id":"https:\/\/bayareacrisisnursery.org\/other-ways-to-give\/holiday-meals\/#breadcrumb","itemListElement":[{"@type":"ListItem","position":1,"name":"Home","item":"https:\/\/bayareacrisisnursery.org\/"},{"@type":"ListItem","position":2,"name":"Other Ways to Give","item":"https:\/\/bayareacrisisnursery.org\/other-ways-to-give\/"},{"@type":"ListItem","position":3,"name":"Holiday Meals"}]},{"@type":"WebSite","@id":"https:\/\/bayareacrisisnursery.org\/#website","url":"https:\/\/bayareacrisisnursery.org\/","name":"V\u01b0\u1eddn \u01b0\u01a1m Kh\u1ee7ng ho\u1ea3ng V\u00f9ng V\u1ecbnh","description":"M\u1ed9t Tr\u00e1i Tim Nh\u1ecf. M\u1ed9t s\u1ef1 gi\u00fap \u0111\u1ee1 nho nh\u1ecf. R\u1ea5t nhi\u1ec1u hy v\u1ecdng.","publisher":{"@id":"https:\/\/bayareacrisisnursery.org\/#organization"},"potentialAction":[{"@type":"SearchAction","target":{"@type":"EntryPoint","urlTemplate":"https:\/\/bayareacrisisnursery.org\/?s={search_term_string}"},"query-input":{"@type":"PropertyValueSpecification","valueRequired":true,"valueName":"search_term_string"}}],"inLanguage":"vi"},{"@type":"Organization","@id":"https:\/\/bayareacrisisnursery.org\/#organization","name":"V\u01b0\u1eddn \u01b0\u01a1m Kh\u1ee7ng ho\u1ea3ng V\u00f9ng V\u1ecbnh","url":"https:\/\/bayareacrisisnursery.org\/","logo":{"@type":"ImageObject","inLanguage":"vi","@id":"https:\/\/bayareacrisisnursery.org\/#\/schema\/logo\/image\/","url":"https:\/\/bayareacrisisnursery.org\/wp-content\/uploads\/2020\/12\/BACN-Logo.png","contentUrl":"https:\/\/bayareacrisisnursery.org\/wp-content\/uploads\/2020\/12\/BACN-Logo.png","width":751,"height":374,"caption":"Bay Area Crisis Nursery"},"image":{"@id":"https:\/\/bayareacrisisnursery.org\/#\/schema\/logo\/image\/"},"sameAs":["https:\/\/www.facebook.com\/bacnspage\/","https:\/\/x.com\/bacn_nursery","https:\/\/www.instagram.com\/bayareacrisisnursery\/","https:\/\/www.linkedin.com\/company\/bay-area-crisis-nursery\/about\/"]}]}},"_links":{"self":[{"href":"https:\/\/bayareacrisisnursery.org\/vi\/wp-json\/wp\/v2\/pages\/1243","targetHints":{"allow":["GET"]}}],"collection":[{"href":"https:\/\/bayareacrisisnursery.org\/vi\/wp-json\/wp\/v2\/pages"}],"about":[{"href":"https:\/\/bayareacrisisnursery.org\/vi\/wp-json\/wp\/v2\/types\/page"}],"author":[{"embeddable":true,"href":"https:\/\/bayareacrisisnursery.org\/vi\/wp-json\/wp\/v2\/users\/1"}],"replies":[{"embeddable":true,"href":"https:\/\/bayareacrisisnursery.org\/vi\/wp-json\/wp\/v2\/comments?post=1243"}],"version-history":[{"count":20,"href":"https:\/\/bayareacrisisnursery.org\/vi\/wp-json\/wp\/v2\/pages\/1243\/revisions"}],"predecessor-version":[{"id":7426,"href":"https:\/\/bayareacrisisnursery.org\/vi\/wp-json\/wp\/v2\/pages\/1243\/revisions\/7426"}],"up":[{"embeddable":true,"href":"https:\/\/bayareacrisisnursery.org\/vi\/wp-json\/wp\/v2\/pages\/270"}],"wp:attachment":[{"href":"https:\/\/bayareacrisisnursery.org\/vi\/wp-json\/wp\/v2\/media?parent=1243"}],"curies":[{"name":"wp","href":"https:\/\/api.w.org\/{rel}","templated":true}]}}