{"id":1430,"date":"2019-10-17T04:29:13","date_gmt":"2019-10-17T04:29:13","guid":{"rendered":"https:\/\/bayareacrisisnursery.org\/?page_id=1430"},"modified":"2026-01-08T20:40:20","modified_gmt":"2026-01-08T20:40:20","slug":"holiday-toy-drive","status":"publish","type":"page","link":"https:\/\/bayareacrisisnursery.org\/vi\/other-ways-to-give\/holiday-toy-drive\/","title":{"rendered":"\u1ed4 \u0111\u1ed3 ch\u01a1i k\u1ef3 ngh\u1ec9"},"content":{"rendered":"<div id=\"cs-content\" class=\"cs-content\"><div class=\"x-section e1430-e1 m13q-0 m13q-1 m13q-2\"><div class=\"x-container marginless-columns e1430-e2 m13q-5\"><div class=\"x-column x-sm x-1-1 e1430-e3 m13q-6\"><img decoding=\"async\"  class=\"x-img x-img-none\"  src=\"https:\/\/bayareacrisisnursery.org\/wp-content\/uploads\/2022\/09\/Adopt-a-Family-Banner.png\" alt=\"Support BACN Piggy Bank\"><\/div><\/div><\/div><div class=\"x-section e1430-e5 m13q-0 m13q-1 m13q-2\"><div class=\"x-container marginless-columns e1430-e6 m13q-5\"><div class=\"x-column x-sm x-1-1 e1430-e7 m13q-6\"><h2  class=\"h-custom-headline h3\" ><span>\u00c1p d\u1ee5ng A-Gia \u0111\u00ecnh cho K\u1ef3 ngh\u1ec9<\/span><\/h2><\/div><\/div><div class=\"x-container marginless-columns e1430-e9 m13q-5\"><div class=\"x-column x-sm x-1-1 e1430-e10 m13q-6\"><div class=\"x-content-area e1430-e11 m13q-7\"><p>C\u1ea3m \u01a1n b\u1ea1n \u0111\u00e3 quan t\u00e2m \u0111\u1ebfn vi\u1ec7c nh\u1eadn nu\u00f4i m\u1ed9t trong nh\u1eefng gia \u0111\u00ecnh c\u1ee7a ch\u00fang t\u00f4i cho nh\u1eefng ng\u00e0y l\u1ec5! \u1ed4 \u0111\u0129a \u0111\u1ed3 ch\u01a1i Nh\u1eadn con nu\u00f4i c\u1ee7a V\u01b0\u1eddn \u01b0\u01a1m Kh\u1ee7ng ho\u1ea3ng V\u00f9ng V\u1ecbnh cung c\u1ea5p qu\u00e0 t\u1eb7ng k\u1ef3 ngh\u1ec9 cho tr\u1ebb em \u0111\u00e3 \u1edf l\u1ea1i v\u1edbi ch\u00fang t\u00f4i t\u1ea1i Nh\u00e0 tr\u1ebb trong n\u0103m qua \u2014 v\u00e0 anh ch\u1ecb em v\u00e0 cha m\u1eb9 c\u1ee7a ch\u00fang! Nh\u1eadn m\u1ed9t \u0111\u1ee9a tr\u1ebb ho\u1eb7c gia \u0111\u00ecnh l\u00e0m con nu\u00f4i trong nh\u1eefng ng\u00e0y l\u1ec5 c\u00f3 th\u1ec3 kh\u01a1i d\u1eady c\u1ea3m gi\u00e1c c\u1ed1ng hi\u1ebfn trong c\u1ea3 gia \u0111\u00ecnh b\u1ea1n. Nh\u00e0 t\u00e0i tr\u1ee3 c\u1ee7a m\u1ed9t gia \u0111\u00ecnh c\u00f3 th\u1ec3 l\u00e0 m\u1ed9t c\u00e1 nh\u00e2n, gia \u0111\u00ecnh, nh\u00f3m ng\u01b0\u1eddi, c\u00e2u l\u1ea1c b\u1ed9 v\u00e0 t\u1ed5 ch\u1ee9c, nh\u00f3m nh\u00e0 th\u1edd \u2014 v\u00e0 c\u1ea3 c\u00e1c doanh nghi\u1ec7p l\u1edbn v\u00e0 nh\u1ecf c\u0169ng \u0111\u00e3 tham gia c\u00f9ng ch\u00fang t\u00f4i trong ch\u01b0\u01a1ng tr\u00ecnh khuy\u1ebfn m\u00e3i \u0111\u1ed3 ch\u01a1i cho k\u1ef3 ngh\u1ec9 Adopt-a-Family c\u1ee7a ch\u00fang t\u00f4i. Nhi\u1ec1u ng\u01b0\u1eddi \u1ee7ng h\u1ed9 th\u1ea5y tr\u1ea3i nghi\u1ec7m n\u00e0y r\u1ea5t th\u00fa v\u1ecb n\u00ean h\u1ecd \u0111\u00e3 bi\u1ebfn n\u00f3 th\u00e0nh m\u1ed9t truy\u1ec1n th\u1ed1ng h\u00e0ng n\u0103m, th\u1ec3 hi\u1ec7n \u00fd ngh\u0129a th\u1ef1c s\u1ef1 c\u1ee7a m\u00f9a b\u1eb1ng c\u00e1ch t\u1eb7ng qu\u00e0 v\u00e0 th\u1ec3 hi\u1ec7n l\u00f2ng tr\u1eafc \u1ea9n \u0111\u1ed1i v\u1edbi ng\u01b0\u1eddi kh\u00e1c n\u0103m n\u00e0y qua n\u0103m kh\u00e1c.<\/p>\n<h3>L\u00e0m th\u1ebf n\u00e0o n\u00f3 ho\u1ea1t \u0111\u1ed9ng<\/h3>\n<ul>\n<li><b><\/b>Complete the Interest Form below to let us know that you would like to adopt-a-family and how many individuals you would like to sponsor. We ask that sponsors budget about $150 per individual that they adopt.<\/li>\n<\/ul>\n<ul>\n<li><b>Ch\u00fang t\u00f4i s\u1ebd g\u1eedi cho b\u1ea1n m\u1ed9t danh s\u00e1ch mong mu\u1ed1n chi ti\u1ebft<\/b> cho m\u1ed7i ng\u01b0\u1eddi trong gia \u0111\u00ecnh. Ch\u00fang t\u00f4i b\u1eaft \u0111\u1ea7u thu th\u1eadp danh s\u00e1ch mong mu\u1ed1n t\u1eeb c\u00e1c gia \u0111\u00ecnh c\u1ee7a m\u00ecnh v\u00e0o ng\u00e0y 1 th\u00e1ng 11 v\u00e0 s\u1ebd chu\u1ea9n b\u1ecb s\u1eb5n s\u00e0ng cho c\u00e1c nh\u00e0 t\u00e0i tr\u1ee3 b\u1eaft \u0111\u1ea7u t\u1eeb th\u00e1ng 11.<\/li>\n<\/ul>\n<ul>\n<li><b>\u0110i mua s\u1eafm!<\/b> Ch\u00fang t\u00f4i mong mu\u1ed1n \u0111i\u1ec1u \u01b0\u1edbc c\u1ee7a c\u00e1c em th\u00e0nh hi\u1ec7n th\u1ef1c v\u00e0 y\u00eau c\u1ea7u c\u00e1c nh\u00e0 t\u00e0i tr\u1ee3 c\u1ed1 g\u1eafng h\u1ebft s\u1ee9c \u0111\u1ec3 cung c\u1ea5p nh\u1eefng m\u00f3n qu\u00e0 \u0111\u01b0\u1ee3c y\u00eau c\u1ea7u v\u00e0 th\u1ebb qu\u00e0 t\u1eb7ng c\u1ee7a c\u1eeda h\u00e0ng t\u1ea1p h\u00f3a \u0111\u1ec3 c\u00e1c gia \u0111\u00ecnh c\u00f3 th\u1ec3 chu\u1ea9n b\u1ecb m\u1ed9t b\u1eefa \u0103n ngon cho ng\u00e0y l\u1ec5. Ch\u00fang t\u00f4i kh\u00f4ng ch\u1ea5p nh\u1eadn c\u00e1c m\u1eb7t h\u00e0ng \u0111\u00e3 qua s\u1eed d\u1ee5ng.\n<p>B\u1ea1n c\u00f3 th\u1ec3 ch\u1ecdn V\u01b0\u1eddn \u01b0\u01a1m Kh\u1ee7ng ho\u1ea3ng V\u00f9ng V\u1ecbnh \u0111\u1ec3 nh\u1eadn th\u00eam t\u00e0i tr\u1ee3 th\u00f4ng qua <b><a href=\"https:\/\/smile.amazon.com\/ch\/94-2681676\">AmazonSmile<\/a> <\/b>v\u00e0 <b><a href=\"https:\/\/www.escrip.com\/\">eScrip<\/a><\/b> c\u00e1c ch\u01b0\u01a1ng tr\u00ecnh! \u0110\u00f3 l\u00e0 m\u00f3n qu\u00e0 mang l\u1ea1i cho t\u1ea5t c\u1ea3 ch\u00fang ta trong su\u1ed1t c\u1ea3 n\u0103m.<\/p>\n<\/li>\n<\/ul>\n<ul>\n<li><b>Khi b\u1ea1n \u0111\u00e3 mua qu\u00e0 t\u1eb7ng c\u1ee7a m\u00ecnh<\/b> chu\u1ea9n b\u1ecb \u0111\u01b0a ch\u00fang ra t\u1ea1i t\u00f2a nh\u00e0 h\u00e0nh ch\u00ednh c\u1ee7a ch\u00fang t\u00f4i. M\u1ed7i m\u00f3n qu\u00e0 ph\u1ea3i \u0111\u01b0\u1ee3c d\u00e1n nh\u00e3n v\u1edbi ID gia \u0111\u00ecnh v\u00e0 t\u00ean ng\u01b0\u1eddi nh\u1eadn. \u0110\u00f3 l\u00e0 c\u00e1ch duy nh\u1ea5t \u0111\u1ec3 ch\u00fang t\u00f4i c\u00f3 th\u1ec3 \u0111\u1ea3m b\u1ea3o r\u1eb1ng m\u00f3n qu\u00e0 ph\u00f9 h\u1ee3p s\u1ebd \u0111\u1ebfn \u0111\u00fang gia \u0111\u00ecnh. \u0110\u1ec3 \u0111\u1ea3m b\u1ea3o r\u1eb1ng ch\u00fang t\u00f4i kh\u00f4ng l\u00e0m m\u1ea5t th\u1ebb qu\u00e0 t\u1eb7ng, vui l\u00f2ng \u0111\u1eb7t ch\u00fang v\u00e0o m\u1ed9t phong b\u00ec v\u00e0 d\u00e1n nh\u00e3n v\u1edbi ID gia \u0111\u00ecnh v\u00e0 t\u00ean. Qu\u00e0 t\u1eb7ng c\u1ea7n \u0111\u01b0\u1ee3c giao khi ch\u01b0a g\u00f3i \u0111\u1ec3 c\u00e1c ch\u00fa l\u00f9n c\u1ee7a ch\u00fang ta c\u00f3 th\u1ec3 \u0111\u1ea3m b\u1ea3o r\u1eb1ng ch\u00fang an to\u00e0n v\u00e0 ph\u00f9 h\u1ee3p v\u1edbi l\u1ee9a tu\u1ed5i.<\/li>\n<\/ul>\n<ul>\n<li><b>Th\u1ea3 ch\u00fang ra <\/b>\u0111\u1ebfn t\u00f2a nh\u00e0 h\u00e0nh ch\u00ednh c\u1ee7a ch\u00fang t\u00f4i trong th\u1eddi gian v\u00e0 ng\u00e0y th\u00e1ng d\u01b0\u1edbi \u0111\u00e2y.<\/li>\n<\/ul>\n<p><b>Gi\u1ea3m th\u1eddi gian \u0111\u00f3ng g\u00f3p<br \/>Dec 8 - 12 &amp; 15 - 17, 2025 | 10 am - 4 pm<br \/>\u0110\u1ecba \u0111i\u1ec3m: 1510 Mendocino Dr, Concord<\/b><\/p><\/div><\/div><\/div><\/div><div class=\"x-section e1430-e12 m13q-0 m13q-1 m13q-3\"><div class=\"x-row e1430-e13 m13q-8 m13q-9 m13q-b\"><div class=\"x-row-inner\"><div class=\"x-col e1430-e14 m13q-f m13q-g\"><a  class=\"x-btn x-btn-global\"  href=\"https:\/\/bayareacrisisnursery.app.neoncrm.com\/forms\/holiday-donations\"     data-options=\"thumbnail: ''\">Quy\u00ean g\u00f3p ngay h\u00f4m nay<\/a><\/div><\/div><\/div><\/div><div class=\"x-section e1430-e16 m13q-0 m13q-1 m13q-2\"><div class=\"x-container marginless-columns e1430-e17 m13q-5\"><div class=\"x-column x-sm x-1-1 e1430-e18 m13q-6\"><div class=\"x-content-area e1430-e19 m13q-7\"><p><div id=\"x-content-band-1\" class=\"x-content-band border-top border-left border-right border-bottom\" style=\"background-color: #efefef; color: #333;\"><div class=\"x-container max width\"> <h4  class=\"h-custom-headline h3\" style=\"margin-top: 0;\"><span>Adopt-A-Family<\/span><\/h4><\/p>\n<p>Interested in adopting a family, or 2, or 3? Just fill out the form below letting us know how many people you can sponsor for the holidays, and we will send you a family's wish lists.<\/p>\n<p><a  class=\"x-btn x-btn-flat x-btn-global\"  href=\"https:\/\/forms.gle\/ABf5rYwswJS5emx36\"     data-options=\"thumbnail: ''\">All of Our Families Have Been Adopted. Thank You<\/a> <\/div><\/div><\/p><\/div><\/div><\/div><\/div><div class=\"x-section e1430-e20 m13q-0 m13q-1 m13q-2\"><div class=\"x-container marginless-columns e1430-e21 m13q-5\"><div class=\"x-column x-sm x-1-1 e1430-e22 m13q-6\"><div class=\"x-content-area e1430-e23 m13q-7\"><p><div id=\"x-content-band-2\" class=\"x-content-band border-top border-left border-right border-bottom\" style=\"background-color: #efefef; color: #333;\"><div class=\"x-container max width\"> <h4  class=\"h-custom-headline h3\" style=\"margin-top: 0;\"><span>Toy &amp; Food Drives<\/span><\/h4><\/p>\n<p>Interested in holding a toy or food drive? Just fill out the form below and schedule your drop off date.<\/p>\n<p><a  class=\"x-btn x-btn-flat x-btn-global\"  href=\"https:\/\/docs.google.com\/forms\/d\/e\/1FAIpQLSfoYJxEAcGD86jNnyikuYbwX_Va_jkmvkwjX3up2q02iwR-nA\/viewform?usp=header\"     data-options=\"thumbnail: ''\">Thank You to Everyone Who Signed Up!<\/a> <\/div><\/div><\/p><\/div><\/div><\/div><\/div><div class=\"x-section e1430-e24 m13q-0 m13q-2 m13q-4\"><div class=\"x-row e1430-e25 m13q-8 m13q-a m13q-c m13q-d\"><div class=\"x-row-inner\"><div class=\"x-col e1430-e26 m13q-f m13q-h\"><div class=\"x-text x-text-headline e1430-e27 m13q-j m13q-k\"><div class=\"x-text-content\"><div class=\"x-text-content-text\"><h3 class=\"x-text-content-text-primary\">H\u1ed7 tr\u1ee3 BACN<\/h3>\n<\/div><\/div><\/div><\/div><\/div><\/div><div class=\"x-row e1430-e28 m13q-8 m13q-a m13q-c m13q-e\"><div class=\"x-row-inner\"><div class=\"x-col e1430-e29 m13q-f m13q-h m13q-i\"><a class=\"x-image e1430-e30 m13q-m\" href=\"mailto:giving@bayareacrisisnursery.org?subject=Stock%20Donations\" target=\"_blank\" rel=\"noopener noreferrer\"><img decoding=\"async\" src=\"https:\/\/bayareacrisisnursery.org\/wp-content\/uploads\/2019\/12\/Piggy-Stock.jpg\" width=\"847\" height=\"565\" alt=\"Stock Donations\" loading=\"lazy\"><\/a><div class=\"x-text x-text-headline e1430-e31 m13q-k m13q-l\"><div class=\"x-text-content\"><div class=\"x-text-content-text\"><h3 class=\"x-text-content-text-primary\"><p><a href=\"mailto:giving@bayareacrisisnursery.org?subject=Donating Stock\">BACN ch\u1ea5p nh\u1eadn t\u1eb7ng c\u1ed5 phi\u1ebfu. G\u1eedi email ngay h\u00f4m nay.<\/a><\/p><\/h3>\n<\/div><\/div><\/div><\/div><div class=\"x-col e1430-e32 m13q-f m13q-h m13q-i\"><iframe loading=\"lazy\" src=\"https:\/\/doublethedonation.com\/api\/iframe\/XvD2NtEV1TSXhAQ1\" height=\"350\" width=\"100%\"><\/iframe><\/div><div class=\"x-col e1430-e34 m13q-f m13q-h m13q-i\"><a class=\"x-image e1430-e35 m13q-m m13q-n\" href=\"https:\/\/bayareacrisisnursery.org\/vi\/programs\/crisis-care\/\" target=\"_blank\" rel=\"noopener noreferrer\"><img decoding=\"async\" src=\"https:\/\/bayareacrisisnursery.org\/wp-content\/uploads\/2022\/08\/News.jpg\" width=\"600\" height=\"400\" alt=\"Newsletter\" loading=\"lazy\"><\/a><div class=\"x-text x-text-headline e1430-e36 m13q-k m13q-l\"><div class=\"x-text-content\"><div class=\"x-text-content-text\"><h3 class=\"x-text-content-text-primary\"><p><a href=\"https:\/\/mailchi.mp\/bayareacrisisnursery\/newsletter?dnt=1\" data-wplink-edit=\"true\">\u0110\u0103ng k\u00fd \u0111\u1ec3 gi\u1eef li\u00ean l\u1ea1c<\/a><\/p><\/h3>\n<\/div><\/div><\/div><\/div><\/div><\/div><\/div><\/div>","protected":false},"excerpt":{"rendered":"<p>Adopt-A-Family for the HolidaysThank you for your interest in adopting one of our families for the holidays! The Bay Area Crisis Nursery&rsquo;s Adopt-a-Family toy drive provides holiday gifts for children who have stayed with us at the Nursery over the past year&mdash;and their siblings and parents! Adopting a child or family during the holidays can inspire a sense of giving &#8230; <a href=\"https:\/\/bayareacrisisnursery.org\/vi\/other-ways-to-give\/holiday-toy-drive\/\" class=\"more-link\">\u0110\u1ecdc th\u00eam<\/a><\/p>","protected":false},"author":1,"featured_media":0,"parent":270,"menu_order":0,"comment_status":"closed","ping_status":"closed","template":"template-layout-full-width.php","meta":{"om_disable_all_campaigns":false,"_monsterinsights_skip_tracking":false,"_monsterinsights_sitenote_active":false,"_monsterinsights_sitenote_note":"","_monsterinsights_sitenote_category":0,"_uf_show_specific_survey":0,"_uf_disable_surveys":false,"footnotes":""},"class_list":["post-1430","page","type-page","status-publish","hentry","no-post-thumbnail"],"yoast_head":"<!-- This site is optimized with the Yoast SEO Premium plugin v27.2 (Yoast SEO v27.2) - https:\/\/yoast.com\/product\/yoast-seo-premium-wordpress\/ -->\n<title>Holiday Toy Drive - Bay Area Crisis Nursery<\/title>\n<meta name=\"description\" content=\"The Bay Area Crisis Nursery&#039;s Adopt-a-Family holiday toy drive inspires a sense of giving in your whole family.\" \/>\n<meta name=\"robots\" content=\"index, follow, max-snippet:-1, max-image-preview:large, max-video-preview:-1\" \/>\n<link rel=\"canonical\" href=\"https:\/\/bayareacrisisnursery.org\/vi\/other-ways-to-give\/holiday-toy-drive\/\" \/>\n<meta property=\"og:locale\" content=\"vi_VN\" \/>\n<meta property=\"og:type\" content=\"article\" \/>\n<meta property=\"og:title\" content=\"Holiday Toy Drive\" \/>\n<meta property=\"og:description\" content=\"The Bay Area Crisis Nursery&#039;s Adopt-a-Family holiday toy drive inspires a sense of giving in your whole family.\" \/>\n<meta property=\"og:url\" content=\"https:\/\/bayareacrisisnursery.org\/vi\/other-ways-to-give\/holiday-toy-drive\/\" \/>\n<meta property=\"og:site_name\" content=\"Bay Area Crisis Nursery\" \/>\n<meta property=\"article:publisher\" content=\"https:\/\/www.facebook.com\/bacnspage\/\" \/>\n<meta property=\"article:modified_time\" content=\"2026-01-08T20:40:20+00:00\" \/>\n<meta name=\"twitter:card\" content=\"summary_large_image\" \/>\n<meta name=\"twitter:site\" content=\"@bacn_nursery\" \/>\n<meta name=\"twitter:label1\" content=\"\u01af\u1edbc t\u00ednh th\u1eddi gian \u0111\u1ecdc\" \/>\n\t<meta name=\"twitter:data1\" content=\"3 ph\u00fat\" \/>\n<script type=\"application\/ld+json\" class=\"yoast-schema-graph\">{\"@context\":\"https:\/\/schema.org\",\"@graph\":[{\"@type\":\"WebPage\",\"@id\":\"https:\/\/bayareacrisisnursery.org\/other-ways-to-give\/holiday-toy-drive\/\",\"url\":\"https:\/\/bayareacrisisnursery.org\/other-ways-to-give\/holiday-toy-drive\/\",\"name\":\"Holiday Toy Drive - Bay Area Crisis Nursery\",\"isPartOf\":{\"@id\":\"https:\/\/bayareacrisisnursery.org\/#website\"},\"datePublished\":\"2019-10-17T04:29:13+00:00\",\"dateModified\":\"2026-01-08T20:40:20+00:00\",\"description\":\"The Bay Area Crisis Nursery's Adopt-a-Family holiday toy drive inspires a sense of giving in your whole family.\",\"breadcrumb\":{\"@id\":\"https:\/\/bayareacrisisnursery.org\/other-ways-to-give\/holiday-toy-drive\/#breadcrumb\"},\"inLanguage\":\"vi\",\"potentialAction\":[{\"@type\":\"ReadAction\",\"target\":[\"https:\/\/bayareacrisisnursery.org\/other-ways-to-give\/holiday-toy-drive\/\"]}]},{\"@type\":\"BreadcrumbList\",\"@id\":\"https:\/\/bayareacrisisnursery.org\/other-ways-to-give\/holiday-toy-drive\/#breadcrumb\",\"itemListElement\":[{\"@type\":\"ListItem\",\"position\":1,\"name\":\"Home\",\"item\":\"https:\/\/bayareacrisisnursery.org\/\"},{\"@type\":\"ListItem\",\"position\":2,\"name\":\"Other Ways to Give\",\"item\":\"https:\/\/bayareacrisisnursery.org\/other-ways-to-give\/\"},{\"@type\":\"ListItem\",\"position\":3,\"name\":\"Holiday Toy Drive\"}]},{\"@type\":\"WebSite\",\"@id\":\"https:\/\/bayareacrisisnursery.org\/#website\",\"url\":\"https:\/\/bayareacrisisnursery.org\/\",\"name\":\"Bay Area Crisis Nursery\",\"description\":\"A Little Heart. A Little Help. A Lot of Hope.\",\"publisher\":{\"@id\":\"https:\/\/bayareacrisisnursery.org\/#organization\"},\"potentialAction\":[{\"@type\":\"SearchAction\",\"target\":{\"@type\":\"EntryPoint\",\"urlTemplate\":\"https:\/\/bayareacrisisnursery.org\/?s={search_term_string}\"},\"query-input\":{\"@type\":\"PropertyValueSpecification\",\"valueRequired\":true,\"valueName\":\"search_term_string\"}}],\"inLanguage\":\"vi\"},{\"@type\":\"Organization\",\"@id\":\"https:\/\/bayareacrisisnursery.org\/#organization\",\"name\":\"Bay Area Crisis Nursery\",\"url\":\"https:\/\/bayareacrisisnursery.org\/\",\"logo\":{\"@type\":\"ImageObject\",\"inLanguage\":\"vi\",\"@id\":\"https:\/\/bayareacrisisnursery.org\/#\/schema\/logo\/image\/\",\"url\":\"https:\/\/bayareacrisisnursery.org\/wp-content\/uploads\/2020\/12\/BACN-Logo.png\",\"contentUrl\":\"https:\/\/bayareacrisisnursery.org\/wp-content\/uploads\/2020\/12\/BACN-Logo.png\",\"width\":751,\"height\":374,\"caption\":\"Bay Area Crisis Nursery\"},\"image\":{\"@id\":\"https:\/\/bayareacrisisnursery.org\/#\/schema\/logo\/image\/\"},\"sameAs\":[\"https:\/\/www.facebook.com\/bacnspage\/\",\"https:\/\/x.com\/bacn_nursery\",\"https:\/\/www.instagram.com\/bayareacrisisnursery\/\",\"https:\/\/www.linkedin.com\/company\/bay-area-crisis-nursery\/about\/\"]}]}<\/script>\n<!-- \/ Yoast SEO Premium plugin. -->","yoast_head_json":{"title":"Holiday Toy Drive - Bay Area Crisis Nursery","description":"The Bay Area Crisis Nursery's Adopt-a-Family holiday toy drive inspires a sense of giving in your whole family.","robots":{"index":"index","follow":"follow","max-snippet":"max-snippet:-1","max-image-preview":"max-image-preview:large","max-video-preview":"max-video-preview:-1"},"canonical":"https:\/\/bayareacrisisnursery.org\/vi\/other-ways-to-give\/holiday-toy-drive\/","og_locale":"vi_VN","og_type":"article","og_title":"Holiday Toy Drive","og_description":"The Bay Area Crisis Nursery's Adopt-a-Family holiday toy drive inspires a sense of giving in your whole family.","og_url":"https:\/\/bayareacrisisnursery.org\/vi\/other-ways-to-give\/holiday-toy-drive\/","og_site_name":"Bay Area Crisis Nursery","article_publisher":"https:\/\/www.facebook.com\/bacnspage\/","article_modified_time":"2026-01-08T20:40:20+00:00","twitter_card":"summary_large_image","twitter_site":"@bacn_nursery","twitter_misc":{"\u01af\u1edbc t\u00ednh th\u1eddi gian \u0111\u1ecdc":"3 ph\u00fat"},"schema":{"@context":"https:\/\/schema.org","@graph":[{"@type":"WebPage","@id":"https:\/\/bayareacrisisnursery.org\/other-ways-to-give\/holiday-toy-drive\/","url":"https:\/\/bayareacrisisnursery.org\/other-ways-to-give\/holiday-toy-drive\/","name":"Holiday Toy Drive - Bay Area Crisis Nursery","isPartOf":{"@id":"https:\/\/bayareacrisisnursery.org\/#website"},"datePublished":"2019-10-17T04:29:13+00:00","dateModified":"2026-01-08T20:40:20+00:00","description":"The Bay Area Crisis Nursery's Adopt-a-Family holiday toy drive inspires a sense of giving in your whole family.","breadcrumb":{"@id":"https:\/\/bayareacrisisnursery.org\/other-ways-to-give\/holiday-toy-drive\/#breadcrumb"},"inLanguage":"vi","potentialAction":[{"@type":"ReadAction","target":["https:\/\/bayareacrisisnursery.org\/other-ways-to-give\/holiday-toy-drive\/"]}]},{"@type":"BreadcrumbList","@id":"https:\/\/bayareacrisisnursery.org\/other-ways-to-give\/holiday-toy-drive\/#breadcrumb","itemListElement":[{"@type":"ListItem","position":1,"name":"Home","item":"https:\/\/bayareacrisisnursery.org\/"},{"@type":"ListItem","position":2,"name":"Other Ways to Give","item":"https:\/\/bayareacrisisnursery.org\/other-ways-to-give\/"},{"@type":"ListItem","position":3,"name":"Holiday Toy Drive"}]},{"@type":"WebSite","@id":"https:\/\/bayareacrisisnursery.org\/#website","url":"https:\/\/bayareacrisisnursery.org\/","name":"V\u01b0\u1eddn \u01b0\u01a1m Kh\u1ee7ng ho\u1ea3ng V\u00f9ng V\u1ecbnh","description":"M\u1ed9t Tr\u00e1i Tim Nh\u1ecf. M\u1ed9t s\u1ef1 gi\u00fap \u0111\u1ee1 nho nh\u1ecf. R\u1ea5t nhi\u1ec1u hy v\u1ecdng.","publisher":{"@id":"https:\/\/bayareacrisisnursery.org\/#organization"},"potentialAction":[{"@type":"SearchAction","target":{"@type":"EntryPoint","urlTemplate":"https:\/\/bayareacrisisnursery.org\/?s={search_term_string}"},"query-input":{"@type":"PropertyValueSpecification","valueRequired":true,"valueName":"search_term_string"}}],"inLanguage":"vi"},{"@type":"Organization","@id":"https:\/\/bayareacrisisnursery.org\/#organization","name":"V\u01b0\u1eddn \u01b0\u01a1m Kh\u1ee7ng ho\u1ea3ng V\u00f9ng V\u1ecbnh","url":"https:\/\/bayareacrisisnursery.org\/","logo":{"@type":"ImageObject","inLanguage":"vi","@id":"https:\/\/bayareacrisisnursery.org\/#\/schema\/logo\/image\/","url":"https:\/\/bayareacrisisnursery.org\/wp-content\/uploads\/2020\/12\/BACN-Logo.png","contentUrl":"https:\/\/bayareacrisisnursery.org\/wp-content\/uploads\/2020\/12\/BACN-Logo.png","width":751,"height":374,"caption":"Bay Area Crisis Nursery"},"image":{"@id":"https:\/\/bayareacrisisnursery.org\/#\/schema\/logo\/image\/"},"sameAs":["https:\/\/www.facebook.com\/bacnspage\/","https:\/\/x.com\/bacn_nursery","https:\/\/www.instagram.com\/bayareacrisisnursery\/","https:\/\/www.linkedin.com\/company\/bay-area-crisis-nursery\/about\/"]}]}},"_links":{"self":[{"href":"https:\/\/bayareacrisisnursery.org\/vi\/wp-json\/wp\/v2\/pages\/1430","targetHints":{"allow":["GET"]}}],"collection":[{"href":"https:\/\/bayareacrisisnursery.org\/vi\/wp-json\/wp\/v2\/pages"}],"about":[{"href":"https:\/\/bayareacrisisnursery.org\/vi\/wp-json\/wp\/v2\/types\/page"}],"author":[{"embeddable":true,"href":"https:\/\/bayareacrisisnursery.org\/vi\/wp-json\/wp\/v2\/users\/1"}],"replies":[{"embeddable":true,"href":"https:\/\/bayareacrisisnursery.org\/vi\/wp-json\/wp\/v2\/comments?post=1430"}],"version-history":[{"count":19,"href":"https:\/\/bayareacrisisnursery.org\/vi\/wp-json\/wp\/v2\/pages\/1430\/revisions"}],"predecessor-version":[{"id":7415,"href":"https:\/\/bayareacrisisnursery.org\/vi\/wp-json\/wp\/v2\/pages\/1430\/revisions\/7415"}],"up":[{"embeddable":true,"href":"https:\/\/bayareacrisisnursery.org\/vi\/wp-json\/wp\/v2\/pages\/270"}],"wp:attachment":[{"href":"https:\/\/bayareacrisisnursery.org\/vi\/wp-json\/wp\/v2\/media?parent=1430"}],"curies":[{"name":"wp","href":"https:\/\/api.w.org\/{rel}","templated":true}]}}