{"id":186,"date":"2019-04-19T05:17:42","date_gmt":"2019-04-19T05:17:42","guid":{"rendered":"https:\/\/bayareacrisisnursery.org\/?page_id=186"},"modified":"2025-03-20T21:27:05","modified_gmt":"2025-03-20T21:27:05","slug":"programs","status":"publish","type":"page","link":"https:\/\/bayareacrisisnursery.org\/vi\/programs\/","title":{"rendered":"C\u00e1c ch\u01b0\u01a1ng tr\u00ecnh c\u1ee7a ch\u00fang t\u00f4i"},"content":{"rendered":"<div id=\"cs-content\" class=\"cs-content\"><div class=\"x-section e186-e1 m56-0 m56-1 m56-2 m56-3\"><div class=\"x-row e186-e2 m56-7 m56-9 m56-a\"><div class=\"x-row-inner\"><div class=\"x-col e186-e3 m56-h\"><span class=\"x-image e186-e4 m56-k m56-l\"><img decoding=\"async\" src=\"https:\/\/bayareacrisisnursery.org\/wp-content\/uploads\/2022\/08\/Playdough.png\" width=\"1200\" height=\"400\" alt=\"Nursery Children\" loading=\"lazy\"><\/span><\/div><\/div><\/div><\/div><div class=\"x-section e186-e5 m56-0 m56-3 m56-4\"><div class=\"x-row e186-e6 m56-7 m56-8 m56-9 m56-b\"><div class=\"x-row-inner\"><div class=\"x-col e186-e7 m56-h m56-i\"><div class=\"x-text x-text-headline e186-e8 m56-o m56-p m56-q m56-r m56-s m56-t m56-u\"><div class=\"x-text-content\"><div class=\"x-text-content-text\"><h1 class=\"x-text-content-text-primary\">100%<\/h1>\n<\/div><\/div><\/div><div class=\"x-text x-text-headline e186-e9 m56-o m56-p m56-q m56-r m56-t m56-v m56-w m56-x\"><div class=\"x-text-content\"><div class=\"x-text-content-text\"><h2 class=\"x-text-content-text-primary\">C\u00c1C GIA \u0110\u00ccNH CH\u00daNG T\u00d4I MU\u1ed0N KHUY\u00caN NGH\u1eca VI\u1ec6C M\u1ea6M NON CHO C\u00c1C B\u1ea0N C\u1ee6A H\u1ecc.<\/h2>\n<\/div><\/div><\/div><\/div><div class=\"x-col e186-e10 m56-h\"><div class=\"x-text x-text-headline e186-e11 m56-o m56-p m56-q m56-r m56-t m56-v m56-w m56-x\"><div class=\"x-text-content\"><div class=\"x-text-content-text\"><h2 class=\"x-text-content-text-primary\">CH\u00daNG T\u00d4I \u0110\u00c3 CUNG C\u1ea4P<\/h2>\n<\/div><\/div><\/div><div class=\"x-counter e186-e12 m56-11\" data-x-element-counter=\"{&quot;to&quot;:&quot;33,651&quot;,&quot;speed&quot;:&quot;1500ms&quot;,&quot;commaSeparatedDecimal&quot;:false}\"><div class=\"x-counter-number-wrap\"><span class=\"x-counter-number\">0<\/span><\/div><\/div><div class=\"x-text x-text-headline e186-e13 m56-o m56-p m56-q m56-r m56-t m56-v m56-w m56-x\"><div class=\"x-text-content\"><div class=\"x-text-content-text\"><h2 class=\"x-text-content-text-primary\">GI\u1edc CH\u0102M S\u00d3C MI\u1ec4N PH\u00cd CU\u1ed0I N\u0102M.<\/h2>\n<\/div><\/div><\/div><\/div><div class=\"x-col e186-e14 m56-h m56-i\"><div class=\"x-text x-text-headline e186-e15 m56-o m56-p m56-q m56-s m56-u m56-y\"><div class=\"x-text-content\"><div class=\"x-text-content-text\"><h1 class=\"x-text-content-text-primary\">98%<\/h1>\n<\/div><\/div><\/div><div class=\"x-text x-text-headline e186-e16 m56-o m56-p m56-q m56-r m56-t m56-v m56-w m56-x\"><div class=\"x-text-content\"><div class=\"x-text-content-text\"><h2 class=\"x-text-content-text-primary\">C\u00c1C PH\u1ee4 HUYNH \u0110\u01af\u1ee2C B\u00c1O C\u00c1O TH\u1ea4P H\u01a0N SAU KHI S\u1eec D\u1ee4NG D\u1ecaCH V\u1ee4 NU\u00d4I D\u01af\u1ee0NG.<\/h2>\n<\/div><\/div><\/div><\/div><\/div><\/div><\/div><div class=\"x-section e186-e17 m56-0 m56-1 m56-3 m56-5\"><div class=\"x-row e186-e18 m56-7 m56-9 m56-c\"><div class=\"x-row-inner\"><div class=\"x-col e186-e19 m56-h\"><hr class=\"x-line e186-e20 m56-12\"\/><\/div><\/div><\/div><\/div><div class=\"x-section e186-e21 m56-0 m56-1 m56-3 m56-5\"><div class=\"x-row e186-e22 m56-7 m56-9 m56-d\"><div class=\"x-row-inner\"><div class=\"x-col e186-e23 m56-h\"><div class=\"x-text x-content e186-e24 m56-13\"><p>S\u1ee9 m\u1ec7nh c\u1ee7a Bay Area Crisis Nursery (BACN&#039;s) r\u1ea5t \u0111\u01a1n gi\u1ea3n v\u00e0 m\u1ea1nh m\u1ebd \u2014 \u0111\u1ec3 gi\u00fap ng\u0103n ch\u1eb7n l\u1ea1m d\u1ee5ng v\u00e0 b\u1ecf b\u00ea tr\u1ebb em b\u1eb1ng c\u00e1ch cung c\u1ea5p c\u00e1c d\u1ecbch v\u1ee5 h\u1ed7 tr\u1ee3 cho c\u00e1c gia \u0111\u00ecnh. Ch\u00fang t\u00f4i l\u00e0 ngu\u1ed3n th\u00f4ng tin mi\u1ec5n ph\u00ed d\u00e0nh cho c\u00e1c gia \u0111\u00ecnh c\u00f3 tr\u1ebb nh\u1ecf t\u1eeb 5 tu\u1ed5i tr\u1edf l\u00ean. C\u00e1c d\u1ecbch v\u1ee5 c\u1ee7a ch\u00fang t\u00f4i c\u1ed1 g\u1eafng x\u00e2y d\u1ef1ng c\u00e1c gia \u0111\u00ecnh an to\u00e0n, m\u1ea1nh m\u1ebd v\u00e0 \u1ed5n \u0111\u1ecbnh th\u00f4ng qua M\u00f4 h\u00ecnh Ngu\u1ed3n l\u1ef1c Gia \u0111\u00ecnh.<\/p>\n\n<p>Ch\u00fang t\u00f4i h\u1ed7 tr\u1ee3 cha m\u1eb9 v\u00e0 ng\u01b0\u1eddi ch\u0103m s\u00f3c \u0111\u1ed1i ph\u00f3 v\u1edbi c\u00e1c t\u00e1c nh\u00e2n g\u00e2y c\u0103ng th\u1eb3ng trong cu\u1ed9c s\u1ed1ng b\u1eb1ng c\u00e1ch cung c\u1ea5p c\u00e1c d\u1ecbch v\u1ee5 th\u00fac \u0111\u1ea9y h\u1ecdc t\u1eadp v\u00e0 ph\u00e1t tri\u1ec3n, k\u1ef9 n\u0103ng nu\u00f4i d\u1ea1y con c\u00e1i trong m\u00f4i tr\u01b0\u1eddng kh\u00f4ng ph\u00e1n x\u00e9t v\u00e0 h\u1ed7 tr\u1ee3 cha m\u1eb9 gi\u1ea3i quy\u1ebft c\u00e1c t\u00ecnh hu\u1ed1ng c\u0103ng th\u1eb3ng v\u00e0 kh\u1ee7ng ho\u1ea3ng. T\u1ea5t c\u1ea3 c\u00e1c d\u1ecbch v\u1ee5 c\u1ee7a ch\u00fang t\u00f4i \u0111\u1ec1u th\u00fac \u0111\u1ea9y c\u00e1c y\u1ebfu t\u1ed1 b\u1ea3o v\u1ec7 d\u1ef1a tr\u00ean b\u1eb1ng ch\u1ee9ng \u0111\u00e3 \u0111\u01b0\u1ee3c ch\u1ee9ng minh \u0111\u1ec3 c\u1ee7ng c\u1ed1 m\u1ed1i quan h\u1ec7 cha m\u1eb9 \/ con c\u00e1i v\u00e0 gi\u00fap tr\u1ebb em v\u00e0 gia \u0111\u00ecnh ph\u00e1t tri\u1ec3n. Ch\u00fang bao g\u1ed3m kh\u1ea3 n\u0103ng ph\u1ee5c h\u1ed3i c\u1ee7a cha m\u1eb9, k\u1ebft n\u1ed1i x\u00e3 h\u1ed9i, h\u1ed7 tr\u1ee3 c\u1ee5 th\u1ec3 trong nh\u1eefng th\u1eddi \u0111i\u1ec3m c\u1ea7n thi\u1ebft, ki\u1ebfn th\u1ee9c v\u1ec1 nu\u00f4i d\u1ea1y con c\u00e1i v\u00e0 s\u1ef1 ph\u00e1t tri\u1ec3n c\u1ee7a tr\u1ebb, c\u0169ng nh\u01b0 n\u0103ng l\u1ef1c x\u00e3 h\u1ed9i v\u00e0 t\u00ecnh c\u1ea3m c\u1ee7a tr\u1ebb em.<\/p>\n\n<ul>\n \t<li><span style=\"color: #a589bf;\"><b>Ch\u0103m s\u00f3c tr\u1ebb kh\u1ea9n c\u1ea5p-<\/b><\/span> D\u1ecbch v\u1ee5 Ch\u0103m s\u00f3c Tr\u1ebb em Kh\u1ea9n c\u1ea5p hi\u1ec7n \u0111\u01b0\u1ee3c cung c\u1ea5p t\u1eeb 7 gi\u1edd s\u00e1ng \u0111\u1ebfn 7 gi\u1edd t\u1ed1i h\u00e0ng ng\u00e0y. M\u1ed9t \u0111\u1ee9a tr\u1ebb c\u00f3 th\u1ec3 nh\u1eadn \u0111\u01b0\u1ee3c c\u00e1c d\u1ecbch v\u1ee5 ch\u0103m s\u00f3c tr\u1ebb kh\u1ea9n c\u1ea5p trong t\u1ed1i \u0111a 30 ng\u00e0y trong kho\u1ea3ng th\u1eddi gian 6 th\u00e1ng v\u00e0 60 ng\u00e0y trong n\u0103m. D\u1ecbch v\u1ee5 gi\u1eef tr\u1ebb mi\u1ec5n ph\u00ed h\u1ed7 tr\u1ee3 cha m\u1eb9 t\u00ecm ki\u1ebfm v\u00e0 duy tr\u00ec vi\u1ec7c l\u00e0m, tham d\u1ef1 c\u00e1c ng\u00e0y ra t\u00f2a, c\u00e1c l\u1edbp h\u1ecdc, c\u00e1c cu\u1ed9c h\u1eb9n kh\u00e1m b\u1ec7nh, v.v.<\/li><\/p>\n \t<li><strong><span style=\"color: #a589bf;\">Ch\u01b0\u01a1ng tr\u00ecnh Khu d\u00e2n c\u01b0 Qua \u0111\u00eam trong Kh\u1ee7ng ho\u1ea3ng-<\/span><\/strong> Cha m\u1eb9 t\u1ef1 nguy\u1ec7n th\u1eeba nh\u1eadn (c\u00e1c) con c\u1ee7a h\u1ecd khi g\u1eb7p kh\u1ee7ng ho\u1ea3ng. Ph\u1ee5 huynh c\u00f3 th\u1ec3 s\u1eed d\u1ee5ng d\u1ecbch v\u1ee5 n\u00e0y trong t\u1ed1i \u0111a 30 ng\u00e0y. Gia \u0111\u00ecnh th\u1ef1c hi\u1ec7n K\u1ebf ho\u1ea1ch gia \u0111\u00ecnh \u0111\u1ec3 \u1ed5n \u0111\u1ecbnh t\u00ecnh h\u00ecnh gia \u0111\u00ecnh.<\/li><\/p>\n \t<li><strong><span style=\"color: #a589bf;\">Ngh\u1ec9 v\u00e0o ban ng\u00e0y ho\u1eb7c ch\u01b0\u01a1ng tr\u00ecnh qua \u0111\u00eam-<\/span><\/strong> C\u00e1c b\u1eadc cha m\u1eb9 \u0111ang g\u1eb7p c\u0103ng th\u1eb3ng, ho\u1eb7c nh\u1eefng ng\u01b0\u1eddi \u0111\u00e3 s\u1eed d\u1ee5ng ch\u01b0\u01a1ng tr\u00ecnh c\u01b0 tr\u00fa qua \u0111\u00eam ho\u1eb7c c\u00e1c d\u1ecbch v\u1ee5 ch\u0103m s\u00f3c tr\u1ebb kh\u1ea9n c\u1ea5p trong th\u1eddi k\u1ef3 kh\u1ee7ng ho\u1ea3ng c\u1ee7a ch\u00fang t\u00f4i, c\u00f3 th\u1ec3 \u0111\u1ebfn Nh\u00e0 tr\u1ebb \u0111\u1ec3 th\u0103m kh\u00e1m ng\u1eafn h\u1ea1n h\u00e0ng th\u00e1ng. C\u00e1c l\u01b0\u1ee3t truy c\u1eadp n\u00e0y k\u00e9o d\u00e0i t\u1eeb 1-3 ng\u00e0y. Ch\u0103m s\u00f3c thay th\u1ebf gi\u00fap cha m\u1eb9 v\u00e0 ng\u01b0\u1eddi ch\u0103m s\u00f3c c\u00f3 th\u1eddi gian ch\u0103m s\u00f3c b\u1ea3n th\u00e2n, gi\u1ea3m b\u1edbt c\u0103ng th\u1eb3ng cho cha m\u1eb9.<\/li><\/p>\n \t<li><span style=\"color: #a589bf;\"><strong>\u0110i\u1ec1u h\u01b0\u1edbng t\u00e0i nguy\u00ean gia \u0111\u00ecnh-<\/strong> <\/span>M\u1ed7i gia \u0111\u00ecnh \u0111\u0103ng k\u00fd v\u00e0o c\u00e1c ch\u01b0\u01a1ng tr\u00ecnh Nursery l\u00e0m vi\u1ec7c v\u1edbi B\u1ed9 \u0111i\u1ec1u h\u01b0\u1edbng Ngu\u1ed3n l\u1ef1c Gia \u0111\u00ecnh c\u1ee7a ch\u00fang t\u00f4i \u0111\u1ec3 t\u1ea1o K\u1ebf ho\u1ea1ch Gia \u0111\u00ecnh. C\u00e1c gia \u0111\u00ecnh \u0111\u01b0\u1ee3c gi\u1edbi thi\u1ec7u v\u00e0 h\u1ed7 tr\u1ee3 trong vi\u1ec7c ti\u1ebfp c\u1eadn c\u00e1c ngu\u1ed3n l\u1ef1c \u0111\u1ec3 gi\u00fap gi\u1ea3m thi\u1ec3u t\u00ecnh h\u00ecnh v\u00e0 c\u1ee7ng c\u1ed1 ho\u1ea1t \u0111\u1ed9ng c\u1ee7a gia \u0111\u00ecnh. Gi\u1edbi thi\u1ec7u \u0111\u01b0\u1ee3c th\u1ef1c hi\u1ec7n cho nh\u00e0 \u1edf, ch\u0103m s\u00f3c y t\u1ebf, ch\u0103m s\u00f3c r\u0103ng mi\u1ec7ng, d\u1ecbch v\u1ee5 s\u1ee9c kh\u1ecfe t\u00e2m th\u1ea7n, h\u1ed7 tr\u1ee3 vi\u1ec7c l\u00e0m, \u0111\u00e0o t\u1ea1o vi\u1ec7c l\u00e0m, c\u00e1c l\u1edbp nu\u00f4i d\u1ea1y con c\u00e1i, d\u1ecbch v\u1ee5 \u0111\u00e0o t\u1ea1o vi\u1ec7c l\u00e0m, \u0111i\u1ec1u tr\u1ecb l\u1ea1m d\u1ee5ng ch\u1ea5t k\u00edch th\u00edch, d\u1ecbch v\u1ee5 b\u1ea1o l\u1ef1c gia \u0111\u00ecnh, h\u1ed7 tr\u1ee3 ph\u00e1p l\u00fd, s\u00e0ng l\u1ecdc ph\u00e1t tri\u1ec3n, v.v.<\/li><\/p>\n \t<li><span style=\"color: #a589bf;\"><strong>Ng\u00e2n h\u00e0ng th\u1ef1c ph\u1ea9m &amp; t\u00e3 gi\u1ea5y-<\/strong><\/span> Ch\u00fang t\u00f4i cung c\u1ea5p t\u00e3 l\u00f3t, th\u1ef1c ph\u1ea9m v\u00e0 s\u1eefa c\u00f4ng th\u1ee9c trong m\u1ed9t th\u00e1ng cho c\u00e1c gia \u0111\u00ecnh trong c\u1ed9ng \u0111\u1ed3ng c\u1ee7a ch\u00fang t\u00f4i.<\/li><\/p>\n \t<li><span style=\"color: #a589bf;\"><strong>BACN Boutique-<\/strong> <\/span>Ch\u00fang t\u00f4i ti\u1ebfp t\u1ee5c \u0111\u00e1p \u1ee9ng c\u00e1c nhu c\u1ea7u c\u01a1 b\u1ea3n c\u1ee7a kh\u00e1ch h\u00e0ng v\u1edbi BACN Boutique, nh\u1edd s\u1ef1 \u1ee7ng h\u1ed9 v\u00e0 \u0111\u00f3ng g\u00f3p c\u1ee7a doanh nghi\u1ec7p v\u00e0 c\u1ed9ng \u0111\u1ed3ng. C\u1eeda h\u00e0ng mi\u1ec5n ph\u00ed \u0111\u01b0\u1ee3c d\u1ef1 tr\u1eef \u0111\u1ea7y \u0111\u1ee7 c\u1ee7a ch\u00fang t\u00f4i ch\u1ee9a \u0111\u1ea7y \u0111\u1ed3 n\u1ed9i th\u1ea5t tr\u1ebb em, \u0111\u1ed3 ch\u01a1i, s\u00e1ch, qu\u1ea7n \u00e1o v\u00e0 nhi\u1ec1u th\u1ee9 kh\u00e1c \u0111\u1ec3 gia \u0111\u00ecnh ch\u00fang t\u00f4i c\u00f3 th\u1ec3 mua b\u1ea5t c\u1ee9 th\u1ee9 g\u00ec h\u1ecd c\u1ea7n mi\u1ec5n ph\u00ed.<\/li>\n<\/ul>\n<p>\u0110\u1ec3 t\u00ecm hi\u1ec3u th\u00eam, <b><a href=\"tel:925-685-6633\">xin g\u1ecdi<\/a><\/b> Nh\u00e0 tr\u1ebb. Ch\u00fang t\u00f4i lu\u00f4n s\u1eb5n s\u00e0ng ph\u1ee5c v\u1ee5 24\/24.<\/p><\/div><\/div><\/div><\/div><\/div><div class=\"x-section e186-e25 m56-0 m56-1 m56-3 m56-5\"><div class=\"x-row e186-e26 m56-7 m56-9 m56-e\"><div class=\"x-row-inner\"><div class=\"x-col e186-e27 m56-h\"><div id=\"x-content-band-1\" class=\"x-content-band border-top border-left border-right border-bottom\" style=\"background-color: #efefef; color: #333;\"><div class=\"x-container max width\"> \n\n<h4  class=\"h-custom-headline h3\" style=\"margin-top: 0;\"><span>L\u00ean l\u1ecbch tham quan<\/span><\/h4><\/p>\n\nC\u00e1c gia \u0111\u00ecnh c\u00f3 th\u1ec3 l\u00ean l\u1ecbch tham quan V\u01b0\u1eddn \u01b0\u01a1m, g\u1eb7p g\u1ee1 nh\u00e2n vi\u00ean c\u1ee7a ch\u00fang t\u00f4i v\u00e0 xem con b\u1ea1n s\u1ebd \u1edf \u0111\u00e2u.<\/p>\n\n<p><a  class=\"x-btn x-btn-flat x-btn-global\"  href=\"mailto:gina@bayareacrisisnursery.org&subject=Parent Tour of the Nursery\"     data-options=\"thumbnail: ''\">L\u00ean l\u1ecbch ngay h\u00f4m nay<\/a> <\/div><\/div><\/div><\/div><\/div><\/div><div class=\"x-section e186-e29 m56-0 m56-4 m56-6\"><div class=\"x-row e186-e30 m56-7 m56-8 m56-9 m56-f\"><div class=\"x-row-inner\"><div class=\"x-col e186-e31 m56-h\"><div class=\"x-text x-text-headline e186-e32 m56-p m56-q m56-r m56-s m56-w m56-x m56-z\"><div class=\"x-text-content\"><div class=\"x-text-content-text\"><h3 class=\"x-text-content-text-primary\">H\u1ed7 tr\u1ee3 BACN<\/h3>\n<\/div><\/div><\/div><\/div><\/div><\/div><div class=\"x-row e186-e33 m56-7 m56-8 m56-9 m56-g\"><div class=\"x-row-inner\"><div class=\"x-col e186-e34 m56-h m56-j\"><a class=\"x-image e186-e35 m56-k m56-m\" href=\"https:\/\/bayareacrisisnursery.app.neoncrm.com\/forms\/donate\" target=\"_blank\" rel=\"noopener noreferrer\"><img decoding=\"async\" src=\"https:\/\/bayareacrisisnursery.org\/wp-content\/uploads\/2022\/08\/Piggy-Bank.jpg\" width=\"600\" height=\"400\" alt=\"Donate Today\" loading=\"lazy\"><\/a><div class=\"x-text x-text-headline e186-e36 m56-o m56-p m56-u m56-w m56-10\"><div class=\"x-text-content\"><div class=\"x-text-content-text\"><h3 class=\"x-text-content-text-primary\"><a href=\"https:\/\/bayareacrisisnursery.app.neoncrm.com\/forms\/donate\" data-wplink-edit=\"true\">Quy\u00ean g\u00f3p ngay h\u00f4m nay!<\/a><\/h3>\n<\/div><\/div><\/div><\/div><div class=\"x-col e186-e37 m56-h m56-j\"><a class=\"x-image e186-e38 m56-k m56-m m56-n\" href=\"https:\/\/mailchi.mp\/bayareacrisisnursery\/newsletter?dnt=1&quot; data-wplink-edit=&quot;true&quot;\" target=\"_blank\" rel=\"noopener noreferrer\"><img decoding=\"async\" src=\"https:\/\/bayareacrisisnursery.org\/wp-content\/uploads\/2022\/08\/News.jpg\" width=\"600\" height=\"400\" alt=\"Newsletter\" loading=\"lazy\"><\/a><div class=\"x-text x-text-headline e186-e39 m56-o m56-p m56-u m56-w m56-10\"><div class=\"x-text-content\"><div class=\"x-text-content-text\"><h3 class=\"x-text-content-text-primary\"><p><a href=\"https:\/\/mailchi.mp\/bayareacrisisnursery\/newsletter?dnt=1\" data-wplink-edit=\"true\">\u0110\u0103ng k\u00fd \u0111\u1ec3 gi\u1eef li\u00ean l\u1ea1c<\/a><\/p><\/h3>\n<\/div><\/div><\/div><\/div><\/div><\/div><\/div><\/div>","protected":false},"excerpt":{"rendered":"<p>100% OF OUR FAMILIES WOULD RECOMMEND THE NURSERY TO THEIR FRIENDS. WE PROVIDED 0HOURS OF FREE CHILDCARE LAST YEAR. 98% OF PARENTS REPORTED LESS STRESS AFTER USING NURSERY SERVICES. The Bay Area Crisis Nursery&#8217;s (BACN&#8217;s) mission is simple and powerful\u2014to help prevent child abuse and neglect by providing supportive services to families. We are a no-cost resource for families with &#8230; <a href=\"https:\/\/bayareacrisisnursery.org\/vi\/programs\/\" class=\"more-link\">\u0110\u1ecdc th\u00eam<\/a><\/p>","protected":false},"author":1,"featured_media":0,"parent":0,"menu_order":0,"comment_status":"closed","ping_status":"closed","template":"template-layout-full-width.php","meta":{"om_disable_all_campaigns":false,"_monsterinsights_skip_tracking":false,"_monsterinsights_sitenote_active":false,"_monsterinsights_sitenote_note":"","_monsterinsights_sitenote_category":0,"_uf_show_specific_survey":0,"_uf_disable_surveys":false,"footnotes":""},"class_list":["post-186","page","type-page","status-publish","hentry","no-post-thumbnail"],"yoast_head":"<!-- This site is optimized with the Yoast SEO Premium plugin v27.2 (Yoast SEO v27.2) - https:\/\/yoast.com\/product\/yoast-seo-premium-wordpress\/ -->\n<title>Our Programs - Bay Area Crisis Nursery<\/title>\n<meta name=\"robots\" content=\"index, follow, max-snippet:-1, max-image-preview:large, max-video-preview:-1\" \/>\n<link rel=\"canonical\" href=\"https:\/\/bayareacrisisnursery.org\/vi\/programs\/\" \/>\n<meta property=\"og:locale\" content=\"vi_VN\" \/>\n<meta property=\"og:type\" content=\"article\" \/>\n<meta property=\"og:title\" content=\"Our Programs\" \/>\n<meta property=\"og:description\" content=\"100% OF OUR FAMILIES WOULD RECOMMEND THE NURSERY TO THEIR FRIENDS. WE PROVIDED 0HOURS OF FREE CHILDCARE LAST YEAR. 98% OF PARENTS REPORTED LESS STRESS AFTER USING NURSERY SERVICES. The Bay Area Crisis Nursery&#039;s (BACN&#039;s) mission is simple and powerful\u2014to help prevent child abuse and neglect by providing supportive services to families. We are a no-cost resource for families with ... Read More\" \/>\n<meta property=\"og:url\" content=\"https:\/\/bayareacrisisnursery.org\/vi\/programs\/\" \/>\n<meta property=\"og:site_name\" content=\"Bay Area Crisis Nursery\" \/>\n<meta property=\"article:publisher\" content=\"https:\/\/www.facebook.com\/bacnspage\/\" \/>\n<meta property=\"article:modified_time\" content=\"2025-03-20T21:27:05+00:00\" \/>\n<meta name=\"twitter:card\" content=\"summary_large_image\" \/>\n<meta name=\"twitter:site\" content=\"@bacn_nursery\" \/>\n<meta name=\"twitter:label1\" content=\"\u01af\u1edbc t\u00ednh th\u1eddi gian \u0111\u1ecdc\" \/>\n\t<meta name=\"twitter:data1\" content=\"3 ph\u00fat\" \/>\n<script type=\"application\/ld+json\" class=\"yoast-schema-graph\">{\"@context\":\"https:\/\/schema.org\",\"@graph\":[{\"@type\":\"WebPage\",\"@id\":\"https:\/\/bayareacrisisnursery.org\/programs\/\",\"url\":\"https:\/\/bayareacrisisnursery.org\/programs\/\",\"name\":\"Our Programs - Bay Area Crisis Nursery\",\"isPartOf\":{\"@id\":\"https:\/\/bayareacrisisnursery.org\/#website\"},\"datePublished\":\"2019-04-19T05:17:42+00:00\",\"dateModified\":\"2025-03-20T21:27:05+00:00\",\"breadcrumb\":{\"@id\":\"https:\/\/bayareacrisisnursery.org\/programs\/#breadcrumb\"},\"inLanguage\":\"vi\",\"potentialAction\":[{\"@type\":\"ReadAction\",\"target\":[\"https:\/\/bayareacrisisnursery.org\/programs\/\"]}]},{\"@type\":\"BreadcrumbList\",\"@id\":\"https:\/\/bayareacrisisnursery.org\/programs\/#breadcrumb\",\"itemListElement\":[{\"@type\":\"ListItem\",\"position\":1,\"name\":\"Home\",\"item\":\"https:\/\/bayareacrisisnursery.org\/\"},{\"@type\":\"ListItem\",\"position\":2,\"name\":\"Our Programs\"}]},{\"@type\":\"WebSite\",\"@id\":\"https:\/\/bayareacrisisnursery.org\/#website\",\"url\":\"https:\/\/bayareacrisisnursery.org\/\",\"name\":\"Bay Area Crisis Nursery\",\"description\":\"A Little Heart. A Little Help. A Lot of Hope.\",\"publisher\":{\"@id\":\"https:\/\/bayareacrisisnursery.org\/#organization\"},\"potentialAction\":[{\"@type\":\"SearchAction\",\"target\":{\"@type\":\"EntryPoint\",\"urlTemplate\":\"https:\/\/bayareacrisisnursery.org\/?s={search_term_string}\"},\"query-input\":{\"@type\":\"PropertyValueSpecification\",\"valueRequired\":true,\"valueName\":\"search_term_string\"}}],\"inLanguage\":\"vi\"},{\"@type\":\"Organization\",\"@id\":\"https:\/\/bayareacrisisnursery.org\/#organization\",\"name\":\"Bay Area Crisis Nursery\",\"url\":\"https:\/\/bayareacrisisnursery.org\/\",\"logo\":{\"@type\":\"ImageObject\",\"inLanguage\":\"vi\",\"@id\":\"https:\/\/bayareacrisisnursery.org\/#\/schema\/logo\/image\/\",\"url\":\"https:\/\/bayareacrisisnursery.org\/wp-content\/uploads\/2020\/12\/BACN-Logo.png\",\"contentUrl\":\"https:\/\/bayareacrisisnursery.org\/wp-content\/uploads\/2020\/12\/BACN-Logo.png\",\"width\":751,\"height\":374,\"caption\":\"Bay Area Crisis Nursery\"},\"image\":{\"@id\":\"https:\/\/bayareacrisisnursery.org\/#\/schema\/logo\/image\/\"},\"sameAs\":[\"https:\/\/www.facebook.com\/bacnspage\/\",\"https:\/\/x.com\/bacn_nursery\",\"https:\/\/www.instagram.com\/bayareacrisisnursery\/\",\"https:\/\/www.linkedin.com\/company\/bay-area-crisis-nursery\/about\/\"]}]}<\/script>\n<!-- \/ Yoast SEO Premium plugin. -->","yoast_head_json":{"title":"Our Programs - Bay Area Crisis Nursery","robots":{"index":"index","follow":"follow","max-snippet":"max-snippet:-1","max-image-preview":"max-image-preview:large","max-video-preview":"max-video-preview:-1"},"canonical":"https:\/\/bayareacrisisnursery.org\/vi\/programs\/","og_locale":"vi_VN","og_type":"article","og_title":"Our Programs","og_description":"100% OF OUR FAMILIES WOULD RECOMMEND THE NURSERY TO THEIR FRIENDS. WE PROVIDED 0HOURS OF FREE CHILDCARE LAST YEAR. 98% OF PARENTS REPORTED LESS STRESS AFTER USING NURSERY SERVICES. The Bay Area Crisis Nursery's (BACN's) mission is simple and powerful\u2014to help prevent child abuse and neglect by providing supportive services to families. We are a no-cost resource for families with ... Read More","og_url":"https:\/\/bayareacrisisnursery.org\/vi\/programs\/","og_site_name":"Bay Area Crisis Nursery","article_publisher":"https:\/\/www.facebook.com\/bacnspage\/","article_modified_time":"2025-03-20T21:27:05+00:00","twitter_card":"summary_large_image","twitter_site":"@bacn_nursery","twitter_misc":{"\u01af\u1edbc t\u00ednh th\u1eddi gian \u0111\u1ecdc":"3 ph\u00fat"},"schema":{"@context":"https:\/\/schema.org","@graph":[{"@type":"WebPage","@id":"https:\/\/bayareacrisisnursery.org\/programs\/","url":"https:\/\/bayareacrisisnursery.org\/programs\/","name":"Our Programs - Bay Area Crisis Nursery","isPartOf":{"@id":"https:\/\/bayareacrisisnursery.org\/#website"},"datePublished":"2019-04-19T05:17:42+00:00","dateModified":"2025-03-20T21:27:05+00:00","breadcrumb":{"@id":"https:\/\/bayareacrisisnursery.org\/programs\/#breadcrumb"},"inLanguage":"vi","potentialAction":[{"@type":"ReadAction","target":["https:\/\/bayareacrisisnursery.org\/programs\/"]}]},{"@type":"BreadcrumbList","@id":"https:\/\/bayareacrisisnursery.org\/programs\/#breadcrumb","itemListElement":[{"@type":"ListItem","position":1,"name":"Home","item":"https:\/\/bayareacrisisnursery.org\/"},{"@type":"ListItem","position":2,"name":"Our Programs"}]},{"@type":"WebSite","@id":"https:\/\/bayareacrisisnursery.org\/#website","url":"https:\/\/bayareacrisisnursery.org\/","name":"V\u01b0\u1eddn \u01b0\u01a1m Kh\u1ee7ng ho\u1ea3ng V\u00f9ng V\u1ecbnh","description":"M\u1ed9t Tr\u00e1i Tim Nh\u1ecf. M\u1ed9t s\u1ef1 gi\u00fap \u0111\u1ee1 nho nh\u1ecf. R\u1ea5t nhi\u1ec1u hy v\u1ecdng.","publisher":{"@id":"https:\/\/bayareacrisisnursery.org\/#organization"},"potentialAction":[{"@type":"SearchAction","target":{"@type":"EntryPoint","urlTemplate":"https:\/\/bayareacrisisnursery.org\/?s={search_term_string}"},"query-input":{"@type":"PropertyValueSpecification","valueRequired":true,"valueName":"search_term_string"}}],"inLanguage":"vi"},{"@type":"Organization","@id":"https:\/\/bayareacrisisnursery.org\/#organization","name":"V\u01b0\u1eddn \u01b0\u01a1m Kh\u1ee7ng ho\u1ea3ng V\u00f9ng V\u1ecbnh","url":"https:\/\/bayareacrisisnursery.org\/","logo":{"@type":"ImageObject","inLanguage":"vi","@id":"https:\/\/bayareacrisisnursery.org\/#\/schema\/logo\/image\/","url":"https:\/\/bayareacrisisnursery.org\/wp-content\/uploads\/2020\/12\/BACN-Logo.png","contentUrl":"https:\/\/bayareacrisisnursery.org\/wp-content\/uploads\/2020\/12\/BACN-Logo.png","width":751,"height":374,"caption":"Bay Area Crisis Nursery"},"image":{"@id":"https:\/\/bayareacrisisnursery.org\/#\/schema\/logo\/image\/"},"sameAs":["https:\/\/www.facebook.com\/bacnspage\/","https:\/\/x.com\/bacn_nursery","https:\/\/www.instagram.com\/bayareacrisisnursery\/","https:\/\/www.linkedin.com\/company\/bay-area-crisis-nursery\/about\/"]}]}},"_links":{"self":[{"href":"https:\/\/bayareacrisisnursery.org\/vi\/wp-json\/wp\/v2\/pages\/186","targetHints":{"allow":["GET"]}}],"collection":[{"href":"https:\/\/bayareacrisisnursery.org\/vi\/wp-json\/wp\/v2\/pages"}],"about":[{"href":"https:\/\/bayareacrisisnursery.org\/vi\/wp-json\/wp\/v2\/types\/page"}],"author":[{"embeddable":true,"href":"https:\/\/bayareacrisisnursery.org\/vi\/wp-json\/wp\/v2\/users\/1"}],"replies":[{"embeddable":true,"href":"https:\/\/bayareacrisisnursery.org\/vi\/wp-json\/wp\/v2\/comments?post=186"}],"version-history":[{"count":11,"href":"https:\/\/bayareacrisisnursery.org\/vi\/wp-json\/wp\/v2\/pages\/186\/revisions"}],"predecessor-version":[{"id":7353,"href":"https:\/\/bayareacrisisnursery.org\/vi\/wp-json\/wp\/v2\/pages\/186\/revisions\/7353"}],"wp:attachment":[{"href":"https:\/\/bayareacrisisnursery.org\/vi\/wp-json\/wp\/v2\/media?parent=186"}],"curies":[{"name":"wp","href":"https:\/\/api.w.org\/{rel}","templated":true}]}}