{"id":263,"date":"2019-04-25T03:48:46","date_gmt":"2019-04-25T03:48:46","guid":{"rendered":"https:\/\/bayareacrisisnursery.org\/?page_id=263"},"modified":"2026-01-08T05:31:08","modified_gmt":"2026-01-08T05:31:08","slug":"donate","status":"publish","type":"page","link":"https:\/\/bayareacrisisnursery.org\/vi\/donate\/","title":{"rendered":"\u1ee6ng h\u1ed9"},"content":{"rendered":"<div id=\"cs-content\" class=\"cs-content\"><div class=\"x-section e263-e1 m7b-0 m7b-1 m7b-2\"><div class=\"x-container marginless-columns e263-e2 m7b-7\"><div class=\"x-column x-sm x-1-1 e263-e3 m7b-8\"><img decoding=\"async\"  class=\"x-img x-img-none\"  src=\"https:\/\/bayareacrisisnursery.org\/wp-content\/uploads\/2022\/08\/Support-Us-Banner.png\" alt=\"baby girl\"><h2  class=\"h-custom-headline h3\" ><span>Kh\u00f4ng c\u00f3 n\u01a1i n\u00e0o gi\u1ed1ng nh\u01b0 nh\u00e0 tr\u1ebb!<\/span><\/h2><\/div><\/div><\/div><div class=\"x-section e263-e6 m7b-0 m7b-3 m7b-4 m7b-5\"><div class=\"x-row x-container max width e263-e7 m7b-9 m7b-a m7b-d m7b-e\"><div class=\"x-row-inner\"><div class=\"x-col e263-e8 m7b-i\"><iframe loading=\"lazy\" src=\"https:\/\/bayareacrisisnursery.app.neoncrm.com\/forms\/donate\" height=\"680\" width=\"400\"><\/iframe><\/div><div class=\"x-col e263-e10 m7b-i\"><span class=\"x-image e263-e11 m7b-k m7b-l\"><img decoding=\"async\" src=\"https:\/\/bayareacrisisnursery.org\/wp-content\/uploads\/2022\/04\/Emergency-Childcare.jpg\" width=\"500\" height=\"334\" alt=\"Image\" loading=\"lazy\"><\/span><\/p>C\u00f9ng nhau, ch\u00fang ta c\u00f3 th\u1ec3 \u0111\u1ea3m b\u1ea3o r\u1eb1ng m\u1ecdi \u0111\u1ee9a tr\u1ebb \u0111\u1ec1u l\u1edbn l\u00ean v\u1edbi c\u1ea3m gi\u00e1c an to\u00e0n, \u0111\u01b0\u1ee3c ch\u0103m s\u00f3c v\u00e0 y\u00eau th\u01b0\u01a1ng trong m\u1ed9t ng\u00f4i nh\u00e0 \u1ed5n \u0111\u1ecbnh. H\u01a1n 9.000 tr\u1ebb em l\u00e0 n\u1ea1n nh\u00e2n c\u1ee7a h\u00e0nh vi ng\u01b0\u1ee3c \u0111\u00e3i tr\u1ebb em v\u00e0o n\u0103m 2021 t\u1ea1i H\u1ea1t Contra Costa. Kho\u1ea3n \u0111\u1ea7u t\u01b0 m\u00e0 ch\u00fang t\u00f4i th\u1ef1c hi\u1ec7n \u0111\u1ec3 h\u1ed7 tr\u1ee3 tr\u1ebb em t\u1ea1o ra s\u1ef1 kh\u00e1c bi\u1ec7t ng\u00e0y nay v\u00e0 trong cu\u1ed9c s\u1ed1ng c\u1ee7a c\u00e1c em khi tr\u01b0\u1edfng th\u00e0nh, t\u00e1c \u0111\u1ed9ng \u0111\u1ebfn t\u01b0\u01a1ng lai c\u1ee7a c\u1ed9ng \u0111\u1ed3ng ch\u00fang ta.<\/p>\n\n<b>\u0110\u00f3ng g\u00f3p qua th\u01b0:<\/b><\/p> S\u00e9c c\u00f3 th\u1ec3 \u0111\u01b0\u1ee3c thanh to\u00e1n cho Bay Area Crisis Nursery v\u00e0 g\u1eedi \u0111\u1ebfn 1506 Mendocino Drive, Concord, CA 94521.<\/div><\/div><\/div><\/div><div class=\"x-section e263-e13 m7b-0 m7b-2 m7b-3 m7b-6\"><div class=\"x-row e263-e14 m7b-9 m7b-a m7b-b m7b-d m7b-f\"><div class=\"x-row-inner\"><div class=\"x-col e263-e15 m7b-i\"><div class=\"x-text x-text-headline e263-e16 m7b-o m7b-p\"><div class=\"x-text-content\"><div class=\"x-text-content-text\"><h3 class=\"x-text-content-text-primary\">H\u1ed7 tr\u1ee3 BACN<\/h3>\n<\/div><\/div><\/div><\/div><\/div><\/div><div class=\"x-row e263-e17 m7b-9 m7b-a m7b-b m7b-d m7b-g\"><div class=\"x-row-inner\"><div class=\"x-col e263-e18 m7b-i m7b-j\"><a class=\"x-image e263-e19 m7b-k m7b-m\" href=\"mailto:giving@bayareacrisisnursery.org?subject=Stock%20Donations\" target=\"_blank\" rel=\"noopener noreferrer\"><img decoding=\"async\" src=\"https:\/\/bayareacrisisnursery.org\/wp-content\/uploads\/2019\/12\/Piggy-Stock.jpg\" width=\"847\" height=\"565\" alt=\"Stock Donations\" loading=\"lazy\"><\/a><div class=\"x-text x-text-headline e263-e20 m7b-p m7b-q\"><div class=\"x-text-content\"><div class=\"x-text-content-text\"><h3 class=\"x-text-content-text-primary\"><p><a href=\"mailto:giving@bayareacrisisnursery.org?subject=Donating Stock\">BACN ch\u1ea5p nh\u1eadn t\u1eb7ng c\u1ed5 phi\u1ebfu. G\u1eedi email ngay h\u00f4m nay.<\/a><\/p><\/h3>\n<\/div><\/div><\/div><\/div><div class=\"x-col e263-e21 m7b-i m7b-j\"><iframe loading=\"lazy\" src=\"https:\/\/doublethedonation.com\/api\/iframe\/XvD2NtEV1TSXhAQ1\" height=\"350\" width=\"100%\"><\/iframe><\/div><div class=\"x-col e263-e23 m7b-i m7b-j\"><a class=\"x-image e263-e24 m7b-k m7b-m m7b-n\" href=\"https:\/\/mailchi.mp\/bayareacrisisnursery\/newsletter?dnt=1%22%20data-wplink-edit=%22true%22\" target=\"_blank\" rel=\"noopener noreferrer\"><img decoding=\"async\" src=\"https:\/\/bayareacrisisnursery.org\/wp-content\/uploads\/2022\/08\/News.jpg\" width=\"600\" height=\"400\" alt=\"Newsletter\" loading=\"lazy\"><\/a><div class=\"x-text x-text-headline e263-e25 m7b-p m7b-q\"><div class=\"x-text-content\"><div class=\"x-text-content-text\"><h3 class=\"x-text-content-text-primary\"><p><a href=\"https:\/\/mailchi.mp\/bayareacrisisnursery\/newsletter?dnt=1\" data-wplink-edit=\"true\">\u0110\u0103ng k\u00fd \u0111\u1ec3 gi\u1eef li\u00ean l\u1ea1c<\/a><\/p><\/h3>\n<\/div><\/div><\/div><\/div><\/div><\/div><\/div><div class=\"x-section e263-e26 m7b-0 m7b-1 m7b-5\"><div class=\"x-row e263-e27 m7b-9 m7b-c m7b-h\"><div class=\"x-row-inner\"><div class=\"x-col e263-e28 m7b-i\"><div class=\"x-content-area e263-e29 m7b-r\"><div id=\"x-content-band-1\" class=\"x-content-band border-top border-left border-right border-bottom\" style=\"background-color: #efefef; color: #333;\"><div class=\"x-container max width\"> \n<h4  class=\"h-custom-headline h3\" style=\"margin-top: 0;\"><span>L\u00ean l\u1ecbch tham quan<\/span><\/h4><\/p>\nTr\u1ea3i nghi\u1ec7m s\u1ee9 m\u1ec7nh c\u1ee7a ch\u00fang t\u00f4i trong th\u1ef1c t\u1ebf b\u1eb1ng c\u00e1ch gh\u00e9 th\u0103m V\u01b0\u1eddn \u01b0\u01a1m \u0111\u1ec3 tham quan.<\/p>\n<p><a  class=\"x-btn x-btn-flat x-btn-global\"  href=\"mailto:giving@bayareacrisisnursery.org&subject=Donor Tour of the Nursery\"     data-options=\"thumbnail: ''\">L\u00ean l\u1ecbch ngay h\u00f4m nay<\/a> <\/div><\/div>\n<\/div><\/div><\/div><\/div><\/div><\/div>","protected":false},"excerpt":{"rendered":"<p>There&#8217;s No Place Like the Nursery!Together, we can ensure that every child grows up feeling safe, cared for, and loved in a stable home. More than 9,000 children were victims of child maltreatment in 2021 in Contra Costa County. The investment that we make to support kids makes a difference today and in their lives as adults, impacting the future &#8230; <a href=\"https:\/\/bayareacrisisnursery.org\/vi\/donate\/\" class=\"more-link\">\u0110\u1ecdc th\u00eam<\/a><\/p>","protected":false},"author":1,"featured_media":0,"parent":0,"menu_order":0,"comment_status":"closed","ping_status":"closed","template":"template-layout-full-width.php","meta":{"om_disable_all_campaigns":false,"_monsterinsights_skip_tracking":false,"_monsterinsights_sitenote_active":false,"_monsterinsights_sitenote_note":"","_monsterinsights_sitenote_category":0,"_uf_show_specific_survey":0,"_uf_disable_surveys":false,"footnotes":""},"class_list":["post-263","page","type-page","status-publish","hentry","no-post-thumbnail"],"yoast_head":"<!-- This site is optimized with the Yoast SEO Premium plugin v27.2 (Yoast SEO v27.2) - https:\/\/yoast.com\/product\/yoast-seo-premium-wordpress\/ -->\n<title>Support - Bay Area Crisis Nursery<\/title>\n<meta name=\"description\" content=\"Donate to the Bay Area Crisis Nursery today to support the hundreds of young children they help keep safe and warm throughout the year.\" \/>\n<meta name=\"robots\" content=\"index, follow, max-snippet:-1, max-image-preview:large, max-video-preview:-1\" \/>\n<link rel=\"canonical\" href=\"https:\/\/bayareacrisisnursery.org\/vi\/donate\/\" \/>\n<meta property=\"og:locale\" content=\"vi_VN\" \/>\n<meta property=\"og:type\" content=\"article\" \/>\n<meta property=\"og:title\" content=\"Support\" \/>\n<meta property=\"og:description\" content=\"Donate to the Bay Area Crisis Nursery today to support the hundreds of young children they help keep safe and warm throughout the year.\" \/>\n<meta property=\"og:url\" content=\"https:\/\/bayareacrisisnursery.org\/vi\/donate\/\" \/>\n<meta property=\"og:site_name\" content=\"Bay Area Crisis Nursery\" \/>\n<meta property=\"article:publisher\" content=\"https:\/\/www.facebook.com\/bacnspage\/\" \/>\n<meta property=\"article:modified_time\" content=\"2026-01-08T05:31:08+00:00\" \/>\n<meta property=\"og:image\" content=\"https:\/\/bayareacrisisnursery.org\/wp-content\/uploads\/2019\/11\/Donate-Header.jpg\" \/>\n\t<meta property=\"og:image:width\" content=\"1200\" \/>\n\t<meta property=\"og:image:height\" content=\"500\" \/>\n\t<meta property=\"og:image:type\" content=\"image\/jpeg\" \/>\n<meta name=\"twitter:card\" content=\"summary_large_image\" \/>\n<meta name=\"twitter:site\" content=\"@bacn_nursery\" \/>\n<meta name=\"twitter:label1\" content=\"\u01af\u1edbc t\u00ednh th\u1eddi gian \u0111\u1ecdc\" \/>\n\t<meta name=\"twitter:data1\" content=\"4 ph\u00fat\" \/>\n<script type=\"application\/ld+json\" class=\"yoast-schema-graph\">{\"@context\":\"https:\/\/schema.org\",\"@graph\":[{\"@type\":\"WebPage\",\"@id\":\"https:\/\/bayareacrisisnursery.org\/donate\/\",\"url\":\"https:\/\/bayareacrisisnursery.org\/donate\/\",\"name\":\"Support - Bay Area Crisis Nursery\",\"isPartOf\":{\"@id\":\"https:\/\/bayareacrisisnursery.org\/#website\"},\"datePublished\":\"2019-04-25T03:48:46+00:00\",\"dateModified\":\"2026-01-08T05:31:08+00:00\",\"description\":\"Donate to the Bay Area Crisis Nursery today to support the hundreds of young children they help keep safe and warm throughout the year.\",\"breadcrumb\":{\"@id\":\"https:\/\/bayareacrisisnursery.org\/donate\/#breadcrumb\"},\"inLanguage\":\"vi\",\"potentialAction\":[{\"@type\":\"ReadAction\",\"target\":[\"https:\/\/bayareacrisisnursery.org\/donate\/\"]}]},{\"@type\":\"BreadcrumbList\",\"@id\":\"https:\/\/bayareacrisisnursery.org\/donate\/#breadcrumb\",\"itemListElement\":[{\"@type\":\"ListItem\",\"position\":1,\"name\":\"Home\",\"item\":\"https:\/\/bayareacrisisnursery.org\/\"},{\"@type\":\"ListItem\",\"position\":2,\"name\":\"Support\"}]},{\"@type\":\"WebSite\",\"@id\":\"https:\/\/bayareacrisisnursery.org\/#website\",\"url\":\"https:\/\/bayareacrisisnursery.org\/\",\"name\":\"Bay Area Crisis Nursery\",\"description\":\"A Little Heart. A Little Help. A Lot of Hope.\",\"publisher\":{\"@id\":\"https:\/\/bayareacrisisnursery.org\/#organization\"},\"potentialAction\":[{\"@type\":\"SearchAction\",\"target\":{\"@type\":\"EntryPoint\",\"urlTemplate\":\"https:\/\/bayareacrisisnursery.org\/?s={search_term_string}\"},\"query-input\":{\"@type\":\"PropertyValueSpecification\",\"valueRequired\":true,\"valueName\":\"search_term_string\"}}],\"inLanguage\":\"vi\"},{\"@type\":\"Organization\",\"@id\":\"https:\/\/bayareacrisisnursery.org\/#organization\",\"name\":\"Bay Area Crisis Nursery\",\"url\":\"https:\/\/bayareacrisisnursery.org\/\",\"logo\":{\"@type\":\"ImageObject\",\"inLanguage\":\"vi\",\"@id\":\"https:\/\/bayareacrisisnursery.org\/#\/schema\/logo\/image\/\",\"url\":\"https:\/\/bayareacrisisnursery.org\/wp-content\/uploads\/2020\/12\/BACN-Logo.png\",\"contentUrl\":\"https:\/\/bayareacrisisnursery.org\/wp-content\/uploads\/2020\/12\/BACN-Logo.png\",\"width\":751,\"height\":374,\"caption\":\"Bay Area Crisis Nursery\"},\"image\":{\"@id\":\"https:\/\/bayareacrisisnursery.org\/#\/schema\/logo\/image\/\"},\"sameAs\":[\"https:\/\/www.facebook.com\/bacnspage\/\",\"https:\/\/x.com\/bacn_nursery\",\"https:\/\/www.instagram.com\/bayareacrisisnursery\/\",\"https:\/\/www.linkedin.com\/company\/bay-area-crisis-nursery\/about\/\"]}]}<\/script>\n<!-- \/ Yoast SEO Premium plugin. -->","yoast_head_json":{"title":"Support - Bay Area Crisis Nursery","description":"Donate to the Bay Area Crisis Nursery today to support the hundreds of young children they help keep safe and warm throughout the year.","robots":{"index":"index","follow":"follow","max-snippet":"max-snippet:-1","max-image-preview":"max-image-preview:large","max-video-preview":"max-video-preview:-1"},"canonical":"https:\/\/bayareacrisisnursery.org\/vi\/donate\/","og_locale":"vi_VN","og_type":"article","og_title":"Support","og_description":"Donate to the Bay Area Crisis Nursery today to support the hundreds of young children they help keep safe and warm throughout the year.","og_url":"https:\/\/bayareacrisisnursery.org\/vi\/donate\/","og_site_name":"Bay Area Crisis Nursery","article_publisher":"https:\/\/www.facebook.com\/bacnspage\/","article_modified_time":"2026-01-08T05:31:08+00:00","og_image":[{"width":1200,"height":500,"url":"https:\/\/bayareacrisisnursery.org\/wp-content\/uploads\/2019\/11\/Donate-Header.jpg","type":"image\/jpeg"}],"twitter_card":"summary_large_image","twitter_site":"@bacn_nursery","twitter_misc":{"\u01af\u1edbc t\u00ednh th\u1eddi gian \u0111\u1ecdc":"4 ph\u00fat"},"schema":{"@context":"https:\/\/schema.org","@graph":[{"@type":"WebPage","@id":"https:\/\/bayareacrisisnursery.org\/donate\/","url":"https:\/\/bayareacrisisnursery.org\/donate\/","name":"Support - Bay Area Crisis Nursery","isPartOf":{"@id":"https:\/\/bayareacrisisnursery.org\/#website"},"datePublished":"2019-04-25T03:48:46+00:00","dateModified":"2026-01-08T05:31:08+00:00","description":"Donate to the Bay Area Crisis Nursery today to support the hundreds of young children they help keep safe and warm throughout the year.","breadcrumb":{"@id":"https:\/\/bayareacrisisnursery.org\/donate\/#breadcrumb"},"inLanguage":"vi","potentialAction":[{"@type":"ReadAction","target":["https:\/\/bayareacrisisnursery.org\/donate\/"]}]},{"@type":"BreadcrumbList","@id":"https:\/\/bayareacrisisnursery.org\/donate\/#breadcrumb","itemListElement":[{"@type":"ListItem","position":1,"name":"Home","item":"https:\/\/bayareacrisisnursery.org\/"},{"@type":"ListItem","position":2,"name":"Support"}]},{"@type":"WebSite","@id":"https:\/\/bayareacrisisnursery.org\/#website","url":"https:\/\/bayareacrisisnursery.org\/","name":"V\u01b0\u1eddn \u01b0\u01a1m Kh\u1ee7ng ho\u1ea3ng V\u00f9ng V\u1ecbnh","description":"M\u1ed9t Tr\u00e1i Tim Nh\u1ecf. M\u1ed9t s\u1ef1 gi\u00fap \u0111\u1ee1 nho nh\u1ecf. R\u1ea5t nhi\u1ec1u hy v\u1ecdng.","publisher":{"@id":"https:\/\/bayareacrisisnursery.org\/#organization"},"potentialAction":[{"@type":"SearchAction","target":{"@type":"EntryPoint","urlTemplate":"https:\/\/bayareacrisisnursery.org\/?s={search_term_string}"},"query-input":{"@type":"PropertyValueSpecification","valueRequired":true,"valueName":"search_term_string"}}],"inLanguage":"vi"},{"@type":"Organization","@id":"https:\/\/bayareacrisisnursery.org\/#organization","name":"V\u01b0\u1eddn \u01b0\u01a1m Kh\u1ee7ng ho\u1ea3ng V\u00f9ng V\u1ecbnh","url":"https:\/\/bayareacrisisnursery.org\/","logo":{"@type":"ImageObject","inLanguage":"vi","@id":"https:\/\/bayareacrisisnursery.org\/#\/schema\/logo\/image\/","url":"https:\/\/bayareacrisisnursery.org\/wp-content\/uploads\/2020\/12\/BACN-Logo.png","contentUrl":"https:\/\/bayareacrisisnursery.org\/wp-content\/uploads\/2020\/12\/BACN-Logo.png","width":751,"height":374,"caption":"Bay Area Crisis Nursery"},"image":{"@id":"https:\/\/bayareacrisisnursery.org\/#\/schema\/logo\/image\/"},"sameAs":["https:\/\/www.facebook.com\/bacnspage\/","https:\/\/x.com\/bacn_nursery","https:\/\/www.instagram.com\/bayareacrisisnursery\/","https:\/\/www.linkedin.com\/company\/bay-area-crisis-nursery\/about\/"]}]}},"_links":{"self":[{"href":"https:\/\/bayareacrisisnursery.org\/vi\/wp-json\/wp\/v2\/pages\/263","targetHints":{"allow":["GET"]}}],"collection":[{"href":"https:\/\/bayareacrisisnursery.org\/vi\/wp-json\/wp\/v2\/pages"}],"about":[{"href":"https:\/\/bayareacrisisnursery.org\/vi\/wp-json\/wp\/v2\/types\/page"}],"author":[{"embeddable":true,"href":"https:\/\/bayareacrisisnursery.org\/vi\/wp-json\/wp\/v2\/users\/1"}],"replies":[{"embeddable":true,"href":"https:\/\/bayareacrisisnursery.org\/vi\/wp-json\/wp\/v2\/comments?post=263"}],"version-history":[{"count":11,"href":"https:\/\/bayareacrisisnursery.org\/vi\/wp-json\/wp\/v2\/pages\/263\/revisions"}],"predecessor-version":[{"id":7423,"href":"https:\/\/bayareacrisisnursery.org\/vi\/wp-json\/wp\/v2\/pages\/263\/revisions\/7423"}],"wp:attachment":[{"href":"https:\/\/bayareacrisisnursery.org\/vi\/wp-json\/wp\/v2\/media?parent=263"}],"curies":[{"name":"wp","href":"https:\/\/api.w.org\/{rel}","templated":true}]}}