{"id":270,"date":"2019-04-25T04:05:47","date_gmt":"2019-04-25T04:05:47","guid":{"rendered":"https:\/\/bayareacrisisnursery.org\/?page_id=270"},"modified":"2026-01-20T21:01:22","modified_gmt":"2026-01-20T21:01:22","slug":"other-ways-to-give","status":"publish","type":"page","link":"https:\/\/bayareacrisisnursery.org\/vi\/other-ways-to-give\/","title":{"rendered":"C\u00e1c c\u00e1ch kh\u00e1c \u0111\u1ec3 cho \u0111i"},"content":{"rendered":"<div id=\"cs-content\" class=\"cs-content\"><div class=\"x-section e270-e1 m7i-0 m7i-1\"><div class=\"x-container marginless-columns e270-e2 m7i-3 m7i-4\"><div class=\"x-column x-sm x-1-1 e270-e3 m7i-6 m7i-7\"><img decoding=\"async\"  class=\"x-img x-img-none\"  src=\"https:\/\/bayareacrisisnursery.org\/wp-content\/uploads\/2022\/09\/Other-Ways-to-Give-Banner.jpg\" alt=\"Support BACN Piggy Bank\"><\/div><\/div><\/div><div class=\"x-section e270-e5 m7i-0 m7i-1\"><div class=\"x-container max width e270-e6 m7i-4 m7i-5\"><\/div><div class=\"x-container marginless-columns e270-e7 m7i-3 m7i-4\"><div class=\"x-column x-sm x-1-1 e270-e8 m7i-6 m7i-8\"><div class=\"x-content-area e270-e9 m7i-9\"><p><div id=\"x-content-band-1\" class=\"x-content-band border-top border-left border-right border-bottom\" style=\"background-color: #efefef; color: #333;\"><div class=\"x-container max width\"> <h4  class=\"h-custom-headline h3\" style=\"margin-top: 0;\"><span>Quy\u00ean g\u00f3p b\u1eb1ng hi\u1ec7n v\u1eadt<\/span><\/h4><br \/>C\u1ea3m \u01a1n b\u1ea1n \u0111\u00e3 c\u00e2n nh\u1eafc \u0111\u00f3ng g\u00f3p c\u00e1c m\u1eb7t h\u00e0ng c\u1ee7a m\u00ecnh cho BACN. <b><a href=\"tel:925-685-6633\">Xin g\u1ecdi<\/a><\/b> V\u01b0\u1eddn \u01b0\u01a1m \u0111\u1ec3 xem li\u1ec7u ch\u00fang t\u00f4i c\u00f3 ch\u1ea5p nh\u1eadn \u0111\u00f3ng g\u00f3p hay kh\u00f4ng. \u0110\u00f4i khi b\u1ed9 nh\u1edb c\u1ee7a ch\u00fang t\u00f4i \u0111\u1ea7y l\u00ean t\u1eeb t\u1ea5t c\u1ea3 c\u00e1c kho\u1ea3n \u0111\u00f3ng g\u00f3p c\u1ee7a b\u1ea1n.<\/p>\n<p><b>Ch\u00fang t\u00f4i \u0111\u1ed3ng \u00fd:<\/b> clean and gently used toys (to prevent any possible choking hazards please be sure small toys are secured in a bag), children&rsquo;s equipment, diapers, non-expired baby food and formula, unopened diapers, books in good condition, puzzles and games (please tape boxes to ensure small pieces are kept inside), gently worn children&rsquo;s clothing, and children&rsquo;s shoes.<\/p>\n<p><b>We can&rsquo;t accept:<\/b> furniture, cribs, strollers, bathtubs, bedding, crib mattresses, diaper genies, fast food toy giveaways, housewares, and stuffed animals.<\/p>\n<p>Please note that we are also unable to accept car seats, jumpers, walkers, bouncers, swings, high chairs, or breast pumps due to laws restricting their re-use.<\/p>\n<p><\/div><\/div><\/p><\/div><\/div><\/div><\/div><div class=\"x-section e270-e10 m7i-0 m7i-2\"><div class=\"x-container e270-e11 m7i-4 m7i-5\"><div class=\"x-column x-sm x-1-2 e270-e12 m7i-6 m7i-8\"><div class=\"x-content-area e270-e13 m7i-9\"><div id=\"x-content-band-2\" class=\"x-content-band border-top border-left border-right border-bottom\" style=\"background-color: #efefef;\"><div class=\"x-container\"><div  class=\"x-container max width\" ><h4  class=\"h-custom-headline center-text h4 accent\" style=\"margin: 0;\"><span>N\u1ee5 c\u01b0\u1eddi Amazon<\/span><\/h4><p>\n\t\n<p class=\"man\">Amazon t\u1eb7ng 0,5% gi\u00e1 mua h\u00e0ng AmazonSmile \u0111\u1ee7 \u0111i\u1ec1u ki\u1ec7n c\u1ee7a b\u1ea1n cho t\u1ed5 ch\u1ee9c t\u1eeb thi\u1ec7n m\u00e0 b\u1ea1n ch\u1ecdn. \u1ee6ng h\u1ed9 BACN v\u00e0 mua s\u1eafm!<\/p>\n<\/p><img decoding=\"async\"  class=\"x-img x-img-rounded\"  src=\"https:\/\/bayareacrisisnursery.org\/wp-content\/uploads\/2019\/07\/amazonsmile.png\" alt=\"Shop on Amazon Now\">\n\t<br>\n<a  class=\"x-btn x-btn-center x-btn-rounded x-btn-small x-btn-block\"  href=\"https:\/\/smile.amazon.com\/ch\/94-2681676\" title=\"N\u1ee5 c\u01b0\u1eddi Amazon\"    data-options=\"thumbnail: ''\">MUA H\u00c0NG TR\u00caN AMAZON NGAY H\u00d4M NAY<\/a><\/div> <\/div><\/div><\/div><\/div><div class=\"x-column x-sm x-1-2 e270-e14 m7i-6 m7i-8\"><div class=\"x-content-area e270-e15 m7i-9\"><div id=\"x-content-band-3\" class=\"x-content-band border-top border-left border-right border-bottom\" style=\"background-color: #efefef;\"><div class=\"x-container\"><div  class=\"x-container max width\" ><h4  class=\"h-custom-headline center-text h4 accent\" style=\"margin: 0;\"><span>Danh s\u00e1ch mong mu\u1ed1n c\u1ee7a Amazon<\/span><\/h4><p>\n\t\n<p class=\"man\">Mua s\u1eafm tr\u1ef1c ti\u1ebfp cho V\u01b0\u1eddn tr\u1ebb v\u00e0 con c\u00e1i c\u1ee7a ch\u00fang t\u00f4i th\u00f4ng qua danh s\u00e1ch mong mu\u1ed1n c\u1ee7a ch\u00fang t\u00f4i. Danh s\u00e1ch \u0111\u01b0\u1ee3c c\u1eadp nh\u1eadt th\u01b0\u1eddng xuy\u00ean v\u00e0 trong k\u1ef3 ngh\u1ec9 l\u1ec5 l\u00e1i xe \u0111\u1ed3 ch\u01a1i, ba l\u00f4 v\u00e0 l\u1ec5 Ph\u1ee5c sinh.<\/p>\n<\/p><img decoding=\"async\"  class=\"x-img x-img-rounded\"  src=\"https:\/\/bayareacrisisnursery.org\/wp-content\/uploads\/2019\/07\/Amazon.png\" alt=\"Shop for the Nursery\">\n\t<br>\n<a  class=\"x-btn x-btn-center x-btn-rounded x-btn-small x-btn-block\"  href=\"https:\/\/www.amazon.com\/hz\/wishlist\/ls\/3RFD6OMZ9JJXB?ref_=wl_share\" title=\"Danh s\u00e1ch mong mu\u1ed1n c\u1ee7a BACN\"    data-options=\"thumbnail: ''\">MUA S\u1eaeM CHO NG\u01af\u1edcI M\u1ea6M NON<\/a><\/div> <\/div><\/div><\/div><\/div><\/div><div class=\"x-container e270-e16 m7i-4 m7i-5\"><div class=\"x-column x-sm x-1-2 e270-e17 m7i-6 m7i-8\"><div class=\"x-content-area e270-e18 m7i-9\"><div id=\"x-content-band-4\" class=\"x-content-band border-top border-left border-right border-bottom\" style=\"background-color: #efefef;\"><div class=\"x-container\"><div  class=\"x-container max width\" ><h4  class=\"h-custom-headline center-text h4 accent\" style=\"margin: 0;\"><span>Qu\u00e0 t\u1eb7ng ph\u00f9 h\u1ee3p v\u1edbi nh\u00e0 tuy\u1ec3n d\u1ee5ng<\/span><\/h4><p>\n\t\n<p class=\"man\">T\u00ecm ki\u1ebfm \u0111\u1ec3 xem li\u1ec7u nh\u00e0 tuy\u1ec3n d\u1ee5ng c\u00f3 ch\u01b0\u01a1ng tr\u00ecnh qu\u00e0 t\u1eb7ng ph\u00f9 h\u1ee3p hay kh\u00f4ng v\u00e0 d\u1ec5 d\u00e0ng nh\u00e2n \u0111\u00f4i kho\u1ea3n \u0111\u00f3ng g\u00f3p c\u1ee7a b\u1ea1n trong v\u00e0i ph\u00fat! M\u1ed9t s\u1ed1 nh\u00e0 tuy\u1ec3n d\u1ee5ng th\u1eadm ch\u00ed c\u00f2n quy\u00ean g\u00f3p cho BACN khi b\u1ea1n l\u00e0m t\u00ecnh nguy\u1ec7n vi\u00ean v\u1edbi ch\u00fang t\u00f4i!<\/p>\n<\/p><img decoding=\"async\"  class=\"x-img x-img-rounded\"  src=\"https:\/\/bayareacrisisnursery.org\/wp-content\/uploads\/2019\/07\/double-the-donation-color-logo.png\" alt=\"Donate\">\n\t<br>\n<a  class=\"x-btn x-btn-center x-btn-rounded x-btn-small x-btn-block\"  href=\"https:\/\/doublethedonation.com\/bacn\" title=\"T\u00ecm ki\u1ebfm nh\u00e0 tuy\u1ec3n d\u1ee5ng c\u1ee7a b\u1ea1n\"    data-options=\"thumbnail: ''\">T\u00ccM KI\u1ebeM NH\u00c2N VI\u00caN C\u1ee6A B\u1ea0N<\/a><\/div> <\/div><\/div><\/div><\/div><div class=\"x-column x-sm x-1-2 e270-e19 m7i-6 m7i-8\"><div class=\"x-content-area e270-e20 m7i-9\"><p><div id=\"x-content-band-5\" class=\"x-content-band border-top border-left border-right border-bottom\" style=\"background-color: #efefef;\"><div class=\"x-container\"><div  class=\"x-container max width\" ><h4  class=\"h-custom-headline center-text h4 accent\" style=\"margin: 0;\"><span>Car &amp; Vehicle Donations<\/span><\/h4><\/p>\n<p class=\"man\">Cars2ndChance is vehicle and car donation programs administered by the Clayton Valley Concord Sunrise Rotary. Donate your car and give to BACN.<\/p>\n<p><img decoding=\"async\"  class=\"x-img x-img-rounded\"  src=\"https:\/\/bayareacrisisnursery.org\/wp-content\/uploads\/2021\/04\/Cars2ndChance.png\" alt=\"Donate a Car\"><br \/><br \/><a  class=\"x-btn x-btn-center x-btn-rounded x-btn-small x-btn-block\"  href=\"https:\/\/www.cars2ndchance.org\" title=\"Cars 2nd Chance\"    data-options=\"thumbnail: ''\">T\u1eb6NG XE C\u1ee6A B\u1ea0N NGAY H\u00d4M NAY<\/a><\/div> <\/div><\/div><\/p><\/div><\/div><\/div><div class=\"x-container max width e270-e21 m7i-4 m7i-5\"><\/div><div class=\"x-container max width e270-e22 m7i-4 m7i-5\"><\/div><div class=\"x-container e270-e23 m7i-4 m7i-5\"><div class=\"x-column x-sm x-1-2 e270-e24 m7i-6 m7i-8\"><div class=\"x-content-area e270-e25 m7i-9\"><div id=\"x-content-band-6\" class=\"x-content-band border-top border-left border-right border-bottom\" style=\"background-color: #efefef;\"><div class=\"x-container\"><div  class=\"x-container max width\" ><h4  class=\"h-custom-headline center-text h4 accent\" style=\"margin: 0;\"><span>eScrip<\/span><\/h4><p>\n\t\n<p class=\"man\">Gi\u00fap g\u00e2y qu\u1ef9 cho BACN. T\u1ea1o t\u00e0i kho\u1ea3n c\u1ee7a b\u1ea1n b\u1eb1ng c\u00e1ch nh\u1eadp th\u1ebb thanh to\u00e1n, th\u1ebb c\u1eeda h\u00e0ng v\u00e0 \/ ho\u1eb7c s\u1ed1 \u0111i\u1ec7n tho\u1ea1i c\u1ee7a B\u1ea0N m\u00e0 b\u1ea1n s\u1ebd s\u1eed d\u1ee5ng \u0111\u1ec3 mua s\u1eafm v\u00e0 ch\u00fang t\u00f4i s\u1ebd t\u1ef1 \u0111\u1ed9ng ki\u1ebfm \u0111\u01b0\u1ee3c ti\u1ec1n!<\/p>\n<\/p><img decoding=\"async\"  class=\"x-img x-img-rounded\"  src=\"https:\/\/bayareacrisisnursery.org\/wp-content\/uploads\/2019\/07\/eScrip.png\" alt=\"Shop for the Nursery\">\n\t<br>\n<a  class=\"x-btn x-btn-center x-btn-rounded x-btn-small x-btn-block\"  href=\"https:\/\/secure.escrip.com\/signup\/index.jsp\" title=\"eScrip\"    data-options=\"thumbnail: ''\">B\u1ea0N MUA H\u00c0NG, CH\u00daNG T\u00d4I KI\u1ebeM \u0110\u01af\u1ee2C<\/a><\/div> <\/div><\/div><\/div><\/div><div class=\"x-column x-sm x-1-2 e270-e26 m7i-6 m7i-8\"><div class=\"x-content-area e270-e27 m7i-9\"><div id=\"x-content-band-7\" class=\"x-content-band border-top border-left border-right border-bottom\" style=\"background-color: #efefef;\"><div class=\"x-container\"><div  class=\"x-container max width\" ><h4  class=\"h-custom-headline center-text h4 accent\" style=\"margin: 0;\"><span>Rite Aid Kids Cents<\/span><\/h4><p>\n\t\n<p class=\"man\">B\u1eb1ng c\u00e1ch tham gia KidCents, c\u00e1c th\u00e0nh vi\u00ean ch\u0103m s\u00f3c s\u1ee9c kh\u1ecfe + ph\u1ea7n th\u01b0\u1edfng c\u00f3 th\u1ec3 l\u00e0m tr\u00f2n m\u1ecdi giao d\u1ecbch mua h\u00e0ng th\u00e0nh \u0111\u1ed3ng \u0111\u00f4 la g\u1ea7n nh\u1ea5t, mang \u0111\u1ebfn cho tr\u1ebb em Nursery c\u01a1 h\u1ed9i c\u00f3 cu\u1ed9c s\u1ed1ng t\u1ed1t \u0111\u1eb9p h\u01a1n v\u00e0 t\u01b0\u01a1ng lai t\u01b0\u01a1i s\u00e1ng h\u01a1n.<\/p>\n<\/p><img decoding=\"async\"  class=\"x-img x-img-rounded\"  src=\"https:\/\/bayareacrisisnursery.org\/wp-content\/uploads\/2020\/08\/Kids-Cents.png\" alt=\"ebay for charity\">\n\t<br>\n<a  class=\"x-btn x-btn-center x-btn-rounded x-btn-small x-btn-block\"  href=\"https:\/\/kidcents.riteaid.com\/\" title=\"Rite Aid Kids Cents\"    data-options=\"thumbnail: ''\">V\u00d2NG TR\u1ede L\u00caN CHO VI\u1ec6C M\u1ea6M NON<\/a><\/div> <\/div><\/div><\/div><\/div><\/div><div class=\"x-container e270-e28 m7i-4 m7i-5\"><div class=\"x-column x-sm x-1-2 e270-e29 m7i-6 m7i-8\"><div class=\"x-content-area e270-e30 m7i-9\"><div id=\"x-content-band-8\" class=\"x-content-band border-top border-left border-right border-bottom\" style=\"background-color: #efefef;\"><div class=\"x-container\"><div  class=\"x-container max width\" ><h4  class=\"h-custom-headline center-text h4 accent\" style=\"margin: 0;\"><span>EBAY \u0110\u1ec2 T\u1eea THI\u1ec6N<\/span><\/h4><p>\n\t\n<p class=\"man\">H\u00e3y quy\u00ean g\u00f3p 10% tr\u1edf l\u00ean v\u00e0 m\u1eb7t h\u00e0ng c\u1ee7a b\u1ea1n s\u1ebd c\u00f3 d\u1ea3i b\u0103ng t\u1eeb thi\u1ec7n thu h\u00fat s\u1ef1 ch\u00fa \u00fd \u2014 th\u1eadm ch\u00ed n\u00f3 c\u00f3 th\u1ec3 \u0111\u01b0\u1ee3c li\u1ec7t k\u00ea trong C\u1eeda h\u00e0ng t\u1eeb thi\u1ec7n. Ngo\u00e0i ra, b\u1ea1n gi\u1ea3m ph\u00ed ng\u01b0\u1eddi b\u00e1n v\u00e0 ti\u1ebft ki\u1ec7m thu\u1ebf.<\/p>\n<\/p><img decoding=\"async\"  class=\"x-img x-img-rounded\"  src=\"https:\/\/bayareacrisisnursery.org\/wp-content\/uploads\/2019\/11\/Ebay-for-Charity.png\" alt=\"ebay for charity\">\n\t<br>\n<a  class=\"x-btn x-btn-center x-btn-rounded x-btn-small x-btn-block\"  href=\"https:\/\/www.ebayforcharity.org\/get-involved\/selling-for-a-charity\/\" title=\"B\u00c1N NH\u00c2N VI\u00caN C\u1ee6A B\u1ea0N\"    data-options=\"thumbnail: ''\">B\u00c1N NH\u00c2N VI\u00caN C\u1ee6A B\u1ea0N NGAY H\u00d4M NAY<\/a><\/div> <\/div><\/div><\/div><\/div><div class=\"x-column x-sm x-1-2 e270-e31 m7i-6 m7i-8\"><div class=\"x-content-area e270-e32 m7i-9\"><div id=\"x-content-band-9\" class=\"x-content-band border-top border-left border-right border-bottom\" style=\"background-color: #efefef;\"><div class=\"x-container\"><div  class=\"x-container max width\" ><h4  class=\"h-custom-headline center-text h4 accent\" style=\"margin: 0;\"><span>G\u00e2y qu\u1ef9 cho BACN<\/span><\/h4><p>\n\t\n<p class=\"man\">B\u1ea1n c\u00f3 th\u1ec3 quy\u00ean g\u00f3p tr\u1ef1c tuy\u1ebfn, quy\u00ean g\u00f3p ti\u1ec1n b\u00e1n h\u00e0ng t\u1eeb doanh nghi\u1ec7p c\u1ee7a m\u00ecnh ho\u1eb7c l\u00ean k\u1ebf ho\u1ea1ch cho m\u1ed9t s\u1ef1 ki\u1ec7n \u0111\u1eb7c bi\u1ec7t. \u0110\u00e2y l\u00e0 m\u1ed9t c\u00e1ch tuy\u1ec7t v\u1eddi \u0111\u1ec3 b\u1ea1n b\u00e8 v\u00e0 gia \u0111\u00ecnh c\u1ee7a b\u1ea1n t\u00f4n vinh m\u1ed9t ng\u01b0\u1eddi th\u00e2n y\u00eau ho\u1eb7c \u0111\u1ec3 t\u1eb7ng thay cho qu\u00e0 t\u1eb7ng.<\/p>\n<\/p><img decoding=\"async\"  class=\"x-img x-img-rounded\"  src=\"https:\/\/bayareacrisisnursery.org\/wp-content\/uploads\/2020\/08\/Piggy-Bank-Other-Ways.png\" alt=\"fundraise for BACN\">\n\t<br>\n<a  class=\"x-btn x-btn-center x-btn-rounded x-btn-small x-btn-block\"  href=\"https:\/\/bayareacrisisnursery.org\/vi\/donate\/community-fundraiser\/\" title=\"B\u00c1N NH\u00c2N VI\u00caN C\u1ee6A B\u1ea0N\"    data-options=\"thumbnail: ''\">H\u00c3Y KI\u1ec2M TRA NH\u1eeeNG \u00dd T\u01af\u1edeNG VUI V\u1eba C\u1ee6A NG\u01af\u1edcI L\u00c1I XE N\u00c0Y!<\/a><\/div> <\/div><\/div><\/div><\/div><\/div><\/div><\/div>","protected":false},"excerpt":{"rendered":"<p>In-Kind DonationsThanks for considering donating your items to BACN. Please call the Nursery to see if we are accepting donations. Sometimes our storage fills up from all of your kind donations. We accept: clean and gently used toys (to prevent any possible choking hazards please be sure small toys are secured in a bag), children&rsquo;s equipment, diapers, non-expired baby food &#8230; <a href=\"https:\/\/bayareacrisisnursery.org\/vi\/other-ways-to-give\/\" class=\"more-link\">\u0110\u1ecdc th\u00eam<\/a><\/p>","protected":false},"author":1,"featured_media":0,"parent":0,"menu_order":0,"comment_status":"closed","ping_status":"closed","template":"template-layout-full-width.php","meta":{"om_disable_all_campaigns":false,"_monsterinsights_skip_tracking":false,"_monsterinsights_sitenote_active":false,"_monsterinsights_sitenote_note":"","_monsterinsights_sitenote_category":0,"_uf_show_specific_survey":0,"_uf_disable_surveys":false,"footnotes":""},"class_list":["post-270","page","type-page","status-publish","hentry","no-post-thumbnail"],"yoast_head":"<!-- This site is optimized with the Yoast SEO Premium plugin v27.2 (Yoast SEO v27.2) - https:\/\/yoast.com\/product\/yoast-seo-premium-wordpress\/ -->\n<title>Other Ways to Give - Bay Area Crisis Nursery<\/title>\n<meta name=\"robots\" content=\"index, follow, max-snippet:-1, max-image-preview:large, max-video-preview:-1\" \/>\n<link rel=\"canonical\" href=\"https:\/\/bayareacrisisnursery.org\/vi\/other-ways-to-give\/\" \/>\n<meta property=\"og:locale\" content=\"vi_VN\" \/>\n<meta property=\"og:type\" content=\"article\" \/>\n<meta property=\"og:title\" content=\"Other Ways to Give\" \/>\n<meta property=\"og:description\" content=\"In-Kind DonationsThanks for considering donating your items to BACN. Please call the Nursery to see if we are accepting donations. Sometimes our storage fills up from all of your kind donations. We accept: clean and gently used toys (to prevent any possible choking hazards please be sure small toys are secured in a bag), children&rsquo;s equipment, diapers, non-expired baby food ... Read More\" \/>\n<meta property=\"og:url\" content=\"https:\/\/bayareacrisisnursery.org\/vi\/other-ways-to-give\/\" \/>\n<meta property=\"og:site_name\" content=\"Bay Area Crisis Nursery\" \/>\n<meta property=\"article:publisher\" content=\"https:\/\/www.facebook.com\/bacnspage\/\" \/>\n<meta property=\"article:modified_time\" content=\"2026-01-20T21:01:22+00:00\" \/>\n<meta name=\"twitter:card\" content=\"summary_large_image\" \/>\n<meta name=\"twitter:site\" content=\"@bacn_nursery\" \/>\n<meta name=\"twitter:label1\" content=\"\u01af\u1edbc t\u00ednh th\u1eddi gian \u0111\u1ecdc\" \/>\n\t<meta name=\"twitter:data1\" content=\"4 ph\u00fat\" \/>\n<script type=\"application\/ld+json\" class=\"yoast-schema-graph\">{\"@context\":\"https:\/\/schema.org\",\"@graph\":[{\"@type\":\"WebPage\",\"@id\":\"https:\/\/bayareacrisisnursery.org\/other-ways-to-give\/\",\"url\":\"https:\/\/bayareacrisisnursery.org\/other-ways-to-give\/\",\"name\":\"Other Ways to Give - Bay Area Crisis Nursery\",\"isPartOf\":{\"@id\":\"https:\/\/bayareacrisisnursery.org\/#website\"},\"datePublished\":\"2019-04-25T04:05:47+00:00\",\"dateModified\":\"2026-01-20T21:01:22+00:00\",\"breadcrumb\":{\"@id\":\"https:\/\/bayareacrisisnursery.org\/other-ways-to-give\/#breadcrumb\"},\"inLanguage\":\"vi\",\"potentialAction\":[{\"@type\":\"ReadAction\",\"target\":[\"https:\/\/bayareacrisisnursery.org\/other-ways-to-give\/\"]}]},{\"@type\":\"BreadcrumbList\",\"@id\":\"https:\/\/bayareacrisisnursery.org\/other-ways-to-give\/#breadcrumb\",\"itemListElement\":[{\"@type\":\"ListItem\",\"position\":1,\"name\":\"Home\",\"item\":\"https:\/\/bayareacrisisnursery.org\/\"},{\"@type\":\"ListItem\",\"position\":2,\"name\":\"Other Ways to Give\"}]},{\"@type\":\"WebSite\",\"@id\":\"https:\/\/bayareacrisisnursery.org\/#website\",\"url\":\"https:\/\/bayareacrisisnursery.org\/\",\"name\":\"Bay Area Crisis Nursery\",\"description\":\"A Little Heart. A Little Help. A Lot of Hope.\",\"publisher\":{\"@id\":\"https:\/\/bayareacrisisnursery.org\/#organization\"},\"potentialAction\":[{\"@type\":\"SearchAction\",\"target\":{\"@type\":\"EntryPoint\",\"urlTemplate\":\"https:\/\/bayareacrisisnursery.org\/?s={search_term_string}\"},\"query-input\":{\"@type\":\"PropertyValueSpecification\",\"valueRequired\":true,\"valueName\":\"search_term_string\"}}],\"inLanguage\":\"vi\"},{\"@type\":\"Organization\",\"@id\":\"https:\/\/bayareacrisisnursery.org\/#organization\",\"name\":\"Bay Area Crisis Nursery\",\"url\":\"https:\/\/bayareacrisisnursery.org\/\",\"logo\":{\"@type\":\"ImageObject\",\"inLanguage\":\"vi\",\"@id\":\"https:\/\/bayareacrisisnursery.org\/#\/schema\/logo\/image\/\",\"url\":\"https:\/\/bayareacrisisnursery.org\/wp-content\/uploads\/2020\/12\/BACN-Logo.png\",\"contentUrl\":\"https:\/\/bayareacrisisnursery.org\/wp-content\/uploads\/2020\/12\/BACN-Logo.png\",\"width\":751,\"height\":374,\"caption\":\"Bay Area Crisis Nursery\"},\"image\":{\"@id\":\"https:\/\/bayareacrisisnursery.org\/#\/schema\/logo\/image\/\"},\"sameAs\":[\"https:\/\/www.facebook.com\/bacnspage\/\",\"https:\/\/x.com\/bacn_nursery\",\"https:\/\/www.instagram.com\/bayareacrisisnursery\/\",\"https:\/\/www.linkedin.com\/company\/bay-area-crisis-nursery\/about\/\"]}]}<\/script>\n<!-- \/ Yoast SEO Premium plugin. -->","yoast_head_json":{"title":"Other Ways to Give - Bay Area Crisis Nursery","robots":{"index":"index","follow":"follow","max-snippet":"max-snippet:-1","max-image-preview":"max-image-preview:large","max-video-preview":"max-video-preview:-1"},"canonical":"https:\/\/bayareacrisisnursery.org\/vi\/other-ways-to-give\/","og_locale":"vi_VN","og_type":"article","og_title":"Other Ways to Give","og_description":"In-Kind DonationsThanks for considering donating your items to BACN. Please call the Nursery to see if we are accepting donations. Sometimes our storage fills up from all of your kind donations. We accept: clean and gently used toys (to prevent any possible choking hazards please be sure small toys are secured in a bag), children&rsquo;s equipment, diapers, non-expired baby food ... Read More","og_url":"https:\/\/bayareacrisisnursery.org\/vi\/other-ways-to-give\/","og_site_name":"Bay Area Crisis Nursery","article_publisher":"https:\/\/www.facebook.com\/bacnspage\/","article_modified_time":"2026-01-20T21:01:22+00:00","twitter_card":"summary_large_image","twitter_site":"@bacn_nursery","twitter_misc":{"\u01af\u1edbc t\u00ednh th\u1eddi gian \u0111\u1ecdc":"4 ph\u00fat"},"schema":{"@context":"https:\/\/schema.org","@graph":[{"@type":"WebPage","@id":"https:\/\/bayareacrisisnursery.org\/other-ways-to-give\/","url":"https:\/\/bayareacrisisnursery.org\/other-ways-to-give\/","name":"Other Ways to Give - Bay Area Crisis Nursery","isPartOf":{"@id":"https:\/\/bayareacrisisnursery.org\/#website"},"datePublished":"2019-04-25T04:05:47+00:00","dateModified":"2026-01-20T21:01:22+00:00","breadcrumb":{"@id":"https:\/\/bayareacrisisnursery.org\/other-ways-to-give\/#breadcrumb"},"inLanguage":"vi","potentialAction":[{"@type":"ReadAction","target":["https:\/\/bayareacrisisnursery.org\/other-ways-to-give\/"]}]},{"@type":"BreadcrumbList","@id":"https:\/\/bayareacrisisnursery.org\/other-ways-to-give\/#breadcrumb","itemListElement":[{"@type":"ListItem","position":1,"name":"Home","item":"https:\/\/bayareacrisisnursery.org\/"},{"@type":"ListItem","position":2,"name":"Other Ways to Give"}]},{"@type":"WebSite","@id":"https:\/\/bayareacrisisnursery.org\/#website","url":"https:\/\/bayareacrisisnursery.org\/","name":"V\u01b0\u1eddn \u01b0\u01a1m Kh\u1ee7ng ho\u1ea3ng V\u00f9ng V\u1ecbnh","description":"M\u1ed9t Tr\u00e1i Tim Nh\u1ecf. M\u1ed9t s\u1ef1 gi\u00fap \u0111\u1ee1 nho nh\u1ecf. R\u1ea5t nhi\u1ec1u hy v\u1ecdng.","publisher":{"@id":"https:\/\/bayareacrisisnursery.org\/#organization"},"potentialAction":[{"@type":"SearchAction","target":{"@type":"EntryPoint","urlTemplate":"https:\/\/bayareacrisisnursery.org\/?s={search_term_string}"},"query-input":{"@type":"PropertyValueSpecification","valueRequired":true,"valueName":"search_term_string"}}],"inLanguage":"vi"},{"@type":"Organization","@id":"https:\/\/bayareacrisisnursery.org\/#organization","name":"V\u01b0\u1eddn \u01b0\u01a1m Kh\u1ee7ng ho\u1ea3ng V\u00f9ng V\u1ecbnh","url":"https:\/\/bayareacrisisnursery.org\/","logo":{"@type":"ImageObject","inLanguage":"vi","@id":"https:\/\/bayareacrisisnursery.org\/#\/schema\/logo\/image\/","url":"https:\/\/bayareacrisisnursery.org\/wp-content\/uploads\/2020\/12\/BACN-Logo.png","contentUrl":"https:\/\/bayareacrisisnursery.org\/wp-content\/uploads\/2020\/12\/BACN-Logo.png","width":751,"height":374,"caption":"Bay Area Crisis Nursery"},"image":{"@id":"https:\/\/bayareacrisisnursery.org\/#\/schema\/logo\/image\/"},"sameAs":["https:\/\/www.facebook.com\/bacnspage\/","https:\/\/x.com\/bacn_nursery","https:\/\/www.instagram.com\/bayareacrisisnursery\/","https:\/\/www.linkedin.com\/company\/bay-area-crisis-nursery\/about\/"]}]}},"_links":{"self":[{"href":"https:\/\/bayareacrisisnursery.org\/vi\/wp-json\/wp\/v2\/pages\/270","targetHints":{"allow":["GET"]}}],"collection":[{"href":"https:\/\/bayareacrisisnursery.org\/vi\/wp-json\/wp\/v2\/pages"}],"about":[{"href":"https:\/\/bayareacrisisnursery.org\/vi\/wp-json\/wp\/v2\/types\/page"}],"author":[{"embeddable":true,"href":"https:\/\/bayareacrisisnursery.org\/vi\/wp-json\/wp\/v2\/users\/1"}],"replies":[{"embeddable":true,"href":"https:\/\/bayareacrisisnursery.org\/vi\/wp-json\/wp\/v2\/comments?post=270"}],"version-history":[{"count":14,"href":"https:\/\/bayareacrisisnursery.org\/vi\/wp-json\/wp\/v2\/pages\/270\/revisions"}],"predecessor-version":[{"id":7433,"href":"https:\/\/bayareacrisisnursery.org\/vi\/wp-json\/wp\/v2\/pages\/270\/revisions\/7433"}],"wp:attachment":[{"href":"https:\/\/bayareacrisisnursery.org\/vi\/wp-json\/wp\/v2\/media?parent=270"}],"curies":[{"name":"wp","href":"https:\/\/api.w.org\/{rel}","templated":true}]}}