{"id":279,"date":"2019-04-25T04:32:05","date_gmt":"2019-04-25T04:32:05","guid":{"rendered":"https:\/\/bayareacrisisnursery.org\/?page_id=279"},"modified":"2025-09-24T16:32:40","modified_gmt":"2025-09-24T16:32:40","slug":"community-fundraiser","status":"publish","type":"page","link":"https:\/\/bayareacrisisnursery.org\/vi\/other-ways-to-give\/community-fundraiser\/","title":{"rendered":"G\u00e2y qu\u1ef9 cho BACN"},"content":{"rendered":"<div id=\"cs-content\" class=\"cs-content\"><div class=\"x-section e279-e1 m7r-0 m7r-1 m7r-2\"><div class=\"x-container marginless-columns e279-e2 m7r-5\"><div class=\"x-column x-sm x-1-1 e279-e3 m7r-6 m7r-7\"><img decoding=\"async\"  class=\"x-img x-img-none\"  src=\"https:\/\/bayareacrisisnursery.org\/wp-content\/uploads\/2019\/08\/Piggy-Fundraise.jpg\" alt=\"Fill the Piggy Bank!\"><\/div><\/div><\/div><div class=\"x-section e279-e5 m7r-0 m7r-1 m7r-2\"><div class=\"x-container marginless-columns e279-e6 m7r-5\"><div class=\"x-column x-sm x-1-1 e279-e7 m7r-6 m7r-7\"><h2  class=\"h-custom-headline h3\" ><span>G\u00e2y qu\u1ef9 cho BACN<\/span><\/h2><\/div><\/div><div class=\"x-container marginless-columns e279-e9 m7r-5\"><div class=\"x-column x-sm x-1-1 e279-e10 m7r-6 m7r-8\"><div class=\"x-content-area e279-e11 m7r-9\"><p>C\u1ea3m \u01a1n b\u1ea1n \u0111\u00e3 ch\u1ecdn BACN l\u00e0 t\u1ed5 ch\u1ee9c t\u1eeb thi\u1ec7n \u0111\u01b0\u1ee3c l\u1ef1a ch\u1ecdn cho s\u1ef1 ki\u1ec7n g\u00e2y qu\u1ef9 c\u1ee7a b\u1ea1n. Ch\u00fang t\u00f4i ch\u1ec9 d\u1ef1a v\u00e0o s\u1ef1 \u0111\u00f3ng g\u00f3p c\u1ee7a nh\u1eefng ng\u01b0\u1eddi tin t\u01b0\u1edfng v\u00e0o s\u1ee9 m\u1ec7nh ng\u0103n ch\u1eb7n l\u1ea1m d\u1ee5ng tr\u1ebb em v\u00e0 y\u00eau m\u1ebfn Tr\u01b0\u1eddng m\u1ea7m non c\u1ee7a ch\u00fang t\u00f4i.<\/p>\n<p>\u0110\u00f3 l\u00e0 s\u1ef1 l\u1ef1a ch\u1ecdn c\u1ee7a b\u1ea1n. B\u1ea1n c\u00f3 th\u1ec3 quy\u00ean g\u00f3p tr\u1ef1c tuy\u1ebfn, quy\u00ean g\u00f3p ti\u1ec1n b\u00e1n h\u00e0ng t\u1eeb doanh nghi\u1ec7p c\u1ee7a m\u00ecnh ho\u1eb7c l\u00ean k\u1ebf ho\u1ea1ch cho m\u1ed9t s\u1ef1 ki\u1ec7n \u0111\u1eb7c bi\u1ec7t.<\/p>\n<p>G\u00e2y qu\u1ef9 tr\u1ef1c tuy\u1ebfn \u0111\u01b0\u1ee3c th\u1ef1c hi\u1ec7n d\u1ec5 d\u00e0ng th\u00f4ng qua vi\u1ec7c t\u1ea1o c\u1ee7a ri\u00eang b\u1ea1n <b><a href=\"https:\/\/bayareacrisisnursery.app.neoncrm.com\/np\/clients\/bayareacrisisnursery\/publicFundraiserList.jsp?campaignId=1298\">trang huy \u0111\u1ed9ng v\u1ed1n c\u1ed9ng \u0111\u1ed3ng tr\u00ean trang web c\u1ee7a ch\u00fang t\u00f4i<\/a><\/b> ho\u1eb7c <b><a href=\"https:\/\/www.facebook.com\/fundraisers?sem_campaign_id=1439719628.57808364553.355641897330.CjwKCAjw-vjqBRA6EiwAe8TCk6UJo2UaNha1L3LUEjKmgTqptXVx4pz7IjtR63VUmn4zxS5YnCFYPxoCOgYQAvD_BwE&amp;sem_adgroupid=c.kwd-382401919134&amp;sem_keyword=fundraise%20on%20facebook\">m\u1ed9t bu\u1ed5i g\u00e2y qu\u1ef9 c\u1ee7a Facebook<\/a>.<\/b> \u0110\u00e2y l\u00e0 m\u1ed9t c\u00e1ch tuy\u1ec7t v\u1eddi \u0111\u1ec3 b\u1ea1n b\u00e8 v\u00e0 gia \u0111\u00ecnh c\u1ee7a b\u1ea1n t\u00f4n vinh m\u1ed9t ng\u01b0\u1eddi th\u00e2n y\u00eau ho\u1eb7c \u0111\u1ec3 t\u1eb7ng thay cho qu\u00e0 t\u1eb7ng cho sinh nh\u1eadt ho\u1eb7c \u0111\u00e1m c\u01b0\u1edbi.<\/p>\n<p>Nh\u00f3m c\u1ee7a ch\u00fang t\u00f4i \u1edf \u0111\u00e2y \u0111\u1ec3 h\u1ed7 tr\u1ee3 b\u1ea1n v\u1edbi b\u1ea5t k\u1ef3 c\u00e2u h\u1ecfi n\u00e0o b\u1ea1n c\u00f3 th\u1ec3 c\u00f3. Vui l\u00f2ng xem l\u1ea1i c\u1ee7a ch\u00fang t\u00f4i <b><a href=\"https:\/\/bayareacrisisnursery.org\/vi\/community-fundraising-guidelines\/\">Nguy\u00ean t\u1eafc g\u00e2y qu\u1ef9<\/a><\/b>. \u0110\u1ec3 c\u00f3 m\u1ed9t ch\u00fat c\u1ea3m h\u1ee9ng, h\u00e3y t\u1ea3i xu\u1ed1ng <b><a href=\"https:\/\/bayareacrisisnursery.org\/wp-content\/uploads\/2020\/09\/FundraisingToolkit.pdf\">B\u1ed9 c\u00f4ng c\u1ee5 g\u00e2y qu\u1ef9<\/a><\/b>!<\/p>\n<p><b>Vui l\u00f2ng cho ch\u00fang t\u00f4i bi\u1ebft n\u1ebfu b\u1ea1n c\u1ea7n:<\/b><\/p>\n<ul>\n<li>V\u1eadt li\u1ec7u in<\/li>\n<li>M\u1ed9t th\u00e0nh vi\u00ean nh\u00e2n vi\u00ean ho\u1eb7c th\u00e0nh vi\u00ean h\u1ed9i \u0111\u1ed3ng qu\u1ea3n tr\u1ecb tham d\u1ef1<\/li>\n<li>L\u1eddi khuy\u00ean v\u1ec1 vi\u1ec7c l\u1eadp k\u1ebf ho\u1ea1ch s\u1ef1 ki\u1ec7n c\u1ee7a b\u1ea1n<\/li>\n<\/ul>\n<p><b>Ch\u00fac may m\u1eafn v\u1edbi s\u1ef1 ki\u1ec7n c\u1ee7a b\u1ea1n! C\u1ea3m \u01a1n c\u00e1c b\u1ea1n \u0111\u00e3 \u1ee7ng h\u1ed9 V\u01b0\u1eddn \u01b0\u01a1m!<\/b><\/p><\/div><div class=\"x-section e279-e12 m7r-0 m7r-2 m7r-3\"><div class=\"x-row e279-e13 m7r-a m7r-b m7r-d m7r-e\"><div class=\"x-row-inner\"><div class=\"x-col e279-e14 m7r-h\"><div class=\"x-text x-text-headline e279-e15 m7r-j m7r-k\"><div class=\"x-text-content\"><div class=\"x-text-content-text\"><h3 class=\"x-text-content-text-primary\">H\u1ed7 tr\u1ee3 BACN<\/h3>\n<\/div><\/div><\/div><\/div><\/div><\/div><div class=\"x-row e279-e16 m7r-a m7r-b m7r-d m7r-f\"><div class=\"x-row-inner\"><div class=\"x-col e279-e17 m7r-h m7r-i\"><a class=\"x-image e279-e18 m7r-m\" href=\"mailto:giving@bayareacrisisnursery.org?subject=Stock%20Donations\" target=\"_blank\" rel=\"noopener noreferrer\"><img decoding=\"async\" src=\"https:\/\/bayareacrisisnursery.org\/wp-content\/uploads\/2019\/12\/Piggy-Stock.jpg\" width=\"847\" height=\"565\" alt=\"Stock Donations\" loading=\"lazy\"><\/a><div class=\"x-text x-text-headline e279-e19 m7r-k m7r-l\"><div class=\"x-text-content\"><div class=\"x-text-content-text\"><h3 class=\"x-text-content-text-primary\"><p><a href=\"mailto:giving@bayareacrisisnursery.org?subject=Donating Stock\">BACN ch\u1ea5p nh\u1eadn t\u1eb7ng c\u1ed5 phi\u1ebfu. G\u1eedi email ngay h\u00f4m nay.<\/a><\/p><\/h3>\n<\/div><\/div><\/div><\/div><div class=\"x-col e279-e20 m7r-h m7r-i\"><iframe loading=\"lazy\" src=\"https:\/\/doublethedonation.com\/api\/iframe\/XvD2NtEV1TSXhAQ1\" height=\"350\" width=\"100%\"><\/iframe><\/div><div class=\"x-col e279-e22 m7r-h m7r-i\"><a class=\"x-image e279-e23 m7r-m m7r-n\" href=\"https:\/\/bayareacrisisnursery.org\/vi\/programs\/crisis-care\/\" target=\"_blank\" rel=\"noopener noreferrer\"><img decoding=\"async\" src=\"https:\/\/bayareacrisisnursery.org\/wp-content\/uploads\/2022\/08\/News.jpg\" width=\"600\" height=\"400\" alt=\"Newsletter\" loading=\"lazy\"><\/a><div class=\"x-text x-text-headline e279-e24 m7r-k m7r-l\"><div class=\"x-text-content\"><div class=\"x-text-content-text\"><h3 class=\"x-text-content-text-primary\"><p><a href=\"https:\/\/mailchi.mp\/bayareacrisisnursery\/newsletter?dnt=1\" data-wplink-edit=\"true\">\u0110\u0103ng k\u00fd \u0111\u1ec3 gi\u1eef li\u00ean l\u1ea1c<\/a><\/p><\/h3>\n<\/div><\/div><\/div><\/div><\/div><\/div><\/div><\/div><\/div><\/div><div class=\"x-section e279-e25 m7r-0 m7r-1 m7r-4\"><div class=\"x-row e279-e26 m7r-a m7r-c m7r-g\"><div class=\"x-row-inner\"><div class=\"x-col e279-e27 m7r-h\"><div class=\"x-content-area e279-e28 m7r-9\"><div id=\"x-content-band-1\" class=\"x-content-band border-top border-left border-right border-bottom\" style=\"background-color: #efefef; color: #333;\"><div class=\"x-container max width\"> \n<h4  class=\"h-custom-headline h3\" style=\"margin-top: 0;\"><span>L\u00ean l\u1ecbch tham quan<\/span><\/h4><\/p>\nTr\u1ea3i nghi\u1ec7m s\u1ee9 m\u1ec7nh c\u1ee7a ch\u00fang t\u00f4i trong th\u1ef1c t\u1ebf b\u1eb1ng c\u00e1ch gh\u00e9 th\u0103m V\u01b0\u1eddn \u01b0\u01a1m \u0111\u1ec3 tham quan.<\/p>\n<p><a  class=\"x-btn x-btn-flat x-btn-global\"  href=\"mailto:giving@bayareacrisisnursery.org&subject=Donor Tour of the Nursery\"     data-options=\"thumbnail: ''\">L\u00ean l\u1ecbch ngay h\u00f4m nay<\/a> <\/div><\/div><\/div><\/div><\/div><\/div><\/div><\/div>","protected":false},"excerpt":{"rendered":"<p>G\u00e2y qu\u1ef9 cho BACNTC\u1ea3m \u01a1n b\u1ea1n \u0111\u00e3 ch\u1ecdn BACN l\u00e0m t\u1ed5 ch\u1ee9c t\u1eeb thi\u1ec7n \u0111\u01b0\u1ee3c l\u1ef1a ch\u1ecdn cho s\u1ef1 ki\u1ec7n g\u00e2y qu\u1ef9 c\u1ee7a m\u00ecnh. Ch\u00fang t\u00f4i ch\u1ec9 d\u1ef1a v\u00e0o s\u1ef1 \u0111\u00f3ng g\u00f3p t\u1eeb nh\u1eefng ng\u01b0\u1eddi tin t\u01b0\u1edfng v\u00e0o s\u1ee9 m\u1ec7nh ng\u0103n ch\u1eb7n l\u1ea1m d\u1ee5ng tr\u1ebb em v\u00e0 y\u00eau m\u1ebfn Tr\u01b0\u1eddng m\u1ea7m non c\u1ee7a ch\u00fang t\u00f4i. \u0110\u00f3 l\u00e0 s\u1ef1 l\u1ef1a ch\u1ecdn c\u1ee7a b\u1ea1n. B\u1ea1n c\u00f3 th\u1ec3 quy\u00ean g\u00f3p tr\u1ef1c tuy\u1ebfn, quy\u00ean g\u00f3p ti\u1ec1n b\u00e1n h\u00e0ng t\u1eeb doanh nghi\u1ec7p c\u1ee7a m\u00ecnh ho\u1eb7c l\u00ean k\u1ebf ho\u1ea1ch cho m\u1ed9t s\u1ef1 ki\u1ec7n \u0111\u1eb7c bi\u1ec7t. G\u00e2y qu\u1ef9 tr\u1ef1c tuy\u1ebfn \u0111\u01b0\u1ee3c th\u1ef1c hi\u1ec7n d\u1ec5 d\u00e0ng\u2026 <a href=\"https:\/\/bayareacrisisnursery.org\/vi\/other-ways-to-give\/community-fundraiser\/\" class=\"more-link\">\u0110\u1ecdc th\u00eam<\/a><\/p>","protected":false},"author":1,"featured_media":0,"parent":270,"menu_order":0,"comment_status":"closed","ping_status":"closed","template":"template-layout-full-width.php","meta":{"om_disable_all_campaigns":false,"_monsterinsights_skip_tracking":false,"_monsterinsights_sitenote_active":false,"_monsterinsights_sitenote_note":"","_monsterinsights_sitenote_category":0,"_uf_show_specific_survey":0,"_uf_disable_surveys":false,"footnotes":""},"class_list":["post-279","page","type-page","status-publish","hentry","no-post-thumbnail"],"yoast_head":"<!-- This site is optimized with the Yoast SEO Premium plugin v27.2 (Yoast SEO v27.2) - https:\/\/yoast.com\/product\/yoast-seo-premium-wordpress\/ -->\n<title>Fundraise for BACN - Bay Area Crisis Nursery<\/title>\n<meta name=\"description\" content=\"Thank you for choosing BACN as the charity of choice for your fundraising event. We rely solely on donations from donors.\" \/>\n<meta name=\"robots\" content=\"index, follow, max-snippet:-1, max-image-preview:large, max-video-preview:-1\" \/>\n<link rel=\"canonical\" href=\"https:\/\/bayareacrisisnursery.org\/vi\/other-ways-to-give\/community-fundraiser\/\" \/>\n<meta property=\"og:locale\" content=\"vi_VN\" \/>\n<meta property=\"og:type\" content=\"article\" \/>\n<meta property=\"og:title\" content=\"Fundraise for BACN\" \/>\n<meta property=\"og:description\" content=\"Thank you for choosing BACN as the charity of choice for your fundraising event. We rely solely on donations from donors.\" \/>\n<meta property=\"og:url\" content=\"https:\/\/bayareacrisisnursery.org\/vi\/other-ways-to-give\/community-fundraiser\/\" \/>\n<meta property=\"og:site_name\" content=\"Bay Area Crisis Nursery\" \/>\n<meta property=\"article:publisher\" content=\"https:\/\/www.facebook.com\/bacnspage\/\" \/>\n<meta property=\"article:modified_time\" content=\"2025-09-24T16:32:40+00:00\" \/>\n<meta name=\"twitter:card\" content=\"summary_large_image\" \/>\n<meta name=\"twitter:site\" content=\"@bacn_nursery\" \/>\n<meta name=\"twitter:label1\" content=\"\u01af\u1edbc t\u00ednh th\u1eddi gian \u0111\u1ecdc\" \/>\n\t<meta name=\"twitter:data1\" content=\"1 ph\u00fat\" \/>\n<script type=\"application\/ld+json\" class=\"yoast-schema-graph\">{\"@context\":\"https:\/\/schema.org\",\"@graph\":[{\"@type\":\"WebPage\",\"@id\":\"https:\/\/bayareacrisisnursery.org\/other-ways-to-give\/community-fundraiser\/\",\"url\":\"https:\/\/bayareacrisisnursery.org\/other-ways-to-give\/community-fundraiser\/\",\"name\":\"Fundraise for BACN - Bay Area Crisis Nursery\",\"isPartOf\":{\"@id\":\"https:\/\/bayareacrisisnursery.org\/#website\"},\"datePublished\":\"2019-04-25T04:32:05+00:00\",\"dateModified\":\"2025-09-24T16:32:40+00:00\",\"description\":\"Thank you for choosing BACN as the charity of choice for your fundraising event. We rely solely on donations from donors.\",\"breadcrumb\":{\"@id\":\"https:\/\/bayareacrisisnursery.org\/other-ways-to-give\/community-fundraiser\/#breadcrumb\"},\"inLanguage\":\"vi\",\"potentialAction\":[{\"@type\":\"ReadAction\",\"target\":[\"https:\/\/bayareacrisisnursery.org\/other-ways-to-give\/community-fundraiser\/\"]}]},{\"@type\":\"BreadcrumbList\",\"@id\":\"https:\/\/bayareacrisisnursery.org\/other-ways-to-give\/community-fundraiser\/#breadcrumb\",\"itemListElement\":[{\"@type\":\"ListItem\",\"position\":1,\"name\":\"Home\",\"item\":\"https:\/\/bayareacrisisnursery.org\/\"},{\"@type\":\"ListItem\",\"position\":2,\"name\":\"Other Ways to Give\",\"item\":\"https:\/\/bayareacrisisnursery.org\/other-ways-to-give\/\"},{\"@type\":\"ListItem\",\"position\":3,\"name\":\"Fundraise for BACN\"}]},{\"@type\":\"WebSite\",\"@id\":\"https:\/\/bayareacrisisnursery.org\/#website\",\"url\":\"https:\/\/bayareacrisisnursery.org\/\",\"name\":\"Bay Area Crisis Nursery\",\"description\":\"A Little Heart. A Little Help. A Lot of Hope.\",\"publisher\":{\"@id\":\"https:\/\/bayareacrisisnursery.org\/#organization\"},\"potentialAction\":[{\"@type\":\"SearchAction\",\"target\":{\"@type\":\"EntryPoint\",\"urlTemplate\":\"https:\/\/bayareacrisisnursery.org\/?s={search_term_string}\"},\"query-input\":{\"@type\":\"PropertyValueSpecification\",\"valueRequired\":true,\"valueName\":\"search_term_string\"}}],\"inLanguage\":\"vi\"},{\"@type\":\"Organization\",\"@id\":\"https:\/\/bayareacrisisnursery.org\/#organization\",\"name\":\"Bay Area Crisis Nursery\",\"url\":\"https:\/\/bayareacrisisnursery.org\/\",\"logo\":{\"@type\":\"ImageObject\",\"inLanguage\":\"vi\",\"@id\":\"https:\/\/bayareacrisisnursery.org\/#\/schema\/logo\/image\/\",\"url\":\"https:\/\/bayareacrisisnursery.org\/wp-content\/uploads\/2020\/12\/BACN-Logo.png\",\"contentUrl\":\"https:\/\/bayareacrisisnursery.org\/wp-content\/uploads\/2020\/12\/BACN-Logo.png\",\"width\":751,\"height\":374,\"caption\":\"Bay Area Crisis Nursery\"},\"image\":{\"@id\":\"https:\/\/bayareacrisisnursery.org\/#\/schema\/logo\/image\/\"},\"sameAs\":[\"https:\/\/www.facebook.com\/bacnspage\/\",\"https:\/\/x.com\/bacn_nursery\",\"https:\/\/www.instagram.com\/bayareacrisisnursery\/\",\"https:\/\/www.linkedin.com\/company\/bay-area-crisis-nursery\/about\/\"]}]}<\/script>\n<!-- \/ Yoast SEO Premium plugin. -->","yoast_head_json":{"title":"Fundraise for BACN - Bay Area Crisis Nursery","description":"Thank you for choosing BACN as the charity of choice for your fundraising event. We rely solely on donations from donors.","robots":{"index":"index","follow":"follow","max-snippet":"max-snippet:-1","max-image-preview":"max-image-preview:large","max-video-preview":"max-video-preview:-1"},"canonical":"https:\/\/bayareacrisisnursery.org\/vi\/other-ways-to-give\/community-fundraiser\/","og_locale":"vi_VN","og_type":"article","og_title":"Fundraise for BACN","og_description":"Thank you for choosing BACN as the charity of choice for your fundraising event. We rely solely on donations from donors.","og_url":"https:\/\/bayareacrisisnursery.org\/vi\/other-ways-to-give\/community-fundraiser\/","og_site_name":"Bay Area Crisis Nursery","article_publisher":"https:\/\/www.facebook.com\/bacnspage\/","article_modified_time":"2025-09-24T16:32:40+00:00","twitter_card":"summary_large_image","twitter_site":"@bacn_nursery","twitter_misc":{"\u01af\u1edbc t\u00ednh th\u1eddi gian \u0111\u1ecdc":"1 ph\u00fat"},"schema":{"@context":"https:\/\/schema.org","@graph":[{"@type":"WebPage","@id":"https:\/\/bayareacrisisnursery.org\/other-ways-to-give\/community-fundraiser\/","url":"https:\/\/bayareacrisisnursery.org\/other-ways-to-give\/community-fundraiser\/","name":"Fundraise for BACN - Bay Area Crisis Nursery","isPartOf":{"@id":"https:\/\/bayareacrisisnursery.org\/#website"},"datePublished":"2019-04-25T04:32:05+00:00","dateModified":"2025-09-24T16:32:40+00:00","description":"Thank you for choosing BACN as the charity of choice for your fundraising event. We rely solely on donations from donors.","breadcrumb":{"@id":"https:\/\/bayareacrisisnursery.org\/other-ways-to-give\/community-fundraiser\/#breadcrumb"},"inLanguage":"vi","potentialAction":[{"@type":"ReadAction","target":["https:\/\/bayareacrisisnursery.org\/other-ways-to-give\/community-fundraiser\/"]}]},{"@type":"BreadcrumbList","@id":"https:\/\/bayareacrisisnursery.org\/other-ways-to-give\/community-fundraiser\/#breadcrumb","itemListElement":[{"@type":"ListItem","position":1,"name":"Home","item":"https:\/\/bayareacrisisnursery.org\/"},{"@type":"ListItem","position":2,"name":"Other Ways to Give","item":"https:\/\/bayareacrisisnursery.org\/other-ways-to-give\/"},{"@type":"ListItem","position":3,"name":"Fundraise for BACN"}]},{"@type":"WebSite","@id":"https:\/\/bayareacrisisnursery.org\/#website","url":"https:\/\/bayareacrisisnursery.org\/","name":"V\u01b0\u1eddn \u01b0\u01a1m Kh\u1ee7ng ho\u1ea3ng V\u00f9ng V\u1ecbnh","description":"M\u1ed9t Tr\u00e1i Tim Nh\u1ecf. M\u1ed9t s\u1ef1 gi\u00fap \u0111\u1ee1 nho nh\u1ecf. R\u1ea5t nhi\u1ec1u hy v\u1ecdng.","publisher":{"@id":"https:\/\/bayareacrisisnursery.org\/#organization"},"potentialAction":[{"@type":"SearchAction","target":{"@type":"EntryPoint","urlTemplate":"https:\/\/bayareacrisisnursery.org\/?s={search_term_string}"},"query-input":{"@type":"PropertyValueSpecification","valueRequired":true,"valueName":"search_term_string"}}],"inLanguage":"vi"},{"@type":"Organization","@id":"https:\/\/bayareacrisisnursery.org\/#organization","name":"V\u01b0\u1eddn \u01b0\u01a1m Kh\u1ee7ng ho\u1ea3ng V\u00f9ng V\u1ecbnh","url":"https:\/\/bayareacrisisnursery.org\/","logo":{"@type":"ImageObject","inLanguage":"vi","@id":"https:\/\/bayareacrisisnursery.org\/#\/schema\/logo\/image\/","url":"https:\/\/bayareacrisisnursery.org\/wp-content\/uploads\/2020\/12\/BACN-Logo.png","contentUrl":"https:\/\/bayareacrisisnursery.org\/wp-content\/uploads\/2020\/12\/BACN-Logo.png","width":751,"height":374,"caption":"Bay Area Crisis Nursery"},"image":{"@id":"https:\/\/bayareacrisisnursery.org\/#\/schema\/logo\/image\/"},"sameAs":["https:\/\/www.facebook.com\/bacnspage\/","https:\/\/x.com\/bacn_nursery","https:\/\/www.instagram.com\/bayareacrisisnursery\/","https:\/\/www.linkedin.com\/company\/bay-area-crisis-nursery\/about\/"]}]}},"_links":{"self":[{"href":"https:\/\/bayareacrisisnursery.org\/vi\/wp-json\/wp\/v2\/pages\/279","targetHints":{"allow":["GET"]}}],"collection":[{"href":"https:\/\/bayareacrisisnursery.org\/vi\/wp-json\/wp\/v2\/pages"}],"about":[{"href":"https:\/\/bayareacrisisnursery.org\/vi\/wp-json\/wp\/v2\/types\/page"}],"author":[{"embeddable":true,"href":"https:\/\/bayareacrisisnursery.org\/vi\/wp-json\/wp\/v2\/users\/1"}],"replies":[{"embeddable":true,"href":"https:\/\/bayareacrisisnursery.org\/vi\/wp-json\/wp\/v2\/comments?post=279"}],"version-history":[{"count":10,"href":"https:\/\/bayareacrisisnursery.org\/vi\/wp-json\/wp\/v2\/pages\/279\/revisions"}],"predecessor-version":[{"id":7214,"href":"https:\/\/bayareacrisisnursery.org\/vi\/wp-json\/wp\/v2\/pages\/279\/revisions\/7214"}],"up":[{"embeddable":true,"href":"https:\/\/bayareacrisisnursery.org\/vi\/wp-json\/wp\/v2\/pages\/270"}],"wp:attachment":[{"href":"https:\/\/bayareacrisisnursery.org\/vi\/wp-json\/wp\/v2\/media?parent=279"}],"curies":[{"name":"wp","href":"https:\/\/api.w.org\/{rel}","templated":true}]}}