{"id":292,"date":"2019-04-25T05:00:53","date_gmt":"2019-04-25T05:00:53","guid":{"rendered":"https:\/\/bayareacrisisnursery.org\/?page_id=292"},"modified":"2026-04-30T17:30:17","modified_gmt":"2026-04-30T17:30:17","slug":"volunteer","status":"publish","type":"page","link":"https:\/\/bayareacrisisnursery.org\/vi\/donate\/volunteer\/","title":{"rendered":"T\u00ecnh nguy\u1ec7n vi\u00ean"},"content":{"rendered":"<div id=\"cs-content\" class=\"cs-content\"><div class=\"x-section e292-e1 m84-0 m84-1 m84-2 m84-3\"><div class=\"x-container marginless-columns e292-e2 m84-8\"><div class=\"x-column x-sm x-1-1 e292-e3 m84-9\"><span class=\"x-image e292-e4 m84-a\"><img decoding=\"async\" src=\"https:\/\/bayareacrisisnursery.org\/wp-content\/uploads\/2022\/09\/Volunteer-Banner.png\" width=\"1200\" height=\"400\" alt=\"Volunteer\" loading=\"lazy\"><\/span><\/div><\/div><\/div><div class=\"x-section e292-e5 m84-0 m84-1 m84-2 m84-3\"><div class=\"x-container marginless-columns e292-e6 m84-8\"><div class=\"x-column x-sm x-1-1 e292-e7 m84-9\"><h2  class=\"h-custom-headline h3\" ><span>T\u00ecnh nguy\u1ec7n vi\u00ean t\u1ea1i BACN<\/span><\/h2><\/div><\/div><div class=\"x-container marginless-columns e292-e9 m84-8\"><div class=\"x-column x-sm x-1-1 e292-e10 m84-9\"><div class=\"x-content-area e292-e11 m84-c\"><span><p>BACN l\u00e0 m\u1ed9t n\u01a1i tuy\u1ec7t v\u1eddi \u0111\u1ec3 l\u00e0m t\u00ecnh nguy\u1ec7n vi\u00ean v\u00ec ch\u00fang t\u00f4i th\u1ef1c s\u1ef1 \u0111\u00e1nh gi\u00e1 cao t\u1eebng t\u00ecnh nguy\u1ec7n vi\u00ean c\u1ee7a ch\u00fang t\u00f4i! T\u1eeb l\u00e0m vi\u1ec7c trong Nh\u00e0 tr\u1ebb ch\u0103m s\u00f3c con c\u00e1i c\u1ee7a ch\u00fang t\u00f4i \u0111\u1ebfn l\u00e0m vi\u1ec7c trong m\u1ed9t s\u1ef1 ki\u1ec7n g\u00e2y qu\u1ef9 ho\u1eb7c t\u1eb7ng qu\u00e0 c\u1ed9ng \u0111\u1ed3ng cho m\u1ed9t nh\u00f3m mu\u1ed1n \u0111\u00f3ng g\u00f3p cho c\u1ed9ng \u0111\u1ed3ng c\u1ee7a ch\u00fang t\u00f4i trong m\u1ed9t ng\u00e0y, ch\u00fang t\u00f4i hoan ngh\u00eanh b\u1ea1n. <p>\n\n<b>Xin l\u01b0u \u00fd: <\/b>Ch\u00fang t\u00f4i kh\u00f4ng cung c\u1ea5p c\u00e1c c\u01a1 h\u1ed9i t\u00ecnh nguy\u1ec7n cho d\u1ecbch v\u1ee5 c\u1ed9ng \u0111\u1ed3ng theo l\u1ec7nh c\u1ee7a t\u00f2a \u00e1n.<\/b>\n\n<\/span><\/div><hr class=\"x-line e292-e12 m84-d m84-e\"\/><\/div><\/div><\/div><div class=\"x-section e292-e13 m84-0 m84-1 m84-2 m84-3\"><div class=\"x-container marginless-columns e292-e14 m84-8\"><div class=\"x-column x-sm x-1-1 e292-e15 m84-9\"><h2  class=\"h-custom-headline h3\" ><span>Childcare Volunteers- Applications Open<\/span><\/h2><div class=\"x-frame x-frame-video-embed e292-e17 m84-g m84-h\"><div class=\"x-frame-inner\"><div class=\"x-video x-video-embed\"><div class=\"x-resp-embed x-is-video x-is-youtube\"><iframe loading=\"lazy\" title=\"Childcare Volunteer Introduction\" width=\"846\" height=\"476\" src=\"https:\/\/www.youtube.com\/embed\/Hoz4F9BP1A4?feature=oembed\" frameborder=\"0\" allow=\"accelerometer; autoplay; clipboard-write; encrypted-media; gyroscope; picture-in-picture; web-share\" referrerpolicy=\"strict-origin-when-cross-origin\" allowfullscreen><\/iframe><\/div><\/div><\/div><\/div><div class=\"x-content-area e292-e18 m84-c\"><p>C\u00e1c d\u1ecbch v\u1ee5 c\u1ee7a ch\u00fang t\u00f4i \u0111\u01b0\u1ee3c th\u1ef1c hi\u1ec7n nh\u1edd c\u00e1c t\u00ecnh nguy\u1ec7n vi\u00ean ch\u0103m s\u00f3c tr\u1ebb em c\u1ee7a ch\u00fang t\u00f4i. Nh\u1eefng t\u00ecnh nguy\u1ec7n vi\u00ean n\u00e0y h\u1ed7 tr\u1ee3 nh\u00e2n vi\u00ean V\u01b0\u1eddn tr\u1ebb c\u1ee7a ch\u00fang t\u00f4i v\u00e0 gi\u00fap l\u00e0m gi\u00e0u, cho \u0103n, m\u1eb7c qu\u1ea7n \u00e1o, b\u1eadp b\u00eanh v\u00e0 ch\u01a1i. V\u1ecb tr\u00ed n\u00e0y bao g\u1ed3m t\u01b0\u01a1ng t\u00e1c tr\u1ef1c ti\u1ebfp v\u1edbi tr\u1ebb, c\u00f3 th\u1ec3 \u0111\u00f2i h\u1ecfi nhi\u1ec1u v\u1ec1 th\u1ec3 ch\u1ea5t, nh\u01b0ng r\u1ea5t th\u00fa v\u1ecb!<\/p>\n<p>\u0110\u1ec3 tr\u1edf th\u00e0nh t\u00ecnh nguy\u1ec7n vi\u00ean ch\u0103m s\u00f3c tr\u1ebb em, ch\u00fang t\u00f4i y\u00eau c\u1ea7u:<\/p>\n<ul>\n<li>All volunteers must be at least 18 years old.<\/li>\n<li>B\u1ea1n ph\u1ea3i ho\u00e0n th\u00e0nh x\u00e9t nghi\u1ec7m b\u1ec7nh lao, l\u1ea5y d\u1ea5u v\u00e2n tay v\u00e0 ki\u1ec3m tra l\u00fd l\u1ecbch c\u0169ng nh\u01b0 gi\u1ea5y ch\u1ee9ng nh\u1eadn s\u1ee9c kh\u1ecfe.<\/li>\n<li>Cam k\u1ebft th\u1ef1c hi\u1ec7n m\u1ed9t ca l\u00e0m vi\u1ec7c 3 gi\u1edd, \u00edt nh\u1ea5t m\u1ed9t l\u1ea7n m\u1ed9t tu\u1ea7n, trong t\u1ed1i thi\u1ec3u m\u1ed9t n\u0103m.<\/li>\n<li>Complete 15 hours of online training prior to working with children in the Nursery.<\/li>\n<li>T\u00ecnh nguy\u1ec7n vi\u00ean ph\u1ea3i duy tr\u00ec ch\u1ee9ng ch\u1ec9 S\u01a1 c\u1ee9u &amp; CPR h\u1ee3p l\u1ec7 cho nh\u00e2n vi\u00ean ch\u0103m s\u00f3c tr\u1ebb em v\u00e0 ho\u00e0n th\u00e0nh 20 gi\u1edd \u0111\u00e0o t\u1ea1o h\u00e0ng n\u0103m \u0111\u1ec3 ti\u1ebfp t\u1ee5c ho\u1ea1t \u0111\u1ed9ng t\u00ecnh nguy\u1ec7n.<\/li>\n<\/ul><\/div><a class=\"x-anchor x-anchor-button e292-e19 m84-i\" tabindex=\"0\" href=\"https:\/\/bayareacrisisnursery.app.neoncrm.com\/forms\/childcare-volunteer-application\" target=\"_blank\" rel=\"noopener noreferrer\"><div class=\"x-anchor-content\"><div class=\"x-anchor-text\"><span class=\"x-anchor-text-primary\">Apply Today<\/span><\/div><\/div><\/a><\/div><\/div><\/div><div class=\"x-section e292-e20 m84-0 m84-1 m84-4 m84-5\"><div class=\"x-row e292-e21 m84-k m84-m m84-n\"><div class=\"x-row-inner\"><div class=\"x-col e292-e22 m84-s\"><h3  class=\"h-custom-headline h3\" ><span>Volunteer Food Pickup & Delivery (1 Open Position)<\/span><\/h3><p>Food Pickup & Delivery Volunteers help make our food pantry possible by picking up food donations from partner locations and delivering them safely to the nursery. This role is perfect for someone who enjoys being on the move and wants to make a big impact in a short amount of time.<p><\/p>\nVolunteers assist with loading and unloading food upon arrival and work alongside staff or other volunteers to ensure donations are handled safely and efficiently.\n\n<\/p>\n<p><strong>Volunteer Dates &amp; Times:<\/strong><br \/>Every Monday | 8 - 10 am<br \/>Location: Pickup & Drop Off in Pleasant Hill to Concord<\/p><a class=\"x-anchor x-anchor-button e292-e25 m84-i m84-j\" tabindex=\"0\" href=\"https:\/\/bayareacrisisnursery.app.neoncrm.com\/forms\/volunteer\" target=\"_blank\" rel=\"noopener noreferrer\"><div class=\"x-anchor-content\"><div class=\"x-anchor-text\"><span class=\"x-anchor-text-primary\">Apply Today<\/span><\/div><\/div><\/a><h3  class=\"h-custom-headline h3\" ><span>Food Pantry Volunteer (2 Positions Open)<\/span><\/h3><p>The Food Pantry Volunteer supports the Bay Area Crisis Nursery\u2019s emergency food service program. Volunteers assist with receiving, sorting, and distributing food products, while ensuring the pantry and boutique remain clean, safe, and welcoming for clients. This role is vital to helping families access fresh fruits, vegetables, dry goods, dairy products (when available), and other nutritious food items. Volunteers play an important part in creating a supportive, respectful environment that reflects the Nursery\u2019s values of kindness, compassion, and nonjudgment.<\/p>\n<p><strong>Volunteer Dates &amp; Times:<\/strong><br \/>Every Tuesday | 10:30 am - 1:30 pm<br \/>Location: 1506 Mendocino Dr, Concord, CA<\/p><a class=\"x-anchor x-anchor-button e292-e28 m84-i m84-j\" tabindex=\"0\" href=\"https:\/\/bayareacrisisnursery.app.neoncrm.com\/forms\/volunteer\" target=\"_blank\" rel=\"noopener noreferrer\"><div class=\"x-anchor-content\"><div class=\"x-anchor-text\"><span class=\"x-anchor-text-primary\">Apply Today<\/span><\/div><\/div><\/a><\/div><\/div><\/div><\/div><div class=\"x-section e292-e30 m84-0 m84-1 m84-2 m84-5\"><div class=\"x-row e292-e31 m84-k m84-m m84-o\"><div class=\"x-row-inner\"><div class=\"x-col e292-e32 m84-s\"><hr class=\"x-line e292-e33 m84-d m84-e\"\/><\/div><\/div><\/div><div class=\"x-row e292-e34 m84-k m84-m m84-p\"><div class=\"x-row-inner\"><div class=\"x-col e292-e35 m84-s\"><hr class=\"x-line e292-e36 m84-d m84-f\"\/><h2  class=\"h-custom-headline h3\" ><span>T\u00ecnh nguy\u1ec7n vi\u00ean c\u1ee7a \u1ee6y ban Th\u1ee9c \u0103n cho Cua<\/span><\/h2><div class=\"x-content-area e292-e38 m84-c\"><p>Crab Feed Committee Volunteers Volunteering is a fantastic way to join the party. Please help make this important fundraising event an amazing success. This is one of the most fun events for volunteers. It is high-energy, high-impact, and high-demand! Volunteers serve on the committee or at the event. There are a wide variety of opportunities to fit your schedule and interest. We&rsquo;re looking for:<\/p>\n<ul>\n<li>Ch\u1ee7 t\u1ecbch \u1ee6y ban S\u1ef1 ki\u1ec7n<\/li>\n<li>Gh\u1ebf qu\u1ea7y bar<\/li>\n<li>Gh\u1ebf \u0111\u1ea5u gi\u00e1 im l\u1eb7ng<\/li>\n<li>Gh\u1ebf t\u00ecnh nguy\u1ec7n vi\u00ean<\/li>\n<li>Gh\u1ebf \u0111\u1ea5u gi\u00e1 m\u00f3n tr\u00e1ng mi\u1ec7ng<\/li>\n<li>Gh\u1ebf b\u00e1n v\u00e9 v\u00e0 khuy\u1ebfn m\u00e3i<\/li>\n<li>&amp; C\u00e1c th\u00e0nh vi\u00ean \u1ee6y ban \u0111\u1ec3 h\u1ed7 tr\u1ee3 ch\u00fang t\u00f4i trong vi\u1ec7c cung c\u1ea5p th\u1ee9c \u0103n cho cua t\u1ed1t nh\u1ea5t trong th\u1ecb tr\u1ea5n!<\/li>\n<\/ul>\n<p>If you are interested in being a Crab Feed Committee Volunteer, please fill out<strong><a href=\"https:\/\/www.surveymonkey.com\/r\/T8ZYFW9\" target=\"_blank\" rel=\"noopener\"> this survey<\/a><\/strong><b>.<\/b><\/p><\/div><hr class=\"x-line e292-e39 m84-d m84-e\"\/><\/div><\/div><\/div><\/div><div class=\"x-section e292-e40 m84-0 m84-1 m84-2 m84-3\"><div class=\"x-container marginless-columns e292-e41 m84-8\"><div class=\"x-column x-sm x-1-1 e292-e42 m84-9\"><h2  class=\"h-custom-headline h3\" ><span>Ban gi\u00e1m \u0111\u1ed1c BACN<\/span><\/h2><div class=\"x-content-area e292-e44 m84-c\"><p>T\u01b0 c\u00e1ch th\u00e0nh vi\u00ean h\u1ed9i \u0111\u1ed3ng qu\u1ea3n tr\u1ecb cho ph\u00e9p t\u00ecnh nguy\u1ec7n vi\u00ean h\u1ed7 tr\u1ee3 h\u01b0\u1edbng d\u1eabn t\u1ed5 ch\u1ee9c c\u1ee7a ch\u00fang t\u00f4i \u0111\u00e1p \u1ee9ng s\u1ee9 m\u1ec7nh c\u1ee7a m\u00ecnh. \u0110i\u1ec1u n\u00e0y \u0111\u00f2i h\u1ecfi ph\u1ea3i h\u1ed7 tr\u1ee3 Gi\u00e1m \u0111\u1ed1c \u0111i\u1ec1u h\u00e0nh trong vi\u1ec7c \u0111\u00e1p \u1ee9ng c\u00e1c m\u1ee5c ti\u00eau c\u1ee7a t\u1ed5 ch\u1ee9c, cung c\u1ea5p kh\u1ea3 n\u0103ng gi\u00e1m s\u00e1t t\u1ed5 ch\u1ee9c, g\u00e2y qu\u1ef9 v\u00e0 l\u1eadp k\u1ebf ho\u1ea1ch chi\u1ebfn l\u01b0\u1ee3c. C\u00e1c th\u00e0nh vi\u00ean h\u1ed9i \u0111\u1ed3ng qu\u1ea3n tr\u1ecb c\u0169ng \u0111\u01b0\u1ee3c y\u00eau c\u1ea7u \u0111\u00f3ng vai tr\u00f2 t\u00edch c\u1ef1c trong vi\u1ec7c h\u1ed7 tr\u1ee3 t\u1ed5 ch\u1ee9c v\u00e0 tr\u1edf th\u00e0nh \u0111\u1ea1i s\u1ee9 trong c\u1ed9ng \u0111\u1ed3ng!<\/p>\n\n<p>Xem m\u00f4 t\u1ea3 c\u00f4ng vi\u1ec7c <b><a href=\"https:\/\/bayareacrisisnursery.org\/wp-content\/uploads\/2020\/09\/Board-Member-Job-Description.pdf\">n\u01a1i \u0111\u00e2y<\/a><\/b>.<\/p><\/div><hr class=\"x-line e292-e45 m84-d m84-e\"\/><\/div><\/div><\/div><div class=\"x-section e292-e46 m84-0 m84-3 m84-6\"><div class=\"x-row e292-e47 m84-k m84-l m84-m m84-q\"><div class=\"x-row-inner\"><div class=\"x-col e292-e48 m84-s\"><div class=\"x-text x-text-headline e292-e49 m84-u m84-v\"><div class=\"x-text-content\"><div class=\"x-text-content-text\"><h3 class=\"x-text-content-text-primary\">H\u1ed7 tr\u1ee3 BACN<\/h3>\n<\/div><\/div><\/div><\/div><\/div><\/div><div class=\"x-row e292-e50 m84-k m84-l m84-m m84-r\"><div class=\"x-row-inner\"><div class=\"x-col e292-e51 m84-s m84-t\"><a class=\"x-image e292-e52 m84-a\" href=\"mailto:giving@bayareacrisisnursery.org?subject=Stock%20Donations\" target=\"_blank\" rel=\"noopener noreferrer\"><img decoding=\"async\" src=\"https:\/\/bayareacrisisnursery.org\/wp-content\/uploads\/2019\/12\/Piggy-Stock.jpg\" width=\"847\" height=\"565\" alt=\"Stock Donations\" loading=\"lazy\"><\/a><div class=\"x-text x-text-headline e292-e53 m84-v m84-w\"><div class=\"x-text-content\"><div class=\"x-text-content-text\"><h3 class=\"x-text-content-text-primary\"><p><a href=\"mailto:giving@bayareacrisisnursery.org?subject=Donating Stock\">BACN ch\u1ea5p nh\u1eadn t\u1eb7ng c\u1ed5 phi\u1ebfu. G\u1eedi email ngay h\u00f4m nay.<\/a><\/p><\/h3>\n<\/div><\/div><\/div><\/div><div class=\"x-col e292-e54 m84-s m84-t\"><iframe loading=\"lazy\" src=\"https:\/\/doublethedonation.com\/api\/iframe\/XvD2NtEV1TSXhAQ1\" height=\"350\" width=\"100%\"><\/iframe><\/div><div class=\"x-col e292-e56 m84-s m84-t\"><a class=\"x-image e292-e57 m84-a m84-b\" href=\"https:\/\/mailchi.mp\/bayareacrisisnursery\/newsletter?dnt=1%22%20data-wplink-edit=%22true%22\" target=\"_blank\" rel=\"noopener noreferrer\"><img decoding=\"async\" src=\"https:\/\/bayareacrisisnursery.org\/wp-content\/uploads\/2022\/08\/News.jpg\" width=\"600\" height=\"400\" alt=\"Newsletter\" loading=\"lazy\"><\/a><div class=\"x-text x-text-headline e292-e58 m84-v m84-w\"><div class=\"x-text-content\"><div class=\"x-text-content-text\"><h3 class=\"x-text-content-text-primary\"><p><a href=\"https:\/\/mailchi.mp\/bayareacrisisnursery\/newsletter?dnt=1\" data-wplink-edit=\"true\">\u0110\u0103ng k\u00fd \u0111\u1ec3 gi\u1eef li\u00ean l\u1ea1c<\/a><\/p><\/h3>\n<\/div><\/div><\/div><\/div><\/div><\/div><\/div><div class=\"x-section e292-e59 m84-0 m84-5 m84-7\"><\/div><div class=\"x-section e292-e60 m84-0 m84-5 m84-7\"><\/div><\/div>","protected":false},"excerpt":{"rendered":"<p>T\u00ecnh nguy\u1ec7n vi\u00ean t\u1ea1i BACNBACN l\u00e0 m\u1ed9t n\u01a1i tuy\u1ec7t v\u1eddi \u0111\u1ec3 l\u00e0m t\u00ecnh nguy\u1ec7n vi\u00ean b\u1edfi v\u00ec ch\u00fang t\u00f4i th\u1ef1c s\u1ef1 tr\u00e2n tr\u1ecdng m\u1ed7i t\u00ecnh nguy\u1ec7n vi\u00ean c\u1ee7a ch\u00fang t\u00f4i! T\u1eeb l\u00e0m vi\u1ec7c trong Nh\u00e0 tr\u1ebb ch\u0103m s\u00f3c tr\u1ebb em c\u1ee7a ch\u00fang t\u00f4i \u0111\u1ebfn l\u00e0m vi\u1ec7c trong m\u1ed9t s\u1ef1 ki\u1ec7n g\u00e2y qu\u1ef9 ho\u1eb7c t\u1eb7ng qu\u00e0 c\u1ed9ng \u0111\u1ed3ng cho m\u1ed9t nh\u00f3m mu\u1ed1n \u0111\u00f3ng g\u00f3p cho c\u1ed9ng \u0111\u1ed3ng c\u1ee7a ch\u00fang t\u00f4i trong m\u1ed9t ng\u00e0y, ch\u00fang t\u00f4i hoan ngh\u00eanh b\u1ea1n. Xin l\u01b0u \u00fd: Ch\u00fang t\u00f4i kh\u00f4ng\u2026 <a href=\"https:\/\/bayareacrisisnursery.org\/vi\/donate\/volunteer\/\" class=\"more-link\">\u0110\u1ecdc th\u00eam<\/a><\/p>","protected":false},"author":1,"featured_media":0,"parent":263,"menu_order":3,"comment_status":"closed","ping_status":"closed","template":"template-layout-full-width.php","meta":{"om_disable_all_campaigns":false,"_monsterinsights_skip_tracking":false,"_monsterinsights_sitenote_active":false,"_monsterinsights_sitenote_note":"","_monsterinsights_sitenote_category":0,"_uf_show_specific_survey":0,"_uf_disable_surveys":false,"footnotes":""},"class_list":["post-292","page","type-page","status-publish","hentry","no-post-thumbnail"],"yoast_head":"<!-- This site is optimized with the Yoast SEO Premium plugin v27.2 (Yoast SEO v27.2) - https:\/\/yoast.com\/product\/yoast-seo-premium-wordpress\/ -->\n<title>Volunteer Opportunities<\/title>\n<meta name=\"description\" content=\"BACN has several volunteer opportunities working in the Nursery with children, event volunteers, and community volunteer opportunities.\" \/>\n<meta name=\"robots\" content=\"index, follow, max-snippet:-1, max-image-preview:large, max-video-preview:-1\" \/>\n<link rel=\"canonical\" href=\"https:\/\/bayareacrisisnursery.org\/vi\/donate\/volunteer\/\" \/>\n<meta property=\"og:locale\" content=\"vi_VN\" \/>\n<meta property=\"og:type\" content=\"article\" \/>\n<meta property=\"og:title\" content=\"Volunteer\" \/>\n<meta property=\"og:description\" content=\"BACN has several volunteer opportunities working in the Nursery with children, event volunteers, and community volunteer opportunities.\" \/>\n<meta property=\"og:url\" content=\"https:\/\/bayareacrisisnursery.org\/vi\/donate\/volunteer\/\" \/>\n<meta property=\"og:site_name\" content=\"Bay Area Crisis Nursery\" \/>\n<meta property=\"article:publisher\" content=\"https:\/\/www.facebook.com\/bacnspage\/\" \/>\n<meta property=\"article:modified_time\" content=\"2026-04-30T17:30:17+00:00\" \/>\n<meta name=\"twitter:card\" content=\"summary_large_image\" \/>\n<meta name=\"twitter:site\" content=\"@bacn_nursery\" \/>\n<meta name=\"twitter:label1\" content=\"\u01af\u1edbc t\u00ednh th\u1eddi gian \u0111\u1ecdc\" \/>\n\t<meta name=\"twitter:data1\" content=\"8 ph\u00fat\" \/>\n<script type=\"application\/ld+json\" class=\"yoast-schema-graph\">{\"@context\":\"https:\/\/schema.org\",\"@graph\":[{\"@type\":\"WebPage\",\"@id\":\"https:\/\/bayareacrisisnursery.org\/donate\/volunteer\/\",\"url\":\"https:\/\/bayareacrisisnursery.org\/donate\/volunteer\/\",\"name\":\"Volunteer Opportunities\",\"isPartOf\":{\"@id\":\"https:\/\/bayareacrisisnursery.org\/#website\"},\"datePublished\":\"2019-04-25T05:00:53+00:00\",\"dateModified\":\"2026-04-30T17:30:17+00:00\",\"description\":\"BACN has several volunteer opportunities working in the Nursery with children, event volunteers, and community volunteer opportunities.\",\"breadcrumb\":{\"@id\":\"https:\/\/bayareacrisisnursery.org\/donate\/volunteer\/#breadcrumb\"},\"inLanguage\":\"vi\",\"potentialAction\":[{\"@type\":\"ReadAction\",\"target\":[\"https:\/\/bayareacrisisnursery.org\/donate\/volunteer\/\"]}]},{\"@type\":\"BreadcrumbList\",\"@id\":\"https:\/\/bayareacrisisnursery.org\/donate\/volunteer\/#breadcrumb\",\"itemListElement\":[{\"@type\":\"ListItem\",\"position\":1,\"name\":\"Home\",\"item\":\"https:\/\/bayareacrisisnursery.org\/\"},{\"@type\":\"ListItem\",\"position\":2,\"name\":\"Support\",\"item\":\"https:\/\/bayareacrisisnursery.org\/donate\/\"},{\"@type\":\"ListItem\",\"position\":3,\"name\":\"Volunteer\"}]},{\"@type\":\"WebSite\",\"@id\":\"https:\/\/bayareacrisisnursery.org\/#website\",\"url\":\"https:\/\/bayareacrisisnursery.org\/\",\"name\":\"Bay Area Crisis Nursery\",\"description\":\"A Little Heart. A Little Help. A Lot of Hope.\",\"publisher\":{\"@id\":\"https:\/\/bayareacrisisnursery.org\/#organization\"},\"potentialAction\":[{\"@type\":\"SearchAction\",\"target\":{\"@type\":\"EntryPoint\",\"urlTemplate\":\"https:\/\/bayareacrisisnursery.org\/?s={search_term_string}\"},\"query-input\":{\"@type\":\"PropertyValueSpecification\",\"valueRequired\":true,\"valueName\":\"search_term_string\"}}],\"inLanguage\":\"vi\"},{\"@type\":\"Organization\",\"@id\":\"https:\/\/bayareacrisisnursery.org\/#organization\",\"name\":\"Bay Area Crisis Nursery\",\"url\":\"https:\/\/bayareacrisisnursery.org\/\",\"logo\":{\"@type\":\"ImageObject\",\"inLanguage\":\"vi\",\"@id\":\"https:\/\/bayareacrisisnursery.org\/#\/schema\/logo\/image\/\",\"url\":\"https:\/\/bayareacrisisnursery.org\/wp-content\/uploads\/2020\/12\/BACN-Logo.png\",\"contentUrl\":\"https:\/\/bayareacrisisnursery.org\/wp-content\/uploads\/2020\/12\/BACN-Logo.png\",\"width\":751,\"height\":374,\"caption\":\"Bay Area Crisis Nursery\"},\"image\":{\"@id\":\"https:\/\/bayareacrisisnursery.org\/#\/schema\/logo\/image\/\"},\"sameAs\":[\"https:\/\/www.facebook.com\/bacnspage\/\",\"https:\/\/x.com\/bacn_nursery\",\"https:\/\/www.instagram.com\/bayareacrisisnursery\/\",\"https:\/\/www.linkedin.com\/company\/bay-area-crisis-nursery\/about\/\"]}]}<\/script>\n<!-- \/ Yoast SEO Premium plugin. -->","yoast_head_json":{"title":"C\u01a1 h\u1ed9i t\u00ecnh nguy\u1ec7n","description":"BACN has several volunteer opportunities working in the Nursery with children, event volunteers, and community volunteer opportunities.","robots":{"index":"index","follow":"follow","max-snippet":"max-snippet:-1","max-image-preview":"max-image-preview:large","max-video-preview":"max-video-preview:-1"},"canonical":"https:\/\/bayareacrisisnursery.org\/vi\/donate\/volunteer\/","og_locale":"vi_VN","og_type":"article","og_title":"Volunteer","og_description":"BACN has several volunteer opportunities working in the Nursery with children, event volunteers, and community volunteer opportunities.","og_url":"https:\/\/bayareacrisisnursery.org\/vi\/donate\/volunteer\/","og_site_name":"Bay Area Crisis Nursery","article_publisher":"https:\/\/www.facebook.com\/bacnspage\/","article_modified_time":"2026-04-30T17:30:17+00:00","twitter_card":"summary_large_image","twitter_site":"@bacn_nursery","twitter_misc":{"\u01af\u1edbc t\u00ednh th\u1eddi gian \u0111\u1ecdc":"8 ph\u00fat"},"schema":{"@context":"https:\/\/schema.org","@graph":[{"@type":"WebPage","@id":"https:\/\/bayareacrisisnursery.org\/donate\/volunteer\/","url":"https:\/\/bayareacrisisnursery.org\/donate\/volunteer\/","name":"C\u01a1 h\u1ed9i t\u00ecnh nguy\u1ec7n","isPartOf":{"@id":"https:\/\/bayareacrisisnursery.org\/#website"},"datePublished":"2019-04-25T05:00:53+00:00","dateModified":"2026-04-30T17:30:17+00:00","description":"BACN has several volunteer opportunities working in the Nursery with children, event volunteers, and community volunteer opportunities.","breadcrumb":{"@id":"https:\/\/bayareacrisisnursery.org\/donate\/volunteer\/#breadcrumb"},"inLanguage":"vi","potentialAction":[{"@type":"ReadAction","target":["https:\/\/bayareacrisisnursery.org\/donate\/volunteer\/"]}]},{"@type":"BreadcrumbList","@id":"https:\/\/bayareacrisisnursery.org\/donate\/volunteer\/#breadcrumb","itemListElement":[{"@type":"ListItem","position":1,"name":"Home","item":"https:\/\/bayareacrisisnursery.org\/"},{"@type":"ListItem","position":2,"name":"Support","item":"https:\/\/bayareacrisisnursery.org\/donate\/"},{"@type":"ListItem","position":3,"name":"Volunteer"}]},{"@type":"WebSite","@id":"https:\/\/bayareacrisisnursery.org\/#website","url":"https:\/\/bayareacrisisnursery.org\/","name":"V\u01b0\u1eddn \u01b0\u01a1m Kh\u1ee7ng ho\u1ea3ng V\u00f9ng V\u1ecbnh","description":"M\u1ed9t Tr\u00e1i Tim Nh\u1ecf. M\u1ed9t s\u1ef1 gi\u00fap \u0111\u1ee1 nho nh\u1ecf. R\u1ea5t nhi\u1ec1u hy v\u1ecdng.","publisher":{"@id":"https:\/\/bayareacrisisnursery.org\/#organization"},"potentialAction":[{"@type":"SearchAction","target":{"@type":"EntryPoint","urlTemplate":"https:\/\/bayareacrisisnursery.org\/?s={search_term_string}"},"query-input":{"@type":"PropertyValueSpecification","valueRequired":true,"valueName":"search_term_string"}}],"inLanguage":"vi"},{"@type":"Organization","@id":"https:\/\/bayareacrisisnursery.org\/#organization","name":"V\u01b0\u1eddn \u01b0\u01a1m Kh\u1ee7ng ho\u1ea3ng V\u00f9ng V\u1ecbnh","url":"https:\/\/bayareacrisisnursery.org\/","logo":{"@type":"ImageObject","inLanguage":"vi","@id":"https:\/\/bayareacrisisnursery.org\/#\/schema\/logo\/image\/","url":"https:\/\/bayareacrisisnursery.org\/wp-content\/uploads\/2020\/12\/BACN-Logo.png","contentUrl":"https:\/\/bayareacrisisnursery.org\/wp-content\/uploads\/2020\/12\/BACN-Logo.png","width":751,"height":374,"caption":"Bay Area Crisis Nursery"},"image":{"@id":"https:\/\/bayareacrisisnursery.org\/#\/schema\/logo\/image\/"},"sameAs":["https:\/\/www.facebook.com\/bacnspage\/","https:\/\/x.com\/bacn_nursery","https:\/\/www.instagram.com\/bayareacrisisnursery\/","https:\/\/www.linkedin.com\/company\/bay-area-crisis-nursery\/about\/"]}]}},"_links":{"self":[{"href":"https:\/\/bayareacrisisnursery.org\/vi\/wp-json\/wp\/v2\/pages\/292","targetHints":{"allow":["GET"]}}],"collection":[{"href":"https:\/\/bayareacrisisnursery.org\/vi\/wp-json\/wp\/v2\/pages"}],"about":[{"href":"https:\/\/bayareacrisisnursery.org\/vi\/wp-json\/wp\/v2\/types\/page"}],"author":[{"embeddable":true,"href":"https:\/\/bayareacrisisnursery.org\/vi\/wp-json\/wp\/v2\/users\/1"}],"replies":[{"embeddable":true,"href":"https:\/\/bayareacrisisnursery.org\/vi\/wp-json\/wp\/v2\/comments?post=292"}],"version-history":[{"count":41,"href":"https:\/\/bayareacrisisnursery.org\/vi\/wp-json\/wp\/v2\/pages\/292\/revisions"}],"predecessor-version":[{"id":7459,"href":"https:\/\/bayareacrisisnursery.org\/vi\/wp-json\/wp\/v2\/pages\/292\/revisions\/7459"}],"up":[{"embeddable":true,"href":"https:\/\/bayareacrisisnursery.org\/vi\/wp-json\/wp\/v2\/pages\/263"}],"wp:attachment":[{"href":"https:\/\/bayareacrisisnursery.org\/vi\/wp-json\/wp\/v2\/media?parent=292"}],"curies":[{"name":"wp","href":"https:\/\/api.w.org\/{rel}","templated":true}]}}