{"id":2968,"date":"2019-11-22T02:58:28","date_gmt":"2019-11-22T02:58:28","guid":{"rendered":"https:\/\/bayareacrisisnursery.org\/?page_id=2968"},"modified":"2026-01-08T20:30:09","modified_gmt":"2026-01-08T20:30:09","slug":"hug","status":"publish","type":"page","link":"https:\/\/bayareacrisisnursery.org\/vi\/donate\/hug\/","title":{"rendered":"Ch\u01b0\u01a1ng tr\u00ecnh HUG h\u00e0ng th\u00e1ng"},"content":{"rendered":"<div id=\"cs-content\" class=\"cs-content\"><div class=\"x-section e2968-e1 m2ag-0 m2ag-1\"><div class=\"x-container marginless-columns e2968-e2 m2ag-4\"><div class=\"x-column x-sm x-1-1 e2968-e3 m2ag-5\"><img decoding=\"async\"  class=\"x-img x-img-none\"  src=\"https:\/\/bayareacrisisnursery.org\/wp-content\/uploads\/2022\/08\/Monthly-HUG-Banner.png\" alt=\"Support BACN Piggy Bank\"><h2  class=\"h-custom-headline h3\" ><span>T\u1eb7ng qu\u00e0 l\u00e0 m\u1ed9t c\u00e1i \u00f4m h\u00e0ng th\u00e1ng<\/span><\/h2><\/div><\/div><\/div><div class=\"x-section e2968-e6 m2ag-0 m2ag-1\"><div class=\"x-container marginless-columns e2968-e7 m2ag-4\"><div class=\"x-column x-sm x-1-1 e2968-e8 m2ag-5\"><div class=\"x-content-area e2968-e9 m2ag-6\"><span><b>H\u00e3y tr\u1edf th\u00e0nh nh\u00e0 t\u00e0i tr\u1ee3 HUG ngay h\u00f4m nay v\u00e0 gi\u00fap \u0111\u1ee1 tr\u1ebb em c\u1ea3 n\u0103m!<\/b> HUG (Help Us Grow) l\u00e0 ch\u01b0\u01a1ng tr\u00ecnh t\u1eb7ng qu\u00e0 h\u00e0ng th\u00e1ng c\u1ee7a Nursery nh\u1eb1m gi\u00fap duy tr\u00ec v\u00e0 ph\u00e1t tri\u1ec3n s\u1ee9 m\u1ec7nh c\u1ee7a ch\u00fang t\u00f4i trong vi\u1ec7c ng\u0103n ch\u1eb7n l\u1ea1m d\u1ee5ng v\u00e0 b\u1ecf r\u01a1i tr\u1ebb em. Khi b\u1ea1n tham gia s\u1ee9 m\u1ec7nh c\u1ee7a ch\u00fang t\u00f4i ch\u1ec9 v\u1edbi $5 m\u1ed7i th\u00e1ng, b\u1ea1n \u0111ang tham gia m\u1ed9t c\u1ed9ng \u0111\u1ed3ng l\u1edbn h\u01a1n g\u1ed3m c\u00e1c nh\u00e0 t\u00e0i tr\u1ee3 HUG, nh\u1eefng ng\u01b0\u1eddi k\u1ebft h\u1ee3p c\u00e1c kho\u1ea3n \u0111\u00f3ng g\u00f3p h\u00e0ng th\u00e1ng \u0111ang t\u1ea1o ra s\u1ef1 kh\u00e1c bi\u1ec7t l\u1edbn trong cu\u1ed9c s\u1ed1ng c\u1ee7a tr\u1ebb em v\u00e0 gia \u0111\u00ecnh \u0111ang g\u1eb7p kh\u1ee7ng ho\u1ea3ng. <b>Th\u00eam m\u1ed9t ch\u00fat!<\/b><\/p>\n\n<p>Ch\u1ec9 v\u00ec\u2026<\/p>\n<ul>\n<li>$5 m\u1ed7i th\u00e1ng, b\u1ea1n c\u00f3 th\u1ec3 cung c\u1ea5p 1 ng\u00e0y t\u00e3 cho 4 b\u00e9.\n\n<li>$10 m\u1ed7i th\u00e1ng, b\u1ea1n c\u00f3 th\u1ec3 cung c\u1ea5p 5 b\u1eefa \u0103n cho tr\u1ebb.\n<li>$25 m\u1ed7i th\u00e1ng, b\u1ea1n c\u00f3 th\u1ec3 t\u00e0i tr\u1ee3 \u0111\u00e0o t\u1ea1o cho 10 t\u00ecnh nguy\u1ec7n vi\u00ean c\u1ee7a V\u01b0\u1eddn \u01b0\u01a1m y\u00eau th\u01b0\u01a1ng.\n<li>$50 m\u1ed7i th\u00e1ng, b\u1ea1n c\u00f3 th\u1ec3 gi\u1eef \u1ea5m 4 gi\u01b0\u1eddng trong 1 \u0111\u00eam.<\/ul>\n\n<p>B\u1ea5t k\u1ec3 s\u1ed1 ti\u1ec1n n\u00e0o, kho\u1ea3n \u0111\u1ea7u t\u01b0 c\u1ee7a b\u1ea1n s\u1ebd t\u1ea1o ra s\u1ef1 kh\u00e1c bi\u1ec7t trong cu\u1ed9c s\u1ed1ng c\u1ee7a tr\u1ebb em v\u00e0 c\u00e1c gia \u0111\u00ecnh \u0111ang g\u1eb7p kh\u1ee7ng ho\u1ea3ng!<b> C\u1ea3m \u01a1n b\u1ea1n \u0111\u00e3 tr\u1edf th\u00e0nh nh\u00e0 t\u00e0i tr\u1ee3 HUG ng\u00e0y h\u00f4m nay!<\/b>\n\u200b<\/span><\/div><\/div><\/div><\/div><div class=\"x-section e2968-e10 m2ag-0 m2ag-1 m2ag-2\"><div class=\"x-row e2968-e11 m2ag-7 m2ag-8 m2ag-a\"><div class=\"x-row-inner\"><div class=\"x-col e2968-e12 m2ag-e m2ag-f\"><a  class=\"x-btn x-btn-global\"  href=\"https:\/\/bayareacrisisnursery.app.neoncrm.com\/forms\/hug-donations\" title=\"Quy\u00ean g\u00f3p h\u00e0ng th\u00e1ng\" target=\"_blank\" rel=\"noopener noreferrer\"   data-options=\"thumbnail: ''\">T\u1eb7ng HUG ngay h\u00f4m nay!<\/a><\/div><\/div><\/div><\/div><div class=\"x-section e2968-e14 m2ag-0 m2ag-3\"><div class=\"x-row e2968-e15 m2ag-7 m2ag-9 m2ag-b m2ag-c\"><div class=\"x-row-inner\"><div class=\"x-col e2968-e16 m2ag-e m2ag-g\"><div class=\"x-text x-text-headline e2968-e17 m2ag-i m2ag-j\"><div class=\"x-text-content\"><div class=\"x-text-content-text\"><h3 class=\"x-text-content-text-primary\">H\u1ed7 tr\u1ee3 BACN<\/h3>\n<\/div><\/div><\/div><\/div><\/div><\/div><div class=\"x-row e2968-e18 m2ag-7 m2ag-9 m2ag-b m2ag-d\"><div class=\"x-row-inner\"><div class=\"x-col e2968-e19 m2ag-e m2ag-g m2ag-h\"><a class=\"x-image e2968-e20 m2ag-l\" href=\"mailto:giving@bayareacrisisnursery.org?subject=Stock%20Donations\" target=\"_blank\" rel=\"noopener noreferrer\"><img decoding=\"async\" src=\"https:\/\/bayareacrisisnursery.org\/wp-content\/uploads\/2019\/12\/Piggy-Stock.jpg\" width=\"847\" height=\"565\" alt=\"Stock Donations\" loading=\"lazy\"><\/a><div class=\"x-text x-text-headline e2968-e21 m2ag-j m2ag-k\"><div class=\"x-text-content\"><div class=\"x-text-content-text\"><h3 class=\"x-text-content-text-primary\"><p><a href=\"mailto:giving@bayareacrisisnursery.org?subject=Donating Stock\">BACN ch\u1ea5p nh\u1eadn t\u1eb7ng c\u1ed5 phi\u1ebfu. G\u1eedi email ngay h\u00f4m nay.<\/a><\/p><\/h3>\n<\/div><\/div><\/div><\/div><div class=\"x-col e2968-e22 m2ag-e m2ag-g m2ag-h\"><iframe loading=\"lazy\" src=\"https:\/\/doublethedonation.com\/api\/iframe\/XvD2NtEV1TSXhAQ1\" height=\"350\" width=\"100%\"><\/iframe><\/div><div class=\"x-col e2968-e24 m2ag-e m2ag-g m2ag-h\"><a class=\"x-image e2968-e25 m2ag-l m2ag-m\" href=\"https:\/\/mailchi.mp\/bayareacrisisnursery\/newsletter?dnt=1%22%20data-wplink-edit=%22true%22\" target=\"_blank\" rel=\"noopener noreferrer\"><img decoding=\"async\" src=\"https:\/\/bayareacrisisnursery.org\/wp-content\/uploads\/2022\/08\/News.jpg\" width=\"600\" height=\"400\" alt=\"Newsletter\" loading=\"lazy\"><\/a><div class=\"x-text x-text-headline e2968-e26 m2ag-j m2ag-k\"><div class=\"x-text-content\"><div class=\"x-text-content-text\"><h3 class=\"x-text-content-text-primary\"><p><a href=\"https:\/\/mailchi.mp\/bayareacrisisnursery\/newsletter?dnt=1\" data-wplink-edit=\"true\">\u0110\u0103ng k\u00fd \u0111\u1ec3 gi\u1eef li\u00ean l\u1ea1c<\/a><\/p><\/h3>\n<\/div><\/div><\/div><\/div><\/div><\/div><\/div><div class=\"x-section e2968-e27 m2ag-0 m2ag-1\"><div class=\"x-container marginless-columns e2968-e28 m2ag-4\"><div class=\"x-column x-sm x-1-1 e2968-e29 m2ag-5\"><div class=\"x-content-area e2968-e30 m2ag-6\"><div id=\"x-content-band-1\" class=\"x-content-band border-top border-left border-right border-bottom\" style=\"background-color: #efefef; color: #333;\"><div class=\"x-container max width\"> \n<h4  class=\"h-custom-headline h3\" style=\"margin-top: 0;\"><span>L\u00ean l\u1ecbch tham quan<\/span><\/h4><\/p>\nTr\u1ea3i nghi\u1ec7m s\u1ee9 m\u1ec7nh c\u1ee7a ch\u00fang t\u00f4i trong th\u1ef1c t\u1ebf b\u1eb1ng c\u00e1ch gh\u00e9 th\u0103m V\u01b0\u1eddn \u01b0\u01a1m \u0111\u1ec3 tham quan.<\/p>\n<p><a  class=\"x-btn x-btn-flat x-btn-global\"  href=\"mailto:giving@bayareacrisisnursery.org&subject=Donor Tour of the Nursery\"     data-options=\"thumbnail: ''\">L\u00ean l\u1ecbch ngay h\u00f4m nay<\/a> <\/div><\/div><\/div><\/div><\/div><\/div><\/div>","protected":false},"excerpt":{"rendered":"<p>H\u00e3y t\u1eb7ng m\u00f3n qu\u00e0 l\u00e0 c\u00e1i \u00f4m h\u00e0ng th\u00e1ng H\u00e3y tr\u1edf th\u00e0nh nh\u00e0 t\u00e0i tr\u1ee3 HUG ngay h\u00f4m nay v\u00e0 gi\u00fap tr\u1ebb c\u1ea3 n\u0103m! HUG (Help Us Grow) l\u00e0 ch\u01b0\u01a1ng tr\u00ecnh t\u1eb7ng qu\u00e0 h\u00e0ng th\u00e1ng c\u1ee7a Nursery nh\u1eb1m gi\u00fap duy tr\u00ec v\u00e0 ph\u00e1t tri\u1ec3n s\u1ee9 m\u1ec7nh c\u1ee7a ch\u00fang t\u00f4i trong vi\u1ec7c ng\u0103n ch\u1eb7n l\u1ea1m d\u1ee5ng v\u00e0 b\u1ecf r\u01a1i tr\u1ebb em. Khi b\u1ea1n tham gia s\u1ee9 m\u1ec7nh c\u1ee7a ch\u00fang t\u00f4i ch\u1ec9 v\u1edbi $5 m\u1ed7i th\u00e1ng, b\u1ea1n \u0111ang tham gia m\u1ed9t c\u1ed9ng \u0111\u1ed3ng l\u1edbn h\u01a1n g\u1ed3m\u2026 <a href=\"https:\/\/bayareacrisisnursery.org\/vi\/donate\/hug\/\" class=\"more-link\">\u0110\u1ecdc th\u00eam<\/a><\/p>","protected":false},"author":1,"featured_media":0,"parent":263,"menu_order":0,"comment_status":"closed","ping_status":"closed","template":"template-layout-full-width.php","meta":{"om_disable_all_campaigns":false,"_monsterinsights_skip_tracking":false,"_monsterinsights_sitenote_active":false,"_monsterinsights_sitenote_note":"","_monsterinsights_sitenote_category":0,"_uf_show_specific_survey":0,"_uf_disable_surveys":false,"footnotes":""},"class_list":["post-2968","page","type-page","status-publish","hentry","no-post-thumbnail"],"yoast_head":"<!-- This site is optimized with the Yoast SEO Premium plugin v27.2 (Yoast SEO v27.2) - https:\/\/yoast.com\/product\/yoast-seo-premium-wordpress\/ -->\n<title>Monthly HUG Program - Bay Area Crisis Nursery<\/title>\n<meta name=\"description\" content=\"Become a HUG donor today and help children all year long! HUG (Help Us Grow) is the Nursery\u2019s monthly giving program that helps to sustain and grow our mission to prevent child abuse and neglect.\" \/>\n<meta name=\"robots\" content=\"index, follow, max-snippet:-1, max-image-preview:large, max-video-preview:-1\" \/>\n<link rel=\"canonical\" href=\"https:\/\/bayareacrisisnursery.org\/vi\/donate\/hug\/\" \/>\n<meta property=\"og:locale\" content=\"vi_VN\" \/>\n<meta property=\"og:type\" content=\"article\" \/>\n<meta property=\"og:title\" content=\"Monthly HUG Program\" \/>\n<meta property=\"og:description\" content=\"Become a HUG donor today and help children all year long! HUG (Help Us Grow) is the Nursery\u2019s monthly giving program that helps to sustain and grow our mission to prevent child abuse and neglect.\" \/>\n<meta property=\"og:url\" content=\"https:\/\/bayareacrisisnursery.org\/vi\/donate\/hug\/\" \/>\n<meta property=\"og:site_name\" content=\"Bay Area Crisis Nursery\" \/>\n<meta property=\"article:publisher\" content=\"https:\/\/www.facebook.com\/bacnspage\/\" \/>\n<meta property=\"article:modified_time\" content=\"2026-01-08T20:30:09+00:00\" \/>\n<meta property=\"og:image\" content=\"https:\/\/bayareacrisisnursery.org\/wp-content\/uploads\/2019\/11\/HUG-Banner.jpg\" \/>\n\t<meta property=\"og:image:width\" content=\"1200\" \/>\n\t<meta property=\"og:image:height\" content=\"500\" \/>\n\t<meta property=\"og:image:type\" content=\"image\/jpeg\" \/>\n<meta name=\"twitter:card\" content=\"summary_large_image\" \/>\n<meta name=\"twitter:site\" content=\"@bacn_nursery\" \/>\n<meta name=\"twitter:label1\" content=\"\u01af\u1edbc t\u00ednh th\u1eddi gian \u0111\u1ecdc\" \/>\n\t<meta name=\"twitter:data1\" content=\"2 ph\u00fat\" \/>\n<script type=\"application\/ld+json\" class=\"yoast-schema-graph\">{\"@context\":\"https:\/\/schema.org\",\"@graph\":[{\"@type\":\"WebPage\",\"@id\":\"https:\/\/bayareacrisisnursery.org\/donate\/hug\/\",\"url\":\"https:\/\/bayareacrisisnursery.org\/donate\/hug\/\",\"name\":\"Monthly HUG Program - Bay Area Crisis Nursery\",\"isPartOf\":{\"@id\":\"https:\/\/bayareacrisisnursery.org\/#website\"},\"datePublished\":\"2019-11-22T02:58:28+00:00\",\"dateModified\":\"2026-01-08T20:30:09+00:00\",\"description\":\"Become a HUG donor today and help children all year long! HUG (Help Us Grow) is the Nursery\u2019s monthly giving program that helps to sustain and grow our mission to prevent child abuse and neglect.\",\"breadcrumb\":{\"@id\":\"https:\/\/bayareacrisisnursery.org\/donate\/hug\/#breadcrumb\"},\"inLanguage\":\"vi\",\"potentialAction\":[{\"@type\":\"ReadAction\",\"target\":[\"https:\/\/bayareacrisisnursery.org\/donate\/hug\/\"]}]},{\"@type\":\"BreadcrumbList\",\"@id\":\"https:\/\/bayareacrisisnursery.org\/donate\/hug\/#breadcrumb\",\"itemListElement\":[{\"@type\":\"ListItem\",\"position\":1,\"name\":\"Home\",\"item\":\"https:\/\/bayareacrisisnursery.org\/\"},{\"@type\":\"ListItem\",\"position\":2,\"name\":\"Support\",\"item\":\"https:\/\/bayareacrisisnursery.org\/donate\/\"},{\"@type\":\"ListItem\",\"position\":3,\"name\":\"Monthly HUG Program\"}]},{\"@type\":\"WebSite\",\"@id\":\"https:\/\/bayareacrisisnursery.org\/#website\",\"url\":\"https:\/\/bayareacrisisnursery.org\/\",\"name\":\"Bay Area Crisis Nursery\",\"description\":\"A Little Heart. A Little Help. A Lot of Hope.\",\"publisher\":{\"@id\":\"https:\/\/bayareacrisisnursery.org\/#organization\"},\"potentialAction\":[{\"@type\":\"SearchAction\",\"target\":{\"@type\":\"EntryPoint\",\"urlTemplate\":\"https:\/\/bayareacrisisnursery.org\/?s={search_term_string}\"},\"query-input\":{\"@type\":\"PropertyValueSpecification\",\"valueRequired\":true,\"valueName\":\"search_term_string\"}}],\"inLanguage\":\"vi\"},{\"@type\":\"Organization\",\"@id\":\"https:\/\/bayareacrisisnursery.org\/#organization\",\"name\":\"Bay Area Crisis Nursery\",\"url\":\"https:\/\/bayareacrisisnursery.org\/\",\"logo\":{\"@type\":\"ImageObject\",\"inLanguage\":\"vi\",\"@id\":\"https:\/\/bayareacrisisnursery.org\/#\/schema\/logo\/image\/\",\"url\":\"https:\/\/bayareacrisisnursery.org\/wp-content\/uploads\/2020\/12\/BACN-Logo.png\",\"contentUrl\":\"https:\/\/bayareacrisisnursery.org\/wp-content\/uploads\/2020\/12\/BACN-Logo.png\",\"width\":751,\"height\":374,\"caption\":\"Bay Area Crisis Nursery\"},\"image\":{\"@id\":\"https:\/\/bayareacrisisnursery.org\/#\/schema\/logo\/image\/\"},\"sameAs\":[\"https:\/\/www.facebook.com\/bacnspage\/\",\"https:\/\/x.com\/bacn_nursery\",\"https:\/\/www.instagram.com\/bayareacrisisnursery\/\",\"https:\/\/www.linkedin.com\/company\/bay-area-crisis-nursery\/about\/\"]}]}<\/script>\n<!-- \/ Yoast SEO Premium plugin. -->","yoast_head_json":{"title":"Monthly HUG Program - Bay Area Crisis Nursery","description":"Become a HUG donor today and help children all year long! HUG (Help Us Grow) is the Nursery\u2019s monthly giving program that helps to sustain and grow our mission to prevent child abuse and neglect.","robots":{"index":"index","follow":"follow","max-snippet":"max-snippet:-1","max-image-preview":"max-image-preview:large","max-video-preview":"max-video-preview:-1"},"canonical":"https:\/\/bayareacrisisnursery.org\/vi\/donate\/hug\/","og_locale":"vi_VN","og_type":"article","og_title":"Monthly HUG Program","og_description":"Become a HUG donor today and help children all year long! HUG (Help Us Grow) is the Nursery\u2019s monthly giving program that helps to sustain and grow our mission to prevent child abuse and neglect.","og_url":"https:\/\/bayareacrisisnursery.org\/vi\/donate\/hug\/","og_site_name":"Bay Area Crisis Nursery","article_publisher":"https:\/\/www.facebook.com\/bacnspage\/","article_modified_time":"2026-01-08T20:30:09+00:00","og_image":[{"width":1200,"height":500,"url":"https:\/\/bayareacrisisnursery.org\/wp-content\/uploads\/2019\/11\/HUG-Banner.jpg","type":"image\/jpeg"}],"twitter_card":"summary_large_image","twitter_site":"@bacn_nursery","twitter_misc":{"\u01af\u1edbc t\u00ednh th\u1eddi gian \u0111\u1ecdc":"2 ph\u00fat"},"schema":{"@context":"https:\/\/schema.org","@graph":[{"@type":"WebPage","@id":"https:\/\/bayareacrisisnursery.org\/donate\/hug\/","url":"https:\/\/bayareacrisisnursery.org\/donate\/hug\/","name":"Monthly HUG Program - Bay Area Crisis Nursery","isPartOf":{"@id":"https:\/\/bayareacrisisnursery.org\/#website"},"datePublished":"2019-11-22T02:58:28+00:00","dateModified":"2026-01-08T20:30:09+00:00","description":"Become a HUG donor today and help children all year long! HUG (Help Us Grow) is the Nursery\u2019s monthly giving program that helps to sustain and grow our mission to prevent child abuse and neglect.","breadcrumb":{"@id":"https:\/\/bayareacrisisnursery.org\/donate\/hug\/#breadcrumb"},"inLanguage":"vi","potentialAction":[{"@type":"ReadAction","target":["https:\/\/bayareacrisisnursery.org\/donate\/hug\/"]}]},{"@type":"BreadcrumbList","@id":"https:\/\/bayareacrisisnursery.org\/donate\/hug\/#breadcrumb","itemListElement":[{"@type":"ListItem","position":1,"name":"Home","item":"https:\/\/bayareacrisisnursery.org\/"},{"@type":"ListItem","position":2,"name":"Support","item":"https:\/\/bayareacrisisnursery.org\/donate\/"},{"@type":"ListItem","position":3,"name":"Monthly HUG Program"}]},{"@type":"WebSite","@id":"https:\/\/bayareacrisisnursery.org\/#website","url":"https:\/\/bayareacrisisnursery.org\/","name":"V\u01b0\u1eddn \u01b0\u01a1m Kh\u1ee7ng ho\u1ea3ng V\u00f9ng V\u1ecbnh","description":"M\u1ed9t Tr\u00e1i Tim Nh\u1ecf. M\u1ed9t s\u1ef1 gi\u00fap \u0111\u1ee1 nho nh\u1ecf. R\u1ea5t nhi\u1ec1u hy v\u1ecdng.","publisher":{"@id":"https:\/\/bayareacrisisnursery.org\/#organization"},"potentialAction":[{"@type":"SearchAction","target":{"@type":"EntryPoint","urlTemplate":"https:\/\/bayareacrisisnursery.org\/?s={search_term_string}"},"query-input":{"@type":"PropertyValueSpecification","valueRequired":true,"valueName":"search_term_string"}}],"inLanguage":"vi"},{"@type":"Organization","@id":"https:\/\/bayareacrisisnursery.org\/#organization","name":"V\u01b0\u1eddn \u01b0\u01a1m Kh\u1ee7ng ho\u1ea3ng V\u00f9ng V\u1ecbnh","url":"https:\/\/bayareacrisisnursery.org\/","logo":{"@type":"ImageObject","inLanguage":"vi","@id":"https:\/\/bayareacrisisnursery.org\/#\/schema\/logo\/image\/","url":"https:\/\/bayareacrisisnursery.org\/wp-content\/uploads\/2020\/12\/BACN-Logo.png","contentUrl":"https:\/\/bayareacrisisnursery.org\/wp-content\/uploads\/2020\/12\/BACN-Logo.png","width":751,"height":374,"caption":"Bay Area Crisis Nursery"},"image":{"@id":"https:\/\/bayareacrisisnursery.org\/#\/schema\/logo\/image\/"},"sameAs":["https:\/\/www.facebook.com\/bacnspage\/","https:\/\/x.com\/bacn_nursery","https:\/\/www.instagram.com\/bayareacrisisnursery\/","https:\/\/www.linkedin.com\/company\/bay-area-crisis-nursery\/about\/"]}]}},"_links":{"self":[{"href":"https:\/\/bayareacrisisnursery.org\/vi\/wp-json\/wp\/v2\/pages\/2968","targetHints":{"allow":["GET"]}}],"collection":[{"href":"https:\/\/bayareacrisisnursery.org\/vi\/wp-json\/wp\/v2\/pages"}],"about":[{"href":"https:\/\/bayareacrisisnursery.org\/vi\/wp-json\/wp\/v2\/types\/page"}],"author":[{"embeddable":true,"href":"https:\/\/bayareacrisisnursery.org\/vi\/wp-json\/wp\/v2\/users\/1"}],"replies":[{"embeddable":true,"href":"https:\/\/bayareacrisisnursery.org\/vi\/wp-json\/wp\/v2\/comments?post=2968"}],"version-history":[{"count":13,"href":"https:\/\/bayareacrisisnursery.org\/vi\/wp-json\/wp\/v2\/pages\/2968\/revisions"}],"predecessor-version":[{"id":7425,"href":"https:\/\/bayareacrisisnursery.org\/vi\/wp-json\/wp\/v2\/pages\/2968\/revisions\/7425"}],"up":[{"embeddable":true,"href":"https:\/\/bayareacrisisnursery.org\/vi\/wp-json\/wp\/v2\/pages\/263"}],"wp:attachment":[{"href":"https:\/\/bayareacrisisnursery.org\/vi\/wp-json\/wp\/v2\/media?parent=2968"}],"curies":[{"name":"wp","href":"https:\/\/api.w.org\/{rel}","templated":true}]}}