{"id":302,"date":"2019-04-25T05:27:30","date_gmt":"2019-04-25T05:27:30","guid":{"rendered":"https:\/\/bayareacrisisnursery.org\/?page_id=302"},"modified":"2024-12-19T20:05:08","modified_gmt":"2024-12-19T20:05:08","slug":"events","status":"publish","type":"page","link":"https:\/\/bayareacrisisnursery.org\/vi\/events\/","title":{"rendered":"S\u1ef1 ki\u1ec7n"},"content":{"rendered":"<div id=\"cs-content\" class=\"cs-content\"><div class=\"x-section e302-e1 m8e-0 m8e-1\"><div class=\"x-container marginless-columns e302-e2 m8e-3 m8e-4\"><div class=\"x-column x-sm x-1-1 e302-e3 m8e-6\"><img decoding=\"async\"  class=\"x-img x-img-none\"  src=\"https:\/\/bayareacrisisnursery.org\/wp-content\/uploads\/2022\/09\/Events-Banner.jpg\" ><\/div><\/div><\/div><div class=\"x-section e302-e5 m8e-0 m8e-1\"><div class=\"x-container marginless-columns e302-e6 m8e-3 m8e-4\"><div class=\"x-column x-sm x-1-1 e302-e7 m8e-6\"><h2  class=\"h-custom-headline h3\" ><span>s\u1ef1 ki\u1ec7n s\u1eafp t\u1edbi<\/span><\/h2><\/div><\/div><div class=\"x-container max width e302-e9 m8e-4 m8e-5\"><\/div><div class=\"x-container marginless-columns e302-e10 m8e-3 m8e-4\"><div class=\"x-column x-sm x-1-1 e302-e11 m8e-6\"><div class=\"x-content-area e302-e12 m8e-7\"><span><p>Ch\u00fang t\u00f4i ch\u1eafc ch\u1eafn r\u1ea5t th\u00edch t\u1ed5 ch\u1ee9c m\u1ed9t s\u1ef1 ki\u1ec7n v\u00e0 m\u1eddi c\u1ed9ng \u0111\u1ed3ng c\u1ee7a ch\u00fang t\u00f4i \u0111\u1ebfn V\u01b0\u1eddn \u01b0\u01a1m. Ch\u00fang t\u00f4i cung c\u1ea5p c\u00e1c chuy\u1ebfn tham quan theo nh\u00f3m, m\u1eddi c\u00e1c t\u00ecnh nguy\u1ec7n vi\u00ean tham gia v\u00e0o c\u00e1c d\u1ef1 \u00e1n v\u00e0 t\u1ed5 ch\u1ee9c m\u1ed9t s\u1ed1 s\u1ef1 ki\u1ec7n g\u00e2y qu\u1ef9 tuy\u1ec7t v\u1eddi. V\u00e0 b\u1ea1n c\u00f3 th\u1ec3 t\u00ecm th\u1ea5y t\u1ea5t c\u1ea3 ch\u00fang \u1edf \u0111\u00e2y! H\u00e3y \u0111\u0103ng k\u00fd cho b\u1ea5t k\u1ef3 s\u1ef1 ki\u1ec7n s\u1eafp t\u1edbi c\u1ee7a ch\u00fang t\u00f4i. H\u00e3y nh\u1edb \u0111\u1ecdc chi ti\u1ebft s\u1ef1 ki\u1ec7n, \u0111\u1eb7c bi\u1ec7t l\u00e0 c\u00e1c s\u1ef1 ki\u1ec7n t\u00ecnh nguy\u1ec7n v\u00ec h\u1ecd s\u1ebd c\u00f3 h\u01b0\u1edbng d\u1eabn.<p>\n\n<b>C\u1ea3m \u01a1n b\u1ea1n \u0111\u00e3 quan t\u00e2m \u0111\u1ebfn BACN!<\/b>\n<\/span><\/div><\/div><\/div><\/div><div class=\"x-section e302-e13 m8e-0 m8e-1\"><div class=\"x-container marginless-columns e302-e14 m8e-3 m8e-4\"><\/div><\/div><div class=\"x-section e302-e15 m8e-0 m8e-2\"><div class=\"x-row e302-e16 m8e-8 m8e-9 m8e-a\"><div class=\"x-row-inner\"><div class=\"x-col e302-e17 m8e-c\"><div class=\"x-text x-text-headline e302-e18 m8e-e m8e-f\"><div class=\"x-text-content\"><div class=\"x-text-content-text\"><h3 class=\"x-text-content-text-primary\">H\u1ed7 tr\u1ee3 BACN<\/h3>\n<\/div><\/div><\/div><\/div><\/div><\/div><div class=\"x-row e302-e19 m8e-8 m8e-9 m8e-b\"><div class=\"x-row-inner\"><div class=\"x-col e302-e20 m8e-c m8e-d\"><a class=\"x-image e302-e21 m8e-h\" href=\"mailto:giving@bayareacrisisnursery.org?subject=Stock%20Donations\" target=\"_blank\" rel=\"noopener noreferrer\"><img decoding=\"async\" src=\"https:\/\/bayareacrisisnursery.org\/wp-content\/uploads\/2019\/12\/Piggy-Stock.jpg\" width=\"847\" height=\"565\" alt=\"Stock Donations\" loading=\"lazy\"><\/a><div class=\"x-text x-text-headline e302-e22 m8e-f m8e-g\"><div class=\"x-text-content\"><div class=\"x-text-content-text\"><h3 class=\"x-text-content-text-primary\"><p><a href=\"mailto:giving@bayareacrisisnursery.org?subject=Donating Stock\">BACN ch\u1ea5p nh\u1eadn t\u1eb7ng c\u1ed5 phi\u1ebfu. G\u1eedi email ngay h\u00f4m nay.<\/a><\/p><\/h3>\n<\/div><\/div><\/div><\/div><div class=\"x-col e302-e23 m8e-c m8e-d\"><iframe loading=\"lazy\" src=\"https:\/\/doublethedonation.com\/api\/iframe\/XvD2NtEV1TSXhAQ1\" height=\"350\" width=\"100%\"><\/iframe><\/div><div class=\"x-col e302-e25 m8e-c m8e-d\"><a class=\"x-image e302-e26 m8e-h m8e-i\" href=\"https:\/\/mailchi.mp\/bayareacrisisnursery\/newsletter?dnt=1%22%20data-wplink-edit=%22true%22\" target=\"_blank\" rel=\"noopener noreferrer\"><img decoding=\"async\" src=\"https:\/\/bayareacrisisnursery.org\/wp-content\/uploads\/2022\/08\/News.jpg\" width=\"600\" height=\"400\" alt=\"Newsletter\" loading=\"lazy\"><\/a><div class=\"x-text x-text-headline e302-e27 m8e-f m8e-g\"><div class=\"x-text-content\"><div class=\"x-text-content-text\"><h3 class=\"x-text-content-text-primary\"><p><a href=\"https:\/\/mailchi.mp\/bayareacrisisnursery\/newsletter?dnt=1\" data-wplink-edit=\"true\">\u0110\u0103ng k\u00fd \u0111\u1ec3 gi\u1eef li\u00ean l\u1ea1c<\/a><\/p><\/h3>\n<\/div><\/div><\/div><\/div><\/div><\/div><\/div><\/div>","protected":false},"excerpt":{"rendered":"<p>C\u00e1c s\u1ef1 ki\u1ec7n s\u1eafp t\u1edbi Ch\u00fang t\u00f4i ch\u1eafc ch\u1eafn r\u1ea5t th\u00edch t\u1ed5 ch\u1ee9c m\u1ed9t s\u1ef1 ki\u1ec7n v\u00e0 m\u1eddi c\u1ed9ng \u0111\u1ed3ng c\u1ee7a ch\u00fang t\u00f4i \u0111\u1ebfn V\u01b0\u1eddn \u01b0\u01a1m. Ch\u00fang t\u00f4i cung c\u1ea5p c\u00e1c chuy\u1ebfn tham quan theo nh\u00f3m, m\u1eddi c\u00e1c t\u00ecnh nguy\u1ec7n vi\u00ean tham gia v\u00e0o c\u00e1c d\u1ef1 \u00e1n v\u00e0 t\u1ed5 ch\u1ee9c m\u1ed9t s\u1ed1 s\u1ef1 ki\u1ec7n g\u00e2y qu\u1ef9 tuy\u1ec7t v\u1eddi. V\u00e0 b\u1ea1n c\u00f3 th\u1ec3 t\u00ecm th\u1ea5y t\u1ea5t c\u1ea3 ch\u00fang \u1edf \u0111\u00e2y! H\u00e3y \u0111\u0103ng k\u00fd cho b\u1ea5t k\u1ef3 s\u1ef1 ki\u1ec7n s\u1eafp t\u1edbi c\u1ee7a ch\u00fang t\u00f4i. H\u00e3y nh\u1edb \u0111\u1ecdc th\u00f4ng tin chi ti\u1ebft v\u1ec1 s\u1ef1 ki\u1ec7n, \u0111\u1eb7c bi\u1ec7t l\u00e0 c\u00e1c s\u1ef1 ki\u1ec7n t\u00ecnh nguy\u1ec7n\u2026 <a href=\"https:\/\/bayareacrisisnursery.org\/vi\/events\/\" class=\"more-link\">\u0110\u1ecdc th\u00eam<\/a><\/p>","protected":false},"author":1,"featured_media":0,"parent":0,"menu_order":0,"comment_status":"closed","ping_status":"closed","template":"template-layout-full-width.php","meta":{"om_disable_all_campaigns":false,"_monsterinsights_skip_tracking":false,"_monsterinsights_sitenote_active":false,"_monsterinsights_sitenote_note":"","_monsterinsights_sitenote_category":0,"_uf_show_specific_survey":0,"_uf_disable_surveys":false,"footnotes":""},"class_list":["post-302","page","type-page","status-publish","hentry","no-post-thumbnail"],"yoast_head":"<!-- This site is optimized with the Yoast SEO Premium plugin v27.2 (Yoast SEO v27.2) - https:\/\/yoast.com\/product\/yoast-seo-premium-wordpress\/ -->\n<title>Events - Bay Area Crisis Nursery<\/title>\n<meta name=\"robots\" content=\"index, follow, max-snippet:-1, max-image-preview:large, max-video-preview:-1\" \/>\n<link rel=\"canonical\" href=\"https:\/\/bayareacrisisnursery.org\/vi\/events\/\" \/>\n<meta property=\"og:locale\" content=\"vi_VN\" \/>\n<meta property=\"og:type\" content=\"article\" \/>\n<meta property=\"og:title\" content=\"Events\" \/>\n<meta property=\"og:description\" content=\"Upcoming EventsWe sure do love throwing an event and inviting our community to the Nursery. We offer group tours, invite volunteers to participate on projects, and throw some amazing fundraising events. And you can find all of them here! Feel free to register for any of our upcoming events. Please make sure to read the event details, especially volunteer events ... Read More\" \/>\n<meta property=\"og:url\" content=\"https:\/\/bayareacrisisnursery.org\/vi\/events\/\" \/>\n<meta property=\"og:site_name\" content=\"Bay Area Crisis Nursery\" \/>\n<meta property=\"article:publisher\" content=\"https:\/\/www.facebook.com\/bacnspage\/\" \/>\n<meta property=\"article:modified_time\" content=\"2024-12-19T20:05:08+00:00\" \/>\n<meta name=\"twitter:card\" content=\"summary_large_image\" \/>\n<meta name=\"twitter:site\" content=\"@bacn_nursery\" \/>\n<meta name=\"twitter:label1\" content=\"\u01af\u1edbc t\u00ednh th\u1eddi gian \u0111\u1ecdc\" \/>\n\t<meta name=\"twitter:data1\" content=\"2 ph\u00fat\" \/>\n<script type=\"application\/ld+json\" class=\"yoast-schema-graph\">{\"@context\":\"https:\/\/schema.org\",\"@graph\":[{\"@type\":\"WebPage\",\"@id\":\"https:\/\/bayareacrisisnursery.org\/events\/\",\"url\":\"https:\/\/bayareacrisisnursery.org\/events\/\",\"name\":\"Events - Bay Area Crisis Nursery\",\"isPartOf\":{\"@id\":\"https:\/\/bayareacrisisnursery.org\/#website\"},\"datePublished\":\"2019-04-25T05:27:30+00:00\",\"dateModified\":\"2024-12-19T20:05:08+00:00\",\"breadcrumb\":{\"@id\":\"https:\/\/bayareacrisisnursery.org\/events\/#breadcrumb\"},\"inLanguage\":\"vi\",\"potentialAction\":[{\"@type\":\"ReadAction\",\"target\":[\"https:\/\/bayareacrisisnursery.org\/events\/\"]}]},{\"@type\":\"BreadcrumbList\",\"@id\":\"https:\/\/bayareacrisisnursery.org\/events\/#breadcrumb\",\"itemListElement\":[{\"@type\":\"ListItem\",\"position\":1,\"name\":\"Home\",\"item\":\"https:\/\/bayareacrisisnursery.org\/\"},{\"@type\":\"ListItem\",\"position\":2,\"name\":\"Events\"}]},{\"@type\":\"WebSite\",\"@id\":\"https:\/\/bayareacrisisnursery.org\/#website\",\"url\":\"https:\/\/bayareacrisisnursery.org\/\",\"name\":\"Bay Area Crisis Nursery\",\"description\":\"A Little Heart. A Little Help. A Lot of Hope.\",\"publisher\":{\"@id\":\"https:\/\/bayareacrisisnursery.org\/#organization\"},\"potentialAction\":[{\"@type\":\"SearchAction\",\"target\":{\"@type\":\"EntryPoint\",\"urlTemplate\":\"https:\/\/bayareacrisisnursery.org\/?s={search_term_string}\"},\"query-input\":{\"@type\":\"PropertyValueSpecification\",\"valueRequired\":true,\"valueName\":\"search_term_string\"}}],\"inLanguage\":\"vi\"},{\"@type\":\"Organization\",\"@id\":\"https:\/\/bayareacrisisnursery.org\/#organization\",\"name\":\"Bay Area Crisis Nursery\",\"url\":\"https:\/\/bayareacrisisnursery.org\/\",\"logo\":{\"@type\":\"ImageObject\",\"inLanguage\":\"vi\",\"@id\":\"https:\/\/bayareacrisisnursery.org\/#\/schema\/logo\/image\/\",\"url\":\"https:\/\/bayareacrisisnursery.org\/wp-content\/uploads\/2020\/12\/BACN-Logo.png\",\"contentUrl\":\"https:\/\/bayareacrisisnursery.org\/wp-content\/uploads\/2020\/12\/BACN-Logo.png\",\"width\":751,\"height\":374,\"caption\":\"Bay Area Crisis Nursery\"},\"image\":{\"@id\":\"https:\/\/bayareacrisisnursery.org\/#\/schema\/logo\/image\/\"},\"sameAs\":[\"https:\/\/www.facebook.com\/bacnspage\/\",\"https:\/\/x.com\/bacn_nursery\",\"https:\/\/www.instagram.com\/bayareacrisisnursery\/\",\"https:\/\/www.linkedin.com\/company\/bay-area-crisis-nursery\/about\/\"]}]}<\/script>\n<!-- \/ Yoast SEO Premium plugin. -->","yoast_head_json":{"title":"Events - Bay Area Crisis Nursery","robots":{"index":"index","follow":"follow","max-snippet":"max-snippet:-1","max-image-preview":"max-image-preview:large","max-video-preview":"max-video-preview:-1"},"canonical":"https:\/\/bayareacrisisnursery.org\/vi\/events\/","og_locale":"vi_VN","og_type":"article","og_title":"Events","og_description":"Upcoming EventsWe sure do love throwing an event and inviting our community to the Nursery. We offer group tours, invite volunteers to participate on projects, and throw some amazing fundraising events. And you can find all of them here! Feel free to register for any of our upcoming events. Please make sure to read the event details, especially volunteer events ... Read More","og_url":"https:\/\/bayareacrisisnursery.org\/vi\/events\/","og_site_name":"Bay Area Crisis Nursery","article_publisher":"https:\/\/www.facebook.com\/bacnspage\/","article_modified_time":"2024-12-19T20:05:08+00:00","twitter_card":"summary_large_image","twitter_site":"@bacn_nursery","twitter_misc":{"\u01af\u1edbc t\u00ednh th\u1eddi gian \u0111\u1ecdc":"2 ph\u00fat"},"schema":{"@context":"https:\/\/schema.org","@graph":[{"@type":"WebPage","@id":"https:\/\/bayareacrisisnursery.org\/events\/","url":"https:\/\/bayareacrisisnursery.org\/events\/","name":"Events - Bay Area Crisis Nursery","isPartOf":{"@id":"https:\/\/bayareacrisisnursery.org\/#website"},"datePublished":"2019-04-25T05:27:30+00:00","dateModified":"2024-12-19T20:05:08+00:00","breadcrumb":{"@id":"https:\/\/bayareacrisisnursery.org\/events\/#breadcrumb"},"inLanguage":"vi","potentialAction":[{"@type":"ReadAction","target":["https:\/\/bayareacrisisnursery.org\/events\/"]}]},{"@type":"BreadcrumbList","@id":"https:\/\/bayareacrisisnursery.org\/events\/#breadcrumb","itemListElement":[{"@type":"ListItem","position":1,"name":"Home","item":"https:\/\/bayareacrisisnursery.org\/"},{"@type":"ListItem","position":2,"name":"Events"}]},{"@type":"WebSite","@id":"https:\/\/bayareacrisisnursery.org\/#website","url":"https:\/\/bayareacrisisnursery.org\/","name":"V\u01b0\u1eddn \u01b0\u01a1m Kh\u1ee7ng ho\u1ea3ng V\u00f9ng V\u1ecbnh","description":"M\u1ed9t Tr\u00e1i Tim Nh\u1ecf. M\u1ed9t s\u1ef1 gi\u00fap \u0111\u1ee1 nho nh\u1ecf. R\u1ea5t nhi\u1ec1u hy v\u1ecdng.","publisher":{"@id":"https:\/\/bayareacrisisnursery.org\/#organization"},"potentialAction":[{"@type":"SearchAction","target":{"@type":"EntryPoint","urlTemplate":"https:\/\/bayareacrisisnursery.org\/?s={search_term_string}"},"query-input":{"@type":"PropertyValueSpecification","valueRequired":true,"valueName":"search_term_string"}}],"inLanguage":"vi"},{"@type":"Organization","@id":"https:\/\/bayareacrisisnursery.org\/#organization","name":"V\u01b0\u1eddn \u01b0\u01a1m Kh\u1ee7ng ho\u1ea3ng V\u00f9ng V\u1ecbnh","url":"https:\/\/bayareacrisisnursery.org\/","logo":{"@type":"ImageObject","inLanguage":"vi","@id":"https:\/\/bayareacrisisnursery.org\/#\/schema\/logo\/image\/","url":"https:\/\/bayareacrisisnursery.org\/wp-content\/uploads\/2020\/12\/BACN-Logo.png","contentUrl":"https:\/\/bayareacrisisnursery.org\/wp-content\/uploads\/2020\/12\/BACN-Logo.png","width":751,"height":374,"caption":"Bay Area Crisis Nursery"},"image":{"@id":"https:\/\/bayareacrisisnursery.org\/#\/schema\/logo\/image\/"},"sameAs":["https:\/\/www.facebook.com\/bacnspage\/","https:\/\/x.com\/bacn_nursery","https:\/\/www.instagram.com\/bayareacrisisnursery\/","https:\/\/www.linkedin.com\/company\/bay-area-crisis-nursery\/about\/"]}]}},"_links":{"self":[{"href":"https:\/\/bayareacrisisnursery.org\/vi\/wp-json\/wp\/v2\/pages\/302","targetHints":{"allow":["GET"]}}],"collection":[{"href":"https:\/\/bayareacrisisnursery.org\/vi\/wp-json\/wp\/v2\/pages"}],"about":[{"href":"https:\/\/bayareacrisisnursery.org\/vi\/wp-json\/wp\/v2\/types\/page"}],"author":[{"embeddable":true,"href":"https:\/\/bayareacrisisnursery.org\/vi\/wp-json\/wp\/v2\/users\/1"}],"replies":[{"embeddable":true,"href":"https:\/\/bayareacrisisnursery.org\/vi\/wp-json\/wp\/v2\/comments?post=302"}],"version-history":[{"count":10,"href":"https:\/\/bayareacrisisnursery.org\/vi\/wp-json\/wp\/v2\/pages\/302\/revisions"}],"predecessor-version":[{"id":7313,"href":"https:\/\/bayareacrisisnursery.org\/vi\/wp-json\/wp\/v2\/pages\/302\/revisions\/7313"}],"wp:attachment":[{"href":"https:\/\/bayareacrisisnursery.org\/vi\/wp-json\/wp\/v2\/media?parent=302"}],"curies":[{"name":"wp","href":"https:\/\/api.w.org\/{rel}","templated":true}]}}