{"id":417,"date":"2019-08-11T17:32:36","date_gmt":"2019-08-11T17:32:36","guid":{"rendered":"https:\/\/bayareacrisisnursery.org\/?page_id=417"},"modified":"2024-09-11T23:19:28","modified_gmt":"2024-09-11T23:19:28","slug":"back-to-school-backpacks","status":"publish","type":"page","link":"https:\/\/bayareacrisisnursery.org\/vi\/other-ways-to-give\/back-to-school-backpacks\/","title":{"rendered":"Ba l\u00f4 \u0111i h\u1ecdc"},"content":{"rendered":"<div id=\"cs-content\" class=\"cs-content\"><div class=\"x-section e417-e1 mbl-0 mbl-1\"><div class=\"x-container marginless-columns e417-e2 mbl-3\"><div class=\"x-column x-sm x-1-1 e417-e3 mbl-4\"><img decoding=\"async\"  class=\"x-img x-img-none\"  src=\"https:\/\/bayareacrisisnursery.org\/wp-content\/uploads\/2019\/08\/Backpacks.jpg\" alt=\"Back-to-School Backpacks\"><\/div><\/div><\/div><div class=\"x-section e417-e5 mbl-0 mbl-1\"><div class=\"x-container marginless-columns e417-e6 mbl-3\"><div class=\"x-column x-sm x-1-1 e417-e7 mbl-4\"><h2  class=\"h-custom-headline h3\" ><span>Ba l\u00f4 \u0111i h\u1ecdc<\/span><\/h2><div class=\"x-content-area e417-e9 mbl-5\"><p>Too many families in the Bay Area are struggling with paying rent and providing food for their families. Can you imagine adding the burden of buying school supplies? We can. And that's why we support our clients each year by giving out fully-stocked backpacks. We offer backpacks to Nursery children and their siblings&mdash;from Kindergarten through 12th Grade.<\/p>\n<ul>\n<li><b>T\u1ed5 ch\u1ee9c m\u1ed9t chuy\u1ebfn \u0111i ba l\u00f4 th\u1eadt \u0111\u01a1n gi\u1ea3n, d\u1ec5 d\u00e0ng v\u00e0 th\u00fa v\u1ecb!<\/b> <strong><a href=\"tel:9256856633\">G\u1ecdi 925.685.6633 <\/a><\/strong>ho\u1eb7c<strong><a href=\"mailto:tessa@bayareacrisisnursery.org?subject=Backpacks\"> g\u1eedi email cho ch\u00fang t\u00f4i<\/a><\/strong> \u0111\u1ec3 cho ch\u00fang t\u00f4i bi\u1ebft b\u1ea1n mu\u1ed1n t\u1eb7ng bao nhi\u00eau chi\u1ebfc ba l\u00f4.<\/li>\n<li><b>Ch\u00fang t\u00f4i s\u1ebd g\u1eedi cho b\u1ea1n m\u1ed9t danh s\u00e1ch<\/b> v\u1ec1 m\u1ecdi th\u1ee9 c\u1ea7n c\u00f3 trong m\u1ed7i chi\u1ebfc ba l\u00f4.<\/li>\n<li><b>Ch\u1ecdn ng\u00e0y l\u00e1i xe c\u1ee7a b\u1ea1n.<\/b> Ch\u00fang t\u00f4i khuy\u00ean b\u1ea1n n\u00ean gi\u1eef \u1ed5 \u0111\u0129a c\u1ee7a m\u00ecnh trong \u00edt nh\u1ea5t m\u1ed9t tu\u1ea7n.<\/li>\n<li><b>Nh\u1eadn l\u1eddi ra!<\/b> C\u00e0ng nhi\u1ec1u ng\u01b0\u1eddi bi\u1ebft th\u00ec n\u1ed7 l\u1ef1c c\u1ee7a b\u1ea1n c\u00e0ng th\u00e0nh c\u00f4ng.<\/li>\n<li><b>Thu th\u1eadp, thu th\u1eadp, thu th\u1eadp!<\/b> H\u00e3y t\u1eadn h\u01b0\u1edfng t\u1ea5t c\u1ea3 c\u00f4ng vi\u1ec7c kh\u00f3 kh\u0103n c\u1ee7a b\u1ea1n v\u00e0 xem nh\u1eefng chi\u1ebfc ba l\u00f4 \u0111\u01b0\u1ee3c ho\u00e0n thi\u1ec7n, bi\u1ebft r\u1eb1ng b\u1ea1n \u0111ang h\u1ed7 tr\u1ee3 nh\u1eefng gia \u0111\u00ecnh th\u1ef1c s\u1ef1 c\u1ea7n s\u1ef1 h\u1ed7 tr\u1ee3 c\u1ee7a b\u1ea1n. Ch\u00fang t\u00f4i cung c\u1ea5p ba l\u00f4 nh\u1ed3i \u0111\u1ea7y \u0111\u1ee7 cho m\u1ed7i \u0111\u1ee9a tr\u1ebb c\u1ee7a ch\u00fang t\u00f4i.<\/li>\n<li><b>\u0110\u1ea3m b\u1ea3o ki\u1ec3m tra n\u1ed9i dung c\u1ee7a t\u1eebng t\u00fai<\/b> \u0111\u1ec3 \u0111\u1ea3m b\u1ea3o r\u1eb1ng m\u1ecdi th\u1ee9 trong danh s\u00e1ch \u0111\u1ec1u \u0111\u01b0\u1ee3c trao cho t\u1eebng \u0111\u1ee9a tr\u1ebb.<\/li>\n<li>Khi l\u00e1i xe xong, <b>giao h\u00e0ng \u0111\u1ea7y \u0111\u1ee7<\/b> ba l\u00f4 \u0111\u1ebfn BACN!<\/li>\n<\/ul>\n<p><b>Gi\u1ea3m th\u1eddi gian \u0111\u00f3ng g\u00f3p<\/b><br \/><b>Jul 21 - 25, 2025 | 10 am - 5 pm<br \/>\u0110\u1ecba \u0111i\u1ec3m: 1510 Mendocino Dr, Concord<\/b><\/p><\/div><\/div><\/div><\/div><div class=\"x-section e417-e10 mbl-0 mbl-1\"><div class=\"x-container marginless-columns e417-e11 mbl-3\"><div class=\"x-column x-sm x-1-1 e417-e12 mbl-4\"><div class=\"x-content-area e417-e13 mbl-5\"><p><div id=\"x-content-band-1\" class=\"x-content-band border-top border-left border-right border-bottom\" style=\"background-color: #efefef; color: #333;\"><div class=\"x-container max width\"> <h4  class=\"h-custom-headline h3\" style=\"margin-top: 0;\"><span>L\u00e1i xe ba l\u00f4<\/span><\/h4><\/p>\n<p>B\u1ea1n quan t\u00e2m \u0111\u1ebfn vi\u1ec7c t\u1ed5 ch\u1ee9c m\u1ed9t chuy\u1ebfn \u0111i ba l\u00f4 t\u1ef1u tr\u01b0\u1eddng ho\u1eb7c t\u1eb7ng m\u1ed9t chi\u1ebfc ba l\u00f4 \u0111\u1ea7y \u1eafp \u0111\u1ed3? Ch\u1ec9 c\u1ea7n g\u1eedi email cho ch\u00fang t\u00f4i \u0111\u1ec3 bi\u1ebft b\u1ea1n mu\u1ed1n \u0111\u00f3ng bao nhi\u00eau chi\u1ebfc ba l\u00f4, ch\u00fang t\u00f4i s\u1ebd g\u1eedi cho b\u1ea1n \u0111i\u1ec3m s\u1ed1 c\u1ee7a tr\u1ebb v\u00e0 nh\u1eefng \u0111\u1ed3 d\u00f9ng c\u1ea7n c\u00f3 trong m\u1ed7i chi\u1ebfc ba l\u00f4.<\/p>\n<p><a  class=\"x-btn x-btn-flat x-btn-global\"  href=\"mailto:tessa@bayareacrisisnursery.org?subject=Back-to-School Backp\"     data-options=\"thumbnail: ''\">G\u1eedi email cho ch\u00fang t\u00f4i!<\/a> <\/div><\/div><\/div><\/div><\/div><\/div><div class=\"x-section e417-e14 mbl-0 mbl-2\"><div class=\"x-row e417-e15 mbl-6 mbl-7 mbl-8\"><div class=\"x-row-inner\"><div class=\"x-col e417-e16 mbl-a\"><div class=\"x-text x-text-headline e417-e17 mbl-c mbl-d\"><div class=\"x-text-content\"><div class=\"x-text-content-text\"><h3 class=\"x-text-content-text-primary\">H\u1ed7 tr\u1ee3 BACN<\/h3>\n<\/div><\/div><\/div><\/div><\/div><\/div><div class=\"x-row e417-e18 mbl-6 mbl-7 mbl-9\"><div class=\"x-row-inner\"><div class=\"x-col e417-e19 mbl-a mbl-b\"><a class=\"x-image e417-e20 mbl-f\" href=\"mailto:giving@bayareacrisisnursery.org?subject=Stock%20Donations\" target=\"_blank\" rel=\"noopener noreferrer\"><img decoding=\"async\" src=\"https:\/\/bayareacrisisnursery.org\/wp-content\/uploads\/2019\/12\/Piggy-Stock.jpg\" width=\"847\" height=\"565\" alt=\"Stock Donations\" loading=\"lazy\"><\/a><div class=\"x-text x-text-headline e417-e21 mbl-d mbl-e\"><div class=\"x-text-content\"><div class=\"x-text-content-text\"><h3 class=\"x-text-content-text-primary\"><p><a href=\"mailto:giving@bayareacrisisnursery.org?subject=Donating Stock\">BACN ch\u1ea5p nh\u1eadn t\u1eb7ng c\u1ed5 phi\u1ebfu. G\u1eedi email ngay h\u00f4m nay.<\/a><\/p><\/h3>\n<\/div><\/div><\/div><\/div><div class=\"x-col e417-e22 mbl-a mbl-b\"><iframe loading=\"lazy\" src=\"https:\/\/doublethedonation.com\/api\/iframe\/XvD2NtEV1TSXhAQ1\" height=\"350\" width=\"100%\"><\/iframe><\/div><div class=\"x-col e417-e24 mbl-a mbl-b\"><a class=\"x-image e417-e25 mbl-f mbl-g\" href=\"https:\/\/bayareacrisisnursery.org\/vi\/programs\/crisis-care\/\" target=\"_blank\" rel=\"noopener noreferrer\"><img decoding=\"async\" src=\"https:\/\/bayareacrisisnursery.org\/wp-content\/uploads\/2022\/08\/News.jpg\" width=\"600\" height=\"400\" alt=\"Newsletter\" loading=\"lazy\"><\/a><div class=\"x-text x-text-headline e417-e26 mbl-d mbl-e\"><div class=\"x-text-content\"><div class=\"x-text-content-text\"><h3 class=\"x-text-content-text-primary\"><p><a href=\"https:\/\/mailchi.mp\/bayareacrisisnursery\/newsletter?dnt=1\" data-wplink-edit=\"true\">\u0110\u0103ng k\u00fd \u0111\u1ec3 gi\u1eef li\u00ean l\u1ea1c<\/a><\/p><\/h3>\n<\/div><\/div><\/div><\/div><\/div><\/div><\/div><\/div>","protected":false},"excerpt":{"rendered":"<p>Back-to-School Backpack DriveToo many families in the Bay Area are struggling with paying rent and providing food for their families. Can you imagine adding the burden of buying school supplies? We can. And that&#8217;s why we support our clients each year by giving out fully-stocked backpacks. We offer backpacks to Nursery children and their siblings&mdash;from Kindergarten through 12th Grade. Organizing &#8230; <a href=\"https:\/\/bayareacrisisnursery.org\/vi\/other-ways-to-give\/back-to-school-backpacks\/\" class=\"more-link\">\u0110\u1ecdc th\u00eam<\/a><\/p>","protected":false},"author":1,"featured_media":0,"parent":270,"menu_order":0,"comment_status":"closed","ping_status":"closed","template":"template-layout-full-width.php","meta":{"om_disable_all_campaigns":false,"_monsterinsights_skip_tracking":false,"_monsterinsights_sitenote_active":false,"_monsterinsights_sitenote_note":"","_monsterinsights_sitenote_category":0,"_uf_show_specific_survey":0,"_uf_disable_surveys":false,"footnotes":""},"class_list":["post-417","page","type-page","status-publish","hentry","no-post-thumbnail"],"yoast_head":"<!-- This site is optimized with the Yoast SEO Premium plugin v27.2 (Yoast SEO v27.2) - https:\/\/yoast.com\/product\/yoast-seo-premium-wordpress\/ -->\n<title>Back-to-School Backpacks - Bay Area Crisis Nursery<\/title>\n<meta name=\"description\" content=\"Every year, the Bay Area Crisis Nursery collects backpacks and school supplies for the families in our programs.\" \/>\n<meta name=\"robots\" content=\"index, follow, max-snippet:-1, max-image-preview:large, max-video-preview:-1\" \/>\n<link rel=\"canonical\" href=\"https:\/\/bayareacrisisnursery.org\/vi\/other-ways-to-give\/back-to-school-backpacks\/\" \/>\n<meta property=\"og:locale\" content=\"vi_VN\" \/>\n<meta property=\"og:type\" content=\"article\" \/>\n<meta property=\"og:title\" content=\"Back-to-School Backpacks\" \/>\n<meta property=\"og:description\" content=\"Every year, the Bay Area Crisis Nursery collects backpacks and school supplies for the families in our programs.\" \/>\n<meta property=\"og:url\" content=\"https:\/\/bayareacrisisnursery.org\/vi\/other-ways-to-give\/back-to-school-backpacks\/\" \/>\n<meta property=\"og:site_name\" content=\"Bay Area Crisis Nursery\" \/>\n<meta property=\"article:publisher\" content=\"https:\/\/www.facebook.com\/bacnspage\/\" \/>\n<meta property=\"article:modified_time\" content=\"2024-09-11T23:19:28+00:00\" \/>\n<meta name=\"twitter:card\" content=\"summary_large_image\" \/>\n<meta name=\"twitter:site\" content=\"@bacn_nursery\" \/>\n<meta name=\"twitter:label1\" content=\"\u01af\u1edbc t\u00ednh th\u1eddi gian \u0111\u1ecdc\" \/>\n\t<meta name=\"twitter:data1\" content=\"2 ph\u00fat\" \/>\n<script type=\"application\/ld+json\" class=\"yoast-schema-graph\">{\"@context\":\"https:\/\/schema.org\",\"@graph\":[{\"@type\":\"WebPage\",\"@id\":\"https:\/\/bayareacrisisnursery.org\/other-ways-to-give\/back-to-school-backpacks\/\",\"url\":\"https:\/\/bayareacrisisnursery.org\/other-ways-to-give\/back-to-school-backpacks\/\",\"name\":\"Back-to-School Backpacks - Bay Area Crisis Nursery\",\"isPartOf\":{\"@id\":\"https:\/\/bayareacrisisnursery.org\/#website\"},\"datePublished\":\"2019-08-11T17:32:36+00:00\",\"dateModified\":\"2024-09-11T23:19:28+00:00\",\"description\":\"Every year, the Bay Area Crisis Nursery collects backpacks and school supplies for the families in our programs.\",\"breadcrumb\":{\"@id\":\"https:\/\/bayareacrisisnursery.org\/other-ways-to-give\/back-to-school-backpacks\/#breadcrumb\"},\"inLanguage\":\"vi\",\"potentialAction\":[{\"@type\":\"ReadAction\",\"target\":[\"https:\/\/bayareacrisisnursery.org\/other-ways-to-give\/back-to-school-backpacks\/\"]}]},{\"@type\":\"BreadcrumbList\",\"@id\":\"https:\/\/bayareacrisisnursery.org\/other-ways-to-give\/back-to-school-backpacks\/#breadcrumb\",\"itemListElement\":[{\"@type\":\"ListItem\",\"position\":1,\"name\":\"Home\",\"item\":\"https:\/\/bayareacrisisnursery.org\/\"},{\"@type\":\"ListItem\",\"position\":2,\"name\":\"Other Ways to Give\",\"item\":\"https:\/\/bayareacrisisnursery.org\/other-ways-to-give\/\"},{\"@type\":\"ListItem\",\"position\":3,\"name\":\"Back-to-School Backpacks\"}]},{\"@type\":\"WebSite\",\"@id\":\"https:\/\/bayareacrisisnursery.org\/#website\",\"url\":\"https:\/\/bayareacrisisnursery.org\/\",\"name\":\"Bay Area Crisis Nursery\",\"description\":\"A Little Heart. A Little Help. A Lot of Hope.\",\"publisher\":{\"@id\":\"https:\/\/bayareacrisisnursery.org\/#organization\"},\"potentialAction\":[{\"@type\":\"SearchAction\",\"target\":{\"@type\":\"EntryPoint\",\"urlTemplate\":\"https:\/\/bayareacrisisnursery.org\/?s={search_term_string}\"},\"query-input\":{\"@type\":\"PropertyValueSpecification\",\"valueRequired\":true,\"valueName\":\"search_term_string\"}}],\"inLanguage\":\"vi\"},{\"@type\":\"Organization\",\"@id\":\"https:\/\/bayareacrisisnursery.org\/#organization\",\"name\":\"Bay Area Crisis Nursery\",\"url\":\"https:\/\/bayareacrisisnursery.org\/\",\"logo\":{\"@type\":\"ImageObject\",\"inLanguage\":\"vi\",\"@id\":\"https:\/\/bayareacrisisnursery.org\/#\/schema\/logo\/image\/\",\"url\":\"https:\/\/bayareacrisisnursery.org\/wp-content\/uploads\/2020\/12\/BACN-Logo.png\",\"contentUrl\":\"https:\/\/bayareacrisisnursery.org\/wp-content\/uploads\/2020\/12\/BACN-Logo.png\",\"width\":751,\"height\":374,\"caption\":\"Bay Area Crisis Nursery\"},\"image\":{\"@id\":\"https:\/\/bayareacrisisnursery.org\/#\/schema\/logo\/image\/\"},\"sameAs\":[\"https:\/\/www.facebook.com\/bacnspage\/\",\"https:\/\/x.com\/bacn_nursery\",\"https:\/\/www.instagram.com\/bayareacrisisnursery\/\",\"https:\/\/www.linkedin.com\/company\/bay-area-crisis-nursery\/about\/\"]}]}<\/script>\n<!-- \/ Yoast SEO Premium plugin. -->","yoast_head_json":{"title":"Back-to-School Backpacks - Bay Area Crisis Nursery","description":"Every year, the Bay Area Crisis Nursery collects backpacks and school supplies for the families in our programs.","robots":{"index":"index","follow":"follow","max-snippet":"max-snippet:-1","max-image-preview":"max-image-preview:large","max-video-preview":"max-video-preview:-1"},"canonical":"https:\/\/bayareacrisisnursery.org\/vi\/other-ways-to-give\/back-to-school-backpacks\/","og_locale":"vi_VN","og_type":"article","og_title":"Back-to-School Backpacks","og_description":"Every year, the Bay Area Crisis Nursery collects backpacks and school supplies for the families in our programs.","og_url":"https:\/\/bayareacrisisnursery.org\/vi\/other-ways-to-give\/back-to-school-backpacks\/","og_site_name":"Bay Area Crisis Nursery","article_publisher":"https:\/\/www.facebook.com\/bacnspage\/","article_modified_time":"2024-09-11T23:19:28+00:00","twitter_card":"summary_large_image","twitter_site":"@bacn_nursery","twitter_misc":{"\u01af\u1edbc t\u00ednh th\u1eddi gian \u0111\u1ecdc":"2 ph\u00fat"},"schema":{"@context":"https:\/\/schema.org","@graph":[{"@type":"WebPage","@id":"https:\/\/bayareacrisisnursery.org\/other-ways-to-give\/back-to-school-backpacks\/","url":"https:\/\/bayareacrisisnursery.org\/other-ways-to-give\/back-to-school-backpacks\/","name":"Back-to-School Backpacks - Bay Area Crisis Nursery","isPartOf":{"@id":"https:\/\/bayareacrisisnursery.org\/#website"},"datePublished":"2019-08-11T17:32:36+00:00","dateModified":"2024-09-11T23:19:28+00:00","description":"Every year, the Bay Area Crisis Nursery collects backpacks and school supplies for the families in our programs.","breadcrumb":{"@id":"https:\/\/bayareacrisisnursery.org\/other-ways-to-give\/back-to-school-backpacks\/#breadcrumb"},"inLanguage":"vi","potentialAction":[{"@type":"ReadAction","target":["https:\/\/bayareacrisisnursery.org\/other-ways-to-give\/back-to-school-backpacks\/"]}]},{"@type":"BreadcrumbList","@id":"https:\/\/bayareacrisisnursery.org\/other-ways-to-give\/back-to-school-backpacks\/#breadcrumb","itemListElement":[{"@type":"ListItem","position":1,"name":"Home","item":"https:\/\/bayareacrisisnursery.org\/"},{"@type":"ListItem","position":2,"name":"Other Ways to Give","item":"https:\/\/bayareacrisisnursery.org\/other-ways-to-give\/"},{"@type":"ListItem","position":3,"name":"Back-to-School Backpacks"}]},{"@type":"WebSite","@id":"https:\/\/bayareacrisisnursery.org\/#website","url":"https:\/\/bayareacrisisnursery.org\/","name":"V\u01b0\u1eddn \u01b0\u01a1m Kh\u1ee7ng ho\u1ea3ng V\u00f9ng V\u1ecbnh","description":"M\u1ed9t Tr\u00e1i Tim Nh\u1ecf. M\u1ed9t s\u1ef1 gi\u00fap \u0111\u1ee1 nho nh\u1ecf. R\u1ea5t nhi\u1ec1u hy v\u1ecdng.","publisher":{"@id":"https:\/\/bayareacrisisnursery.org\/#organization"},"potentialAction":[{"@type":"SearchAction","target":{"@type":"EntryPoint","urlTemplate":"https:\/\/bayareacrisisnursery.org\/?s={search_term_string}"},"query-input":{"@type":"PropertyValueSpecification","valueRequired":true,"valueName":"search_term_string"}}],"inLanguage":"vi"},{"@type":"Organization","@id":"https:\/\/bayareacrisisnursery.org\/#organization","name":"V\u01b0\u1eddn \u01b0\u01a1m Kh\u1ee7ng ho\u1ea3ng V\u00f9ng V\u1ecbnh","url":"https:\/\/bayareacrisisnursery.org\/","logo":{"@type":"ImageObject","inLanguage":"vi","@id":"https:\/\/bayareacrisisnursery.org\/#\/schema\/logo\/image\/","url":"https:\/\/bayareacrisisnursery.org\/wp-content\/uploads\/2020\/12\/BACN-Logo.png","contentUrl":"https:\/\/bayareacrisisnursery.org\/wp-content\/uploads\/2020\/12\/BACN-Logo.png","width":751,"height":374,"caption":"Bay Area Crisis Nursery"},"image":{"@id":"https:\/\/bayareacrisisnursery.org\/#\/schema\/logo\/image\/"},"sameAs":["https:\/\/www.facebook.com\/bacnspage\/","https:\/\/x.com\/bacn_nursery","https:\/\/www.instagram.com\/bayareacrisisnursery\/","https:\/\/www.linkedin.com\/company\/bay-area-crisis-nursery\/about\/"]}]}},"_links":{"self":[{"href":"https:\/\/bayareacrisisnursery.org\/vi\/wp-json\/wp\/v2\/pages\/417","targetHints":{"allow":["GET"]}}],"collection":[{"href":"https:\/\/bayareacrisisnursery.org\/vi\/wp-json\/wp\/v2\/pages"}],"about":[{"href":"https:\/\/bayareacrisisnursery.org\/vi\/wp-json\/wp\/v2\/types\/page"}],"author":[{"embeddable":true,"href":"https:\/\/bayareacrisisnursery.org\/vi\/wp-json\/wp\/v2\/users\/1"}],"replies":[{"embeddable":true,"href":"https:\/\/bayareacrisisnursery.org\/vi\/wp-json\/wp\/v2\/comments?post=417"}],"version-history":[{"count":10,"href":"https:\/\/bayareacrisisnursery.org\/vi\/wp-json\/wp\/v2\/pages\/417\/revisions"}],"predecessor-version":[{"id":7262,"href":"https:\/\/bayareacrisisnursery.org\/vi\/wp-json\/wp\/v2\/pages\/417\/revisions\/7262"}],"up":[{"embeddable":true,"href":"https:\/\/bayareacrisisnursery.org\/vi\/wp-json\/wp\/v2\/pages\/270"}],"wp:attachment":[{"href":"https:\/\/bayareacrisisnursery.org\/vi\/wp-json\/wp\/v2\/media?parent=417"}],"curies":[{"name":"wp","href":"https:\/\/api.w.org\/{rel}","templated":true}]}}