{"id":5408,"date":"2020-02-26T21:31:26","date_gmt":"2020-02-26T21:31:26","guid":{"rendered":"https:\/\/bayareacrisisnursery.org\/?page_id=5408"},"modified":"2026-01-30T05:34:46","modified_gmt":"2026-01-30T05:34:46","slug":"easter-baskets","status":"publish","type":"page","link":"https:\/\/bayareacrisisnursery.org\/vi\/other-ways-to-give\/easter-baskets\/","title":{"rendered":"Gi\u1ecf Ph\u1ee5c sinh"},"content":{"rendered":"<div id=\"cs-content\" class=\"cs-content\"><div class=\"x-section e5408-e1 m468-0 m468-1 m468-2\"><div class=\"x-container marginless-columns e5408-e2 m468-6\"><div class=\"x-column x-sm x-1-1 e5408-e3 m468-7\"><img decoding=\"async\"  class=\"x-img x-img-none\"  src=\"https:\/\/bayareacrisisnursery.org\/wp-content\/uploads\/2022\/09\/Easter-Basket-Banner.jpg\" alt=\"Easter-Baskets\"><\/div><\/div><\/div><div class=\"x-section e5408-e5 m468-0 m468-1 m468-2\"><div class=\"x-container marginless-columns e5408-e6 m468-6\"><div class=\"x-column x-sm x-1-1 e5408-e7 m468-7\"><h2  class=\"h-custom-headline h3\" ><span>Qu\u00e0 t\u1eb7ng gi\u1ecf Ph\u1ee5c sinh<\/span><\/h2><\/div><\/div><div class=\"x-container marginless-columns e5408-e9 m468-6\"><\/div><\/div><div class=\"x-section e5408-e10 m468-0 m468-1 m468-2\"><div class=\"x-container marginless-columns e5408-e11 m468-6\"><div class=\"x-column x-sm x-1-1 e5408-e12 m468-7\"><div class=\"x-content-area e5408-e13 m468-8\"><p>M\u1ed7i n\u0103m, ch\u00fang t\u00f4i mang \u0111\u1ebfn cho tr\u1ebb em ni\u1ec1m vui khi c\u00f3 m\u1ed9t gi\u1ecf Ph\u1ee5c sinh \u0111\u1eb7c bi\u1ec7t d\u00e0nh ri\u00eang cho ch\u00fang! M\u1ee5c ti\u00eau c\u1ee7a ch\u00fang t\u00f4i l\u00e0 cung c\u1ea5p Gi\u1ecf Ph\u1ee5c sinh cho m\u1ed7i tr\u1ebb em \u0111\u00e3 \u1edf v\u1edbi ch\u00fang t\u00f4i t\u1ea1i Nh\u00e0 tr\u1ebb v\u00e0 anh ch\u1ecb em c\u1ee7a ch\u00fang t\u1eeb 12 tu\u1ed5i tr\u1edf xu\u1ed1ng. B\u1ea1n c\u00f3 th\u1ec3 gi\u00fap \u0111\u1ee1 b\u1eb1ng c\u00e1ch quy\u00ean g\u00f3p nh\u1eefng gi\u1ecf Ph\u1ee5c sinh \u0111\u1ea7y \u1eafp! <strong><a href=\"tel:9256856633\">G\u1ecdi 925.685.6633 <\/a><\/strong>ho\u1eb7c<strong><a href=\"mailto:tessa@bayareacrisisnursery.org?subject=Easter Baskets\"> g\u1eedi email cho ch\u00fang t\u00f4i<\/a><\/strong> \u0111\u1ec3 cho ch\u00fang t\u00f4i bi\u1ebft b\u1ea1n mu\u1ed1n quy\u00ean g\u00f3p bao nhi\u00eau gi\u1ecf. Ch\u00fang t\u00f4i s\u1ebd g\u1eedi cho b\u1ea1n t\u00ean v\u00e0 tu\u1ed5i c\u1ee7a tr\u1ebb em.<\/p>\n<p><b>M\u1ed9t Gi\u1ecf Ph\u1ee5c Sinh \u0110\u1ea7y \u0110\u1ee7 Ch\u1ee9a:<\/b><\/p>\n<ul>\n<li>M\u1ed9t gi\u1ecf<\/li>\n<li>C\u1ecf Ph\u1ee5c sinh<\/li>\n<li>M\u1ed9t ch\u00fa th\u1ecf Ph\u1ee5c sinh s\u00f4 c\u00f4 la<\/li>\n<li>K\u1eb9o b\u1ecdc<\/li>\n<li>3 m\u1eb7t h\u00e0ng ph\u00f9 h\u1ee3p v\u1edbi l\u1ee9a tu\u1ed5i<\/li>\n<li>Th\u00fa nh\u1ed3i b\u00f4ng nh\u1ecf ho\u1eb7c m\u1ed9t cu\u1ed1n s\u00e1ch<\/li>\n<li>T\u1ea5t c\u1ea3 \u0111\u01b0\u1ee3c b\u1ecdc trong gi\u1ea5y b\u00f3ng k\u00ednh!<\/li>\n<\/ul>\n<p><b>\u00dd t\u01b0\u1edfng v\u1ec1 nh\u1eefng m\u00f3n \u0111\u1ed3 ph\u00f9 h\u1ee3p v\u1edbi l\u1ee9a tu\u1ed5i:<\/b><\/p>\n<ul>\n<li><b>Tr\u1ebb s\u01a1 sinh\u2014<\/b>L\u1ee5c l\u1ea1c, v\u00f2ng l\u1edbn, \u0111\u1ed3 ch\u01a1i b\u00f3p, \u0111\u1ed3 ch\u01a1i m\u1ecdc r\u0103ng, b\u00fap b\u00ea m\u1ec1m, qu\u1ea3 b\u00f3ng c\u00f3 k\u1ebft c\u1ea5u v\u00e0 s\u00e1ch vinyl v\u00e0 b\u1ea3ng.<\/li>\n<\/ul>\n<ul>\n<li><b>Tr\u1ebb m\u1edbi bi\u1ebft \u0111i\u2014<\/b>C\u1ed1c t\u1eadp u\u1ed1ng, bong b\u00f3ng, b\u0103ng \u0111\u00f4 v\u00e0 n\u01a1, \u0111\u1ed3 ch\u01a1i t\u1eafm, c\u1ed1c x\u1ebfp ch\u1ed3ng, th\u00fa nh\u1ed3i b\u00f4ng, s\u00e1ch b\u00eca c\u1ee9ng v\u00e0 qu\u1ea7n \u00e1o.<\/li>\n<\/ul>\n<ul>\n<li><b>Tr\u1ebb m\u1eabu gi\u00e1o v\u00e0 tr\u1ebb m\u1eabu gi\u00e1o\u2014<\/b>\u0110\u1ed3 ch\u01a1i, s\u00e1ch b\u1ea3ng, b\u00fat ch\u00ec m\u00e0u v\u00e0 s\u00e1ch t\u00f4 m\u00e0u, ph\u1ea5n v\u1ec9a h\u00e8, B\u1ed9t n\u1eb7n, kh\u1ed1i, n\u01a1 c\u00e0i t\u00f3c v\u00e0 qu\u1ea7n \u00e1o.<\/li>\n<\/ul>\n<ul>\n<li><b>Tu\u1ed5i \u0111i h\u1ecdc-<\/b>\u00d4 t\u00f4 nh\u1ecf, b\u1ed9 d\u1ee5ng c\u1ee5 th\u1ee7 c\u00f4ng m\u1ef9 ngh\u1ec7, \u0111\u1ed3 trang \u0111i\u1ec3m, tr\u00f2 ch\u01a1i nh\u1ecf, d\u00e2y nh\u1ea3y, s\u00e1ch v\u00e0 qu\u1ea7n \u00e1o.<\/li>\n<\/ul>\n<ul>\n<li><b>Tr\u1ebb l\u1edbn h\u01a1n\u2014<\/b>\u0110\u1ed3 trang s\u1ee9c, th\u1ebb qu\u00e0 t\u1eb7ng nh\u1ecf, \u0111\u1ed3ng h\u1ed3, b\u1ed9 b\u00e0i, tr\u00f2 ch\u01a1i, nh\u1ea1c v\u00e0 phim n\u1ed5i ti\u1ebfng, thu\u1ed1c x\u1ecbt v\u00e0 kem d\u01b0\u1ee1ng th\u1ec3, b\u1ed9 l\u00e0m m\u00f3ng tay, \u0111\u1ed3 trang s\u1ee9c v\u00e0 b\u00f3ng th\u1ec3 thao.<\/li>\n<\/ul>\n<p>\u0110\u00e2y l\u00e0 m\u1ed9t d\u1ef1 \u00e1n tuy\u1ec7t v\u1eddi d\u00e0nh cho tr\u1ebb em \u1edf m\u1ecdi l\u1ee9a tu\u1ed5i tham gia\u2014t\u1eadp h\u1ee3p m\u1ed9t nh\u00f3m b\u1ea1n, \u0111\u1ed3ng nghi\u1ec7p, th\u00e0nh vi\u00ean nh\u00e0 th\u1edd ho\u1eb7c th\u1eadm ch\u00ed l\u00e0 nh\u1eefng ng\u01b0\u1eddi h\u01b0\u1edbng \u0111\u1ea1o c\u00f9ng nhau mua s\u1eafm v\u00e0 quy\u00ean g\u00f3p nh\u01b0 m\u1ed9t c\u00e1ch vui v\u1ebb v\u00e0 \u00fd ngh\u0129a \u0111\u1ec3 gi\u00fap \u0111\u1ee1 ng\u01b0\u1eddi kh\u00e1c. H\u1ed7 tr\u1ee3 c\u1ee7a b\u1ea1n \u0111\u01b0\u1ee3c \u0111\u00e1nh gi\u00e1 r\u1ea5t cao!<\/p>\n<p><b>Gi\u1ea3m th\u1eddi gian \u0111\u00f3ng g\u00f3p<\/b><br \/><b>Mar 25 - 27, 2026| 10 am - 5 pm<br \/>\u0110\u1ecba \u0111i\u1ec3m: 1510 Mendocino Dr, Concord<\/b><\/p><\/div><\/div><\/div><\/div><div class=\"x-section e5408-e14 m468-0 m468-1 m468-3 m468-4\"><div class=\"x-row e5408-e15 m468-9 m468-a m468-c m468-d\"><div class=\"x-row-inner\"><div class=\"x-col e5408-e16 m468-i m468-j\"><a  class=\"x-btn x-btn-global\"  href=\"https:\/\/bayareacrisisnursery.app.neoncrm.com\/forms\/holiday-donations\" title=\"Quy\u00ean g\u00f3p gi\u1ecf l\u1ec5 ph\u1ee5c sinh\" target=\"_blank\" rel=\"noopener noreferrer\"   data-options=\"thumbnail: ''\">Quy\u00ean g\u00f3p ngay h\u00f4m nay cho Chuy\u1ebfn \u0111i k\u1ef3 ngh\u1ec9 c\u1ee7a ch\u00fang t\u00f4i<\/a><\/div><\/div><\/div><\/div><div class=\"x-section e5408-e18 m468-0 m468-1 m468-4\"><div class=\"x-row e5408-e19 m468-9 m468-a m468-c m468-e\"><div class=\"x-row-inner\"><div class=\"x-col e5408-e20 m468-i m468-k\"><div class=\"x-content-area e5408-e21 m468-8\"><p><div id=\"x-content-band-1\" class=\"x-content-band border-top border-left border-right border-bottom\" style=\"background-color: #efefef; color: #333;\"><div class=\"x-container max width\"> <h4  class=\"h-custom-headline h3\" style=\"margin-top: 0;\"><span>Gi\u1ecf Ph\u1ee5c sinh<\/span><\/h4><\/p>\n<p>Interested in donating several Easter baskets? Just fill out the form below, letting us know how many Easter baskets you would like to put together, and we will send you the ages of the children.<\/p>\n<p><a  class=\"x-btn x-btn-flat x-btn-global\"  href=\"https:\/\/docs.google.com\/forms\/d\/e\/1FAIpQLSeTDN6JUHIIZoyTfnmnWjxy1seWQD1oEMKmQdsHzVD2nlxLZw\/viewform?usp=header\"     data-options=\"thumbnail: ''\">Sign Up to Donate!<\/a> <\/div><\/div><\/p><\/div><\/div><\/div><\/div><\/div><div class=\"x-section e5408-e22 m468-0 m468-2 m468-5\"><div class=\"x-row e5408-e23 m468-9 m468-b m468-f m468-g\"><div class=\"x-row-inner\"><div class=\"x-col e5408-e24 m468-i m468-k\"><div class=\"x-text x-text-headline e5408-e25 m468-m m468-n\"><div class=\"x-text-content\"><div class=\"x-text-content-text\"><h3 class=\"x-text-content-text-primary\">H\u1ed7 tr\u1ee3 BACN<\/h3>\n<\/div><\/div><\/div><\/div><\/div><\/div><div class=\"x-row e5408-e26 m468-9 m468-b m468-f m468-h\"><div class=\"x-row-inner\"><div class=\"x-col e5408-e27 m468-i m468-k m468-l\"><a class=\"x-image e5408-e28 m468-p\" href=\"mailto:giving@bayareacrisisnursery.org?subject=Stock%20Donations\" target=\"_blank\" rel=\"noopener noreferrer\"><img decoding=\"async\" src=\"https:\/\/bayareacrisisnursery.org\/wp-content\/uploads\/2019\/12\/Piggy-Stock.jpg\" width=\"847\" height=\"565\" alt=\"Stock Donations\" loading=\"lazy\"><\/a><div class=\"x-text x-text-headline e5408-e29 m468-n m468-o\"><div class=\"x-text-content\"><div class=\"x-text-content-text\"><h3 class=\"x-text-content-text-primary\"><p><a href=\"mailto:giving@bayareacrisisnursery.org?subject=Donating Stock\">BACN ch\u1ea5p nh\u1eadn t\u1eb7ng c\u1ed5 phi\u1ebfu. G\u1eedi email ngay h\u00f4m nay.<\/a><\/p><\/h3>\n<\/div><\/div><\/div><\/div><div class=\"x-col e5408-e30 m468-i m468-k m468-l\"><iframe loading=\"lazy\" src=\"https:\/\/doublethedonation.com\/api\/iframe\/XvD2NtEV1TSXhAQ1\" height=\"350\" width=\"100%\"><\/iframe><\/div><div class=\"x-col e5408-e32 m468-i m468-k m468-l\"><a class=\"x-image e5408-e33 m468-p m468-q\" href=\"https:\/\/bayareacrisisnursery.org\/vi\/programs\/crisis-care\/\" target=\"_blank\" rel=\"noopener noreferrer\"><img decoding=\"async\" src=\"https:\/\/bayareacrisisnursery.org\/wp-content\/uploads\/2022\/08\/News.jpg\" width=\"600\" height=\"400\" alt=\"Newsletter\" loading=\"lazy\"><\/a><div class=\"x-text x-text-headline e5408-e34 m468-n m468-o\"><div class=\"x-text-content\"><div class=\"x-text-content-text\"><h3 class=\"x-text-content-text-primary\"><p><a href=\"https:\/\/mailchi.mp\/bayareacrisisnursery\/newsletter?dnt=1\" data-wplink-edit=\"true\">\u0110\u0103ng k\u00fd \u0111\u1ec3 gi\u1eef li\u00ean l\u1ea1c<\/a><\/p><\/h3>\n<\/div><\/div><\/div><\/div><\/div><\/div><\/div><\/div>","protected":false},"excerpt":{"rendered":"<p>Easter Basket GiveawayEach year we provide children with the joy of having a special Easter basket made just for them! Our goal is to provide an Easter Basket to each child who has stayed with us at the Nursery, and their siblings up to age 12. You can help by donating fully stocked Easter baskets! Call 925.685.6633 or email us &#8230; <a href=\"https:\/\/bayareacrisisnursery.org\/vi\/other-ways-to-give\/easter-baskets\/\" class=\"more-link\">\u0110\u1ecdc th\u00eam<\/a><\/p>","protected":false},"author":1,"featured_media":0,"parent":270,"menu_order":0,"comment_status":"closed","ping_status":"closed","template":"template-layout-full-width.php","meta":{"om_disable_all_campaigns":false,"_monsterinsights_skip_tracking":false,"_monsterinsights_sitenote_active":false,"_monsterinsights_sitenote_note":"","_monsterinsights_sitenote_category":0,"_uf_show_specific_survey":0,"_uf_disable_surveys":false,"footnotes":""},"class_list":["post-5408","page","type-page","status-publish","hentry","no-post-thumbnail"],"yoast_head":"<!-- This site is optimized with the Yoast SEO Premium plugin v27.2 (Yoast SEO v27.2) - https:\/\/yoast.com\/product\/yoast-seo-premium-wordpress\/ -->\n<title>Easter Baskets - Bay Area Crisis Nursery<\/title>\n<meta name=\"description\" content=\"BACN provides Easter baskets to children each year. You can help by donating items for the baskets! Spread a little joy this Easter!\" \/>\n<meta name=\"robots\" content=\"index, follow, max-snippet:-1, max-image-preview:large, max-video-preview:-1\" \/>\n<link rel=\"canonical\" href=\"https:\/\/bayareacrisisnursery.org\/vi\/other-ways-to-give\/easter-baskets\/\" \/>\n<meta property=\"og:locale\" content=\"vi_VN\" \/>\n<meta property=\"og:type\" content=\"article\" \/>\n<meta property=\"og:title\" content=\"Easter Baskets\" \/>\n<meta property=\"og:description\" content=\"BACN provides Easter baskets to children each year. You can help by donating items for the baskets! Spread a little joy this Easter!\" \/>\n<meta property=\"og:url\" content=\"https:\/\/bayareacrisisnursery.org\/vi\/other-ways-to-give\/easter-baskets\/\" \/>\n<meta property=\"og:site_name\" content=\"Bay Area Crisis Nursery\" \/>\n<meta property=\"article:publisher\" content=\"https:\/\/www.facebook.com\/bacnspage\/\" \/>\n<meta property=\"article:modified_time\" content=\"2026-01-30T05:34:46+00:00\" \/>\n<meta name=\"twitter:card\" content=\"summary_large_image\" \/>\n<meta name=\"twitter:site\" content=\"@bacn_nursery\" \/>\n<meta name=\"twitter:label1\" content=\"\u01af\u1edbc t\u00ednh th\u1eddi gian \u0111\u1ecdc\" \/>\n\t<meta name=\"twitter:data1\" content=\"2 ph\u00fat\" \/>\n<script type=\"application\/ld+json\" class=\"yoast-schema-graph\">{\"@context\":\"https:\/\/schema.org\",\"@graph\":[{\"@type\":\"WebPage\",\"@id\":\"https:\/\/bayareacrisisnursery.org\/other-ways-to-give\/easter-baskets\/\",\"url\":\"https:\/\/bayareacrisisnursery.org\/other-ways-to-give\/easter-baskets\/\",\"name\":\"Easter Baskets - Bay Area Crisis Nursery\",\"isPartOf\":{\"@id\":\"https:\/\/bayareacrisisnursery.org\/#website\"},\"datePublished\":\"2020-02-26T21:31:26+00:00\",\"dateModified\":\"2026-01-30T05:34:46+00:00\",\"description\":\"BACN provides Easter baskets to children each year. You can help by donating items for the baskets! Spread a little joy this Easter!\",\"breadcrumb\":{\"@id\":\"https:\/\/bayareacrisisnursery.org\/other-ways-to-give\/easter-baskets\/#breadcrumb\"},\"inLanguage\":\"vi\",\"potentialAction\":[{\"@type\":\"ReadAction\",\"target\":[\"https:\/\/bayareacrisisnursery.org\/other-ways-to-give\/easter-baskets\/\"]}]},{\"@type\":\"BreadcrumbList\",\"@id\":\"https:\/\/bayareacrisisnursery.org\/other-ways-to-give\/easter-baskets\/#breadcrumb\",\"itemListElement\":[{\"@type\":\"ListItem\",\"position\":1,\"name\":\"Home\",\"item\":\"https:\/\/bayareacrisisnursery.org\/\"},{\"@type\":\"ListItem\",\"position\":2,\"name\":\"Other Ways to Give\",\"item\":\"https:\/\/bayareacrisisnursery.org\/other-ways-to-give\/\"},{\"@type\":\"ListItem\",\"position\":3,\"name\":\"Easter Baskets\"}]},{\"@type\":\"WebSite\",\"@id\":\"https:\/\/bayareacrisisnursery.org\/#website\",\"url\":\"https:\/\/bayareacrisisnursery.org\/\",\"name\":\"Bay Area Crisis Nursery\",\"description\":\"A Little Heart. A Little Help. A Lot of Hope.\",\"publisher\":{\"@id\":\"https:\/\/bayareacrisisnursery.org\/#organization\"},\"potentialAction\":[{\"@type\":\"SearchAction\",\"target\":{\"@type\":\"EntryPoint\",\"urlTemplate\":\"https:\/\/bayareacrisisnursery.org\/?s={search_term_string}\"},\"query-input\":{\"@type\":\"PropertyValueSpecification\",\"valueRequired\":true,\"valueName\":\"search_term_string\"}}],\"inLanguage\":\"vi\"},{\"@type\":\"Organization\",\"@id\":\"https:\/\/bayareacrisisnursery.org\/#organization\",\"name\":\"Bay Area Crisis Nursery\",\"url\":\"https:\/\/bayareacrisisnursery.org\/\",\"logo\":{\"@type\":\"ImageObject\",\"inLanguage\":\"vi\",\"@id\":\"https:\/\/bayareacrisisnursery.org\/#\/schema\/logo\/image\/\",\"url\":\"https:\/\/bayareacrisisnursery.org\/wp-content\/uploads\/2020\/12\/BACN-Logo.png\",\"contentUrl\":\"https:\/\/bayareacrisisnursery.org\/wp-content\/uploads\/2020\/12\/BACN-Logo.png\",\"width\":751,\"height\":374,\"caption\":\"Bay Area Crisis Nursery\"},\"image\":{\"@id\":\"https:\/\/bayareacrisisnursery.org\/#\/schema\/logo\/image\/\"},\"sameAs\":[\"https:\/\/www.facebook.com\/bacnspage\/\",\"https:\/\/x.com\/bacn_nursery\",\"https:\/\/www.instagram.com\/bayareacrisisnursery\/\",\"https:\/\/www.linkedin.com\/company\/bay-area-crisis-nursery\/about\/\"]}]}<\/script>\n<!-- \/ Yoast SEO Premium plugin. -->","yoast_head_json":{"title":"Easter Baskets - Bay Area Crisis Nursery","description":"BACN provides Easter baskets to children each year. You can help by donating items for the baskets! Spread a little joy this Easter!","robots":{"index":"index","follow":"follow","max-snippet":"max-snippet:-1","max-image-preview":"max-image-preview:large","max-video-preview":"max-video-preview:-1"},"canonical":"https:\/\/bayareacrisisnursery.org\/vi\/other-ways-to-give\/easter-baskets\/","og_locale":"vi_VN","og_type":"article","og_title":"Easter Baskets","og_description":"BACN provides Easter baskets to children each year. You can help by donating items for the baskets! Spread a little joy this Easter!","og_url":"https:\/\/bayareacrisisnursery.org\/vi\/other-ways-to-give\/easter-baskets\/","og_site_name":"Bay Area Crisis Nursery","article_publisher":"https:\/\/www.facebook.com\/bacnspage\/","article_modified_time":"2026-01-30T05:34:46+00:00","twitter_card":"summary_large_image","twitter_site":"@bacn_nursery","twitter_misc":{"\u01af\u1edbc t\u00ednh th\u1eddi gian \u0111\u1ecdc":"2 ph\u00fat"},"schema":{"@context":"https:\/\/schema.org","@graph":[{"@type":"WebPage","@id":"https:\/\/bayareacrisisnursery.org\/other-ways-to-give\/easter-baskets\/","url":"https:\/\/bayareacrisisnursery.org\/other-ways-to-give\/easter-baskets\/","name":"Easter Baskets - Bay Area Crisis Nursery","isPartOf":{"@id":"https:\/\/bayareacrisisnursery.org\/#website"},"datePublished":"2020-02-26T21:31:26+00:00","dateModified":"2026-01-30T05:34:46+00:00","description":"BACN provides Easter baskets to children each year. You can help by donating items for the baskets! Spread a little joy this Easter!","breadcrumb":{"@id":"https:\/\/bayareacrisisnursery.org\/other-ways-to-give\/easter-baskets\/#breadcrumb"},"inLanguage":"vi","potentialAction":[{"@type":"ReadAction","target":["https:\/\/bayareacrisisnursery.org\/other-ways-to-give\/easter-baskets\/"]}]},{"@type":"BreadcrumbList","@id":"https:\/\/bayareacrisisnursery.org\/other-ways-to-give\/easter-baskets\/#breadcrumb","itemListElement":[{"@type":"ListItem","position":1,"name":"Home","item":"https:\/\/bayareacrisisnursery.org\/"},{"@type":"ListItem","position":2,"name":"Other Ways to Give","item":"https:\/\/bayareacrisisnursery.org\/other-ways-to-give\/"},{"@type":"ListItem","position":3,"name":"Easter Baskets"}]},{"@type":"WebSite","@id":"https:\/\/bayareacrisisnursery.org\/#website","url":"https:\/\/bayareacrisisnursery.org\/","name":"V\u01b0\u1eddn \u01b0\u01a1m Kh\u1ee7ng ho\u1ea3ng V\u00f9ng V\u1ecbnh","description":"M\u1ed9t Tr\u00e1i Tim Nh\u1ecf. M\u1ed9t s\u1ef1 gi\u00fap \u0111\u1ee1 nho nh\u1ecf. R\u1ea5t nhi\u1ec1u hy v\u1ecdng.","publisher":{"@id":"https:\/\/bayareacrisisnursery.org\/#organization"},"potentialAction":[{"@type":"SearchAction","target":{"@type":"EntryPoint","urlTemplate":"https:\/\/bayareacrisisnursery.org\/?s={search_term_string}"},"query-input":{"@type":"PropertyValueSpecification","valueRequired":true,"valueName":"search_term_string"}}],"inLanguage":"vi"},{"@type":"Organization","@id":"https:\/\/bayareacrisisnursery.org\/#organization","name":"V\u01b0\u1eddn \u01b0\u01a1m Kh\u1ee7ng ho\u1ea3ng V\u00f9ng V\u1ecbnh","url":"https:\/\/bayareacrisisnursery.org\/","logo":{"@type":"ImageObject","inLanguage":"vi","@id":"https:\/\/bayareacrisisnursery.org\/#\/schema\/logo\/image\/","url":"https:\/\/bayareacrisisnursery.org\/wp-content\/uploads\/2020\/12\/BACN-Logo.png","contentUrl":"https:\/\/bayareacrisisnursery.org\/wp-content\/uploads\/2020\/12\/BACN-Logo.png","width":751,"height":374,"caption":"Bay Area Crisis Nursery"},"image":{"@id":"https:\/\/bayareacrisisnursery.org\/#\/schema\/logo\/image\/"},"sameAs":["https:\/\/www.facebook.com\/bacnspage\/","https:\/\/x.com\/bacn_nursery","https:\/\/www.instagram.com\/bayareacrisisnursery\/","https:\/\/www.linkedin.com\/company\/bay-area-crisis-nursery\/about\/"]}]}},"_links":{"self":[{"href":"https:\/\/bayareacrisisnursery.org\/vi\/wp-json\/wp\/v2\/pages\/5408","targetHints":{"allow":["GET"]}}],"collection":[{"href":"https:\/\/bayareacrisisnursery.org\/vi\/wp-json\/wp\/v2\/pages"}],"about":[{"href":"https:\/\/bayareacrisisnursery.org\/vi\/wp-json\/wp\/v2\/types\/page"}],"author":[{"embeddable":true,"href":"https:\/\/bayareacrisisnursery.org\/vi\/wp-json\/wp\/v2\/users\/1"}],"replies":[{"embeddable":true,"href":"https:\/\/bayareacrisisnursery.org\/vi\/wp-json\/wp\/v2\/comments?post=5408"}],"version-history":[{"count":13,"href":"https:\/\/bayareacrisisnursery.org\/vi\/wp-json\/wp\/v2\/pages\/5408\/revisions"}],"predecessor-version":[{"id":7431,"href":"https:\/\/bayareacrisisnursery.org\/vi\/wp-json\/wp\/v2\/pages\/5408\/revisions\/7431"}],"up":[{"embeddable":true,"href":"https:\/\/bayareacrisisnursery.org\/vi\/wp-json\/wp\/v2\/pages\/270"}],"wp:attachment":[{"href":"https:\/\/bayareacrisisnursery.org\/vi\/wp-json\/wp\/v2\/media?parent=5408"}],"curies":[{"name":"wp","href":"https:\/\/api.w.org\/{rel}","templated":true}]}}