{"id":589,"date":"2019-08-23T23:55:56","date_gmt":"2019-08-23T23:55:56","guid":{"rendered":"https:\/\/bayareacrisisnursery.org\/?page_id=589"},"modified":"2023-11-19T18:14:40","modified_gmt":"2023-11-19T18:14:40","slug":"community-fundraising-guidelines","status":"publish","type":"page","link":"https:\/\/bayareacrisisnursery.org\/vi\/donate\/community-fundraising-guidelines\/","title":{"rendered":"Nguy\u00ean t\u1eafc g\u00e2y qu\u1ef9 c\u1ed9ng \u0111\u1ed3ng"},"content":{"rendered":"<div id=\"cs-content\" class=\"cs-content\"><\/div>","protected":false},"excerpt":{"rendered":"<p>Ch\u00fang t\u00f4i r\u1ea5t vinh d\u1ef1 khi b\u1ea1n \u0111\u00e3 ch\u1ecdn BACN \u0111\u1ec3 g\u00e2y qu\u1ef9! Khi t\u1ed5 ch\u1ee9c chi\u1ebfn d\u1ecbch g\u00e2y qu\u1ef9 tr\u1ef1c tuy\u1ebfn ho\u1eb7c s\u1ef1 ki\u1ec7n mang l\u1ea1i l\u1ee3i \u00edch cho BACN, ch\u00fang t\u00f4i y\u00eau c\u1ea7u b\u1ea1n tu\u00e2n theo c\u00e1c nguy\u00ean t\u1eafc n\u00e0y. H\u00e3y s\u1eed d\u1ee5ng logo c\u1ee7a ch\u00fang t\u00f4i v\u00e0 t\u00ean V\u01b0\u1eddn \u01b0\u01a1m Kh\u1ee7ng ho\u1ea3ng V\u00f9ng V\u1ecbnh. \u0110\u00f3 l\u00e0 th\u01b0\u01a1ng hi\u1ec7u c\u1ee7a ch\u00fang t\u00f4i, v\u00e0 ch\u00fang t\u00f4i t\u1ef1 h\u00e0o v\u1ec1 \u0111i\u1ec1u \u0111\u00f3. Ch\u00fang t\u00f4i gi\u1eef n\u00f3 g\u1ea7n v\u00e0 y\u00eau qu\u00fd\u2026 <a href=\"https:\/\/bayareacrisisnursery.org\/vi\/donate\/community-fundraising-guidelines\/\" class=\"more-link\">\u0110\u1ecdc th\u00eam<\/a><\/p>","protected":false},"author":1,"featured_media":0,"parent":263,"menu_order":0,"comment_status":"closed","ping_status":"closed","template":"template-layout-full-width.php","meta":{"om_disable_all_campaigns":false,"_monsterinsights_skip_tracking":false,"_monsterinsights_sitenote_active":false,"_monsterinsights_sitenote_note":"","_monsterinsights_sitenote_category":0,"_uf_show_specific_survey":0,"_uf_disable_surveys":false,"footnotes":""},"class_list":["post-589","page","type-page","status-publish","hentry","no-post-thumbnail"],"yoast_head":"<!-- This site is optimized with the Yoast SEO Premium plugin v27.2 (Yoast SEO v27.2) - https:\/\/yoast.com\/product\/yoast-seo-premium-wordpress\/ -->\n<title>Community Fundraising Guidelines - Bay Area Crisis Nursery<\/title>\n<meta name=\"robots\" content=\"index, follow, max-snippet:-1, max-image-preview:large, max-video-preview:-1\" \/>\n<link rel=\"canonical\" href=\"https:\/\/bayareacrisisnursery.org\/vi\/donate\/community-fundraising-guidelines\/\" \/>\n<meta property=\"og:locale\" content=\"vi_VN\" \/>\n<meta property=\"og:type\" content=\"article\" \/>\n<meta property=\"og:title\" content=\"Community Fundraising Guidelines\" \/>\n<meta property=\"og:description\" content=\"We are so honored that you have selected BACN to fundraise for! When hosting an online fundraising campaign or event benefiting BACN, we do ask that you follow these guidelines. Feel free to use our logo and the Bay Area Crisis Nursery name. It&#039;s our brand, and we are proud of it. We hold it near and dear to our ... Read More\" \/>\n<meta property=\"og:url\" content=\"https:\/\/bayareacrisisnursery.org\/vi\/donate\/community-fundraising-guidelines\/\" \/>\n<meta property=\"og:site_name\" content=\"Bay Area Crisis Nursery\" \/>\n<meta property=\"article:publisher\" content=\"https:\/\/www.facebook.com\/bacnspage\/\" \/>\n<meta property=\"article:modified_time\" content=\"2023-11-19T18:14:40+00:00\" \/>\n<meta name=\"twitter:card\" content=\"summary_large_image\" \/>\n<meta name=\"twitter:site\" content=\"@bacn_nursery\" \/>\n<meta name=\"twitter:label1\" content=\"\u01af\u1edbc t\u00ednh th\u1eddi gian \u0111\u1ecdc\" \/>\n\t<meta name=\"twitter:data1\" content=\"1 ph\u00fat\" \/>\n<script type=\"application\/ld+json\" class=\"yoast-schema-graph\">{\"@context\":\"https:\/\/schema.org\",\"@graph\":[{\"@type\":\"WebPage\",\"@id\":\"https:\/\/bayareacrisisnursery.org\/donate\/community-fundraising-guidelines\/\",\"url\":\"https:\/\/bayareacrisisnursery.org\/donate\/community-fundraising-guidelines\/\",\"name\":\"Community Fundraising Guidelines - Bay Area Crisis Nursery\",\"isPartOf\":{\"@id\":\"https:\/\/bayareacrisisnursery.org\/#website\"},\"datePublished\":\"2019-08-23T23:55:56+00:00\",\"dateModified\":\"2023-11-19T18:14:40+00:00\",\"breadcrumb\":{\"@id\":\"https:\/\/bayareacrisisnursery.org\/donate\/community-fundraising-guidelines\/#breadcrumb\"},\"inLanguage\":\"vi\",\"potentialAction\":[{\"@type\":\"ReadAction\",\"target\":[\"https:\/\/bayareacrisisnursery.org\/donate\/community-fundraising-guidelines\/\"]}]},{\"@type\":\"BreadcrumbList\",\"@id\":\"https:\/\/bayareacrisisnursery.org\/donate\/community-fundraising-guidelines\/#breadcrumb\",\"itemListElement\":[{\"@type\":\"ListItem\",\"position\":1,\"name\":\"Home\",\"item\":\"https:\/\/bayareacrisisnursery.org\/\"},{\"@type\":\"ListItem\",\"position\":2,\"name\":\"Support\",\"item\":\"https:\/\/bayareacrisisnursery.org\/donate\/\"},{\"@type\":\"ListItem\",\"position\":3,\"name\":\"Community Fundraising Guidelines\"}]},{\"@type\":\"WebSite\",\"@id\":\"https:\/\/bayareacrisisnursery.org\/#website\",\"url\":\"https:\/\/bayareacrisisnursery.org\/\",\"name\":\"Bay Area Crisis Nursery\",\"description\":\"A Little Heart. A Little Help. A Lot of Hope.\",\"publisher\":{\"@id\":\"https:\/\/bayareacrisisnursery.org\/#organization\"},\"potentialAction\":[{\"@type\":\"SearchAction\",\"target\":{\"@type\":\"EntryPoint\",\"urlTemplate\":\"https:\/\/bayareacrisisnursery.org\/?s={search_term_string}\"},\"query-input\":{\"@type\":\"PropertyValueSpecification\",\"valueRequired\":true,\"valueName\":\"search_term_string\"}}],\"inLanguage\":\"vi\"},{\"@type\":\"Organization\",\"@id\":\"https:\/\/bayareacrisisnursery.org\/#organization\",\"name\":\"Bay Area Crisis Nursery\",\"url\":\"https:\/\/bayareacrisisnursery.org\/\",\"logo\":{\"@type\":\"ImageObject\",\"inLanguage\":\"vi\",\"@id\":\"https:\/\/bayareacrisisnursery.org\/#\/schema\/logo\/image\/\",\"url\":\"https:\/\/bayareacrisisnursery.org\/wp-content\/uploads\/2020\/12\/BACN-Logo.png\",\"contentUrl\":\"https:\/\/bayareacrisisnursery.org\/wp-content\/uploads\/2020\/12\/BACN-Logo.png\",\"width\":751,\"height\":374,\"caption\":\"Bay Area Crisis Nursery\"},\"image\":{\"@id\":\"https:\/\/bayareacrisisnursery.org\/#\/schema\/logo\/image\/\"},\"sameAs\":[\"https:\/\/www.facebook.com\/bacnspage\/\",\"https:\/\/x.com\/bacn_nursery\",\"https:\/\/www.instagram.com\/bayareacrisisnursery\/\",\"https:\/\/www.linkedin.com\/company\/bay-area-crisis-nursery\/about\/\"]}]}<\/script>\n<!-- \/ Yoast SEO Premium plugin. -->","yoast_head_json":{"title":"Community Fundraising Guidelines - Bay Area Crisis Nursery","robots":{"index":"index","follow":"follow","max-snippet":"max-snippet:-1","max-image-preview":"max-image-preview:large","max-video-preview":"max-video-preview:-1"},"canonical":"https:\/\/bayareacrisisnursery.org\/vi\/donate\/community-fundraising-guidelines\/","og_locale":"vi_VN","og_type":"article","og_title":"Community Fundraising Guidelines","og_description":"We are so honored that you have selected BACN to fundraise for! When hosting an online fundraising campaign or event benefiting BACN, we do ask that you follow these guidelines. Feel free to use our logo and the Bay Area Crisis Nursery name. It's our brand, and we are proud of it. We hold it near and dear to our ... Read More","og_url":"https:\/\/bayareacrisisnursery.org\/vi\/donate\/community-fundraising-guidelines\/","og_site_name":"Bay Area Crisis Nursery","article_publisher":"https:\/\/www.facebook.com\/bacnspage\/","article_modified_time":"2023-11-19T18:14:40+00:00","twitter_card":"summary_large_image","twitter_site":"@bacn_nursery","twitter_misc":{"\u01af\u1edbc t\u00ednh th\u1eddi gian \u0111\u1ecdc":"1 ph\u00fat"},"schema":{"@context":"https:\/\/schema.org","@graph":[{"@type":"WebPage","@id":"https:\/\/bayareacrisisnursery.org\/donate\/community-fundraising-guidelines\/","url":"https:\/\/bayareacrisisnursery.org\/donate\/community-fundraising-guidelines\/","name":"Community Fundraising Guidelines - Bay Area Crisis Nursery","isPartOf":{"@id":"https:\/\/bayareacrisisnursery.org\/#website"},"datePublished":"2019-08-23T23:55:56+00:00","dateModified":"2023-11-19T18:14:40+00:00","breadcrumb":{"@id":"https:\/\/bayareacrisisnursery.org\/donate\/community-fundraising-guidelines\/#breadcrumb"},"inLanguage":"vi","potentialAction":[{"@type":"ReadAction","target":["https:\/\/bayareacrisisnursery.org\/donate\/community-fundraising-guidelines\/"]}]},{"@type":"BreadcrumbList","@id":"https:\/\/bayareacrisisnursery.org\/donate\/community-fundraising-guidelines\/#breadcrumb","itemListElement":[{"@type":"ListItem","position":1,"name":"Home","item":"https:\/\/bayareacrisisnursery.org\/"},{"@type":"ListItem","position":2,"name":"Support","item":"https:\/\/bayareacrisisnursery.org\/donate\/"},{"@type":"ListItem","position":3,"name":"Community Fundraising Guidelines"}]},{"@type":"WebSite","@id":"https:\/\/bayareacrisisnursery.org\/#website","url":"https:\/\/bayareacrisisnursery.org\/","name":"V\u01b0\u1eddn \u01b0\u01a1m Kh\u1ee7ng ho\u1ea3ng V\u00f9ng V\u1ecbnh","description":"M\u1ed9t Tr\u00e1i Tim Nh\u1ecf. M\u1ed9t s\u1ef1 gi\u00fap \u0111\u1ee1 nho nh\u1ecf. R\u1ea5t nhi\u1ec1u hy v\u1ecdng.","publisher":{"@id":"https:\/\/bayareacrisisnursery.org\/#organization"},"potentialAction":[{"@type":"SearchAction","target":{"@type":"EntryPoint","urlTemplate":"https:\/\/bayareacrisisnursery.org\/?s={search_term_string}"},"query-input":{"@type":"PropertyValueSpecification","valueRequired":true,"valueName":"search_term_string"}}],"inLanguage":"vi"},{"@type":"Organization","@id":"https:\/\/bayareacrisisnursery.org\/#organization","name":"V\u01b0\u1eddn \u01b0\u01a1m Kh\u1ee7ng ho\u1ea3ng V\u00f9ng V\u1ecbnh","url":"https:\/\/bayareacrisisnursery.org\/","logo":{"@type":"ImageObject","inLanguage":"vi","@id":"https:\/\/bayareacrisisnursery.org\/#\/schema\/logo\/image\/","url":"https:\/\/bayareacrisisnursery.org\/wp-content\/uploads\/2020\/12\/BACN-Logo.png","contentUrl":"https:\/\/bayareacrisisnursery.org\/wp-content\/uploads\/2020\/12\/BACN-Logo.png","width":751,"height":374,"caption":"Bay Area Crisis Nursery"},"image":{"@id":"https:\/\/bayareacrisisnursery.org\/#\/schema\/logo\/image\/"},"sameAs":["https:\/\/www.facebook.com\/bacnspage\/","https:\/\/x.com\/bacn_nursery","https:\/\/www.instagram.com\/bayareacrisisnursery\/","https:\/\/www.linkedin.com\/company\/bay-area-crisis-nursery\/about\/"]}]}},"_links":{"self":[{"href":"https:\/\/bayareacrisisnursery.org\/vi\/wp-json\/wp\/v2\/pages\/589","targetHints":{"allow":["GET"]}}],"collection":[{"href":"https:\/\/bayareacrisisnursery.org\/vi\/wp-json\/wp\/v2\/pages"}],"about":[{"href":"https:\/\/bayareacrisisnursery.org\/vi\/wp-json\/wp\/v2\/types\/page"}],"author":[{"embeddable":true,"href":"https:\/\/bayareacrisisnursery.org\/vi\/wp-json\/wp\/v2\/users\/1"}],"replies":[{"embeddable":true,"href":"https:\/\/bayareacrisisnursery.org\/vi\/wp-json\/wp\/v2\/comments?post=589"}],"version-history":[{"count":4,"href":"https:\/\/bayareacrisisnursery.org\/vi\/wp-json\/wp\/v2\/pages\/589\/revisions"}],"predecessor-version":[{"id":7152,"href":"https:\/\/bayareacrisisnursery.org\/vi\/wp-json\/wp\/v2\/pages\/589\/revisions\/7152"}],"up":[{"embeddable":true,"href":"https:\/\/bayareacrisisnursery.org\/vi\/wp-json\/wp\/v2\/pages\/263"}],"wp:attachment":[{"href":"https:\/\/bayareacrisisnursery.org\/vi\/wp-json\/wp\/v2\/media?parent=589"}],"curies":[{"name":"wp","href":"https:\/\/api.w.org\/{rel}","templated":true}]}}