{"id":6466,"date":"2022-08-23T21:42:40","date_gmt":"2022-08-23T21:42:40","guid":{"rendered":"https:\/\/bayareacrisisnursery.org\/?page_id=6466"},"modified":"2025-03-20T21:21:33","modified_gmt":"2025-03-20T21:21:33","slug":"respite-care","status":"publish","type":"page","link":"https:\/\/bayareacrisisnursery.org\/vi\/programs\/respite-care\/","title":{"rendered":"Ch\u0103m s\u00f3c ngh\u1ec9 ng\u01a1i"},"content":{"rendered":"<div id=\"cs-content\" class=\"cs-content\"><div class=\"x-section e6466-e1 m4zm-0 m4zm-1 m4zm-2 m4zm-3\"><div class=\"x-row e6466-e2 m4zm-8 m4zm-a m4zm-b\"><div class=\"x-row-inner\"><div class=\"x-col e6466-e3 m4zm-i m4zm-j\"><span class=\"x-image e6466-e4 m4zm-n m4zm-o\"><img decoding=\"async\" src=\"https:\/\/bayareacrisisnursery.org\/wp-content\/uploads\/2022\/08\/Respite-Care-Child.png\" width=\"1200\" height=\"400\" alt=\"Respite Care\" loading=\"lazy\"><\/span><\/div><\/div><\/div><\/div><div class=\"x-section e6466-e5 m4zm-0 m4zm-3 m4zm-4 m4zm-5\"><div class=\"x-row e6466-e6 m4zm-8 m4zm-9 m4zm-a m4zm-c\"><div class=\"x-row-inner\"><div class=\"x-col e6466-e7 m4zm-i m4zm-j m4zm-k\"><blockquote class=\"x-quote e6466-e8 m4zm-r\"><div class=\"x-quote-content\"><div class=\"x-quote-text\">C\u00e1c con t\u00f4i l\u1edbn l\u00ean \u0111i nh\u00e0 tr\u1ebb. N\u01a1i n\u00e0y \u0111\u00e3 l\u00e0 m\u1ed9t may m\u1eafn cho gia \u0111\u00ecnh t\u00f4i. H\u1ecd r\u1ea5t y\u00eau th\u01b0\u01a1ng. H\u1ecd cung c\u1ea5p th\u1eddi gian ngh\u1ec9 ng\u01a1i cho c\u00e1c gia \u0111\u00ecnh, gi\u1ed1ng nh\u01b0 c\u00f3 m\u1ed9t b\u1ea3o m\u1eabu tr\u1ef1c.<\/div><footer class=\"x-quote-cite\"><span class=\"x-quote-cite-text\">Shanell<\/span><\/footer><\/div><\/blockquote><\/div><div class=\"x-col e6466-e9 m4zm-i m4zm-j\"><i class=\"x-icon e6466-e10 m4zm-s\" aria-hidden=\"true\" data-x-icon-l=\"&#xf77c;\"><\/i><div class=\"x-text x-content e6466-e11 m4zm-t\">Tr\u1ebb em c\u00f3 th\u1ec3 \u1edf trong 24-72 gi\u1edd h\u00e0ng th\u00e1ng.<\/div><\/div><div class=\"x-col e6466-e12 m4zm-i m4zm-j m4zm-k\"><blockquote class=\"x-quote e6466-e13 m4zm-r\"><div class=\"x-quote-content\"><div class=\"x-quote-text\">T\u00f4i \u0111\u00e3 s\u1eed d\u1ee5ng d\u1ecbch v\u1ee5 tuy\u1ec7t v\u1eddi n\u00e0y l\u1ea7n \u0111\u1ea7u ti\u00ean v\u00e0o ng\u00e0y h\u00f4m tr\u01b0\u1edbc. H\u1ecd \u0111\u00e3 cho t\u00f4i m\u1ed9t k\u1ef3 ngh\u1ec9 r\u1ea5t c\u1ea7n thi\u1ebft. \u0110\u1ee9a tr\u1ebb c\u1ee7a t\u00f4i c\u00f3 r\u1ea5t nhi\u1ec1u ni\u1ec1m vui, \u0111\u1ebfn n\u1ed7i n\u00f3 kh\u00f4ng mu\u1ed1n r\u1eddi xa nh\u1eefng ng\u01b0\u1eddi b\u1ea1n m\u1edbi c\u1ee7a m\u00ecnh. Nh\u1eefng ng\u01b0\u1eddi ng\u1ecdt ng\u00e0o l\u00e0m vi\u1ec7c \u1edf \u0111\u00f3. R\u1ea5t vui v\u00ec t\u00f4i \u0111\u00e3 th\u1eed \u0111i\u1ec1u n\u00e0y. M\u1ed9t \u01a1n tr\u1eddi tuy\u1ec7t \u0111\u1ed1i.<\/div><footer class=\"x-quote-cite\"><span class=\"x-quote-cite-text\">Ch\u1ebf \u0111\u1ed9<\/span><\/footer><\/div><\/blockquote><\/div><\/div><\/div><\/div><div class=\"x-section e6466-e14 m4zm-0 m4zm-1 m4zm-3 m4zm-6\"><div class=\"x-row e6466-e15 m4zm-8 m4zm-a m4zm-d\"><div class=\"x-row-inner\"><div class=\"x-col e6466-e16 m4zm-i m4zm-j\"><hr class=\"x-line e6466-e17 m4zm-u\"\/><\/div><\/div><\/div><\/div><div class=\"x-section e6466-e18 m4zm-0 m4zm-1 m4zm-3 m4zm-6\"><div class=\"x-row e6466-e19 m4zm-8 m4zm-a m4zm-e\"><div class=\"x-row-inner\"><div class=\"x-col e6466-e20 m4zm-i m4zm-l\"><p>Ch\u0103m s\u00f3c Thay th\u1ebf l\u00e0 d\u1ecbch v\u1ee5 ch\u0103m s\u00f3c ng\u1eafn h\u1ea1n d\u00e0nh cho tr\u1ebb em, cung c\u1ea5p cho cha m\u1eb9 v\u00e0 ng\u01b0\u1eddi ch\u0103m s\u00f3c th\u1eddi gian \u0111\u1ec3 ngh\u1ec9 ng\u01a1i, th\u01b0 gi\u00e3n v\u00e0 ch\u0103m s\u00f3c c\u00e1c nhu c\u1ea7u ri\u00eang c\u1ee7a h\u1ecd. V\u01b0\u1eddn \u01b0\u01a1m Kh\u1ee7ng ho\u1ea3ng V\u00f9ng V\u1ecbnh cung c\u1ea5p c\u00e1c chuy\u1ebfn th\u0103m Ch\u0103m s\u00f3c Thay th\u1ebf h\u00e0ng th\u00e1ng, t\u1eeb 24 gi\u1edd \u0111\u1ebfn 3 ng\u00e0y. Gia \u0111\u00ecnh c\u00f3 th\u1ec3 \u0111\u1eb7t l\u1ecbch th\u0103m tr\u01b0\u1edbc m\u1ed9t th\u00e1ng. C\u00e1c gia \u0111\u00ecnh c\u0169ng c\u00f3 th\u1ec3 l\u00ean l\u1ecbch th\u0103m kh\u00e1m trong ng\u00e0y th\u00f4ng qua ch\u01b0\u01a1ng tr\u00ecnh D\u1ecbch v\u1ee5 Ch\u0103m s\u00f3c Tr\u1ebb em Kh\u1ea9n c\u1ea5p c\u1ee7a ch\u00fang t\u00f4i. <\/p>\n\nNu\u00f4i d\u1ea1y tr\u1ebb nh\u1ecf mang l\u1ea1i nhi\u1ec1u ni\u1ec1m vui, nh\u01b0ng c\u0169ng c\u00f3 th\u1ec3 l\u00e0 th\u1eed th\u00e1ch v\u00e0 \u0111\u00f4i khi m\u1ec7t m\u1ecfi. Vi\u1ec7c nu\u00f4i d\u1ea1y con c\u00e1i l\u00e0 kh\u00f4ng ng\u1eebng ngh\u1ec9. Nhi\u1ec1u b\u1eadc cha m\u1eb9 g\u00e1c l\u1ea1i s\u1ee9c kh\u1ecfe tinh th\u1ea7n v\u00e0 nhu c\u1ea7u th\u1ec3 ch\u1ea5t, b\u1ea1n b\u00e8 v\u00e0 s\u1edf th\u00edch \u0111\u1ec3 t\u1eadp trung v\u00e0o con c\u00e1i. Ch\u00fang ta qu\u00ean m\u1ea5t t\u1ea7m quan tr\u1ecdng c\u1ee7a vi\u1ec7c ch\u0103m s\u00f3c b\u1ea3n th\u00e2n. Ch\u0103m s\u00f3c Thay th\u1ebf cho ph\u00e9p cha m\u1eb9 v\u00e0 ng\u01b0\u1eddi gi\u00e1m h\u1ed9 c\u00f3 th\u1eddi gian cho ch\u00ednh h\u1ecd. Nh\u1eefng kho\u1ea3ng th\u1eddi gian ngh\u1ec9 ng\u1eafn n\u00e0y c\u00f3 th\u1ec3 l\u00e0 \u0111i \u0111\u1ebfn cu\u1ed9c h\u1eb9n v\u1edbi b\u00e1c s\u0129, \u0111i ch\u01a1i v\u1edbi b\u1ea1n b\u00e8, c\u00f3 th\u1eddi gian \u0111\u1ec3 ngh\u1ec9 ng\u01a1i v\u00e0 th\u01b0 gi\u00e3n ho\u1eb7c l\u00e0m \u0111i\u1ec1u g\u00ec \u0111\u00f3 ch\u1ec9 d\u00e0nh cho b\u1ea1n.<\/p>\n\nCh\u0103m s\u00f3c Thay th\u1ebf \u0111\u1eb7c bi\u1ec7t quan tr\u1ecdng \u0111\u1ed1i v\u1edbi c\u00e1c gia \u0111\u00ecnh ch\u0103m s\u00f3c tr\u1ebb khuy\u1ebft t\u1eadt ph\u00e1t tri\u1ec3n v\u00e0 c\u00e1c th\u00e1ch th\u1ee9c v\u1ec1 h\u00e0nh vi. Ch\u00fang t\u00f4i \u0111\u00e3 ch\u0103m s\u00f3c cho tr\u1ebb em trong h\u01a1n 40 n\u0103m. Nh\u00e2n vi\u00ean ch\u0103m s\u00f3c tr\u1ebb em c\u1ee7a ch\u00fang t\u00f4i c\u00f3 nhi\u1ec1u kinh nghi\u1ec7m l\u00e0m vi\u1ec7c v\u1edbi nh\u1eefng tr\u1ebb em c\u00f3 nhu c\u1ea7u \u0111\u1eb7c bi\u1ec7t. B\u1ea1n c\u00f3 th\u1ec3 tin t\u01b0\u1edfng v\u00e0o ch\u00fang t\u00f4i \u0111\u1ec3 cung c\u1ea5p d\u1ecbch v\u1ee5 ch\u0103m s\u00f3c t\u1ed1t nh\u1ea5t cho con b\u1ea1n. Ch\u0103m s\u00f3c Thay th\u1ebf \u0111\u1eb7c bi\u1ec7t quan tr\u1ecdng \u0111\u1ed1i v\u1edbi c\u00e1c gia \u0111\u00ecnh ch\u0103m s\u00f3c tr\u1ebb khuy\u1ebft t\u1eadt ph\u00e1t tri\u1ec3n v\u00e0 c\u00e1c th\u00e1ch th\u1ee9c v\u1ec1 h\u00e0nh vi.<\/p>\n\n<p>\u0110\u1ec3 l\u00ean l\u1ecbch th\u0103m kh\u00e1m Ch\u0103m s\u00f3c Thay th\u1ebf, <b><a href=\"tel:925-685-6633\">xin g\u1ecdi<\/a><\/b> Nh\u00e0 tr\u1ebb. Ch\u00fang t\u00f4i lu\u00f4n s\u1eb5n s\u00e0ng ph\u1ee5c v\u1ee5 24\/24.<\/p>\n\nNh\u1edd m\u1ed9t s\u1ed1 quan h\u1ec7 \u0111\u1ed1i t\u00e1c v\u00e0 t\u00e0i tr\u1ee3 t\u01b0 nh\u00e2n, Nursery c\u00f3 th\u1ec3 cung c\u1ea5p d\u1ecbch v\u1ee5 ch\u0103m s\u00f3c tr\u1ebb kh\u1ea9n c\u1ea5p mi\u1ec5n ph\u00ed cho c\u00e1c gia \u0111\u00ecnh c\u00f3 thu nh\u1eadp th\u1ea5p. Ngu\u1ed3n t\u00e0i tr\u1ee3 \u0111\u01b0\u1ee3c cung c\u1ea5p m\u1ed9t ph\u1ea7n b\u1edfi H\u1ea1t Contra Costa, Th\u00e0nh ph\u1ed1 Antioch, Th\u00e0nh ph\u1ed1 Concord, v\u00e0 Qu\u1ef9 Gi\u1ea3m nh\u1eb9 H\u1ebbm n\u00fai Keller. <\/p><\/div><\/div><\/div><\/div><div class=\"x-section e6466-e22 m4zm-0 m4zm-1 m4zm-3 m4zm-6\"><div class=\"x-row e6466-e23 m4zm-8 m4zm-a m4zm-f\"><div class=\"x-row-inner\"><div class=\"x-col e6466-e24 m4zm-i m4zm-j\"><div id=\"x-content-band-1\" class=\"x-content-band border-top border-left border-right border-bottom\" style=\"background-color: #efefef; color: #333;\"><div class=\"x-container max width\"> \n\n<h4  class=\"h-custom-headline h3\" style=\"margin-top: 0;\"><span>L\u00ean l\u1ecbch tham quan<\/span><\/h4><\/p>\n\nC\u00e1c gia \u0111\u00ecnh c\u00f3 th\u1ec3 l\u00ean l\u1ecbch tham quan V\u01b0\u1eddn \u01b0\u01a1m, g\u1eb7p g\u1ee1 nh\u00e2n vi\u00ean c\u1ee7a ch\u00fang t\u00f4i v\u00e0 xem con b\u1ea1n s\u1ebd \u1edf \u0111\u00e2u.<\/p>\n\n<p><a  class=\"x-btn x-btn-flat x-btn-global\"  href=\"mailto:gina@bayareacrisisnursery.org&subject=Parent Tour of the Nursery\"     data-options=\"thumbnail: ''\">L\u00ean l\u1ecbch ngay h\u00f4m nay<\/a> <\/div><\/div><\/div><\/div><\/div><\/div><div class=\"x-section e6466-e26 m4zm-0 m4zm-4 m4zm-7\"><div class=\"x-row e6466-e27 m4zm-8 m4zm-9 m4zm-a m4zm-g\"><div class=\"x-row-inner\"><div class=\"x-col e6466-e28 m4zm-i m4zm-j\"><div class=\"x-text x-text-headline e6466-e29 m4zm-v m4zm-w\"><div class=\"x-text-content\"><div class=\"x-text-content-text\"><h3 class=\"x-text-content-text-primary\">H\u1ed7 tr\u1ee3 BACN<\/h3>\n<\/div><\/div><\/div><\/div><\/div><\/div><div class=\"x-row e6466-e30 m4zm-8 m4zm-9 m4zm-a m4zm-h\"><div class=\"x-row-inner\"><div class=\"x-col e6466-e31 m4zm-i m4zm-j m4zm-m\"><a class=\"x-image e6466-e32 m4zm-n m4zm-p\" href=\"https:\/\/bayareacrisisnursery.app.neoncrm.com\/forms\/donate\" target=\"_blank\" rel=\"noopener noreferrer\"><img decoding=\"async\" src=\"https:\/\/bayareacrisisnursery.org\/wp-content\/uploads\/2022\/08\/Piggy-Bank.jpg\" width=\"600\" height=\"400\" alt=\"Donate Today\" loading=\"lazy\"><\/a><div class=\"x-text x-text-headline e6466-e33 m4zm-w m4zm-x\"><div class=\"x-text-content\"><div class=\"x-text-content-text\"><h3 class=\"x-text-content-text-primary\"><a href=\"https:\/\/bayareacrisisnursery.app.neoncrm.com\/forms\/donate\" data-wplink-edit=\"true\">Quy\u00ean g\u00f3p ngay h\u00f4m nay!<\/a><\/h3>\n<\/div><\/div><\/div><\/div><div class=\"x-col e6466-e34 m4zm-i m4zm-j m4zm-m\"><a class=\"x-image e6466-e35 m4zm-n m4zm-p m4zm-q\" href=\"https:\/\/mailchi.mp\/bayareacrisisnursery\/newsletter?dnt=1%22%20data-wplink-edit=%22true%22\" target=\"_blank\" rel=\"noopener noreferrer\"><img decoding=\"async\" src=\"https:\/\/bayareacrisisnursery.org\/wp-content\/uploads\/2022\/08\/News.jpg\" width=\"600\" height=\"400\" alt=\"Newsletter\" loading=\"lazy\"><\/a><div class=\"x-text x-text-headline e6466-e36 m4zm-w m4zm-x\"><div class=\"x-text-content\"><div class=\"x-text-content-text\"><h3 class=\"x-text-content-text-primary\"><p><a href=\"https:\/\/mailchi.mp\/bayareacrisisnursery\/newsletter?dnt=1\" data-wplink-edit=\"true\">\u0110\u0103ng k\u00fd \u0111\u1ec3 gi\u1eef li\u00ean l\u1ea1c<\/a><\/p><\/h3>\n<\/div><\/div><\/div><\/div><\/div><\/div><\/div><\/div>","protected":false},"excerpt":{"rendered":"<p>C\u00e1c con t\u00f4i l\u1edbn l\u00ean \u0111i nh\u00e0 tr\u1ebb. N\u01a1i n\u00e0y \u0111\u00e3 l\u00e0 m\u1ed9t may m\u1eafn cho gia \u0111\u00ecnh t\u00f4i. H\u1ecd r\u1ea5t y\u00eau th\u01b0\u01a1ng. H\u1ecd cung c\u1ea5p th\u1eddi gian ngh\u1ec9 ng\u01a1i cho c\u00e1c gia \u0111\u00ecnh, gi\u1ed1ng nh\u01b0 vi\u1ec7c c\u00f3 m\u1ed9t b\u1ea3o m\u1eabu g\u1ecdi \u0111i\u1ec7n. H\u1ecd \u0111\u00e3 cho t\u00f4i m\u1ed9t k\u1ef3 ngh\u1ec9 r\u1ea5t c\u1ea7n thi\u1ebft. \u0110\u1ee9a tr\u1ebb c\u1ee7a t\u00f4i \u0111\u00e3 nh\u01b0 v\u1eady\u2026 <a href=\"https:\/\/bayareacrisisnursery.org\/vi\/programs\/respite-care\/\" class=\"more-link\">\u0110\u1ecdc th\u00eam<\/a><\/p>","protected":false},"author":1,"featured_media":0,"parent":186,"menu_order":3,"comment_status":"closed","ping_status":"closed","template":"template-layout-full-width.php","meta":{"om_disable_all_campaigns":false,"_monsterinsights_skip_tracking":false,"_monsterinsights_sitenote_active":false,"_monsterinsights_sitenote_note":"","_monsterinsights_sitenote_category":0,"_uf_show_specific_survey":0,"_uf_disable_surveys":false,"footnotes":""},"class_list":["post-6466","page","type-page","status-publish","hentry","no-post-thumbnail"],"yoast_head":"<!-- This site is optimized with the Yoast SEO Premium plugin v27.2 (Yoast SEO v27.2) - https:\/\/yoast.com\/product\/yoast-seo-premium-wordpress\/ -->\n<title>Respite Care- Bay Area Crisis Nursery<\/title>\n<meta name=\"description\" content=\"The Bay Area Crisis Nursery&#039;s Respite Care program provides short-term free childcare for children so parents can take a break.\" \/>\n<meta name=\"robots\" content=\"index, follow, max-snippet:-1, max-image-preview:large, max-video-preview:-1\" \/>\n<link rel=\"canonical\" href=\"https:\/\/bayareacrisisnursery.org\/vi\/programs\/respite-care\/\" \/>\n<meta property=\"og:locale\" content=\"vi_VN\" \/>\n<meta property=\"og:type\" content=\"article\" \/>\n<meta property=\"og:title\" content=\"Respite Care\" \/>\n<meta property=\"og:description\" content=\"The Bay Area Crisis Nursery&#039;s Respite Care program provides short-term free childcare for children so parents can take a break.\" \/>\n<meta property=\"og:url\" content=\"https:\/\/bayareacrisisnursery.org\/vi\/programs\/respite-care\/\" \/>\n<meta property=\"og:site_name\" content=\"Bay Area Crisis Nursery\" \/>\n<meta property=\"article:publisher\" content=\"https:\/\/www.facebook.com\/bacnspage\/\" \/>\n<meta property=\"article:modified_time\" content=\"2025-03-20T21:21:33+00:00\" \/>\n<meta name=\"twitter:card\" content=\"summary_large_image\" \/>\n<meta name=\"twitter:site\" content=\"@bacn_nursery\" \/>\n<meta name=\"twitter:label1\" content=\"\u01af\u1edbc t\u00ednh th\u1eddi gian \u0111\u1ecdc\" \/>\n\t<meta name=\"twitter:data1\" content=\"3 ph\u00fat\" \/>\n<script type=\"application\/ld+json\" class=\"yoast-schema-graph\">{\"@context\":\"https:\/\/schema.org\",\"@graph\":[{\"@type\":\"WebPage\",\"@id\":\"https:\/\/bayareacrisisnursery.org\/programs\/respite-care\/\",\"url\":\"https:\/\/bayareacrisisnursery.org\/programs\/respite-care\/\",\"name\":\"Respite Care- Bay Area Crisis Nursery\",\"isPartOf\":{\"@id\":\"https:\/\/bayareacrisisnursery.org\/#website\"},\"datePublished\":\"2022-08-23T21:42:40+00:00\",\"dateModified\":\"2025-03-20T21:21:33+00:00\",\"description\":\"The Bay Area Crisis Nursery's Respite Care program provides short-term free childcare for children so parents can take a break.\",\"breadcrumb\":{\"@id\":\"https:\/\/bayareacrisisnursery.org\/programs\/respite-care\/#breadcrumb\"},\"inLanguage\":\"vi\",\"potentialAction\":[{\"@type\":\"ReadAction\",\"target\":[\"https:\/\/bayareacrisisnursery.org\/programs\/respite-care\/\"]}]},{\"@type\":\"BreadcrumbList\",\"@id\":\"https:\/\/bayareacrisisnursery.org\/programs\/respite-care\/#breadcrumb\",\"itemListElement\":[{\"@type\":\"ListItem\",\"position\":1,\"name\":\"Home\",\"item\":\"https:\/\/bayareacrisisnursery.org\/\"},{\"@type\":\"ListItem\",\"position\":2,\"name\":\"Our Programs\",\"item\":\"https:\/\/bayareacrisisnursery.org\/programs\/\"},{\"@type\":\"ListItem\",\"position\":3,\"name\":\"Respite Care\"}]},{\"@type\":\"WebSite\",\"@id\":\"https:\/\/bayareacrisisnursery.org\/#website\",\"url\":\"https:\/\/bayareacrisisnursery.org\/\",\"name\":\"Bay Area Crisis Nursery\",\"description\":\"A Little Heart. A Little Help. A Lot of Hope.\",\"publisher\":{\"@id\":\"https:\/\/bayareacrisisnursery.org\/#organization\"},\"potentialAction\":[{\"@type\":\"SearchAction\",\"target\":{\"@type\":\"EntryPoint\",\"urlTemplate\":\"https:\/\/bayareacrisisnursery.org\/?s={search_term_string}\"},\"query-input\":{\"@type\":\"PropertyValueSpecification\",\"valueRequired\":true,\"valueName\":\"search_term_string\"}}],\"inLanguage\":\"vi\"},{\"@type\":\"Organization\",\"@id\":\"https:\/\/bayareacrisisnursery.org\/#organization\",\"name\":\"Bay Area Crisis Nursery\",\"url\":\"https:\/\/bayareacrisisnursery.org\/\",\"logo\":{\"@type\":\"ImageObject\",\"inLanguage\":\"vi\",\"@id\":\"https:\/\/bayareacrisisnursery.org\/#\/schema\/logo\/image\/\",\"url\":\"https:\/\/bayareacrisisnursery.org\/wp-content\/uploads\/2020\/12\/BACN-Logo.png\",\"contentUrl\":\"https:\/\/bayareacrisisnursery.org\/wp-content\/uploads\/2020\/12\/BACN-Logo.png\",\"width\":751,\"height\":374,\"caption\":\"Bay Area Crisis Nursery\"},\"image\":{\"@id\":\"https:\/\/bayareacrisisnursery.org\/#\/schema\/logo\/image\/\"},\"sameAs\":[\"https:\/\/www.facebook.com\/bacnspage\/\",\"https:\/\/x.com\/bacn_nursery\",\"https:\/\/www.instagram.com\/bayareacrisisnursery\/\",\"https:\/\/www.linkedin.com\/company\/bay-area-crisis-nursery\/about\/\"]}]}<\/script>\n<!-- \/ Yoast SEO Premium plugin. -->","yoast_head_json":{"title":"Respite Care- Bay Area Crisis Nursery","description":"The Bay Area Crisis Nursery's Respite Care program provides short-term free childcare for children so parents can take a break.","robots":{"index":"index","follow":"follow","max-snippet":"max-snippet:-1","max-image-preview":"max-image-preview:large","max-video-preview":"max-video-preview:-1"},"canonical":"https:\/\/bayareacrisisnursery.org\/vi\/programs\/respite-care\/","og_locale":"vi_VN","og_type":"article","og_title":"Respite Care","og_description":"The Bay Area Crisis Nursery's Respite Care program provides short-term free childcare for children so parents can take a break.","og_url":"https:\/\/bayareacrisisnursery.org\/vi\/programs\/respite-care\/","og_site_name":"Bay Area Crisis Nursery","article_publisher":"https:\/\/www.facebook.com\/bacnspage\/","article_modified_time":"2025-03-20T21:21:33+00:00","twitter_card":"summary_large_image","twitter_site":"@bacn_nursery","twitter_misc":{"\u01af\u1edbc t\u00ednh th\u1eddi gian \u0111\u1ecdc":"3 ph\u00fat"},"schema":{"@context":"https:\/\/schema.org","@graph":[{"@type":"WebPage","@id":"https:\/\/bayareacrisisnursery.org\/programs\/respite-care\/","url":"https:\/\/bayareacrisisnursery.org\/programs\/respite-care\/","name":"Respite Care- Bay Area Crisis Nursery","isPartOf":{"@id":"https:\/\/bayareacrisisnursery.org\/#website"},"datePublished":"2022-08-23T21:42:40+00:00","dateModified":"2025-03-20T21:21:33+00:00","description":"The Bay Area Crisis Nursery's Respite Care program provides short-term free childcare for children so parents can take a break.","breadcrumb":{"@id":"https:\/\/bayareacrisisnursery.org\/programs\/respite-care\/#breadcrumb"},"inLanguage":"vi","potentialAction":[{"@type":"ReadAction","target":["https:\/\/bayareacrisisnursery.org\/programs\/respite-care\/"]}]},{"@type":"BreadcrumbList","@id":"https:\/\/bayareacrisisnursery.org\/programs\/respite-care\/#breadcrumb","itemListElement":[{"@type":"ListItem","position":1,"name":"Home","item":"https:\/\/bayareacrisisnursery.org\/"},{"@type":"ListItem","position":2,"name":"Our Programs","item":"https:\/\/bayareacrisisnursery.org\/programs\/"},{"@type":"ListItem","position":3,"name":"Respite Care"}]},{"@type":"WebSite","@id":"https:\/\/bayareacrisisnursery.org\/#website","url":"https:\/\/bayareacrisisnursery.org\/","name":"V\u01b0\u1eddn \u01b0\u01a1m Kh\u1ee7ng ho\u1ea3ng V\u00f9ng V\u1ecbnh","description":"M\u1ed9t Tr\u00e1i Tim Nh\u1ecf. M\u1ed9t s\u1ef1 gi\u00fap \u0111\u1ee1 nho nh\u1ecf. R\u1ea5t nhi\u1ec1u hy v\u1ecdng.","publisher":{"@id":"https:\/\/bayareacrisisnursery.org\/#organization"},"potentialAction":[{"@type":"SearchAction","target":{"@type":"EntryPoint","urlTemplate":"https:\/\/bayareacrisisnursery.org\/?s={search_term_string}"},"query-input":{"@type":"PropertyValueSpecification","valueRequired":true,"valueName":"search_term_string"}}],"inLanguage":"vi"},{"@type":"Organization","@id":"https:\/\/bayareacrisisnursery.org\/#organization","name":"V\u01b0\u1eddn \u01b0\u01a1m Kh\u1ee7ng ho\u1ea3ng V\u00f9ng V\u1ecbnh","url":"https:\/\/bayareacrisisnursery.org\/","logo":{"@type":"ImageObject","inLanguage":"vi","@id":"https:\/\/bayareacrisisnursery.org\/#\/schema\/logo\/image\/","url":"https:\/\/bayareacrisisnursery.org\/wp-content\/uploads\/2020\/12\/BACN-Logo.png","contentUrl":"https:\/\/bayareacrisisnursery.org\/wp-content\/uploads\/2020\/12\/BACN-Logo.png","width":751,"height":374,"caption":"Bay Area Crisis Nursery"},"image":{"@id":"https:\/\/bayareacrisisnursery.org\/#\/schema\/logo\/image\/"},"sameAs":["https:\/\/www.facebook.com\/bacnspage\/","https:\/\/x.com\/bacn_nursery","https:\/\/www.instagram.com\/bayareacrisisnursery\/","https:\/\/www.linkedin.com\/company\/bay-area-crisis-nursery\/about\/"]}]}},"_links":{"self":[{"href":"https:\/\/bayareacrisisnursery.org\/vi\/wp-json\/wp\/v2\/pages\/6466","targetHints":{"allow":["GET"]}}],"collection":[{"href":"https:\/\/bayareacrisisnursery.org\/vi\/wp-json\/wp\/v2\/pages"}],"about":[{"href":"https:\/\/bayareacrisisnursery.org\/vi\/wp-json\/wp\/v2\/types\/page"}],"author":[{"embeddable":true,"href":"https:\/\/bayareacrisisnursery.org\/vi\/wp-json\/wp\/v2\/users\/1"}],"replies":[{"embeddable":true,"href":"https:\/\/bayareacrisisnursery.org\/vi\/wp-json\/wp\/v2\/comments?post=6466"}],"version-history":[{"count":11,"href":"https:\/\/bayareacrisisnursery.org\/vi\/wp-json\/wp\/v2\/pages\/6466\/revisions"}],"predecessor-version":[{"id":7350,"href":"https:\/\/bayareacrisisnursery.org\/vi\/wp-json\/wp\/v2\/pages\/6466\/revisions\/7350"}],"up":[{"embeddable":true,"href":"https:\/\/bayareacrisisnursery.org\/vi\/wp-json\/wp\/v2\/pages\/186"}],"wp:attachment":[{"href":"https:\/\/bayareacrisisnursery.org\/vi\/wp-json\/wp\/v2\/media?parent=6466"}],"curies":[{"name":"wp","href":"https:\/\/api.w.org\/{rel}","templated":true}]}}