{"id":6549,"date":"2022-08-25T20:22:50","date_gmt":"2022-08-25T20:22:50","guid":{"rendered":"https:\/\/bayareacrisisnursery.org\/?page_id=6549"},"modified":"2025-03-20T21:20:37","modified_gmt":"2025-03-20T21:20:37","slug":"emergency-childcare","status":"publish","type":"page","link":"https:\/\/bayareacrisisnursery.org\/vi\/programs\/emergency-childcare\/","title":{"rendered":"Ch\u0103m s\u00f3c tr\u1ebb kh\u1ea9n c\u1ea5p"},"content":{"rendered":"<div id=\"cs-content\" class=\"cs-content\"><div class=\"x-section e6549-e1 m51x-0 m51x-1 m51x-2 m51x-3\"><div class=\"x-row e6549-e2 m51x-8 m51x-a m51x-b\"><div class=\"x-row-inner\"><div class=\"x-col e6549-e3 m51x-i m51x-j\"><span class=\"x-image e6549-e4 m51x-n m51x-o\"><img decoding=\"async\" src=\"https:\/\/bayareacrisisnursery.org\/wp-content\/uploads\/2022\/08\/Emergency-Childcare.png\" width=\"1200\" height=\"400\" alt=\"Emergency Childcare\" loading=\"lazy\"><\/span><\/div><\/div><\/div><\/div><div class=\"x-section e6549-e5 m51x-0 m51x-3 m51x-4\"><div class=\"x-row e6549-e6 m51x-8 m51x-9 m51x-a m51x-c\"><div class=\"x-row-inner\"><div class=\"x-col e6549-e7 m51x-i m51x-j m51x-k\"><div class=\"x-statbar e6549-e8 m51x-r m51x-s m51x-7\" data-x-element-statbar=\"{&quot;triggerOffset&quot;:&quot;50%&quot;}\"><div class=\"x-statbar-bar\"><div class=\"x-statbar-label\"><span>50%<\/span><\/div><\/div><\/div><div class=\"x-text x-text-headline e6549-e9 m51x-u m51x-v m51x-w m51x-x\"><div class=\"x-text-content\"><div class=\"x-text-content-text\"><h2 class=\"x-text-content-text-primary\">Kho\u1ea3ng m\u1ed9t n\u1eeda s\u1ed1 ng\u01b0\u1eddi M\u1ef9 g\u1eb7p kh\u00f3 kh\u0103n khi t\u00ecm n\u01a1i gi\u1eef tr\u1ebb.<\/h2>\n<\/div><\/div><\/div><\/div><div class=\"x-col e6549-e10 m51x-i m51x-j m51x-k\"><i class=\"x-icon e6549-e11 m51x-10\" aria-hidden=\"true\" data-x-icon-s=\"&#xf587;\"><\/i><div class=\"x-text x-text-headline e6549-e12 m51x-u m51x-v m51x-w m51x-x\"><div class=\"x-text-content\"><div class=\"x-text-content-text\"><h2 class=\"x-text-content-text-primary\">Children can receive 720 hours of free childcare in a year!<\/h2>\n<\/div><\/div><\/div><\/div><div class=\"x-col e6549-e13 m51x-i m51x-j m51x-k\"><div class=\"x-statbar e6549-e14 m51x-r m51x-t m51x-7\" data-x-element-statbar=\"{&quot;triggerOffset&quot;:&quot;50%&quot;}\"><div class=\"x-statbar-bar\"><div class=\"x-statbar-label\"><span>7%<\/span><\/div><\/div><\/div><div class=\"x-text x-text-headline e6549-e15 m51x-u m51x-v m51x-w m51x-x\"><div class=\"x-text-content\"><div class=\"x-text-content-text\"><h2 class=\"x-text-content-text-primary\">Ch\u1ec9 7% trong s\u1ed1 c\u00e1c ch\u1ed7 tr\u00f4ng tr\u1ebb \u1edf California ch\u0103m s\u00f3c tr\u1ebb s\u01a1 sinh v\u00e0 tr\u1ebb m\u1edbi bi\u1ebft \u0111i.<\/h2>\n<\/div><\/div><\/div><\/div><\/div><\/div><\/div><div class=\"x-section e6549-e16 m51x-0 m51x-1 m51x-3 m51x-5\"><div class=\"x-row e6549-e17 m51x-8 m51x-a m51x-d\"><div class=\"x-row-inner\"><div class=\"x-col e6549-e18 m51x-i m51x-j\"><hr class=\"x-line e6549-e19 m51x-11\"\/><\/div><\/div><\/div><\/div><div class=\"x-section e6549-e20 m51x-0 m51x-1 m51x-3 m51x-5\"><div class=\"x-row e6549-e21 m51x-8 m51x-a m51x-e\"><div class=\"x-row-inner\"><div class=\"x-col e6549-e22 m51x-i m51x-l\">The Bay Area Crisis Nursery helps families who need immediate childcare by providing access to quality childcare. The Nursery offers free Emergency Childcare Services to children ages birth to age 6 daily from 7 am \u2013 9 pm. We are open 365 days a year, including holidays. Children can stay with us for the full day or just a few hours. Families can receive up to 30 days of childcare within a 6-month period and 60 days in a year.<\/p>\n\nD\u1ecbch v\u1ee5 Ch\u0103m s\u00f3c Tr\u1ebb em Kh\u1ea9n c\u1ea5p c\u00f3 s\u1eb5n cho c\u00e1c gia \u0111\u00ecnh \u0111ang g\u1eb7p kh\u1ee7ng ho\u1ea3ng. Ch\u00fang c\u00f3 th\u1ec3 bao g\u1ed3m b\u1eaft \u0111\u1ea7u m\u1ed9t c\u00f4ng vi\u1ec7c m\u1edbi, m\u1ea5t ng\u01b0\u1eddi ch\u0103m s\u00f3c tr\u1ebb, \u0111\u00f3ng c\u1eeda ch\u01b0\u01a1ng tr\u00ecnh ch\u0103m s\u00f3c tr\u1ebb em trong k\u1ef3 ngh\u1ec9 ho\u1eb7c m\u00f9a h\u00e8, ly h\u00f4n, b\u1ea1o l\u1ef1c gia \u0111\u00ecnh, nhu c\u1ea7u y t\u1ebf v\u00e0 c\u1ea7n h\u1ed7 tr\u1ee3 trong th\u1eddi gian c\u0103ng th\u1eb3ng. Ch\u00fang t\u00f4i s\u1ebd cung c\u1ea5p m\u1ecdi th\u1ee9 ch\u00fang c\u1ea7n trong ng\u00e0y bao g\u1ed3m th\u1ee9c \u0103n, s\u1eefa c\u00f4ng th\u1ee9c, t\u00e3 l\u00f3t v\u00e0 qu\u1ea7n \u00e1o b\u1ed5 sung. Cha m\u1eb9 kh\u00f4ng c\u1ea7n ph\u1ea3i lo l\u1eafng v\u1ec1 vi\u1ec7c \u0111\u00f3ng g\u00f3i m\u1ed9t t\u00fai t\u00e3 ho\u1eb7c g\u1eedi tr\u1ebb em v\u1edbi th\u1ee9c \u0103n.<\/p>\n\nCh\u00fang t\u00f4i bi\u1ebft r\u1eb1ng vi\u1ec7c t\u00ecm ki\u1ebfm n\u01a1i gi\u1eef tr\u1ebb v\u1edbi gi\u00e1 c\u1ea3 ph\u1ea3i ch\u0103ng \u1edf V\u00f9ng V\u1ecbnh l\u00e0 r\u1ea5t kh\u00f3. C\u00e1c b\u1eadc cha m\u1eb9 v\u00e0 ng\u01b0\u1eddi gi\u00e1m h\u1ed9 kh\u00f4ng t\u00ecm \u0111\u01b0\u1ee3c ch\u1ed7 tr\u00f4ng tr\u1ebb bu\u1ed9c ph\u1ea3i l\u1ef1a ch\u1ecdn gi\u1eefa vi\u1ec7c nh\u1eadn l\u1eddi m\u1eddi l\u00e0m vi\u1ec7c, ti\u1ebfp t\u1ee5c gi\u00e1o d\u1ee5c v\u00e0 chu c\u1ea5p cho con m\u00ecnh. Ch\u00fang t\u00f4i c\u1ed1 g\u1eafng gi\u00fap c\u00e1c gia \u0111\u00ecnh \u0111\u1ea1t \u0111\u01b0\u1ee3c kh\u1ea3 n\u0103ng t\u1ef1 cung t\u1ef1 c\u1ea5p b\u1eb1ng c\u00e1ch h\u1ed7 tr\u1ee3 h\u1ecd \u0111\u00e1p \u1ee9ng c\u00e1c nhu c\u1ea7u ch\u0103m s\u00f3c tr\u1ebb em c\u1ee7a h\u1ecd, bao g\u1ed3m cung c\u1ea5p d\u1ecbch v\u1ee5 gi\u1eef tr\u1ebb mi\u1ec5n ph\u00ed v\u00e0 gi\u00fap c\u00e1c gia \u0111\u00ecnh ph\u00e1t tri\u1ec3n c\u00e1c k\u1ebf ho\u1ea1ch ch\u0103m s\u00f3c tr\u1ebb em d\u00e0i h\u1ea1n. Ch\u00fang t\u00f4i c\u1ed1 g\u1eafng gi\u00fap c\u00e1c gia \u0111\u00ecnh \u0111\u1ea1t \u0111\u01b0\u1ee3c kh\u1ea3 n\u0103ng t\u1ef1 cung t\u1ef1 c\u1ea5p b\u1eb1ng c\u00e1ch h\u1ed7 tr\u1ee3 h\u1ecd \u0111\u00e1p \u1ee9ng c\u00e1c nhu c\u1ea7u ch\u0103m s\u00f3c tr\u1ebb em c\u1ee7a h\u1ecd, bao g\u1ed3m cung c\u1ea5p d\u1ecbch v\u1ee5 gi\u1eef tr\u1ebb mi\u1ec5n ph\u00ed v\u00e0 gi\u00fap c\u00e1c gia \u0111\u00ecnh ph\u00e1t tri\u1ec3n c\u00e1c k\u1ebf ho\u1ea1ch ch\u0103m s\u00f3c tr\u1ebb em d\u00e0i h\u1ea1n. <\/p>\n\n<p>\u0110\u1ec3 l\u00ean l\u1ecbch D\u1ecbch v\u1ee5 Ch\u0103m s\u00f3c Tr\u1ebb em Kh\u1ea9n c\u1ea5p, <b><a href=\"tel:925-685-6633\">xin g\u1ecdi<\/a><\/b> Nh\u00e0 tr\u1ebb. Ch\u00fang t\u00f4i lu\u00f4n s\u1eb5n s\u00e0ng ph\u1ee5c v\u1ee5 24\/24.<\/p>\n\nNh\u1edd m\u1ed9t s\u1ed1 quan h\u1ec7 \u0111\u1ed1i t\u00e1c v\u00e0 t\u00e0i tr\u1ee3 t\u01b0 nh\u00e2n, Nursery c\u00f3 th\u1ec3 cung c\u1ea5p d\u1ecbch v\u1ee5 ch\u0103m s\u00f3c tr\u1ebb kh\u1ea9n c\u1ea5p mi\u1ec5n ph\u00ed cho c\u00e1c gia \u0111\u00ecnh c\u00f3 thu nh\u1eadp th\u1ea5p. Ngu\u1ed3n t\u00e0i tr\u1ee3 \u0111\u01b0\u1ee3c cung c\u1ea5p m\u1ed9t ph\u1ea7n b\u1edfi H\u1ea1t Contra Costa, Th\u00e0nh ph\u1ed1 Antioch, Th\u00e0nh ph\u1ed1 Concord, v\u00e0 Qu\u1ef9 Gi\u1ea3m nh\u1eb9 H\u1ebbm n\u00fai Keller. <\/p>\n<\/div><\/div><\/div><\/div><div class=\"x-section e6549-e24 m51x-0 m51x-1 m51x-3 m51x-5\"><div class=\"x-row e6549-e25 m51x-8 m51x-a m51x-f\"><div class=\"x-row-inner\"><div class=\"x-col e6549-e26 m51x-i m51x-j\"><div id=\"x-content-band-1\" class=\"x-content-band border-top border-left border-right border-bottom\" style=\"background-color: #efefef; color: #333;\"><div class=\"x-container max width\"> \n\n<h4  class=\"h-custom-headline h3\" style=\"margin-top: 0;\"><span>L\u00ean l\u1ecbch tham quan<\/span><\/h4><\/p>\n\nC\u00e1c gia \u0111\u00ecnh c\u00f3 th\u1ec3 l\u00ean l\u1ecbch tham quan V\u01b0\u1eddn \u01b0\u01a1m, g\u1eb7p g\u1ee1 nh\u00e2n vi\u00ean c\u1ee7a ch\u00fang t\u00f4i v\u00e0 xem con b\u1ea1n s\u1ebd \u1edf \u0111\u00e2u.<\/p>\n\n<p><a  class=\"x-btn x-btn-flat x-btn-global\"  href=\"mailto:gina@bayareacrisisnursery.org&subject=Parent Tour of the Nursery\"     data-options=\"thumbnail: ''\">L\u00ean l\u1ecbch ngay h\u00f4m nay<\/a> <\/div><\/div><\/div><\/div><\/div><\/div><div class=\"x-section e6549-e28 m51x-0 m51x-4 m51x-6\"><div class=\"x-row e6549-e29 m51x-8 m51x-9 m51x-a m51x-g\"><div class=\"x-row-inner\"><div class=\"x-col e6549-e30 m51x-i m51x-j\"><div class=\"x-text x-text-headline e6549-e31 m51x-v m51x-w m51x-y\"><div class=\"x-text-content\"><div class=\"x-text-content-text\"><h3 class=\"x-text-content-text-primary\">H\u1ed7 tr\u1ee3 BACN<\/h3>\n<\/div><\/div><\/div><\/div><\/div><\/div><div class=\"x-row e6549-e32 m51x-8 m51x-9 m51x-a m51x-h\"><div class=\"x-row-inner\"><div class=\"x-col e6549-e33 m51x-i m51x-j m51x-m\"><a class=\"x-image e6549-e34 m51x-n m51x-p\" href=\"https:\/\/bayareacrisisnursery.app.neoncrm.com\/forms\/donate\" target=\"_blank\" rel=\"noopener noreferrer\"><img decoding=\"async\" src=\"https:\/\/bayareacrisisnursery.org\/wp-content\/uploads\/2022\/08\/Piggy-Bank.jpg\" width=\"600\" height=\"400\" alt=\"Donate Today\" loading=\"lazy\"><\/a><div class=\"x-text x-text-headline e6549-e35 m51x-u m51x-v m51x-z\"><div class=\"x-text-content\"><div class=\"x-text-content-text\"><h3 class=\"x-text-content-text-primary\"><a href=\"https:\/\/bayareacrisisnursery.app.neoncrm.com\/forms\/donate\" data-wplink-edit=\"true\">Quy\u00ean g\u00f3p ngay h\u00f4m nay!<\/a><\/h3>\n<\/div><\/div><\/div><\/div><div class=\"x-col e6549-e36 m51x-i m51x-j m51x-m\"><a class=\"x-image e6549-e37 m51x-n m51x-p m51x-q\" href=\"https:\/\/mailchi.mp\/bayareacrisisnursery\/newsletter?dnt=1%22%20data-wplink-edit=%22true%22\" target=\"_blank\" rel=\"noopener noreferrer\"><img decoding=\"async\" src=\"https:\/\/bayareacrisisnursery.org\/wp-content\/uploads\/2022\/08\/News.jpg\" width=\"600\" height=\"400\" alt=\"Newsletter\" loading=\"lazy\"><\/a><div class=\"x-text x-text-headline e6549-e38 m51x-u m51x-v m51x-z\"><div class=\"x-text-content\"><div class=\"x-text-content-text\"><h3 class=\"x-text-content-text-primary\"><p><a href=\"https:\/\/mailchi.mp\/bayareacrisisnursery\/newsletter?dnt=1\" data-wplink-edit=\"true\">\u0110\u0103ng k\u00fd \u0111\u1ec3 gi\u1eef li\u00ean l\u1ea1c<\/a><\/p><\/h3>\n<\/div><\/div><\/div><\/div><\/div><\/div><\/div><\/div>","protected":false},"excerpt":{"rendered":"<p>50%Roughly half of Americans have trouble finding child care. Children can receive 720 hours of free childcare in a year! 7%Only 7% of the childcare slots in California care for infants and toddlers. The Bay Area Crisis Nursery helps families who need immediate childcare by providing access to quality childcare. The Nursery offers free Emergency Childcare Services to children ages &#8230; <a href=\"https:\/\/bayareacrisisnursery.org\/vi\/programs\/emergency-childcare\/\" class=\"more-link\">\u0110\u1ecdc th\u00eam<\/a><\/p>","protected":false},"author":1,"featured_media":0,"parent":186,"menu_order":2,"comment_status":"closed","ping_status":"closed","template":"template-layout-full-width.php","meta":{"om_disable_all_campaigns":false,"_monsterinsights_skip_tracking":false,"_monsterinsights_sitenote_active":false,"_monsterinsights_sitenote_note":"","_monsterinsights_sitenote_category":0,"_uf_show_specific_survey":0,"_uf_disable_surveys":false,"footnotes":""},"class_list":["post-6549","page","type-page","status-publish","hentry","no-post-thumbnail"],"yoast_head":"<!-- This site is optimized with the Yoast SEO Premium plugin v27.2 (Yoast SEO v27.2) - https:\/\/yoast.com\/product\/yoast-seo-premium-wordpress\/ -->\n<title>Free Emergency Childcare Services<\/title>\n<meta name=\"description\" content=\"BACN offers free emergency childcare daily from 7 am - 7 pm for up to 60 days in a year. Call the Nursery today to schedule your child.\" \/>\n<meta name=\"robots\" content=\"index, follow, max-snippet:-1, max-image-preview:large, max-video-preview:-1\" \/>\n<link rel=\"canonical\" href=\"https:\/\/bayareacrisisnursery.org\/vi\/programs\/emergency-childcare\/\" \/>\n<meta property=\"og:locale\" content=\"vi_VN\" \/>\n<meta property=\"og:type\" content=\"article\" \/>\n<meta property=\"og:title\" content=\"Emergency Childcare\" \/>\n<meta property=\"og:description\" content=\"BACN offers free emergency childcare daily from 7 am - 7 pm for up to 60 days in a year. Call the Nursery today to schedule your child.\" \/>\n<meta property=\"og:url\" content=\"https:\/\/bayareacrisisnursery.org\/vi\/programs\/emergency-childcare\/\" \/>\n<meta property=\"og:site_name\" content=\"Bay Area Crisis Nursery\" \/>\n<meta property=\"article:publisher\" content=\"https:\/\/www.facebook.com\/bacnspage\/\" \/>\n<meta property=\"article:modified_time\" content=\"2025-03-20T21:20:37+00:00\" \/>\n<meta name=\"twitter:card\" content=\"summary_large_image\" \/>\n<meta name=\"twitter:site\" content=\"@bacn_nursery\" \/>\n<meta name=\"twitter:label1\" content=\"\u01af\u1edbc t\u00ednh th\u1eddi gian \u0111\u1ecdc\" \/>\n\t<meta name=\"twitter:data1\" content=\"2 ph\u00fat\" \/>\n<script type=\"application\/ld+json\" class=\"yoast-schema-graph\">{\"@context\":\"https:\/\/schema.org\",\"@graph\":[{\"@type\":\"WebPage\",\"@id\":\"https:\/\/bayareacrisisnursery.org\/programs\/emergency-childcare\/\",\"url\":\"https:\/\/bayareacrisisnursery.org\/programs\/emergency-childcare\/\",\"name\":\"Free Emergency Childcare Services\",\"isPartOf\":{\"@id\":\"https:\/\/bayareacrisisnursery.org\/#website\"},\"datePublished\":\"2022-08-25T20:22:50+00:00\",\"dateModified\":\"2025-03-20T21:20:37+00:00\",\"description\":\"BACN offers free emergency childcare daily from 7 am - 7 pm for up to 60 days in a year. Call the Nursery today to schedule your child.\",\"breadcrumb\":{\"@id\":\"https:\/\/bayareacrisisnursery.org\/programs\/emergency-childcare\/#breadcrumb\"},\"inLanguage\":\"vi\",\"potentialAction\":[{\"@type\":\"ReadAction\",\"target\":[\"https:\/\/bayareacrisisnursery.org\/programs\/emergency-childcare\/\"]}]},{\"@type\":\"BreadcrumbList\",\"@id\":\"https:\/\/bayareacrisisnursery.org\/programs\/emergency-childcare\/#breadcrumb\",\"itemListElement\":[{\"@type\":\"ListItem\",\"position\":1,\"name\":\"Home\",\"item\":\"https:\/\/bayareacrisisnursery.org\/\"},{\"@type\":\"ListItem\",\"position\":2,\"name\":\"Our Programs\",\"item\":\"https:\/\/bayareacrisisnursery.org\/programs\/\"},{\"@type\":\"ListItem\",\"position\":3,\"name\":\"Emergency Childcare\"}]},{\"@type\":\"WebSite\",\"@id\":\"https:\/\/bayareacrisisnursery.org\/#website\",\"url\":\"https:\/\/bayareacrisisnursery.org\/\",\"name\":\"Bay Area Crisis Nursery\",\"description\":\"A Little Heart. A Little Help. A Lot of Hope.\",\"publisher\":{\"@id\":\"https:\/\/bayareacrisisnursery.org\/#organization\"},\"potentialAction\":[{\"@type\":\"SearchAction\",\"target\":{\"@type\":\"EntryPoint\",\"urlTemplate\":\"https:\/\/bayareacrisisnursery.org\/?s={search_term_string}\"},\"query-input\":{\"@type\":\"PropertyValueSpecification\",\"valueRequired\":true,\"valueName\":\"search_term_string\"}}],\"inLanguage\":\"vi\"},{\"@type\":\"Organization\",\"@id\":\"https:\/\/bayareacrisisnursery.org\/#organization\",\"name\":\"Bay Area Crisis Nursery\",\"url\":\"https:\/\/bayareacrisisnursery.org\/\",\"logo\":{\"@type\":\"ImageObject\",\"inLanguage\":\"vi\",\"@id\":\"https:\/\/bayareacrisisnursery.org\/#\/schema\/logo\/image\/\",\"url\":\"https:\/\/bayareacrisisnursery.org\/wp-content\/uploads\/2020\/12\/BACN-Logo.png\",\"contentUrl\":\"https:\/\/bayareacrisisnursery.org\/wp-content\/uploads\/2020\/12\/BACN-Logo.png\",\"width\":751,\"height\":374,\"caption\":\"Bay Area Crisis Nursery\"},\"image\":{\"@id\":\"https:\/\/bayareacrisisnursery.org\/#\/schema\/logo\/image\/\"},\"sameAs\":[\"https:\/\/www.facebook.com\/bacnspage\/\",\"https:\/\/x.com\/bacn_nursery\",\"https:\/\/www.instagram.com\/bayareacrisisnursery\/\",\"https:\/\/www.linkedin.com\/company\/bay-area-crisis-nursery\/about\/\"]}]}<\/script>\n<!-- \/ Yoast SEO Premium plugin. -->","yoast_head_json":{"title":"Free Emergency Childcare Services","description":"BACN offers free emergency childcare daily from 7 am - 7 pm for up to 60 days in a year. Call the Nursery today to schedule your child.","robots":{"index":"index","follow":"follow","max-snippet":"max-snippet:-1","max-image-preview":"max-image-preview:large","max-video-preview":"max-video-preview:-1"},"canonical":"https:\/\/bayareacrisisnursery.org\/vi\/programs\/emergency-childcare\/","og_locale":"vi_VN","og_type":"article","og_title":"Emergency Childcare","og_description":"BACN offers free emergency childcare daily from 7 am - 7 pm for up to 60 days in a year. Call the Nursery today to schedule your child.","og_url":"https:\/\/bayareacrisisnursery.org\/vi\/programs\/emergency-childcare\/","og_site_name":"Bay Area Crisis Nursery","article_publisher":"https:\/\/www.facebook.com\/bacnspage\/","article_modified_time":"2025-03-20T21:20:37+00:00","twitter_card":"summary_large_image","twitter_site":"@bacn_nursery","twitter_misc":{"\u01af\u1edbc t\u00ednh th\u1eddi gian \u0111\u1ecdc":"2 ph\u00fat"},"schema":{"@context":"https:\/\/schema.org","@graph":[{"@type":"WebPage","@id":"https:\/\/bayareacrisisnursery.org\/programs\/emergency-childcare\/","url":"https:\/\/bayareacrisisnursery.org\/programs\/emergency-childcare\/","name":"Free Emergency Childcare Services","isPartOf":{"@id":"https:\/\/bayareacrisisnursery.org\/#website"},"datePublished":"2022-08-25T20:22:50+00:00","dateModified":"2025-03-20T21:20:37+00:00","description":"BACN offers free emergency childcare daily from 7 am - 7 pm for up to 60 days in a year. Call the Nursery today to schedule your child.","breadcrumb":{"@id":"https:\/\/bayareacrisisnursery.org\/programs\/emergency-childcare\/#breadcrumb"},"inLanguage":"vi","potentialAction":[{"@type":"ReadAction","target":["https:\/\/bayareacrisisnursery.org\/programs\/emergency-childcare\/"]}]},{"@type":"BreadcrumbList","@id":"https:\/\/bayareacrisisnursery.org\/programs\/emergency-childcare\/#breadcrumb","itemListElement":[{"@type":"ListItem","position":1,"name":"Home","item":"https:\/\/bayareacrisisnursery.org\/"},{"@type":"ListItem","position":2,"name":"Our Programs","item":"https:\/\/bayareacrisisnursery.org\/programs\/"},{"@type":"ListItem","position":3,"name":"Emergency Childcare"}]},{"@type":"WebSite","@id":"https:\/\/bayareacrisisnursery.org\/#website","url":"https:\/\/bayareacrisisnursery.org\/","name":"V\u01b0\u1eddn \u01b0\u01a1m Kh\u1ee7ng ho\u1ea3ng V\u00f9ng V\u1ecbnh","description":"M\u1ed9t Tr\u00e1i Tim Nh\u1ecf. M\u1ed9t s\u1ef1 gi\u00fap \u0111\u1ee1 nho nh\u1ecf. R\u1ea5t nhi\u1ec1u hy v\u1ecdng.","publisher":{"@id":"https:\/\/bayareacrisisnursery.org\/#organization"},"potentialAction":[{"@type":"SearchAction","target":{"@type":"EntryPoint","urlTemplate":"https:\/\/bayareacrisisnursery.org\/?s={search_term_string}"},"query-input":{"@type":"PropertyValueSpecification","valueRequired":true,"valueName":"search_term_string"}}],"inLanguage":"vi"},{"@type":"Organization","@id":"https:\/\/bayareacrisisnursery.org\/#organization","name":"V\u01b0\u1eddn \u01b0\u01a1m Kh\u1ee7ng ho\u1ea3ng V\u00f9ng V\u1ecbnh","url":"https:\/\/bayareacrisisnursery.org\/","logo":{"@type":"ImageObject","inLanguage":"vi","@id":"https:\/\/bayareacrisisnursery.org\/#\/schema\/logo\/image\/","url":"https:\/\/bayareacrisisnursery.org\/wp-content\/uploads\/2020\/12\/BACN-Logo.png","contentUrl":"https:\/\/bayareacrisisnursery.org\/wp-content\/uploads\/2020\/12\/BACN-Logo.png","width":751,"height":374,"caption":"Bay Area Crisis Nursery"},"image":{"@id":"https:\/\/bayareacrisisnursery.org\/#\/schema\/logo\/image\/"},"sameAs":["https:\/\/www.facebook.com\/bacnspage\/","https:\/\/x.com\/bacn_nursery","https:\/\/www.instagram.com\/bayareacrisisnursery\/","https:\/\/www.linkedin.com\/company\/bay-area-crisis-nursery\/about\/"]}]}},"_links":{"self":[{"href":"https:\/\/bayareacrisisnursery.org\/vi\/wp-json\/wp\/v2\/pages\/6549","targetHints":{"allow":["GET"]}}],"collection":[{"href":"https:\/\/bayareacrisisnursery.org\/vi\/wp-json\/wp\/v2\/pages"}],"about":[{"href":"https:\/\/bayareacrisisnursery.org\/vi\/wp-json\/wp\/v2\/types\/page"}],"author":[{"embeddable":true,"href":"https:\/\/bayareacrisisnursery.org\/vi\/wp-json\/wp\/v2\/users\/1"}],"replies":[{"embeddable":true,"href":"https:\/\/bayareacrisisnursery.org\/vi\/wp-json\/wp\/v2\/comments?post=6549"}],"version-history":[{"count":13,"href":"https:\/\/bayareacrisisnursery.org\/vi\/wp-json\/wp\/v2\/pages\/6549\/revisions"}],"predecessor-version":[{"id":7348,"href":"https:\/\/bayareacrisisnursery.org\/vi\/wp-json\/wp\/v2\/pages\/6549\/revisions\/7348"}],"up":[{"embeddable":true,"href":"https:\/\/bayareacrisisnursery.org\/vi\/wp-json\/wp\/v2\/pages\/186"}],"wp:attachment":[{"href":"https:\/\/bayareacrisisnursery.org\/vi\/wp-json\/wp\/v2\/media?parent=6549"}],"curies":[{"name":"wp","href":"https:\/\/api.w.org\/{rel}","templated":true}]}}