{"id":6571,"date":"2022-08-25T20:12:58","date_gmt":"2022-08-25T20:12:58","guid":{"rendered":"https:\/\/bayareacrisisnursery.org\/?page_id=6571"},"modified":"2025-03-20T21:19:29","modified_gmt":"2025-03-20T21:19:29","slug":"crisis-care","status":"publish","type":"page","link":"https:\/\/bayareacrisisnursery.org\/vi\/programs\/crisis-care\/","title":{"rendered":"D\u1ecbch v\u1ee5 Ch\u0103m s\u00f3c Kh\u1ee7ng ho\u1ea3ng"},"content":{"rendered":"<div id=\"cs-content\" class=\"cs-content\"><div class=\"x-section e6571-e1 m52j-0 m52j-1 m52j-2 m52j-3\"><div class=\"x-row e6571-e2 m52j-a m52j-c m52j-d\"><div class=\"x-row-inner\"><div class=\"x-col e6571-e3 m52j-k m52j-l\"><span class=\"x-image e6571-e4 m52j-p m52j-q\"><img decoding=\"async\" src=\"https:\/\/bayareacrisisnursery.org\/wp-content\/uploads\/2022\/08\/Crisis-Care.png\" width=\"1200\" height=\"400\" alt=\"Crisis Care\" loading=\"lazy\"><\/span><\/div><\/div><\/div><\/div><div class=\"x-section e6571-e5 m52j-0 m52j-3 m52j-4 m52j-5\"><div class=\"x-row e6571-e6 m52j-a m52j-b m52j-c m52j-e\"><div class=\"x-row-inner\"><div class=\"x-col e6571-e7 m52j-k m52j-l m52j-m\"><div class=\"x-statbar e6571-e8 m52j-t m52j-9\" data-x-element-statbar=\"{&quot;triggerOffset&quot;:&quot;93%&quot;}\"><div class=\"x-statbar-bar\"><div class=\"x-statbar-label\"><span>50%<\/span><\/div><\/div><\/div><div class=\"x-text x-text-headline e6571-e9 m52j-u m52j-v m52j-w m52j-x m52j-y m52j-z m52j-10 m52j-11\"><div class=\"x-text-content\"><div class=\"x-text-content-text\"><h2 class=\"x-text-content-text-primary\">93% kh\u00e1ch h\u00e0ng c\u1ee7a ch\u00fang t\u00f4i l\u00e0 c\u00e1c h\u1ed9 gia \u0111\u00ecnh cha m\u1eb9 \u0111\u01a1n th\u00e2n kh\u00f4ng c\u00f3 gia \u0111\u00ecnh ho\u1eb7c h\u1ec7 th\u1ed1ng h\u1ed7 tr\u1ee3.<\/h2>\n<\/div><\/div><\/div><\/div><div class=\"x-col e6571-e10 m52j-k m52j-l m52j-m\"><i class=\"x-icon e6571-e11 m52j-18\" aria-hidden=\"true\" data-x-icon-l=\"&#xf77d;\"><\/i><div class=\"x-text x-text-headline e6571-e12 m52j-u m52j-v m52j-w m52j-y m52j-10 m52j-11 m52j-12\"><div class=\"x-text-content\"><div class=\"x-text-content-text\"><h2 class=\"x-text-content-text-primary\">Tr\u1ebb em c\u00f3 th\u1ec3 \u1edf t\u1ea1i Nh\u00e0 tr\u1ebb trong t\u1ed1i \u0111a 30 ng\u00e0y. <\/h2>\n<\/div><\/div><\/div><\/div><div class=\"x-col e6571-e13 m52j-k m52j-l m52j-m\"><div class=\"x-text x-text-headline e6571-e14 m52j-u m52j-v m52j-w m52j-12 m52j-13 m52j-14 m52j-15\"><div class=\"x-text-content\"><div class=\"x-text-content-text\"><h1 class=\"x-text-content-text-primary\">#1<\/h1>\n<\/div><\/div><\/div><div class=\"x-text x-text-headline e6571-e15 m52j-u m52j-v m52j-w m52j-x m52j-y m52j-z m52j-10 m52j-11\"><div class=\"x-text-content\"><div class=\"x-text-content-text\"><h2 class=\"x-text-content-text-primary\">BACN l\u00e0 v\u01b0\u1eddn \u01b0\u01a1m kh\u1ee7ng ho\u1ea3ng duy nh\u1ea5t \u0111\u01b0\u1ee3c c\u1ea5p ph\u00e9p trong Khu v\u1ef1c V\u1ecbnh SF.<\/h2>\n<\/div><\/div><\/div><\/div><\/div><\/div><\/div><div class=\"x-section e6571-e16 m52j-0 m52j-1 m52j-3 m52j-6\"><div class=\"x-row e6571-e17 m52j-a m52j-c m52j-f\"><div class=\"x-row-inner\"><div class=\"x-col e6571-e18 m52j-k m52j-l\"><hr class=\"x-line e6571-e19 m52j-19\"\/><\/div><\/div><\/div><\/div><div class=\"x-section e6571-e20 m52j-0 m52j-1 m52j-3 m52j-6\"><div class=\"x-row e6571-e21 m52j-a m52j-c m52j-g\"><div class=\"x-row-inner\"><div class=\"x-col e6571-e22 m52j-k m52j-n\">Bay Area Crisis Nursery cung c\u1ea5p 30 ng\u00e0y D\u1ecbch v\u1ee5 Ch\u0103m s\u00f3c Kh\u1ee7ng ho\u1ea3ng mi\u1ec5n ph\u00ed cho tr\u1ebb nh\u1ecf t\u1eeb \u0111\u1ed9 tu\u1ed5i s\u01a1 sinh \u0111\u1ebfn 5 tu\u1ed5i. Ch\u00fang t\u00f4i bi\u1ebft r\u1eb1ng vi\u1ec7c nu\u00f4i d\u1ea1y con c\u00e1i c\u00f3 th\u1ec3 qu\u00e1 s\u1ee9c, \u0111\u1eb7c bi\u1ec7t l\u00e0 khi c\u00e1c gia \u0111\u00ecnh \u0111ang \u0111\u1ed1i m\u1eb7t v\u1edbi kh\u1ee7ng ho\u1ea3ng v\u00e0 kh\u00f4ng c\u00f3 b\u1ea5t k\u1ef3 ai c\u00f3 th\u1ec3 t\u00ecm \u0111\u1ebfn \u0111\u1ec3 gi\u00fap \u0111\u1ee1. Ch\u00fang t\u00f4i tin r\u1eb1ng m\u1ecdi gia \u0111\u00ecnh c\u1ea7n \u0111\u01b0\u1ee3c ti\u1ebfp c\u1eadn n\u01a1i tr\u00fa \u1ea9n an to\u00e0n cho con em m\u00ecnh khi cu\u1ed9c s\u1ed1ng tr\u1edf n\u00ean kh\u00f3 kh\u0103n. Cha m\u1eb9 \u0111\u1ed1i m\u1eb7t v\u1edbi c\u00e1c tr\u01b0\u1eddng h\u1ee3p kh\u1ea9n c\u1ea5p nh\u01b0 v\u00f4 gia c\u01b0, b\u1ea1o l\u1ef1c gia \u0111\u00ecnh ho\u1eb7c c\u1ed9ng \u0111\u1ed3ng, kh\u1ee7ng ho\u1ea3ng s\u1ee9c kh\u1ecfe, thi\u1ebfu ti\u1ec7n \u00edch, tham gia ch\u01b0\u01a1ng tr\u00ecnh \u0111i\u1ec1u tr\u1ecb ho\u1eb7c tr\u1ea3i qua c\u0103ng th\u1eb3ng qu\u00e1 m\u1ee9c c\u1ee7a cha m\u1eb9 c\u00f3 th\u1ec3 li\u00ean h\u1ec7 v\u1edbi Nursery \u0111\u1ec3 ti\u1ebfp c\u1eadn D\u1ecbch v\u1ee5 Ch\u0103m s\u00f3c Kh\u1ee7ng ho\u1ea3ng. Tr\u1ebb em c\u00f3 th\u1ec3 \u1edf v\u1edbi ch\u00fang t\u00f4i trong 24 gi\u1edd v\u00e0 t\u1ed1i \u0111a 30 ng\u00e0y cho m\u1ed7i cu\u1ed9c kh\u1ee7ng ho\u1ea3ng. Ch\u00fang t\u00f4i cung c\u1ea5p cho tr\u1ebb m\u1ecdi th\u1ee9 ch\u00fang c\u1ea7n trong su\u1ed1t th\u1eddi gian \u1edf c\u1eef. H\u1ecd c\u00f3 gi\u01b0\u1eddng ri\u00eang, th\u1ee9c \u0103n, t\u00e3 l\u00f3t, qu\u1ea7n \u00e1o v\u00e0 c\u00e1c v\u1eadt d\u1ee5ng ch\u0103m s\u00f3c c\u00e1 nh\u00e2n. C\u00e1c gia \u0111\u00ecnh \u0111\u01b0\u1ee3c hoan ngh\u00eanh \u0111\u1ebfn th\u0103m V\u01b0\u1eddn tr\u1ebb trong khi con c\u00e1i c\u1ee7a h\u1ecd \u1edf l\u1ea1i v\u1edbi ch\u00fang t\u00f4i v\u00e0 \u0111\u01b0a con b\u1ea1n \u0111i tham quan trong ng\u00e0y.<\/p>\n\nCh\u00fang t\u00f4i ch\u1ea5p nh\u1eadn s\u1ef1 gi\u1edbi thi\u1ec7u t\u1eeb c\u00e1c b\u1ec7nh vi\u1ec7n, d\u1ecbch v\u1ee5 tr\u1ebb em v\u00e0 gia \u0111\u00ecnh, t\u1ed5 ch\u1ee9c phi l\u1ee3i nhu\u1eadn, ng\u01b0\u1eddi qu\u1ea3n l\u00fd h\u1ed3 s\u01a1, d\u1ecbch v\u1ee5 v\u00f4 gia c\u01b0, t\u1ed5 ch\u1ee9c b\u1ea1o l\u1ef1c gia \u0111\u00ecnh v\u00e0 b\u1ea5t k\u1ef3 ai \u0111ang c\u1ed1 g\u1eafng gi\u00fap cha m\u1eb9 v\u01b0\u1ee3t qua giai \u0111o\u1ea1n kh\u00f3 kh\u0103n.<\/p>\n\n\u0110\u1ec3 l\u00ean l\u1ecbch cho c\u00e1c D\u1ecbch v\u1ee5 Ch\u0103m s\u00f3c Kh\u1ee7ng ho\u1ea3ng, <b><a href=\"tel:925-685-6633\">xin g\u1ecdi<\/a><\/b> Nh\u00e0 tr\u1ebb. Ch\u00fang t\u00f4i lu\u00f4n s\u1eb5n s\u00e0ng ph\u1ee5c v\u1ee5 24\/24.<\/p>\n\nNh\u1edd m\u1ed9t s\u1ed1 quan h\u1ec7 \u0111\u1ed1i t\u00e1c v\u00e0 t\u00e0i tr\u1ee3 t\u01b0 nh\u00e2n, Nursery c\u00f3 th\u1ec3 cung c\u1ea5p d\u1ecbch v\u1ee5 ch\u0103m s\u00f3c tr\u1ebb kh\u1ea9n c\u1ea5p mi\u1ec5n ph\u00ed cho c\u00e1c gia \u0111\u00ecnh c\u00f3 thu nh\u1eadp th\u1ea5p. Ngu\u1ed3n t\u00e0i tr\u1ee3 \u0111\u01b0\u1ee3c cung c\u1ea5p m\u1ed9t ph\u1ea7n b\u1edfi H\u1ea1t Contra Costa, Th\u00e0nh ph\u1ed1 Antioch, Th\u00e0nh ph\u1ed1 Concord, v\u00e0 Qu\u1ef9 Gi\u1ea3m nh\u1eb9 H\u1ebbm n\u00fai Keller. <\/p><\/div><\/div><\/div><\/div><div class=\"x-section e6571-e24 m52j-0 m52j-3 m52j-5 m52j-7\"><div class=\"x-row e6571-e25 m52j-a m52j-c m52j-h\"><div class=\"x-row-inner\"><div class=\"x-col e6571-e26 m52j-k m52j-l\"><div id=\"x-content-band-1\" class=\"x-content-band border-top border-left border-right border-bottom\" style=\"background-color: #efefef; color: #333;\"><div class=\"x-container max width\"> \n\n<h4  class=\"h-custom-headline h3\" style=\"margin-top: 0;\"><span>L\u00ean l\u1ecbch tham quan<\/span><\/h4><\/p>\n\nC\u00e1c gia \u0111\u00ecnh c\u00f3 th\u1ec3 l\u00ean l\u1ecbch tham quan V\u01b0\u1eddn \u01b0\u01a1m, g\u1eb7p g\u1ee1 nh\u00e2n vi\u00ean c\u1ee7a ch\u00fang t\u00f4i v\u00e0 xem con b\u1ea1n s\u1ebd \u1edf \u0111\u00e2u.<\/p>\n\n<p><a  class=\"x-btn x-btn-flat x-btn-global\"  href=\"mailto:gina@bayareacrisisnursery.org&subject=Parent Tour of the Nursery\"     data-options=\"thumbnail: ''\">L\u00ean l\u1ecbch ngay h\u00f4m nay<\/a> <\/div><\/div><\/div><\/div><\/div><\/div><div class=\"x-section e6571-e28 m52j-0 m52j-4 m52j-5 m52j-8\"><div class=\"x-row e6571-e29 m52j-a m52j-b m52j-c m52j-i\"><div class=\"x-row-inner\"><div class=\"x-col e6571-e30 m52j-k m52j-l\"><div class=\"x-text x-text-headline e6571-e31 m52j-v m52j-w m52j-x m52j-10 m52j-11 m52j-15 m52j-16\"><div class=\"x-text-content\"><div class=\"x-text-content-text\"><h3 class=\"x-text-content-text-primary\">H\u1ed7 tr\u1ee3 BACN<\/h3>\n<\/div><\/div><\/div><\/div><\/div><\/div><div class=\"x-row e6571-e32 m52j-a m52j-b m52j-c m52j-j\"><div class=\"x-row-inner\"><div class=\"x-col e6571-e33 m52j-k m52j-l m52j-o\"><a class=\"x-image e6571-e34 m52j-p m52j-r\" href=\"https:\/\/bayareacrisisnursery.app.neoncrm.com\/forms\/donate\" target=\"_blank\" rel=\"noopener noreferrer\"><img decoding=\"async\" src=\"https:\/\/bayareacrisisnursery.org\/wp-content\/uploads\/2022\/08\/Piggy-Bank.jpg\" width=\"600\" height=\"400\" alt=\"Donate Today\" loading=\"lazy\"><\/a><div class=\"x-text x-text-headline e6571-e35 m52j-u m52j-v m52j-10 m52j-14 m52j-17\"><div class=\"x-text-content\"><div class=\"x-text-content-text\"><h3 class=\"x-text-content-text-primary\"><a href=\"https:\/\/bayareacrisisnursery.app.neoncrm.com\/forms\/donate\" data-wplink-edit=\"true\">Quy\u00ean g\u00f3p ngay h\u00f4m nay!<\/a><\/h3>\n<\/div><\/div><\/div><\/div><div class=\"x-col e6571-e36 m52j-k m52j-l m52j-o\"><a class=\"x-image e6571-e37 m52j-p m52j-r m52j-s\" href=\"https:\/\/mailchi.mp\/bayareacrisisnursery\/newsletter?dnt=1%22%20data-wplink-edit=%22true%22\" target=\"_blank\" rel=\"noopener noreferrer\"><img decoding=\"async\" src=\"https:\/\/bayareacrisisnursery.org\/wp-content\/uploads\/2022\/08\/News.jpg\" width=\"600\" height=\"400\" alt=\"Newsletter\" loading=\"lazy\"><\/a><div class=\"x-text x-text-headline e6571-e38 m52j-u m52j-v m52j-10 m52j-14 m52j-17\"><div class=\"x-text-content\"><div class=\"x-text-content-text\"><h3 class=\"x-text-content-text-primary\"><p><a href=\"https:\/\/mailchi.mp\/bayareacrisisnursery\/newsletter?dnt=1\" data-wplink-edit=\"true\">\u0110\u0103ng k\u00fd \u0111\u1ec3 gi\u1eef li\u00ean l\u1ea1c<\/a><\/p><\/h3>\n<\/div><\/div><\/div><\/div><\/div><\/div><\/div><\/div>","protected":false},"excerpt":{"rendered":"<p>50%93% of our clients are single parent households with no family or support systems. Children can stay at the Nursery for up to 30 days. #1 BACN is the only licensed crisis nursery in the SF Bay Area. The Bay Area Crisis Nursery offers 30 days of free Crisis Care Services to young children ages birth through 5. We know &#8230; <a href=\"https:\/\/bayareacrisisnursery.org\/vi\/programs\/crisis-care\/\" class=\"more-link\">\u0110\u1ecdc th\u00eam<\/a><\/p>","protected":false},"author":1,"featured_media":0,"parent":186,"menu_order":1,"comment_status":"closed","ping_status":"closed","template":"template-layout-full-width.php","meta":{"om_disable_all_campaigns":false,"_monsterinsights_skip_tracking":false,"_monsterinsights_sitenote_active":false,"_monsterinsights_sitenote_note":"","_monsterinsights_sitenote_category":0,"_uf_show_specific_survey":0,"_uf_disable_surveys":false,"footnotes":""},"class_list":["post-6571","page","type-page","status-publish","hentry","no-post-thumbnail"],"yoast_head":"<!-- This site is optimized with the Yoast SEO Premium plugin v27.2 (Yoast SEO v27.2) - https:\/\/yoast.com\/product\/yoast-seo-premium-wordpress\/ -->\n<title>Crisis Care Services- Bay Area Crisis Nursery<\/title>\n<meta name=\"description\" content=\"The Bay Area Crisis Nursery offers 30 days of crisis care to young children ages 0-5 whose parents are experiencing a tough time.\" \/>\n<meta name=\"robots\" content=\"index, follow, max-snippet:-1, max-image-preview:large, max-video-preview:-1\" \/>\n<link rel=\"canonical\" href=\"https:\/\/bayareacrisisnursery.org\/vi\/programs\/crisis-care\/\" \/>\n<meta property=\"og:locale\" content=\"vi_VN\" \/>\n<meta property=\"og:type\" content=\"article\" \/>\n<meta property=\"og:title\" content=\"Crisis Care Services\" \/>\n<meta property=\"og:description\" content=\"The Bay Area Crisis Nursery offers 30 days of crisis care to young children ages 0-5 whose parents are experiencing a tough time.\" \/>\n<meta property=\"og:url\" content=\"https:\/\/bayareacrisisnursery.org\/vi\/programs\/crisis-care\/\" \/>\n<meta property=\"og:site_name\" content=\"Bay Area Crisis Nursery\" \/>\n<meta property=\"article:publisher\" content=\"https:\/\/www.facebook.com\/bacnspage\/\" \/>\n<meta property=\"article:modified_time\" content=\"2025-03-20T21:19:29+00:00\" \/>\n<meta name=\"twitter:card\" content=\"summary_large_image\" \/>\n<meta name=\"twitter:site\" content=\"@bacn_nursery\" \/>\n<meta name=\"twitter:label1\" content=\"\u01af\u1edbc t\u00ednh th\u1eddi gian \u0111\u1ecdc\" \/>\n\t<meta name=\"twitter:data1\" content=\"2 ph\u00fat\" \/>\n<script type=\"application\/ld+json\" class=\"yoast-schema-graph\">{\"@context\":\"https:\/\/schema.org\",\"@graph\":[{\"@type\":\"WebPage\",\"@id\":\"https:\/\/bayareacrisisnursery.org\/programs\/crisis-care\/\",\"url\":\"https:\/\/bayareacrisisnursery.org\/programs\/crisis-care\/\",\"name\":\"Crisis Care Services- Bay Area Crisis Nursery\",\"isPartOf\":{\"@id\":\"https:\/\/bayareacrisisnursery.org\/#website\"},\"datePublished\":\"2022-08-25T20:12:58+00:00\",\"dateModified\":\"2025-03-20T21:19:29+00:00\",\"description\":\"The Bay Area Crisis Nursery offers 30 days of crisis care to young children ages 0-5 whose parents are experiencing a tough time.\",\"breadcrumb\":{\"@id\":\"https:\/\/bayareacrisisnursery.org\/programs\/crisis-care\/#breadcrumb\"},\"inLanguage\":\"vi\",\"potentialAction\":[{\"@type\":\"ReadAction\",\"target\":[\"https:\/\/bayareacrisisnursery.org\/programs\/crisis-care\/\"]}]},{\"@type\":\"BreadcrumbList\",\"@id\":\"https:\/\/bayareacrisisnursery.org\/programs\/crisis-care\/#breadcrumb\",\"itemListElement\":[{\"@type\":\"ListItem\",\"position\":1,\"name\":\"Home\",\"item\":\"https:\/\/bayareacrisisnursery.org\/\"},{\"@type\":\"ListItem\",\"position\":2,\"name\":\"Our Programs\",\"item\":\"https:\/\/bayareacrisisnursery.org\/programs\/\"},{\"@type\":\"ListItem\",\"position\":3,\"name\":\"Crisis Care Services\"}]},{\"@type\":\"WebSite\",\"@id\":\"https:\/\/bayareacrisisnursery.org\/#website\",\"url\":\"https:\/\/bayareacrisisnursery.org\/\",\"name\":\"Bay Area Crisis Nursery\",\"description\":\"A Little Heart. A Little Help. A Lot of Hope.\",\"publisher\":{\"@id\":\"https:\/\/bayareacrisisnursery.org\/#organization\"},\"potentialAction\":[{\"@type\":\"SearchAction\",\"target\":{\"@type\":\"EntryPoint\",\"urlTemplate\":\"https:\/\/bayareacrisisnursery.org\/?s={search_term_string}\"},\"query-input\":{\"@type\":\"PropertyValueSpecification\",\"valueRequired\":true,\"valueName\":\"search_term_string\"}}],\"inLanguage\":\"vi\"},{\"@type\":\"Organization\",\"@id\":\"https:\/\/bayareacrisisnursery.org\/#organization\",\"name\":\"Bay Area Crisis Nursery\",\"url\":\"https:\/\/bayareacrisisnursery.org\/\",\"logo\":{\"@type\":\"ImageObject\",\"inLanguage\":\"vi\",\"@id\":\"https:\/\/bayareacrisisnursery.org\/#\/schema\/logo\/image\/\",\"url\":\"https:\/\/bayareacrisisnursery.org\/wp-content\/uploads\/2020\/12\/BACN-Logo.png\",\"contentUrl\":\"https:\/\/bayareacrisisnursery.org\/wp-content\/uploads\/2020\/12\/BACN-Logo.png\",\"width\":751,\"height\":374,\"caption\":\"Bay Area Crisis Nursery\"},\"image\":{\"@id\":\"https:\/\/bayareacrisisnursery.org\/#\/schema\/logo\/image\/\"},\"sameAs\":[\"https:\/\/www.facebook.com\/bacnspage\/\",\"https:\/\/x.com\/bacn_nursery\",\"https:\/\/www.instagram.com\/bayareacrisisnursery\/\",\"https:\/\/www.linkedin.com\/company\/bay-area-crisis-nursery\/about\/\"]}]}<\/script>\n<!-- \/ Yoast SEO Premium plugin. -->","yoast_head_json":{"title":"Crisis Care Services- Bay Area Crisis Nursery","description":"The Bay Area Crisis Nursery offers 30 days of crisis care to young children ages 0-5 whose parents are experiencing a tough time.","robots":{"index":"index","follow":"follow","max-snippet":"max-snippet:-1","max-image-preview":"max-image-preview:large","max-video-preview":"max-video-preview:-1"},"canonical":"https:\/\/bayareacrisisnursery.org\/vi\/programs\/crisis-care\/","og_locale":"vi_VN","og_type":"article","og_title":"Crisis Care Services","og_description":"The Bay Area Crisis Nursery offers 30 days of crisis care to young children ages 0-5 whose parents are experiencing a tough time.","og_url":"https:\/\/bayareacrisisnursery.org\/vi\/programs\/crisis-care\/","og_site_name":"Bay Area Crisis Nursery","article_publisher":"https:\/\/www.facebook.com\/bacnspage\/","article_modified_time":"2025-03-20T21:19:29+00:00","twitter_card":"summary_large_image","twitter_site":"@bacn_nursery","twitter_misc":{"\u01af\u1edbc t\u00ednh th\u1eddi gian \u0111\u1ecdc":"2 ph\u00fat"},"schema":{"@context":"https:\/\/schema.org","@graph":[{"@type":"WebPage","@id":"https:\/\/bayareacrisisnursery.org\/programs\/crisis-care\/","url":"https:\/\/bayareacrisisnursery.org\/programs\/crisis-care\/","name":"Crisis Care Services- Bay Area Crisis Nursery","isPartOf":{"@id":"https:\/\/bayareacrisisnursery.org\/#website"},"datePublished":"2022-08-25T20:12:58+00:00","dateModified":"2025-03-20T21:19:29+00:00","description":"The Bay Area Crisis Nursery offers 30 days of crisis care to young children ages 0-5 whose parents are experiencing a tough time.","breadcrumb":{"@id":"https:\/\/bayareacrisisnursery.org\/programs\/crisis-care\/#breadcrumb"},"inLanguage":"vi","potentialAction":[{"@type":"ReadAction","target":["https:\/\/bayareacrisisnursery.org\/programs\/crisis-care\/"]}]},{"@type":"BreadcrumbList","@id":"https:\/\/bayareacrisisnursery.org\/programs\/crisis-care\/#breadcrumb","itemListElement":[{"@type":"ListItem","position":1,"name":"Home","item":"https:\/\/bayareacrisisnursery.org\/"},{"@type":"ListItem","position":2,"name":"Our Programs","item":"https:\/\/bayareacrisisnursery.org\/programs\/"},{"@type":"ListItem","position":3,"name":"Crisis Care Services"}]},{"@type":"WebSite","@id":"https:\/\/bayareacrisisnursery.org\/#website","url":"https:\/\/bayareacrisisnursery.org\/","name":"V\u01b0\u1eddn \u01b0\u01a1m Kh\u1ee7ng ho\u1ea3ng V\u00f9ng V\u1ecbnh","description":"M\u1ed9t Tr\u00e1i Tim Nh\u1ecf. M\u1ed9t s\u1ef1 gi\u00fap \u0111\u1ee1 nho nh\u1ecf. R\u1ea5t nhi\u1ec1u hy v\u1ecdng.","publisher":{"@id":"https:\/\/bayareacrisisnursery.org\/#organization"},"potentialAction":[{"@type":"SearchAction","target":{"@type":"EntryPoint","urlTemplate":"https:\/\/bayareacrisisnursery.org\/?s={search_term_string}"},"query-input":{"@type":"PropertyValueSpecification","valueRequired":true,"valueName":"search_term_string"}}],"inLanguage":"vi"},{"@type":"Organization","@id":"https:\/\/bayareacrisisnursery.org\/#organization","name":"V\u01b0\u1eddn \u01b0\u01a1m Kh\u1ee7ng ho\u1ea3ng V\u00f9ng V\u1ecbnh","url":"https:\/\/bayareacrisisnursery.org\/","logo":{"@type":"ImageObject","inLanguage":"vi","@id":"https:\/\/bayareacrisisnursery.org\/#\/schema\/logo\/image\/","url":"https:\/\/bayareacrisisnursery.org\/wp-content\/uploads\/2020\/12\/BACN-Logo.png","contentUrl":"https:\/\/bayareacrisisnursery.org\/wp-content\/uploads\/2020\/12\/BACN-Logo.png","width":751,"height":374,"caption":"Bay Area Crisis Nursery"},"image":{"@id":"https:\/\/bayareacrisisnursery.org\/#\/schema\/logo\/image\/"},"sameAs":["https:\/\/www.facebook.com\/bacnspage\/","https:\/\/x.com\/bacn_nursery","https:\/\/www.instagram.com\/bayareacrisisnursery\/","https:\/\/www.linkedin.com\/company\/bay-area-crisis-nursery\/about\/"]}]}},"_links":{"self":[{"href":"https:\/\/bayareacrisisnursery.org\/vi\/wp-json\/wp\/v2\/pages\/6571","targetHints":{"allow":["GET"]}}],"collection":[{"href":"https:\/\/bayareacrisisnursery.org\/vi\/wp-json\/wp\/v2\/pages"}],"about":[{"href":"https:\/\/bayareacrisisnursery.org\/vi\/wp-json\/wp\/v2\/types\/page"}],"author":[{"embeddable":true,"href":"https:\/\/bayareacrisisnursery.org\/vi\/wp-json\/wp\/v2\/users\/1"}],"replies":[{"embeddable":true,"href":"https:\/\/bayareacrisisnursery.org\/vi\/wp-json\/wp\/v2\/comments?post=6571"}],"version-history":[{"count":11,"href":"https:\/\/bayareacrisisnursery.org\/vi\/wp-json\/wp\/v2\/pages\/6571\/revisions"}],"predecessor-version":[{"id":7349,"href":"https:\/\/bayareacrisisnursery.org\/vi\/wp-json\/wp\/v2\/pages\/6571\/revisions\/7349"}],"up":[{"embeddable":true,"href":"https:\/\/bayareacrisisnursery.org\/vi\/wp-json\/wp\/v2\/pages\/186"}],"wp:attachment":[{"href":"https:\/\/bayareacrisisnursery.org\/vi\/wp-json\/wp\/v2\/media?parent=6571"}],"curies":[{"name":"wp","href":"https:\/\/api.w.org\/{rel}","templated":true}]}}