{"id":6590,"date":"2022-08-25T21:17:54","date_gmt":"2022-08-25T21:17:54","guid":{"rendered":"https:\/\/bayareacrisisnursery.org\/?page_id=6590"},"modified":"2025-04-02T21:25:26","modified_gmt":"2025-04-02T21:25:26","slug":"food-pantry","status":"publish","type":"page","link":"https:\/\/bayareacrisisnursery.org\/vi\/programs\/food-pantry\/","title":{"rendered":"Food Pantry"},"content":{"rendered":"<div id=\"cs-content\" class=\"cs-content\"><div class=\"x-section e6590-e1 m532-0 m532-1 m532-2 m532-3\"><div class=\"x-row e6590-e2 m532-7 m532-9 m532-a\"><div class=\"x-row-inner\"><div class=\"x-col e6590-e3 m532-h m532-i\"><span class=\"x-image e6590-e4 m532-m m532-n\"><img decoding=\"async\" src=\"https:\/\/bayareacrisisnursery.org\/wp-content\/uploads\/2022\/08\/Food-Pantry-Banner.png\" width=\"1200\" height=\"400\" alt=\"Food Pantry\" loading=\"lazy\"><\/span><\/div><\/div><\/div><\/div><div class=\"x-section e6590-e5 m532-0 m532-3 m532-4\"><div class=\"x-row e6590-e6 m532-7 m532-8 m532-9 m532-b\"><div class=\"x-row-inner\"><div class=\"x-col e6590-e7 m532-h m532-i m532-j\">\n<span class=\"x-rating e6590-e8 m532-q\">\n\n  <span class=\"x-rating-graphic\" role=\"img\" aria-label=\"1 \/ 6\">\n    <i class=\"x-icon\" aria-hidden=\"true\" data-x-icon-s=\"&#xf77c;\"><\/i><i class=\"x-icon\" aria-hidden=\"true\" data-x-icon-l=\"&#xf77c;\"><\/i><i class=\"x-icon\" aria-hidden=\"true\" data-x-icon-l=\"&#xf77c;\"><\/i><i class=\"x-icon\" aria-hidden=\"true\" data-x-icon-l=\"&#xf77c;\"><\/i><i class=\"x-icon\" aria-hidden=\"true\" data-x-icon-l=\"&#xf77c;\"><\/i><i class=\"x-icon\" aria-hidden=\"true\" data-x-icon-l=\"&#xf77c;\"><\/i>  <\/span>\n\n  \n  \n<\/span>\n<div class=\"x-text x-text-headline e6590-e9 m532-r m532-s m532-t m532-u m532-v m532-w m532-x m532-y\"><div class=\"x-text-content\"><div class=\"x-text-content-text\"><h2 class=\"x-text-content-text-primary\">C\u1ee9 6 ng\u01b0\u1eddi th\u00ec c\u00f3 1 ng\u01b0\u1eddi KH\u00d4NG C\u00d3 TH\u1ef0C PH\u1ea8M \u0110\u1ee6.<\/h2>\n<\/div><\/div><\/div><\/div><div class=\"x-col e6590-e10 m532-h m532-i\"><div class=\"x-text x-text-headline e6590-e11 m532-r m532-s m532-t m532-u m532-v m532-w m532-x m532-z\"><div class=\"x-text-content\"><div class=\"x-text-content-text\"><h2 class=\"x-text-content-text-primary\">Ch\u00fang t\u00f4i \u0111ang ph\u00e1t<\/h2>\n<\/div><\/div><\/div><div class=\"x-text x-text-headline e6590-e12 m532-r m532-s m532-t m532-u m532-w m532-x m532-y m532-10 m532-11\"><div class=\"x-text-content\"><div class=\"x-text-content-text\"><h1 class=\"x-text-content-text-primary\">1,500<\/h1>\n<\/div><\/div><\/div><div class=\"x-text x-text-headline e6590-e13 m532-r m532-s m532-t m532-u m532-v m532-w m532-x m532-z\"><div class=\"x-text-content\"><div class=\"x-text-content-text\"><h2 class=\"x-text-content-text-primary\">T\u00fai th\u1ef1c ph\u1ea9m m\u1ed7i n\u0103m.<\/h2>\n<\/div><\/div><\/div><\/div><div class=\"x-col e6590-e14 m532-h m532-i m532-j\"><div class=\"x-text x-text-headline e6590-e15 m532-r m532-s m532-t m532-y m532-10 m532-11 m532-12\"><div class=\"x-text-content\"><div class=\"x-text-content-text\"><h1 class=\"x-text-content-text-primary\">27,230<\/h1>\n<\/div><\/div><\/div><div class=\"x-text x-text-headline e6590-e16 m532-r m532-s m532-t m532-u m532-v m532-w m532-x m532-z\"><div class=\"x-text-content\"><div class=\"x-text-content-text\"><h2 class=\"x-text-content-text-primary\">tr\u1ebb em \u1edf H\u1ea1t Contra Costa b\u1ecb m\u1ea5t an ninh l\u01b0\u01a1ng th\u1ef1c.<\/h2>\n<\/div><\/div><\/div><\/div><\/div><\/div><\/div><div class=\"x-section e6590-e17 m532-0 m532-1 m532-3 m532-5\"><div class=\"x-row e6590-e18 m532-7 m532-9 m532-c\"><div class=\"x-row-inner\"><div class=\"x-col e6590-e19 m532-h m532-i\"><hr class=\"x-line e6590-e20 m532-15\"\/><\/div><\/div><\/div><\/div><div class=\"x-section e6590-e21 m532-0 m532-1 m532-3 m532-5\"><div class=\"x-row e6590-e22 m532-7 m532-9 m532-d\"><div class=\"x-row-inner\"><div class=\"x-col e6590-e23 m532-h m532-k\"><p>H\u1ee3p t\u00e1c v\u1edbi Ng\u00e2n h\u00e0ng Th\u1ef1c ph\u1ea9m c\u1ee7a c\u00e1c h\u1ea1t Contra Costa v\u00e0 Solano v\u00e0 c\u00e1c nh\u00e0 t\u00e0i tr\u1ee3 c\u1ed9ng \u0111\u1ed3ng h\u00e0o ph\u00f3ng c\u1ee7a ch\u00fang t\u00f4i, V\u01b0\u1eddn \u01b0\u01a1m Kh\u1ee7ng ho\u1ea3ng V\u00f9ng V\u1ecbnh cung c\u1ea5p th\u1ef1c ph\u1ea9m t\u01b0\u01a1i s\u1ed1ng v\u00e0 kh\u00f4ng h\u01b0 h\u1ecfng. <\/p>\n\n<p>C\u00f3 qu\u00e1 nhi\u1ec1u tr\u1ebb em v\u00e0 gia \u0111\u00ecnh s\u1ed1ng v\u1edbi t\u00ecnh tr\u1ea1ng m\u1ea5t an ninh l\u01b0\u01a1ng th\u1ef1c trong c\u1ed9ng \u0111\u1ed3ng c\u1ee7a ch\u00fang ta. C\u1ee9 6 ng\u01b0\u1eddi th\u00ec c\u00f3 kho\u1ea3ng 1 ng\u01b0\u1eddi \u1edf Contra Costa v\u00e0 California b\u1ecb m\u1ea5t an ninh l\u01b0\u01a1ng th\u1ef1c. Nh\u1eefng c\u00e1 nh\u00e2n ho\u1eb7c gia \u0111\u00ecnh n\u00e0y ph\u1ea3i v\u1eadt l\u1ed9n \u0111\u1ec3 t\u00ecm b\u1eefa \u0103n ti\u1ebfp theo c\u1ee7a h\u1ecd. Vi\u1ec7c nu\u00f4i d\u1ea1y con c\u00e1i r\u1ea5t c\u0103ng th\u1eb3ng. H\u00e3y t\u01b0\u1edfng t\u01b0\u1ee3ng l\u00e0 m\u1ed9t b\u1eadc cha m\u1eb9 \u0111ang lo l\u1eafng v\u1ec1 c\u00e1ch cho con c\u00e1i c\u1ee7a h\u1ecd \u0103n ho\u1eb7c l\u00e0m th\u1ebf n\u00e0o h\u1ecd s\u1ebd tr\u1ea3 ti\u1ec1n cho h\u1ed9p s\u1eefa c\u00f4ng th\u1ee9c ti\u1ebfp theo c\u1ee7a h\u1ecd. Cha m\u1eb9 v\u00e0 con c\u00e1i kh\u00f4ng ph\u1ea3i ch\u1ecbu \u0111\u00f3i. \u0110\u00f3 l\u00e0 l\u00fd do t\u1ea1i sao ch\u00fang t\u00f4i \u0111ang \u0111\u1ea5u tranh \u0111\u1ec3 ch\u1ea5m d\u1ee9t n\u1ea1n \u0111\u00f3i trong c\u1ed9ng \u0111\u1ed3ng c\u1ee7a m\u00ecnh v\u1edbi Food Pantry. <\/p>\n\nTh\u1ef1c ph\u1ea9m kh\u00f4ng an to\u00e0n d\u1eabn \u0111\u1ebfn c\u0103ng th\u1eb3ng, lo l\u1eafng, s\u1ee9c kh\u1ecfe k\u00e9m, ng\u01b0\u1eddi l\u1edbn v\u00e0 tr\u1ebb em kh\u00f4ng th\u1ec3 t\u1eadp trung \u1edf tr\u01b0\u1eddng v\u00e0 n\u01a1i l\u00e0m vi\u1ec7c. Cung c\u1ea5p nhu c\u1ea7u th\u1ef1c ph\u1ea9m c\u01a1 b\u1ea3n c\u1ea7n thi\u1ebft nh\u1ea5t cho tr\u1ebb em v\u00e0 gia \u0111\u00ecnh l\u00e0 \u0111i\u1ec1u c\u1ea7n thi\u1ebft \u0111\u1ec3 ch\u1ed1ng l\u1ea1i c\u00e1c t\u00e1c \u0111\u1ed9ng c\u1ee7a \u0111\u00f3i ngh\u00e8o. <\/p>\n\n<p> Food Pantry m\u1edf c\u1eeda h\u00e0ng ng\u00e0y \u0111\u1ec3 \u0111\u00f3n kh\u00e1ch. N\u1ebfu b\u1ea1n l\u00e0 cha m\u1eb9 c\u1ea7n th\u1ef1c ph\u1ea9m, <b><a href=\"tel:925-685-6633\">xin g\u1ecdi<\/a><\/b> Nursery \u0111\u1ec3 y\u00eau c\u1ea7u nh\u1eadn th\u1ee9c \u0103n.<\/p><\/div><\/div><\/div><\/div><div class=\"x-section e6590-e25 m532-0 m532-1 m532-3 m532-5\"><div class=\"x-row e6590-e26 m532-7 m532-9 m532-e\"><div class=\"x-row-inner\"><div class=\"x-col e6590-e27 m532-h m532-i\"><div id=\"x-content-band-1\" class=\"x-content-band border-top border-left border-right border-bottom\" style=\"background-color: #efefef; color: #333;\"><div class=\"x-container max width\"> \n\n<h4  class=\"h-custom-headline h3\" style=\"margin-top: 0;\"><span>Quy\u00ean g\u00f3p th\u1ef1c ph\u1ea9m<\/span><\/h4><\/p>\n\nCh\u00fang t\u00f4i ch\u1ea5p nh\u1eadn quy\u00ean g\u00f3p c\u00e1c m\u1eb7t h\u00e0ng th\u1ef1c ph\u1ea9m kh\u00f4ng h\u01b0 h\u1ecfng t\u1ea1i V\u01b0\u1eddn \u01b0\u01a1m. B\u1ea1n c\u00f3 th\u1ec3 b\u1ecf \u0111\u1ed3, t\u1ed5 ch\u1ee9c Food Drive t\u1ea1i c\u01a1 quan, tr\u01b0\u1eddng h\u1ecdc, h\u1ed9i th\u00e1nh ho\u1eb7c s\u1ef1 ki\u1ec7n c\u1ee7a m\u00ecnh! N\u1ebfu b\u1ea1n mu\u1ed1n mua c\u00e1c m\u1eb7t h\u00e0ng ngo\u00e0i danh s\u00e1ch mong mu\u1ed1n c\u1ee7a ch\u00fang t\u00f4i cho Food Pantry, vui l\u00f2ng <b><a href=\"https:\/\/www.amazon.com\/hz\/wishlist\/ls\/34W5EDNJD218M?ref_=wl_share\">b\u1ea5m v\u00e0o \u0111\u00e2y<\/a><\/b> ho\u1eb7c quy\u00ean g\u00f3p tr\u1ef1c ti\u1ebfp cho V\u01b0\u1eddn \u01b0\u01a1m.<\/p>\n\n<p><a  class=\"x-btn x-btn-flat x-btn-global\"  href=\"https:\/\/bayareacrisisnursery.app.neoncrm.com\/np\/clients\/bayareacrisisnursery\/donation.jsp?campaign=281&\"     data-options=\"thumbnail: ''\">Quy\u00ean g\u00f3p ngay h\u00f4m nay!<\/a> <\/div><\/div>\n<\/div><\/div><\/div><\/div><div class=\"x-section e6590-e29 m532-0 m532-4 m532-6\"><div class=\"x-row e6590-e30 m532-7 m532-8 m532-9 m532-f\"><div class=\"x-row-inner\"><div class=\"x-col e6590-e31 m532-h m532-i\"><div class=\"x-text x-text-headline e6590-e32 m532-s m532-t m532-u m532-x m532-z m532-10 m532-13\"><div class=\"x-text-content\"><div class=\"x-text-content-text\"><h3 class=\"x-text-content-text-primary\">H\u1ed7 tr\u1ee3 BACN<\/h3>\n<\/div><\/div><\/div><\/div><\/div><\/div><div class=\"x-row e6590-e33 m532-7 m532-8 m532-9 m532-g\"><div class=\"x-row-inner\"><div class=\"x-col e6590-e34 m532-h m532-i m532-l\"><a class=\"x-image e6590-e35 m532-m m532-o\" href=\"https:\/\/bayareacrisisnursery.app.neoncrm.com\/forms\/donate\" target=\"_blank\" rel=\"noopener noreferrer\"><img decoding=\"async\" src=\"https:\/\/bayareacrisisnursery.org\/wp-content\/uploads\/2022\/08\/Piggy-Bank.jpg\" width=\"600\" height=\"400\" alt=\"Donate Today\" loading=\"lazy\"><\/a><div class=\"x-text x-text-headline e6590-e36 m532-r m532-s m532-x m532-y m532-11 m532-14\"><div class=\"x-text-content\"><div class=\"x-text-content-text\"><h3 class=\"x-text-content-text-primary\"><a href=\"https:\/\/bayareacrisisnursery.app.neoncrm.com\/forms\/donate\" data-wplink-edit=\"true\">Quy\u00ean g\u00f3p ngay h\u00f4m nay!<\/a><\/h3>\n<\/div><\/div><\/div><\/div><div class=\"x-col e6590-e37 m532-h m532-i m532-l\"><a class=\"x-image e6590-e38 m532-m m532-o m532-p\" href=\"https:\/\/mailchi.mp\/bayareacrisisnursery\/newsletter?dnt=1%22%20data-wplink-edit=%22true%22\" target=\"_blank\" rel=\"noopener noreferrer\"><img decoding=\"async\" src=\"https:\/\/bayareacrisisnursery.org\/wp-content\/uploads\/2022\/08\/News.jpg\" width=\"600\" height=\"400\" alt=\"Newsletter\" loading=\"lazy\"><\/a><div class=\"x-text x-text-headline e6590-e39 m532-r m532-s m532-x m532-y m532-11 m532-14\"><div class=\"x-text-content\"><div class=\"x-text-content-text\"><h3 class=\"x-text-content-text-primary\"><p><a href=\"https:\/\/mailchi.mp\/bayareacrisisnursery\/newsletter?dnt=1\" data-wplink-edit=\"true\">\u0110\u0103ng k\u00fd \u0111\u1ec3 gi\u1eef li\u00ean l\u1ea1c<\/a><\/p><\/h3>\n<\/div><\/div><\/div><\/div><\/div><\/div><\/div><\/div>","protected":false},"excerpt":{"rendered":"<p>1 IN 6 PEOPLE DO NOT HAVE ENOUGH FOOD. We&#8217;re giving out 1,500 Bags of food each year. 27,230 children in Contra Costa County are food insecure. In partnership with the Food Bank of Contra Costa and Solano counties and our generous community donors, the Bay Area Crisis Nursery provides non-perishable and fresh food. Too many children and families live &#8230; <a href=\"https:\/\/bayareacrisisnursery.org\/vi\/programs\/food-pantry\/\" class=\"more-link\">\u0110\u1ecdc th\u00eam<\/a><\/p>","protected":false},"author":1,"featured_media":0,"parent":186,"menu_order":5,"comment_status":"closed","ping_status":"closed","template":"template-layout-full-width.php","meta":{"om_disable_all_campaigns":false,"_monsterinsights_skip_tracking":false,"_monsterinsights_sitenote_active":false,"_monsterinsights_sitenote_note":"","_monsterinsights_sitenote_category":0,"_uf_show_specific_survey":0,"_uf_disable_surveys":false,"footnotes":""},"class_list":["post-6590","page","type-page","status-publish","hentry","no-post-thumbnail"],"yoast_head":"<!-- This site is optimized with the Yoast SEO Premium plugin v27.2 (Yoast SEO v27.2) - https:\/\/yoast.com\/product\/yoast-seo-premium-wordpress\/ -->\n<title>Food Pantry- Bay Area Crisis Nursery<\/title>\n<meta name=\"description\" content=\"The Bay Area Crisis Nursery&#039;s Food Pantry offers non-perishable food, fresh fruits and vegetables, and frozen foods to families in need.\" \/>\n<meta name=\"robots\" content=\"index, follow, max-snippet:-1, max-image-preview:large, max-video-preview:-1\" \/>\n<link rel=\"canonical\" href=\"https:\/\/bayareacrisisnursery.org\/vi\/programs\/food-pantry\/\" \/>\n<meta property=\"og:locale\" content=\"vi_VN\" \/>\n<meta property=\"og:type\" content=\"article\" \/>\n<meta property=\"og:title\" content=\"Food Pantry\" \/>\n<meta property=\"og:description\" content=\"The Bay Area Crisis Nursery&#039;s Food Pantry offers non-perishable food, fresh fruits and vegetables, and frozen foods to families in need.\" \/>\n<meta property=\"og:url\" content=\"https:\/\/bayareacrisisnursery.org\/vi\/programs\/food-pantry\/\" \/>\n<meta property=\"og:site_name\" content=\"Bay Area Crisis Nursery\" \/>\n<meta property=\"article:publisher\" content=\"https:\/\/www.facebook.com\/bacnspage\/\" \/>\n<meta property=\"article:modified_time\" content=\"2025-04-02T21:25:26+00:00\" \/>\n<meta name=\"twitter:card\" content=\"summary_large_image\" \/>\n<meta name=\"twitter:site\" content=\"@bacn_nursery\" \/>\n<meta name=\"twitter:label1\" content=\"\u01af\u1edbc t\u00ednh th\u1eddi gian \u0111\u1ecdc\" \/>\n\t<meta name=\"twitter:data1\" content=\"2 ph\u00fat\" \/>\n<script type=\"application\/ld+json\" class=\"yoast-schema-graph\">{\"@context\":\"https:\/\/schema.org\",\"@graph\":[{\"@type\":\"WebPage\",\"@id\":\"https:\/\/bayareacrisisnursery.org\/programs\/food-pantry\/\",\"url\":\"https:\/\/bayareacrisisnursery.org\/programs\/food-pantry\/\",\"name\":\"Food Pantry- Bay Area Crisis Nursery\",\"isPartOf\":{\"@id\":\"https:\/\/bayareacrisisnursery.org\/#website\"},\"datePublished\":\"2022-08-25T21:17:54+00:00\",\"dateModified\":\"2025-04-02T21:25:26+00:00\",\"description\":\"The Bay Area Crisis Nursery's Food Pantry offers non-perishable food, fresh fruits and vegetables, and frozen foods to families in need.\",\"breadcrumb\":{\"@id\":\"https:\/\/bayareacrisisnursery.org\/programs\/food-pantry\/#breadcrumb\"},\"inLanguage\":\"vi\",\"potentialAction\":[{\"@type\":\"ReadAction\",\"target\":[\"https:\/\/bayareacrisisnursery.org\/programs\/food-pantry\/\"]}]},{\"@type\":\"BreadcrumbList\",\"@id\":\"https:\/\/bayareacrisisnursery.org\/programs\/food-pantry\/#breadcrumb\",\"itemListElement\":[{\"@type\":\"ListItem\",\"position\":1,\"name\":\"Home\",\"item\":\"https:\/\/bayareacrisisnursery.org\/\"},{\"@type\":\"ListItem\",\"position\":2,\"name\":\"Our Programs\",\"item\":\"https:\/\/bayareacrisisnursery.org\/programs\/\"},{\"@type\":\"ListItem\",\"position\":3,\"name\":\"Food Pantry\"}]},{\"@type\":\"WebSite\",\"@id\":\"https:\/\/bayareacrisisnursery.org\/#website\",\"url\":\"https:\/\/bayareacrisisnursery.org\/\",\"name\":\"Bay Area Crisis Nursery\",\"description\":\"A Little Heart. A Little Help. A Lot of Hope.\",\"publisher\":{\"@id\":\"https:\/\/bayareacrisisnursery.org\/#organization\"},\"potentialAction\":[{\"@type\":\"SearchAction\",\"target\":{\"@type\":\"EntryPoint\",\"urlTemplate\":\"https:\/\/bayareacrisisnursery.org\/?s={search_term_string}\"},\"query-input\":{\"@type\":\"PropertyValueSpecification\",\"valueRequired\":true,\"valueName\":\"search_term_string\"}}],\"inLanguage\":\"vi\"},{\"@type\":\"Organization\",\"@id\":\"https:\/\/bayareacrisisnursery.org\/#organization\",\"name\":\"Bay Area Crisis Nursery\",\"url\":\"https:\/\/bayareacrisisnursery.org\/\",\"logo\":{\"@type\":\"ImageObject\",\"inLanguage\":\"vi\",\"@id\":\"https:\/\/bayareacrisisnursery.org\/#\/schema\/logo\/image\/\",\"url\":\"https:\/\/bayareacrisisnursery.org\/wp-content\/uploads\/2020\/12\/BACN-Logo.png\",\"contentUrl\":\"https:\/\/bayareacrisisnursery.org\/wp-content\/uploads\/2020\/12\/BACN-Logo.png\",\"width\":751,\"height\":374,\"caption\":\"Bay Area Crisis Nursery\"},\"image\":{\"@id\":\"https:\/\/bayareacrisisnursery.org\/#\/schema\/logo\/image\/\"},\"sameAs\":[\"https:\/\/www.facebook.com\/bacnspage\/\",\"https:\/\/x.com\/bacn_nursery\",\"https:\/\/www.instagram.com\/bayareacrisisnursery\/\",\"https:\/\/www.linkedin.com\/company\/bay-area-crisis-nursery\/about\/\"]}]}<\/script>\n<!-- \/ Yoast SEO Premium plugin. -->","yoast_head_json":{"title":"Food Pantry- Bay Area Crisis Nursery","description":"The Bay Area Crisis Nursery's Food Pantry offers non-perishable food, fresh fruits and vegetables, and frozen foods to families in need.","robots":{"index":"index","follow":"follow","max-snippet":"max-snippet:-1","max-image-preview":"max-image-preview:large","max-video-preview":"max-video-preview:-1"},"canonical":"https:\/\/bayareacrisisnursery.org\/vi\/programs\/food-pantry\/","og_locale":"vi_VN","og_type":"article","og_title":"Food Pantry","og_description":"The Bay Area Crisis Nursery's Food Pantry offers non-perishable food, fresh fruits and vegetables, and frozen foods to families in need.","og_url":"https:\/\/bayareacrisisnursery.org\/vi\/programs\/food-pantry\/","og_site_name":"Bay Area Crisis Nursery","article_publisher":"https:\/\/www.facebook.com\/bacnspage\/","article_modified_time":"2025-04-02T21:25:26+00:00","twitter_card":"summary_large_image","twitter_site":"@bacn_nursery","twitter_misc":{"\u01af\u1edbc t\u00ednh th\u1eddi gian \u0111\u1ecdc":"2 ph\u00fat"},"schema":{"@context":"https:\/\/schema.org","@graph":[{"@type":"WebPage","@id":"https:\/\/bayareacrisisnursery.org\/programs\/food-pantry\/","url":"https:\/\/bayareacrisisnursery.org\/programs\/food-pantry\/","name":"Food Pantry- Bay Area Crisis Nursery","isPartOf":{"@id":"https:\/\/bayareacrisisnursery.org\/#website"},"datePublished":"2022-08-25T21:17:54+00:00","dateModified":"2025-04-02T21:25:26+00:00","description":"The Bay Area Crisis Nursery's Food Pantry offers non-perishable food, fresh fruits and vegetables, and frozen foods to families in need.","breadcrumb":{"@id":"https:\/\/bayareacrisisnursery.org\/programs\/food-pantry\/#breadcrumb"},"inLanguage":"vi","potentialAction":[{"@type":"ReadAction","target":["https:\/\/bayareacrisisnursery.org\/programs\/food-pantry\/"]}]},{"@type":"BreadcrumbList","@id":"https:\/\/bayareacrisisnursery.org\/programs\/food-pantry\/#breadcrumb","itemListElement":[{"@type":"ListItem","position":1,"name":"Home","item":"https:\/\/bayareacrisisnursery.org\/"},{"@type":"ListItem","position":2,"name":"Our Programs","item":"https:\/\/bayareacrisisnursery.org\/programs\/"},{"@type":"ListItem","position":3,"name":"Food Pantry"}]},{"@type":"WebSite","@id":"https:\/\/bayareacrisisnursery.org\/#website","url":"https:\/\/bayareacrisisnursery.org\/","name":"V\u01b0\u1eddn \u01b0\u01a1m Kh\u1ee7ng ho\u1ea3ng V\u00f9ng V\u1ecbnh","description":"M\u1ed9t Tr\u00e1i Tim Nh\u1ecf. M\u1ed9t s\u1ef1 gi\u00fap \u0111\u1ee1 nho nh\u1ecf. R\u1ea5t nhi\u1ec1u hy v\u1ecdng.","publisher":{"@id":"https:\/\/bayareacrisisnursery.org\/#organization"},"potentialAction":[{"@type":"SearchAction","target":{"@type":"EntryPoint","urlTemplate":"https:\/\/bayareacrisisnursery.org\/?s={search_term_string}"},"query-input":{"@type":"PropertyValueSpecification","valueRequired":true,"valueName":"search_term_string"}}],"inLanguage":"vi"},{"@type":"Organization","@id":"https:\/\/bayareacrisisnursery.org\/#organization","name":"V\u01b0\u1eddn \u01b0\u01a1m Kh\u1ee7ng ho\u1ea3ng V\u00f9ng V\u1ecbnh","url":"https:\/\/bayareacrisisnursery.org\/","logo":{"@type":"ImageObject","inLanguage":"vi","@id":"https:\/\/bayareacrisisnursery.org\/#\/schema\/logo\/image\/","url":"https:\/\/bayareacrisisnursery.org\/wp-content\/uploads\/2020\/12\/BACN-Logo.png","contentUrl":"https:\/\/bayareacrisisnursery.org\/wp-content\/uploads\/2020\/12\/BACN-Logo.png","width":751,"height":374,"caption":"Bay Area Crisis Nursery"},"image":{"@id":"https:\/\/bayareacrisisnursery.org\/#\/schema\/logo\/image\/"},"sameAs":["https:\/\/www.facebook.com\/bacnspage\/","https:\/\/x.com\/bacn_nursery","https:\/\/www.instagram.com\/bayareacrisisnursery\/","https:\/\/www.linkedin.com\/company\/bay-area-crisis-nursery\/about\/"]}]}},"_links":{"self":[{"href":"https:\/\/bayareacrisisnursery.org\/vi\/wp-json\/wp\/v2\/pages\/6590","targetHints":{"allow":["GET"]}}],"collection":[{"href":"https:\/\/bayareacrisisnursery.org\/vi\/wp-json\/wp\/v2\/pages"}],"about":[{"href":"https:\/\/bayareacrisisnursery.org\/vi\/wp-json\/wp\/v2\/types\/page"}],"author":[{"embeddable":true,"href":"https:\/\/bayareacrisisnursery.org\/vi\/wp-json\/wp\/v2\/users\/1"}],"replies":[{"embeddable":true,"href":"https:\/\/bayareacrisisnursery.org\/vi\/wp-json\/wp\/v2\/comments?post=6590"}],"version-history":[{"count":11,"href":"https:\/\/bayareacrisisnursery.org\/vi\/wp-json\/wp\/v2\/pages\/6590\/revisions"}],"predecessor-version":[{"id":7351,"href":"https:\/\/bayareacrisisnursery.org\/vi\/wp-json\/wp\/v2\/pages\/6590\/revisions\/7351"}],"up":[{"embeddable":true,"href":"https:\/\/bayareacrisisnursery.org\/vi\/wp-json\/wp\/v2\/pages\/186"}],"wp:attachment":[{"href":"https:\/\/bayareacrisisnursery.org\/vi\/wp-json\/wp\/v2\/media?parent=6590"}],"curies":[{"name":"wp","href":"https:\/\/api.w.org\/{rel}","templated":true}]}}