{"id":6604,"date":"2022-08-25T22:01:13","date_gmt":"2022-08-25T22:01:13","guid":{"rendered":"https:\/\/bayareacrisisnursery.org\/?page_id=6604"},"modified":"2025-03-20T21:24:38","modified_gmt":"2025-03-20T21:24:38","slug":"bacn-boutique","status":"publish","type":"page","link":"https:\/\/bayareacrisisnursery.org\/vi\/programs\/bacn-boutique\/","title":{"rendered":"BACN Boutique"},"content":{"rendered":"<div id=\"cs-content\" class=\"cs-content\"><div class=\"x-section e6604-e1 m53g-0 m53g-1 m53g-2 m53g-3\"><div class=\"x-row e6604-e2 m53g-7 m53g-9 m53g-a\"><div class=\"x-row-inner\"><div class=\"x-col e6604-e3 m53g-h m53g-i\"><span class=\"x-image e6604-e4 m53g-l m53g-m\"><img decoding=\"async\" src=\"https:\/\/bayareacrisisnursery.org\/wp-content\/uploads\/2022\/08\/BACN-Boutique-Banner.png\" width=\"1200\" height=\"400\" alt=\"BACN Boutique\" loading=\"lazy\"><\/span><\/div><\/div><\/div><\/div><div class=\"x-section e6604-e5 m53g-0 m53g-3 m53g-4\"><div class=\"x-row e6604-e6 m53g-7 m53g-8 m53g-9 m53g-b\"><div class=\"x-row-inner\"><div class=\"x-col e6604-e7 m53g-h m53g-i\"><div class=\"x-text x-text-headline e6604-e8 m53g-p m53g-q m53g-r m53g-s\"><div class=\"x-text-content\"><div class=\"x-text-content-text\"><h1 class=\"x-text-content-text-primary\">$150,000<\/h1>\n<\/div><\/div><\/div><div class=\"x-text x-content e6604-e9 m53g-v\">DUY\u1ec6T $150.000 H\u00c0NG X\u1ee8NG \u0110\u00c1NG \u0110\u01af\u1ee2C T\u1eb6NG CHO B\u1ec6NH VI\u1ec6N NU\u00d4I D\u01af\u1ee0NG H\u00c0NG N\u0102M. M\u1eccI TH\u1ee8 \u0110\u1ec0U \u0110\u01af\u1ee2C T\u1eb6NG CHO TR\u1eba EM V\u00c0 GIA \u0110\u00ccNH C\u1ee6A CH\u00daNG T\u00d4I KH\u00d4NG PH\u1ea2I CHI PH\u00cd!<\/div><\/div><\/div><\/div><\/div><div class=\"x-section e6604-e10 m53g-0 m53g-1 m53g-3 m53g-5\"><div class=\"x-row e6604-e11 m53g-7 m53g-9 m53g-c\"><div class=\"x-row-inner\"><div class=\"x-col e6604-e12 m53g-h m53g-i\"><hr class=\"x-line e6604-e13 m53g-w\"\/><\/div><\/div><\/div><\/div><div class=\"x-section e6604-e14 m53g-0 m53g-1 m53g-3 m53g-5\"><div class=\"x-row e6604-e15 m53g-7 m53g-9 m53g-d\"><div class=\"x-row-inner\"><div class=\"x-col e6604-e16 m53g-h m53g-j\">Ch\u00fang t\u00f4i ti\u1ebfp t\u1ee5c \u0111\u00e1p \u1ee9ng c\u00e1c nhu c\u1ea7u c\u01a1 b\u1ea3n c\u1ee7a kh\u00e1ch h\u00e0ng v\u1edbi BACN Boutique. T\u1ea5t c\u1ea3 l\u00e0 nh\u1edd c\u00e1c nh\u00e0 t\u00e0i tr\u1ee3 c\u1ed9ng \u0111\u1ed3ng v\u00e0 c\u00f4ng ty h\u00e0o ph\u00f3ng c\u1ee7a ch\u00fang t\u00f4i. C\u1eeda h\u00e0ng \u0111\u1ea7y \u0111\u1ee7 c\u1ee7a ch\u00fang t\u00f4i c\u00f3 \u0111\u1ed3 n\u1ed9i th\u1ea5t, \u0111\u1ed3 ch\u01a1i, s\u00e1ch, qu\u1ea7n \u00e1o cho tr\u1ebb em v\u00e0 nhi\u1ec1u th\u1ee9 kh\u00e1c \u0111\u1ec3 c\u00e1c gia \u0111\u00ecnh c\u00f3 th\u1ec3 l\u1ea5y b\u1ea5t c\u1ee9 th\u1ee9 g\u00ec h\u1ecd c\u1ea7n m\u00e0 kh\u00f4ng m\u1ea5t ph\u00ed. C\u00e1c th\u00e0nh vi\u00ean c\u1ed9ng \u0111\u1ed3ng \u0111\u01b0\u1ee3c hoan ngh\u00eanh mua s\u1eafm mi\u1ec5n ph\u00ed t\u1ea1i BACN Boutique! Boutique hi\u1ec7n n\u1eb1m \u1edf s\u1ea3nh Nursery v\u00e0 m\u1edf c\u1eeda cho c\u00f4ng ch\u00fang. BACN Boutique \u0111\u01b0\u1ee3c d\u1ef1 tr\u1eef h\u00e0ng ng\u00e0y v\u1edbi c\u00e1c m\u1eb7t h\u00e0ng do c\u1ed9ng \u0111\u1ed3ng h\u1ea3o t\u00e2m c\u1ee7a ch\u00fang t\u00f4i quy\u00ean g\u00f3p. C\u00e1c b\u1eadc cha m\u1eb9 \u0111ang sinh con c\u00f3 th\u1ec3 t\u00ecm qu\u1ea7n \u00e1o, ch\u0103n, b\u00ecnh s\u1eefa, xe \u0111\u1ea9y v\u00e0 thi\u1ebft b\u1ecb cho tr\u1ebb s\u01a1 sinh. \u0110\u1ed1i v\u1edbi nh\u1eefng gia \u0111\u00ecnh c\u00f3 tr\u1ebb l\u1edbn h\u01a1n, ch\u00fang t\u00f4i c\u00f3 r\u1ea5t nhi\u1ec1u qu\u1ea7n \u00e1o, gi\u00e0y d\u00e9p, s\u00e1ch, \u0111\u1ed3 ch\u01a1i, v.v. V\u00e0 \u0111\u1ed1i v\u1edbi c\u00e1c b\u1eadc cha m\u1eb9, ch\u00fang t\u00f4i c\u00f3 qu\u1ea7n \u00e1o, gi\u00e0y d\u00e9p v\u00e0 c\u00e1c s\u1ea3n ph\u1ea9m v\u1ec7 sinh. C\u1ea7n m\u1ed9t c\u00e1i g\u00ec \u0111\u00f3 m\u00e0 b\u1ea1n kh\u00f4ng nh\u00ecn th\u1ea5y? Ch\u1ec9 c\u1ea7n cho nh\u00e2n vi\u00ean v\u01b0\u1eddn \u01b0\u01a1m c\u1ee7a ch\u00fang t\u00f4i bi\u1ebft. Ch\u00fang t\u00f4i c\u00f3 th\u1ec3 h\u1ed7 tr\u1ee3 t\u00ecm ki\u1ebfm c\u00e1c m\u1eb7t h\u00e0ng cho b\u1ea1n. <\/p>\n \nTr\u01b0\u1edbc khi b\u1ea1n gh\u00e9 th\u0103m BACN Boutique, h\u00e3y \u0111\u1ea3m b\u1ea3o \u0111\u1eb7t h\u00e0ng t\u1eeb Ng\u00e2n h\u00e0ng th\u1ef1c ph\u1ea9m v\u00e0 t\u00e3 gi\u1ea5y c\u1ee7a ch\u00fang t\u00f4i. N\u1ebfu b\u1ea1n l\u00e0 cha m\u1eb9 c\u1ea7n th\u1ef1c ph\u1ea9m ho\u1eb7c t\u00e3 l\u00f3t, <b><a href=\"tel:925-685-6633\">xin g\u1ecdi<\/a><\/b> Nursery \u0111\u1ec3 \u0111\u1eb7t \u0111\u1ed3 \u0103n v\u00e0 l\u1ea5y t\u00e3.<\/p>\n<\/div><\/div><\/div><\/div><div class=\"x-section e6604-e18 m53g-0 m53g-1 m53g-3 m53g-5\"><div class=\"x-row e6604-e19 m53g-7 m53g-9 m53g-e\"><div class=\"x-row-inner\"><div class=\"x-col e6604-e20 m53g-h m53g-i\"><div id=\"x-content-band-1\" class=\"x-content-band border-top border-left border-right border-bottom\" style=\"background-color: #efefef; color: #333;\"><div class=\"x-container max width\"> \n<h4  class=\"h-custom-headline h3\" style=\"margin-top: 0;\"><span>Kho\u1ea3n \u0111\u00f3ng g\u00f3p<\/span><\/h4><\/p>\n\nCh\u00fang t\u00f4i ch\u1ea5p nh\u1eadn: \u0111\u1ed3 ch\u01a1i s\u1ea1ch s\u1ebd v\u00e0 \u0111\u01b0\u1ee3c s\u1eed d\u1ee5ng nh\u1eb9 nh\u00e0ng (\u0111\u1ec3 ng\u0103n ng\u1eeba b\u1ea5t k\u1ef3 nguy c\u01a1 ngh\u1eb9t th\u1edf n\u00e0o c\u00f3 th\u1ec3 x\u1ea3y ra, vui l\u00f2ng \u0111\u1ea3m b\u1ea3o \u0111\u1ed3 ch\u01a1i nh\u1ecf \u0111\u01b0\u1ee3c \u0111\u1ef1ng trong t\u00fai), thi\u1ebft b\u1ecb tr\u1ebb em, t\u00e3, th\u1ee9c \u0103n tr\u1ebb em v\u00e0 s\u1eefa c\u00f4ng th\u1ee9c ch\u01b0a h\u1ebft h\u1ea1n s\u1eed d\u1ee5ng, t\u00e3 l\u00f3t ch\u01b0a m\u1edf, s\u00e1ch trong t\u00ecnh tr\u1ea1ng t\u1ed1t, c\u00e2u \u0111\u1ed1 v\u00e0 tr\u00f2 ch\u01a1i (vui l\u00f2ng d\u00e1n c\u00e1c h\u1ed9p \u0111\u1ec3 \u0111\u1ea3m b\u1ea3o c\u00e1c m\u1ea3nh nh\u1ecf \u0111\u01b0\u1ee3c gi\u1eef b\u00ean trong), qu\u1ea7n \u00e1o tr\u1ebb em m\u1eb7c nh\u1eb9 nh\u00e0ng v\u00e0 gi\u00e0y c\u1ee7a tr\u1ebb em. <\/p>Vui l\u00f2ng <b><a href=\"tel:925-685-6633\">g\u1ecdi cho ch\u00fang t\u00f4i<\/a><\/b> \u0111\u1ec3 xem li\u1ec7u ch\u00fang t\u00f4i c\u00f3 ch\u1ea5p nh\u1eadn \u0111\u00f3ng g\u00f3p hay \u0111\u00f3ng g\u00f3p tr\u1ef1c ti\u1ebfp cho V\u01b0\u1eddn \u01b0\u01a1m.<\/p>\n\n\n<p><a  class=\"x-btn x-btn-flat x-btn-global\"  href=\"https:\/\/bayareacrisisnursery.app.neoncrm.com\/np\/clients\/bayareacrisisnursery\/donation.jsp?campaign=281&\"     data-options=\"thumbnail: ''\">Quy\u00ean g\u00f3p ngay h\u00f4m nay!<\/a> <\/div><\/div>\n<\/div><\/div><\/div><\/div><div class=\"x-section e6604-e22 m53g-0 m53g-4 m53g-6\"><div class=\"x-row e6604-e23 m53g-7 m53g-8 m53g-9 m53g-f\"><div class=\"x-row-inner\"><div class=\"x-col e6604-e24 m53g-h m53g-i\"><div class=\"x-text x-text-headline e6604-e25 m53g-q m53g-r m53g-t\"><div class=\"x-text-content\"><div class=\"x-text-content-text\"><h3 class=\"x-text-content-text-primary\">H\u1ed7 tr\u1ee3 BACN<\/h3>\n<\/div><\/div><\/div><\/div><\/div><\/div><div class=\"x-row e6604-e26 m53g-7 m53g-8 m53g-9 m53g-g\"><div class=\"x-row-inner\"><div class=\"x-col e6604-e27 m53g-h m53g-i m53g-k\"><a class=\"x-image e6604-e28 m53g-l m53g-n\" href=\"https:\/\/bayareacrisisnursery.app.neoncrm.com\/forms\/donate\" target=\"_blank\" rel=\"noopener noreferrer\"><img decoding=\"async\" src=\"https:\/\/bayareacrisisnursery.org\/wp-content\/uploads\/2022\/08\/Piggy-Bank.jpg\" width=\"600\" height=\"400\" alt=\"Donate Today\" loading=\"lazy\"><\/a><div class=\"x-text x-text-headline e6604-e29 m53g-p m53g-q m53g-u\"><div class=\"x-text-content\"><div class=\"x-text-content-text\"><h3 class=\"x-text-content-text-primary\"><a href=\"https:\/\/bayareacrisisnursery.app.neoncrm.com\/forms\/donate\" data-wplink-edit=\"true\">Quy\u00ean g\u00f3p ngay h\u00f4m nay!<\/a><\/h3>\n<\/div><\/div><\/div><\/div><div class=\"x-col e6604-e30 m53g-h m53g-i m53g-k\"><a class=\"x-image e6604-e31 m53g-l m53g-n m53g-o\" href=\"https:\/\/mailchi.mp\/bayareacrisisnursery\/newsletter?dnt=1%22%20data-wplink-edit=%22true%22\" target=\"_blank\" rel=\"noopener noreferrer\"><img decoding=\"async\" src=\"https:\/\/bayareacrisisnursery.org\/wp-content\/uploads\/2022\/08\/News.jpg\" width=\"600\" height=\"400\" alt=\"Newsletter\" loading=\"lazy\"><\/a><div class=\"x-text x-text-headline e6604-e32 m53g-p m53g-q m53g-u\"><div class=\"x-text-content\"><div class=\"x-text-content-text\"><h3 class=\"x-text-content-text-primary\"><p><a href=\"https:\/\/mailchi.mp\/bayareacrisisnursery\/newsletter?dnt=1\" data-wplink-edit=\"true\">\u0110\u0103ng k\u00fd \u0111\u1ec3 gi\u1eef li\u00ean l\u1ea1c<\/a><\/p><\/h3>\n<\/div><\/div><\/div><\/div><\/div><\/div><\/div><\/div>","protected":false},"excerpt":{"rendered":"<p>$150,000 APPROXIMATELY $150,000 WORTH OF ITEMS ARE DONATED TO THE NURSERY ANNUALLY. EVERYTHING IS GIVEN TO OUR CHILDREN AND FAMILIES AT NO COST!We continue to meet the basic needs of our clients with the BACN Boutique. It\u2019s all thanks to our generous corporate and community donors. Our fully stocked, boutique has children\u2019s furniture, toys, books, clothes, and much more for &#8230; <a href=\"https:\/\/bayareacrisisnursery.org\/vi\/programs\/bacn-boutique\/\" class=\"more-link\">\u0110\u1ecdc th\u00eam<\/a><\/p>","protected":false},"author":1,"featured_media":0,"parent":186,"menu_order":4,"comment_status":"closed","ping_status":"closed","template":"template-layout-full-width.php","meta":{"om_disable_all_campaigns":false,"_monsterinsights_skip_tracking":false,"_monsterinsights_sitenote_active":false,"_monsterinsights_sitenote_note":"","_monsterinsights_sitenote_category":0,"_uf_show_specific_survey":0,"_uf_disable_surveys":false,"footnotes":""},"class_list":["post-6604","page","type-page","status-publish","hentry","no-post-thumbnail"],"yoast_head":"<!-- This site is optimized with the Yoast SEO Premium plugin v27.2 (Yoast SEO v27.2) - https:\/\/yoast.com\/product\/yoast-seo-premium-wordpress\/ -->\n<title>The BACN Boutique- Bay Area Crisis Nursery<\/title>\n<meta name=\"description\" content=\"The BACN Boutique offers free clothing for children and adults, shoes, books, toys, and children&#039;s equipment at no cost to the community.\" \/>\n<meta name=\"robots\" content=\"index, follow, max-snippet:-1, max-image-preview:large, max-video-preview:-1\" \/>\n<link rel=\"canonical\" href=\"https:\/\/bayareacrisisnursery.org\/vi\/programs\/bacn-boutique\/\" \/>\n<meta property=\"og:locale\" content=\"vi_VN\" \/>\n<meta property=\"og:type\" content=\"article\" \/>\n<meta property=\"og:title\" content=\"BACN Boutique\" \/>\n<meta property=\"og:description\" content=\"The BACN Boutique offers free clothing for children and adults, shoes, books, toys, and children&#039;s equipment at no cost to the community.\" \/>\n<meta property=\"og:url\" content=\"https:\/\/bayareacrisisnursery.org\/vi\/programs\/bacn-boutique\/\" \/>\n<meta property=\"og:site_name\" content=\"Bay Area Crisis Nursery\" \/>\n<meta property=\"article:publisher\" content=\"https:\/\/www.facebook.com\/bacnspage\/\" \/>\n<meta property=\"article:modified_time\" content=\"2025-03-20T21:24:38+00:00\" \/>\n<meta name=\"twitter:card\" content=\"summary_large_image\" \/>\n<meta name=\"twitter:site\" content=\"@bacn_nursery\" \/>\n<meta name=\"twitter:label1\" content=\"\u01af\u1edbc t\u00ednh th\u1eddi gian \u0111\u1ecdc\" \/>\n\t<meta name=\"twitter:data1\" content=\"2 ph\u00fat\" \/>\n<script type=\"application\/ld+json\" class=\"yoast-schema-graph\">{\"@context\":\"https:\/\/schema.org\",\"@graph\":[{\"@type\":\"WebPage\",\"@id\":\"https:\/\/bayareacrisisnursery.org\/programs\/bacn-boutique\/\",\"url\":\"https:\/\/bayareacrisisnursery.org\/programs\/bacn-boutique\/\",\"name\":\"The BACN Boutique- Bay Area Crisis Nursery\",\"isPartOf\":{\"@id\":\"https:\/\/bayareacrisisnursery.org\/#website\"},\"datePublished\":\"2022-08-25T22:01:13+00:00\",\"dateModified\":\"2025-03-20T21:24:38+00:00\",\"description\":\"The BACN Boutique offers free clothing for children and adults, shoes, books, toys, and children's equipment at no cost to the community.\",\"breadcrumb\":{\"@id\":\"https:\/\/bayareacrisisnursery.org\/programs\/bacn-boutique\/#breadcrumb\"},\"inLanguage\":\"vi\",\"potentialAction\":[{\"@type\":\"ReadAction\",\"target\":[\"https:\/\/bayareacrisisnursery.org\/programs\/bacn-boutique\/\"]}]},{\"@type\":\"BreadcrumbList\",\"@id\":\"https:\/\/bayareacrisisnursery.org\/programs\/bacn-boutique\/#breadcrumb\",\"itemListElement\":[{\"@type\":\"ListItem\",\"position\":1,\"name\":\"Home\",\"item\":\"https:\/\/bayareacrisisnursery.org\/\"},{\"@type\":\"ListItem\",\"position\":2,\"name\":\"Our Programs\",\"item\":\"https:\/\/bayareacrisisnursery.org\/programs\/\"},{\"@type\":\"ListItem\",\"position\":3,\"name\":\"BACN Boutique\"}]},{\"@type\":\"WebSite\",\"@id\":\"https:\/\/bayareacrisisnursery.org\/#website\",\"url\":\"https:\/\/bayareacrisisnursery.org\/\",\"name\":\"Bay Area Crisis Nursery\",\"description\":\"A Little Heart. A Little Help. A Lot of Hope.\",\"publisher\":{\"@id\":\"https:\/\/bayareacrisisnursery.org\/#organization\"},\"potentialAction\":[{\"@type\":\"SearchAction\",\"target\":{\"@type\":\"EntryPoint\",\"urlTemplate\":\"https:\/\/bayareacrisisnursery.org\/?s={search_term_string}\"},\"query-input\":{\"@type\":\"PropertyValueSpecification\",\"valueRequired\":true,\"valueName\":\"search_term_string\"}}],\"inLanguage\":\"vi\"},{\"@type\":\"Organization\",\"@id\":\"https:\/\/bayareacrisisnursery.org\/#organization\",\"name\":\"Bay Area Crisis Nursery\",\"url\":\"https:\/\/bayareacrisisnursery.org\/\",\"logo\":{\"@type\":\"ImageObject\",\"inLanguage\":\"vi\",\"@id\":\"https:\/\/bayareacrisisnursery.org\/#\/schema\/logo\/image\/\",\"url\":\"https:\/\/bayareacrisisnursery.org\/wp-content\/uploads\/2020\/12\/BACN-Logo.png\",\"contentUrl\":\"https:\/\/bayareacrisisnursery.org\/wp-content\/uploads\/2020\/12\/BACN-Logo.png\",\"width\":751,\"height\":374,\"caption\":\"Bay Area Crisis Nursery\"},\"image\":{\"@id\":\"https:\/\/bayareacrisisnursery.org\/#\/schema\/logo\/image\/\"},\"sameAs\":[\"https:\/\/www.facebook.com\/bacnspage\/\",\"https:\/\/x.com\/bacn_nursery\",\"https:\/\/www.instagram.com\/bayareacrisisnursery\/\",\"https:\/\/www.linkedin.com\/company\/bay-area-crisis-nursery\/about\/\"]}]}<\/script>\n<!-- \/ Yoast SEO Premium plugin. -->","yoast_head_json":{"title":"The BACN Boutique- Bay Area Crisis Nursery","description":"The BACN Boutique offers free clothing for children and adults, shoes, books, toys, and children's equipment at no cost to the community.","robots":{"index":"index","follow":"follow","max-snippet":"max-snippet:-1","max-image-preview":"max-image-preview:large","max-video-preview":"max-video-preview:-1"},"canonical":"https:\/\/bayareacrisisnursery.org\/vi\/programs\/bacn-boutique\/","og_locale":"vi_VN","og_type":"article","og_title":"BACN Boutique","og_description":"The BACN Boutique offers free clothing for children and adults, shoes, books, toys, and children's equipment at no cost to the community.","og_url":"https:\/\/bayareacrisisnursery.org\/vi\/programs\/bacn-boutique\/","og_site_name":"Bay Area Crisis Nursery","article_publisher":"https:\/\/www.facebook.com\/bacnspage\/","article_modified_time":"2025-03-20T21:24:38+00:00","twitter_card":"summary_large_image","twitter_site":"@bacn_nursery","twitter_misc":{"\u01af\u1edbc t\u00ednh th\u1eddi gian \u0111\u1ecdc":"2 ph\u00fat"},"schema":{"@context":"https:\/\/schema.org","@graph":[{"@type":"WebPage","@id":"https:\/\/bayareacrisisnursery.org\/programs\/bacn-boutique\/","url":"https:\/\/bayareacrisisnursery.org\/programs\/bacn-boutique\/","name":"The BACN Boutique- Bay Area Crisis Nursery","isPartOf":{"@id":"https:\/\/bayareacrisisnursery.org\/#website"},"datePublished":"2022-08-25T22:01:13+00:00","dateModified":"2025-03-20T21:24:38+00:00","description":"The BACN Boutique offers free clothing for children and adults, shoes, books, toys, and children's equipment at no cost to the community.","breadcrumb":{"@id":"https:\/\/bayareacrisisnursery.org\/programs\/bacn-boutique\/#breadcrumb"},"inLanguage":"vi","potentialAction":[{"@type":"ReadAction","target":["https:\/\/bayareacrisisnursery.org\/programs\/bacn-boutique\/"]}]},{"@type":"BreadcrumbList","@id":"https:\/\/bayareacrisisnursery.org\/programs\/bacn-boutique\/#breadcrumb","itemListElement":[{"@type":"ListItem","position":1,"name":"Home","item":"https:\/\/bayareacrisisnursery.org\/"},{"@type":"ListItem","position":2,"name":"Our Programs","item":"https:\/\/bayareacrisisnursery.org\/programs\/"},{"@type":"ListItem","position":3,"name":"BACN Boutique"}]},{"@type":"WebSite","@id":"https:\/\/bayareacrisisnursery.org\/#website","url":"https:\/\/bayareacrisisnursery.org\/","name":"V\u01b0\u1eddn \u01b0\u01a1m Kh\u1ee7ng ho\u1ea3ng V\u00f9ng V\u1ecbnh","description":"M\u1ed9t Tr\u00e1i Tim Nh\u1ecf. M\u1ed9t s\u1ef1 gi\u00fap \u0111\u1ee1 nho nh\u1ecf. R\u1ea5t nhi\u1ec1u hy v\u1ecdng.","publisher":{"@id":"https:\/\/bayareacrisisnursery.org\/#organization"},"potentialAction":[{"@type":"SearchAction","target":{"@type":"EntryPoint","urlTemplate":"https:\/\/bayareacrisisnursery.org\/?s={search_term_string}"},"query-input":{"@type":"PropertyValueSpecification","valueRequired":true,"valueName":"search_term_string"}}],"inLanguage":"vi"},{"@type":"Organization","@id":"https:\/\/bayareacrisisnursery.org\/#organization","name":"V\u01b0\u1eddn \u01b0\u01a1m Kh\u1ee7ng ho\u1ea3ng V\u00f9ng V\u1ecbnh","url":"https:\/\/bayareacrisisnursery.org\/","logo":{"@type":"ImageObject","inLanguage":"vi","@id":"https:\/\/bayareacrisisnursery.org\/#\/schema\/logo\/image\/","url":"https:\/\/bayareacrisisnursery.org\/wp-content\/uploads\/2020\/12\/BACN-Logo.png","contentUrl":"https:\/\/bayareacrisisnursery.org\/wp-content\/uploads\/2020\/12\/BACN-Logo.png","width":751,"height":374,"caption":"Bay Area Crisis Nursery"},"image":{"@id":"https:\/\/bayareacrisisnursery.org\/#\/schema\/logo\/image\/"},"sameAs":["https:\/\/www.facebook.com\/bacnspage\/","https:\/\/x.com\/bacn_nursery","https:\/\/www.instagram.com\/bayareacrisisnursery\/","https:\/\/www.linkedin.com\/company\/bay-area-crisis-nursery\/about\/"]}]}},"_links":{"self":[{"href":"https:\/\/bayareacrisisnursery.org\/vi\/wp-json\/wp\/v2\/pages\/6604","targetHints":{"allow":["GET"]}}],"collection":[{"href":"https:\/\/bayareacrisisnursery.org\/vi\/wp-json\/wp\/v2\/pages"}],"about":[{"href":"https:\/\/bayareacrisisnursery.org\/vi\/wp-json\/wp\/v2\/types\/page"}],"author":[{"embeddable":true,"href":"https:\/\/bayareacrisisnursery.org\/vi\/wp-json\/wp\/v2\/users\/1"}],"replies":[{"embeddable":true,"href":"https:\/\/bayareacrisisnursery.org\/vi\/wp-json\/wp\/v2\/comments?post=6604"}],"version-history":[{"count":11,"href":"https:\/\/bayareacrisisnursery.org\/vi\/wp-json\/wp\/v2\/pages\/6604\/revisions"}],"predecessor-version":[{"id":7352,"href":"https:\/\/bayareacrisisnursery.org\/vi\/wp-json\/wp\/v2\/pages\/6604\/revisions\/7352"}],"up":[{"embeddable":true,"href":"https:\/\/bayareacrisisnursery.org\/vi\/wp-json\/wp\/v2\/pages\/186"}],"wp:attachment":[{"href":"https:\/\/bayareacrisisnursery.org\/vi\/wp-json\/wp\/v2\/media?parent=6604"}],"curies":[{"name":"wp","href":"https:\/\/api.w.org\/{rel}","templated":true}]}}